{"id":1880,"date":"2023-09-28T16:10:43","date_gmt":"2023-09-28T14:10:43","guid":{"rendered":"https:\/\/nubialabs.com\/?page_id=1880"},"modified":"2023-10-05T17:44:00","modified_gmt":"2023-10-05T15:44:00","slug":"politica-de-privacitat","status":"publish","type":"page","link":"https:\/\/nubialabs.com\/ca\/politica-de-privacitat\/","title":{"rendered":"Pol\u00edtica de Privacitat"},"content":{"rendered":"\t\t<div data-elementor-type=\"wp-page\" data-elementor-id=\"1880\" class=\"elementor elementor-1880 elementor-978\">\n\t\t\t\t<div class=\"elementor-element elementor-element-6dffd56 e-flex e-con-boxed e-con e-parent\" data-id=\"6dffd56\" data-element_type=\"container\">\n\t\t\t\t\t<div class=\"e-con-inner\">\n\t\t\t\t<div class=\"elementor-element elementor-element-953cc5b elementor-widget elementor-widget-text-editor\" data-id=\"953cc5b\" data-element_type=\"widget\" data-widget_type=\"text-editor.default\">\n\t\t\t\t<div class=\"elementor-widget-container\">\n\t\t\t\t\t\t\t\t\t<p><strong>Introducci\u00f3<\/strong><br \/>La seva privacitat \u00e9s important per a nosaltres, aix\u00ed que, mitjan\u00e7ant aquest document, li expliquem com\u00a0NUBIALABS\u00a0recopila les seves dades, quals recollim i com els utilitzem i per a qu\u00e8, quan utilitza el nostre lloc web, plataforma i\/o serveis que li vinculen a aquesta pol\u00edtica quan interactua amb nosaltres.<br \/>Per a la seva informaci\u00f3, mai demanarem m\u00e9s informaci\u00f3 de la que realment necessitarem per als serveis requerits; mai la compartirem amb tercers, excepte per obligaci\u00f3 legal, requeriment judicial o sol\u00b7licitant-li la seva autoritzaci\u00f3 pr\u00e8via; i mai utilitzarem les seves dades per a una altra finalitat no indicada pr\u00e8viament.<br \/>Com a usuaris:<br \/>Clients: S\u00f3n aquells que contracten els nostres serveis i\/o productes. D&#8217;ells, recopilem el nom de l&#8217;empresa, l&#8217;adre\u00e7a fiscal, les dades de facturaci\u00f3, el correu electr\u00f2nic, el n\u00famero de tel\u00e8fon, l&#8217;adre\u00e7a IP i, en el seu cas, el nom d&#8217;usuari en les xarxes socials d&#8217;aquells empleats amb els quals\u00a0NUBIA\u00a0LABS\u00a0interactua o ha interactuat.<br \/>Hauran de llegir atentament aquesta Pol\u00edtica de privacitat de manera regular, i sempre que introdueixi les seves dades personals, ja que aquest document pot sofrir modificacions ja que el prestador pot modificar qualsevol tipus d&#8217;informaci\u00f3 que pogu\u00e9s apar\u00e8ixer en la web per a complir amb la normativa o actualitzar la pol\u00edtica, i sense que existeixi l&#8217;obligaci\u00f3 de preavisar o posar en coneixement dels usuaris aquestes obligacions, sent suficients la publicaci\u00f3 en el lloc web del prestador.<br \/>Tractament de les dades de residents en l&#8217;Espai Econ\u00f2mic Europeu, el Regne Unit i Su\u00efssa.<br \/><br \/><\/p><p><strong>Responsable del Tractament<\/strong><br \/>Identitat: Asociaci\u00f3n Encontrarte (d&#8217;ara endavant NUBIALABS i tamb\u00e9 el prestador, indistintament)<br \/>NIF: G66433111<br \/>Adre\u00e7a postal: c\/ Espronceda 326, nau 4,5, 08027, Barcelona<br \/>Correu electr\u00f2nic:<a href=\"mailto:info@nubialabs.com\"> info@nubialabs.com<\/a><\/p><p>NUBIALABS, com a responsable del lloc web, de conformitat amb el que es disposa en el Reglament (UE) 2016\/679 de 27 d&#8217;abril de 2016 (RGPD)\u00a0relatiu a la protecci\u00f3 de les persones f\u00edsiques pel que fa al tractament de dades personals ja la lliure circulaci\u00f3 d&#8217;aquestes dades i altra normativa vigent en mat\u00e8ria de protecci\u00f3 de dades personals, i per la Llei 34\/2002, d&#8217;11 de juliol, de Serveis de la Societat de la Informaci\u00f3 i del Comer\u00e7 Electr\u00f2nic (LSSICE), l&#8217;informa que t\u00e9 implementades les mesures de seguretat necess\u00e0ries, d&#8217;\u00edndole t\u00e8cnica i organitzatives, per a garantir i protegir la confidencialitat, integritat i disponibilitat de les dades introdu\u00efdes.<br \/><br \/><\/p><p><strong>M\u00e8tode d&#8217;Obtenci\u00f3 de les Dades i dades que recaptem<\/strong><br \/>Les dades que recollim i com les obtenim \u00e9s la seg\u00fcent:<br \/>1. mitjan\u00e7ant el formulari de contacte, \u201cContacte\u201d: nom i cognom, email.<br \/>2. mitjan\u00e7ant xat: nom, email, tel\u00e8fon<br \/>3. mitjan\u00e7ant el formulari de subscripci\u00f3 a la\u00a0newsletter: email<br \/>4. Mitjan\u00e7ant l&#8217;enviament del CV: nom i cognoms, emails, DNI, tel\u00e8fon, adre\u00e7a, dades professi\u00f3, experi\u00e8ncia, CV<br \/><br \/><\/p><p><strong>Finalitat del tractament<\/strong><br \/>Les seves dades personals nom\u00e9s s&#8217;utilitzaran per a les seg\u00fcents finalitats, prestant el seu consentiment per a cadascuna de les finalitats en l&#8217;apartat corresponent de la web, app o en el document corresponent:<br \/>1. formulari de contacte, formulari \u201cconeix el nostre servei\u201d i formulari \u201cconeix el nostre producte\u201d: per a respondre a les consultes i\/o proporcionar informacions requerides per l&#8217;Usuari;<br \/>2. registre: per a la creaci\u00f3 per part del prestador d&#8217;un compte d&#8217;usuari i que el client pugui accedir a l&#8217;app web.<br \/>3. mitjan\u00e7ant xat: per a respondre als consultes i\/o proporcionar informacions requerides per l&#8217;Usuari;<br \/>4. formulari de subscripci\u00f3 a la\u00a0newsletter: per a remetre les comunicacions comercials publicit\u00e0ries per email, SMS, comunitats socials o qualsevol altre mitj\u00e0 electr\u00f2nic o f\u00edsic, en cas que l&#8217;Usuari l&#8217;hagi consentit expressament;<br \/>5. formulari d&#8217;enviament del CV: finalitat de fer part\u00edcip a l&#8217;interessat en els processos de selecci\u00f3 de personal oberts actualment o per a futurs processos en el qual el candidat pugui encaixar.<br \/>6. Altres finalitats:<br \/>o Realitzar les gestions comercials, administratives, fiscals, comptables que siguin necess\u00e0ries en virtut de la legislaci\u00f3 vigent;<br \/>o Con\u00e8ixer la seva opini\u00f3 i millorar els serveis prestats per la web;<br \/>o Realitzaci\u00f3 d&#8217;an\u00e0lisi d&#8217;usabilitat de la web, a trav\u00e9s de les cookies (esmentades en la pol\u00edtica de cookies);<br \/>o Xarxes socials: en l&#8217;apartat corresponent s&#8217;especifica l&#8217;\u00fas de les xarxes socials.<br \/>Pot revocar en qualsevol moment el seu consentiment remetent un escrit amb l&#8217;assumpte \u00abBaixa\u00bb en el mail ressenyat.<br \/>D&#8217;acord amb la\u00a0LSSICE,\u00a0NUBIALABS\u00a0no realitza pr\u00e0ctiques de\u00a0SPAM, per tant, no envia correus comercials per e-mail que no hagin estat pr\u00e8viament sol\u00b7licitats o autoritzats per l&#8217;Usuari. En conseq\u00fc\u00e8ncia, en totes les comunicacions que rebr\u00e0 del prestador, l&#8217;usuari t\u00e9 la possibilitat de cancel\u00b7lar el seu consentiment expr\u00e9s per a rebre les nostres comunicacions.<br \/>No tractarem les seves dades personals per a cap altre fi de les descrites excepte per obligaci\u00f3 legal o requeriment judicial.<br \/>No ser\u00e0 objecte de decisions basades en tractaments automatitzats que produeixin efectes sobre les seves dades.<br \/><br \/><\/p><p><strong>Legitimaci\u00f3 del tractament<\/strong><br \/>La base legal per al tractament de les dades \u00e9s el seu consentiment atorgat en el moment de donar les seves dades en el formulari corresponent per a dur a terme les finalitats, en el moment de marcaci\u00f3 de la casella de verificaci\u00f3.<br \/>El no facilitar les dades personals sol\u00b7licitades o el no acceptar la present pol\u00edtica de privacitat suposa la impossibilitat d&#8217;aconseguir les finalitats anteriorment descrites.<br \/>En els casos en qu\u00e8 hi hagi una pr\u00e8via relaci\u00f3 contractual entre les parts, la legitimaci\u00f3 per al desenvolupament de les obligacions administratives, fiscals, comptables i laborals que siguin necess\u00e0ries en virtut de la legislaci\u00f3 vigent ser\u00e0 l&#8217;exist\u00e8ncia pr\u00e8via de la relaci\u00f3 comercial establerta entre les parts.<br \/>L&#8217;oferta prospectiva o comercial de productes i serveis est\u00e0 basada en el consentiment que se li sol\u00b7licita, sense que en cap cas la retirada d&#8217;aquest consentiment condicioni l&#8217;execuci\u00f3 del contracte de subscripci\u00f3.<br \/><br \/><\/p><p><strong>Termini de conservaci\u00f3 de les dades<\/strong><br \/>Les seves dades es conservaran mentre duri la relaci\u00f3 comercial amb nosaltres o exerceix el seu dret de cancel\u00b7laci\u00f3 o oposici\u00f3, o limitaci\u00f3 al tractament. No obstant aix\u00f2, conservarem les seves dades en els terminis legalment previstos en les disposicions aplicables.<br \/><br \/><\/p><p><strong>Destinataris de cessions o transfer\u00e8ncies<\/strong><br \/>NUBIALABS\u00a0no duu a terme cap cessi\u00f3 o comunicaci\u00f3 de dades ni dins ni fora de la UE. El prestador \u00fanicament facilitar\u00e0 informaci\u00f3 a les forces i cossos de seguretat sota ordre judicial o per obligaci\u00f3 d&#8217;una norma legal, sense perjudici de poder bloquejar o cancel\u00b7lar el seu compte si pot haver-hi indicis de la comissi\u00f3 d&#8217;algun delicte per part de l&#8217;usuari. La informaci\u00f3 facilitada ser\u00e0 nom\u00e9s la que disposi en aquest moment el prestador.<br \/>La informaci\u00f3 que ens proporcioni tant a trav\u00e9s d&#8217;aquest lloc web com a trav\u00e9s de l&#8217;aplicaci\u00f3 ser\u00e0 allotjada en els servidors de\u00a0NUBIALABS, contractats a l&#8217;empresa que presta el servei d&#8217;allotjament de la web. El tractament de les dades de l&#8217;entitat es troba regulat mitjan\u00e7ant un contracte d&#8217;encarregat del tractament entre el prestador i aquesta empresa.<br \/>Aix\u00ed mateix, el prestador utilitza determinades eines per a prestar serveis necessaris per al desenvolupament de l&#8217;activitat, podent emmagatzemar les seves dades. Aquestes eines s\u00f3n les seg\u00fcents:<br \/>Google\u00a0Analytics: per a realitzar una an\u00e0lisi i m\u00e8trica de l&#8217;\u00fas que els usuaris fan de la web a trav\u00e9s de les cookies. La informaci\u00f3 que generen i recopilen aquestes cookies sobre l&#8217;\u00fas (incloent l&#8217;adre\u00e7a IP) ser\u00e0 directament transmesa i arxivada per Google Inc., situada a Delaware, 1600\u00a0Amphitheatre\u00a0Parkway, muntar\u00e9\u00a0View\u00a0(Calif\u00f2rnia), CA 94043 dels Estats Units ( \u00bb Google \u00ab), en els seus servidors dels Estats Units.<br \/><br \/><\/p><p><strong>Drets de les persones interessades<\/strong><br \/>Com a usuari-interessat, pot sol\u00b7licitar l&#8217;exercici dels seg\u00fcents drets davant\u00a0NUBIALABS\u00a0presentant un escrit a l&#8217;adre\u00e7a postal de l&#8217;encap\u00e7alament o enviant un correu electr\u00f2nic a info@nubialabs.com, indicant com a Assumpte: \u00abPROTECCI\u00d3 DE DADES: DRETS DELS AFECTATS \u00ab, i adjuntant fotoc\u00f2pia del seu DNI o qualsevol mitj\u00e0 an\u00e0leg en dret, tal com indica la llei.<br \/>Drets:<br \/>\u2022 Dret d&#8217;acc\u00e9s: permet a l&#8217;interessat con\u00e8ixer i obtenir informaci\u00f3 sobre les seves dades de car\u00e0cter personal sotmesos a tractament.<br \/>\u2022 Dret de rectificaci\u00f3 o supressi\u00f3: permet corregir errors i modificar les dades que resultin ser inexactes o incomplets<br \/>\u2022 Dret de cancel\u00b7laci\u00f3: permet que se suprimeixin les dades que siguin inadequats o excessius<br \/>\u2022 Dret d&#8217;oposici\u00f3: dret de l&#8217;interessat al fet que no es dugui a terme el tractament de les seves dades de car\u00e0cter personal o se cessi en aquest.<br \/>\u2022 Limitaci\u00f3 del tractament: comporta el marcat de les dades personals conservades, amb la finalitat de limitar el seu futur tractament, per a l&#8217;exercici o la defensa de reclamacions.<br \/>\u2022 Portabilitat de les dades: facilitaci\u00f3 de les dades objecte de tractament a l&#8217;interessat, perqu\u00e8 aquest pugui transmetre a un altre responsable, sense impediments.<br \/>\u2022 Dret a no ser objecte de decisions individuals automatitzades (inclosa l&#8217;elaboraci\u00f3 de perfils): dret a no ser objecte d&#8217;una decisi\u00f3 basada en el tractament automatitzat que produeixi efectes o afecti significativament<br \/>Com a usuari, t\u00e9 dret a retirar el consentiment donat en qualsevol moment. La retirada del consentiment no afectar\u00e0 la licitud del tractament efectuat abans de la retirada del consentiment.<br \/>Tamb\u00e9 t\u00e9 dret a presentar una reclamaci\u00f3 davant l&#8217;autoritat de control del seu lloc de resid\u00e8ncia si considera que poden haver-se vist vulnerats els seus drets en relaci\u00f3 a la protecci\u00f3 de les seves dades. Per a obtenir informaci\u00f3 de contacte de la seva autoritat de protecci\u00f3 de dades local, consulti els enlla\u00e7os a continuaci\u00f3:<br \/>\u2022 Per a persones en el\u00a0EEE: http:\/\/ec.europa.eu\/justice\/data-protection\/article-29\/structure\/data-protection-authorities\/index_en.htm<br \/>\u2022 Per a persones al Regne Unit: https:\/\/ico.org.uk\/global\/contact-us\/<br \/>\u2022 Per a persones a Su\u00efssa: https:\/\/www.edoeb.admin.ch\/edoeb\/en\/home\/the-fdpic\/contact.html<br \/><br \/><\/p><p><strong>Informaci\u00f3 Addicional<\/strong><br \/>MESURES DE SEGURETAT:<br \/>Les dades que ens faciliti es tractaran de manera confidencial. El prestador ha adoptat totes les mesures t\u00e8cniques i organitzatives i tots els nivells de protecci\u00f3 necessaris per a garantir la seguretat en el tractament de les dades i evitar la seva alteraci\u00f3, p\u00e8rdua, robatori, tractament o acc\u00e9s no autoritzat, d&#8217;acord amb l&#8217;estat de la tecnologia i naturalesa de les dades emmagatzemades. Aix\u00ed mateix, es garanteix tamb\u00e9 que el tractament i registre en fitxers, programes, sistemes o equips, locals i centres compleixen amb els requisits i condicions d&#8217;integritat i seguretat establertes en la normativa vigent.<br \/><br \/><\/p><p><strong>Xarxes Socials<\/strong><br \/>L&#8217;informem que\u00a0NUBIALABS\u00a0pot tenir pres\u00e8ncia en xarxes socials. El tractament de les dades que es dugui a terme de les persones que es facin seguidores en les xarxes socials (i \/ o realitzin qualsevol vincle o acci\u00f3 de connexi\u00f3 a trav\u00e9s de les xarxes socials) de les p\u00e0gines oficials de\u00a0NUBIALABS\u00a0es regir\u00e0 per aquest apartat, aix\u00ed com per a aquelles condicions d&#8217;\u00fas, pol\u00edtiques de privacitat i normatives d&#8217;acc\u00e9s que pertanyin a la xarxa social que procedeixi en cada cas i acceptades pr\u00e8viament per l&#8217;usuari.<br \/>NUBIALABS\u00a0tractar\u00e0 les seves dades amb les finalitats d&#8217;administrar correctament la seva pres\u00e8ncia en la xarxa social, informant d&#8217;activitats, productes o serveis del prestador, aix\u00ed com per a qualsevol altra finalitat que les normatives de les Xarxes Socials permetin.<br \/>Queda prohibida la publicaci\u00f3 de continguts:<br \/>\u2013 Que siguin presumptament il\u00b7l\u00edcits per la normativa nacional, comunit\u00e0ria o internacional o que realitzin activitats presumptament il\u00b7l\u00edcites o contravinguin els principis de la bona fe.<br \/>Que atemptin contra els drets fonamentals de les persones, faltin a la cortesia en la xarxa, molestin o puguin generar opinions negatives en els nostres usuaris o tercers i en general qualssevol siguin els continguts que\u00a0NUBIALABS\u00a0consideri inapropiats.<br \/>\u2013 I en general que contravinguin els principis de legalitat, honradesa, responsabilitat, protecci\u00f3 de la dignitat humana, protecci\u00f3 de menors, protecci\u00f3 de l&#8217;ordre p\u00fablic, la protecci\u00f3 de la vida privada, la protecci\u00f3 del consumidor i els drets de propietat intel\u00b7lectual i industrial.<br \/>Aix\u00ed mateix,\u00a0NUBIALABS\u00a0es reserva la potestat de retirar, sense previ av\u00eds del lloc web o de la xarxa social corporativa aquells continguts que es consideren inadequats.<br \/>En tot cas, si Vost\u00e8 remet informaci\u00f3 personal a trav\u00e9s de la xarxa social,\u00a0NUBIALABS\u00a0quedar\u00e0 exempt de responsabilitat en relaci\u00f3 amb les mesures de seguretat aplicables a la present plataforma i l&#8217;usuari, en cas de voler con\u00e8ixer-les, ha de consultar les corresponents condicions particulars de la xarxa en q\u00fcesti\u00f3.<br \/><br \/><\/p><p><strong>Canvis en la present Pol\u00edtica de Privacitat<\/strong><br \/>NUBIALABS\u00a0es reserva el dret a modificar la present pol\u00edtica per a adaptar-la a novetats legislatives o jurisprudencials. Si fem canvis, li ho notificarem modificant la data en la part superior d&#8217;aquesta pol\u00edtica, i en alguns casos podem indicar-li-ho amb un av\u00eds addicional (agregant la nostra declaraci\u00f3 a la p\u00e0gina d&#8217;inici). Ha de revisar peri\u00f2dicament la pol\u00edtica de privacitat cada vegada que accedeixi als nostres serveis o interactui amb nosaltres per a mantenir-se informat sobre les nostres pol\u00edtiques d&#8217;informaci\u00f3 i les opcions disponibles per a vost\u00e8 com a usuari.<br \/><br \/><\/p><p><strong>Revocabilitat<\/strong><br \/>El consentiment prestat, tant pel tractament com per a la cessi\u00f3 de les dades dels interessats, \u00e9s revocable en qualsevol moment comunicant-lo a\u00a0NUBIALABS\u00a0en els termes establerts en aquesta Pol\u00edtica per a l&#8217;exercici dels drets. Aquesta revocaci\u00f3 en cap cas tindr\u00e0 car\u00e0cter retroactiu.<br \/><br \/><\/p><p><strong>Legislaci\u00f3<\/strong><br \/>Amb car\u00e0cter general les relacions entre\u00a0NUBIALABS\u00a0amb els Usuaris dels seus serveis telem\u00e0tics, presents en aquesta web, estan sotmesos a la legislaci\u00f3 i jurisdicci\u00f3 espanyola a la qual se sotmeten expressament les parts, sent competents per a la resoluci\u00f3 de tots els conflictes derivats o relacionats amb el seu \u00fas els Jutjats i Tribunals de Barcelona.<\/p>\t\t\t\t\t\t\t\t<\/div>\n\t\t\t\t<\/div>\n\t\t\t\t\t<\/div>\n\t\t\t\t<\/div>\n\t\t\t\t<\/div>\n\t\t","protected":false},"excerpt":{"rendered":"<p>Introducci\u00f3 La seva privacitat \u00e9s important per a nosaltres, aix\u00ed que, mitjan\u00e7ant aquest document, li expliquem com\u00a0NUBIALABS\u00a0recopila les seves dades, quals recollim i com els utilitzem<span class=\"excerpt-hellip\"> [\u2026]<\/span><\/p>\n","protected":false},"author":3,"featured_media":0,"parent":0,"menu_order":0,"comment_status":"closed","ping_status":"closed","template":"","meta":{"footnotes":""},"class_list":["post-1880","page","type-page","status-publish","hentry"],"yoast_head":"<!-- This site is optimized with the Yoast SEO plugin v25.5 - https:\/\/yoast.com\/wordpress\/plugins\/seo\/ -->\n<title>Pol\u00edtica de privacitat - NubiaLabs<\/title>\n<meta name=\"description\" content=\"Informa&#039;t del tractament que realitzem de les teves dades personals per a garantir la teva seguretat. Tota la informaci\u00f3 aqu\u00ed.\" \/>\n<meta name=\"robots\" content=\"index, follow, max-snippet:-1, max-image-preview:large, max-video-preview:-1\" \/>\n<link rel=\"canonical\" href=\"https:\/\/nubialabs.com\/ca\/politica-de-privacitat\/\" \/>\n<meta property=\"og:locale\" content=\"ca_ES\" \/>\n<meta property=\"og:type\" content=\"article\" \/>\n<meta property=\"og:title\" content=\"Pol\u00edtica de privacitat - NubiaLabs\" \/>\n<meta property=\"og:description\" content=\"Informa&#039;t del tractament que realitzem de les teves dades personals per a garantir la teva seguretat. Tota la informaci\u00f3 aqu\u00ed.\" \/>\n<meta property=\"og:url\" content=\"https:\/\/nubialabs.com\/ca\/politica-de-privacitat\/\" \/>\n<meta property=\"og:site_name\" content=\"NubiaLabs\" \/>\n<meta property=\"article:modified_time\" content=\"2023-10-05T15:44:00+00:00\" \/>\n<meta name=\"twitter:card\" content=\"summary_large_image\" \/>\n<meta name=\"twitter:label1\" content=\"Temps estimat de lectura\" \/>\n\t<meta name=\"twitter:data1\" content=\"10 minuts\" \/>\n<script type=\"application\/ld+json\" class=\"yoast-schema-graph\">{\"@context\":\"https:\/\/schema.org\",\"@graph\":[{\"@type\":\"WebPage\",\"@id\":\"https:\/\/nubialabs.com\/ca\/politica-de-privacitat\/\",\"url\":\"https:\/\/nubialabs.com\/ca\/politica-de-privacitat\/\",\"name\":\"Pol\u00edtica de privacitat - NubiaLabs\",\"isPartOf\":{\"@id\":\"https:\/\/nubialabs.com\/ca\/#website\"},\"datePublished\":\"2023-09-28T14:10:43+00:00\",\"dateModified\":\"2023-10-05T15:44:00+00:00\",\"description\":\"Informa't del tractament que realitzem de les teves dades personals per a garantir la teva seguretat. Tota la informaci\u00f3 aqu\u00ed.\",\"breadcrumb\":{\"@id\":\"https:\/\/nubialabs.com\/ca\/politica-de-privacitat\/#breadcrumb\"},\"inLanguage\":\"ca\",\"potentialAction\":[{\"@type\":\"ReadAction\",\"target\":[\"https:\/\/nubialabs.com\/ca\/politica-de-privacitat\/\"]}]},{\"@type\":\"BreadcrumbList\",\"@id\":\"https:\/\/nubialabs.com\/ca\/politica-de-privacitat\/#breadcrumb\",\"itemListElement\":[{\"@type\":\"ListItem\",\"position\":1,\"name\":\"Portada\",\"item\":\"https:\/\/nubialabs.com\/ca\/\"},{\"@type\":\"ListItem\",\"position\":2,\"name\":\"Pol\u00edtica de Privacitat\"}]},{\"@type\":\"WebSite\",\"@id\":\"https:\/\/nubialabs.com\/ca\/#website\",\"url\":\"https:\/\/nubialabs.com\/ca\/\",\"name\":\"NubiaLabs\",\"description\":\"Incubadora de proyectos art\u00edsticos\",\"publisher\":{\"@id\":\"https:\/\/nubialabs.com\/ca\/#organization\"},\"potentialAction\":[{\"@type\":\"SearchAction\",\"target\":{\"@type\":\"EntryPoint\",\"urlTemplate\":\"https:\/\/nubialabs.com\/ca\/?s={search_term_string}\"},\"query-input\":{\"@type\":\"PropertyValueSpecification\",\"valueRequired\":true,\"valueName\":\"search_term_string\"}}],\"inLanguage\":\"ca\"},{\"@type\":\"Organization\",\"@id\":\"https:\/\/nubialabs.com\/ca\/#organization\",\"name\":\"NubiaLabs\",\"url\":\"https:\/\/nubialabs.com\/ca\/\",\"logo\":{\"@type\":\"ImageObject\",\"inLanguage\":\"ca\",\"@id\":\"https:\/\/nubialabs.com\/ca\/#\/schema\/logo\/image\/\",\"url\":\"https:\/\/nubialabs.com\/wp-content\/uploads\/2023\/10\/Nubialabs_color.webp\",\"contentUrl\":\"https:\/\/nubialabs.com\/wp-content\/uploads\/2023\/10\/Nubialabs_color.webp\",\"width\":2000,\"height\":2000,\"caption\":\"NubiaLabs\"},\"image\":{\"@id\":\"https:\/\/nubialabs.com\/ca\/#\/schema\/logo\/image\/\"}}]}<\/script>\n<!-- \/ Yoast SEO plugin. -->","yoast_head_json":{"title":"Pol\u00edtica de privacitat - NubiaLabs","description":"Informa't del tractament que realitzem de les teves dades personals per a garantir la teva seguretat. Tota la informaci\u00f3 aqu\u00ed.","robots":{"index":"index","follow":"follow","max-snippet":"max-snippet:-1","max-image-preview":"max-image-preview:large","max-video-preview":"max-video-preview:-1"},"canonical":"https:\/\/nubialabs.com\/ca\/politica-de-privacitat\/","og_locale":"ca_ES","og_type":"article","og_title":"Pol\u00edtica de privacitat - NubiaLabs","og_description":"Informa't del tractament que realitzem de les teves dades personals per a garantir la teva seguretat. Tota la informaci\u00f3 aqu\u00ed.","og_url":"https:\/\/nubialabs.com\/ca\/politica-de-privacitat\/","og_site_name":"NubiaLabs","article_modified_time":"2023-10-05T15:44:00+00:00","twitter_card":"summary_large_image","twitter_misc":{"Temps estimat de lectura":"10 minuts"},"schema":{"@context":"https:\/\/schema.org","@graph":[{"@type":"WebPage","@id":"https:\/\/nubialabs.com\/ca\/politica-de-privacitat\/","url":"https:\/\/nubialabs.com\/ca\/politica-de-privacitat\/","name":"Pol\u00edtica de privacitat - NubiaLabs","isPartOf":{"@id":"https:\/\/nubialabs.com\/ca\/#website"},"datePublished":"2023-09-28T14:10:43+00:00","dateModified":"2023-10-05T15:44:00+00:00","description":"Informa't del tractament que realitzem de les teves dades personals per a garantir la teva seguretat. Tota la informaci\u00f3 aqu\u00ed.","breadcrumb":{"@id":"https:\/\/nubialabs.com\/ca\/politica-de-privacitat\/#breadcrumb"},"inLanguage":"ca","potentialAction":[{"@type":"ReadAction","target":["https:\/\/nubialabs.com\/ca\/politica-de-privacitat\/"]}]},{"@type":"BreadcrumbList","@id":"https:\/\/nubialabs.com\/ca\/politica-de-privacitat\/#breadcrumb","itemListElement":[{"@type":"ListItem","position":1,"name":"Portada","item":"https:\/\/nubialabs.com\/ca\/"},{"@type":"ListItem","position":2,"name":"Pol\u00edtica de Privacitat"}]},{"@type":"WebSite","@id":"https:\/\/nubialabs.com\/ca\/#website","url":"https:\/\/nubialabs.com\/ca\/","name":"NubiaLabs","description":"Incubadora de proyectos art\u00edsticos","publisher":{"@id":"https:\/\/nubialabs.com\/ca\/#organization"},"potentialAction":[{"@type":"SearchAction","target":{"@type":"EntryPoint","urlTemplate":"https:\/\/nubialabs.com\/ca\/?s={search_term_string}"},"query-input":{"@type":"PropertyValueSpecification","valueRequired":true,"valueName":"search_term_string"}}],"inLanguage":"ca"},{"@type":"Organization","@id":"https:\/\/nubialabs.com\/ca\/#organization","name":"NubiaLabs","url":"https:\/\/nubialabs.com\/ca\/","logo":{"@type":"ImageObject","inLanguage":"ca","@id":"https:\/\/nubialabs.com\/ca\/#\/schema\/logo\/image\/","url":"https:\/\/nubialabs.com\/wp-content\/uploads\/2023\/10\/Nubialabs_color.webp","contentUrl":"https:\/\/nubialabs.com\/wp-content\/uploads\/2023\/10\/Nubialabs_color.webp","width":2000,"height":2000,"caption":"NubiaLabs"},"image":{"@id":"https:\/\/nubialabs.com\/ca\/#\/schema\/logo\/image\/"}}]}},"_links":{"self":[{"href":"https:\/\/nubialabs.com\/ca\/wp-json\/wp\/v2\/pages\/1880","targetHints":{"allow":["GET"]}}],"collection":[{"href":"https:\/\/nubialabs.com\/ca\/wp-json\/wp\/v2\/pages"}],"about":[{"href":"https:\/\/nubialabs.com\/ca\/wp-json\/wp\/v2\/types\/page"}],"author":[{"embeddable":true,"href":"https:\/\/nubialabs.com\/ca\/wp-json\/wp\/v2\/users\/3"}],"replies":[{"embeddable":true,"href":"https:\/\/nubialabs.com\/ca\/wp-json\/wp\/v2\/comments?post=1880"}],"version-history":[{"count":8,"href":"https:\/\/nubialabs.com\/ca\/wp-json\/wp\/v2\/pages\/1880\/revisions"}],"predecessor-version":[{"id":2049,"href":"https:\/\/nubialabs.com\/ca\/wp-json\/wp\/v2\/pages\/1880\/revisions\/2049"}],"wp:attachment":[{"href":"https:\/\/nubialabs.com\/ca\/wp-json\/wp\/v2\/media?parent=1880"}],"curies":[{"name":"wp","href":"https:\/\/api.w.org\/{rel}","templated":true}]}}