{"id":1900,"date":"2023-09-28T14:37:37","date_gmt":"2023-09-28T12:37:37","guid":{"rendered":"https:\/\/nubialabs.com\/?page_id=1900"},"modified":"2025-01-31T13:58:08","modified_gmt":"2025-01-31T12:58:08","slug":"nosaltres","status":"publish","type":"page","link":"https:\/\/nubialabs.com\/ca\/nosaltres\/","title":{"rendered":"Nosaltres"},"content":{"rendered":"\t\t<div data-elementor-type=\"wp-page\" data-elementor-id=\"1900\" class=\"elementor elementor-1900 elementor-921\">\n\t\t\t\t<div class=\"elementor-element elementor-element-9caf70d e-flex e-con-boxed e-con e-parent\" data-id=\"9caf70d\" data-element_type=\"container\">\n\t\t\t\t\t<div class=\"e-con-inner\">\n\t\t\t\t<div class=\"elementor-element elementor-element-247e1e0 elementor-widget elementor-widget-heading\" data-id=\"247e1e0\" data-element_type=\"widget\" data-widget_type=\"heading.default\">\n\t\t\t\t<div class=\"elementor-widget-container\">\n\t\t\t\t\t<h1 class=\"elementor-heading-title elementor-size-default\">Nosaltres<\/h1>\t\t\t\t<\/div>\n\t\t\t\t<\/div>\n\t\t\t\t\t<\/div>\n\t\t\t\t<\/div>\n\t\t<div class=\"elementor-element elementor-element-8d673c5 e-flex e-con-boxed e-con e-parent\" data-id=\"8d673c5\" data-element_type=\"container\">\n\t\t\t\t\t<div class=\"e-con-inner\">\n\t\t\t\t<div class=\"elementor-element elementor-element-f5a50e5 elementor-widget elementor-widget-image\" data-id=\"f5a50e5\" data-element_type=\"widget\" data-widget_type=\"image.default\">\n\t\t\t\t<div class=\"elementor-widget-container\">\n\t\t\t\t\t\t\t\t\t\t\t\t\t\t\t<img decoding=\"async\" src=\"https:\/\/nubialabs.com\/wp-content\/uploads\/2023\/05\/ai2-sep1.svg\" title=\"\" alt=\"\" loading=\"lazy\" \/>\t\t\t\t\t\t\t\t\t\t\t\t\t\t\t<\/div>\n\t\t\t\t<\/div>\n\t\t\t\t\t<\/div>\n\t\t\t\t<\/div>\n\t\t<div class=\"elementor-element elementor-element-fdc2950 e-flex e-con-boxed e-con e-parent\" data-id=\"fdc2950\" data-element_type=\"container\">\n\t\t\t\t\t<div class=\"e-con-inner\">\n\t\t\t\t<div class=\"elementor-element elementor-element-359a252 elementor-widget elementor-widget-text-editor\" data-id=\"359a252\" data-element_type=\"widget\" data-widget_type=\"text-editor.default\">\n\t\t\t\t<div class=\"elementor-widget-container\">\n\t\t\t\t\t\t\t\t\t<p><strong>NUBIA LAB INCUBACI\u00d3<\/strong>\u00a0\u00e9s un programa d&#8217;incubaci\u00f3 de creatius\/artistes locals per a ajudar al desenvolupament de projectes innovadors mentre s\u00f3n tutoritzats i convidats a <strong>tallers en l&#8217;\u00e0mbit tecnol\u00f2gic i art\u00edstic<\/strong> per diversos mentors. Despr\u00e9s de completar el programa, realitzaran una exposici\u00f3 dels seus projectes i es realitzar\u00e0 una selecci\u00f3 de projectes comissariats. Aix\u00ed, els projectes tindran l&#8217;oportunitat d&#8217;incorporar-se a la plataforma www.nubia.world.<br \/>Aquest programa no seria possible sense la participaci\u00f3 dels seg\u00fcents organitzadors:<\/p>\t\t\t\t\t\t\t\t<\/div>\n\t\t\t\t<\/div>\n\t\t\t\t\t<\/div>\n\t\t\t\t<\/div>\n\t\t<div class=\"elementor-element elementor-element-017c3fb e-flex e-con-boxed e-con e-parent\" data-id=\"017c3fb\" data-element_type=\"container\">\n\t\t\t\t\t<div class=\"e-con-inner\">\n\t\t<div class=\"elementor-element elementor-element-ad4de4c e-con-full e-flex e-con e-child\" data-id=\"ad4de4c\" data-element_type=\"container\">\n\t\t\t\t<div class=\"elementor-element elementor-element-792329a elementor-widget elementor-widget-image\" data-id=\"792329a\" data-element_type=\"widget\" data-widget_type=\"image.default\">\n\t\t\t\t<div class=\"elementor-widget-container\">\n\t\t\t\t\t\t\t\t\t\t\t\t\t\t\t\t<a href=\"https:\/\/www.espronceda.net\/\">\n\t\t\t\t\t\t\t<img fetchpriority=\"high\" decoding=\"async\" width=\"500\" height=\"226\" src=\"https:\/\/nubialabs.com\/wp-content\/uploads\/2023\/09\/Espronceda-logo-500x226.png\" class=\"attachment-medium size-medium wp-image-1483\" alt=\"Espronceda Logo\" srcset=\"https:\/\/nubialabs.com\/wp-content\/uploads\/2023\/09\/Espronceda-logo-500x226.png 500w, https:\/\/nubialabs.com\/wp-content\/uploads\/2023\/09\/Espronceda-logo-300x136.png 300w, https:\/\/nubialabs.com\/wp-content\/uploads\/2023\/09\/Espronceda-logo-150x68.png 150w, https:\/\/nubialabs.com\/wp-content\/uploads\/2023\/09\/Espronceda-logo-480x217.png 480w, https:\/\/nubialabs.com\/wp-content\/uploads\/2023\/09\/Espronceda-logo-e1696264885712.png 130w\" sizes=\"(max-width:767px) 480px, 500px\" \/>\t\t\t\t\t\t\t\t<\/a>\n\t\t\t\t\t\t\t\t\t\t\t\t\t\t\t<\/div>\n\t\t\t\t<\/div>\n\t\t\t\t<\/div>\n\t\t<div class=\"elementor-element elementor-element-6bf0037 e-con-full e-flex e-con e-child\" data-id=\"6bf0037\" data-element_type=\"container\">\n\t\t\t\t<div class=\"elementor-element elementor-element-56ce0a8 elementor-widget elementor-widget-text-editor\" data-id=\"56ce0a8\" data-element_type=\"widget\" data-widget_type=\"text-editor.default\">\n\t\t\t\t<div class=\"elementor-widget-container\">\n\t\t\t\t\t\t\t\t\t<p>\u00a0<\/p><p>Institut d&#8217;Art i Cultura. \u00c9s un centre de recerca i difusi\u00f3 art\u00edstica i cultural amb seu a Barcelona. Disposa d&#8217;espais expositius, \u00e0rees de tallers i allotjament per a residents.<\/p>\t\t\t\t\t\t\t\t<\/div>\n\t\t\t\t<\/div>\n\t\t\t\t<\/div>\n\t\t\t\t\t<\/div>\n\t\t\t\t<\/div>\n\t\t<div class=\"elementor-element elementor-element-17dfd9d e-flex e-con-boxed e-con e-parent\" data-id=\"17dfd9d\" data-element_type=\"container\">\n\t\t\t\t\t<div class=\"e-con-inner\">\n\t\t<div class=\"elementor-element elementor-element-8f12036 e-con-full e-flex e-con e-child\" data-id=\"8f12036\" data-element_type=\"container\">\n\t\t\t\t<div class=\"elementor-element elementor-element-10457f1 elementor-widget elementor-widget-image\" data-id=\"10457f1\" data-element_type=\"widget\" data-widget_type=\"image.default\">\n\t\t\t\t<div class=\"elementor-widget-container\">\n\t\t\t\t\t\t\t\t\t\t\t\t\t\t\t\t<a href=\"https:\/\/www.espronceda.net\/\">\n\t\t\t\t\t\t\t<img decoding=\"async\" width=\"500\" height=\"105\" src=\"https:\/\/nubialabs.com\/wp-content\/uploads\/2023\/09\/Immensiva_Logo_96pppNoBg-500x105.png\" class=\"attachment-medium size-medium wp-image-1525\" alt=\"Immensiva\" srcset=\"https:\/\/nubialabs.com\/wp-content\/uploads\/2023\/09\/Immensiva_Logo_96pppNoBg-500x105.png 500w, https:\/\/nubialabs.com\/wp-content\/uploads\/2023\/09\/Immensiva_Logo_96pppNoBg-300x63.png 300w, https:\/\/nubialabs.com\/wp-content\/uploads\/2023\/09\/Immensiva_Logo_96pppNoBg-150x31.png 150w, https:\/\/nubialabs.com\/wp-content\/uploads\/2023\/09\/Immensiva_Logo_96pppNoBg-480x101.png 480w\" sizes=\"(max-width:767px) 480px, 500px\" \/>\t\t\t\t\t\t\t\t<\/a>\n\t\t\t\t\t\t\t\t\t\t\t\t\t\t\t<\/div>\n\t\t\t\t<\/div>\n\t\t\t\t<\/div>\n\t\t<div class=\"elementor-element elementor-element-3601fb5 e-con-full e-flex e-con e-child\" data-id=\"3601fb5\" data-element_type=\"container\">\n\t\t\t\t<div class=\"elementor-element elementor-element-1f11527 elementor-widget elementor-widget-text-editor\" data-id=\"1f11527\" data-element_type=\"widget\" data-widget_type=\"text-editor.default\">\n\t\t\t\t<div class=\"elementor-widget-container\">\n\t\t\t\t\t\t\t\t\t<p>\u00a0<\/p><p>Plataforma gestionada per Espronceda per a la creaci\u00f3 i innovaci\u00f3 de projectes que exploren la immersi\u00f3, la interacci\u00f3 i la ludificaci\u00f3 mitjan\u00e7ant la participaci\u00f3 d&#8217;equips interdisciplinaris, impulsats per l&#8217;art, que treballen amb tecnologies avan\u00e7ades (VR, XR, AI, so 3D, esc\u00e0ners en temps real, sensors, rob\u00f2tica i molts altres). Els projectes s\u00f3n molt experimentals i socialment compromesos perqu\u00e8 IMMENSIVA desitja generar impacte en la comunitat i valor d&#8217;innovaci\u00f3. La xarxa i l&#8217;associaci\u00f3 amb institucions internacionals estan construint la for\u00e7a de la plataforma per a atreure talent i generar oportunitats per a la creaci\u00f3 de startups i la promoci\u00f3 internacional dels projectes desenvolupats.<\/p>\t\t\t\t\t\t\t\t<\/div>\n\t\t\t\t<\/div>\n\t\t\t\t<\/div>\n\t\t\t\t\t<\/div>\n\t\t\t\t<\/div>\n\t\t<div class=\"elementor-element elementor-element-3c276c6 e-flex e-con-boxed e-con e-parent\" data-id=\"3c276c6\" data-element_type=\"container\">\n\t\t\t\t\t<div class=\"e-con-inner\">\n\t\t<div class=\"elementor-element elementor-element-e2f6787 e-con-full e-flex e-con e-child\" data-id=\"e2f6787\" data-element_type=\"container\">\n\t\t\t\t<div class=\"elementor-element elementor-element-cdae722 elementor-widget elementor-widget-image\" data-id=\"cdae722\" data-element_type=\"widget\" data-widget_type=\"image.default\">\n\t\t\t\t<div class=\"elementor-widget-container\">\n\t\t\t\t\t\t\t\t\t\t\t\t\t\t\t\t<a href=\"https:\/\/nubia.world\/\">\n\t\t\t\t\t\t\t<img decoding=\"async\" src=\"https:\/\/nubialabs.com\/wp-content\/uploads\/elementor\/thumbs\/cropped-Nubia-logo-gradient-removebg-preview-qd4gz9tx6lp39mcnxof91zqtt0dvwq5dd99wy53o40.png\" title=\"cropped-Nubia-logo-gradient-removebg-preview.png\" alt=\"cropped-Nubia-logo-gradient-removebg-preview.png\" loading=\"lazy\" \/>\t\t\t\t\t\t\t\t<\/a>\n\t\t\t\t\t\t\t\t\t\t\t\t\t\t\t<\/div>\n\t\t\t\t<\/div>\n\t\t\t\t<\/div>\n\t\t<div class=\"elementor-element elementor-element-5bd006e e-con-full e-flex e-con e-child\" data-id=\"5bd006e\" data-element_type=\"container\">\n\t\t\t\t<div class=\"elementor-element elementor-element-ea30d4f elementor-widget elementor-widget-text-editor\" data-id=\"ea30d4f\" data-element_type=\"widget\" data-widget_type=\"text-editor.default\">\n\t\t\t\t<div class=\"elementor-widget-container\">\n\t\t\t\t\t\t\t\t\t<p>\u00a0<\/p><p>NUBIA (NFTs Universe in the Blockchain for International Artists) \u00e9s una nova plataforma llan\u00e7ada per IMMENSIVA. Els artistes convidats exploren la creaci\u00f3 del Metavers i la generaci\u00f3 de noves experi\u00e8ncies. Aquestes propostes, entre el f\u00edsic i el digital, es connecten amb l&#8217;economia blockchain, a trav\u00e9s de la generaci\u00f3 de NFTs associades a obres art\u00edstiques digitals i obres f\u00edsiques. Els Metaversos proposats pels artistes tenen les seves pr\u00f2pies regles, utilitzen la ludificaci\u00f3, la immersi\u00f3 i la interacci\u00f3 per a convidar a col\u00b7leccionistes, visitants i experts a formar part de la immensitat de NUBIA i a experimentar, interactuar i socialitzar en nous mons habitats per obres d&#8217;art acuradament seleccionades, i fant\u00e0stics avatars.<\/p>\t\t\t\t\t\t\t\t<\/div>\n\t\t\t\t<\/div>\n\t\t\t\t<\/div>\n\t\t\t\t\t<\/div>\n\t\t\t\t<\/div>\n\t\t<div class=\"elementor-element elementor-element-8a6d8fe e-flex e-con-boxed e-con e-parent\" data-id=\"8a6d8fe\" data-element_type=\"container\">\n\t\t\t\t\t<div class=\"e-con-inner\">\n\t\t\t\t\t<\/div>\n\t\t\t\t<\/div>\n\t\t\t\t<\/div>\n\t\t","protected":false},"excerpt":{"rendered":"<p>Nosaltres NUBIA LAB INCUBACI\u00d3\u00a0\u00e9s un programa d&#8217;incubaci\u00f3 de creatius\/artistes locals per a ajudar al desenvolupament de projectes innovadors mentre s\u00f3n tutoritzats i convidats a tallers en<span class=\"excerpt-hellip\"> [\u2026]<\/span><\/p>\n","protected":false},"author":2,"featured_media":0,"parent":0,"menu_order":0,"comment_status":"closed","ping_status":"closed","template":"","meta":{"footnotes":""},"class_list":["post-1900","page","type-page","status-publish","hentry"],"yoast_head":"<!-- This site is optimized with the Yoast SEO plugin v25.5 - https:\/\/yoast.com\/wordpress\/plugins\/seo\/ -->\n<title>Sobre nosaltres - NubiaLabs<\/title>\n<meta name=\"description\" content=\"Descobreix qui som i com estem impulsant l&#039;art digital en el Metavers. Uneix-te a aquesta emocionant aventura!\" \/>\n<meta name=\"robots\" content=\"index, follow, max-snippet:-1, max-image-preview:large, max-video-preview:-1\" \/>\n<link rel=\"canonical\" href=\"https:\/\/nubialabs.com\/ca\/nosaltres\/\" \/>\n<meta property=\"og:locale\" content=\"ca_ES\" \/>\n<meta property=\"og:type\" content=\"article\" \/>\n<meta property=\"og:title\" content=\"Sobre nosaltres - NubiaLabs\" \/>\n<meta property=\"og:description\" content=\"Descobreix qui som i com estem impulsant l&#039;art digital en el Metavers. Uneix-te a aquesta emocionant aventura!\" \/>\n<meta property=\"og:url\" content=\"https:\/\/nubialabs.com\/ca\/nosaltres\/\" \/>\n<meta property=\"og:site_name\" content=\"NubiaLabs\" \/>\n<meta property=\"article:modified_time\" content=\"2025-01-31T12:58:08+00:00\" \/>\n<meta property=\"og:image\" content=\"https:\/\/nubialabs.com\/wp-content\/uploads\/2023\/05\/ai2-sep1.svg\" \/>\n<meta name=\"twitter:card\" content=\"summary_large_image\" \/>\n<meta name=\"twitter:label1\" content=\"Temps estimat de lectura\" \/>\n\t<meta name=\"twitter:data1\" content=\"3 minuts\" \/>\n<script type=\"application\/ld+json\" class=\"yoast-schema-graph\">{\"@context\":\"https:\/\/schema.org\",\"@graph\":[{\"@type\":\"WebPage\",\"@id\":\"https:\/\/nubialabs.com\/ca\/nosaltres\/\",\"url\":\"https:\/\/nubialabs.com\/ca\/nosaltres\/\",\"name\":\"Sobre nosaltres - NubiaLabs\",\"isPartOf\":{\"@id\":\"https:\/\/nubialabs.com\/ca\/#website\"},\"primaryImageOfPage\":{\"@id\":\"https:\/\/nubialabs.com\/ca\/nosaltres\/#primaryimage\"},\"image\":{\"@id\":\"https:\/\/nubialabs.com\/ca\/nosaltres\/#primaryimage\"},\"thumbnailUrl\":\"https:\/\/nubialabs.com\/wp-content\/uploads\/2023\/05\/ai2-sep1.svg\",\"datePublished\":\"2023-09-28T12:37:37+00:00\",\"dateModified\":\"2025-01-31T12:58:08+00:00\",\"description\":\"Descobreix qui som i com estem impulsant l'art digital en el Metavers. Uneix-te a aquesta emocionant aventura!\",\"breadcrumb\":{\"@id\":\"https:\/\/nubialabs.com\/ca\/nosaltres\/#breadcrumb\"},\"inLanguage\":\"ca\",\"potentialAction\":[{\"@type\":\"ReadAction\",\"target\":[\"https:\/\/nubialabs.com\/ca\/nosaltres\/\"]}]},{\"@type\":\"ImageObject\",\"inLanguage\":\"ca\",\"@id\":\"https:\/\/nubialabs.com\/ca\/nosaltres\/#primaryimage\",\"url\":\"https:\/\/nubialabs.com\/wp-content\/uploads\/2023\/05\/ai2-sep1.svg\",\"contentUrl\":\"https:\/\/nubialabs.com\/wp-content\/uploads\/2023\/05\/ai2-sep1.svg\"},{\"@type\":\"BreadcrumbList\",\"@id\":\"https:\/\/nubialabs.com\/ca\/nosaltres\/#breadcrumb\",\"itemListElement\":[{\"@type\":\"ListItem\",\"position\":1,\"name\":\"Portada\",\"item\":\"https:\/\/nubialabs.com\/ca\/\"},{\"@type\":\"ListItem\",\"position\":2,\"name\":\"Nosaltres\"}]},{\"@type\":\"WebSite\",\"@id\":\"https:\/\/nubialabs.com\/ca\/#website\",\"url\":\"https:\/\/nubialabs.com\/ca\/\",\"name\":\"NubiaLabs\",\"description\":\"Incubadora de proyectos art\u00edsticos\",\"publisher\":{\"@id\":\"https:\/\/nubialabs.com\/ca\/#organization\"},\"potentialAction\":[{\"@type\":\"SearchAction\",\"target\":{\"@type\":\"EntryPoint\",\"urlTemplate\":\"https:\/\/nubialabs.com\/ca\/?s={search_term_string}\"},\"query-input\":{\"@type\":\"PropertyValueSpecification\",\"valueRequired\":true,\"valueName\":\"search_term_string\"}}],\"inLanguage\":\"ca\"},{\"@type\":\"Organization\",\"@id\":\"https:\/\/nubialabs.com\/ca\/#organization\",\"name\":\"NubiaLabs\",\"url\":\"https:\/\/nubialabs.com\/ca\/\",\"logo\":{\"@type\":\"ImageObject\",\"inLanguage\":\"ca\",\"@id\":\"https:\/\/nubialabs.com\/ca\/#\/schema\/logo\/image\/\",\"url\":\"https:\/\/nubialabs.com\/wp-content\/uploads\/2023\/10\/Nubialabs_color.webp\",\"contentUrl\":\"https:\/\/nubialabs.com\/wp-content\/uploads\/2023\/10\/Nubialabs_color.webp\",\"width\":2000,\"height\":2000,\"caption\":\"NubiaLabs\"},\"image\":{\"@id\":\"https:\/\/nubialabs.com\/ca\/#\/schema\/logo\/image\/\"}}]}<\/script>\n<!-- \/ Yoast SEO plugin. -->","yoast_head_json":{"title":"Sobre nosaltres - NubiaLabs","description":"Descobreix qui som i com estem impulsant l'art digital en el Metavers. Uneix-te a aquesta emocionant aventura!","robots":{"index":"index","follow":"follow","max-snippet":"max-snippet:-1","max-image-preview":"max-image-preview:large","max-video-preview":"max-video-preview:-1"},"canonical":"https:\/\/nubialabs.com\/ca\/nosaltres\/","og_locale":"ca_ES","og_type":"article","og_title":"Sobre nosaltres - NubiaLabs","og_description":"Descobreix qui som i com estem impulsant l'art digital en el Metavers. Uneix-te a aquesta emocionant aventura!","og_url":"https:\/\/nubialabs.com\/ca\/nosaltres\/","og_site_name":"NubiaLabs","article_modified_time":"2025-01-31T12:58:08+00:00","og_image":[{"url":"https:\/\/nubialabs.com\/wp-content\/uploads\/2023\/05\/ai2-sep1.svg","type":"","width":"","height":""}],"twitter_card":"summary_large_image","twitter_misc":{"Temps estimat de lectura":"3 minuts"},"schema":{"@context":"https:\/\/schema.org","@graph":[{"@type":"WebPage","@id":"https:\/\/nubialabs.com\/ca\/nosaltres\/","url":"https:\/\/nubialabs.com\/ca\/nosaltres\/","name":"Sobre nosaltres - NubiaLabs","isPartOf":{"@id":"https:\/\/nubialabs.com\/ca\/#website"},"primaryImageOfPage":{"@id":"https:\/\/nubialabs.com\/ca\/nosaltres\/#primaryimage"},"image":{"@id":"https:\/\/nubialabs.com\/ca\/nosaltres\/#primaryimage"},"thumbnailUrl":"https:\/\/nubialabs.com\/wp-content\/uploads\/2023\/05\/ai2-sep1.svg","datePublished":"2023-09-28T12:37:37+00:00","dateModified":"2025-01-31T12:58:08+00:00","description":"Descobreix qui som i com estem impulsant l'art digital en el Metavers. Uneix-te a aquesta emocionant aventura!","breadcrumb":{"@id":"https:\/\/nubialabs.com\/ca\/nosaltres\/#breadcrumb"},"inLanguage":"ca","potentialAction":[{"@type":"ReadAction","target":["https:\/\/nubialabs.com\/ca\/nosaltres\/"]}]},{"@type":"ImageObject","inLanguage":"ca","@id":"https:\/\/nubialabs.com\/ca\/nosaltres\/#primaryimage","url":"https:\/\/nubialabs.com\/wp-content\/uploads\/2023\/05\/ai2-sep1.svg","contentUrl":"https:\/\/nubialabs.com\/wp-content\/uploads\/2023\/05\/ai2-sep1.svg"},{"@type":"BreadcrumbList","@id":"https:\/\/nubialabs.com\/ca\/nosaltres\/#breadcrumb","itemListElement":[{"@type":"ListItem","position":1,"name":"Portada","item":"https:\/\/nubialabs.com\/ca\/"},{"@type":"ListItem","position":2,"name":"Nosaltres"}]},{"@type":"WebSite","@id":"https:\/\/nubialabs.com\/ca\/#website","url":"https:\/\/nubialabs.com\/ca\/","name":"NubiaLabs","description":"Incubadora de proyectos art\u00edsticos","publisher":{"@id":"https:\/\/nubialabs.com\/ca\/#organization"},"potentialAction":[{"@type":"SearchAction","target":{"@type":"EntryPoint","urlTemplate":"https:\/\/nubialabs.com\/ca\/?s={search_term_string}"},"query-input":{"@type":"PropertyValueSpecification","valueRequired":true,"valueName":"search_term_string"}}],"inLanguage":"ca"},{"@type":"Organization","@id":"https:\/\/nubialabs.com\/ca\/#organization","name":"NubiaLabs","url":"https:\/\/nubialabs.com\/ca\/","logo":{"@type":"ImageObject","inLanguage":"ca","@id":"https:\/\/nubialabs.com\/ca\/#\/schema\/logo\/image\/","url":"https:\/\/nubialabs.com\/wp-content\/uploads\/2023\/10\/Nubialabs_color.webp","contentUrl":"https:\/\/nubialabs.com\/wp-content\/uploads\/2023\/10\/Nubialabs_color.webp","width":2000,"height":2000,"caption":"NubiaLabs"},"image":{"@id":"https:\/\/nubialabs.com\/ca\/#\/schema\/logo\/image\/"}}]}},"_links":{"self":[{"href":"https:\/\/nubialabs.com\/ca\/wp-json\/wp\/v2\/pages\/1900","targetHints":{"allow":["GET"]}}],"collection":[{"href":"https:\/\/nubialabs.com\/ca\/wp-json\/wp\/v2\/pages"}],"about":[{"href":"https:\/\/nubialabs.com\/ca\/wp-json\/wp\/v2\/types\/page"}],"author":[{"embeddable":true,"href":"https:\/\/nubialabs.com\/ca\/wp-json\/wp\/v2\/users\/2"}],"replies":[{"embeddable":true,"href":"https:\/\/nubialabs.com\/ca\/wp-json\/wp\/v2\/comments?post=1900"}],"version-history":[{"count":30,"href":"https:\/\/nubialabs.com\/ca\/wp-json\/wp\/v2\/pages\/1900\/revisions"}],"predecessor-version":[{"id":4099,"href":"https:\/\/nubialabs.com\/ca\/wp-json\/wp\/v2\/pages\/1900\/revisions\/4099"}],"wp:attachment":[{"href":"https:\/\/nubialabs.com\/ca\/wp-json\/wp\/v2\/media?parent=1900"}],"curies":[{"name":"wp","href":"https:\/\/api.w.org\/{rel}","templated":true}]}}