{"id":1935,"date":"2023-09-28T15:08:53","date_gmt":"2023-09-28T13:08:53","guid":{"rendered":"https:\/\/nubialabs.com\/?page_id=1935"},"modified":"2025-01-17T11:53:21","modified_gmt":"2025-01-17T10:53:21","slug":"avantatges","status":"publish","type":"page","link":"https:\/\/nubialabs.com\/ca\/avantatges\/","title":{"rendered":"Avantatges"},"content":{"rendered":"\t\t<div data-elementor-type=\"wp-page\" data-elementor-id=\"1935\" class=\"elementor elementor-1935 elementor-958\">\n\t\t\t\t<div class=\"elementor-element elementor-element-3ac1381 e-flex e-con-boxed e-con e-parent\" data-id=\"3ac1381\" data-element_type=\"container\">\n\t\t\t\t\t<div class=\"e-con-inner\">\n\t\t\t\t<div class=\"elementor-element elementor-element-27ded3e elementor-widget elementor-widget-heading\" data-id=\"27ded3e\" data-element_type=\"widget\" data-widget_type=\"heading.default\">\n\t\t\t\t<div class=\"elementor-widget-container\">\n\t\t\t\t\t<h1 class=\"elementor-heading-title elementor-size-default\">Avantatges<\/h1>\t\t\t\t<\/div>\n\t\t\t\t<\/div>\n\t\t\t\t\t<\/div>\n\t\t\t\t<\/div>\n\t\t<div class=\"elementor-element elementor-element-865579c e-flex e-con-boxed e-con e-parent\" data-id=\"865579c\" data-element_type=\"container\">\n\t\t\t\t\t<div class=\"e-con-inner\">\n\t\t\t\t<div class=\"elementor-element elementor-element-5c4644a elementor-widget elementor-widget-image\" data-id=\"5c4644a\" data-element_type=\"widget\" data-widget_type=\"image.default\">\n\t\t\t\t<div class=\"elementor-widget-container\">\n\t\t\t\t\t\t\t\t\t\t\t\t\t\t\t<img decoding=\"async\" src=\"https:\/\/nubialabs.com\/wp-content\/uploads\/2023\/05\/ai2-sep1.svg\" title=\"\" alt=\"\" loading=\"lazy\" \/>\t\t\t\t\t\t\t\t\t\t\t\t\t\t\t<\/div>\n\t\t\t\t<\/div>\n\t\t\t\t\t<\/div>\n\t\t\t\t<\/div>\n\t\t<div class=\"elementor-element elementor-element-5e298a3 e-flex e-con-boxed e-con e-parent\" data-id=\"5e298a3\" data-element_type=\"container\">\n\t\t\t\t\t<div class=\"e-con-inner\">\n\t\t\t\t<div class=\"elementor-element elementor-element-27dbc26 elementor-widget elementor-widget-text-editor\" data-id=\"27dbc26\" data-element_type=\"widget\" data-widget_type=\"text-editor.default\">\n\t\t\t\t<div class=\"elementor-widget-container\">\n\t\t\t\t\t\t\t\t\t<p>En unir-te al nostre programa d&#8217;incubaci\u00f3, obtindr\u00e0s acc\u00e9s a una gran quantitat de recursos, tutories i oportunitats d&#8217;establir contactes que s\u00f3n essencials per a l&#8217;\u00e8xit del teu projecte. Aqu\u00ed tens alguns dels beneficis de formar part de la nostra comunitat:<\/p>\t\t\t\t\t\t\t\t<\/div>\n\t\t\t\t<\/div>\n\t\t\t\t\t<\/div>\n\t\t\t\t<\/div>\n\t\t<div class=\"elementor-element elementor-element-0523887 e-flex e-con-boxed e-con e-parent\" data-id=\"0523887\" data-element_type=\"container\">\n\t\t\t\t\t<div class=\"e-con-inner\">\n\t\t<div class=\"elementor-element elementor-element-69fbb57 e-con-full e-flex e-con e-child\" data-id=\"69fbb57\" data-element_type=\"container\">\n\t\t\t\t<div class=\"elementor-element elementor-element-15e300f elementor-position-top elementor-widget elementor-widget-image-box\" data-id=\"15e300f\" data-element_type=\"widget\" data-widget_type=\"image-box.default\">\n\t\t\t\t<div class=\"elementor-widget-container\">\n\t\t\t\t\t<div class=\"elementor-image-box-wrapper\"><figure class=\"elementor-image-box-img\"><img fetchpriority=\"high\" decoding=\"async\" width=\"1440\" height=\"1800\" src=\"https:\/\/nubialabs.com\/wp-content\/uploads\/2023\/09\/esponceda-workshop.jpeg\" class=\"attachment-full size-full wp-image-1479\" alt=\"Workshop Nubia Espronceda\" srcset=\"https:\/\/nubialabs.com\/wp-content\/uploads\/2023\/09\/esponceda-workshop.jpeg 1440w, https:\/\/nubialabs.com\/wp-content\/uploads\/2023\/09\/esponceda-workshop-400x500.jpeg 400w, https:\/\/nubialabs.com\/wp-content\/uploads\/2023\/09\/esponceda-workshop-960x1200.jpeg 960w, https:\/\/nubialabs.com\/wp-content\/uploads\/2023\/09\/esponceda-workshop-240x300.jpeg 240w, https:\/\/nubialabs.com\/wp-content\/uploads\/2023\/09\/esponceda-workshop-768x960.jpeg 768w, https:\/\/nubialabs.com\/wp-content\/uploads\/2023\/09\/esponceda-workshop-1229x1536.jpeg 1229w, https:\/\/nubialabs.com\/wp-content\/uploads\/2023\/09\/esponceda-workshop-60x75.jpeg 60w, https:\/\/nubialabs.com\/wp-content\/uploads\/2023\/09\/esponceda-workshop-480x600.jpeg 480w\" sizes=\"(max-width:767px) 480px, (max-width:1440px) 100vw, 1440px\" \/><\/figure><div class=\"elementor-image-box-content\"><h3 class=\"elementor-image-box-title\">Workshops i mentoring<\/h3><p class=\"elementor-image-box-description\">Proporcionem orientaci\u00f3 i assist\u00e8ncia personalitzades basades en les teves necessitats i objectius espec\u00edfics. Els nostres experimentats mentors i experts del sector t'ajudaran a superar els reptes i maximitzar les teves possibilitats d'\u00e8xit.<\/p><\/div><\/div>\t\t\t\t<\/div>\n\t\t\t\t<\/div>\n\t\t\t\t<div class=\"elementor-element elementor-element-9ca9eca elementor-position-top elementor-widget elementor-widget-image-box\" data-id=\"9ca9eca\" data-element_type=\"widget\" data-widget_type=\"image-box.default\">\n\t\t\t\t<div class=\"elementor-widget-container\">\n\t\t\t\t\t<div class=\"elementor-image-box-wrapper\"><figure class=\"elementor-image-box-img\"><img decoding=\"async\" width=\"1440\" height=\"1440\" src=\"https:\/\/nubialabs.com\/wp-content\/uploads\/2023\/09\/financiacion.jpeg\" class=\"attachment-full size-full wp-image-1493\" alt=\"Financiacion Nubia\" srcset=\"https:\/\/nubialabs.com\/wp-content\/uploads\/2023\/09\/financiacion.jpeg 1440w, https:\/\/nubialabs.com\/wp-content\/uploads\/2023\/09\/financiacion-500x500.jpeg 500w, https:\/\/nubialabs.com\/wp-content\/uploads\/2023\/09\/financiacion-1200x1200.jpeg 1200w, https:\/\/nubialabs.com\/wp-content\/uploads\/2023\/09\/financiacion-300x300.jpeg 300w, https:\/\/nubialabs.com\/wp-content\/uploads\/2023\/09\/financiacion-768x768.jpeg 768w, https:\/\/nubialabs.com\/wp-content\/uploads\/2023\/09\/financiacion-150x150.jpeg 150w, https:\/\/nubialabs.com\/wp-content\/uploads\/2023\/09\/financiacion-75x75.jpeg 75w, https:\/\/nubialabs.com\/wp-content\/uploads\/2023\/09\/financiacion-480x480.jpeg 480w\" sizes=\"(max-width:767px) 480px, (max-width:1440px) 100vw, 1440px\" \/><\/figure><div class=\"elementor-image-box-content\"><h3 class=\"elementor-image-box-title\">Acc\u00e9s a finan\u00e7ament\u200b<\/h3><p class=\"elementor-image-box-description\">Entenem que el suport financer \u00e9s crucial per a convertir el teu somni en realitat. A trav\u00e9s de la nostra \u00e0mplia xarxa d'inversors i oportunitats de finan\u00e7ament, t'ajudarem a posar-te en contacte amb els recursos que necessites per a fer realitat les teves idees. Tamb\u00e9 tindr\u00e0s la possibilitat de ser un dels projectes becats.<\/p><\/div><\/div>\t\t\t\t<\/div>\n\t\t\t\t<\/div>\n\t\t\t\t<div class=\"elementor-element elementor-element-f3d0cb3 elementor-position-top elementor-widget elementor-widget-image-box\" data-id=\"f3d0cb3\" data-element_type=\"widget\" data-widget_type=\"image-box.default\">\n\t\t\t\t<div class=\"elementor-widget-container\">\n\t\t\t\t\t<div class=\"elementor-image-box-wrapper\"><figure class=\"elementor-image-box-img\"><img decoding=\"async\" width=\"2560\" height=\"1707\" src=\"https:\/\/nubialabs.com\/wp-content\/uploads\/2023\/09\/VR-glasses-scaled.jpeg\" class=\"attachment-full size-full wp-image-1487\" alt=\"Gafas Realidad Virtual\" srcset=\"https:\/\/nubialabs.com\/wp-content\/uploads\/2023\/09\/VR-glasses-scaled.jpeg 2560w, https:\/\/nubialabs.com\/wp-content\/uploads\/2023\/09\/VR-glasses-500x333.jpeg 500w, https:\/\/nubialabs.com\/wp-content\/uploads\/2023\/09\/VR-glasses-1200x800.jpeg 1200w, https:\/\/nubialabs.com\/wp-content\/uploads\/2023\/09\/VR-glasses-300x200.jpeg 300w, https:\/\/nubialabs.com\/wp-content\/uploads\/2023\/09\/VR-glasses-768x512.jpeg 768w, https:\/\/nubialabs.com\/wp-content\/uploads\/2023\/09\/VR-glasses-1536x1024.jpeg 1536w, https:\/\/nubialabs.com\/wp-content\/uploads\/2023\/09\/VR-glasses-2048x1365.jpeg 2048w, https:\/\/nubialabs.com\/wp-content\/uploads\/2023\/09\/VR-glasses-113x75.jpeg 113w, https:\/\/nubialabs.com\/wp-content\/uploads\/2023\/09\/VR-glasses-480x320.jpeg 480w\" sizes=\"(max-width:767px) 480px, (max-width:2560px) 100vw, 2560px\" \/><\/figure><div class=\"elementor-image-box-content\"><h3 class=\"elementor-image-box-title\">Acc\u00e9s a recursos<\/h3><p class=\"elementor-image-box-description\">Participant en el programa d'incubadora, tindr\u00e0s acc\u00e9s gratu\u00eft i il\u00b7limitat a tots els equips t\u00e8cnics de l'Espai Espronceda: ordinadors port\u00e0tils, ulleres de realitat virtual, projectors, pantalles LED, etc.<\/p><\/div><\/div>\t\t\t\t<\/div>\n\t\t\t\t<\/div>\n\t\t\t\t<\/div>\n\t\t<div class=\"elementor-element elementor-element-2ec2128 e-con-full e-flex e-con e-child\" data-id=\"2ec2128\" data-element_type=\"container\">\n\t\t\t\t<div class=\"elementor-element elementor-element-70246aa elementor-position-top elementor-widget elementor-widget-image-box\" data-id=\"70246aa\" data-element_type=\"widget\" data-widget_type=\"image-box.default\">\n\t\t\t\t<div class=\"elementor-widget-container\">\n\t\t\t\t\t<div class=\"elementor-image-box-wrapper\"><figure class=\"elementor-image-box-img\"><img loading=\"lazy\" decoding=\"async\" width=\"1440\" height=\"1440\" src=\"https:\/\/nubialabs.com\/wp-content\/uploads\/2023\/09\/workshop1.jpeg\" class=\"attachment-full size-full wp-image-1495\" alt=\"Entorno Colaborativo Nubia\" srcset=\"https:\/\/nubialabs.com\/wp-content\/uploads\/2023\/09\/workshop1.jpeg 1440w, https:\/\/nubialabs.com\/wp-content\/uploads\/2023\/09\/workshop1-500x500.jpeg 500w, https:\/\/nubialabs.com\/wp-content\/uploads\/2023\/09\/workshop1-1200x1200.jpeg 1200w, https:\/\/nubialabs.com\/wp-content\/uploads\/2023\/09\/workshop1-300x300.jpeg 300w, https:\/\/nubialabs.com\/wp-content\/uploads\/2023\/09\/workshop1-768x768.jpeg 768w, https:\/\/nubialabs.com\/wp-content\/uploads\/2023\/09\/workshop1-150x150.jpeg 150w, https:\/\/nubialabs.com\/wp-content\/uploads\/2023\/09\/workshop1-75x75.jpeg 75w, https:\/\/nubialabs.com\/wp-content\/uploads\/2023\/09\/workshop1-480x480.jpeg 480w\" sizes=\"(max-width:767px) 480px, (max-width:1440px) 100vw, 1440px\" \/><\/figure><div class=\"elementor-image-box-content\"><h3 class=\"elementor-image-box-title\">Entorn col\u00b7laboratiu<\/h3><p class=\"elementor-image-box-description\">A NubiaLabs, estar\u00e0s envoltat d'una comunitat de persones amb idees afins que comparteixen la teva passi\u00f3 i impuls. Col\u00b7labora, intercanvia idees i apr\u00e8n d'altres emprenedors, artistes, innovadors tecnol\u00f2gics i creadors que estan en el mateix cam\u00ed.<\/p><\/div><\/div>\t\t\t\t<\/div>\n\t\t\t\t<\/div>\n\t\t\t\t<div class=\"elementor-element elementor-element-e0d1fd2 elementor-position-top elementor-widget elementor-widget-image-box\" data-id=\"e0d1fd2\" data-element_type=\"widget\" data-widget_type=\"image-box.default\">\n\t\t\t\t<div class=\"elementor-widget-container\">\n\t\t\t\t\t<div class=\"elementor-image-box-wrapper\"><figure class=\"elementor-image-box-img\"><img loading=\"lazy\" decoding=\"async\" width=\"1365\" height=\"910\" src=\"https:\/\/nubialabs.com\/wp-content\/uploads\/2023\/09\/networking.jpeg\" class=\"attachment-full size-full wp-image-1491\" alt=\"Networking Nubia\" srcset=\"https:\/\/nubialabs.com\/wp-content\/uploads\/2023\/09\/networking.jpeg 1365w, https:\/\/nubialabs.com\/wp-content\/uploads\/2023\/09\/networking-500x333.jpeg 500w, https:\/\/nubialabs.com\/wp-content\/uploads\/2023\/09\/networking-1200x800.jpeg 1200w, https:\/\/nubialabs.com\/wp-content\/uploads\/2023\/09\/networking-300x200.jpeg 300w, https:\/\/nubialabs.com\/wp-content\/uploads\/2023\/09\/networking-768x512.jpeg 768w, https:\/\/nubialabs.com\/wp-content\/uploads\/2023\/09\/networking-113x75.jpeg 113w, https:\/\/nubialabs.com\/wp-content\/uploads\/2023\/09\/networking-480x320.jpeg 480w\" sizes=\"(max-width:767px) 480px, (max-width:1365px) 100vw, 1365px\" \/><\/figure><div class=\"elementor-image-box-content\"><h3 class=\"elementor-image-box-title\">Networking<\/h3><p class=\"elementor-image-box-description\">Organitzem esdeveniments, tallers i reunions del sector per a facilitar les connexions i les associacions. Amplia la teva xarxa de contactes i entaula relacions amb els principals actors del teu sector, la qual cosa t'obrir\u00e0 les portes a noves oportunitats i col\u00b7laboracions.<\/p><\/div><\/div>\t\t\t\t<\/div>\n\t\t\t\t<\/div>\n\t\t\t\t<div class=\"elementor-element elementor-element-35fe225 elementor-position-top elementor-widget elementor-widget-image-box\" data-id=\"35fe225\" data-element_type=\"widget\" data-widget_type=\"image-box.default\">\n\t\t\t\t<div class=\"elementor-widget-container\">\n\t\t\t\t\t<div class=\"elementor-image-box-wrapper\"><figure class=\"elementor-image-box-img\"><img loading=\"lazy\" decoding=\"async\" width=\"639\" height=\"426\" src=\"https:\/\/nubialabs.com\/wp-content\/uploads\/2023\/09\/espronceda_residencia.jpeg\" class=\"attachment-full size-full wp-image-1489\" alt=\"Espronceda Residencia\" srcset=\"https:\/\/nubialabs.com\/wp-content\/uploads\/2023\/09\/espronceda_residencia.jpeg 639w, https:\/\/nubialabs.com\/wp-content\/uploads\/2023\/09\/espronceda_residencia-500x333.jpeg 500w, https:\/\/nubialabs.com\/wp-content\/uploads\/2023\/09\/espronceda_residencia-300x200.jpeg 300w, https:\/\/nubialabs.com\/wp-content\/uploads\/2023\/09\/espronceda_residencia-113x75.jpeg 113w, https:\/\/nubialabs.com\/wp-content\/uploads\/2023\/09\/espronceda_residencia-480x320.jpeg 480w\" sizes=\"(max-width:767px) 480px, 639px\" \/><\/figure><div class=\"elementor-image-box-content\"><h3 class=\"elementor-image-box-title\">Residencia<\/h3><p class=\"elementor-image-box-description\">Disposem d\u2019ESPRONCEDA, Institute of Art and Culture, un espai de resid\u00e8ncia per a artistes on podr\u00e0s desenvolupar el teu projecte en un entorn inspirador i creatiu.<\/p><\/div><\/div>\t\t\t\t<\/div>\n\t\t\t\t<\/div>\n\t\t\t\t<\/div>\n\t\t\t\t\t<\/div>\n\t\t\t\t<\/div>\n\t\t\t\t<\/div>\n\t\t","protected":false},"excerpt":{"rendered":"<p>Avantatges En unir-te al nostre programa d&#8217;incubaci\u00f3, obtindr\u00e0s acc\u00e9s a una gran quantitat de recursos, tutories i oportunitats d&#8217;establir contactes que s\u00f3n essencials per a l&#8217;\u00e8xit<span class=\"excerpt-hellip\"> [\u2026]<\/span><\/p>\n","protected":false},"author":3,"featured_media":0,"parent":0,"menu_order":0,"comment_status":"closed","ping_status":"closed","template":"","meta":{"footnotes":""},"class_list":["post-1935","page","type-page","status-publish","hentry"],"yoast_head":"<!-- This site is optimized with the Yoast SEO plugin v25.5 - https:\/\/yoast.com\/wordpress\/plugins\/seo\/ -->\n<title>Avantatges d&#039;unir-te al nostre programa - NubiaLabs<\/title>\n<meta name=\"description\" content=\"Descobreix tots els beneficis i oportunitats que t&#039;esperen en unir-te al nostre programa d&#039;acceleraci\u00f3 de 8 setmanes.\" \/>\n<meta name=\"robots\" content=\"index, follow, max-snippet:-1, max-image-preview:large, max-video-preview:-1\" \/>\n<link rel=\"canonical\" href=\"https:\/\/nubialabs.com\/ca\/avantatges\/\" \/>\n<meta property=\"og:locale\" content=\"ca_ES\" \/>\n<meta property=\"og:type\" content=\"article\" \/>\n<meta property=\"og:title\" content=\"Avantatges d&#039;unir-te al nostre programa - NubiaLabs\" \/>\n<meta property=\"og:description\" content=\"Descobreix tots els beneficis i oportunitats que t&#039;esperen en unir-te al nostre programa d&#039;acceleraci\u00f3 de 8 setmanes.\" \/>\n<meta property=\"og:url\" content=\"https:\/\/nubialabs.com\/ca\/avantatges\/\" \/>\n<meta property=\"og:site_name\" content=\"NubiaLabs\" \/>\n<meta property=\"article:modified_time\" content=\"2025-01-17T10:53:21+00:00\" \/>\n<meta property=\"og:image\" content=\"https:\/\/nubialabs.com\/wp-content\/uploads\/2023\/05\/ai2-sep1.svg\" \/>\n<meta name=\"twitter:card\" content=\"summary_large_image\" \/>\n<meta name=\"twitter:label1\" content=\"Temps estimat de lectura\" \/>\n\t<meta name=\"twitter:data1\" content=\"3 minuts\" \/>\n<script type=\"application\/ld+json\" class=\"yoast-schema-graph\">{\"@context\":\"https:\/\/schema.org\",\"@graph\":[{\"@type\":\"WebPage\",\"@id\":\"https:\/\/nubialabs.com\/ca\/avantatges\/\",\"url\":\"https:\/\/nubialabs.com\/ca\/avantatges\/\",\"name\":\"Avantatges d'unir-te al nostre programa - NubiaLabs\",\"isPartOf\":{\"@id\":\"https:\/\/nubialabs.com\/ca\/#website\"},\"primaryImageOfPage\":{\"@id\":\"https:\/\/nubialabs.com\/ca\/avantatges\/#primaryimage\"},\"image\":{\"@id\":\"https:\/\/nubialabs.com\/ca\/avantatges\/#primaryimage\"},\"thumbnailUrl\":\"https:\/\/nubialabs.com\/wp-content\/uploads\/2023\/05\/ai2-sep1.svg\",\"datePublished\":\"2023-09-28T13:08:53+00:00\",\"dateModified\":\"2025-01-17T10:53:21+00:00\",\"description\":\"Descobreix tots els beneficis i oportunitats que t'esperen en unir-te al nostre programa d'acceleraci\u00f3 de 8 setmanes.\",\"breadcrumb\":{\"@id\":\"https:\/\/nubialabs.com\/ca\/avantatges\/#breadcrumb\"},\"inLanguage\":\"ca\",\"potentialAction\":[{\"@type\":\"ReadAction\",\"target\":[\"https:\/\/nubialabs.com\/ca\/avantatges\/\"]}]},{\"@type\":\"ImageObject\",\"inLanguage\":\"ca\",\"@id\":\"https:\/\/nubialabs.com\/ca\/avantatges\/#primaryimage\",\"url\":\"https:\/\/nubialabs.com\/wp-content\/uploads\/2023\/05\/ai2-sep1.svg\",\"contentUrl\":\"https:\/\/nubialabs.com\/wp-content\/uploads\/2023\/05\/ai2-sep1.svg\"},{\"@type\":\"BreadcrumbList\",\"@id\":\"https:\/\/nubialabs.com\/ca\/avantatges\/#breadcrumb\",\"itemListElement\":[{\"@type\":\"ListItem\",\"position\":1,\"name\":\"Portada\",\"item\":\"https:\/\/nubialabs.com\/ca\/\"},{\"@type\":\"ListItem\",\"position\":2,\"name\":\"Avantatges\"}]},{\"@type\":\"WebSite\",\"@id\":\"https:\/\/nubialabs.com\/ca\/#website\",\"url\":\"https:\/\/nubialabs.com\/ca\/\",\"name\":\"NubiaLabs\",\"description\":\"Incubadora de proyectos art\u00edsticos\",\"publisher\":{\"@id\":\"https:\/\/nubialabs.com\/ca\/#organization\"},\"potentialAction\":[{\"@type\":\"SearchAction\",\"target\":{\"@type\":\"EntryPoint\",\"urlTemplate\":\"https:\/\/nubialabs.com\/ca\/?s={search_term_string}\"},\"query-input\":{\"@type\":\"PropertyValueSpecification\",\"valueRequired\":true,\"valueName\":\"search_term_string\"}}],\"inLanguage\":\"ca\"},{\"@type\":\"Organization\",\"@id\":\"https:\/\/nubialabs.com\/ca\/#organization\",\"name\":\"NubiaLabs\",\"url\":\"https:\/\/nubialabs.com\/ca\/\",\"logo\":{\"@type\":\"ImageObject\",\"inLanguage\":\"ca\",\"@id\":\"https:\/\/nubialabs.com\/ca\/#\/schema\/logo\/image\/\",\"url\":\"https:\/\/nubialabs.com\/wp-content\/uploads\/2023\/10\/Nubialabs_color.webp\",\"contentUrl\":\"https:\/\/nubialabs.com\/wp-content\/uploads\/2023\/10\/Nubialabs_color.webp\",\"width\":2000,\"height\":2000,\"caption\":\"NubiaLabs\"},\"image\":{\"@id\":\"https:\/\/nubialabs.com\/ca\/#\/schema\/logo\/image\/\"}}]}<\/script>\n<!-- \/ Yoast SEO plugin. -->","yoast_head_json":{"title":"Avantatges d'unir-te al nostre programa - NubiaLabs","description":"Descobreix tots els beneficis i oportunitats que t'esperen en unir-te al nostre programa d'acceleraci\u00f3 de 8 setmanes.","robots":{"index":"index","follow":"follow","max-snippet":"max-snippet:-1","max-image-preview":"max-image-preview:large","max-video-preview":"max-video-preview:-1"},"canonical":"https:\/\/nubialabs.com\/ca\/avantatges\/","og_locale":"ca_ES","og_type":"article","og_title":"Avantatges d'unir-te al nostre programa - NubiaLabs","og_description":"Descobreix tots els beneficis i oportunitats que t'esperen en unir-te al nostre programa d'acceleraci\u00f3 de 8 setmanes.","og_url":"https:\/\/nubialabs.com\/ca\/avantatges\/","og_site_name":"NubiaLabs","article_modified_time":"2025-01-17T10:53:21+00:00","og_image":[{"url":"https:\/\/nubialabs.com\/wp-content\/uploads\/2023\/05\/ai2-sep1.svg","type":"","width":"","height":""}],"twitter_card":"summary_large_image","twitter_misc":{"Temps estimat de lectura":"3 minuts"},"schema":{"@context":"https:\/\/schema.org","@graph":[{"@type":"WebPage","@id":"https:\/\/nubialabs.com\/ca\/avantatges\/","url":"https:\/\/nubialabs.com\/ca\/avantatges\/","name":"Avantatges d'unir-te al nostre programa - NubiaLabs","isPartOf":{"@id":"https:\/\/nubialabs.com\/ca\/#website"},"primaryImageOfPage":{"@id":"https:\/\/nubialabs.com\/ca\/avantatges\/#primaryimage"},"image":{"@id":"https:\/\/nubialabs.com\/ca\/avantatges\/#primaryimage"},"thumbnailUrl":"https:\/\/nubialabs.com\/wp-content\/uploads\/2023\/05\/ai2-sep1.svg","datePublished":"2023-09-28T13:08:53+00:00","dateModified":"2025-01-17T10:53:21+00:00","description":"Descobreix tots els beneficis i oportunitats que t'esperen en unir-te al nostre programa d'acceleraci\u00f3 de 8 setmanes.","breadcrumb":{"@id":"https:\/\/nubialabs.com\/ca\/avantatges\/#breadcrumb"},"inLanguage":"ca","potentialAction":[{"@type":"ReadAction","target":["https:\/\/nubialabs.com\/ca\/avantatges\/"]}]},{"@type":"ImageObject","inLanguage":"ca","@id":"https:\/\/nubialabs.com\/ca\/avantatges\/#primaryimage","url":"https:\/\/nubialabs.com\/wp-content\/uploads\/2023\/05\/ai2-sep1.svg","contentUrl":"https:\/\/nubialabs.com\/wp-content\/uploads\/2023\/05\/ai2-sep1.svg"},{"@type":"BreadcrumbList","@id":"https:\/\/nubialabs.com\/ca\/avantatges\/#breadcrumb","itemListElement":[{"@type":"ListItem","position":1,"name":"Portada","item":"https:\/\/nubialabs.com\/ca\/"},{"@type":"ListItem","position":2,"name":"Avantatges"}]},{"@type":"WebSite","@id":"https:\/\/nubialabs.com\/ca\/#website","url":"https:\/\/nubialabs.com\/ca\/","name":"NubiaLabs","description":"Incubadora de proyectos art\u00edsticos","publisher":{"@id":"https:\/\/nubialabs.com\/ca\/#organization"},"potentialAction":[{"@type":"SearchAction","target":{"@type":"EntryPoint","urlTemplate":"https:\/\/nubialabs.com\/ca\/?s={search_term_string}"},"query-input":{"@type":"PropertyValueSpecification","valueRequired":true,"valueName":"search_term_string"}}],"inLanguage":"ca"},{"@type":"Organization","@id":"https:\/\/nubialabs.com\/ca\/#organization","name":"NubiaLabs","url":"https:\/\/nubialabs.com\/ca\/","logo":{"@type":"ImageObject","inLanguage":"ca","@id":"https:\/\/nubialabs.com\/ca\/#\/schema\/logo\/image\/","url":"https:\/\/nubialabs.com\/wp-content\/uploads\/2023\/10\/Nubialabs_color.webp","contentUrl":"https:\/\/nubialabs.com\/wp-content\/uploads\/2023\/10\/Nubialabs_color.webp","width":2000,"height":2000,"caption":"NubiaLabs"},"image":{"@id":"https:\/\/nubialabs.com\/ca\/#\/schema\/logo\/image\/"}}]}},"_links":{"self":[{"href":"https:\/\/nubialabs.com\/ca\/wp-json\/wp\/v2\/pages\/1935","targetHints":{"allow":["GET"]}}],"collection":[{"href":"https:\/\/nubialabs.com\/ca\/wp-json\/wp\/v2\/pages"}],"about":[{"href":"https:\/\/nubialabs.com\/ca\/wp-json\/wp\/v2\/types\/page"}],"author":[{"embeddable":true,"href":"https:\/\/nubialabs.com\/ca\/wp-json\/wp\/v2\/users\/3"}],"replies":[{"embeddable":true,"href":"https:\/\/nubialabs.com\/ca\/wp-json\/wp\/v2\/comments?post=1935"}],"version-history":[{"count":23,"href":"https:\/\/nubialabs.com\/ca\/wp-json\/wp\/v2\/pages\/1935\/revisions"}],"predecessor-version":[{"id":3861,"href":"https:\/\/nubialabs.com\/ca\/wp-json\/wp\/v2\/pages\/1935\/revisions\/3861"}],"wp:attachment":[{"href":"https:\/\/nubialabs.com\/ca\/wp-json\/wp\/v2\/media?parent=1935"}],"curies":[{"name":"wp","href":"https:\/\/api.w.org\/{rel}","templated":true}]}}