{"id":1983,"date":"2023-10-03T13:38:13","date_gmt":"2023-10-03T11:38:13","guid":{"rendered":"https:\/\/nubialabs.com\/?page_id=1983"},"modified":"2023-10-19T14:23:44","modified_gmt":"2023-10-19T12:23:44","slug":"jurat","status":"publish","type":"page","link":"https:\/\/nubialabs.com\/ca\/jurat\/","title":{"rendered":"Jurat"},"content":{"rendered":"\t\t<div data-elementor-type=\"wp-page\" data-elementor-id=\"1983\" class=\"elementor elementor-1983 elementor-1359\">\n\t\t\t\t<div class=\"elementor-element elementor-element-e32fbdf e-flex e-con-boxed e-con e-parent\" data-id=\"e32fbdf\" data-element_type=\"container\">\n\t\t\t\t\t<div class=\"e-con-inner\">\n\t\t\t\t<div class=\"elementor-element elementor-element-fa274ae elementor-widget elementor-widget-heading\" data-id=\"fa274ae\" data-element_type=\"widget\" data-widget_type=\"heading.default\">\n\t\t\t\t<div class=\"elementor-widget-container\">\n\t\t\t\t\t<h1 class=\"elementor-heading-title elementor-size-default\">Jurat\n<\/h1>\t\t\t\t<\/div>\n\t\t\t\t<\/div>\n\t\t\t\t\t<\/div>\n\t\t\t\t<\/div>\n\t\t<div class=\"elementor-element elementor-element-c40399a e-flex e-con-boxed e-con e-parent\" data-id=\"c40399a\" data-element_type=\"container\">\n\t\t\t\t\t<div class=\"e-con-inner\">\n\t\t\t\t<div class=\"elementor-element elementor-element-fd9935e elementor-widget elementor-widget-image\" data-id=\"fd9935e\" data-element_type=\"widget\" data-widget_type=\"image.default\">\n\t\t\t\t<div class=\"elementor-widget-container\">\n\t\t\t\t\t\t\t\t\t\t\t\t\t\t\t<img decoding=\"async\" src=\"https:\/\/nubialabs.com\/wp-content\/uploads\/2023\/05\/ai2-sep1.svg\" title=\"\" alt=\"\" loading=\"lazy\" \/>\t\t\t\t\t\t\t\t\t\t\t\t\t\t\t<\/div>\n\t\t\t\t<\/div>\n\t\t\t\t\t<\/div>\n\t\t\t\t<\/div>\n\t\t<div class=\"elementor-element elementor-element-4bee43b e-flex e-con-boxed e-con e-parent\" data-id=\"4bee43b\" data-element_type=\"container\">\n\t\t\t\t\t<div class=\"e-con-inner\">\n\t\t<div class=\"elementor-element elementor-element-47620e0 e-flex e-con-boxed e-con e-child\" data-id=\"47620e0\" data-element_type=\"container\">\n\t\t\t\t\t<div class=\"e-con-inner\">\n\t\t\t\t<div class=\"elementor-element elementor-element-b15e4df elementor-widget elementor-widget-text-editor\" data-id=\"b15e4df\" data-element_type=\"widget\" data-widget_type=\"text-editor.default\">\n\t\t\t\t<div class=\"elementor-widget-container\">\n\t\t\t\t\t\t\t\t\t<p>En finalitzar el programa d&#8217;incubaci\u00f3, els participants de NubiaLabs tindran l&#8217;oportunitat de <strong>presentar el seu projecte<\/strong> i optar a un <strong>premi de 1.500\u20ac<\/strong>. El jurat d&#8217;aquesta edici\u00f3 est\u00e0 compost per representants de les empreses m\u00e9s capdavanteres en <strong>desenvolupament<\/strong> de <strong>continguts immersius<\/strong>. Despr\u00e9s de la presentaci\u00f3 de tots els projectes participants, el jurat es reunir\u00e0 per a decidir quin projecte mereix ser el guanyador, segons la seva experi\u00e8ncia i coneixement de la ind\u00fastria.<\/p>\t\t\t\t\t\t\t\t<\/div>\n\t\t\t\t<\/div>\n\t\t\t\t\t<\/div>\n\t\t\t\t<\/div>\n\t\t\t\t\t<\/div>\n\t\t\t\t<\/div>\n\t\t<div class=\"elementor-element elementor-element-b0d950f e-flex e-con-boxed e-con e-parent\" data-id=\"b0d950f\" data-element_type=\"container\">\n\t\t\t\t\t<div class=\"e-con-inner\">\n\t\t<div class=\"elementor-element elementor-element-39d7dd2 e-flex e-con-boxed e-con e-child\" data-id=\"39d7dd2\" data-element_type=\"container\">\n\t\t\t\t\t<div class=\"e-con-inner\">\n\t\t<div class=\"elementor-element elementor-element-4cc60cd e-con-full e-flex e-con e-child\" data-id=\"4cc60cd\" data-element_type=\"container\">\n\t\t\t\t<div class=\"elementor-element elementor-element-2540eaa elementor-widget elementor-widget-image\" data-id=\"2540eaa\" data-element_type=\"widget\" data-widget_type=\"image.default\">\n\t\t\t\t<div class=\"elementor-widget-container\">\n\t\t\t\t\t\t\t\t\t\t\t\t\t\t\t<img fetchpriority=\"high\" decoding=\"async\" width=\"900\" height=\"900\" src=\"https:\/\/nubialabs.com\/wp-content\/uploads\/2023\/10\/liz_rosenthal-1.webp\" class=\"attachment-full size-full wp-image-2644\" alt=\"Liz Rosenthal\" srcset=\"https:\/\/nubialabs.com\/wp-content\/uploads\/2023\/10\/liz_rosenthal-1.webp 900w, https:\/\/nubialabs.com\/wp-content\/uploads\/2023\/10\/liz_rosenthal-1-500x500.webp 500w, https:\/\/nubialabs.com\/wp-content\/uploads\/2023\/10\/liz_rosenthal-1-300x300.webp 300w, https:\/\/nubialabs.com\/wp-content\/uploads\/2023\/10\/liz_rosenthal-1-768x768.webp 768w, https:\/\/nubialabs.com\/wp-content\/uploads\/2023\/10\/liz_rosenthal-1-150x150.webp 150w, https:\/\/nubialabs.com\/wp-content\/uploads\/2023\/10\/liz_rosenthal-1-75x75.webp 75w, https:\/\/nubialabs.com\/wp-content\/uploads\/2023\/10\/liz_rosenthal-1-480x480.webp 480w\" sizes=\"(max-width:767px) 480px, (max-width:900px) 100vw, 900px\" \/>\t\t\t\t\t\t\t\t\t\t\t\t\t\t\t<\/div>\n\t\t\t\t<\/div>\n\t\t\t\t<\/div>\n\t\t<div class=\"elementor-element elementor-element-7e36922 e-con-full e-flex e-con e-child\" data-id=\"7e36922\" data-element_type=\"container\">\n\t\t\t\t<div class=\"elementor-element elementor-element-2b040ce elementor-widget elementor-widget-text-editor\" data-id=\"2b040ce\" data-element_type=\"widget\" data-widget_type=\"text-editor.default\">\n\t\t\t\t<div class=\"elementor-widget-container\">\n\t\t\t\t\t\t\t\t\t<h2 class=\"wp-block-heading has-large-font-size\">Liz Rosenthal<\/h2><p>Comiss\u00e0ria d&#8217;art, productora executiva i pionera dels mitjans immersius i interactius.<\/p>\t\t\t\t\t\t\t\t<\/div>\n\t\t\t\t<\/div>\n\t\t\t\t<\/div>\n\t\t\t\t\t<\/div>\n\t\t\t\t<\/div>\n\t\t\t\t\t<\/div>\n\t\t\t\t<\/div>\n\t\t<div class=\"elementor-element elementor-element-f3015f9 e-flex e-con-boxed e-con e-parent\" data-id=\"f3015f9\" data-element_type=\"container\">\n\t\t\t\t\t<div class=\"e-con-inner\">\n\t\t<div class=\"elementor-element elementor-element-2b7995b e-flex e-con-boxed e-con e-child\" data-id=\"2b7995b\" data-element_type=\"container\">\n\t\t\t\t\t<div class=\"e-con-inner\">\n\t\t<div class=\"elementor-element elementor-element-6ed4cc4 e-con-full e-flex e-con e-child\" data-id=\"6ed4cc4\" data-element_type=\"container\">\n\t\t\t\t<div class=\"elementor-element elementor-element-2b2e36d elementor-widget elementor-widget-text-editor\" data-id=\"2b2e36d\" data-element_type=\"widget\" data-widget_type=\"text-editor.default\">\n\t\t\t\t<div class=\"elementor-widget-container\">\n\t\t\t\t\t\t\t\t\t<h2 class=\"wp-block-heading has-large-font-size\">\u00c0lex Gin\u00e9s<\/h2><div class=\"traductor-textarea form-group\"><div class=\"textarea-desti col-xs-12 col-sm-6\"><div class=\"form-control second-textarea\">T\u00e8cnic d&#8217;Innovaci\u00f3 en\u00a0Ne\u00e0polis<\/div><\/div><\/div><div class=\"traductor-checkbox form-group\"><div class=\"row\"><div class=\"col-sm-offset-2 col-sm-5\">\u00a0<\/div><\/div><\/div>\t\t\t\t\t\t\t\t<\/div>\n\t\t\t\t<\/div>\n\t\t\t\t<\/div>\n\t\t<div class=\"elementor-element elementor-element-f0c58f6 e-con-full e-flex e-con e-child\" data-id=\"f0c58f6\" data-element_type=\"container\">\n\t\t\t\t<div class=\"elementor-element elementor-element-b7aba0d elementor-widget elementor-widget-image\" data-id=\"b7aba0d\" data-element_type=\"widget\" data-widget_type=\"image.default\">\n\t\t\t\t<div class=\"elementor-widget-container\">\n\t\t\t\t\t\t\t\t\t\t\t\t\t\t\t<img decoding=\"async\" width=\"321\" height=\"320\" src=\"https:\/\/nubialabs.com\/wp-content\/uploads\/2023\/10\/alex-gines-1.webp\" class=\"attachment-large size-large wp-image-2659\" alt=\"Alex Gin\u00e9s\" srcset=\"https:\/\/nubialabs.com\/wp-content\/uploads\/2023\/10\/alex-gines-1.webp 321w, https:\/\/nubialabs.com\/wp-content\/uploads\/2023\/10\/alex-gines-1-300x300.webp 300w, https:\/\/nubialabs.com\/wp-content\/uploads\/2023\/10\/alex-gines-1-150x150.webp 150w, https:\/\/nubialabs.com\/wp-content\/uploads\/2023\/10\/alex-gines-1-75x75.webp 75w\" sizes=\"(max-width:767px) 321px, 321px\" \/>\t\t\t\t\t\t\t\t\t\t\t\t\t\t\t<\/div>\n\t\t\t\t<\/div>\n\t\t\t\t<\/div>\n\t\t\t\t\t<\/div>\n\t\t\t\t<\/div>\n\t\t\t\t\t<\/div>\n\t\t\t\t<\/div>\n\t\t<div class=\"elementor-element elementor-element-abc05ce e-flex e-con-boxed e-con e-parent\" data-id=\"abc05ce\" data-element_type=\"container\">\n\t\t\t\t\t<div class=\"e-con-inner\">\n\t\t<div class=\"elementor-element elementor-element-5058e79 e-flex e-con-boxed e-con e-child\" data-id=\"5058e79\" data-element_type=\"container\">\n\t\t\t\t\t<div class=\"e-con-inner\">\n\t\t<div class=\"elementor-element elementor-element-1ad5f3c e-con-full e-flex e-con e-child\" data-id=\"1ad5f3c\" data-element_type=\"container\">\n\t\t\t\t<div class=\"elementor-element elementor-element-525cde3 elementor-widget elementor-widget-image\" data-id=\"525cde3\" data-element_type=\"widget\" data-widget_type=\"image.default\">\n\t\t\t\t<div class=\"elementor-widget-container\">\n\t\t\t\t\t\t\t\t\t\t\t\t\t\t\t<img decoding=\"async\" width=\"395\" height=\"128\" src=\"https:\/\/nubialabs.com\/wp-content\/uploads\/2023\/10\/visyon360-logo.webp\" class=\"attachment-full size-full wp-image-1653\" alt=\"Visyon 360\" srcset=\"https:\/\/nubialabs.com\/wp-content\/uploads\/2023\/10\/visyon360-logo.webp 395w, https:\/\/nubialabs.com\/wp-content\/uploads\/2023\/10\/visyon360-logo-300x97.webp 300w, https:\/\/nubialabs.com\/wp-content\/uploads\/2023\/10\/visyon360-logo-150x49.webp 150w\" sizes=\"(max-width:767px) 395px, 395px\" \/>\t\t\t\t\t\t\t\t\t\t\t\t\t\t\t<\/div>\n\t\t\t\t<\/div>\n\t\t\t\t<\/div>\n\t\t<div class=\"elementor-element elementor-element-3d14e0e e-con-full e-flex e-con e-child\" data-id=\"3d14e0e\" data-element_type=\"container\">\n\t\t\t\t<div class=\"elementor-element elementor-element-d4b74f7 elementor-widget elementor-widget-text-editor\" data-id=\"d4b74f7\" data-element_type=\"widget\" data-widget_type=\"text-editor.default\">\n\t\t\t\t<div class=\"elementor-widget-container\">\n\t\t\t\t\t\t\t\t\t<h2 class=\"wp-block-heading has-large-font-size\">Mediapro \/ Vysion<\/h2><p>Empresa especialitzada en la producci\u00f3 de continguts audiovisuals immersius.<\/p>\t\t\t\t\t\t\t\t<\/div>\n\t\t\t\t<\/div>\n\t\t\t\t<\/div>\n\t\t\t\t\t<\/div>\n\t\t\t\t<\/div>\n\t\t\t\t\t<\/div>\n\t\t\t\t<\/div>\n\t\t\t\t<\/div>\n\t\t","protected":false},"excerpt":{"rendered":"<p>Jurat En finalitzar el programa d&#8217;incubaci\u00f3, els participants de NubiaLabs tindran l&#8217;oportunitat de presentar el seu projecte i optar a un premi de 1.500\u20ac. El jurat<span class=\"excerpt-hellip\"> [\u2026]<\/span><\/p>\n","protected":false},"author":3,"featured_media":0,"parent":0,"menu_order":0,"comment_status":"closed","ping_status":"closed","template":"","meta":{"footnotes":""},"class_list":["post-1983","page","type-page","status-publish","hentry"],"yoast_head":"<!-- This site is optimized with the Yoast SEO plugin v25.5 - https:\/\/yoast.com\/wordpress\/plugins\/seo\/ -->\n<title>Coneix al jurat que triar\u00e0 el projecte guanyador - NubiaLabs<\/title>\n<meta name=\"description\" content=\"Una selecci\u00f3 d&#039;experts i professionals de la ind\u00fastria avaluaran i premiaran els projectes en el nostre programa.\" \/>\n<meta name=\"robots\" content=\"index, follow, max-snippet:-1, max-image-preview:large, max-video-preview:-1\" \/>\n<link rel=\"canonical\" href=\"https:\/\/nubialabs.com\/ca\/jurat\/\" \/>\n<meta property=\"og:locale\" content=\"ca_ES\" \/>\n<meta property=\"og:type\" content=\"article\" \/>\n<meta property=\"og:title\" content=\"Coneix al jurat que triar\u00e0 el projecte guanyador - NubiaLabs\" \/>\n<meta property=\"og:description\" content=\"Una selecci\u00f3 d&#039;experts i professionals de la ind\u00fastria avaluaran i premiaran els projectes en el nostre programa.\" \/>\n<meta property=\"og:url\" content=\"https:\/\/nubialabs.com\/ca\/jurat\/\" \/>\n<meta property=\"og:site_name\" content=\"NubiaLabs\" \/>\n<meta property=\"article:modified_time\" content=\"2023-10-19T12:23:44+00:00\" \/>\n<meta property=\"og:image\" content=\"https:\/\/nubialabs.com\/wp-content\/uploads\/2023\/05\/ai2-sep1.svg\" \/>\n<meta name=\"twitter:card\" content=\"summary_large_image\" \/>\n<meta name=\"twitter:label1\" content=\"Temps estimat de lectura\" \/>\n\t<meta name=\"twitter:data1\" content=\"2 minuts\" \/>\n<script type=\"application\/ld+json\" class=\"yoast-schema-graph\">{\"@context\":\"https:\/\/schema.org\",\"@graph\":[{\"@type\":\"WebPage\",\"@id\":\"https:\/\/nubialabs.com\/ca\/jurat\/\",\"url\":\"https:\/\/nubialabs.com\/ca\/jurat\/\",\"name\":\"Coneix al jurat que triar\u00e0 el projecte guanyador - NubiaLabs\",\"isPartOf\":{\"@id\":\"https:\/\/nubialabs.com\/ca\/#website\"},\"primaryImageOfPage\":{\"@id\":\"https:\/\/nubialabs.com\/ca\/jurat\/#primaryimage\"},\"image\":{\"@id\":\"https:\/\/nubialabs.com\/ca\/jurat\/#primaryimage\"},\"thumbnailUrl\":\"https:\/\/nubialabs.com\/wp-content\/uploads\/2023\/05\/ai2-sep1.svg\",\"datePublished\":\"2023-10-03T11:38:13+00:00\",\"dateModified\":\"2023-10-19T12:23:44+00:00\",\"description\":\"Una selecci\u00f3 d'experts i professionals de la ind\u00fastria avaluaran i premiaran els projectes en el nostre programa.\",\"breadcrumb\":{\"@id\":\"https:\/\/nubialabs.com\/ca\/jurat\/#breadcrumb\"},\"inLanguage\":\"ca\",\"potentialAction\":[{\"@type\":\"ReadAction\",\"target\":[\"https:\/\/nubialabs.com\/ca\/jurat\/\"]}]},{\"@type\":\"ImageObject\",\"inLanguage\":\"ca\",\"@id\":\"https:\/\/nubialabs.com\/ca\/jurat\/#primaryimage\",\"url\":\"https:\/\/nubialabs.com\/wp-content\/uploads\/2023\/05\/ai2-sep1.svg\",\"contentUrl\":\"https:\/\/nubialabs.com\/wp-content\/uploads\/2023\/05\/ai2-sep1.svg\"},{\"@type\":\"BreadcrumbList\",\"@id\":\"https:\/\/nubialabs.com\/ca\/jurat\/#breadcrumb\",\"itemListElement\":[{\"@type\":\"ListItem\",\"position\":1,\"name\":\"Portada\",\"item\":\"https:\/\/nubialabs.com\/ca\/\"},{\"@type\":\"ListItem\",\"position\":2,\"name\":\"Jurat\"}]},{\"@type\":\"WebSite\",\"@id\":\"https:\/\/nubialabs.com\/ca\/#website\",\"url\":\"https:\/\/nubialabs.com\/ca\/\",\"name\":\"NubiaLabs\",\"description\":\"Incubadora de proyectos art\u00edsticos\",\"publisher\":{\"@id\":\"https:\/\/nubialabs.com\/ca\/#organization\"},\"potentialAction\":[{\"@type\":\"SearchAction\",\"target\":{\"@type\":\"EntryPoint\",\"urlTemplate\":\"https:\/\/nubialabs.com\/ca\/?s={search_term_string}\"},\"query-input\":{\"@type\":\"PropertyValueSpecification\",\"valueRequired\":true,\"valueName\":\"search_term_string\"}}],\"inLanguage\":\"ca\"},{\"@type\":\"Organization\",\"@id\":\"https:\/\/nubialabs.com\/ca\/#organization\",\"name\":\"NubiaLabs\",\"url\":\"https:\/\/nubialabs.com\/ca\/\",\"logo\":{\"@type\":\"ImageObject\",\"inLanguage\":\"ca\",\"@id\":\"https:\/\/nubialabs.com\/ca\/#\/schema\/logo\/image\/\",\"url\":\"https:\/\/nubialabs.com\/wp-content\/uploads\/2023\/10\/Nubialabs_color.webp\",\"contentUrl\":\"https:\/\/nubialabs.com\/wp-content\/uploads\/2023\/10\/Nubialabs_color.webp\",\"width\":2000,\"height\":2000,\"caption\":\"NubiaLabs\"},\"image\":{\"@id\":\"https:\/\/nubialabs.com\/ca\/#\/schema\/logo\/image\/\"}}]}<\/script>\n<!-- \/ Yoast SEO plugin. -->","yoast_head_json":{"title":"Coneix al jurat que triar\u00e0 el projecte guanyador - NubiaLabs","description":"Una selecci\u00f3 d'experts i professionals de la ind\u00fastria avaluaran i premiaran els projectes en el nostre programa.","robots":{"index":"index","follow":"follow","max-snippet":"max-snippet:-1","max-image-preview":"max-image-preview:large","max-video-preview":"max-video-preview:-1"},"canonical":"https:\/\/nubialabs.com\/ca\/jurat\/","og_locale":"ca_ES","og_type":"article","og_title":"Coneix al jurat que triar\u00e0 el projecte guanyador - NubiaLabs","og_description":"Una selecci\u00f3 d'experts i professionals de la ind\u00fastria avaluaran i premiaran els projectes en el nostre programa.","og_url":"https:\/\/nubialabs.com\/ca\/jurat\/","og_site_name":"NubiaLabs","article_modified_time":"2023-10-19T12:23:44+00:00","og_image":[{"url":"https:\/\/nubialabs.com\/wp-content\/uploads\/2023\/05\/ai2-sep1.svg","type":"","width":"","height":""}],"twitter_card":"summary_large_image","twitter_misc":{"Temps estimat de lectura":"2 minuts"},"schema":{"@context":"https:\/\/schema.org","@graph":[{"@type":"WebPage","@id":"https:\/\/nubialabs.com\/ca\/jurat\/","url":"https:\/\/nubialabs.com\/ca\/jurat\/","name":"Coneix al jurat que triar\u00e0 el projecte guanyador - NubiaLabs","isPartOf":{"@id":"https:\/\/nubialabs.com\/ca\/#website"},"primaryImageOfPage":{"@id":"https:\/\/nubialabs.com\/ca\/jurat\/#primaryimage"},"image":{"@id":"https:\/\/nubialabs.com\/ca\/jurat\/#primaryimage"},"thumbnailUrl":"https:\/\/nubialabs.com\/wp-content\/uploads\/2023\/05\/ai2-sep1.svg","datePublished":"2023-10-03T11:38:13+00:00","dateModified":"2023-10-19T12:23:44+00:00","description":"Una selecci\u00f3 d'experts i professionals de la ind\u00fastria avaluaran i premiaran els projectes en el nostre programa.","breadcrumb":{"@id":"https:\/\/nubialabs.com\/ca\/jurat\/#breadcrumb"},"inLanguage":"ca","potentialAction":[{"@type":"ReadAction","target":["https:\/\/nubialabs.com\/ca\/jurat\/"]}]},{"@type":"ImageObject","inLanguage":"ca","@id":"https:\/\/nubialabs.com\/ca\/jurat\/#primaryimage","url":"https:\/\/nubialabs.com\/wp-content\/uploads\/2023\/05\/ai2-sep1.svg","contentUrl":"https:\/\/nubialabs.com\/wp-content\/uploads\/2023\/05\/ai2-sep1.svg"},{"@type":"BreadcrumbList","@id":"https:\/\/nubialabs.com\/ca\/jurat\/#breadcrumb","itemListElement":[{"@type":"ListItem","position":1,"name":"Portada","item":"https:\/\/nubialabs.com\/ca\/"},{"@type":"ListItem","position":2,"name":"Jurat"}]},{"@type":"WebSite","@id":"https:\/\/nubialabs.com\/ca\/#website","url":"https:\/\/nubialabs.com\/ca\/","name":"NubiaLabs","description":"Incubadora de proyectos art\u00edsticos","publisher":{"@id":"https:\/\/nubialabs.com\/ca\/#organization"},"potentialAction":[{"@type":"SearchAction","target":{"@type":"EntryPoint","urlTemplate":"https:\/\/nubialabs.com\/ca\/?s={search_term_string}"},"query-input":{"@type":"PropertyValueSpecification","valueRequired":true,"valueName":"search_term_string"}}],"inLanguage":"ca"},{"@type":"Organization","@id":"https:\/\/nubialabs.com\/ca\/#organization","name":"NubiaLabs","url":"https:\/\/nubialabs.com\/ca\/","logo":{"@type":"ImageObject","inLanguage":"ca","@id":"https:\/\/nubialabs.com\/ca\/#\/schema\/logo\/image\/","url":"https:\/\/nubialabs.com\/wp-content\/uploads\/2023\/10\/Nubialabs_color.webp","contentUrl":"https:\/\/nubialabs.com\/wp-content\/uploads\/2023\/10\/Nubialabs_color.webp","width":2000,"height":2000,"caption":"NubiaLabs"},"image":{"@id":"https:\/\/nubialabs.com\/ca\/#\/schema\/logo\/image\/"}}]}},"_links":{"self":[{"href":"https:\/\/nubialabs.com\/ca\/wp-json\/wp\/v2\/pages\/1983","targetHints":{"allow":["GET"]}}],"collection":[{"href":"https:\/\/nubialabs.com\/ca\/wp-json\/wp\/v2\/pages"}],"about":[{"href":"https:\/\/nubialabs.com\/ca\/wp-json\/wp\/v2\/types\/page"}],"author":[{"embeddable":true,"href":"https:\/\/nubialabs.com\/ca\/wp-json\/wp\/v2\/users\/3"}],"replies":[{"embeddable":true,"href":"https:\/\/nubialabs.com\/ca\/wp-json\/wp\/v2\/comments?post=1983"}],"version-history":[{"count":17,"href":"https:\/\/nubialabs.com\/ca\/wp-json\/wp\/v2\/pages\/1983\/revisions"}],"predecessor-version":[{"id":2863,"href":"https:\/\/nubialabs.com\/ca\/wp-json\/wp\/v2\/pages\/1983\/revisions\/2863"}],"wp:attachment":[{"href":"https:\/\/nubialabs.com\/ca\/wp-json\/wp\/v2\/media?parent=1983"}],"curies":[{"name":"wp","href":"https:\/\/api.w.org\/{rel}","templated":true}]}}