{"id":3099,"date":"2023-11-17T14:53:18","date_gmt":"2023-11-17T13:53:18","guid":{"rendered":"https:\/\/nubialabs.com\/?page_id=3099"},"modified":"2025-02-05T12:10:50","modified_gmt":"2025-02-05T11:10:50","slug":"nubia-comunitat-dinamica","status":"publish","type":"page","link":"https:\/\/nubialabs.com\/ca\/nubia-comunitat-dinamica\/","title":{"rendered":"Nubia Comunitat Din\u00e0mica"},"content":{"rendered":"\t\t<div data-elementor-type=\"wp-page\" data-elementor-id=\"3099\" class=\"elementor elementor-3099 elementor-3098\">\n\t\t\t\t<div class=\"elementor-element elementor-element-f3a62cd e-flex e-con-boxed e-con e-parent\" data-id=\"f3a62cd\" data-element_type=\"container\">\n\t\t\t\t\t<div class=\"e-con-inner\">\n\t\t\t\t<div class=\"elementor-element elementor-element-025634e elementor-widget elementor-widget-heading\" data-id=\"025634e\" data-element_type=\"widget\" data-widget_type=\"heading.default\">\n\t\t\t\t<div class=\"elementor-widget-container\">\n\t\t\t\t\t<h1 class=\"elementor-heading-title elementor-size-default\">Nubia Comunitat Din\u00e1mica<\/h1>\t\t\t\t<\/div>\n\t\t\t\t<\/div>\n\t\t\t\t\t<\/div>\n\t\t\t\t<\/div>\n\t\t<div class=\"elementor-element elementor-element-0e89c7f e-flex e-con-boxed e-con e-parent\" data-id=\"0e89c7f\" data-element_type=\"container\">\n\t\t\t\t\t<div class=\"e-con-inner\">\n\t\t\t\t<div class=\"elementor-element elementor-element-7162d66 elementor-widget elementor-widget-image\" data-id=\"7162d66\" data-element_type=\"widget\" data-widget_type=\"image.default\">\n\t\t\t\t<div class=\"elementor-widget-container\">\n\t\t\t\t\t\t\t\t\t\t\t\t\t\t\t<img decoding=\"async\" src=\"https:\/\/nubialabs.com\/wp-content\/uploads\/2023\/05\/ai2-sep1.svg\" title=\"\" alt=\"\" loading=\"lazy\" \/>\t\t\t\t\t\t\t\t\t\t\t\t\t\t\t<\/div>\n\t\t\t\t<\/div>\n\t\t\t\t\t<\/div>\n\t\t\t\t<\/div>\n\t\t<div class=\"elementor-element elementor-element-8062903 e-flex e-con-boxed e-con e-parent\" data-id=\"8062903\" data-element_type=\"container\">\n\t\t\t\t\t<div class=\"e-con-inner\">\n\t\t\t\t<div class=\"elementor-element elementor-element-37e2362 elementor-widget elementor-widget-text-editor\" data-id=\"37e2362\" data-element_type=\"widget\" data-widget_type=\"text-editor.default\">\n\t\t\t\t<div class=\"elementor-widget-container\">\n\t\t\t\t\t\t\t\t\t<p><span style=\"font-weight: 400;\">NUBIA Comunitat Din\u00e0mica \u00e9s una nova iniciativa d&#8217;ESPRONCEDA que comen\u00e7a amb dues jornades activadores d&#8217;una nova comunitat de p\u00fablic creatiu i participatiu. Utilitzant les noves tecnologies com a realitat virtual, realitat augmentada, intel\u00b7lig\u00e8ncia artificial i dispositius h\u00e0ptics, els participants s\u00f3n co-creadors d&#8217;experi\u00e8ncies\/objectes digitals a trav\u00e9s de la seva participaci\u00f3 din\u00e0mica\/performativa en una s\u00e8rie d&#8217;experi\u00e8ncies proposades en dues jornades, els dies 22 i 23 de novembre.\u00a0<\/span><\/p><p>\u00a0<\/p><p><span style=\"font-weight: 400;\">A m\u00e9s, aquestes jornades inclouen formaci\u00f3 en \u201cstorytelling\u201d immersiu i interactiu i tecnologies clau com els dispositius h\u00e0ptics. Els participants en aquestes jornades passen a ser integrants d&#8217;una comunitat que fomenta la co-creativitat i l&#8217;assist\u00e8ncia a esdeveniments\/exposicions interactives. La comunitat \u00e9s activada mitjan\u00e7ant una comunitat online basada en la web i un metavers online que ofereix informaci\u00f3 i permet el contacte de p\u00fablic i creadors.<\/span><\/p><p><strong><br \/>Dia 22 de novembre: De 11 a 16h.<\/strong><\/p><p><span style=\"font-weight: 400;\">11:00 &#8211; 11:30. Recepci\u00f3 dels participants. Explicaci\u00f3 de les activitats de les dues jornades NUBIA Comunitat din\u00e0mica.<\/span><\/p><p><span style=\"font-weight: 400;\">11:30 &#8211; 12:30. Intel.lig\u00e8ncia Artificial creativa. Cas d\u2019estudi: Common-AI-verse. CSIC-IIIA. Dr. Jordi Sabater\/ Dra. Lissette Lemus.<\/span><\/p><p><span style=\"font-weight: 400;\">12:30 &#8211; 13:00. Introducci\u00f3 a la comunitat online NUBIA.<\/span><\/p><p><span style=\"font-weight: 400;\">13:00 &#8211; 14:00. Entrepans i begudes.<\/span><\/p><p><span style=\"font-weight: 400;\">14:00 &#8211; 16:00. Participaci\u00f3 activa a la instal\u00b7laci\u00f3 performativa LOVE VIBES.<\/span><\/p><p>\u00a0<\/p><p><strong>Dia 23 de novembre. De 11 a 16h.<\/strong><\/p><p><span style=\"font-weight: 400;\">11:00 &#8211; 11:30. Recepci\u00f3 dels participants. Resum de la jornada anterior.<\/span><\/p><p><span style=\"font-weight: 400;\">11:30 &#8211; 12:30. Creaci\u00f3 de \u201cstorytelling\u201d per instal.lacions inmersives e interactives.<\/span><\/p><p><span style=\"font-weight: 400;\">12:30 &#8211; 13:30. Taller de co-creaci\u00f3 de comunitats.<\/span><\/p><p><span style=\"font-weight: 400;\">13:30 &#8211; 15:00. Temps de menjar i trasllat al CCCB.<\/span><\/p><p><span style=\"font-weight: 400;\">15:00 &#8211; 16:00. Participaci\u00f3 guiada a la instal\u00b7laci\u00f3 COMMON-AI-VERS<\/span><\/p><p><span style=\"font-weight: 400;\">Per participar a les activitats inmersives, cal inscripci\u00f3 pr\u00e8via:<\/span><\/p><p><a href=\"https:\/\/lc.cx\/KJwHBn\">https:\/\/lc.cx\/KJwHBn<\/a><\/p>\t\t\t\t\t\t\t\t<\/div>\n\t\t\t\t<\/div>\n\t\t\t\t\t<\/div>\n\t\t\t\t<\/div>\n\t\t<div class=\"elementor-element elementor-element-2bed6d3 e-flex e-con-boxed e-con e-parent\" data-id=\"2bed6d3\" data-element_type=\"container\">\n\t\t\t\t\t<div class=\"e-con-inner\">\n\t\t\t\t<div class=\"elementor-element elementor-element-1490eb0 elementor-widget elementor-widget-image\" data-id=\"1490eb0\" data-element_type=\"widget\" data-widget_type=\"image.default\">\n\t\t\t\t<div class=\"elementor-widget-container\">\n\t\t\t\t\t\t\t\t\t\t\t\t\t\t\t<img fetchpriority=\"high\" decoding=\"async\" width=\"768\" height=\"960\" src=\"https:\/\/nubialabs.com\/wp-content\/uploads\/2023\/11\/Final-Nubia-Comunitat-Dinamica--768x960.webp\" class=\"attachment-medium_large size-medium_large wp-image-3106\" alt=\"Nubia Comunitat Dinamica\" srcset=\"https:\/\/nubialabs.com\/wp-content\/uploads\/2023\/11\/Final-Nubia-Comunitat-Dinamica--768x960.webp 768w, https:\/\/nubialabs.com\/wp-content\/uploads\/2023\/11\/Final-Nubia-Comunitat-Dinamica--400x500.webp 400w, https:\/\/nubialabs.com\/wp-content\/uploads\/2023\/11\/Final-Nubia-Comunitat-Dinamica--240x300.webp 240w, https:\/\/nubialabs.com\/wp-content\/uploads\/2023\/11\/Final-Nubia-Comunitat-Dinamica--60x75.webp 60w, https:\/\/nubialabs.com\/wp-content\/uploads\/2023\/11\/Final-Nubia-Comunitat-Dinamica--480x600.webp 480w\" sizes=\"(max-width:767px) 480px, (max-width:768px) 100vw, 768px\" \/>\t\t\t\t\t\t\t\t\t\t\t\t\t\t\t<\/div>\n\t\t\t\t<\/div>\n\t\t\t\t\t<\/div>\n\t\t\t\t<\/div>\n\t\t\t\t<\/div>\n\t\t","protected":false},"excerpt":{"rendered":"<p>Nubia Comunitat Din\u00e1mica NUBIA Comunitat Din\u00e0mica \u00e9s una nova iniciativa d&#8217;ESPRONCEDA que comen\u00e7a amb dues jornades activadores d&#8217;una nova comunitat de p\u00fablic creatiu i participatiu. Utilitzant<span class=\"excerpt-hellip\"> [\u2026]<\/span><\/p>\n","protected":false},"author":2,"featured_media":0,"parent":0,"menu_order":0,"comment_status":"closed","ping_status":"closed","template":"","meta":{"footnotes":""},"class_list":["post-3099","page","type-page","status-publish","hentry"],"yoast_head":"<!-- This site is optimized with the Yoast SEO plugin v25.5 - https:\/\/yoast.com\/wordpress\/plugins\/seo\/ -->\n<title>Nubia Comunitat Din\u00e0mica - NubiaLabs<\/title>\n<meta name=\"description\" content=\"Descobreix totes les iniciatives i activitats que Nubia posa al servei de la comunitat per a fomentar la creativitat.\" \/>\n<meta name=\"robots\" content=\"index, follow, max-snippet:-1, max-image-preview:large, max-video-preview:-1\" \/>\n<link rel=\"canonical\" href=\"https:\/\/nubialabs.com\/ca\/nubia-comunitat-dinamica\/\" \/>\n<meta property=\"og:locale\" content=\"ca_ES\" \/>\n<meta property=\"og:type\" content=\"article\" \/>\n<meta property=\"og:title\" content=\"Nubia Comunitat Din\u00e0mica - NubiaLabs\" \/>\n<meta property=\"og:description\" content=\"Descobreix totes les iniciatives i activitats que Nubia posa al servei de la comunitat per a fomentar la creativitat.\" \/>\n<meta property=\"og:url\" content=\"https:\/\/nubialabs.com\/ca\/nubia-comunitat-dinamica\/\" \/>\n<meta property=\"og:site_name\" content=\"NubiaLabs\" \/>\n<meta property=\"article:modified_time\" content=\"2025-02-05T11:10:50+00:00\" \/>\n<meta property=\"og:image\" content=\"https:\/\/nubialabs.com\/wp-content\/uploads\/2023\/05\/ai2-sep1.svg\" \/>\n<meta name=\"twitter:card\" content=\"summary_large_image\" \/>\n<meta name=\"twitter:label1\" content=\"Temps estimat de lectura\" \/>\n\t<meta name=\"twitter:data1\" content=\"2 minuts\" \/>\n<script type=\"application\/ld+json\" class=\"yoast-schema-graph\">{\"@context\":\"https:\/\/schema.org\",\"@graph\":[{\"@type\":\"WebPage\",\"@id\":\"https:\/\/nubialabs.com\/ca\/nubia-comunitat-dinamica\/\",\"url\":\"https:\/\/nubialabs.com\/ca\/nubia-comunitat-dinamica\/\",\"name\":\"Nubia Comunitat Din\u00e0mica - NubiaLabs\",\"isPartOf\":{\"@id\":\"https:\/\/nubialabs.com\/ca\/#website\"},\"primaryImageOfPage\":{\"@id\":\"https:\/\/nubialabs.com\/ca\/nubia-comunitat-dinamica\/#primaryimage\"},\"image\":{\"@id\":\"https:\/\/nubialabs.com\/ca\/nubia-comunitat-dinamica\/#primaryimage\"},\"thumbnailUrl\":\"https:\/\/nubialabs.com\/wp-content\/uploads\/2023\/05\/ai2-sep1.svg\",\"datePublished\":\"2023-11-17T13:53:18+00:00\",\"dateModified\":\"2025-02-05T11:10:50+00:00\",\"description\":\"Descobreix totes les iniciatives i activitats que Nubia posa al servei de la comunitat per a fomentar la creativitat.\",\"breadcrumb\":{\"@id\":\"https:\/\/nubialabs.com\/ca\/nubia-comunitat-dinamica\/#breadcrumb\"},\"inLanguage\":\"ca\",\"potentialAction\":[{\"@type\":\"ReadAction\",\"target\":[\"https:\/\/nubialabs.com\/ca\/nubia-comunitat-dinamica\/\"]}]},{\"@type\":\"ImageObject\",\"inLanguage\":\"ca\",\"@id\":\"https:\/\/nubialabs.com\/ca\/nubia-comunitat-dinamica\/#primaryimage\",\"url\":\"https:\/\/nubialabs.com\/wp-content\/uploads\/2023\/05\/ai2-sep1.svg\",\"contentUrl\":\"https:\/\/nubialabs.com\/wp-content\/uploads\/2023\/05\/ai2-sep1.svg\"},{\"@type\":\"BreadcrumbList\",\"@id\":\"https:\/\/nubialabs.com\/ca\/nubia-comunitat-dinamica\/#breadcrumb\",\"itemListElement\":[{\"@type\":\"ListItem\",\"position\":1,\"name\":\"Portada\",\"item\":\"https:\/\/nubialabs.com\/ca\/\"},{\"@type\":\"ListItem\",\"position\":2,\"name\":\"Nubia Comunitat Din\u00e0mica\"}]},{\"@type\":\"WebSite\",\"@id\":\"https:\/\/nubialabs.com\/ca\/#website\",\"url\":\"https:\/\/nubialabs.com\/ca\/\",\"name\":\"NubiaLabs\",\"description\":\"Incubadora de proyectos art\u00edsticos\",\"publisher\":{\"@id\":\"https:\/\/nubialabs.com\/ca\/#organization\"},\"potentialAction\":[{\"@type\":\"SearchAction\",\"target\":{\"@type\":\"EntryPoint\",\"urlTemplate\":\"https:\/\/nubialabs.com\/ca\/?s={search_term_string}\"},\"query-input\":{\"@type\":\"PropertyValueSpecification\",\"valueRequired\":true,\"valueName\":\"search_term_string\"}}],\"inLanguage\":\"ca\"},{\"@type\":\"Organization\",\"@id\":\"https:\/\/nubialabs.com\/ca\/#organization\",\"name\":\"NubiaLabs\",\"url\":\"https:\/\/nubialabs.com\/ca\/\",\"logo\":{\"@type\":\"ImageObject\",\"inLanguage\":\"ca\",\"@id\":\"https:\/\/nubialabs.com\/ca\/#\/schema\/logo\/image\/\",\"url\":\"https:\/\/nubialabs.com\/wp-content\/uploads\/2023\/10\/Nubialabs_color.webp\",\"contentUrl\":\"https:\/\/nubialabs.com\/wp-content\/uploads\/2023\/10\/Nubialabs_color.webp\",\"width\":2000,\"height\":2000,\"caption\":\"NubiaLabs\"},\"image\":{\"@id\":\"https:\/\/nubialabs.com\/ca\/#\/schema\/logo\/image\/\"}}]}<\/script>\n<!-- \/ Yoast SEO plugin. -->","yoast_head_json":{"title":"Nubia Comunitat Din\u00e0mica - NubiaLabs","description":"Descobreix totes les iniciatives i activitats que Nubia posa al servei de la comunitat per a fomentar la creativitat.","robots":{"index":"index","follow":"follow","max-snippet":"max-snippet:-1","max-image-preview":"max-image-preview:large","max-video-preview":"max-video-preview:-1"},"canonical":"https:\/\/nubialabs.com\/ca\/nubia-comunitat-dinamica\/","og_locale":"ca_ES","og_type":"article","og_title":"Nubia Comunitat Din\u00e0mica - NubiaLabs","og_description":"Descobreix totes les iniciatives i activitats que Nubia posa al servei de la comunitat per a fomentar la creativitat.","og_url":"https:\/\/nubialabs.com\/ca\/nubia-comunitat-dinamica\/","og_site_name":"NubiaLabs","article_modified_time":"2025-02-05T11:10:50+00:00","og_image":[{"url":"https:\/\/nubialabs.com\/wp-content\/uploads\/2023\/05\/ai2-sep1.svg","type":"","width":"","height":""}],"twitter_card":"summary_large_image","twitter_misc":{"Temps estimat de lectura":"2 minuts"},"schema":{"@context":"https:\/\/schema.org","@graph":[{"@type":"WebPage","@id":"https:\/\/nubialabs.com\/ca\/nubia-comunitat-dinamica\/","url":"https:\/\/nubialabs.com\/ca\/nubia-comunitat-dinamica\/","name":"Nubia Comunitat Din\u00e0mica - NubiaLabs","isPartOf":{"@id":"https:\/\/nubialabs.com\/ca\/#website"},"primaryImageOfPage":{"@id":"https:\/\/nubialabs.com\/ca\/nubia-comunitat-dinamica\/#primaryimage"},"image":{"@id":"https:\/\/nubialabs.com\/ca\/nubia-comunitat-dinamica\/#primaryimage"},"thumbnailUrl":"https:\/\/nubialabs.com\/wp-content\/uploads\/2023\/05\/ai2-sep1.svg","datePublished":"2023-11-17T13:53:18+00:00","dateModified":"2025-02-05T11:10:50+00:00","description":"Descobreix totes les iniciatives i activitats que Nubia posa al servei de la comunitat per a fomentar la creativitat.","breadcrumb":{"@id":"https:\/\/nubialabs.com\/ca\/nubia-comunitat-dinamica\/#breadcrumb"},"inLanguage":"ca","potentialAction":[{"@type":"ReadAction","target":["https:\/\/nubialabs.com\/ca\/nubia-comunitat-dinamica\/"]}]},{"@type":"ImageObject","inLanguage":"ca","@id":"https:\/\/nubialabs.com\/ca\/nubia-comunitat-dinamica\/#primaryimage","url":"https:\/\/nubialabs.com\/wp-content\/uploads\/2023\/05\/ai2-sep1.svg","contentUrl":"https:\/\/nubialabs.com\/wp-content\/uploads\/2023\/05\/ai2-sep1.svg"},{"@type":"BreadcrumbList","@id":"https:\/\/nubialabs.com\/ca\/nubia-comunitat-dinamica\/#breadcrumb","itemListElement":[{"@type":"ListItem","position":1,"name":"Portada","item":"https:\/\/nubialabs.com\/ca\/"},{"@type":"ListItem","position":2,"name":"Nubia Comunitat Din\u00e0mica"}]},{"@type":"WebSite","@id":"https:\/\/nubialabs.com\/ca\/#website","url":"https:\/\/nubialabs.com\/ca\/","name":"NubiaLabs","description":"Incubadora de proyectos art\u00edsticos","publisher":{"@id":"https:\/\/nubialabs.com\/ca\/#organization"},"potentialAction":[{"@type":"SearchAction","target":{"@type":"EntryPoint","urlTemplate":"https:\/\/nubialabs.com\/ca\/?s={search_term_string}"},"query-input":{"@type":"PropertyValueSpecification","valueRequired":true,"valueName":"search_term_string"}}],"inLanguage":"ca"},{"@type":"Organization","@id":"https:\/\/nubialabs.com\/ca\/#organization","name":"NubiaLabs","url":"https:\/\/nubialabs.com\/ca\/","logo":{"@type":"ImageObject","inLanguage":"ca","@id":"https:\/\/nubialabs.com\/ca\/#\/schema\/logo\/image\/","url":"https:\/\/nubialabs.com\/wp-content\/uploads\/2023\/10\/Nubialabs_color.webp","contentUrl":"https:\/\/nubialabs.com\/wp-content\/uploads\/2023\/10\/Nubialabs_color.webp","width":2000,"height":2000,"caption":"NubiaLabs"},"image":{"@id":"https:\/\/nubialabs.com\/ca\/#\/schema\/logo\/image\/"}}]}},"_links":{"self":[{"href":"https:\/\/nubialabs.com\/ca\/wp-json\/wp\/v2\/pages\/3099","targetHints":{"allow":["GET"]}}],"collection":[{"href":"https:\/\/nubialabs.com\/ca\/wp-json\/wp\/v2\/pages"}],"about":[{"href":"https:\/\/nubialabs.com\/ca\/wp-json\/wp\/v2\/types\/page"}],"author":[{"embeddable":true,"href":"https:\/\/nubialabs.com\/ca\/wp-json\/wp\/v2\/users\/2"}],"replies":[{"embeddable":true,"href":"https:\/\/nubialabs.com\/ca\/wp-json\/wp\/v2\/comments?post=3099"}],"version-history":[{"count":11,"href":"https:\/\/nubialabs.com\/ca\/wp-json\/wp\/v2\/pages\/3099\/revisions"}],"predecessor-version":[{"id":4364,"href":"https:\/\/nubialabs.com\/ca\/wp-json\/wp\/v2\/pages\/3099\/revisions\/4364"}],"wp:attachment":[{"href":"https:\/\/nubialabs.com\/ca\/wp-json\/wp\/v2\/media?parent=3099"}],"curies":[{"name":"wp","href":"https:\/\/api.w.org\/{rel}","templated":true}]}}