{"id":3131,"date":"2023-11-17T15:54:01","date_gmt":"2023-11-17T14:54:01","guid":{"rendered":"https:\/\/nubialabs.com\/?page_id=3131"},"modified":"2025-01-20T13:32:05","modified_gmt":"2025-01-20T12:32:05","slug":"open-call-nubialab-metaverse-navas","status":"publish","type":"page","link":"https:\/\/nubialabs.com\/ca\/open-call-nubialab-metaverse-navas\/","title":{"rendered":"Open Call Nubia Lab Metavers Navas 2023"},"content":{"rendered":"\t\t<div data-elementor-type=\"wp-page\" data-elementor-id=\"3131\" class=\"elementor elementor-3131 elementor-3130\">\n\t\t\t\t<div class=\"elementor-element elementor-element-f3a62cd e-flex e-con-boxed e-con e-parent\" data-id=\"f3a62cd\" data-element_type=\"container\">\n\t\t\t\t\t<div class=\"e-con-inner\">\n\t\t\t\t<div class=\"elementor-element elementor-element-025634e elementor-widget elementor-widget-heading\" data-id=\"025634e\" data-element_type=\"widget\" data-widget_type=\"heading.default\">\n\t\t\t\t<div class=\"elementor-widget-container\">\n\t\t\t\t\t<h1 class=\"elementor-heading-title elementor-size-default\">Open Call Nubia Lab Metavers Navas<\/h1>\t\t\t\t<\/div>\n\t\t\t\t<\/div>\n\t\t\t\t\t<\/div>\n\t\t\t\t<\/div>\n\t\t<div class=\"elementor-element elementor-element-0e89c7f e-flex e-con-boxed e-con e-parent\" data-id=\"0e89c7f\" data-element_type=\"container\">\n\t\t\t\t\t<div class=\"e-con-inner\">\n\t\t\t\t<div class=\"elementor-element elementor-element-7162d66 elementor-widget elementor-widget-image\" data-id=\"7162d66\" data-element_type=\"widget\" data-widget_type=\"image.default\">\n\t\t\t\t<div class=\"elementor-widget-container\">\n\t\t\t\t\t\t\t\t\t\t\t\t\t\t\t<img decoding=\"async\" src=\"https:\/\/nubialabs.com\/wp-content\/uploads\/2023\/05\/ai2-sep1.svg\" title=\"\" alt=\"\" loading=\"lazy\" \/>\t\t\t\t\t\t\t\t\t\t\t\t\t\t\t<\/div>\n\t\t\t\t<\/div>\n\t\t\t\t\t<\/div>\n\t\t\t\t<\/div>\n\t\t<div class=\"elementor-element elementor-element-8062903 e-flex e-con-boxed e-con e-parent\" data-id=\"8062903\" data-element_type=\"container\">\n\t\t\t\t\t<div class=\"e-con-inner\">\n\t\t\t\t<div class=\"elementor-element elementor-element-37e2362 elementor-widget elementor-widget-text-editor\" data-id=\"37e2362\" data-element_type=\"widget\" data-widget_type=\"text-editor.default\">\n\t\t\t\t<div class=\"elementor-widget-container\">\n\t\t\t\t\t\t\t\t\t<p><span style=\"font-weight: 400;\">NUBIA (NFT Universe in the Blockchain for International Artists) \u00e9s una nova plataforma llan\u00e7ada per produir projectes relacionats amb els metaversos liminals, entre all\u00f2 f\u00edsic i all\u00f2 digital.<\/span><\/p><p><span style=\"font-weight: 400;\">La creaci\u00f3 de Metaversos i la generaci\u00f3 de noves experi\u00e8ncies \u00e9s explorada per diferents col\u00b7lectius art\u00edstics\/universitaris\/ciutadans que s\u00f3n convidats a formar part del col\u00b7lectiu NUBIA, on reben formaci\u00f3, assessorament i acompanyament a les primeres fases del projecte. Aquestes propostes, entre all\u00f2 f\u00edsic i all\u00f2 digital, es connecten a l&#8217;economia blockchain, a trav\u00e9s de la generaci\u00f3 de NFTs associats a obres art\u00edstiques digitals i tamb\u00e9 a obres f\u00edsiques.<\/span><\/p><div class=\"docos-collapsible-replyview\"><div class=\"docos-replyview-static\"><div class=\"docos-replyview-body docos-anchoredreplyview-body docos-replyview-body-emoji-reactable\" dir=\"ltr\">NUBIA Lab ha organitzat una convocatoria per escollir 5 participants, prioritzan gent jove (18-30 anys),\u00a0 dones o col.lectiu LGTBI+, no sent excloent l&#8217;edat si es troben persones motivades d&#8217;altres grups d&#8217;edat. Les dues setmanes de co-creaci\u00f3 son presencials, als matins, de 11 a 14h els dies laborables, i es coordina amb el col.lectiu Be Another Lab. Tot el grup de 5 persones treballen al mateix projecte, fomentant la negociaci\u00f3 i la col.laboraci\u00f3. El resultat creatiu, un metavers liminal entre allo real\/analogic i allo virtual\/ digital sera mostrat als ve\u00efns en una jornada de portes obertes feta en col\u00b7laboraci\u00f3 amb les associacions ve\u00efnals del barri de Navas i Sant Andreu.<\/div><\/div><\/div><p>\u00a0<\/p><p><strong><br \/>Els objectius de NUBIA Lab Metavers NAVAS son:<\/strong><\/p><p><span style=\"font-weight: 400;\">1) Crear un Metavers de forma col\u00b7laborativa i que tingui una arrel\/ connexi\u00f3 amb el barri de Navas.<\/span><\/p><p><span style=\"font-weight: 400;\"><br \/>2) NUBIA Lab afavoreix un entorn segur, perqu\u00e8 els equips de ciutadans puguin crear el seu primer projecte Metavers ( Web 3, liminal: f\u00edsic + digital) i pensar a la generaci\u00f3 de beneficis per la seva comercialitzaci\u00f3 mitjan\u00e7ant NFTs de les obres f\u00edsiques, objectes digitals i experi\u00e8ncies immersives.<\/span><\/p><p>\u00a0<\/p><p><span style=\"font-weight: 400;\">3) Oferir formaci\u00f3 inicial i motivadora a trav\u00e9s de tallers presencials: ideaci\u00f3 i creaci\u00f3 de metaversos, tecnologies immersives de realitat expandida (VR, AR, projecci\u00f3 360), so 3D, entorns multisensorials (tacte, olfacte, etc) , projectes multi-plataforma, creaci\u00f3 de NFTs per la monetitzaci\u00f3 i protecci\u00f3 de la propietat intel\u00b7lectual, etc.<\/span><\/p><p>\u00a0<\/p><p><span style=\"font-weight: 400;\">4) Generar comunitats creatives i de creixement mutu, que substitueixen les tradicionals xarxes socials.<\/span><\/p><p><span style=\"font-weight: 400;\"><br \/>Per participar, cal cal inscripci\u00f3 pr\u00e8via:<\/span><\/p><p><a href=\"https:\/\/docs.google.com\/forms\/d\/e\/1FAIpQLSde6a0xSxwl8BPXy1u3dZMUth6Fo09yLziM8DXbeYPNZB2htg\/viewform\"><span style=\"font-weight: 400;\">https:\/\/docs.google.com\/forms\/d\/e\/1FAIpQLSde6a0xSxwl8BPXy1u3dZMUth6Fo09yLziM8DXbeYPNZB2htg\/viewform<\/span><\/a><\/p>\t\t\t\t\t\t\t\t<\/div>\n\t\t\t\t<\/div>\n\t\t\t\t\t<\/div>\n\t\t\t\t<\/div>\n\t\t<div class=\"elementor-element elementor-element-2bed6d3 e-flex e-con-boxed e-con e-parent\" data-id=\"2bed6d3\" data-element_type=\"container\">\n\t\t\t\t\t<div class=\"e-con-inner\">\n\t\t\t\t<div class=\"elementor-element elementor-element-1490eb0 elementor-widget elementor-widget-image\" data-id=\"1490eb0\" data-element_type=\"widget\" data-widget_type=\"image.default\">\n\t\t\t\t<div class=\"elementor-widget-container\">\n\t\t\t\t\t\t\t\t\t\t\t\t\t\t\t<img fetchpriority=\"high\" decoding=\"async\" width=\"768\" height=\"960\" src=\"https:\/\/nubialabs.com\/wp-content\/uploads\/2023\/12\/nubia-lab-metavers_final-flyer-191223-768x960.webp\" class=\"attachment-medium_large size-medium_large wp-image-3228\" alt=\"Nubia Lab Metavers Navas\" srcset=\"https:\/\/nubialabs.com\/wp-content\/uploads\/2023\/12\/nubia-lab-metavers_final-flyer-191223-768x960.webp 768w, https:\/\/nubialabs.com\/wp-content\/uploads\/2023\/12\/nubia-lab-metavers_final-flyer-191223-400x500.webp 400w, https:\/\/nubialabs.com\/wp-content\/uploads\/2023\/12\/nubia-lab-metavers_final-flyer-191223-240x300.webp 240w, https:\/\/nubialabs.com\/wp-content\/uploads\/2023\/12\/nubia-lab-metavers_final-flyer-191223-60x75.webp 60w, https:\/\/nubialabs.com\/wp-content\/uploads\/2023\/12\/nubia-lab-metavers_final-flyer-191223-480x600.webp 480w\" sizes=\"(max-width:767px) 480px, (max-width:768px) 100vw, 768px\" \/>\t\t\t\t\t\t\t\t\t\t\t\t\t\t\t<\/div>\n\t\t\t\t<\/div>\n\t\t\t\t\t<\/div>\n\t\t\t\t<\/div>\n\t\t\t\t<\/div>\n\t\t","protected":false},"excerpt":{"rendered":"<p>Open Call Nubia Lab Metavers Navas NUBIA (NFT Universe in the Blockchain for International Artists) \u00e9s una nova plataforma llan\u00e7ada per produir projectes relacionats amb els<span class=\"excerpt-hellip\"> [\u2026]<\/span><\/p>\n","protected":false},"author":2,"featured_media":0,"parent":0,"menu_order":0,"comment_status":"closed","ping_status":"closed","template":"","meta":{"footnotes":""},"class_list":["post-3131","page","type-page","status-publish","hentry"],"yoast_head":"<!-- This site is optimized with the Yoast SEO plugin v25.5 - https:\/\/yoast.com\/wordpress\/plugins\/seo\/ -->\n<title>Nubia Lab Metavers Navas - NubiaLabs<\/title>\n<meta name=\"description\" content=\"Tu tamb\u00e9 pots participar en la creaci\u00f3 d&#039;un Metavers col\u00b7laboratiu que tingui connexi\u00f3 amb el barri de Navas.\" \/>\n<meta name=\"robots\" content=\"index, follow, max-snippet:-1, max-image-preview:large, max-video-preview:-1\" \/>\n<link rel=\"canonical\" href=\"https:\/\/nubialabs.com\/ca\/open-call-nubialab-metaverse-navas\/\" \/>\n<meta property=\"og:locale\" content=\"ca_ES\" \/>\n<meta property=\"og:type\" content=\"article\" \/>\n<meta property=\"og:title\" content=\"Nubia Lab Metavers Navas - NubiaLabs\" \/>\n<meta property=\"og:description\" content=\"Tu tamb\u00e9 pots participar en la creaci\u00f3 d&#039;un Metavers col\u00b7laboratiu que tingui connexi\u00f3 amb el barri de Navas.\" \/>\n<meta property=\"og:url\" content=\"https:\/\/nubialabs.com\/ca\/open-call-nubialab-metaverse-navas\/\" \/>\n<meta property=\"og:site_name\" content=\"NubiaLabs\" \/>\n<meta property=\"article:modified_time\" content=\"2025-01-20T12:32:05+00:00\" \/>\n<meta property=\"og:image\" content=\"https:\/\/nubialabs.com\/wp-content\/uploads\/2023\/05\/ai2-sep1.svg\" \/>\n<meta name=\"twitter:card\" content=\"summary_large_image\" \/>\n<script type=\"application\/ld+json\" class=\"yoast-schema-graph\">{\"@context\":\"https:\/\/schema.org\",\"@graph\":[{\"@type\":\"WebPage\",\"@id\":\"https:\/\/nubialabs.com\/ca\/open-call-nubialab-metaverse-navas\/\",\"url\":\"https:\/\/nubialabs.com\/ca\/open-call-nubialab-metaverse-navas\/\",\"name\":\"Nubia Lab Metavers Navas - NubiaLabs\",\"isPartOf\":{\"@id\":\"https:\/\/nubialabs.com\/ca\/#website\"},\"primaryImageOfPage\":{\"@id\":\"https:\/\/nubialabs.com\/ca\/open-call-nubialab-metaverse-navas\/#primaryimage\"},\"image\":{\"@id\":\"https:\/\/nubialabs.com\/ca\/open-call-nubialab-metaverse-navas\/#primaryimage\"},\"thumbnailUrl\":\"https:\/\/nubialabs.com\/wp-content\/uploads\/2023\/05\/ai2-sep1.svg\",\"datePublished\":\"2023-11-17T14:54:01+00:00\",\"dateModified\":\"2025-01-20T12:32:05+00:00\",\"description\":\"Tu tamb\u00e9 pots participar en la creaci\u00f3 d'un Metavers col\u00b7laboratiu que tingui connexi\u00f3 amb el barri de Navas.\",\"breadcrumb\":{\"@id\":\"https:\/\/nubialabs.com\/ca\/open-call-nubialab-metaverse-navas\/#breadcrumb\"},\"inLanguage\":\"ca\",\"potentialAction\":[{\"@type\":\"ReadAction\",\"target\":[\"https:\/\/nubialabs.com\/ca\/open-call-nubialab-metaverse-navas\/\"]}]},{\"@type\":\"ImageObject\",\"inLanguage\":\"ca\",\"@id\":\"https:\/\/nubialabs.com\/ca\/open-call-nubialab-metaverse-navas\/#primaryimage\",\"url\":\"https:\/\/nubialabs.com\/wp-content\/uploads\/2023\/05\/ai2-sep1.svg\",\"contentUrl\":\"https:\/\/nubialabs.com\/wp-content\/uploads\/2023\/05\/ai2-sep1.svg\"},{\"@type\":\"BreadcrumbList\",\"@id\":\"https:\/\/nubialabs.com\/ca\/open-call-nubialab-metaverse-navas\/#breadcrumb\",\"itemListElement\":[{\"@type\":\"ListItem\",\"position\":1,\"name\":\"Portada\",\"item\":\"https:\/\/nubialabs.com\/ca\/\"},{\"@type\":\"ListItem\",\"position\":2,\"name\":\"Open Call Nubia Lab Metavers Navas 2023\"}]},{\"@type\":\"WebSite\",\"@id\":\"https:\/\/nubialabs.com\/ca\/#website\",\"url\":\"https:\/\/nubialabs.com\/ca\/\",\"name\":\"NubiaLabs\",\"description\":\"Incubadora de proyectos art\u00edsticos\",\"publisher\":{\"@id\":\"https:\/\/nubialabs.com\/ca\/#organization\"},\"potentialAction\":[{\"@type\":\"SearchAction\",\"target\":{\"@type\":\"EntryPoint\",\"urlTemplate\":\"https:\/\/nubialabs.com\/ca\/?s={search_term_string}\"},\"query-input\":{\"@type\":\"PropertyValueSpecification\",\"valueRequired\":true,\"valueName\":\"search_term_string\"}}],\"inLanguage\":\"ca\"},{\"@type\":\"Organization\",\"@id\":\"https:\/\/nubialabs.com\/ca\/#organization\",\"name\":\"NubiaLabs\",\"url\":\"https:\/\/nubialabs.com\/ca\/\",\"logo\":{\"@type\":\"ImageObject\",\"inLanguage\":\"ca\",\"@id\":\"https:\/\/nubialabs.com\/ca\/#\/schema\/logo\/image\/\",\"url\":\"https:\/\/nubialabs.com\/wp-content\/uploads\/2023\/10\/Nubialabs_color.webp\",\"contentUrl\":\"https:\/\/nubialabs.com\/wp-content\/uploads\/2023\/10\/Nubialabs_color.webp\",\"width\":2000,\"height\":2000,\"caption\":\"NubiaLabs\"},\"image\":{\"@id\":\"https:\/\/nubialabs.com\/ca\/#\/schema\/logo\/image\/\"}}]}<\/script>\n<!-- \/ Yoast SEO plugin. -->","yoast_head_json":{"title":"Nubia Lab Metavers Navas - NubiaLabs","description":"Tu tamb\u00e9 pots participar en la creaci\u00f3 d'un Metavers col\u00b7laboratiu que tingui connexi\u00f3 amb el barri de Navas.","robots":{"index":"index","follow":"follow","max-snippet":"max-snippet:-1","max-image-preview":"max-image-preview:large","max-video-preview":"max-video-preview:-1"},"canonical":"https:\/\/nubialabs.com\/ca\/open-call-nubialab-metaverse-navas\/","og_locale":"ca_ES","og_type":"article","og_title":"Nubia Lab Metavers Navas - NubiaLabs","og_description":"Tu tamb\u00e9 pots participar en la creaci\u00f3 d'un Metavers col\u00b7laboratiu que tingui connexi\u00f3 amb el barri de Navas.","og_url":"https:\/\/nubialabs.com\/ca\/open-call-nubialab-metaverse-navas\/","og_site_name":"NubiaLabs","article_modified_time":"2025-01-20T12:32:05+00:00","og_image":[{"url":"https:\/\/nubialabs.com\/wp-content\/uploads\/2023\/05\/ai2-sep1.svg","type":"","width":"","height":""}],"twitter_card":"summary_large_image","schema":{"@context":"https:\/\/schema.org","@graph":[{"@type":"WebPage","@id":"https:\/\/nubialabs.com\/ca\/open-call-nubialab-metaverse-navas\/","url":"https:\/\/nubialabs.com\/ca\/open-call-nubialab-metaverse-navas\/","name":"Nubia Lab Metavers Navas - NubiaLabs","isPartOf":{"@id":"https:\/\/nubialabs.com\/ca\/#website"},"primaryImageOfPage":{"@id":"https:\/\/nubialabs.com\/ca\/open-call-nubialab-metaverse-navas\/#primaryimage"},"image":{"@id":"https:\/\/nubialabs.com\/ca\/open-call-nubialab-metaverse-navas\/#primaryimage"},"thumbnailUrl":"https:\/\/nubialabs.com\/wp-content\/uploads\/2023\/05\/ai2-sep1.svg","datePublished":"2023-11-17T14:54:01+00:00","dateModified":"2025-01-20T12:32:05+00:00","description":"Tu tamb\u00e9 pots participar en la creaci\u00f3 d'un Metavers col\u00b7laboratiu que tingui connexi\u00f3 amb el barri de Navas.","breadcrumb":{"@id":"https:\/\/nubialabs.com\/ca\/open-call-nubialab-metaverse-navas\/#breadcrumb"},"inLanguage":"ca","potentialAction":[{"@type":"ReadAction","target":["https:\/\/nubialabs.com\/ca\/open-call-nubialab-metaverse-navas\/"]}]},{"@type":"ImageObject","inLanguage":"ca","@id":"https:\/\/nubialabs.com\/ca\/open-call-nubialab-metaverse-navas\/#primaryimage","url":"https:\/\/nubialabs.com\/wp-content\/uploads\/2023\/05\/ai2-sep1.svg","contentUrl":"https:\/\/nubialabs.com\/wp-content\/uploads\/2023\/05\/ai2-sep1.svg"},{"@type":"BreadcrumbList","@id":"https:\/\/nubialabs.com\/ca\/open-call-nubialab-metaverse-navas\/#breadcrumb","itemListElement":[{"@type":"ListItem","position":1,"name":"Portada","item":"https:\/\/nubialabs.com\/ca\/"},{"@type":"ListItem","position":2,"name":"Open Call Nubia Lab Metavers Navas 2023"}]},{"@type":"WebSite","@id":"https:\/\/nubialabs.com\/ca\/#website","url":"https:\/\/nubialabs.com\/ca\/","name":"NubiaLabs","description":"Incubadora de proyectos art\u00edsticos","publisher":{"@id":"https:\/\/nubialabs.com\/ca\/#organization"},"potentialAction":[{"@type":"SearchAction","target":{"@type":"EntryPoint","urlTemplate":"https:\/\/nubialabs.com\/ca\/?s={search_term_string}"},"query-input":{"@type":"PropertyValueSpecification","valueRequired":true,"valueName":"search_term_string"}}],"inLanguage":"ca"},{"@type":"Organization","@id":"https:\/\/nubialabs.com\/ca\/#organization","name":"NubiaLabs","url":"https:\/\/nubialabs.com\/ca\/","logo":{"@type":"ImageObject","inLanguage":"ca","@id":"https:\/\/nubialabs.com\/ca\/#\/schema\/logo\/image\/","url":"https:\/\/nubialabs.com\/wp-content\/uploads\/2023\/10\/Nubialabs_color.webp","contentUrl":"https:\/\/nubialabs.com\/wp-content\/uploads\/2023\/10\/Nubialabs_color.webp","width":2000,"height":2000,"caption":"NubiaLabs"},"image":{"@id":"https:\/\/nubialabs.com\/ca\/#\/schema\/logo\/image\/"}}]}},"_links":{"self":[{"href":"https:\/\/nubialabs.com\/ca\/wp-json\/wp\/v2\/pages\/3131","targetHints":{"allow":["GET"]}}],"collection":[{"href":"https:\/\/nubialabs.com\/ca\/wp-json\/wp\/v2\/pages"}],"about":[{"href":"https:\/\/nubialabs.com\/ca\/wp-json\/wp\/v2\/types\/page"}],"author":[{"embeddable":true,"href":"https:\/\/nubialabs.com\/ca\/wp-json\/wp\/v2\/users\/2"}],"replies":[{"embeddable":true,"href":"https:\/\/nubialabs.com\/ca\/wp-json\/wp\/v2\/comments?post=3131"}],"version-history":[{"count":28,"href":"https:\/\/nubialabs.com\/ca\/wp-json\/wp\/v2\/pages\/3131\/revisions"}],"predecessor-version":[{"id":4005,"href":"https:\/\/nubialabs.com\/ca\/wp-json\/wp\/v2\/pages\/3131\/revisions\/4005"}],"wp:attachment":[{"href":"https:\/\/nubialabs.com\/ca\/wp-json\/wp\/v2\/media?parent=3131"}],"curies":[{"name":"wp","href":"https:\/\/api.w.org\/{rel}","templated":true}]}}