{"id":3298,"date":"2024-02-08T21:46:01","date_gmt":"2024-02-08T20:46:01","guid":{"rendered":"https:\/\/nubialabs.com\/?page_id=3298"},"modified":"2025-01-27T21:13:31","modified_gmt":"2025-01-27T20:13:31","slug":"projectes-incubacio-2023","status":"publish","type":"page","link":"https:\/\/nubialabs.com\/ca\/projectes-incubacio-2023\/","title":{"rendered":"Projectes 2023"},"content":{"rendered":"\t\t<div data-elementor-type=\"wp-page\" data-elementor-id=\"3298\" class=\"elementor elementor-3298 elementor-3297\">\n\t\t\t\t<div class=\"elementor-element elementor-element-0ce1a59 e-con-full e-flex e-con e-parent\" data-id=\"0ce1a59\" data-element_type=\"container\">\n\t\t\t\t<\/div>\n\t\t<div class=\"elementor-element elementor-element-36d5e6e9 e-con-full e-flex e-con e-parent\" data-id=\"36d5e6e9\" data-element_type=\"container\">\n\t\t\t\t<\/div>\n\t\t\t\t<section class=\"elementor-section elementor-top-section elementor-element elementor-element-5ba803f9 elementor-section-stretched elementor-section-boxed elementor-section-height-default elementor-section-height-default\" data-id=\"5ba803f9\" data-element_type=\"section\" data-settings=\"{&quot;stretch_section&quot;:&quot;section-stretched&quot;,&quot;background_background&quot;:&quot;classic&quot;}\">\n\t\t\t\t\t\t<div class=\"elementor-container elementor-column-gap-wider\">\n\t\t\t\t\t<div class=\"elementor-column elementor-col-100 elementor-top-column elementor-element elementor-element-5720ada2\" data-id=\"5720ada2\" data-element_type=\"column\" data-settings=\"{&quot;background_background&quot;:&quot;gradient&quot;}\">\n\t\t\t<div class=\"elementor-widget-wrap elementor-element-populated\">\n\t\t\t\t\t\t<div class=\"elementor-element elementor-element-7f9f23e6 elementor-widget elementor-widget-heading\" data-id=\"7f9f23e6\" data-element_type=\"widget\" data-widget_type=\"heading.default\">\n\t\t\t\t<div class=\"elementor-widget-container\">\n\t\t\t\t\t<h1 class=\"elementor-heading-title elementor-size-default\">Projectes Edici\u00f3 2023<\/h1>\t\t\t\t<\/div>\n\t\t\t\t<\/div>\n\t\t\t\t<div class=\"elementor-element elementor-element-1b9f6e1c elementor-widget elementor-widget-image\" data-id=\"1b9f6e1c\" data-element_type=\"widget\" data-widget_type=\"image.default\">\n\t\t\t\t<div class=\"elementor-widget-container\">\n\t\t\t\t\t\t\t\t\t\t\t\t\t\t\t<img decoding=\"async\" src=\"https:\/\/nubialabs.com\/wp-content\/uploads\/2023\/05\/ai2-sep1.svg\" title=\"\" alt=\"\" loading=\"lazy\" \/>\t\t\t\t\t\t\t\t\t\t\t\t\t\t\t<\/div>\n\t\t\t\t<\/div>\n\t\t\t\t<div class=\"elementor-element elementor-element-7456e4cc elementor-widget elementor-widget-text-editor\" data-id=\"7456e4cc\" data-element_type=\"widget\" data-widget_type=\"text-editor.default\">\n\t\t\t\t<div class=\"elementor-widget-container\">\n\t\t\t\t\t\t\t\t\t<p>Descobreix els projectes art\u00edstics m\u00e9s destacats impulsats en el nostre programa d&#8217;incubaci\u00f3.<\/p>\t\t\t\t\t\t\t\t<\/div>\n\t\t\t\t<\/div>\n\t\t<div class=\"elementor-element elementor-element-1912cfa8 e-flex e-con-boxed e-con e-parent\" data-id=\"1912cfa8\" data-element_type=\"container\">\n\t\t\t\t\t<div class=\"e-con-inner\">\n\t\t<div class=\"elementor-element elementor-element-ed76ac8 e-con-full e-flex e-con e-child\" data-id=\"ed76ac8\" data-element_type=\"container\">\n\t\t\t\t<div class=\"elementor-element elementor-element-544bb807 elementor-widget elementor-widget-text-editor\" data-id=\"544bb807\" data-element_type=\"widget\" data-widget_type=\"text-editor.default\">\n\t\t\t\t<div class=\"elementor-widget-container\">\n\t\t\t\t\t\t\t\t\t<h2 class=\"wp-block-heading has-large-font-size\">Bittersweet Symphony\u00a0<\/h2><p>Una experi\u00e8ncia sonora immersiva que mapeja dades clim\u00e0tiques en temps real a sons. En traduir les dades clim\u00e0tiques en temps real a sons, el projecte t\u00e9 com a objectiu tancar la bretxa entre la consci\u00e8ncia desapegada i una trobada profunda i personal amb els efectes de l&#8217;escalfament global. El projecte recopilar\u00e0 dades de l&#8217;\u00cdndex de Qualitat de l&#8217;Air (Air Quality Index, AQI) d&#8217;AQICN.ORG, centrant-se en les 20 ciutats m\u00e9s caloroses del m\u00f3n.<\/p><p><strong>Projecte de resid\u00e8ncia Nubia Lab 2023: Sandra Davis<\/strong><\/p>\t\t\t\t\t\t\t\t<\/div>\n\t\t\t\t<\/div>\n\t\t\t\t<\/div>\n\t\t<div class=\"elementor-element elementor-element-68e80e27 e-con-full e-flex e-con e-child\" data-id=\"68e80e27\" data-element_type=\"container\">\n\t\t\t\t<div class=\"elementor-element elementor-element-1d12e767 elementor-widget elementor-widget-video\" data-id=\"1d12e767\" data-element_type=\"widget\" data-settings=\"{&quot;youtube_url&quot;:&quot;https:\\\/\\\/youtu.be\\\/O_vk1zU0PV8&quot;,&quot;video_type&quot;:&quot;youtube&quot;,&quot;controls&quot;:&quot;yes&quot;}\" data-widget_type=\"video.default\">\n\t\t\t\t<div class=\"elementor-widget-container\">\n\t\t\t\t\t\t\t<div class=\"elementor-wrapper elementor-open-inline\">\n\t\t\t<div class=\"elementor-video\"><\/div>\t\t<\/div>\n\t\t\t\t\t\t<\/div>\n\t\t\t\t<\/div>\n\t\t\t\t<\/div>\n\t\t\t\t\t<\/div>\n\t\t\t\t<\/div>\n\t\t<div class=\"elementor-element elementor-element-66b6643 e-flex e-con-boxed e-con e-parent\" data-id=\"66b6643\" data-element_type=\"container\">\n\t\t\t\t\t<div class=\"e-con-inner\">\n\t\t<div class=\"elementor-element elementor-element-3f97372d e-con-full e-flex e-con e-child\" data-id=\"3f97372d\" data-element_type=\"container\">\n\t\t\t\t<div class=\"elementor-element elementor-element-73c4f78c elementor-widget elementor-widget-video\" data-id=\"73c4f78c\" data-element_type=\"widget\" data-settings=\"{&quot;youtube_url&quot;:&quot;https:\\\/\\\/youtu.be\\\/PNN4_KDCMy0&quot;,&quot;video_type&quot;:&quot;youtube&quot;,&quot;controls&quot;:&quot;yes&quot;}\" data-widget_type=\"video.default\">\n\t\t\t\t<div class=\"elementor-widget-container\">\n\t\t\t\t\t\t\t<div class=\"elementor-wrapper elementor-open-inline\">\n\t\t\t<div class=\"elementor-video\"><\/div>\t\t<\/div>\n\t\t\t\t\t\t<\/div>\n\t\t\t\t<\/div>\n\t\t\t\t<\/div>\n\t\t<div class=\"elementor-element elementor-element-6cde2298 e-con-full e-flex e-con e-child\" data-id=\"6cde2298\" data-element_type=\"container\">\n\t\t\t\t<div class=\"elementor-element elementor-element-61b8baa6 elementor-widget elementor-widget-text-editor\" data-id=\"61b8baa6\" data-element_type=\"widget\" data-widget_type=\"text-editor.default\">\n\t\t\t\t<div class=\"elementor-widget-container\">\n\t\t\t\t\t\t\t\t\t<h2>NeuraGest\u00a0<\/h2><p>Una exposici\u00f3 interactiva on els espectadors poden crear peces d&#8217;art abstracte \u00faniques seguint estils d&#8217;artistes contemporanis com Piet Mondrian, Jackson Pollock o Kazimir Malevich. Utilitzant el model d&#8217;intel\u00b7lig\u00e8ncia artificial de Mediapipe, una c\u00e0mera web rastreja els moviments i gestos de les mans de l&#8217;usuari per crear art sense tocar cap pinzell o element f\u00edsic.<\/p><p><strong>Projecte de resid\u00e8ncia Nubia Lab 2023: Marc L\u00f3pez<\/strong><\/p>\t\t\t\t\t\t\t\t<\/div>\n\t\t\t\t<\/div>\n\t\t\t\t<\/div>\n\t\t\t\t\t<\/div>\n\t\t\t\t<\/div>\n\t\t<div class=\"elementor-element elementor-element-27696a19 e-flex e-con-boxed e-con e-parent\" data-id=\"27696a19\" data-element_type=\"container\">\n\t\t\t\t\t<div class=\"e-con-inner\">\n\t\t<div class=\"elementor-element elementor-element-f0e52b4 e-con-full e-flex e-con e-child\" data-id=\"f0e52b4\" data-element_type=\"container\">\n\t\t\t\t<div class=\"elementor-element elementor-element-5cf62cb6 elementor-widget elementor-widget-video\" data-id=\"5cf62cb6\" data-element_type=\"widget\" data-settings=\"{&quot;youtube_url&quot;:&quot;https:\\\/\\\/youtu.be\\\/P2XpLqDZj2U&quot;,&quot;video_type&quot;:&quot;youtube&quot;,&quot;controls&quot;:&quot;yes&quot;}\" data-widget_type=\"video.default\">\n\t\t\t\t<div class=\"elementor-widget-container\">\n\t\t\t\t\t\t\t<div class=\"elementor-wrapper elementor-open-inline\">\n\t\t\t<div class=\"elementor-video\"><\/div>\t\t<\/div>\n\t\t\t\t\t\t<\/div>\n\t\t\t\t<\/div>\n\t\t\t\t<\/div>\n\t\t<div class=\"elementor-element elementor-element-71bee4ed e-con-full e-flex e-con e-child\" data-id=\"71bee4ed\" data-element_type=\"container\">\n\t\t\t\t<div class=\"elementor-element elementor-element-3da76a2c elementor-widget elementor-widget-text-editor\" data-id=\"3da76a2c\" data-element_type=\"widget\" data-widget_type=\"text-editor.default\">\n\t\t\t\t<div class=\"elementor-widget-container\">\n\t\t\t\t\t\t\t\t\t<h2 class=\"wp-block-heading has-large-font-size\"><span style=\"text-align: var(--text-align); letter-spacing: 0px;\">Radiome\u00a0<br \/><\/span><\/h2><p>Experiment interactiu sobre el so espacial i el sentit de l&#8217;orientaci\u00f3, que convida els assistents a alinear-se amb els punts cardinals de la Terra &#8211; fent servir els seus tel\u00e8fons com a antenes &#8211; per crear paisatges sonors col\u00b7laboratius. En la instal\u00b7laci\u00f3 es treballa amb entorns auditius binaurals, projeccions audioreactives i una actuaci\u00f3 que reacciona als sons generats pels assistents. La instal\u00b7laci\u00f3 col\u00b7lectiva representa una exploraci\u00f3 immersiva sobre el so, la connexi\u00f3 i el panorama hum\u00e0.<\/p><p><strong>Projecte de resid\u00e8ncia Nubia Lab 2023: Esen K\u00fc\u00e7\u00fckt\u00fct\u00fcnc\u00fc, Carlos Garc\u00eda Reche, Francisco Mac\u00eda, Niall Hill, Franco Belli, Gabriel Schuber<\/strong><\/p>\t\t\t\t\t\t\t\t<\/div>\n\t\t\t\t<\/div>\n\t\t\t\t<\/div>\n\t\t\t\t\t<\/div>\n\t\t\t\t<\/div>\n\t\t\t\t\t<\/div>\n\t\t<\/div>\n\t\t\t\t\t<\/div>\n\t\t<\/section>\n\t\t\t\t<\/div>\n\t\t","protected":false},"excerpt":{"rendered":"<p>Projectes Edici\u00f3 2023 Descobreix els projectes art\u00edstics m\u00e9s destacats impulsats en el nostre programa d&#8217;incubaci\u00f3. Bittersweet Symphony\u00a0 Una experi\u00e8ncia sonora immersiva que mapeja dades clim\u00e0tiques en<span class=\"excerpt-hellip\"> [\u2026]<\/span><\/p>\n","protected":false},"author":2,"featured_media":0,"parent":0,"menu_order":0,"comment_status":"closed","ping_status":"closed","template":"","meta":{"footnotes":""},"class_list":["post-3298","page","type-page","status-publish","hentry"],"yoast_head":"<!-- This site is optimized with the Yoast SEO plugin v25.5 - https:\/\/yoast.com\/wordpress\/plugins\/seo\/ -->\n<title>Projectes d&#039;Incubaci\u00f3 2023 - NubiaLabs<\/title>\n<meta name=\"description\" content=\"Descobreix els projectes art\u00edstics m\u00e9s destacats impulsats al nostre programa d&#039;incubaci\u00f3 de NubiaLabs 2023.\" \/>\n<meta name=\"robots\" content=\"index, follow, max-snippet:-1, max-image-preview:large, max-video-preview:-1\" \/>\n<link rel=\"canonical\" href=\"https:\/\/nubialabs.com\/ca\/projectes-incubacio-2023\/\" \/>\n<meta property=\"og:locale\" content=\"ca_ES\" \/>\n<meta property=\"og:type\" content=\"article\" \/>\n<meta property=\"og:title\" content=\"Projectes d&#039;Incubaci\u00f3 2023 - NubiaLabs\" \/>\n<meta property=\"og:description\" content=\"Descobreix els projectes art\u00edstics m\u00e9s destacats impulsats al nostre programa d&#039;incubaci\u00f3 de NubiaLabs 2023.\" \/>\n<meta property=\"og:url\" content=\"https:\/\/nubialabs.com\/ca\/projectes-incubacio-2023\/\" \/>\n<meta property=\"og:site_name\" content=\"NubiaLabs\" \/>\n<meta property=\"article:modified_time\" content=\"2025-01-27T20:13:31+00:00\" \/>\n<meta property=\"og:image\" content=\"https:\/\/nubialabs.com\/wp-content\/uploads\/2023\/05\/ai2-sep1.svg\" \/>\n<meta name=\"twitter:card\" content=\"summary_large_image\" \/>\n<meta name=\"twitter:label1\" content=\"Temps estimat de lectura\" \/>\n\t<meta name=\"twitter:data1\" content=\"2 minuts\" \/>\n<script type=\"application\/ld+json\" class=\"yoast-schema-graph\">{\"@context\":\"https:\/\/schema.org\",\"@graph\":[{\"@type\":\"WebPage\",\"@id\":\"https:\/\/nubialabs.com\/ca\/projectes-incubacio-2023\/\",\"url\":\"https:\/\/nubialabs.com\/ca\/projectes-incubacio-2023\/\",\"name\":\"Projectes d'Incubaci\u00f3 2023 - NubiaLabs\",\"isPartOf\":{\"@id\":\"https:\/\/nubialabs.com\/ca\/#website\"},\"primaryImageOfPage\":{\"@id\":\"https:\/\/nubialabs.com\/ca\/projectes-incubacio-2023\/#primaryimage\"},\"image\":{\"@id\":\"https:\/\/nubialabs.com\/ca\/projectes-incubacio-2023\/#primaryimage\"},\"thumbnailUrl\":\"https:\/\/nubialabs.com\/wp-content\/uploads\/2023\/05\/ai2-sep1.svg\",\"datePublished\":\"2024-02-08T20:46:01+00:00\",\"dateModified\":\"2025-01-27T20:13:31+00:00\",\"description\":\"Descobreix els projectes art\u00edstics m\u00e9s destacats impulsats al nostre programa d'incubaci\u00f3 de NubiaLabs 2023.\",\"breadcrumb\":{\"@id\":\"https:\/\/nubialabs.com\/ca\/projectes-incubacio-2023\/#breadcrumb\"},\"inLanguage\":\"ca\",\"potentialAction\":[{\"@type\":\"ReadAction\",\"target\":[\"https:\/\/nubialabs.com\/ca\/projectes-incubacio-2023\/\"]}]},{\"@type\":\"ImageObject\",\"inLanguage\":\"ca\",\"@id\":\"https:\/\/nubialabs.com\/ca\/projectes-incubacio-2023\/#primaryimage\",\"url\":\"https:\/\/nubialabs.com\/wp-content\/uploads\/2023\/05\/ai2-sep1.svg\",\"contentUrl\":\"https:\/\/nubialabs.com\/wp-content\/uploads\/2023\/05\/ai2-sep1.svg\"},{\"@type\":\"BreadcrumbList\",\"@id\":\"https:\/\/nubialabs.com\/ca\/projectes-incubacio-2023\/#breadcrumb\",\"itemListElement\":[{\"@type\":\"ListItem\",\"position\":1,\"name\":\"Portada\",\"item\":\"https:\/\/nubialabs.com\/ca\/\"},{\"@type\":\"ListItem\",\"position\":2,\"name\":\"Projectes 2023\"}]},{\"@type\":\"WebSite\",\"@id\":\"https:\/\/nubialabs.com\/ca\/#website\",\"url\":\"https:\/\/nubialabs.com\/ca\/\",\"name\":\"NubiaLabs\",\"description\":\"Incubadora de proyectos art\u00edsticos\",\"publisher\":{\"@id\":\"https:\/\/nubialabs.com\/ca\/#organization\"},\"potentialAction\":[{\"@type\":\"SearchAction\",\"target\":{\"@type\":\"EntryPoint\",\"urlTemplate\":\"https:\/\/nubialabs.com\/ca\/?s={search_term_string}\"},\"query-input\":{\"@type\":\"PropertyValueSpecification\",\"valueRequired\":true,\"valueName\":\"search_term_string\"}}],\"inLanguage\":\"ca\"},{\"@type\":\"Organization\",\"@id\":\"https:\/\/nubialabs.com\/ca\/#organization\",\"name\":\"NubiaLabs\",\"url\":\"https:\/\/nubialabs.com\/ca\/\",\"logo\":{\"@type\":\"ImageObject\",\"inLanguage\":\"ca\",\"@id\":\"https:\/\/nubialabs.com\/ca\/#\/schema\/logo\/image\/\",\"url\":\"https:\/\/nubialabs.com\/wp-content\/uploads\/2023\/10\/Nubialabs_color.webp\",\"contentUrl\":\"https:\/\/nubialabs.com\/wp-content\/uploads\/2023\/10\/Nubialabs_color.webp\",\"width\":2000,\"height\":2000,\"caption\":\"NubiaLabs\"},\"image\":{\"@id\":\"https:\/\/nubialabs.com\/ca\/#\/schema\/logo\/image\/\"}}]}<\/script>\n<!-- \/ Yoast SEO plugin. -->","yoast_head_json":{"title":"Projectes d'Incubaci\u00f3 2023 - NubiaLabs","description":"Descobreix els projectes art\u00edstics m\u00e9s destacats impulsats al nostre programa d'incubaci\u00f3 de NubiaLabs 2023.","robots":{"index":"index","follow":"follow","max-snippet":"max-snippet:-1","max-image-preview":"max-image-preview:large","max-video-preview":"max-video-preview:-1"},"canonical":"https:\/\/nubialabs.com\/ca\/projectes-incubacio-2023\/","og_locale":"ca_ES","og_type":"article","og_title":"Projectes d'Incubaci\u00f3 2023 - NubiaLabs","og_description":"Descobreix els projectes art\u00edstics m\u00e9s destacats impulsats al nostre programa d'incubaci\u00f3 de NubiaLabs 2023.","og_url":"https:\/\/nubialabs.com\/ca\/projectes-incubacio-2023\/","og_site_name":"NubiaLabs","article_modified_time":"2025-01-27T20:13:31+00:00","og_image":[{"url":"https:\/\/nubialabs.com\/wp-content\/uploads\/2023\/05\/ai2-sep1.svg","type":"","width":"","height":""}],"twitter_card":"summary_large_image","twitter_misc":{"Temps estimat de lectura":"2 minuts"},"schema":{"@context":"https:\/\/schema.org","@graph":[{"@type":"WebPage","@id":"https:\/\/nubialabs.com\/ca\/projectes-incubacio-2023\/","url":"https:\/\/nubialabs.com\/ca\/projectes-incubacio-2023\/","name":"Projectes d'Incubaci\u00f3 2023 - NubiaLabs","isPartOf":{"@id":"https:\/\/nubialabs.com\/ca\/#website"},"primaryImageOfPage":{"@id":"https:\/\/nubialabs.com\/ca\/projectes-incubacio-2023\/#primaryimage"},"image":{"@id":"https:\/\/nubialabs.com\/ca\/projectes-incubacio-2023\/#primaryimage"},"thumbnailUrl":"https:\/\/nubialabs.com\/wp-content\/uploads\/2023\/05\/ai2-sep1.svg","datePublished":"2024-02-08T20:46:01+00:00","dateModified":"2025-01-27T20:13:31+00:00","description":"Descobreix els projectes art\u00edstics m\u00e9s destacats impulsats al nostre programa d'incubaci\u00f3 de NubiaLabs 2023.","breadcrumb":{"@id":"https:\/\/nubialabs.com\/ca\/projectes-incubacio-2023\/#breadcrumb"},"inLanguage":"ca","potentialAction":[{"@type":"ReadAction","target":["https:\/\/nubialabs.com\/ca\/projectes-incubacio-2023\/"]}]},{"@type":"ImageObject","inLanguage":"ca","@id":"https:\/\/nubialabs.com\/ca\/projectes-incubacio-2023\/#primaryimage","url":"https:\/\/nubialabs.com\/wp-content\/uploads\/2023\/05\/ai2-sep1.svg","contentUrl":"https:\/\/nubialabs.com\/wp-content\/uploads\/2023\/05\/ai2-sep1.svg"},{"@type":"BreadcrumbList","@id":"https:\/\/nubialabs.com\/ca\/projectes-incubacio-2023\/#breadcrumb","itemListElement":[{"@type":"ListItem","position":1,"name":"Portada","item":"https:\/\/nubialabs.com\/ca\/"},{"@type":"ListItem","position":2,"name":"Projectes 2023"}]},{"@type":"WebSite","@id":"https:\/\/nubialabs.com\/ca\/#website","url":"https:\/\/nubialabs.com\/ca\/","name":"NubiaLabs","description":"Incubadora de proyectos art\u00edsticos","publisher":{"@id":"https:\/\/nubialabs.com\/ca\/#organization"},"potentialAction":[{"@type":"SearchAction","target":{"@type":"EntryPoint","urlTemplate":"https:\/\/nubialabs.com\/ca\/?s={search_term_string}"},"query-input":{"@type":"PropertyValueSpecification","valueRequired":true,"valueName":"search_term_string"}}],"inLanguage":"ca"},{"@type":"Organization","@id":"https:\/\/nubialabs.com\/ca\/#organization","name":"NubiaLabs","url":"https:\/\/nubialabs.com\/ca\/","logo":{"@type":"ImageObject","inLanguage":"ca","@id":"https:\/\/nubialabs.com\/ca\/#\/schema\/logo\/image\/","url":"https:\/\/nubialabs.com\/wp-content\/uploads\/2023\/10\/Nubialabs_color.webp","contentUrl":"https:\/\/nubialabs.com\/wp-content\/uploads\/2023\/10\/Nubialabs_color.webp","width":2000,"height":2000,"caption":"NubiaLabs"},"image":{"@id":"https:\/\/nubialabs.com\/ca\/#\/schema\/logo\/image\/"}}]}},"_links":{"self":[{"href":"https:\/\/nubialabs.com\/ca\/wp-json\/wp\/v2\/pages\/3298","targetHints":{"allow":["GET"]}}],"collection":[{"href":"https:\/\/nubialabs.com\/ca\/wp-json\/wp\/v2\/pages"}],"about":[{"href":"https:\/\/nubialabs.com\/ca\/wp-json\/wp\/v2\/types\/page"}],"author":[{"embeddable":true,"href":"https:\/\/nubialabs.com\/ca\/wp-json\/wp\/v2\/users\/2"}],"replies":[{"embeddable":true,"href":"https:\/\/nubialabs.com\/ca\/wp-json\/wp\/v2\/comments?post=3298"}],"version-history":[{"count":9,"href":"https:\/\/nubialabs.com\/ca\/wp-json\/wp\/v2\/pages\/3298\/revisions"}],"predecessor-version":[{"id":4067,"href":"https:\/\/nubialabs.com\/ca\/wp-json\/wp\/v2\/pages\/3298\/revisions\/4067"}],"wp:attachment":[{"href":"https:\/\/nubialabs.com\/ca\/wp-json\/wp\/v2\/media?parent=3298"}],"curies":[{"name":"wp","href":"https:\/\/api.w.org\/{rel}","templated":true}]}}