{"id":3405,"date":"2024-04-25T14:22:16","date_gmt":"2024-04-25T12:22:16","guid":{"rendered":"https:\/\/nubialabs.com\/?page_id=3405"},"modified":"2025-01-20T13:30:45","modified_gmt":"2025-01-20T12:30:45","slug":"nubia-lab-metavers-navas","status":"publish","type":"page","link":"https:\/\/nubialabs.com\/ca\/nubia-lab-metavers-navas\/","title":{"rendered":"Nubia Lab Metavers Navas 2023"},"content":{"rendered":"\t\t<div data-elementor-type=\"wp-page\" data-elementor-id=\"3405\" class=\"elementor elementor-3405 elementor-3404\">\n\t\t\t\t<div class=\"elementor-element elementor-element-f3a62cd e-flex e-con-boxed e-con e-parent\" data-id=\"f3a62cd\" data-element_type=\"container\">\n\t\t\t\t\t<div class=\"e-con-inner\">\n\t\t\t\t<div class=\"elementor-element elementor-element-025634e elementor-widget elementor-widget-heading\" data-id=\"025634e\" data-element_type=\"widget\" data-widget_type=\"heading.default\">\n\t\t\t\t<div class=\"elementor-widget-container\">\n\t\t\t\t\t<h1 class=\"elementor-heading-title elementor-size-default\">Nubia Lab Metavers Navas<\/h1>\t\t\t\t<\/div>\n\t\t\t\t<\/div>\n\t\t\t\t\t<\/div>\n\t\t\t\t<\/div>\n\t\t<div class=\"elementor-element elementor-element-0e89c7f e-flex e-con-boxed e-con e-parent\" data-id=\"0e89c7f\" data-element_type=\"container\">\n\t\t\t\t\t<div class=\"e-con-inner\">\n\t\t\t\t<div class=\"elementor-element elementor-element-7162d66 elementor-widget elementor-widget-image\" data-id=\"7162d66\" data-element_type=\"widget\" data-widget_type=\"image.default\">\n\t\t\t\t<div class=\"elementor-widget-container\">\n\t\t\t\t\t\t\t\t\t\t\t\t\t\t\t<img decoding=\"async\" src=\"https:\/\/nubialabs.com\/wp-content\/uploads\/2023\/05\/ai2-sep1.svg\" title=\"\" alt=\"\" loading=\"lazy\" \/>\t\t\t\t\t\t\t\t\t\t\t\t\t\t\t<\/div>\n\t\t\t\t<\/div>\n\t\t\t\t\t<\/div>\n\t\t\t\t<\/div>\n\t\t<div class=\"elementor-element elementor-element-8062903 e-flex e-con-boxed e-con e-parent\" data-id=\"8062903\" data-element_type=\"container\">\n\t\t\t\t\t<div class=\"e-con-inner\">\n\t\t\t\t<div class=\"elementor-element elementor-element-37e2362 elementor-widget elementor-widget-text-editor\" data-id=\"37e2362\" data-element_type=\"widget\" data-widget_type=\"text-editor.default\">\n\t\t\t\t<div class=\"elementor-widget-container\">\n\t\t\t\t\t\t\t\t\t<p>El projecte NUBIA Lab Metaverso Navas t\u00e9 com a objectiu permetre als residents del barri de Navas proposar i visualitzar millores per al seu entorn a trav\u00e9s d&#8217;un espai liminal, el qual implica l&#8217;\u00fas d&#8217;un portal f\u00edsic i el Metavers, al qual es pot accedir mitjan\u00e7ant la realitat virtual. NUBIA Lab ha organitzat una s\u00e8rie de jornades, amb 5 participants que han realitzat una s\u00e8rie de propostes per millorar el barri de Navas i Sant Andreu. Les jornades van permetre als participants la creaci\u00f3 d&#8217;una plataforma RV per crear un entorn virtual interactiu basat en la millora del barri. Entre els seus objectius, es trobaven: la millora d&#8217;espais p\u00fablics, la promoci\u00f3 de la cultura local, la mobilitat sostenible, el suport a petits negocis locals, la millora de la seguretat, o la integraci\u00f3 entre la tecnologia en l&#8217;art i la cultura.<\/p><p>El projecte Navas Metavers facilita la millora del barri de Navas d&#8217;una manera interactiva i col\u00b7laborativa. Al final del dia, el Metavers estar\u00e0 compost per una multitud d&#8217;idees proposades pels ve\u00efns, les quals podran ser presentades a l&#8217;ajuntament per a la seva consideraci\u00f3 i possible implementaci\u00f3. Aquesta iniciativa combina tecnologia avan\u00e7ada, participaci\u00f3 ciutadana i creativitat, apuntant a un impacte positiu i significatiu en la comunitat. Nubia Lab Metaverso Navas vol posicionar-se com un programa \u00fanic a la ciutat i un model a seguir per implementar en altres barris de la ciutat.<\/p><p><b>Descobreix el resultat d&#8217;aquestes jornades i uneix-te a nosaltres en aquest emocionant viatge!<\/b><\/p>\t\t\t\t\t\t\t\t<\/div>\n\t\t\t\t<\/div>\n\t\t\t\t<div class=\"elementor-element elementor-element-44712a2 elementor-widget elementor-widget-video\" data-id=\"44712a2\" data-element_type=\"widget\" data-settings=\"{&quot;youtube_url&quot;:&quot;https:\\\/\\\/www.youtube.com\\\/watch?v=okykxWCnBC4&quot;,&quot;video_type&quot;:&quot;youtube&quot;,&quot;controls&quot;:&quot;yes&quot;}\" data-widget_type=\"video.default\">\n\t\t\t\t<div class=\"elementor-widget-container\">\n\t\t\t\t\t\t\t<div class=\"elementor-wrapper elementor-open-inline\">\n\t\t\t<div class=\"elementor-video\"><\/div>\t\t<\/div>\n\t\t\t\t\t\t<\/div>\n\t\t\t\t<\/div>\n\t\t\t\t<div class=\"elementor-element elementor-element-d3c234f elementor-widget elementor-widget-video\" data-id=\"d3c234f\" data-element_type=\"widget\" data-settings=\"{&quot;youtube_url&quot;:&quot;https:\\\/\\\/www.youtube.com\\\/watch?v=rMEfRBLdO74&quot;,&quot;video_type&quot;:&quot;youtube&quot;,&quot;controls&quot;:&quot;yes&quot;}\" data-widget_type=\"video.default\">\n\t\t\t\t<div class=\"elementor-widget-container\">\n\t\t\t\t\t\t\t<div class=\"elementor-wrapper elementor-open-inline\">\n\t\t\t<div class=\"elementor-video\"><\/div>\t\t<\/div>\n\t\t\t\t\t\t<\/div>\n\t\t\t\t<\/div>\n\t\t\t\t\t<\/div>\n\t\t\t\t<\/div>\n\t\t<div class=\"elementor-element elementor-element-36aeef6 e-flex e-con-boxed e-con e-parent\" data-id=\"36aeef6\" data-element_type=\"container\">\n\t\t\t\t\t<div class=\"e-con-inner\">\n\t\t\t\t<div class=\"elementor-element elementor-element-9aa089b elementor-widget elementor-widget-image-gallery\" data-id=\"9aa089b\" data-element_type=\"widget\" data-widget_type=\"image-gallery.default\">\n\t\t\t\t<div class=\"elementor-widget-container\">\n\t\t\t\t\t\t\t<div class=\"elementor-image-gallery\">\n\t\t\t\n\t\t\t<style type='text\/css'>\n\t\t\t\t#sc_gallery-1 {\n\t\t\t\t\tmargin: auto;\n\t\t\t\t}\n\t\t\t\t#sc_gallery-1 .gallery-item {\n\t\t\t\t\tfloat: left;\n\t\t\t\t\ttext-align: center;\n\t\t\t\t\twidth: 49.99%;\n\t\t\t\t}\n\t\t\t\t#sc_gallery-1 img {\n\t\t\t\t\tborder: 2px solid #cfcfcf;\n\t\t\t\t}\n\t\t\t\t\/* see sc_gallery() in functions\/theme-shortcodes.php *\/\n\t\t\t<\/style>\n\t\t<div id='sc_gallery-1' class='gallery galleryid-3405 gallery-columns-2 gallery-size-thumbnail file element_classes gallery-default'><dl class='gallery-item'  data-title='Navas_Metavers_images_4' data-description=''><div class='gallery-item-wrapper'>\n\t\t\t\t<dt class='gallery-icon landscape'>\n\t\t\t\t\t<a data-elementor-open-lightbox=\"yes\" data-elementor-lightbox-slideshow=\"9aa089b\" data-elementor-lightbox-title=\"Navas_Metavers_images_4\" data-e-action-hash=\"#elementor-action%3Aaction%3Dlightbox%26settings%3DeyJpZCI6MzUxMCwidXJsIjoiaHR0cHM6XC9cL251YmlhbGFicy5jb21cL3dwLWNvbnRlbnRcL3VwbG9hZHNcLzIwMjRcLzA0XC9OYXZhc19NZXRhdmVyc19pbWFnZXNfNC1zY2FsZWQud2VicCIsInNsaWRlc2hvdyI6IjlhYTA4OWIifQ%3D%3D\" href='https:\/\/nubialabs.com\/wp-content\/uploads\/2024\/04\/Navas_Metavers_images_4-scaled.webp'><img fetchpriority=\"high\" decoding=\"async\" width=\"300\" height=\"225\" src=\"https:\/\/nubialabs.com\/wp-content\/uploads\/2024\/04\/Navas_Metavers_images_4-300x225.webp\" class=\"attachment-thumbnail size-thumbnail\" alt=\"Navas Metavers Realidad Virtual\" srcset=\"https:\/\/nubialabs.com\/wp-content\/uploads\/2024\/04\/Navas_Metavers_images_4-300x225.webp 300w, https:\/\/nubialabs.com\/wp-content\/uploads\/2024\/04\/Navas_Metavers_images_4-500x375.webp 500w, https:\/\/nubialabs.com\/wp-content\/uploads\/2024\/04\/Navas_Metavers_images_4-1200x900.webp 1200w, https:\/\/nubialabs.com\/wp-content\/uploads\/2024\/04\/Navas_Metavers_images_4-768x576.webp 768w, https:\/\/nubialabs.com\/wp-content\/uploads\/2024\/04\/Navas_Metavers_images_4-1536x1152.webp 1536w, https:\/\/nubialabs.com\/wp-content\/uploads\/2024\/04\/Navas_Metavers_images_4-2048x1536.webp 2048w, https:\/\/nubialabs.com\/wp-content\/uploads\/2024\/04\/Navas_Metavers_images_4-100x75.webp 100w, https:\/\/nubialabs.com\/wp-content\/uploads\/2024\/04\/Navas_Metavers_images_4-480x360.webp 480w\" sizes=\"(max-width:767px) 300px, 300px\" \/><\/a>\n\t\t\t\t<\/dt><\/div><\/dl><dl class='gallery-item'  data-title='Navas_Metavers_Image_3' data-description=''><div class='gallery-item-wrapper'>\n\t\t\t\t<dt class='gallery-icon landscape'>\n\t\t\t\t\t<a data-elementor-open-lightbox=\"yes\" data-elementor-lightbox-slideshow=\"9aa089b\" data-elementor-lightbox-title=\"Navas_Metavers_Image_3\" data-e-action-hash=\"#elementor-action%3Aaction%3Dlightbox%26settings%3DeyJpZCI6MzUwNywidXJsIjoiaHR0cHM6XC9cL251YmlhbGFicy5jb21cL3dwLWNvbnRlbnRcL3VwbG9hZHNcLzIwMjRcLzA0XC9OYXZhc19NZXRhdmVyc19JbWFnZV8zLXNjYWxlZC53ZWJwIiwic2xpZGVzaG93IjoiOWFhMDg5YiJ9\" href='https:\/\/nubialabs.com\/wp-content\/uploads\/2024\/04\/Navas_Metavers_Image_3-scaled.webp'><img decoding=\"async\" width=\"300\" height=\"225\" src=\"https:\/\/nubialabs.com\/wp-content\/uploads\/2024\/04\/Navas_Metavers_Image_3-300x225.webp\" class=\"attachment-thumbnail size-thumbnail\" alt=\"Navas Metavers Workshop\" srcset=\"https:\/\/nubialabs.com\/wp-content\/uploads\/2024\/04\/Navas_Metavers_Image_3-300x225.webp 300w, https:\/\/nubialabs.com\/wp-content\/uploads\/2024\/04\/Navas_Metavers_Image_3-500x376.webp 500w, https:\/\/nubialabs.com\/wp-content\/uploads\/2024\/04\/Navas_Metavers_Image_3-1200x901.webp 1200w, https:\/\/nubialabs.com\/wp-content\/uploads\/2024\/04\/Navas_Metavers_Image_3-768x577.webp 768w, https:\/\/nubialabs.com\/wp-content\/uploads\/2024\/04\/Navas_Metavers_Image_3-1536x1154.webp 1536w, https:\/\/nubialabs.com\/wp-content\/uploads\/2024\/04\/Navas_Metavers_Image_3-2048x1538.webp 2048w, https:\/\/nubialabs.com\/wp-content\/uploads\/2024\/04\/Navas_Metavers_Image_3-100x75.webp 100w, https:\/\/nubialabs.com\/wp-content\/uploads\/2024\/04\/Navas_Metavers_Image_3-480x361.webp 480w\" sizes=\"(max-width:767px) 300px, 300px\" \/><\/a>\n\t\t\t\t<\/dt><\/div><\/dl><br style=\"clear: both\" \/><dl class='gallery-item'  data-title='Navas_Metavers_image_2' data-description=''><div class='gallery-item-wrapper'>\n\t\t\t\t<dt class='gallery-icon landscape'>\n\t\t\t\t\t<a data-elementor-open-lightbox=\"yes\" data-elementor-lightbox-slideshow=\"9aa089b\" data-elementor-lightbox-title=\"Navas_Metavers_image_2\" data-e-action-hash=\"#elementor-action%3Aaction%3Dlightbox%26settings%3DeyJpZCI6MzUwNCwidXJsIjoiaHR0cHM6XC9cL251YmlhbGFicy5jb21cL3dwLWNvbnRlbnRcL3VwbG9hZHNcLzIwMjRcLzA0XC9OYXZhc19NZXRhdmVyc19pbWFnZV8yLXNjYWxlZC53ZWJwIiwic2xpZGVzaG93IjoiOWFhMDg5YiJ9\" href='https:\/\/nubialabs.com\/wp-content\/uploads\/2024\/04\/Navas_Metavers_image_2-scaled.webp'><img decoding=\"async\" width=\"300\" height=\"225\" src=\"https:\/\/nubialabs.com\/wp-content\/uploads\/2024\/04\/Navas_Metavers_image_2-300x225.webp\" class=\"attachment-thumbnail size-thumbnail\" alt=\"Nubia Lab Navas Metavers workshop\" srcset=\"https:\/\/nubialabs.com\/wp-content\/uploads\/2024\/04\/Navas_Metavers_image_2-300x225.webp 300w, https:\/\/nubialabs.com\/wp-content\/uploads\/2024\/04\/Navas_Metavers_image_2-500x375.webp 500w, https:\/\/nubialabs.com\/wp-content\/uploads\/2024\/04\/Navas_Metavers_image_2-1200x900.webp 1200w, https:\/\/nubialabs.com\/wp-content\/uploads\/2024\/04\/Navas_Metavers_image_2-768x576.webp 768w, https:\/\/nubialabs.com\/wp-content\/uploads\/2024\/04\/Navas_Metavers_image_2-1536x1152.webp 1536w, https:\/\/nubialabs.com\/wp-content\/uploads\/2024\/04\/Navas_Metavers_image_2-2048x1536.webp 2048w, https:\/\/nubialabs.com\/wp-content\/uploads\/2024\/04\/Navas_Metavers_image_2-100x75.webp 100w, https:\/\/nubialabs.com\/wp-content\/uploads\/2024\/04\/Navas_Metavers_image_2-480x360.webp 480w\" sizes=\"(max-width:767px) 300px, 300px\" \/><\/a>\n\t\t\t\t<\/dt><\/div><\/dl><dl class='gallery-item'  data-title='Navas_Metavers_image_1' data-description=''><div class='gallery-item-wrapper'>\n\t\t\t\t<dt class='gallery-icon landscape'>\n\t\t\t\t\t<a data-elementor-open-lightbox=\"yes\" data-elementor-lightbox-slideshow=\"9aa089b\" data-elementor-lightbox-title=\"Navas_Metavers_image_1\" data-e-action-hash=\"#elementor-action%3Aaction%3Dlightbox%26settings%3DeyJpZCI6MzUwMSwidXJsIjoiaHR0cHM6XC9cL251YmlhbGFicy5jb21cL3dwLWNvbnRlbnRcL3VwbG9hZHNcLzIwMjRcLzA0XC9OYXZhc19NZXRhdmVyc19pbWFnZV8xLXNjYWxlZC53ZWJwIiwic2xpZGVzaG93IjoiOWFhMDg5YiJ9\" href='https:\/\/nubialabs.com\/wp-content\/uploads\/2024\/04\/Navas_Metavers_image_1-scaled.webp'><img loading=\"lazy\" decoding=\"async\" width=\"300\" height=\"225\" src=\"https:\/\/nubialabs.com\/wp-content\/uploads\/2024\/04\/Navas_Metavers_image_1-300x225.webp\" class=\"attachment-thumbnail size-thumbnail\" alt=\"Nubia Lab Navas Metavers\" srcset=\"https:\/\/nubialabs.com\/wp-content\/uploads\/2024\/04\/Navas_Metavers_image_1-300x225.webp 300w, https:\/\/nubialabs.com\/wp-content\/uploads\/2024\/04\/Navas_Metavers_image_1-500x375.webp 500w, https:\/\/nubialabs.com\/wp-content\/uploads\/2024\/04\/Navas_Metavers_image_1-1200x900.webp 1200w, https:\/\/nubialabs.com\/wp-content\/uploads\/2024\/04\/Navas_Metavers_image_1-768x576.webp 768w, https:\/\/nubialabs.com\/wp-content\/uploads\/2024\/04\/Navas_Metavers_image_1-1536x1152.webp 1536w, https:\/\/nubialabs.com\/wp-content\/uploads\/2024\/04\/Navas_Metavers_image_1-2048x1536.webp 2048w, https:\/\/nubialabs.com\/wp-content\/uploads\/2024\/04\/Navas_Metavers_image_1-100x75.webp 100w, https:\/\/nubialabs.com\/wp-content\/uploads\/2024\/04\/Navas_Metavers_image_1-480x360.webp 480w\" sizes=\"(max-width:767px) 300px, 300px\" \/><\/a>\n\t\t\t\t<\/dt><\/div><\/dl><br style=\"clear: both\" \/>\n\t\t\t<\/div>\n\t\t<\/div>\n\t\t\t\t\t\t<\/div>\n\t\t\t\t<\/div>\n\t\t\t\t\t<\/div>\n\t\t\t\t<\/div>\n\t\t\t\t<\/div>\n\t\t","protected":false},"excerpt":{"rendered":"<p>Nubia Lab Metavers Navas El projecte NUBIA Lab Metaverso Navas t\u00e9 com a objectiu permetre als residents del barri de Navas proposar i visualitzar millores per<span class=\"excerpt-hellip\"> [\u2026]<\/span><\/p>\n","protected":false},"author":3,"featured_media":0,"parent":0,"menu_order":0,"comment_status":"closed","ping_status":"closed","template":"","meta":{"footnotes":""},"class_list":["post-3405","page","type-page","status-publish","hentry"],"yoast_head":"<!-- This site is optimized with the Yoast SEO plugin v25.5 - https:\/\/yoast.com\/wordpress\/plugins\/seo\/ -->\n<title>Nubia Lab Metavers Navas - NubiaLabs<\/title>\n<meta name=\"description\" content=\"Tu tamb\u00e9 pots participar en la creaci\u00f3 d&#039;un Metavers col\u00b7laboratiu que tingui connexi\u00f3 amb el barri de Navas.\" \/>\n<meta name=\"robots\" content=\"index, follow, max-snippet:-1, max-image-preview:large, max-video-preview:-1\" \/>\n<link rel=\"canonical\" href=\"https:\/\/nubialabs.com\/ca\/nubia-lab-metavers-navas\/\" \/>\n<meta property=\"og:locale\" content=\"ca_ES\" \/>\n<meta property=\"og:type\" content=\"article\" \/>\n<meta property=\"og:title\" content=\"Nubia Lab Metavers Navas - NubiaLabs\" \/>\n<meta property=\"og:description\" content=\"Tu tamb\u00e9 pots participar en la creaci\u00f3 d&#039;un Metavers col\u00b7laboratiu que tingui connexi\u00f3 amb el barri de Navas.\" \/>\n<meta property=\"og:url\" content=\"https:\/\/nubialabs.com\/ca\/nubia-lab-metavers-navas\/\" \/>\n<meta property=\"og:site_name\" content=\"NubiaLabs\" \/>\n<meta property=\"article:modified_time\" content=\"2025-01-20T12:30:45+00:00\" \/>\n<meta property=\"og:image\" content=\"https:\/\/nubialabs.com\/wp-content\/uploads\/2023\/05\/ai2-sep1.svg\" \/>\n<meta name=\"twitter:card\" content=\"summary_large_image\" \/>\n<meta name=\"twitter:label1\" content=\"Temps estimat de lectura\" \/>\n\t<meta name=\"twitter:data1\" content=\"3 minuts\" \/>\n<script type=\"application\/ld+json\" class=\"yoast-schema-graph\">{\"@context\":\"https:\/\/schema.org\",\"@graph\":[{\"@type\":\"WebPage\",\"@id\":\"https:\/\/nubialabs.com\/ca\/nubia-lab-metavers-navas\/\",\"url\":\"https:\/\/nubialabs.com\/ca\/nubia-lab-metavers-navas\/\",\"name\":\"Nubia Lab Metavers Navas - NubiaLabs\",\"isPartOf\":{\"@id\":\"https:\/\/nubialabs.com\/ca\/#website\"},\"primaryImageOfPage\":{\"@id\":\"https:\/\/nubialabs.com\/ca\/nubia-lab-metavers-navas\/#primaryimage\"},\"image\":{\"@id\":\"https:\/\/nubialabs.com\/ca\/nubia-lab-metavers-navas\/#primaryimage\"},\"thumbnailUrl\":\"https:\/\/nubialabs.com\/wp-content\/uploads\/2023\/05\/ai2-sep1.svg\",\"datePublished\":\"2024-04-25T12:22:16+00:00\",\"dateModified\":\"2025-01-20T12:30:45+00:00\",\"description\":\"Tu tamb\u00e9 pots participar en la creaci\u00f3 d'un Metavers col\u00b7laboratiu que tingui connexi\u00f3 amb el barri de Navas.\",\"breadcrumb\":{\"@id\":\"https:\/\/nubialabs.com\/ca\/nubia-lab-metavers-navas\/#breadcrumb\"},\"inLanguage\":\"ca\",\"potentialAction\":[{\"@type\":\"ReadAction\",\"target\":[\"https:\/\/nubialabs.com\/ca\/nubia-lab-metavers-navas\/\"]}]},{\"@type\":\"ImageObject\",\"inLanguage\":\"ca\",\"@id\":\"https:\/\/nubialabs.com\/ca\/nubia-lab-metavers-navas\/#primaryimage\",\"url\":\"https:\/\/nubialabs.com\/wp-content\/uploads\/2023\/05\/ai2-sep1.svg\",\"contentUrl\":\"https:\/\/nubialabs.com\/wp-content\/uploads\/2023\/05\/ai2-sep1.svg\"},{\"@type\":\"BreadcrumbList\",\"@id\":\"https:\/\/nubialabs.com\/ca\/nubia-lab-metavers-navas\/#breadcrumb\",\"itemListElement\":[{\"@type\":\"ListItem\",\"position\":1,\"name\":\"Portada\",\"item\":\"https:\/\/nubialabs.com\/ca\/\"},{\"@type\":\"ListItem\",\"position\":2,\"name\":\"Nubia Lab Metavers Navas 2023\"}]},{\"@type\":\"WebSite\",\"@id\":\"https:\/\/nubialabs.com\/ca\/#website\",\"url\":\"https:\/\/nubialabs.com\/ca\/\",\"name\":\"NubiaLabs\",\"description\":\"Incubadora de proyectos art\u00edsticos\",\"publisher\":{\"@id\":\"https:\/\/nubialabs.com\/ca\/#organization\"},\"potentialAction\":[{\"@type\":\"SearchAction\",\"target\":{\"@type\":\"EntryPoint\",\"urlTemplate\":\"https:\/\/nubialabs.com\/ca\/?s={search_term_string}\"},\"query-input\":{\"@type\":\"PropertyValueSpecification\",\"valueRequired\":true,\"valueName\":\"search_term_string\"}}],\"inLanguage\":\"ca\"},{\"@type\":\"Organization\",\"@id\":\"https:\/\/nubialabs.com\/ca\/#organization\",\"name\":\"NubiaLabs\",\"url\":\"https:\/\/nubialabs.com\/ca\/\",\"logo\":{\"@type\":\"ImageObject\",\"inLanguage\":\"ca\",\"@id\":\"https:\/\/nubialabs.com\/ca\/#\/schema\/logo\/image\/\",\"url\":\"https:\/\/nubialabs.com\/wp-content\/uploads\/2023\/10\/Nubialabs_color.webp\",\"contentUrl\":\"https:\/\/nubialabs.com\/wp-content\/uploads\/2023\/10\/Nubialabs_color.webp\",\"width\":2000,\"height\":2000,\"caption\":\"NubiaLabs\"},\"image\":{\"@id\":\"https:\/\/nubialabs.com\/ca\/#\/schema\/logo\/image\/\"}}]}<\/script>\n<!-- \/ Yoast SEO plugin. -->","yoast_head_json":{"title":"Nubia Lab Metavers Navas - NubiaLabs","description":"Tu tamb\u00e9 pots participar en la creaci\u00f3 d'un Metavers col\u00b7laboratiu que tingui connexi\u00f3 amb el barri de Navas.","robots":{"index":"index","follow":"follow","max-snippet":"max-snippet:-1","max-image-preview":"max-image-preview:large","max-video-preview":"max-video-preview:-1"},"canonical":"https:\/\/nubialabs.com\/ca\/nubia-lab-metavers-navas\/","og_locale":"ca_ES","og_type":"article","og_title":"Nubia Lab Metavers Navas - NubiaLabs","og_description":"Tu tamb\u00e9 pots participar en la creaci\u00f3 d'un Metavers col\u00b7laboratiu que tingui connexi\u00f3 amb el barri de Navas.","og_url":"https:\/\/nubialabs.com\/ca\/nubia-lab-metavers-navas\/","og_site_name":"NubiaLabs","article_modified_time":"2025-01-20T12:30:45+00:00","og_image":[{"url":"https:\/\/nubialabs.com\/wp-content\/uploads\/2023\/05\/ai2-sep1.svg","type":"","width":"","height":""}],"twitter_card":"summary_large_image","twitter_misc":{"Temps estimat de lectura":"3 minuts"},"schema":{"@context":"https:\/\/schema.org","@graph":[{"@type":"WebPage","@id":"https:\/\/nubialabs.com\/ca\/nubia-lab-metavers-navas\/","url":"https:\/\/nubialabs.com\/ca\/nubia-lab-metavers-navas\/","name":"Nubia Lab Metavers Navas - NubiaLabs","isPartOf":{"@id":"https:\/\/nubialabs.com\/ca\/#website"},"primaryImageOfPage":{"@id":"https:\/\/nubialabs.com\/ca\/nubia-lab-metavers-navas\/#primaryimage"},"image":{"@id":"https:\/\/nubialabs.com\/ca\/nubia-lab-metavers-navas\/#primaryimage"},"thumbnailUrl":"https:\/\/nubialabs.com\/wp-content\/uploads\/2023\/05\/ai2-sep1.svg","datePublished":"2024-04-25T12:22:16+00:00","dateModified":"2025-01-20T12:30:45+00:00","description":"Tu tamb\u00e9 pots participar en la creaci\u00f3 d'un Metavers col\u00b7laboratiu que tingui connexi\u00f3 amb el barri de Navas.","breadcrumb":{"@id":"https:\/\/nubialabs.com\/ca\/nubia-lab-metavers-navas\/#breadcrumb"},"inLanguage":"ca","potentialAction":[{"@type":"ReadAction","target":["https:\/\/nubialabs.com\/ca\/nubia-lab-metavers-navas\/"]}]},{"@type":"ImageObject","inLanguage":"ca","@id":"https:\/\/nubialabs.com\/ca\/nubia-lab-metavers-navas\/#primaryimage","url":"https:\/\/nubialabs.com\/wp-content\/uploads\/2023\/05\/ai2-sep1.svg","contentUrl":"https:\/\/nubialabs.com\/wp-content\/uploads\/2023\/05\/ai2-sep1.svg"},{"@type":"BreadcrumbList","@id":"https:\/\/nubialabs.com\/ca\/nubia-lab-metavers-navas\/#breadcrumb","itemListElement":[{"@type":"ListItem","position":1,"name":"Portada","item":"https:\/\/nubialabs.com\/ca\/"},{"@type":"ListItem","position":2,"name":"Nubia Lab Metavers Navas 2023"}]},{"@type":"WebSite","@id":"https:\/\/nubialabs.com\/ca\/#website","url":"https:\/\/nubialabs.com\/ca\/","name":"NubiaLabs","description":"Incubadora de proyectos art\u00edsticos","publisher":{"@id":"https:\/\/nubialabs.com\/ca\/#organization"},"potentialAction":[{"@type":"SearchAction","target":{"@type":"EntryPoint","urlTemplate":"https:\/\/nubialabs.com\/ca\/?s={search_term_string}"},"query-input":{"@type":"PropertyValueSpecification","valueRequired":true,"valueName":"search_term_string"}}],"inLanguage":"ca"},{"@type":"Organization","@id":"https:\/\/nubialabs.com\/ca\/#organization","name":"NubiaLabs","url":"https:\/\/nubialabs.com\/ca\/","logo":{"@type":"ImageObject","inLanguage":"ca","@id":"https:\/\/nubialabs.com\/ca\/#\/schema\/logo\/image\/","url":"https:\/\/nubialabs.com\/wp-content\/uploads\/2023\/10\/Nubialabs_color.webp","contentUrl":"https:\/\/nubialabs.com\/wp-content\/uploads\/2023\/10\/Nubialabs_color.webp","width":2000,"height":2000,"caption":"NubiaLabs"},"image":{"@id":"https:\/\/nubialabs.com\/ca\/#\/schema\/logo\/image\/"}}]}},"_links":{"self":[{"href":"https:\/\/nubialabs.com\/ca\/wp-json\/wp\/v2\/pages\/3405","targetHints":{"allow":["GET"]}}],"collection":[{"href":"https:\/\/nubialabs.com\/ca\/wp-json\/wp\/v2\/pages"}],"about":[{"href":"https:\/\/nubialabs.com\/ca\/wp-json\/wp\/v2\/types\/page"}],"author":[{"embeddable":true,"href":"https:\/\/nubialabs.com\/ca\/wp-json\/wp\/v2\/users\/3"}],"replies":[{"embeddable":true,"href":"https:\/\/nubialabs.com\/ca\/wp-json\/wp\/v2\/comments?post=3405"}],"version-history":[{"count":24,"href":"https:\/\/nubialabs.com\/ca\/wp-json\/wp\/v2\/pages\/3405\/revisions"}],"predecessor-version":[{"id":4004,"href":"https:\/\/nubialabs.com\/ca\/wp-json\/wp\/v2\/pages\/3405\/revisions\/4004"}],"wp:attachment":[{"href":"https:\/\/nubialabs.com\/ca\/wp-json\/wp\/v2\/media?parent=3405"}],"curies":[{"name":"wp","href":"https:\/\/api.w.org\/{rel}","templated":true}]}}