{"id":3878,"date":"2025-01-17T12:20:32","date_gmt":"2025-01-17T11:20:32","guid":{"rendered":"https:\/\/nubialabs.com\/?page_id=3878"},"modified":"2025-01-31T15:54:43","modified_gmt":"2025-01-31T14:54:43","slug":"projectes-incubacio-2024","status":"publish","type":"page","link":"https:\/\/nubialabs.com\/ca\/projectes-incubacio-2024\/","title":{"rendered":"Projectes 2024"},"content":{"rendered":"\t\t<div data-elementor-type=\"wp-page\" data-elementor-id=\"3878\" class=\"elementor elementor-3878 elementor-3877\">\n\t\t\t\t<div class=\"elementor-element elementor-element-0ce1a59 e-con-full e-flex e-con e-parent\" data-id=\"0ce1a59\" data-element_type=\"container\">\n\t\t\t\t<\/div>\n\t\t<div class=\"elementor-element elementor-element-36d5e6e9 e-con-full e-flex e-con e-parent\" data-id=\"36d5e6e9\" data-element_type=\"container\">\n\t\t\t\t<\/div>\n\t\t\t\t<section class=\"elementor-section elementor-top-section elementor-element elementor-element-5ba803f9 elementor-section-stretched elementor-section-boxed elementor-section-height-default elementor-section-height-default\" data-id=\"5ba803f9\" data-element_type=\"section\" data-settings=\"{&quot;stretch_section&quot;:&quot;section-stretched&quot;,&quot;background_background&quot;:&quot;classic&quot;}\">\n\t\t\t\t\t\t<div class=\"elementor-container elementor-column-gap-wider\">\n\t\t\t\t\t<div class=\"elementor-column elementor-col-100 elementor-top-column elementor-element elementor-element-5720ada2\" data-id=\"5720ada2\" data-element_type=\"column\" data-settings=\"{&quot;background_background&quot;:&quot;gradient&quot;}\">\n\t\t\t<div class=\"elementor-widget-wrap elementor-element-populated\">\n\t\t\t\t\t\t<div class=\"elementor-element elementor-element-7f9f23e6 elementor-widget elementor-widget-heading\" data-id=\"7f9f23e6\" data-element_type=\"widget\" data-widget_type=\"heading.default\">\n\t\t\t\t<div class=\"elementor-widget-container\">\n\t\t\t\t\t<h1 class=\"elementor-heading-title elementor-size-default\">Projectes Edici\u00f3 2024<\/h1>\t\t\t\t<\/div>\n\t\t\t\t<\/div>\n\t\t\t\t<div class=\"elementor-element elementor-element-1b9f6e1c elementor-widget elementor-widget-image\" data-id=\"1b9f6e1c\" data-element_type=\"widget\" data-widget_type=\"image.default\">\n\t\t\t\t<div class=\"elementor-widget-container\">\n\t\t\t\t\t\t\t\t\t\t\t\t\t\t\t<img decoding=\"async\" src=\"https:\/\/nubialabs.com\/wp-content\/uploads\/2023\/05\/ai2-sep1.svg\" title=\"\" alt=\"\" loading=\"lazy\" \/>\t\t\t\t\t\t\t\t\t\t\t\t\t\t\t<\/div>\n\t\t\t\t<\/div>\n\t\t\t\t<div class=\"elementor-element elementor-element-7456e4cc elementor-widget elementor-widget-text-editor\" data-id=\"7456e4cc\" data-element_type=\"widget\" data-widget_type=\"text-editor.default\">\n\t\t\t\t<div class=\"elementor-widget-container\">\n\t\t\t\t\t\t\t\t\t<p>Descobreix els projectes art\u00edstics m\u00e9s destacats impulsats en el nostre programa d&#8217;incubaci\u00f3.<\/p>\t\t\t\t\t\t\t\t<\/div>\n\t\t\t\t<\/div>\n\t\t<div class=\"elementor-element elementor-element-1912cfa8 e-flex e-con-boxed e-con e-parent\" data-id=\"1912cfa8\" data-element_type=\"container\">\n\t\t\t\t\t<div class=\"e-con-inner\">\n\t\t<div class=\"elementor-element elementor-element-ed76ac8 e-con-full e-flex e-con e-child\" data-id=\"ed76ac8\" data-element_type=\"container\">\n\t\t\t\t<div class=\"elementor-element elementor-element-544bb807 elementor-widget elementor-widget-text-editor\" data-id=\"544bb807\" data-element_type=\"widget\" data-widget_type=\"text-editor.default\">\n\t\t\t\t<div class=\"elementor-widget-container\">\n\t\t\t\t\t\t\t\t\t<h2>Symbiotic Resonance<\/h2>\nUna instal\u00b7laci\u00f3 audiovisual immersiva que explora la interacci\u00f3 entre els processos naturals i artificials. Combinant patrons de creixement microbi\u00e0 amb tecnologies com Touch Designer, IA generativa i Ableton Live, el projecte crea una fusi\u00f3 din\u00e0mica d\u2019organismes vius i art digital. Les visualitzacions de dades en temps real i un paisatge sonor en evoluci\u00f3 difuminen els l\u00edmits entre l&#8217;art, la ci\u00e8ncia i la tecnologia, oferint una experi\u00e8ncia sensorial \u00fanica. Amb un element interactiu, els visitants poden influir en l\u2019entorn digital, destacant l\u2019equilibri delicat entre la intervenci\u00f3 humana i el creixement natural.<br>\n\n<strong>Projecte de resid\u00e8ncia a Nubia Lab 2024: Sara + The Bots (Sara Groborz)<\/strong>\t\t\t\t\t\t\t\t<\/div>\n\t\t\t\t<\/div>\n\t\t\t\t<\/div>\n\t\t<div class=\"elementor-element elementor-element-68e80e27 e-con-full e-flex e-con e-child\" data-id=\"68e80e27\" data-element_type=\"container\">\n\t\t\t\t<div class=\"elementor-element elementor-element-1d12e767 elementor-widget elementor-widget-video\" data-id=\"1d12e767\" data-element_type=\"widget\" data-settings=\"{&quot;youtube_url&quot;:&quot;https:\\\/\\\/www.youtube.com\\\/watch?v=caipaN7mz6Q&quot;,&quot;video_type&quot;:&quot;youtube&quot;,&quot;controls&quot;:&quot;yes&quot;}\" data-widget_type=\"video.default\">\n\t\t\t\t<div class=\"elementor-widget-container\">\n\t\t\t\t\t\t\t<div class=\"elementor-wrapper elementor-open-inline\">\n\t\t\t<div class=\"elementor-video\"><\/div>\t\t<\/div>\n\t\t\t\t\t\t<\/div>\n\t\t\t\t<\/div>\n\t\t\t\t<\/div>\n\t\t\t\t\t<\/div>\n\t\t\t\t<\/div>\n\t\t<div class=\"elementor-element elementor-element-66b6643 e-flex e-con-boxed e-con e-parent\" data-id=\"66b6643\" data-element_type=\"container\">\n\t\t\t\t\t<div class=\"e-con-inner\">\n\t\t<div class=\"elementor-element elementor-element-3f97372d e-con-full e-flex e-con e-child\" data-id=\"3f97372d\" data-element_type=\"container\">\n\t\t\t\t<div class=\"elementor-element elementor-element-73c4f78c elementor-widget elementor-widget-video\" data-id=\"73c4f78c\" data-element_type=\"widget\" data-settings=\"{&quot;youtube_url&quot;:&quot;https:\\\/\\\/www.youtube.com\\\/watch?v=9L5cmi5NfX4&quot;,&quot;video_type&quot;:&quot;youtube&quot;,&quot;controls&quot;:&quot;yes&quot;}\" data-widget_type=\"video.default\">\n\t\t\t\t<div class=\"elementor-widget-container\">\n\t\t\t\t\t\t\t<div class=\"elementor-wrapper elementor-open-inline\">\n\t\t\t<div class=\"elementor-video\"><\/div>\t\t<\/div>\n\t\t\t\t\t\t<\/div>\n\t\t\t\t<\/div>\n\t\t\t\t<\/div>\n\t\t<div class=\"elementor-element elementor-element-6cde2298 e-con-full e-flex e-con e-child\" data-id=\"6cde2298\" data-element_type=\"container\">\n\t\t\t\t<div class=\"elementor-element elementor-element-61b8baa6 elementor-widget elementor-widget-text-editor\" data-id=\"61b8baa6\" data-element_type=\"widget\" data-widget_type=\"text-editor.default\">\n\t\t\t\t<div class=\"elementor-widget-container\">\n\t\t\t\t\t\t\t\t\t<h2>Memory Tank<\/h2>\nUna instal\u00b7laci\u00f3 art\u00edstica que descobreix els records ocults incrustats en llocs, utilitzant l\u2019aigua com a s\u00edmbol del cicle de la vida i com a pont entre cultures. Geolocalitzada per honorar el patrimoni \u00fanic de cada lloc, la instal\u00b7laci\u00f3 presenta reflexos interactius en l\u2019aigua on els visitants poden trobar retrats animats per IA de persones difuntes vinculades a l\u2019espai, aprenent detalls rellevants sobre les seves vides. Els visitants tamb\u00e9 poden contribuir amb els seus propis memorials, enriquint un arxiu visual viu que redefineix com experimentem el dol i preservem la mem\u00f2ria lligada a un lloc.<br>\n\n<strong>Projecte de resid\u00e8ncia a Nubia Lab 2024: Mar Gimeno Lumbiarres<\/strong>\t\t\t\t\t\t\t\t<\/div>\n\t\t\t\t<\/div>\n\t\t\t\t<\/div>\n\t\t\t\t\t<\/div>\n\t\t\t\t<\/div>\n\t\t<div class=\"elementor-element elementor-element-02c81bc e-flex e-con-boxed e-con e-parent\" data-id=\"02c81bc\" data-element_type=\"container\">\n\t\t\t\t\t<div class=\"e-con-inner\">\n\t\t<div class=\"elementor-element elementor-element-90d329f e-con-full e-flex e-con e-child\" data-id=\"90d329f\" data-element_type=\"container\">\n\t\t\t\t<div class=\"elementor-element elementor-element-677ad1e elementor-widget elementor-widget-video\" data-id=\"677ad1e\" data-element_type=\"widget\" data-settings=\"{&quot;youtube_url&quot;:&quot;https:\\\/\\\/www.youtube.com\\\/watch?v=217MFXxdseE&quot;,&quot;video_type&quot;:&quot;youtube&quot;,&quot;controls&quot;:&quot;yes&quot;}\" data-widget_type=\"video.default\">\n\t\t\t\t<div class=\"elementor-widget-container\">\n\t\t\t\t\t\t\t<div class=\"elementor-wrapper elementor-open-inline\">\n\t\t\t<div class=\"elementor-video\"><\/div>\t\t<\/div>\n\t\t\t\t\t\t<\/div>\n\t\t\t\t<\/div>\n\t\t\t\t<\/div>\n\t\t<div class=\"elementor-element elementor-element-df39c65 e-con-full e-flex e-con e-child\" data-id=\"df39c65\" data-element_type=\"container\">\n\t\t\t\t<div class=\"elementor-element elementor-element-03a8b77 elementor-widget elementor-widget-text-editor\" data-id=\"03a8b77\" data-element_type=\"widget\" data-widget_type=\"text-editor.default\">\n\t\t\t\t<div class=\"elementor-widget-container\">\n\t\t\t\t\t\t\t\t\t<h2>Shrine of Life<\/h2>\nUna instal\u00b7laci\u00f3 immersiva que honra Gaia, la personificaci\u00f3 de la vida a la Terra, i convida a reflexionar sobre la profunda interconnexi\u00f3 de la humanitat amb la natura. Aquest santuari serveix com a m\u00e8tode i espai per experimentar les connexions incommensurables entre el m\u00f3n natural i nosaltres mateixos. Tot i que els m\u00e8todes i el llenguatge utilitzats poden ser artificials, el projecte ens recorda que els nostres sentits romanen aut\u00e8ntics. Animant els visitants a reconnectar a trav\u00e9s d\u2019experi\u00e8ncies t\u00e0ctils, com sentir l\u2019herba sota els peus, Shrine of Life fomenta una reconexi\u00f3 amb els ritmes interns i externs de la vida.<br>\n\n<strong>Projecte de resid\u00e8ncia a Nubia Lab 2024: Cesarine Lafontant, Elizabeth Ricachi, Swaeny Nina Kersaan.<\/strong>\t\t\t\t\t\t\t\t<\/div>\n\t\t\t\t<\/div>\n\t\t\t\t<\/div>\n\t\t\t\t\t<\/div>\n\t\t\t\t<\/div>\n\t\t<div class=\"elementor-element elementor-element-27696a19 e-flex e-con-boxed e-con e-parent\" data-id=\"27696a19\" data-element_type=\"container\">\n\t\t\t\t\t<div class=\"e-con-inner\">\n\t\t<div class=\"elementor-element elementor-element-f0e52b4 e-con-full e-flex e-con e-child\" data-id=\"f0e52b4\" data-element_type=\"container\">\n\t\t\t\t<div class=\"elementor-element elementor-element-bc517a9 elementor-widget elementor-widget-image\" data-id=\"bc517a9\" data-element_type=\"widget\" data-widget_type=\"image.default\">\n\t\t\t\t<div class=\"elementor-widget-container\">\n\t\t\t\t\t\t\t\t\t\t\t\t\t\t\t<img fetchpriority=\"high\" decoding=\"async\" width=\"1200\" height=\"902\" src=\"https:\/\/nubialabs.com\/wp-content\/uploads\/2025\/01\/FLUX-PHOTO-PROJECT-1200x902.webp\" class=\"attachment-large size-large wp-image-3936\" alt=\"Flux Photo Project - NubiaLabs\" srcset=\"https:\/\/nubialabs.com\/wp-content\/uploads\/2025\/01\/FLUX-PHOTO-PROJECT-1200x902.webp 1200w, https:\/\/nubialabs.com\/wp-content\/uploads\/2025\/01\/FLUX-PHOTO-PROJECT-500x376.webp 500w, https:\/\/nubialabs.com\/wp-content\/uploads\/2025\/01\/FLUX-PHOTO-PROJECT-300x225.webp 300w, https:\/\/nubialabs.com\/wp-content\/uploads\/2025\/01\/FLUX-PHOTO-PROJECT-768x577.webp 768w, https:\/\/nubialabs.com\/wp-content\/uploads\/2025\/01\/FLUX-PHOTO-PROJECT-100x75.webp 100w, https:\/\/nubialabs.com\/wp-content\/uploads\/2025\/01\/FLUX-PHOTO-PROJECT-480x361.webp 480w\" sizes=\"(max-width:767px) 480px, (max-width:1200px) 100vw, 1200px\" \/>\t\t\t\t\t\t\t\t\t\t\t\t\t\t\t<\/div>\n\t\t\t\t<\/div>\n\t\t\t\t<\/div>\n\t\t<div class=\"elementor-element elementor-element-71bee4ed e-con-full e-flex e-con e-child\" data-id=\"71bee4ed\" data-element_type=\"container\">\n\t\t\t\t<div class=\"elementor-element elementor-element-3da76a2c elementor-widget elementor-widget-text-editor\" data-id=\"3da76a2c\" data-element_type=\"widget\" data-widget_type=\"text-editor.default\">\n\t\t\t\t<div class=\"elementor-widget-container\">\n\t\t\t\t\t\t\t\t\t<h2>FLUX<\/h2>\nUn projecte immersiu que explora la intersecci\u00f3 entre el cos, la identitat i el g\u00e8nere dins del marc dels estereotips socials. En el seu nucli, una entitat central representa la resili\u00e8ncia i l\u2019esperit intangible de la individualitat, trencant constantment amb estructures r\u00edgides que simbolitzen les restriccions socials. Mitjan\u00e7ant la interacci\u00f3, els participants influeixen en les expressions de l&#8217;entitat\u2014manifestades en ritmes de respiraci\u00f3, mirades i sons\u2014creant una experi\u00e8ncia din\u00e0mica i \u00fanica. Amb l\u2019\u00e0udio espacial com a refor\u00e7, FLUX convida a reflexionar sobre la flu\u00efdesa i la for\u00e7a de la identitat, immersant l\u2019audi\u00e8ncia en un poder\u00f3s di\u00e0leg sensorial.<br>\n\n<strong>Projecte de resid\u00e8ncia a Nubia Lab 2024: Gerard Valls Monta\u00f1o<\/strong>\t\t\t\t\t\t\t\t<\/div>\n\t\t\t\t<\/div>\n\t\t\t\t<\/div>\n\t\t\t\t\t<\/div>\n\t\t\t\t<\/div>\n\t\t<div class=\"elementor-element elementor-element-6b75181 e-flex e-con-boxed e-con e-parent\" data-id=\"6b75181\" data-element_type=\"container\">\n\t\t\t\t\t<div class=\"e-con-inner\">\n\t\t<div class=\"elementor-element elementor-element-5b95f6a e-con-full e-flex e-con e-child\" data-id=\"5b95f6a\" data-element_type=\"container\">\n\t\t\t\t<div class=\"elementor-element elementor-element-61fad30 elementor-widget elementor-widget-image\" data-id=\"61fad30\" data-element_type=\"widget\" data-widget_type=\"image.default\">\n\t\t\t\t<div class=\"elementor-widget-container\">\n\t\t\t\t\t\t\t\t\t\t\t\t\t\t\t<img decoding=\"async\" width=\"800\" height=\"600\" src=\"https:\/\/nubialabs.com\/wp-content\/uploads\/2025\/01\/Jaleo_Proyect.webp\" class=\"attachment-large size-large wp-image-3894\" alt=\"Jaleo Project - NubiaLabs\" srcset=\"https:\/\/nubialabs.com\/wp-content\/uploads\/2025\/01\/Jaleo_Proyect.webp 800w, https:\/\/nubialabs.com\/wp-content\/uploads\/2025\/01\/Jaleo_Proyect-500x375.webp 500w, https:\/\/nubialabs.com\/wp-content\/uploads\/2025\/01\/Jaleo_Proyect-300x225.webp 300w, https:\/\/nubialabs.com\/wp-content\/uploads\/2025\/01\/Jaleo_Proyect-768x576.webp 768w, https:\/\/nubialabs.com\/wp-content\/uploads\/2025\/01\/Jaleo_Proyect-100x75.webp 100w, https:\/\/nubialabs.com\/wp-content\/uploads\/2025\/01\/Jaleo_Proyect-480x360.webp 480w\" sizes=\"(max-width:767px) 480px, (max-width:800px) 100vw, 800px\" \/>\t\t\t\t\t\t\t\t\t\t\t\t\t\t\t<\/div>\n\t\t\t\t<\/div>\n\t\t\t\t<\/div>\n\t\t<div class=\"elementor-element elementor-element-9359eff e-con-full e-flex e-con e-child\" data-id=\"9359eff\" data-element_type=\"container\">\n\t\t\t\t<div class=\"elementor-element elementor-element-26789d0 elementor-widget elementor-widget-text-editor\" data-id=\"26789d0\" data-element_type=\"widget\" data-widget_type=\"text-editor.default\">\n\t\t\t\t<div class=\"elementor-widget-container\">\n\t\t\t\t\t\t\t\t\t<h2>JALEO<\/h2>\nAquest projecte explora els fonaments materials de la cultura digital, destacant la connexi\u00f3 profunda entre els mitjans, els objectes culturals i elements naturals com el s\u00f2l i l\u2019aire. Desafiant la percepci\u00f3 de la immaterialitat digital, el projecte subratlla com els mitjans evolucionen, es descomponen i es transformen al llarg del temps, combinant realitats f\u00edsiques i temporals. Inspirat en el Circuit Bending, Jaleo equilibra l&#8217;experimentaci\u00f3 i la enginyeria inversa per descobrir errors ocults i caracter\u00edstiques amagades en el maquinari. Aquest proc\u00e9s iteratiu convida a reflexionar sobre la interacci\u00f3 entre materialitat, tecnologia i transformaci\u00f3, oferint una exploraci\u00f3 din\u00e0mica dels mons digital i f\u00edsic.<br>\n\n<strong>Projecte de resid\u00e8ncia a Nubia Lab 2024: Ana Lozano, Nicol\u00f2 Baldi, Minnie Pangilinan<\/strong>\t\t\t\t\t\t\t\t<\/div>\n\t\t\t\t<\/div>\n\t\t\t\t<\/div>\n\t\t\t\t\t<\/div>\n\t\t\t\t<\/div>\n\t\t\t\t\t<\/div>\n\t\t<\/div>\n\t\t\t\t\t<\/div>\n\t\t<\/section>\n\t\t\t\t<\/div>\n\t\t","protected":false},"excerpt":{"rendered":"<p>Projectes Edici\u00f3 2024 Descobreix els projectes art\u00edstics m\u00e9s destacats impulsats en el nostre programa d&#8217;incubaci\u00f3. Symbiotic Resonance Una instal\u00b7laci\u00f3 audiovisual immersiva que explora la interacci\u00f3 entre<span class=\"excerpt-hellip\"> [\u2026]<\/span><\/p>\n","protected":false},"author":3,"featured_media":0,"parent":0,"menu_order":0,"comment_status":"closed","ping_status":"closed","template":"","meta":{"footnotes":""},"class_list":["post-3878","page","type-page","status-publish","hentry"],"yoast_head":"<!-- This site is optimized with the Yoast SEO plugin v25.5 - https:\/\/yoast.com\/wordpress\/plugins\/seo\/ -->\n<title>Projectes d&#039;Incubaci\u00f3 2024 - NubiaLabs<\/title>\n<meta name=\"description\" content=\"Descobreix els projectes art\u00edstics m\u00e9s destacats impulsats al nostre programa d&#039;incubaci\u00f3 de NubiaLabs 2024.\" \/>\n<meta name=\"robots\" content=\"index, follow, max-snippet:-1, max-image-preview:large, max-video-preview:-1\" \/>\n<link rel=\"canonical\" href=\"https:\/\/nubialabs.com\/ca\/projectes-incubacio-2024\/\" \/>\n<meta property=\"og:locale\" content=\"ca_ES\" \/>\n<meta property=\"og:type\" content=\"article\" \/>\n<meta property=\"og:title\" content=\"Projectes d&#039;Incubaci\u00f3 2024 - NubiaLabs\" \/>\n<meta property=\"og:description\" content=\"Descobreix els projectes art\u00edstics m\u00e9s destacats impulsats al nostre programa d&#039;incubaci\u00f3 de NubiaLabs 2024.\" \/>\n<meta property=\"og:url\" content=\"https:\/\/nubialabs.com\/ca\/projectes-incubacio-2024\/\" \/>\n<meta property=\"og:site_name\" content=\"NubiaLabs\" \/>\n<meta property=\"article:modified_time\" content=\"2025-01-31T14:54:43+00:00\" \/>\n<meta property=\"og:image\" content=\"https:\/\/nubialabs.com\/wp-content\/uploads\/2023\/05\/ai2-sep1.svg\" \/>\n<meta name=\"twitter:card\" content=\"summary_large_image\" \/>\n<meta name=\"twitter:label1\" content=\"Temps estimat de lectura\" \/>\n\t<meta name=\"twitter:data1\" content=\"4 minuts\" \/>\n<script type=\"application\/ld+json\" class=\"yoast-schema-graph\">{\"@context\":\"https:\/\/schema.org\",\"@graph\":[{\"@type\":\"WebPage\",\"@id\":\"https:\/\/nubialabs.com\/ca\/projectes-incubacio-2024\/\",\"url\":\"https:\/\/nubialabs.com\/ca\/projectes-incubacio-2024\/\",\"name\":\"Projectes d'Incubaci\u00f3 2024 - NubiaLabs\",\"isPartOf\":{\"@id\":\"https:\/\/nubialabs.com\/ca\/#website\"},\"primaryImageOfPage\":{\"@id\":\"https:\/\/nubialabs.com\/ca\/projectes-incubacio-2024\/#primaryimage\"},\"image\":{\"@id\":\"https:\/\/nubialabs.com\/ca\/projectes-incubacio-2024\/#primaryimage\"},\"thumbnailUrl\":\"https:\/\/nubialabs.com\/wp-content\/uploads\/2023\/05\/ai2-sep1.svg\",\"datePublished\":\"2025-01-17T11:20:32+00:00\",\"dateModified\":\"2025-01-31T14:54:43+00:00\",\"description\":\"Descobreix els projectes art\u00edstics m\u00e9s destacats impulsats al nostre programa d'incubaci\u00f3 de NubiaLabs 2024.\",\"breadcrumb\":{\"@id\":\"https:\/\/nubialabs.com\/ca\/projectes-incubacio-2024\/#breadcrumb\"},\"inLanguage\":\"ca\",\"potentialAction\":[{\"@type\":\"ReadAction\",\"target\":[\"https:\/\/nubialabs.com\/ca\/projectes-incubacio-2024\/\"]}]},{\"@type\":\"ImageObject\",\"inLanguage\":\"ca\",\"@id\":\"https:\/\/nubialabs.com\/ca\/projectes-incubacio-2024\/#primaryimage\",\"url\":\"https:\/\/nubialabs.com\/wp-content\/uploads\/2023\/05\/ai2-sep1.svg\",\"contentUrl\":\"https:\/\/nubialabs.com\/wp-content\/uploads\/2023\/05\/ai2-sep1.svg\"},{\"@type\":\"BreadcrumbList\",\"@id\":\"https:\/\/nubialabs.com\/ca\/projectes-incubacio-2024\/#breadcrumb\",\"itemListElement\":[{\"@type\":\"ListItem\",\"position\":1,\"name\":\"Portada\",\"item\":\"https:\/\/nubialabs.com\/ca\/\"},{\"@type\":\"ListItem\",\"position\":2,\"name\":\"Projectes 2024\"}]},{\"@type\":\"WebSite\",\"@id\":\"https:\/\/nubialabs.com\/ca\/#website\",\"url\":\"https:\/\/nubialabs.com\/ca\/\",\"name\":\"NubiaLabs\",\"description\":\"Incubadora de proyectos art\u00edsticos\",\"publisher\":{\"@id\":\"https:\/\/nubialabs.com\/ca\/#organization\"},\"potentialAction\":[{\"@type\":\"SearchAction\",\"target\":{\"@type\":\"EntryPoint\",\"urlTemplate\":\"https:\/\/nubialabs.com\/ca\/?s={search_term_string}\"},\"query-input\":{\"@type\":\"PropertyValueSpecification\",\"valueRequired\":true,\"valueName\":\"search_term_string\"}}],\"inLanguage\":\"ca\"},{\"@type\":\"Organization\",\"@id\":\"https:\/\/nubialabs.com\/ca\/#organization\",\"name\":\"NubiaLabs\",\"url\":\"https:\/\/nubialabs.com\/ca\/\",\"logo\":{\"@type\":\"ImageObject\",\"inLanguage\":\"ca\",\"@id\":\"https:\/\/nubialabs.com\/ca\/#\/schema\/logo\/image\/\",\"url\":\"https:\/\/nubialabs.com\/wp-content\/uploads\/2023\/10\/Nubialabs_color.webp\",\"contentUrl\":\"https:\/\/nubialabs.com\/wp-content\/uploads\/2023\/10\/Nubialabs_color.webp\",\"width\":2000,\"height\":2000,\"caption\":\"NubiaLabs\"},\"image\":{\"@id\":\"https:\/\/nubialabs.com\/ca\/#\/schema\/logo\/image\/\"}}]}<\/script>\n<!-- \/ Yoast SEO plugin. -->","yoast_head_json":{"title":"Projectes d'Incubaci\u00f3 2024 - NubiaLabs","description":"Descobreix els projectes art\u00edstics m\u00e9s destacats impulsats al nostre programa d'incubaci\u00f3 de NubiaLabs 2024.","robots":{"index":"index","follow":"follow","max-snippet":"max-snippet:-1","max-image-preview":"max-image-preview:large","max-video-preview":"max-video-preview:-1"},"canonical":"https:\/\/nubialabs.com\/ca\/projectes-incubacio-2024\/","og_locale":"ca_ES","og_type":"article","og_title":"Projectes d'Incubaci\u00f3 2024 - NubiaLabs","og_description":"Descobreix els projectes art\u00edstics m\u00e9s destacats impulsats al nostre programa d'incubaci\u00f3 de NubiaLabs 2024.","og_url":"https:\/\/nubialabs.com\/ca\/projectes-incubacio-2024\/","og_site_name":"NubiaLabs","article_modified_time":"2025-01-31T14:54:43+00:00","og_image":[{"url":"https:\/\/nubialabs.com\/wp-content\/uploads\/2023\/05\/ai2-sep1.svg","type":"","width":"","height":""}],"twitter_card":"summary_large_image","twitter_misc":{"Temps estimat de lectura":"4 minuts"},"schema":{"@context":"https:\/\/schema.org","@graph":[{"@type":"WebPage","@id":"https:\/\/nubialabs.com\/ca\/projectes-incubacio-2024\/","url":"https:\/\/nubialabs.com\/ca\/projectes-incubacio-2024\/","name":"Projectes d'Incubaci\u00f3 2024 - NubiaLabs","isPartOf":{"@id":"https:\/\/nubialabs.com\/ca\/#website"},"primaryImageOfPage":{"@id":"https:\/\/nubialabs.com\/ca\/projectes-incubacio-2024\/#primaryimage"},"image":{"@id":"https:\/\/nubialabs.com\/ca\/projectes-incubacio-2024\/#primaryimage"},"thumbnailUrl":"https:\/\/nubialabs.com\/wp-content\/uploads\/2023\/05\/ai2-sep1.svg","datePublished":"2025-01-17T11:20:32+00:00","dateModified":"2025-01-31T14:54:43+00:00","description":"Descobreix els projectes art\u00edstics m\u00e9s destacats impulsats al nostre programa d'incubaci\u00f3 de NubiaLabs 2024.","breadcrumb":{"@id":"https:\/\/nubialabs.com\/ca\/projectes-incubacio-2024\/#breadcrumb"},"inLanguage":"ca","potentialAction":[{"@type":"ReadAction","target":["https:\/\/nubialabs.com\/ca\/projectes-incubacio-2024\/"]}]},{"@type":"ImageObject","inLanguage":"ca","@id":"https:\/\/nubialabs.com\/ca\/projectes-incubacio-2024\/#primaryimage","url":"https:\/\/nubialabs.com\/wp-content\/uploads\/2023\/05\/ai2-sep1.svg","contentUrl":"https:\/\/nubialabs.com\/wp-content\/uploads\/2023\/05\/ai2-sep1.svg"},{"@type":"BreadcrumbList","@id":"https:\/\/nubialabs.com\/ca\/projectes-incubacio-2024\/#breadcrumb","itemListElement":[{"@type":"ListItem","position":1,"name":"Portada","item":"https:\/\/nubialabs.com\/ca\/"},{"@type":"ListItem","position":2,"name":"Projectes 2024"}]},{"@type":"WebSite","@id":"https:\/\/nubialabs.com\/ca\/#website","url":"https:\/\/nubialabs.com\/ca\/","name":"NubiaLabs","description":"Incubadora de proyectos art\u00edsticos","publisher":{"@id":"https:\/\/nubialabs.com\/ca\/#organization"},"potentialAction":[{"@type":"SearchAction","target":{"@type":"EntryPoint","urlTemplate":"https:\/\/nubialabs.com\/ca\/?s={search_term_string}"},"query-input":{"@type":"PropertyValueSpecification","valueRequired":true,"valueName":"search_term_string"}}],"inLanguage":"ca"},{"@type":"Organization","@id":"https:\/\/nubialabs.com\/ca\/#organization","name":"NubiaLabs","url":"https:\/\/nubialabs.com\/ca\/","logo":{"@type":"ImageObject","inLanguage":"ca","@id":"https:\/\/nubialabs.com\/ca\/#\/schema\/logo\/image\/","url":"https:\/\/nubialabs.com\/wp-content\/uploads\/2023\/10\/Nubialabs_color.webp","contentUrl":"https:\/\/nubialabs.com\/wp-content\/uploads\/2023\/10\/Nubialabs_color.webp","width":2000,"height":2000,"caption":"NubiaLabs"},"image":{"@id":"https:\/\/nubialabs.com\/ca\/#\/schema\/logo\/image\/"}}]}},"_links":{"self":[{"href":"https:\/\/nubialabs.com\/ca\/wp-json\/wp\/v2\/pages\/3878","targetHints":{"allow":["GET"]}}],"collection":[{"href":"https:\/\/nubialabs.com\/ca\/wp-json\/wp\/v2\/pages"}],"about":[{"href":"https:\/\/nubialabs.com\/ca\/wp-json\/wp\/v2\/types\/page"}],"author":[{"embeddable":true,"href":"https:\/\/nubialabs.com\/ca\/wp-json\/wp\/v2\/users\/3"}],"replies":[{"embeddable":true,"href":"https:\/\/nubialabs.com\/ca\/wp-json\/wp\/v2\/comments?post=3878"}],"version-history":[{"count":23,"href":"https:\/\/nubialabs.com\/ca\/wp-json\/wp\/v2\/pages\/3878\/revisions"}],"predecessor-version":[{"id":4248,"href":"https:\/\/nubialabs.com\/ca\/wp-json\/wp\/v2\/pages\/3878\/revisions\/4248"}],"wp:attachment":[{"href":"https:\/\/nubialabs.com\/ca\/wp-json\/wp\/v2\/media?parent=3878"}],"curies":[{"name":"wp","href":"https:\/\/api.w.org\/{rel}","templated":true}]}}