{"id":3921,"date":"2025-01-17T15:56:12","date_gmt":"2025-01-17T14:56:12","guid":{"rendered":"https:\/\/nubialabs.com\/?page_id=3921"},"modified":"2025-01-31T14:03:57","modified_gmt":"2025-01-31T13:03:57","slug":"nubia-lab-isa-2024","status":"publish","type":"page","link":"https:\/\/nubialabs.com\/ca\/nubia-lab-isa-2024\/","title":{"rendered":"Nubia Lab ISA 2024"},"content":{"rendered":"\t\t<div data-elementor-type=\"wp-page\" data-elementor-id=\"3921\" class=\"elementor elementor-3921 elementor-3920\">\n\t\t\t\t<div class=\"elementor-element elementor-element-f3a62cd e-flex e-con-boxed e-con e-parent\" data-id=\"f3a62cd\" data-element_type=\"container\">\n\t\t\t\t\t<div class=\"e-con-inner\">\n\t\t\t\t<div class=\"elementor-element elementor-element-025634e elementor-widget elementor-widget-heading\" data-id=\"025634e\" data-element_type=\"widget\" data-widget_type=\"heading.default\">\n\t\t\t\t<div class=\"elementor-widget-container\">\n\t\t\t\t\t<h1 class=\"elementor-heading-title elementor-size-default\">Nubia Lab ISA 2024<\/h1>\t\t\t\t<\/div>\n\t\t\t\t<\/div>\n\t\t\t\t\t<\/div>\n\t\t\t\t<\/div>\n\t\t<div class=\"elementor-element elementor-element-0e89c7f e-flex e-con-boxed e-con e-parent\" data-id=\"0e89c7f\" data-element_type=\"container\">\n\t\t\t\t\t<div class=\"e-con-inner\">\n\t\t\t\t<div class=\"elementor-element elementor-element-7162d66 elementor-widget elementor-widget-image\" data-id=\"7162d66\" data-element_type=\"widget\" data-widget_type=\"image.default\">\n\t\t\t\t<div class=\"elementor-widget-container\">\n\t\t\t\t\t\t\t\t\t\t\t\t\t\t\t<img decoding=\"async\" src=\"https:\/\/nubialabs.com\/wp-content\/uploads\/2023\/05\/ai2-sep1.svg\" title=\"\" alt=\"\" loading=\"lazy\" \/>\t\t\t\t\t\t\t\t\t\t\t\t\t\t\t<\/div>\n\t\t\t\t<\/div>\n\t\t\t\t\t<\/div>\n\t\t\t\t<\/div>\n\t\t<div class=\"elementor-element elementor-element-8062903 e-flex e-con-boxed e-con e-parent\" data-id=\"8062903\" data-element_type=\"container\">\n\t\t\t\t\t<div class=\"e-con-inner\">\n\t\t\t\t<div class=\"elementor-element elementor-element-37e2362 elementor-widget elementor-widget-text-editor\" data-id=\"37e2362\" data-element_type=\"widget\" data-widget_type=\"text-editor.default\">\n\t\t\t\t<div class=\"elementor-widget-container\">\n\t\t\t\t\t\t\t\t\t<p>\u00a0<\/p><p><span style=\"font-weight: 400;\">NUBIA Lab \u00e9s un programa d\u2019incubaci\u00f3 dissenyat per donar suport a artistes i creatius locals en el desenvolupament de projectes innovadors que connectin els \u00e0mbits f\u00edsic i digital. Organitzat per <\/span><b>ESPRONCEDA, Institute of Art and Culture<\/b><span style=\"font-weight: 400;\">, el programa ofereix mentories, tallers i recursos en \u00e0rees com el Metavers, Web3, Blockchain, Realitat Virtual, Realitat Estesa i Intel\u00b7lig\u00e8ncia Artificial. Els participants tenen l\u2019oportunitat de presentar el seu treball en exposicions i unir-se a la comunitat NUBIA, que fomenta la col\u00b7laboraci\u00f3 i la visibilitat.<\/span><\/p><p><b>NUBIA Lab ISA 2024<\/b><span style=\"font-weight: 400;\"> \u00e9s un destacat programa d\u2019incubaci\u00f3 catal\u00e0 que selecciona sis dels projectes m\u00e9s innovadors en art digital emergent o professional. Durant 12 setmanes intensives de mentoria, els participants podran evolucionar i perfeccionar els seus projectes. El programa d\u2019incubaci\u00f3 es basa en tres metodologies de classe mundial\u2014desenvolupades per STARTS, NESTA i MIT Media Lab\u2014combinades amb l\u2019experi\u00e8ncia acumulada per <\/span><b>ESPRONCEDA, Institute of Art &amp; Culture<\/b><span style=\"font-weight: 400;\">.<\/span><\/p><p><span style=\"font-weight: 400;\">Dels sis projectes seleccionats, dos seran triats el 12 de novembre per avan\u00e7ar a una fase de s\u00faper acceleraci\u00f3, preparant-los per a la seva presentaci\u00f3 en plataformes prestigioses com <\/span><b>Venice Immersive<\/b><span style=\"font-weight: 400;\">, <\/span><b>Cannes XR<\/b><span style=\"font-weight: 400;\"> i <\/span><b>New Images Festival<\/b><span style=\"font-weight: 400;\"> al 2025.<\/span><\/p><p><span style=\"font-weight: 400;\">Enguany, el programa representa un aven\u00e7 significatiu respecte al 2023, amb:<\/span><\/p><ul><li style=\"font-weight: 400;\" aria-level=\"1\"><span style=\"font-weight: 400;\">Un per\u00edode d\u2019incubaci\u00f3 m\u00e9s llarg per a un desenvolupament m\u00e9s profund dels projectes.<\/span><\/li><li style=\"font-weight: 400;\" aria-level=\"1\"><span style=\"font-weight: 400;\">Una mentoria ampliada amb experts de renom mundial.<\/span><\/li><li style=\"font-weight: 400;\" aria-level=\"1\"><span style=\"font-weight: 400;\">La integraci\u00f3 de tecnologies avan\u00e7ades com IA, VR i disseny generatiu.<\/span><\/li><li style=\"font-weight: 400;\" aria-level=\"1\"><span style=\"font-weight: 400;\">Un cam\u00ed m\u00e9s clar cap a plataformes internacionals, consolidant el paper del programa en la promoci\u00f3 del talent creatiu global.<\/span><\/li><\/ul><h4>\u00a0<\/h4><h4><b>Tallers inspiradors<\/b><\/h4><p><span style=\"font-weight: 400;\">L\u2019edici\u00f3 2024 s\u2019ha enriquit amb una s\u00e8rie de tallers inspiradors dirigits per destacats experts del sector art-tecnologia. Aquests tallers van proporcionar als participants eines, perspectives i metodologies invaluables per potenciar els seus projectes creatius:<\/span><\/p><p><b>Alejandro Mart\u00edn<\/b><b><br \/><\/b><span style=\"font-weight: 400;\">Especialista en art digital i contemporani, Alejandro va compartir la seva visi\u00f3 vision\u00e0ria sobre el present i el futur del sector. @alejandro_martin_n<\/span><\/p><p><b>Marta Ordeig<\/b><b><br \/><\/b><span style=\"font-weight: 400;\">Fundadora de <\/span><b>Garage Stories<\/b><span style=\"font-weight: 400;\"> i experta en la gesti\u00f3 de projectes creatius, Marta va inspirar els participants amb eines innovadores per impulsar els seus projectes. @garage_stories<\/span><\/p><p><b>Marc G\u00e1lvez<\/b><b><br \/><\/b><span style=\"font-weight: 400;\">Creador de VR que va aprofundir en la realitat virtual com a mitj\u00e0 art\u00edstic i creatiu, demostrant el seu potencial transformador. @marcgalvez23<\/span><\/p><p><b>Daniel Sabio<\/b><b><br \/><\/b><span style=\"font-weight: 400;\">Mestre en <\/span><b>Touch Designer<\/b><span style=\"font-weight: 400;\">, Daniel va guiar els artistes en la creaci\u00f3 d\u2019experi\u00e8ncies immersives mitjan\u00e7ant disseny generatiu. @thegladscientist<\/span><\/p><p><b>Solim\u00e1n L\u00f3pez<\/b><b><br \/><\/b><span style=\"font-weight: 400;\">Reconegut internacionalment pels seus innovadors projectes i exposicions, Solim\u00e1n va compartir idees sobre com escalar el treball creatiu a nivell global. @solimanlopez<\/span><\/p><p><b>Lisette Lemus<\/b><b><br \/><\/b><span style=\"font-weight: 400;\">Apassionada per les tecnologies emergents, Lisette va explorar com la intel\u00b7lig\u00e8ncia artificial est\u00e0 transformant el m\u00f3n de l\u2019art.<\/span><\/p><p><b>\u00c0lex Gin\u00e9s<\/b><b><br \/><\/b><span style=\"font-weight: 400;\">Expert en narrativa creativa i propietat intel\u00b7lectual, \u00c0lex va oferir estrat\u00e8gies pr\u00e0ctiques per crear hist\u00f2ries impactants.<\/span><\/p><p><span style=\"font-weight: 400;\"><b>Betty Bigas<\/b><b><br \/><\/b>Especialista en fomentar col\u00b7laboracions entre empreses i projectes d\u2019art digital, Betty va oferir consells pr\u00e0ctics per construir associacions impactants. @betty_bigas<\/span><\/p>\t\t\t\t\t\t\t\t<\/div>\n\t\t\t\t<\/div>\n\t\t\t\t\t<\/div>\n\t\t\t\t<\/div>\n\t\t<div class=\"elementor-element elementor-element-2bed6d3 e-flex e-con-boxed e-con e-parent\" data-id=\"2bed6d3\" data-element_type=\"container\">\n\t\t\t\t\t<div class=\"e-con-inner\">\n\t\t\t\t<div class=\"elementor-element elementor-element-1490eb0 elementor-widget elementor-widget-image\" data-id=\"1490eb0\" data-element_type=\"widget\" data-widget_type=\"image.default\">\n\t\t\t\t<div class=\"elementor-widget-container\">\n\t\t\t\t\t\t\t\t\t\t\t\t\t\t\t<img fetchpriority=\"high\" decoding=\"async\" width=\"768\" height=\"768\" src=\"https:\/\/nubialabs.com\/wp-content\/uploads\/2025\/01\/NUBIA-LAB-ISA-2024-SPEAKERS-1-768x768.webp\" class=\"attachment-medium_large size-medium_large wp-image-3926\" alt=\"Nubia Lab ISA 2024 - Speakers\" srcset=\"https:\/\/nubialabs.com\/wp-content\/uploads\/2025\/01\/NUBIA-LAB-ISA-2024-SPEAKERS-1-768x768.webp 768w, https:\/\/nubialabs.com\/wp-content\/uploads\/2025\/01\/NUBIA-LAB-ISA-2024-SPEAKERS-1-500x500.webp 500w, https:\/\/nubialabs.com\/wp-content\/uploads\/2025\/01\/NUBIA-LAB-ISA-2024-SPEAKERS-1-300x300.webp 300w, https:\/\/nubialabs.com\/wp-content\/uploads\/2025\/01\/NUBIA-LAB-ISA-2024-SPEAKERS-1-150x150.webp 150w, https:\/\/nubialabs.com\/wp-content\/uploads\/2025\/01\/NUBIA-LAB-ISA-2024-SPEAKERS-1-75x75.webp 75w, https:\/\/nubialabs.com\/wp-content\/uploads\/2025\/01\/NUBIA-LAB-ISA-2024-SPEAKERS-1-480x480.webp 480w\" sizes=\"(max-width:767px) 480px, (max-width:768px) 100vw, 768px\" \/>\t\t\t\t\t\t\t\t\t\t\t\t\t\t\t<\/div>\n\t\t\t\t<\/div>\n\t\t\t\t\t<\/div>\n\t\t\t\t<\/div>\n\t\t\t\t<\/div>\n\t\t","protected":false},"excerpt":{"rendered":"<p>Nubia Lab ISA 2024 \u00a0 NUBIA Lab \u00e9s un programa d\u2019incubaci\u00f3 dissenyat per donar suport a artistes i creatius locals en el desenvolupament de projectes innovadors<span class=\"excerpt-hellip\"> [\u2026]<\/span><\/p>\n","protected":false},"author":2,"featured_media":0,"parent":0,"menu_order":0,"comment_status":"closed","ping_status":"closed","template":"","meta":{"footnotes":""},"class_list":["post-3921","page","type-page","status-publish","hentry"],"yoast_head":"<!-- This site is optimized with the Yoast SEO plugin v25.5 - https:\/\/yoast.com\/wordpress\/plugins\/seo\/ -->\n<title>Nubia Lab ISA 2024<\/title>\n<meta name=\"description\" content=\"Programa d\u2019incubaci\u00f3 dissenyat per donar suport a artistes i creatius locals en el desenvolupament de projectes innovadors.\" \/>\n<meta name=\"robots\" content=\"index, follow, max-snippet:-1, max-image-preview:large, max-video-preview:-1\" \/>\n<link rel=\"canonical\" href=\"https:\/\/nubialabs.com\/ca\/nubia-lab-isa-2024\/\" \/>\n<meta property=\"og:locale\" content=\"ca_ES\" \/>\n<meta property=\"og:type\" content=\"article\" \/>\n<meta property=\"og:title\" content=\"Nubia Lab ISA 2024\" \/>\n<meta property=\"og:description\" content=\"Programa d\u2019incubaci\u00f3 dissenyat per donar suport a artistes i creatius locals en el desenvolupament de projectes innovadors.\" \/>\n<meta property=\"og:url\" content=\"https:\/\/nubialabs.com\/ca\/nubia-lab-isa-2024\/\" \/>\n<meta property=\"og:site_name\" content=\"NubiaLabs\" \/>\n<meta property=\"article:modified_time\" content=\"2025-01-31T13:03:57+00:00\" \/>\n<meta property=\"og:image\" content=\"https:\/\/nubialabs.com\/wp-content\/uploads\/2023\/05\/ai2-sep1.svg\" \/>\n<meta name=\"twitter:card\" content=\"summary_large_image\" \/>\n<meta name=\"twitter:label1\" content=\"Temps estimat de lectura\" \/>\n\t<meta name=\"twitter:data1\" content=\"3 minuts\" \/>\n<script type=\"application\/ld+json\" class=\"yoast-schema-graph\">{\"@context\":\"https:\/\/schema.org\",\"@graph\":[{\"@type\":\"WebPage\",\"@id\":\"https:\/\/nubialabs.com\/ca\/nubia-lab-isa-2024\/\",\"url\":\"https:\/\/nubialabs.com\/ca\/nubia-lab-isa-2024\/\",\"name\":\"Nubia Lab ISA 2024\",\"isPartOf\":{\"@id\":\"https:\/\/nubialabs.com\/ca\/#website\"},\"primaryImageOfPage\":{\"@id\":\"https:\/\/nubialabs.com\/ca\/nubia-lab-isa-2024\/#primaryimage\"},\"image\":{\"@id\":\"https:\/\/nubialabs.com\/ca\/nubia-lab-isa-2024\/#primaryimage\"},\"thumbnailUrl\":\"https:\/\/nubialabs.com\/wp-content\/uploads\/2023\/05\/ai2-sep1.svg\",\"datePublished\":\"2025-01-17T14:56:12+00:00\",\"dateModified\":\"2025-01-31T13:03:57+00:00\",\"description\":\"Programa d\u2019incubaci\u00f3 dissenyat per donar suport a artistes i creatius locals en el desenvolupament de projectes innovadors.\",\"breadcrumb\":{\"@id\":\"https:\/\/nubialabs.com\/ca\/nubia-lab-isa-2024\/#breadcrumb\"},\"inLanguage\":\"ca\",\"potentialAction\":[{\"@type\":\"ReadAction\",\"target\":[\"https:\/\/nubialabs.com\/ca\/nubia-lab-isa-2024\/\"]}]},{\"@type\":\"ImageObject\",\"inLanguage\":\"ca\",\"@id\":\"https:\/\/nubialabs.com\/ca\/nubia-lab-isa-2024\/#primaryimage\",\"url\":\"https:\/\/nubialabs.com\/wp-content\/uploads\/2023\/05\/ai2-sep1.svg\",\"contentUrl\":\"https:\/\/nubialabs.com\/wp-content\/uploads\/2023\/05\/ai2-sep1.svg\"},{\"@type\":\"BreadcrumbList\",\"@id\":\"https:\/\/nubialabs.com\/ca\/nubia-lab-isa-2024\/#breadcrumb\",\"itemListElement\":[{\"@type\":\"ListItem\",\"position\":1,\"name\":\"Portada\",\"item\":\"https:\/\/nubialabs.com\/ca\/\"},{\"@type\":\"ListItem\",\"position\":2,\"name\":\"Nubia Lab ISA 2024\"}]},{\"@type\":\"WebSite\",\"@id\":\"https:\/\/nubialabs.com\/ca\/#website\",\"url\":\"https:\/\/nubialabs.com\/ca\/\",\"name\":\"NubiaLabs\",\"description\":\"Incubadora de proyectos art\u00edsticos\",\"publisher\":{\"@id\":\"https:\/\/nubialabs.com\/ca\/#organization\"},\"potentialAction\":[{\"@type\":\"SearchAction\",\"target\":{\"@type\":\"EntryPoint\",\"urlTemplate\":\"https:\/\/nubialabs.com\/ca\/?s={search_term_string}\"},\"query-input\":{\"@type\":\"PropertyValueSpecification\",\"valueRequired\":true,\"valueName\":\"search_term_string\"}}],\"inLanguage\":\"ca\"},{\"@type\":\"Organization\",\"@id\":\"https:\/\/nubialabs.com\/ca\/#organization\",\"name\":\"NubiaLabs\",\"url\":\"https:\/\/nubialabs.com\/ca\/\",\"logo\":{\"@type\":\"ImageObject\",\"inLanguage\":\"ca\",\"@id\":\"https:\/\/nubialabs.com\/ca\/#\/schema\/logo\/image\/\",\"url\":\"https:\/\/nubialabs.com\/wp-content\/uploads\/2023\/10\/Nubialabs_color.webp\",\"contentUrl\":\"https:\/\/nubialabs.com\/wp-content\/uploads\/2023\/10\/Nubialabs_color.webp\",\"width\":2000,\"height\":2000,\"caption\":\"NubiaLabs\"},\"image\":{\"@id\":\"https:\/\/nubialabs.com\/ca\/#\/schema\/logo\/image\/\"}}]}<\/script>\n<!-- \/ Yoast SEO plugin. -->","yoast_head_json":{"title":"Nubia Lab ISA 2024","description":"Programa d\u2019incubaci\u00f3 dissenyat per donar suport a artistes i creatius locals en el desenvolupament de projectes innovadors.","robots":{"index":"index","follow":"follow","max-snippet":"max-snippet:-1","max-image-preview":"max-image-preview:large","max-video-preview":"max-video-preview:-1"},"canonical":"https:\/\/nubialabs.com\/ca\/nubia-lab-isa-2024\/","og_locale":"ca_ES","og_type":"article","og_title":"Nubia Lab ISA 2024","og_description":"Programa d\u2019incubaci\u00f3 dissenyat per donar suport a artistes i creatius locals en el desenvolupament de projectes innovadors.","og_url":"https:\/\/nubialabs.com\/ca\/nubia-lab-isa-2024\/","og_site_name":"NubiaLabs","article_modified_time":"2025-01-31T13:03:57+00:00","og_image":[{"url":"https:\/\/nubialabs.com\/wp-content\/uploads\/2023\/05\/ai2-sep1.svg","type":"","width":"","height":""}],"twitter_card":"summary_large_image","twitter_misc":{"Temps estimat de lectura":"3 minuts"},"schema":{"@context":"https:\/\/schema.org","@graph":[{"@type":"WebPage","@id":"https:\/\/nubialabs.com\/ca\/nubia-lab-isa-2024\/","url":"https:\/\/nubialabs.com\/ca\/nubia-lab-isa-2024\/","name":"Nubia Lab ISA 2024","isPartOf":{"@id":"https:\/\/nubialabs.com\/ca\/#website"},"primaryImageOfPage":{"@id":"https:\/\/nubialabs.com\/ca\/nubia-lab-isa-2024\/#primaryimage"},"image":{"@id":"https:\/\/nubialabs.com\/ca\/nubia-lab-isa-2024\/#primaryimage"},"thumbnailUrl":"https:\/\/nubialabs.com\/wp-content\/uploads\/2023\/05\/ai2-sep1.svg","datePublished":"2025-01-17T14:56:12+00:00","dateModified":"2025-01-31T13:03:57+00:00","description":"Programa d\u2019incubaci\u00f3 dissenyat per donar suport a artistes i creatius locals en el desenvolupament de projectes innovadors.","breadcrumb":{"@id":"https:\/\/nubialabs.com\/ca\/nubia-lab-isa-2024\/#breadcrumb"},"inLanguage":"ca","potentialAction":[{"@type":"ReadAction","target":["https:\/\/nubialabs.com\/ca\/nubia-lab-isa-2024\/"]}]},{"@type":"ImageObject","inLanguage":"ca","@id":"https:\/\/nubialabs.com\/ca\/nubia-lab-isa-2024\/#primaryimage","url":"https:\/\/nubialabs.com\/wp-content\/uploads\/2023\/05\/ai2-sep1.svg","contentUrl":"https:\/\/nubialabs.com\/wp-content\/uploads\/2023\/05\/ai2-sep1.svg"},{"@type":"BreadcrumbList","@id":"https:\/\/nubialabs.com\/ca\/nubia-lab-isa-2024\/#breadcrumb","itemListElement":[{"@type":"ListItem","position":1,"name":"Portada","item":"https:\/\/nubialabs.com\/ca\/"},{"@type":"ListItem","position":2,"name":"Nubia Lab ISA 2024"}]},{"@type":"WebSite","@id":"https:\/\/nubialabs.com\/ca\/#website","url":"https:\/\/nubialabs.com\/ca\/","name":"NubiaLabs","description":"Incubadora de proyectos art\u00edsticos","publisher":{"@id":"https:\/\/nubialabs.com\/ca\/#organization"},"potentialAction":[{"@type":"SearchAction","target":{"@type":"EntryPoint","urlTemplate":"https:\/\/nubialabs.com\/ca\/?s={search_term_string}"},"query-input":{"@type":"PropertyValueSpecification","valueRequired":true,"valueName":"search_term_string"}}],"inLanguage":"ca"},{"@type":"Organization","@id":"https:\/\/nubialabs.com\/ca\/#organization","name":"NubiaLabs","url":"https:\/\/nubialabs.com\/ca\/","logo":{"@type":"ImageObject","inLanguage":"ca","@id":"https:\/\/nubialabs.com\/ca\/#\/schema\/logo\/image\/","url":"https:\/\/nubialabs.com\/wp-content\/uploads\/2023\/10\/Nubialabs_color.webp","contentUrl":"https:\/\/nubialabs.com\/wp-content\/uploads\/2023\/10\/Nubialabs_color.webp","width":2000,"height":2000,"caption":"NubiaLabs"},"image":{"@id":"https:\/\/nubialabs.com\/ca\/#\/schema\/logo\/image\/"}}]}},"_links":{"self":[{"href":"https:\/\/nubialabs.com\/ca\/wp-json\/wp\/v2\/pages\/3921","targetHints":{"allow":["GET"]}}],"collection":[{"href":"https:\/\/nubialabs.com\/ca\/wp-json\/wp\/v2\/pages"}],"about":[{"href":"https:\/\/nubialabs.com\/ca\/wp-json\/wp\/v2\/types\/page"}],"author":[{"embeddable":true,"href":"https:\/\/nubialabs.com\/ca\/wp-json\/wp\/v2\/users\/2"}],"replies":[{"embeddable":true,"href":"https:\/\/nubialabs.com\/ca\/wp-json\/wp\/v2\/comments?post=3921"}],"version-history":[{"count":8,"href":"https:\/\/nubialabs.com\/ca\/wp-json\/wp\/v2\/pages\/3921\/revisions"}],"predecessor-version":[{"id":4112,"href":"https:\/\/nubialabs.com\/ca\/wp-json\/wp\/v2\/pages\/3921\/revisions\/4112"}],"wp:attachment":[{"href":"https:\/\/nubialabs.com\/ca\/wp-json\/wp\/v2\/media?parent=3921"}],"curies":[{"name":"wp","href":"https:\/\/api.w.org\/{rel}","templated":true}]}}