{"id":3959,"date":"2025-01-17T16:16:12","date_gmt":"2025-01-17T15:16:12","guid":{"rendered":"https:\/\/nubialabs.com\/?page_id=3959"},"modified":"2025-07-17T22:51:08","modified_gmt":"2025-07-17T20:51:08","slug":"open-call-nubia-lab-isa-2024","status":"publish","type":"page","link":"https:\/\/nubialabs.com\/ca\/open-call-nubia-lab-isa-2024\/","title":{"rendered":"Open Call Nubia Lab ISA 2024"},"content":{"rendered":"\t\t<div data-elementor-type=\"wp-page\" data-elementor-id=\"3959\" class=\"elementor elementor-3959 elementor-3958\">\n\t\t\t\t<div class=\"elementor-element elementor-element-0ce1a59 e-con-full e-flex e-con e-parent\" data-id=\"0ce1a59\" data-element_type=\"container\">\n\t\t\t\t<\/div>\n\t\t<div class=\"elementor-element elementor-element-36d5e6e9 e-con-full e-flex e-con e-parent\" data-id=\"36d5e6e9\" data-element_type=\"container\">\n\t\t\t\t<\/div>\n\t\t\t\t<section class=\"elementor-section elementor-top-section elementor-element elementor-element-5ba803f9 elementor-section-stretched elementor-section-boxed elementor-section-height-default elementor-section-height-default\" data-id=\"5ba803f9\" data-element_type=\"section\" data-settings=\"{&quot;stretch_section&quot;:&quot;section-stretched&quot;,&quot;background_background&quot;:&quot;classic&quot;}\">\n\t\t\t\t\t\t<div class=\"elementor-container elementor-column-gap-wider\">\n\t\t\t\t\t<div class=\"elementor-column elementor-col-100 elementor-top-column elementor-element elementor-element-5720ada2\" data-id=\"5720ada2\" data-element_type=\"column\" data-settings=\"{&quot;background_background&quot;:&quot;gradient&quot;}\">\n\t\t\t<div class=\"elementor-widget-wrap elementor-element-populated\">\n\t\t\t\t\t\t<div class=\"elementor-element elementor-element-7f9f23e6 elementor-widget elementor-widget-heading\" data-id=\"7f9f23e6\" data-element_type=\"widget\" data-widget_type=\"heading.default\">\n\t\t\t\t<div class=\"elementor-widget-container\">\n\t\t\t\t\t<h1 class=\"elementor-heading-title elementor-size-default\">Open Call Nubia Lab ISA 2024<\/h1>\t\t\t\t<\/div>\n\t\t\t\t<\/div>\n\t\t\t\t<div class=\"elementor-element elementor-element-1b9f6e1c elementor-widget elementor-widget-image\" data-id=\"1b9f6e1c\" data-element_type=\"widget\" data-widget_type=\"image.default\">\n\t\t\t\t<div class=\"elementor-widget-container\">\n\t\t\t\t\t\t\t\t\t\t\t\t\t\t\t<img decoding=\"async\" src=\"https:\/\/nubialabs.com\/wp-content\/uploads\/2023\/05\/ai2-sep1.svg\" title=\"\" alt=\"\" loading=\"lazy\" \/>\t\t\t\t\t\t\t\t\t\t\t\t\t\t\t<\/div>\n\t\t\t\t<\/div>\n\t\t\t\t<div class=\"elementor-element elementor-element-7456e4cc elementor-widget elementor-widget-text-editor\" data-id=\"7456e4cc\" data-element_type=\"widget\" data-widget_type=\"text-editor.default\">\n\t\t\t\t<div class=\"elementor-widget-container\">\n\t\t\t\t\t\t\t\t\t<h3><b>Descripci\u00f3 del programa<\/b><\/h3>\n<span style=\"font-weight: 400;\"><strong>NUBIA LAB ISA 2024<\/strong> \u00e9s un programa d&#8217;incubaci\u00f3 catal\u00e0 que localitza els 6 projectes m\u00e9s interessants d&#8217;art digital emergent o professional. A trav\u00e9s d&#8217;un proc\u00e9s de mentor\u00eda amb una duraci\u00f3 de 12 setmanes, els participants podr\u00e1n\u00a0 fer evolucionar el seu projecte.\u00a0<\/span>\n\n<span style=\"font-weight: 400;\">El programa d&#8217;incubaci\u00f3 est\u00e0 basat en tres metodologies que s&#8217;uneixen per buscar l&#8217;excel\u00b7l\u00e8ncia, la desenvolupada per STARTS, NESTA i MIT Media Lab, a banda de l&#8217;experi\u00e8ncia acumulada per ESPRONCEDA.\u00a0<\/span>\n\n<span style=\"font-weight: 400;\">Entre els 6 projectes pr\u00e8viament seleccionats, 2 en ser\u00e1n escollits a finals d&#8217;octubre per seguir un proc\u00e9s de super acceleraci\u00f3, que implica la seva presentaci\u00f3 a plataformes professionals al 2025,\u00a0 com Venice immersive, Cannes XR o New Images Festival.<\/span>\n\n<span style=\"font-weight: 400;\">Adicionalment, el dia 18 de setembre, tots els projectes assistiran a una jornada networking presencial amb representants d&#8217;institucions internacionals com Aalto University\/EMIL project, STARTS\/Aurelie Delater, Michael Barngrover\/XR4Europe, i nacionals com Vicent Fibla\/Euf\u00f2nic, Xavier Bov\u00e9\/ La Salle.<\/span><br><br>\n<h4><\/h4>\n<h3><b>Detalls del programa<\/b><\/h3>\n<ol>\n \t<li style=\"font-weight: 400;\" aria-level=\"1\"><span style=\"font-weight: 400;\">Convocatoria i selecci\u00f3 dels projectes. \u201cOpen Call\u201d i \u201cTalent research\u201d. Juny i Juliol.<\/span><\/li>\n \t<li style=\"font-weight: 400;\" aria-level=\"1\"><span style=\"font-weight: 400;\">Darrera setmana de Juliol. Selecci\u00f3 final dels canditats amb la col.laboraci\u00f3 de mentors i experts nacionals e internacionals.<\/span><\/li>\n \t<li style=\"font-weight: 400;\" aria-level=\"1\"><span style=\"font-weight: 400;\">Setembre 2024, inici de la incubaci\u00f3. Esdeveniment a Tarragona.<\/span><\/li>\n \t<li style=\"font-weight: 400;\" aria-level=\"1\"><span style=\"font-weight: 400;\">Assignaci\u00f3 dels mentors i formaci\u00f3 comuna.\u00a0<\/span><\/li>\n \t<li style=\"font-weight: 400;\" aria-level=\"1\"><span style=\"font-weight: 400;\">Activitat network: Nubia Lab ISA Professional day. Esdeveniment a provincia Barcelona (Badalona).<\/span><\/li>\n \t<li style=\"font-weight: 400;\" aria-level=\"1\"><span style=\"font-weight: 400;\">Octubre 2024, mentor\u00eda espec\u00edfica per cada projecte.<\/span><\/li>\n \t<li style=\"font-weight: 400;\" aria-level=\"1\"><span style=\"font-weight: 400;\">Novembre 2024. Presentaci\u00f3 projectes millorats. Avaluaci\u00f3 jurat. Selecci\u00f3 de dos projectes per super-acceleraci\u00f3. Acte final a Tarragona<\/span><span style=\"font-weight: 400;\">.<\/span><\/li>\n<\/ol>\t\t\t\t\t\t\t\t<\/div>\n\t\t\t\t<\/div>\n\t\t<div class=\"elementor-element elementor-element-1912cfa8 e-flex e-con-boxed e-con e-parent\" data-id=\"1912cfa8\" data-element_type=\"container\">\n\t\t\t\t\t<div class=\"e-con-inner\">\n\t\t<div class=\"elementor-element elementor-element-a4b19d5 e-flex e-con-boxed e-con e-child\" data-id=\"a4b19d5\" data-element_type=\"container\">\n\t\t\t\t\t<div class=\"e-con-inner\">\n\t\t\t\t<div class=\"elementor-element elementor-element-9b794f3 elementor-widget elementor-widget-text-editor\" data-id=\"9b794f3\" data-element_type=\"widget\" data-widget_type=\"text-editor.default\">\n\t\t\t\t<div class=\"elementor-widget-container\">\n\t\t\t\t\t\t\t\t\t<h3><strong>Graella de continguts del programa<\/strong><\/h3><p>\u00a0<\/p><table><tbody><tr><td><p><strong>T\u00edtol de la mat\u00e8ria<\/strong><\/p><\/td><td><p><strong>\u00c0mbit de coneixement\u00a0<\/strong><\/p><p><strong>(negoci, gesti\u00f3 del projecte, programaci\u00f3, eines, promoci\u00f3&#8230;)<\/strong><\/p><\/td><\/tr><tr><td><p><span style=\"font-weight: 400;\">Conceptes ODS\u00a0 Art Digital i Impacte social\u00a0<\/span><\/p><\/td><td><p><span style=\"font-weight: 400;\">Impacte social<\/span><\/p><\/td><\/tr><tr><td><p><span style=\"font-weight: 400;\">Art Digital i Art Contemporani<\/span><\/p><\/td><td><p><span style=\"font-weight: 400;\">Eina: Excelencia Artistica<\/span><\/p><\/td><\/tr><tr><td><p><span style=\"font-weight: 400;\">Col.laboracio Empreses<\/span><\/p><\/td><td><p><span style=\"font-weight: 400;\">Negoci: alternatives financeres<\/span><\/p><\/td><\/tr><tr><td><p><span style=\"font-weight: 400;\">Tecnologies avan\u00e7ades: VR, haptics i IA<\/span><\/p><\/td><td><p><span style=\"font-weight: 400;\">Eines : noves tecnologies.<\/span><\/p><\/td><\/tr><tr><td><p><span style=\"font-weight: 400;\">Touch Designer &amp; Unreal Engine<\/span><\/p><\/td><td><p><span style=\"font-weight: 400;\">Programaci\u00f3<\/span><\/p><\/td><\/tr><tr><td><p><span style=\"font-weight: 400;\">Concepci\u00f3 i implementaci\u00f3 projectes<\/span><\/p><\/td><td><p><span style=\"font-weight: 400;\">Gesti\u00f3 del projecte<\/span><\/p><\/td><\/tr><tr><td><p><span style=\"font-weight: 400;\">Projectes i exposicions internacionals<\/span><\/p><\/td><td><p><span style=\"font-weight: 400;\">Negoci<\/span><\/p><\/td><\/tr><tr><td><p><span style=\"font-weight: 400;\">Programes Europeus i emprenedoria<\/span><\/p><\/td><td><p><span style=\"font-weight: 400;\">Negoci<\/span><\/p><\/td><\/tr><tr><td><p><span style=\"font-weight: 400;\">Xarxes professionals europees e internacionals<\/span><\/p><\/td><td><p><span style=\"font-weight: 400;\">Promoci\u00f3<\/span><\/p><\/td><\/tr><tr><td><p><span style=\"font-weight: 400;\">Comunicaci\u00f3 i storytelling creatiu<\/span><\/p><\/td><td><p><span style=\"font-weight: 400;\">Promoci\u00f3<\/span><\/p><\/td><\/tr><tr><td><p><span style=\"font-weight: 400;\">Propietat intel\u00b7lectual-blockchain\u2002<\/span><\/p><\/td><td><p><span style=\"font-weight: 400;\">Eines digitals<\/span><\/p><\/td><\/tr><\/tbody><\/table><p><em><span style=\"font-weight: 400;\">* El programa final i mentors s\u2019anunciaran a finals d\u2019agost.<\/span><\/em><\/p>\t\t\t\t\t\t\t\t<\/div>\n\t\t\t\t<\/div>\n\t\t\t\t\t<\/div>\n\t\t\t\t<\/div>\n\t\t\t\t\t<\/div>\n\t\t\t\t<\/div>\n\t\t\t\t<div class=\"elementor-element elementor-element-2df3d4e elementor-widget elementor-widget-text-editor\" data-id=\"2df3d4e\" data-element_type=\"widget\" data-widget_type=\"text-editor.default\">\n\t\t\t\t<div class=\"elementor-widget-container\">\n\t\t\t\t\t\t\t\t\t<p>\u00a0<\/p><p><span style=\"font-weight: 400;\">A falta de confirmar el claustre finals de mentors i formadors, aquests s\u00f3n alguns dels profesionals que participaran:\u00a0<\/span><\/p><p><span style=\"font-weight: 400;\"><strong>Alex Gin\u00e9s.<\/strong>\u00a0T\u00e8cnic d&#8217;innovaci\u00f3 a Ne\u00e0polis Vilanova, es especialista en <\/span><span style=\"font-weight: 400;\">storytelling de projectes digitals i en eines de marketing i <\/span><span style=\"font-weight: 400;\">desenvolupament de negoci.<\/span><\/p><p><span style=\"font-weight: 400;\"><strong>Marta Ordeig. <\/strong>Fundadora de Garage Stories, te diversos programes que <\/span><span style=\"font-weight: 400;\">promouen la creaci\u00f3 i promoci\u00f3 de projectes digitals que fan servir <\/span><span style=\"font-weight: 400;\">tecnolog\u00edes inmersives: <\/span><a href=\"https:\/\/www.garagestories.org\/startups\"><span style=\"font-weight: 400;\">https:\/\/www.garagestories.org\/startups<\/span><\/a><\/p><p><span style=\"font-weight: 400;\"><strong>Solim\u00e1n L\u00f3pez<\/strong>. Artista digital, emprenedor i formador d&#8217;innovaci\u00f3 a la <\/span><span style=\"font-weight: 400;\">universitat de Val\u00e8ncia, aporta al programa una gran experiencia en la <\/span><span style=\"font-weight: 400;\">creaci\u00f3 de projectes digitals com OLEA:<\/span><a href=\"http:\/\/cryptolea.org\/\"><span style=\"font-weight: 400;\">http:\/\/cryptolea.org\/<\/span><\/a><\/p><p><span style=\"font-weight: 400;\"><strong>Betty Bigas<\/strong>. Comiss\u00e0ria d&#8217;art, relacions p\u00fabliques i directora art\u00edstica de projectes expositius, especialitzada en art digital i noves tecnologies. Consultora d&#8217;art per a empreses com Kreoz per a Apple TV, Nestl\u00e9 Innovation, Nft Barcelona i DrapArt.<\/span><\/p><h4>\u00a0<\/h4><h3><b>Bases finals de la convocatoria<\/b><\/h3><p><strong>Premis i Beques<\/strong><\/p><p><span style=\"font-weight: 400;\">1) Acc\u00e9s gratu\u00eft i il\u00b7limitat a l&#8217;equipament t\u00e8cnic d&#8217;Espronceda: ordinadors port\u00e0tils, ulleres de realitat virtual, projectors, pantalles LED, etc.<\/span><\/p><p><span style=\"font-weight: 400;\">2) Despeses de manutenci\u00f3: 500 euros\/Projecte.<\/span><\/p><p><strong>Obligacions<\/strong><\/p><p><span style=\"font-weight: 400;\">Els participants de NubiaLabs estan obligats a difondre el programa NUBIA des del moment de la seva selecci\u00f3, durant el seu proc\u00e9s de treball i despr\u00e9s d&#8217;aquest, utilitzant etiquetes i logotips facilitats per l&#8217;organitzaci\u00f3.<\/span><\/p><p><span style=\"font-weight: 400;\">Els artistes hauran d&#8217;aportar una c\u00f2pia executable del projecte per a NUBIA, per al que podr\u00e0 requerir la seva instal\u00b7laci\u00f3 en una ubicaci\u00f3 f\u00edsica\/virtual, aix\u00ed com lliurar una mem\u00f2ria amb la descripci\u00f3 del projecte i la seva descripci\u00f3 t\u00e8cnica per a la seva perfecta execuci\u00f3.<\/span><\/p><p><span style=\"font-weight: 400;\">La convocat\u00f2ria romandr\u00e0 oberta fins el <\/span><b>31 de Juliol<\/b><span style=\"font-weight: 400;\">.<\/span><\/p><p><span style=\"font-weight: 400;\">Per participar cal inscripci\u00f3 pr\u00e8via a trav\u00e9s del seg\u00fcent enlla\u00e7:\u00a0<\/span><\/p><p><a href=\"https:\/\/forms.gle\/cpgpUBW58gZgdQi19\"><span style=\"font-weight: 400;\">https:\/\/forms.gle\/cpgpUBW58gZgdQi19<\/span><\/a><\/p><p>\u00a0<\/p><p><a href=\"https:\/\/forms.gle\/cpgpUBW58gZgdQi19\"><img fetchpriority=\"high\" decoding=\"async\" class=\"aligncenter wp-image-3590 size-full\" src=\"https:\/\/nubialabs.com\/wp-content\/uploads\/2024\/07\/NUBIA-LAB-ISA-2024-Programa-d_i-ncubacio-de-projectes-dart-digital-emergent-Convocatoria-oberta-fins-el-31-de-Juliol-2.webp\" alt=\"\" width=\"1080\" height=\"1080\" srcset=\"https:\/\/nubialabs.com\/wp-content\/uploads\/2024\/07\/NUBIA-LAB-ISA-2024-Programa-d_i-ncubacio-de-projectes-dart-digital-emergent-Convocatoria-oberta-fins-el-31-de-Juliol-2.webp 1080w, https:\/\/nubialabs.com\/wp-content\/uploads\/2024\/07\/NUBIA-LAB-ISA-2024-Programa-d_i-ncubacio-de-projectes-dart-digital-emergent-Convocatoria-oberta-fins-el-31-de-Juliol-2-500x500.webp 500w, https:\/\/nubialabs.com\/wp-content\/uploads\/2024\/07\/NUBIA-LAB-ISA-2024-Programa-d_i-ncubacio-de-projectes-dart-digital-emergent-Convocatoria-oberta-fins-el-31-de-Juliol-2-300x300.webp 300w, https:\/\/nubialabs.com\/wp-content\/uploads\/2024\/07\/NUBIA-LAB-ISA-2024-Programa-d_i-ncubacio-de-projectes-dart-digital-emergent-Convocatoria-oberta-fins-el-31-de-Juliol-2-768x768.webp 768w, https:\/\/nubialabs.com\/wp-content\/uploads\/2024\/07\/NUBIA-LAB-ISA-2024-Programa-d_i-ncubacio-de-projectes-dart-digital-emergent-Convocatoria-oberta-fins-el-31-de-Juliol-2-150x150.webp 150w, https:\/\/nubialabs.com\/wp-content\/uploads\/2024\/07\/NUBIA-LAB-ISA-2024-Programa-d_i-ncubacio-de-projectes-dart-digital-emergent-Convocatoria-oberta-fins-el-31-de-Juliol-2-75x75.webp 75w, https:\/\/nubialabs.com\/wp-content\/uploads\/2024\/07\/NUBIA-LAB-ISA-2024-Programa-d_i-ncubacio-de-projectes-dart-digital-emergent-Convocatoria-oberta-fins-el-31-de-Juliol-2-480x480.webp 480w\" sizes=\"(max-width:767px) 480px, (max-width:1080px) 100vw, 1080px\" \/><\/a><\/p>\t\t\t\t\t\t\t\t<\/div>\n\t\t\t\t<\/div>\n\t\t\t\t\t<\/div>\n\t\t<\/div>\n\t\t\t\t\t<\/div>\n\t\t<\/section>\n\t\t\t\t<\/div>\n\t\t","protected":false},"excerpt":{"rendered":"<p>Open Call Nubia Lab ISA 2024 Descripci\u00f3 del programa NUBIA LAB ISA 2024 \u00e9s un programa d&#8217;incubaci\u00f3 catal\u00e0 que localitza els 6 projectes m\u00e9s interessants d&#8217;art<span class=\"excerpt-hellip\"> [\u2026]<\/span><\/p>\n","protected":false},"author":2,"featured_media":0,"parent":0,"menu_order":0,"comment_status":"closed","ping_status":"closed","template":"","meta":{"footnotes":""},"class_list":["post-3959","page","type-page","status-publish","hentry"],"yoast_head":"<!-- This site is optimized with the Yoast SEO plugin v25.5 - https:\/\/yoast.com\/wordpress\/plugins\/seo\/ -->\n<title>Open Call Nubia Lab ISA 2024 - NubiaLabs<\/title>\n<meta name=\"robots\" content=\"noindex, follow\" \/>\n<meta property=\"og:locale\" content=\"ca_ES\" \/>\n<meta property=\"og:type\" content=\"article\" \/>\n<meta property=\"og:title\" content=\"Open Call Nubia Lab ISA 2024 - NubiaLabs\" \/>\n<meta property=\"og:description\" content=\"Open Call Nubia Lab ISA 2024 Descripci\u00f3 del programa NUBIA LAB ISA 2024 \u00e9s un programa d&#8217;incubaci\u00f3 catal\u00e0 que localitza els 6 projectes m\u00e9s interessants d&#8217;art [\u2026]\" \/>\n<meta property=\"og:url\" content=\"https:\/\/nubialabs.com\/ca\/open-call-nubia-lab-isa-2024\/\" \/>\n<meta property=\"og:site_name\" content=\"NubiaLabs\" \/>\n<meta property=\"article:modified_time\" content=\"2025-07-17T20:51:08+00:00\" \/>\n<meta property=\"og:image\" content=\"https:\/\/nubialabs.com\/wp-content\/uploads\/2023\/05\/ai2-sep1.svg\" \/>\n<meta name=\"twitter:card\" content=\"summary_large_image\" \/>\n<meta name=\"twitter:label1\" content=\"Temps estimat de lectura\" \/>\n\t<meta name=\"twitter:data1\" content=\"4 minuts\" \/>\n<script type=\"application\/ld+json\" class=\"yoast-schema-graph\">{\"@context\":\"https:\/\/schema.org\",\"@graph\":[{\"@type\":\"WebPage\",\"@id\":\"https:\/\/nubialabs.com\/ca\/open-call-nubia-lab-isa-2024\/\",\"url\":\"https:\/\/nubialabs.com\/ca\/open-call-nubia-lab-isa-2024\/\",\"name\":\"Open Call Nubia Lab ISA 2024 - NubiaLabs\",\"isPartOf\":{\"@id\":\"https:\/\/nubialabs.com\/ca\/#website\"},\"primaryImageOfPage\":{\"@id\":\"https:\/\/nubialabs.com\/ca\/open-call-nubia-lab-isa-2024\/#primaryimage\"},\"image\":{\"@id\":\"https:\/\/nubialabs.com\/ca\/open-call-nubia-lab-isa-2024\/#primaryimage\"},\"thumbnailUrl\":\"https:\/\/nubialabs.com\/wp-content\/uploads\/2023\/05\/ai2-sep1.svg\",\"datePublished\":\"2025-01-17T15:16:12+00:00\",\"dateModified\":\"2025-07-17T20:51:08+00:00\",\"breadcrumb\":{\"@id\":\"https:\/\/nubialabs.com\/ca\/open-call-nubia-lab-isa-2024\/#breadcrumb\"},\"inLanguage\":\"ca\",\"potentialAction\":[{\"@type\":\"ReadAction\",\"target\":[\"https:\/\/nubialabs.com\/ca\/open-call-nubia-lab-isa-2024\/\"]}]},{\"@type\":\"ImageObject\",\"inLanguage\":\"ca\",\"@id\":\"https:\/\/nubialabs.com\/ca\/open-call-nubia-lab-isa-2024\/#primaryimage\",\"url\":\"https:\/\/nubialabs.com\/wp-content\/uploads\/2023\/05\/ai2-sep1.svg\",\"contentUrl\":\"https:\/\/nubialabs.com\/wp-content\/uploads\/2023\/05\/ai2-sep1.svg\"},{\"@type\":\"BreadcrumbList\",\"@id\":\"https:\/\/nubialabs.com\/ca\/open-call-nubia-lab-isa-2024\/#breadcrumb\",\"itemListElement\":[{\"@type\":\"ListItem\",\"position\":1,\"name\":\"Portada\",\"item\":\"https:\/\/nubialabs.com\/ca\/\"},{\"@type\":\"ListItem\",\"position\":2,\"name\":\"Open Call Nubia Lab ISA 2024\"}]},{\"@type\":\"WebSite\",\"@id\":\"https:\/\/nubialabs.com\/ca\/#website\",\"url\":\"https:\/\/nubialabs.com\/ca\/\",\"name\":\"NubiaLabs\",\"description\":\"Incubadora de proyectos art\u00edsticos\",\"publisher\":{\"@id\":\"https:\/\/nubialabs.com\/ca\/#organization\"},\"potentialAction\":[{\"@type\":\"SearchAction\",\"target\":{\"@type\":\"EntryPoint\",\"urlTemplate\":\"https:\/\/nubialabs.com\/ca\/?s={search_term_string}\"},\"query-input\":{\"@type\":\"PropertyValueSpecification\",\"valueRequired\":true,\"valueName\":\"search_term_string\"}}],\"inLanguage\":\"ca\"},{\"@type\":\"Organization\",\"@id\":\"https:\/\/nubialabs.com\/ca\/#organization\",\"name\":\"NubiaLabs\",\"url\":\"https:\/\/nubialabs.com\/ca\/\",\"logo\":{\"@type\":\"ImageObject\",\"inLanguage\":\"ca\",\"@id\":\"https:\/\/nubialabs.com\/ca\/#\/schema\/logo\/image\/\",\"url\":\"https:\/\/nubialabs.com\/wp-content\/uploads\/2023\/10\/Nubialabs_color.webp\",\"contentUrl\":\"https:\/\/nubialabs.com\/wp-content\/uploads\/2023\/10\/Nubialabs_color.webp\",\"width\":2000,\"height\":2000,\"caption\":\"NubiaLabs\"},\"image\":{\"@id\":\"https:\/\/nubialabs.com\/ca\/#\/schema\/logo\/image\/\"}}]}<\/script>\n<!-- \/ Yoast SEO plugin. -->","yoast_head_json":{"title":"Open Call Nubia Lab ISA 2024 - NubiaLabs","robots":{"index":"noindex","follow":"follow"},"og_locale":"ca_ES","og_type":"article","og_title":"Open Call Nubia Lab ISA 2024 - NubiaLabs","og_description":"Open Call Nubia Lab ISA 2024 Descripci\u00f3 del programa NUBIA LAB ISA 2024 \u00e9s un programa d&#8217;incubaci\u00f3 catal\u00e0 que localitza els 6 projectes m\u00e9s interessants d&#8217;art [\u2026]","og_url":"https:\/\/nubialabs.com\/ca\/open-call-nubia-lab-isa-2024\/","og_site_name":"NubiaLabs","article_modified_time":"2025-07-17T20:51:08+00:00","og_image":[{"url":"https:\/\/nubialabs.com\/wp-content\/uploads\/2023\/05\/ai2-sep1.svg","type":"","width":"","height":""}],"twitter_card":"summary_large_image","twitter_misc":{"Temps estimat de lectura":"4 minuts"},"schema":{"@context":"https:\/\/schema.org","@graph":[{"@type":"WebPage","@id":"https:\/\/nubialabs.com\/ca\/open-call-nubia-lab-isa-2024\/","url":"https:\/\/nubialabs.com\/ca\/open-call-nubia-lab-isa-2024\/","name":"Open Call Nubia Lab ISA 2024 - NubiaLabs","isPartOf":{"@id":"https:\/\/nubialabs.com\/ca\/#website"},"primaryImageOfPage":{"@id":"https:\/\/nubialabs.com\/ca\/open-call-nubia-lab-isa-2024\/#primaryimage"},"image":{"@id":"https:\/\/nubialabs.com\/ca\/open-call-nubia-lab-isa-2024\/#primaryimage"},"thumbnailUrl":"https:\/\/nubialabs.com\/wp-content\/uploads\/2023\/05\/ai2-sep1.svg","datePublished":"2025-01-17T15:16:12+00:00","dateModified":"2025-07-17T20:51:08+00:00","breadcrumb":{"@id":"https:\/\/nubialabs.com\/ca\/open-call-nubia-lab-isa-2024\/#breadcrumb"},"inLanguage":"ca","potentialAction":[{"@type":"ReadAction","target":["https:\/\/nubialabs.com\/ca\/open-call-nubia-lab-isa-2024\/"]}]},{"@type":"ImageObject","inLanguage":"ca","@id":"https:\/\/nubialabs.com\/ca\/open-call-nubia-lab-isa-2024\/#primaryimage","url":"https:\/\/nubialabs.com\/wp-content\/uploads\/2023\/05\/ai2-sep1.svg","contentUrl":"https:\/\/nubialabs.com\/wp-content\/uploads\/2023\/05\/ai2-sep1.svg"},{"@type":"BreadcrumbList","@id":"https:\/\/nubialabs.com\/ca\/open-call-nubia-lab-isa-2024\/#breadcrumb","itemListElement":[{"@type":"ListItem","position":1,"name":"Portada","item":"https:\/\/nubialabs.com\/ca\/"},{"@type":"ListItem","position":2,"name":"Open Call Nubia Lab ISA 2024"}]},{"@type":"WebSite","@id":"https:\/\/nubialabs.com\/ca\/#website","url":"https:\/\/nubialabs.com\/ca\/","name":"NubiaLabs","description":"Incubadora de proyectos art\u00edsticos","publisher":{"@id":"https:\/\/nubialabs.com\/ca\/#organization"},"potentialAction":[{"@type":"SearchAction","target":{"@type":"EntryPoint","urlTemplate":"https:\/\/nubialabs.com\/ca\/?s={search_term_string}"},"query-input":{"@type":"PropertyValueSpecification","valueRequired":true,"valueName":"search_term_string"}}],"inLanguage":"ca"},{"@type":"Organization","@id":"https:\/\/nubialabs.com\/ca\/#organization","name":"NubiaLabs","url":"https:\/\/nubialabs.com\/ca\/","logo":{"@type":"ImageObject","inLanguage":"ca","@id":"https:\/\/nubialabs.com\/ca\/#\/schema\/logo\/image\/","url":"https:\/\/nubialabs.com\/wp-content\/uploads\/2023\/10\/Nubialabs_color.webp","contentUrl":"https:\/\/nubialabs.com\/wp-content\/uploads\/2023\/10\/Nubialabs_color.webp","width":2000,"height":2000,"caption":"NubiaLabs"},"image":{"@id":"https:\/\/nubialabs.com\/ca\/#\/schema\/logo\/image\/"}}]}},"_links":{"self":[{"href":"https:\/\/nubialabs.com\/ca\/wp-json\/wp\/v2\/pages\/3959","targetHints":{"allow":["GET"]}}],"collection":[{"href":"https:\/\/nubialabs.com\/ca\/wp-json\/wp\/v2\/pages"}],"about":[{"href":"https:\/\/nubialabs.com\/ca\/wp-json\/wp\/v2\/types\/page"}],"author":[{"embeddable":true,"href":"https:\/\/nubialabs.com\/ca\/wp-json\/wp\/v2\/users\/2"}],"replies":[{"embeddable":true,"href":"https:\/\/nubialabs.com\/ca\/wp-json\/wp\/v2\/comments?post=3959"}],"version-history":[{"count":11,"href":"https:\/\/nubialabs.com\/ca\/wp-json\/wp\/v2\/pages\/3959\/revisions"}],"predecessor-version":[{"id":4263,"href":"https:\/\/nubialabs.com\/ca\/wp-json\/wp\/v2\/pages\/3959\/revisions\/4263"}],"wp:attachment":[{"href":"https:\/\/nubialabs.com\/ca\/wp-json\/wp\/v2\/media?parent=3959"}],"curies":[{"name":"wp","href":"https:\/\/api.w.org\/{rel}","templated":true}]}}