{"id":4373,"date":"2025-05-08T10:32:12","date_gmt":"2025-05-08T08:32:12","guid":{"rendered":"https:\/\/nubialabs.com\/?page_id=4373"},"modified":"2025-11-07T13:13:20","modified_gmt":"2025-11-07T12:13:20","slug":"open-call-nubia-lab-incubacio-ia-mons-2025","status":"publish","type":"page","link":"https:\/\/nubialabs.com\/ca\/open-call-nubia-lab-incubacio-ia-mons-2025\/","title":{"rendered":"Open Call Nubia Lab Incubaci\u00f3 IA M\u00f3ns 2025"},"content":{"rendered":"\t\t<div data-elementor-type=\"wp-page\" data-elementor-id=\"4373\" class=\"elementor elementor-4373 elementor-4372\">\n\t\t\t\t<div class=\"elementor-element elementor-element-f3a62cd e-flex e-con-boxed e-con e-parent\" data-id=\"f3a62cd\" data-element_type=\"container\">\n\t\t\t\t\t<div class=\"e-con-inner\">\n\t\t\t\t<div class=\"elementor-element elementor-element-025634e elementor-widget elementor-widget-heading\" data-id=\"025634e\" data-element_type=\"widget\" data-widget_type=\"heading.default\">\n\t\t\t\t<div class=\"elementor-widget-container\">\n\t\t\t\t\t<h1 class=\"elementor-heading-title elementor-size-default\">Open Call: Nubia Lab Incubaci\u00f3 IA M\u00f3ns 2025<\/h1>\t\t\t\t<\/div>\n\t\t\t\t<\/div>\n\t\t\t\t<div class=\"elementor-element elementor-element-59caf2c elementor-widget elementor-widget-heading\" data-id=\"59caf2c\" data-element_type=\"widget\" data-widget_type=\"heading.default\">\n\t\t\t\t<div class=\"elementor-widget-container\">\n\t\t\t\t\t<h4 class=\"elementor-heading-title elementor-size-default\">Experimenta i conquesta el futur digital<\/h4>\t\t\t\t<\/div>\n\t\t\t\t<\/div>\n\t\t\t\t\t<\/div>\n\t\t\t\t<\/div>\n\t\t<div class=\"elementor-element elementor-element-0e89c7f e-flex e-con-boxed e-con e-parent\" data-id=\"0e89c7f\" data-element_type=\"container\">\n\t\t\t\t\t<div class=\"e-con-inner\">\n\t\t\t\t<div class=\"elementor-element elementor-element-7162d66 elementor-widget elementor-widget-image\" data-id=\"7162d66\" data-element_type=\"widget\" data-widget_type=\"image.default\">\n\t\t\t\t<div class=\"elementor-widget-container\">\n\t\t\t\t\t\t\t\t\t\t\t\t\t\t\t<img decoding=\"async\" src=\"https:\/\/nubialabs.com\/wp-content\/uploads\/2023\/05\/ai2-sep1.svg\" title=\"\" alt=\"\" loading=\"lazy\" \/>\t\t\t\t\t\t\t\t\t\t\t\t\t\t\t<\/div>\n\t\t\t\t<\/div>\n\t\t\t\t\t<\/div>\n\t\t\t\t<\/div>\n\t\t<div class=\"elementor-element elementor-element-8062903 e-flex e-con-boxed e-con e-parent\" data-id=\"8062903\" data-element_type=\"container\">\n\t\t\t\t\t<div class=\"e-con-inner\">\n\t\t\t\t<div class=\"elementor-element elementor-element-37e2362 elementor-widget elementor-widget-text-editor\" data-id=\"37e2362\" data-element_type=\"widget\" data-widget_type=\"text-editor.default\">\n\t\t\t\t<div class=\"elementor-widget-container\">\n\t\t\t\t\t\t\t\t\t<h4>Descripci\u00f3 del programa<\/h4>\n<p>NUBIA&nbsp;LAB&nbsp;INCUBACI\u00d3&nbsp;IA&nbsp;M\u00d3NS&nbsp;2025 \u00e9s un programa d&#8217;incubaci\u00f3 de 12 setmanes per a projectes d&#8217;art digital que fusionin Intel\u00b7lig\u00e8ncia Artificial (IA)&nbsp;i Realitat Estesa (RX). Seleccionem cinc projectes que ja han superat la fase de concepte i venen equipats amb un MVP funcional. A trav\u00e9s de sprints t\u00e8cnic-pr\u00e0ctics, classes magistrals de&nbsp;UX\/*UI&nbsp;i tutories de 360\u00b0, els participants perfeccionen els seus prototips. Al novembre, els dos projectes m\u00e9s destacats obtenen un bitllet per a una fase de&nbsp;superaceleraci\u00f3n&nbsp;internacional, amb presentacions a Cannes&nbsp;XR,&nbsp;Venice&nbsp;Immersive,&nbsp;VRDays,&nbsp;Chroniques&nbsp;i altres esdeveniments. La nostra missi\u00f3, basada en pr\u00e0ctiques \u00e8tiques i sostenibles, \u00e9s impulsar la innovaci\u00f3 auda\u00e7, fomentar la competitivitat i situar el talent creatiu de Catalunya en l&#8217;escenari mundial. El format \u00e9s h\u00edbrid (en l\u00ednia i presencial).<\/p>\n<h4>Requisits i qui pot sol\u00b7licitar-ho<\/h4>\n<p>Ets un\/a candidat\/a si:<\/p>\n<ul>\n<li>Ja tens un Producte M\u00ednim Viable (MVP) amb focus en IA i\/o XR.<\/li>\n<li>Treballes individualment o en petits equips.<\/li>\n<li>Pots comprometre&#8217;t a tota la durada de la incubaci\u00f3 (a temps complet o parcial).<\/li>\n<li>Creus en la tecnologia i l&#8217;art \u00e8tics i sostenibles.<\/li>\n<\/ul>\n<h4>&nbsp;<\/h4>\n<h4>Principals avantatges i beneficis<\/h4>\n<ul>\n<li>500 euros per projecte per a materials i consumibles.<\/li>\n<li>Acc\u00e9s il\u00b7limitat a auriculars XR, estudi de captura de moviment, projectors i m\u00e9s.<\/li>\n<li>Zona de jocs AI\/XR dedicada per a proves d&#8217;usabilitat amb p\u00fablics diversos.<\/li>\n<li>Presentacions directes en aparadors i festivals del sector.<\/li>\n<li>Pres\u00e8ncia en una exposici\u00f3 de fi de programa dirigida a la premsa.<\/li>\n<\/ul>\n<h4>&nbsp;<\/h4>\n<h4>Criteris de selecci\u00f3<\/h4>\n<p>Els projectes es jutgen en funci\u00f3 de:<\/p>\n<ul>\n<li><strong>Maduresa t\u00e8cnica<\/strong>: Com de s\u00f2lid \u00e9s el seu MVP?<\/li>\n<li><strong>Visi\u00f3 creativa<\/strong>: Originalitat i for\u00e7a narrativa.<\/li>\n<li><strong>Potencial d&#8217;impacte<\/strong>: Rellev\u00e0ncia social o cultural.<\/li>\n<li><strong>Preparaci\u00f3 de l&#8217;equip<\/strong>: Comprom\u00eds i capacitat d&#8217;execuci\u00f3.<\/li>\n<\/ul>\n<h4>&nbsp;<\/h4>\n<h4>Detalls del programa i calendari<\/h4>\n<ul>\n<li><strong>Juny-juliol de 2025<\/strong>: Convocat\u00f2ria oberta i cerca de talents.<\/li>\n<li><strong>\u00daltima setmana de juliol de 2025<\/strong>: Selecci\u00f3 final de cinc equips.<\/li>\n<li><strong>Setembre de 2025<\/strong>\n<ul>\n<li>Posada en marxa.<\/li>\n<li>Inici del programa educatiu.<\/li>\n<li>Assignaci\u00f3 de mentors i sessions de grup.<\/li>\n<\/ul>\n<\/li>\n<li><strong>Octubre de 2025<\/strong>: Tutoria t\u00e8cnica i empresarial personalitzada.<\/li>\n<li><strong>Novembre \/ Desembre 2025<\/strong>:\n<ul>\n<li>Presentacions finals a Barcelona i en la seu d&#8217;un soci a Catalunya; dos projectes triats per a la \u00abSuperacceleraci\u00f3\u00bb.<\/li>\n<li>Jornada de&nbsp;Networking&nbsp;Professional.<\/li>\n<\/ul>\n<\/li>\n<\/ul>\n<h4>&nbsp;<\/h4>\n<h4>Esquema del contingut del programa<\/h4>\n<table>\n<tbody>\n<tr>\n<td><b>Tema<\/b><\/td>\n<td><b>\u00c0rea de coneixement<\/b><\/td>\n<\/tr>\n<tr>\n<td>Fonaments de&nbsp;IA&nbsp;&amp;&nbsp;XR<\/td>\n<td>Tecnologies Emergents<\/td>\n<\/tr>\n<tr>\n<td>Narratives immersives i cocreaci\u00f3n&nbsp;<\/td>\n<td>Pr\u00e0ctica art\u00edstica<\/td>\n<\/tr>\n<tr>\n<td>Disseny UX\/UI per a XR<\/td>\n<td>Experi\u00e8ncia d&#8217; usuari<\/td>\n<\/tr>\n<tr>\n<td>Blockchain i propietat intel\u00b7lectual<\/td>\n<td>Eines Digitals<\/td>\n<\/tr>\n<tr>\n<td>Models de negoci&nbsp;XR&nbsp;i planificaci\u00f3 financera<\/td>\n<td>Iniciativa empresarial<\/td>\n<\/tr>\n<tr>\n<td>Marketing, Pitching y Abast Internacional<\/td>\n<td>Comunicaci\u00f3 i promoci\u00f3<\/td>\n<\/tr>\n<tr>\n<td>Gesti\u00f3 de projectes i fulls de ruta<\/td>\n<td>Estrat\u00e8gia de projectes<\/td>\n<\/tr>\n<tr>\n<td>Exposicions i festivals internacionals<\/td>\n<td>Xarxes professionals<\/td>\n<\/tr>\n<\/tbody>\n<\/table>\n<p>Pla d&#8217;estudis complet i llista de mentors confirmats a la fi d&#8217;agost de 2025.<\/p>\n<h4>&nbsp;<\/h4>\n<h4>Mentors i Formadors<\/h4>\n<p>(pendent de confirmaci\u00f3 final)<\/p>\n<ul>\n<li>Kris Pilker (Artista XR i mentor de IA).<\/li>\n<li>Rachel Heavey (Desenvolupadora i programadora XR).<\/li>\n<li>Daniel Gonz\u00e1lez-Franco (Artista XR i Dissenyador UX).<\/li>\n<li>Esen K\u00fc\u00e7\u00fckt\u00fct\u00fcnc\u00fc (Desenvolupadora de Unity i XR).<\/li>\n<li>Alex Gin\u00e9s (T\u00e8cnic d&#8217;Innovaci\u00f3, Blockchain Storytelling).<\/li>\n<li>Marta Ordeig (Fundadora, Garage Stories &#8211; XR Entrepreneurship).<\/li>\n<li>Michael Barngrover (Director, XR4Europe).<\/li>\n<li>Aurelie Delater (Gestora de projectes STARTS).<\/li>\n<li>Daniel Sabio (Artista i programador XR).<\/li>\n<li>Seyed Mohsen Hazrati (Artista digital i comissari de nous mitjans).<\/li><li>Marc Galvez (Creador de realitat virtual i especialista en experi\u00e8ncies immersives).<\/li>\n<\/ul>\n<h4>&nbsp;<\/h4>\n<h4>Col\u00b7laboradors i patrocinadors<\/h4>\n<p>S\u00f3nar \u00b7 MIRA \u00b7 Euf\u00f2nic \u00b7 La Salle \u00b7 UPF \u00b7 XR4Europe \u00b7 Chronique \u00b7 Meetspace \u00b7 Public Art Lab<\/p>\n<h4>&nbsp;<\/h4>\n<h4>Alumnes destacats<\/h4>\n<p>\u00ab<em>Nubia&nbsp;Lab&nbsp;2024 va portar el meu prototip de&nbsp;RV&nbsp;de prova de concepte a llest per a un festival en nom\u00e9s sis mesos<\/em>\u00bb.<br>&#8211; Marina R., Alumna 2024<\/p>\n<p>\u00ab<em>Gr\u00e0cies a les proves de&nbsp;Playground, afinem la nostra narrativa de&nbsp;IA&nbsp;i aconseguim un espai d&#8217;exhibici\u00f3 a Ars&nbsp;Electronica<\/em>\u00bb.<br>&#8211; Llegeixo T., Alumne 2024<\/p>\n<h4>&nbsp;<\/h4>\n<h4>Preguntes freq\u00fcents<\/h4>\n<p><strong>Puc inscriure&#8217;m si el meu equip est\u00e0 fora de Barcelona?<\/strong><br>S\u00ed. Oferim sessions remotes i cobrim les despeses de viatge per a esdeveniments clau en persona.<\/p>\n<p><strong>Quant suport t\u00e8cnic rebr\u00e9?<\/strong><br>Cada equip tindr\u00e0 a la seva disposici\u00f3 un especialista en&nbsp;XR\/AI&nbsp;que realitzar\u00e0 revisions setmanals i tallers pr\u00e0ctics.<\/p>\n<p><strong>I si necessito m\u00e9s desenvolupadors o artistes?<\/strong><br>Pots proposar la subcontractaci\u00f3 en el pressupost de la teva sol\u00b7licitud; el revisarem durant la selecci\u00f3.<\/p>\n<h4>&nbsp;<\/h4>\n<h4>Com aplicar<\/h4>\n<ul>\n<li><strong>Data l\u00edmit<\/strong>: 31 de juliol de 2025.<\/li>\n<li><strong>Presenta la teva candidatura aqu\u00ed<\/strong>:&nbsp;<span style=\"font-weight: normal;\"><a href=\"https:\/\/forms.gle\/cpgpUBW58gZgdQi19\"><span style=\"font-size: 11pt; font-family: Arial, sans-serif; color: #1155cc; background-color: transparent; font-weight: 400; font-style: normal; font-variant: normal; text-decoration-line: underline; text-decoration-skip-ink: none; white-space-collapse: preserve;\">https:\/\/forms.gle\/cpgpUBW58gZgdQi19<\/span><\/a><\/span><\/li>\n<\/ul>\n<h4>&nbsp;<\/h4>\n<h4>Contacte i assist\u00e8ncia<\/h4>\n<p>Alguna pregunta? Envia&#8217;ns un email a <a href=\"mailto:info@espronceda.net\">info@espronceda.net<\/a><\/p>\t\t\t\t\t\t\t\t<\/div>\n\t\t\t\t<\/div>\n\t\t\t\t\t<\/div>\n\t\t\t\t<\/div>\n\t\t<div class=\"elementor-element elementor-element-2bed6d3 e-flex e-con-boxed e-con e-parent\" data-id=\"2bed6d3\" data-element_type=\"container\">\n\t\t\t\t\t<div class=\"e-con-inner\">\n\t\t\t\t<div class=\"elementor-element elementor-element-1490eb0 elementor-widget elementor-widget-image\" data-id=\"1490eb0\" data-element_type=\"widget\" data-widget_type=\"image.default\">\n\t\t\t\t<div class=\"elementor-widget-container\">\n\t\t\t\t\t\t\t\t\t\t\t\t\t\t\t<img fetchpriority=\"high\" decoding=\"async\" width=\"768\" height=\"960\" src=\"https:\/\/nubialabs.com\/wp-content\/uploads\/2025\/05\/Nubia-Lab-Incubacio-IA-Mons-2025-Flyer-CAT-1-768x960.webp\" class=\"attachment-medium_large size-medium_large wp-image-4467\" alt=\"\" srcset=\"https:\/\/nubialabs.com\/wp-content\/uploads\/2025\/05\/Nubia-Lab-Incubacio-IA-Mons-2025-Flyer-CAT-1-768x960.webp 768w, https:\/\/nubialabs.com\/wp-content\/uploads\/2025\/05\/Nubia-Lab-Incubacio-IA-Mons-2025-Flyer-CAT-1-400x500.webp 400w, https:\/\/nubialabs.com\/wp-content\/uploads\/2025\/05\/Nubia-Lab-Incubacio-IA-Mons-2025-Flyer-CAT-1-240x300.webp 240w, https:\/\/nubialabs.com\/wp-content\/uploads\/2025\/05\/Nubia-Lab-Incubacio-IA-Mons-2025-Flyer-CAT-1-60x75.webp 60w, https:\/\/nubialabs.com\/wp-content\/uploads\/2025\/05\/Nubia-Lab-Incubacio-IA-Mons-2025-Flyer-CAT-1-480x600.webp 480w\" sizes=\"(max-width:767px) 480px, (max-width:768px) 100vw, 768px\" \/>\t\t\t\t\t\t\t\t\t\t\t\t\t\t\t<\/div>\n\t\t\t\t<\/div>\n\t\t\t\t\t<\/div>\n\t\t\t\t<\/div>\n\t\t\t\t<\/div>\n\t\t","protected":false},"excerpt":{"rendered":"<p>Open Call: Nubia Lab Incubaci\u00f3 IA M\u00f3ns 2025 Experimenta i conquesta el futur digital Descripci\u00f3 del programa NUBIA&nbsp;LAB&nbsp;INCUBACI\u00d3&nbsp;IA&nbsp;M\u00d3NS&nbsp;2025 \u00e9s un programa d&#8217;incubaci\u00f3 de 12 setmanes per<span class=\"excerpt-hellip\"> [\u2026]<\/span><\/p>\n","protected":false},"author":2,"featured_media":0,"parent":0,"menu_order":0,"comment_status":"closed","ping_status":"closed","template":"","meta":{"footnotes":""},"class_list":["post-4373","page","type-page","status-publish","hentry"],"yoast_head":"<!-- This site is optimized with the Yoast SEO plugin v25.5 - https:\/\/yoast.com\/wordpress\/plugins\/seo\/ -->\n<title>Nubia Lab Incubaci\u00f3 IA M\u00f3ns 2025 - NubiaLabs<\/title>\n<meta name=\"description\" content=\"12 setmanes per a projectes d&#039;art digital que fusionin Intel\u00b7lig\u00e8ncia Artificial (IA) i Realitat Estesa (RX).\" \/>\n<meta name=\"robots\" content=\"index, follow, max-snippet:-1, max-image-preview:large, max-video-preview:-1\" \/>\n<link rel=\"canonical\" href=\"https:\/\/nubialabs.com\/ca\/open-call-nubia-lab-incubacio-ia-mons-2025\/\" \/>\n<meta property=\"og:locale\" content=\"ca_ES\" \/>\n<meta property=\"og:type\" content=\"article\" \/>\n<meta property=\"og:title\" content=\"Nubia Lab Incubaci\u00f3 IA M\u00f3ns 2025 - NubiaLabs\" \/>\n<meta property=\"og:description\" content=\"12 setmanes per a projectes d&#039;art digital que fusionin Intel\u00b7lig\u00e8ncia Artificial (IA) i Realitat Estesa (RX).\" \/>\n<meta property=\"og:url\" content=\"https:\/\/nubialabs.com\/ca\/open-call-nubia-lab-incubacio-ia-mons-2025\/\" \/>\n<meta property=\"og:site_name\" content=\"NubiaLabs\" \/>\n<meta property=\"article:modified_time\" content=\"2025-11-07T12:13:20+00:00\" \/>\n<meta property=\"og:image\" content=\"https:\/\/nubialabs.com\/wp-content\/uploads\/2023\/05\/ai2-sep1.svg\" \/>\n<meta name=\"twitter:card\" content=\"summary_large_image\" \/>\n<meta name=\"twitter:label1\" content=\"Temps estimat de lectura\" \/>\n\t<meta name=\"twitter:data1\" content=\"5 minuts\" \/>\n<script type=\"application\/ld+json\" class=\"yoast-schema-graph\">{\"@context\":\"https:\/\/schema.org\",\"@graph\":[{\"@type\":\"WebPage\",\"@id\":\"https:\/\/nubialabs.com\/ca\/open-call-nubia-lab-incubacio-ia-mons-2025\/\",\"url\":\"https:\/\/nubialabs.com\/ca\/open-call-nubia-lab-incubacio-ia-mons-2025\/\",\"name\":\"Nubia Lab Incubaci\u00f3 IA M\u00f3ns 2025 - NubiaLabs\",\"isPartOf\":{\"@id\":\"https:\/\/nubialabs.com\/ca\/#website\"},\"primaryImageOfPage\":{\"@id\":\"https:\/\/nubialabs.com\/ca\/open-call-nubia-lab-incubacio-ia-mons-2025\/#primaryimage\"},\"image\":{\"@id\":\"https:\/\/nubialabs.com\/ca\/open-call-nubia-lab-incubacio-ia-mons-2025\/#primaryimage\"},\"thumbnailUrl\":\"https:\/\/nubialabs.com\/wp-content\/uploads\/2023\/05\/ai2-sep1.svg\",\"datePublished\":\"2025-05-08T08:32:12+00:00\",\"dateModified\":\"2025-11-07T12:13:20+00:00\",\"description\":\"12 setmanes per a projectes d'art digital que fusionin Intel\u00b7lig\u00e8ncia Artificial (IA) i Realitat Estesa (RX).\",\"breadcrumb\":{\"@id\":\"https:\/\/nubialabs.com\/ca\/open-call-nubia-lab-incubacio-ia-mons-2025\/#breadcrumb\"},\"inLanguage\":\"ca\",\"potentialAction\":[{\"@type\":\"ReadAction\",\"target\":[\"https:\/\/nubialabs.com\/ca\/open-call-nubia-lab-incubacio-ia-mons-2025\/\"]}]},{\"@type\":\"ImageObject\",\"inLanguage\":\"ca\",\"@id\":\"https:\/\/nubialabs.com\/ca\/open-call-nubia-lab-incubacio-ia-mons-2025\/#primaryimage\",\"url\":\"https:\/\/nubialabs.com\/wp-content\/uploads\/2023\/05\/ai2-sep1.svg\",\"contentUrl\":\"https:\/\/nubialabs.com\/wp-content\/uploads\/2023\/05\/ai2-sep1.svg\"},{\"@type\":\"BreadcrumbList\",\"@id\":\"https:\/\/nubialabs.com\/ca\/open-call-nubia-lab-incubacio-ia-mons-2025\/#breadcrumb\",\"itemListElement\":[{\"@type\":\"ListItem\",\"position\":1,\"name\":\"Portada\",\"item\":\"https:\/\/nubialabs.com\/ca\/\"},{\"@type\":\"ListItem\",\"position\":2,\"name\":\"Open Call Nubia Lab Incubaci\u00f3 IA M\u00f3ns 2025\"}]},{\"@type\":\"WebSite\",\"@id\":\"https:\/\/nubialabs.com\/ca\/#website\",\"url\":\"https:\/\/nubialabs.com\/ca\/\",\"name\":\"NubiaLabs\",\"description\":\"Incubadora de proyectos art\u00edsticos\",\"publisher\":{\"@id\":\"https:\/\/nubialabs.com\/ca\/#organization\"},\"potentialAction\":[{\"@type\":\"SearchAction\",\"target\":{\"@type\":\"EntryPoint\",\"urlTemplate\":\"https:\/\/nubialabs.com\/ca\/?s={search_term_string}\"},\"query-input\":{\"@type\":\"PropertyValueSpecification\",\"valueRequired\":true,\"valueName\":\"search_term_string\"}}],\"inLanguage\":\"ca\"},{\"@type\":\"Organization\",\"@id\":\"https:\/\/nubialabs.com\/ca\/#organization\",\"name\":\"NubiaLabs\",\"url\":\"https:\/\/nubialabs.com\/ca\/\",\"logo\":{\"@type\":\"ImageObject\",\"inLanguage\":\"ca\",\"@id\":\"https:\/\/nubialabs.com\/ca\/#\/schema\/logo\/image\/\",\"url\":\"https:\/\/nubialabs.com\/wp-content\/uploads\/2023\/10\/Nubialabs_color.webp\",\"contentUrl\":\"https:\/\/nubialabs.com\/wp-content\/uploads\/2023\/10\/Nubialabs_color.webp\",\"width\":2000,\"height\":2000,\"caption\":\"NubiaLabs\"},\"image\":{\"@id\":\"https:\/\/nubialabs.com\/ca\/#\/schema\/logo\/image\/\"}}]}<\/script>\n<!-- \/ Yoast SEO plugin. -->","yoast_head_json":{"title":"Nubia Lab Incubaci\u00f3 IA M\u00f3ns 2025 - NubiaLabs","description":"12 setmanes per a projectes d'art digital que fusionin Intel\u00b7lig\u00e8ncia Artificial (IA) i Realitat Estesa (RX).","robots":{"index":"index","follow":"follow","max-snippet":"max-snippet:-1","max-image-preview":"max-image-preview:large","max-video-preview":"max-video-preview:-1"},"canonical":"https:\/\/nubialabs.com\/ca\/open-call-nubia-lab-incubacio-ia-mons-2025\/","og_locale":"ca_ES","og_type":"article","og_title":"Nubia Lab Incubaci\u00f3 IA M\u00f3ns 2025 - NubiaLabs","og_description":"12 setmanes per a projectes d'art digital que fusionin Intel\u00b7lig\u00e8ncia Artificial (IA) i Realitat Estesa (RX).","og_url":"https:\/\/nubialabs.com\/ca\/open-call-nubia-lab-incubacio-ia-mons-2025\/","og_site_name":"NubiaLabs","article_modified_time":"2025-11-07T12:13:20+00:00","og_image":[{"url":"https:\/\/nubialabs.com\/wp-content\/uploads\/2023\/05\/ai2-sep1.svg","type":"","width":"","height":""}],"twitter_card":"summary_large_image","twitter_misc":{"Temps estimat de lectura":"5 minuts"},"schema":{"@context":"https:\/\/schema.org","@graph":[{"@type":"WebPage","@id":"https:\/\/nubialabs.com\/ca\/open-call-nubia-lab-incubacio-ia-mons-2025\/","url":"https:\/\/nubialabs.com\/ca\/open-call-nubia-lab-incubacio-ia-mons-2025\/","name":"Nubia Lab Incubaci\u00f3 IA M\u00f3ns 2025 - NubiaLabs","isPartOf":{"@id":"https:\/\/nubialabs.com\/ca\/#website"},"primaryImageOfPage":{"@id":"https:\/\/nubialabs.com\/ca\/open-call-nubia-lab-incubacio-ia-mons-2025\/#primaryimage"},"image":{"@id":"https:\/\/nubialabs.com\/ca\/open-call-nubia-lab-incubacio-ia-mons-2025\/#primaryimage"},"thumbnailUrl":"https:\/\/nubialabs.com\/wp-content\/uploads\/2023\/05\/ai2-sep1.svg","datePublished":"2025-05-08T08:32:12+00:00","dateModified":"2025-11-07T12:13:20+00:00","description":"12 setmanes per a projectes d'art digital que fusionin Intel\u00b7lig\u00e8ncia Artificial (IA) i Realitat Estesa (RX).","breadcrumb":{"@id":"https:\/\/nubialabs.com\/ca\/open-call-nubia-lab-incubacio-ia-mons-2025\/#breadcrumb"},"inLanguage":"ca","potentialAction":[{"@type":"ReadAction","target":["https:\/\/nubialabs.com\/ca\/open-call-nubia-lab-incubacio-ia-mons-2025\/"]}]},{"@type":"ImageObject","inLanguage":"ca","@id":"https:\/\/nubialabs.com\/ca\/open-call-nubia-lab-incubacio-ia-mons-2025\/#primaryimage","url":"https:\/\/nubialabs.com\/wp-content\/uploads\/2023\/05\/ai2-sep1.svg","contentUrl":"https:\/\/nubialabs.com\/wp-content\/uploads\/2023\/05\/ai2-sep1.svg"},{"@type":"BreadcrumbList","@id":"https:\/\/nubialabs.com\/ca\/open-call-nubia-lab-incubacio-ia-mons-2025\/#breadcrumb","itemListElement":[{"@type":"ListItem","position":1,"name":"Portada","item":"https:\/\/nubialabs.com\/ca\/"},{"@type":"ListItem","position":2,"name":"Open Call Nubia Lab Incubaci\u00f3 IA M\u00f3ns 2025"}]},{"@type":"WebSite","@id":"https:\/\/nubialabs.com\/ca\/#website","url":"https:\/\/nubialabs.com\/ca\/","name":"NubiaLabs","description":"Incubadora de proyectos art\u00edsticos","publisher":{"@id":"https:\/\/nubialabs.com\/ca\/#organization"},"potentialAction":[{"@type":"SearchAction","target":{"@type":"EntryPoint","urlTemplate":"https:\/\/nubialabs.com\/ca\/?s={search_term_string}"},"query-input":{"@type":"PropertyValueSpecification","valueRequired":true,"valueName":"search_term_string"}}],"inLanguage":"ca"},{"@type":"Organization","@id":"https:\/\/nubialabs.com\/ca\/#organization","name":"NubiaLabs","url":"https:\/\/nubialabs.com\/ca\/","logo":{"@type":"ImageObject","inLanguage":"ca","@id":"https:\/\/nubialabs.com\/ca\/#\/schema\/logo\/image\/","url":"https:\/\/nubialabs.com\/wp-content\/uploads\/2023\/10\/Nubialabs_color.webp","contentUrl":"https:\/\/nubialabs.com\/wp-content\/uploads\/2023\/10\/Nubialabs_color.webp","width":2000,"height":2000,"caption":"NubiaLabs"},"image":{"@id":"https:\/\/nubialabs.com\/ca\/#\/schema\/logo\/image\/"}}]}},"_links":{"self":[{"href":"https:\/\/nubialabs.com\/ca\/wp-json\/wp\/v2\/pages\/4373","targetHints":{"allow":["GET"]}}],"collection":[{"href":"https:\/\/nubialabs.com\/ca\/wp-json\/wp\/v2\/pages"}],"about":[{"href":"https:\/\/nubialabs.com\/ca\/wp-json\/wp\/v2\/types\/page"}],"author":[{"embeddable":true,"href":"https:\/\/nubialabs.com\/ca\/wp-json\/wp\/v2\/users\/2"}],"replies":[{"embeddable":true,"href":"https:\/\/nubialabs.com\/ca\/wp-json\/wp\/v2\/comments?post=4373"}],"version-history":[{"count":20,"href":"https:\/\/nubialabs.com\/ca\/wp-json\/wp\/v2\/pages\/4373\/revisions"}],"predecessor-version":[{"id":4637,"href":"https:\/\/nubialabs.com\/ca\/wp-json\/wp\/v2\/pages\/4373\/revisions\/4637"}],"wp:attachment":[{"href":"https:\/\/nubialabs.com\/ca\/wp-json\/wp\/v2\/media?parent=4373"}],"curies":[{"name":"wp","href":"https:\/\/api.w.org\/{rel}","templated":true}]}}