{"id":4647,"date":"2026-01-28T12:26:25","date_gmt":"2026-01-28T11:26:25","guid":{"rendered":"https:\/\/nubialabs.com\/?page_id=4647"},"modified":"2026-02-09T13:21:34","modified_gmt":"2026-02-09T12:21:34","slug":"tres-frequencies-un-mes-dart-immersiu-so-i-visio","status":"publish","type":"page","link":"https:\/\/nubialabs.com\/ca\/tres-frequencies-un-mes-dart-immersiu-so-i-visio\/","title":{"rendered":"TRES\u00a0FREQ\u00dc\u00c8NCIES: Un mes d&#8217;art immersiu, so i visi\u00f3"},"content":{"rendered":"\t\t<div data-elementor-type=\"wp-page\" data-elementor-id=\"4647\" class=\"elementor elementor-4647 elementor-4645\">\n\t\t\t\t<div class=\"elementor-element elementor-element-f3a62cd e-flex e-con-boxed e-con e-parent\" data-id=\"f3a62cd\" data-element_type=\"container\">\n\t\t\t\t\t<div class=\"e-con-inner\">\n\t\t\t\t<div class=\"elementor-element elementor-element-025634e elementor-widget elementor-widget-heading\" data-id=\"025634e\" data-element_type=\"widget\" data-widget_type=\"heading.default\">\n\t\t\t\t<div class=\"elementor-widget-container\">\n\t\t\t\t\t<h1 class=\"elementor-heading-title elementor-size-default\">Tres freq\u00fc\u00e8ncies: Un mes d\u2019art immersiu, so i visi\u00f3<\/h1>\t\t\t\t<\/div>\n\t\t\t\t<\/div>\n\t\t\t\t\t<\/div>\n\t\t\t\t<\/div>\n\t\t<div class=\"elementor-element elementor-element-0e89c7f e-flex e-con-boxed e-con e-parent\" data-id=\"0e89c7f\" data-element_type=\"container\">\n\t\t\t\t\t<div class=\"e-con-inner\">\n\t\t\t\t<div class=\"elementor-element elementor-element-7162d66 elementor-widget elementor-widget-image\" data-id=\"7162d66\" data-element_type=\"widget\" data-widget_type=\"image.default\">\n\t\t\t\t<div class=\"elementor-widget-container\">\n\t\t\t\t\t\t\t\t\t\t\t\t\t\t\t<img decoding=\"async\" src=\"https:\/\/nubialabs.com\/wp-content\/uploads\/2023\/05\/ai2-sep1.svg\" title=\"\" alt=\"\" loading=\"lazy\" \/>\t\t\t\t\t\t\t\t\t\t\t\t\t\t\t<\/div>\n\t\t\t\t<\/div>\n\t\t\t\t\t<\/div>\n\t\t\t\t<\/div>\n\t\t<div class=\"elementor-element elementor-element-8062903 e-flex e-con-boxed e-con e-parent\" data-id=\"8062903\" data-element_type=\"container\">\n\t\t\t\t\t<div class=\"e-con-inner\">\n\t\t\t\t<div class=\"elementor-element elementor-element-79f62ca elementor-widget elementor-widget-image\" data-id=\"79f62ca\" data-element_type=\"widget\" data-widget_type=\"image.default\">\n\t\t\t\t<div class=\"elementor-widget-container\">\n\t\t\t\t\t\t\t\t\t\t\t\t\t\t\t<img fetchpriority=\"high\" decoding=\"async\" width=\"400\" height=\"500\" src=\"https:\/\/nubialabs.com\/wp-content\/uploads\/2026\/02\/CAT-FINAL-1-400x500.png\" class=\"attachment-medium size-medium wp-image-5160\" alt=\"tres frequencies cat\" srcset=\"https:\/\/nubialabs.com\/wp-content\/uploads\/2026\/02\/CAT-FINAL-1-400x500.png 400w, https:\/\/nubialabs.com\/wp-content\/uploads\/2026\/02\/CAT-FINAL-1-960x1200.png 960w, https:\/\/nubialabs.com\/wp-content\/uploads\/2026\/02\/CAT-FINAL-1-240x300.png 240w, https:\/\/nubialabs.com\/wp-content\/uploads\/2026\/02\/CAT-FINAL-1-768x960.png 768w, https:\/\/nubialabs.com\/wp-content\/uploads\/2026\/02\/CAT-FINAL-1-60x75.png 60w, https:\/\/nubialabs.com\/wp-content\/uploads\/2026\/02\/CAT-FINAL-1-480x600.png 480w, https:\/\/nubialabs.com\/wp-content\/uploads\/2026\/02\/CAT-FINAL-1.png 1080w\" sizes=\"(max-width:767px) 400px, 400px\" \/>\t\t\t\t\t\t\t\t\t\t\t\t\t\t\t<\/div>\n\t\t\t\t<\/div>\n\t\t\t\t<div class=\"elementor-element elementor-element-37e2362 elementor-widget elementor-widget-text-editor\" data-id=\"37e2362\" data-element_type=\"widget\" data-widget_type=\"text-editor.default\">\n\t\t\t\t<div class=\"elementor-widget-container\">\n\t\t\t\t\t\t\t\t\t<p>Comissariat dins <strong>NUBIA LAB INCUBACI\u00d3N IA M\u00d3NS 2025<\/strong>, Tres freq\u00fc\u00e8ncies transforma ESPRONCEDA en un espai per a la XR, el so i l&#8217;imaginari col\u00b7lectiu.<br \/>El programa compta amb artistes internacionals i locals com <strong>Moritz Simon Geist, Depthbuffer Studio, Daniel Sabio, Kat Alice Pegler, Sam Potter &amp; Matthew Grimble, Niall Hill, i Xavi Bov\u00e9<\/strong> (La Salle)<\/p><p>Tamb\u00e9 inclou projectes d&#8217;estudiants dels programes de <strong>M\u00e0ster i Bachelor in Digital Arts de La Salle,<\/strong> juntament amb obres convidades <strong>d&#8217;Average of IA i Nereides Ef\u00edmeres,<\/strong> construint ponts entre veus emergents i establertes en la creaci\u00f3 digital.<\/p><p>Estructurat en tres cap\u00edtols interconnectats:<\/p><ul><li><a href=\"https:\/\/nubialabs.com\/ca\/nubia-lab-incubacio-ia-mons-2025-5\/\"><strong>Mist\u00b3 \u2014 Traversing Dimensions<\/strong><\/a> (29 d\u2019octubre \u2013 xerrada \u201cMeet the Artist\u201d) (30 d\u2019octubre \u2013 1 de novembre)<\/li><li><a href=\"https:\/\/nubialabs.com\/ca\/nubia-lab-incubacio-ia-mons-2025-3\/\"><strong>Sonic\u00b3 \u2014 Resonancia en Tres Dimensiones<\/strong><\/a> (6 de novembre)<\/li><li><a href=\"https:\/\/nubialabs.com\/ca\/nubia-lab-incubacio-ia-mons-2025-4\/\"><strong>Dream\u00b3 \u2014La tercera realidad<\/strong><\/a> (Nov 26 \u2013 28)<\/li><\/ul><p>\u00a0<\/p><p><strong>El resum oficial en v\u00eddeo<\/strong><\/p><p>ESPRONCEDA \u2013 Institute of Art &amp; Culture presenta aquest v\u00eddeo resumeixen oficial de NUBIA LAB INCUBACI\u00d3 IA M\u00d3NS 2025, un programa d\u2019incubaci\u00f3 de 12 setmanes per a projectes d\u2019art digital que integren Intel\u00b7lig\u00e8ncia Artificial (AI) i Realitat Estesa (XR).<br \/>El programa promou la innovaci\u00f3 art\u00edstica i la projecci\u00f3 internacional del talent creatiu catal\u00e0. En aquest context, <em><strong>TRES FREQ\u00dc\u00c8NCIES: Un mes d\u2019art immersiu, so i visi\u00f3<\/strong><\/em> va prendre forma en ESPRONCEDA a trav\u00e9s de presentacions p\u00fabliques, performances i exposicions, connectant el proc\u00e9s d\u2019incubaci\u00f3 amb l\u2019experi\u00e8ncia p\u00fablica.<\/p><p>En aquest v\u00eddeo, descobreix la metodologia del programa, els projectes desenvolupats durant la incubaci\u00f3 i entrevistes exclusives amb els artistes i curadors, compartint els seus processos creatius, reflexions i visions darrere d\u2019aquestes obres immersives.<\/p>\t\t\t\t\t\t\t\t<\/div>\n\t\t\t\t<\/div>\n\t\t\t\t<div class=\"elementor-element elementor-element-209678b elementor-widget elementor-widget-video\" data-id=\"209678b\" data-element_type=\"widget\" data-settings=\"{&quot;youtube_url&quot;:&quot;https:\\\/\\\/www.youtube.com\\\/watch?v=yN7fS5mC-hg&quot;,&quot;show_image_overlay&quot;:&quot;yes&quot;,&quot;image_overlay&quot;:{&quot;url&quot;:&quot;https:\\\/\\\/nubialabs.com\\\/wp-content\\\/uploads\\\/2026\\\/02\\\/IMG_2528-scaled.jpg&quot;,&quot;id&quot;:5127,&quot;size&quot;:&quot;&quot;,&quot;alt&quot;:&quot;nubia youtube cover&quot;,&quot;source&quot;:&quot;library&quot;},&quot;video_type&quot;:&quot;youtube&quot;,&quot;controls&quot;:&quot;yes&quot;}\" data-widget_type=\"video.default\">\n\t\t\t\t<div class=\"elementor-widget-container\">\n\t\t\t\t\t\t\t<div class=\"elementor-wrapper elementor-open-inline\">\n\t\t\t<div class=\"elementor-video\"><\/div>\t\t\t\t<div class=\"elementor-custom-embed-image-overlay\" style=\"background-image: url(https:\/\/nubialabs.com\/wp-content\/uploads\/2026\/02\/IMG_2528-scaled.jpg);\">\n\t\t\t\t\t\t\t\t\t\t\t\t\t\t\t\t<div class=\"elementor-custom-embed-play\" role=\"button\" aria-label=\"Reprodueix el v\u00eddeo quant a nubia youtube cover\" tabindex=\"0\">\n\t\t\t\t\t\t\t<i aria-hidden=\"true\" class=\"eicon-play\"><\/i>\t\t\t\t\t\t<\/div>\n\t\t\t\t\t\t\t\t\t<\/div>\n\t\t\t\t\t<\/div>\n\t\t\t\t\t\t<\/div>\n\t\t\t\t<\/div>\n\t\t\t\t\t<\/div>\n\t\t\t\t<\/div>\n\t\t\t\t<\/div>\n\t\t","protected":false},"excerpt":{"rendered":"<p>Tres freq\u00fc\u00e8ncies: Un mes d\u2019art immersiu, so i visi\u00f3 Comissariat dins NUBIA LAB INCUBACI\u00d3N IA M\u00d3NS 2025, Tres freq\u00fc\u00e8ncies transforma ESPRONCEDA en un espai per a<span class=\"excerpt-hellip\"> [\u2026]<\/span><\/p>\n","protected":false},"author":7,"featured_media":0,"parent":0,"menu_order":0,"comment_status":"closed","ping_status":"closed","template":"","meta":{"footnotes":""},"class_list":["post-4647","page","type-page","status-publish","hentry"],"yoast_head":"<!-- This site is optimized with the Yoast SEO plugin v25.5 - https:\/\/yoast.com\/wordpress\/plugins\/seo\/ -->\n<title>TRES FREQ\u00dc\u00c8NCIES: Un mes d&#039;art immersiu, so i visi\u00f3<\/title>\n<meta name=\"description\" content=\"Tres freq\u00fc\u00e8ncies \u00e9s una constel\u00b7laci\u00f3 d&#039;experi\u00e8ncies immersives que exploren els l\u00edmits de la percepci\u00f3, la connexi\u00f3 i la transformaci\u00f3.\" \/>\n<meta name=\"robots\" content=\"index, follow, max-snippet:-1, max-image-preview:large, max-video-preview:-1\" \/>\n<link rel=\"canonical\" href=\"https:\/\/nubialabs.com\/ca\/tres-frequencies-un-mes-dart-immersiu-so-i-visio\/\" \/>\n<meta property=\"og:locale\" content=\"ca_ES\" \/>\n<meta property=\"og:type\" content=\"article\" \/>\n<meta property=\"og:title\" content=\"TRES FREQ\u00dc\u00c8NCIES: Un mes d&#039;art immersiu, so i visi\u00f3\" \/>\n<meta property=\"og:description\" content=\"Tres freq\u00fc\u00e8ncies \u00e9s una constel\u00b7laci\u00f3 d&#039;experi\u00e8ncies immersives que exploren els l\u00edmits de la percepci\u00f3, la connexi\u00f3 i la transformaci\u00f3.\" \/>\n<meta property=\"og:url\" content=\"https:\/\/nubialabs.com\/ca\/tres-frequencies-un-mes-dart-immersiu-so-i-visio\/\" \/>\n<meta property=\"og:site_name\" content=\"NubiaLabs\" \/>\n<meta property=\"article:modified_time\" content=\"2026-02-09T12:21:34+00:00\" \/>\n<meta property=\"og:image\" content=\"https:\/\/nubialabs.com\/wp-content\/uploads\/2023\/05\/ai2-sep1.svg\" \/>\n<meta name=\"twitter:card\" content=\"summary_large_image\" \/>\n<meta name=\"twitter:label1\" content=\"Temps estimat de lectura\" \/>\n\t<meta name=\"twitter:data1\" content=\"2 minuts\" \/>\n<script type=\"application\/ld+json\" class=\"yoast-schema-graph\">{\"@context\":\"https:\/\/schema.org\",\"@graph\":[{\"@type\":\"WebPage\",\"@id\":\"https:\/\/nubialabs.com\/ca\/tres-frequencies-un-mes-dart-immersiu-so-i-visio\/\",\"url\":\"https:\/\/nubialabs.com\/ca\/tres-frequencies-un-mes-dart-immersiu-so-i-visio\/\",\"name\":\"TRES FREQ\u00dc\u00c8NCIES: Un mes d'art immersiu, so i visi\u00f3\",\"isPartOf\":{\"@id\":\"https:\/\/nubialabs.com\/ca\/#website\"},\"primaryImageOfPage\":{\"@id\":\"https:\/\/nubialabs.com\/ca\/tres-frequencies-un-mes-dart-immersiu-so-i-visio\/#primaryimage\"},\"image\":{\"@id\":\"https:\/\/nubialabs.com\/ca\/tres-frequencies-un-mes-dart-immersiu-so-i-visio\/#primaryimage\"},\"thumbnailUrl\":\"https:\/\/nubialabs.com\/wp-content\/uploads\/2023\/05\/ai2-sep1.svg\",\"datePublished\":\"2026-01-28T11:26:25+00:00\",\"dateModified\":\"2026-02-09T12:21:34+00:00\",\"description\":\"Tres freq\u00fc\u00e8ncies \u00e9s una constel\u00b7laci\u00f3 d'experi\u00e8ncies immersives que exploren els l\u00edmits de la percepci\u00f3, la connexi\u00f3 i la transformaci\u00f3.\",\"breadcrumb\":{\"@id\":\"https:\/\/nubialabs.com\/ca\/tres-frequencies-un-mes-dart-immersiu-so-i-visio\/#breadcrumb\"},\"inLanguage\":\"ca\",\"potentialAction\":[{\"@type\":\"ReadAction\",\"target\":[\"https:\/\/nubialabs.com\/ca\/tres-frequencies-un-mes-dart-immersiu-so-i-visio\/\"]}]},{\"@type\":\"ImageObject\",\"inLanguage\":\"ca\",\"@id\":\"https:\/\/nubialabs.com\/ca\/tres-frequencies-un-mes-dart-immersiu-so-i-visio\/#primaryimage\",\"url\":\"https:\/\/nubialabs.com\/wp-content\/uploads\/2023\/05\/ai2-sep1.svg\",\"contentUrl\":\"https:\/\/nubialabs.com\/wp-content\/uploads\/2023\/05\/ai2-sep1.svg\"},{\"@type\":\"BreadcrumbList\",\"@id\":\"https:\/\/nubialabs.com\/ca\/tres-frequencies-un-mes-dart-immersiu-so-i-visio\/#breadcrumb\",\"itemListElement\":[{\"@type\":\"ListItem\",\"position\":1,\"name\":\"Portada\",\"item\":\"https:\/\/nubialabs.com\/ca\/\"},{\"@type\":\"ListItem\",\"position\":2,\"name\":\"TRES\u00a0FREQ\u00dc\u00c8NCIES: Un mes d&#8217;art immersiu, so i visi\u00f3\"}]},{\"@type\":\"WebSite\",\"@id\":\"https:\/\/nubialabs.com\/ca\/#website\",\"url\":\"https:\/\/nubialabs.com\/ca\/\",\"name\":\"NubiaLabs\",\"description\":\"Incubadora de proyectos art\u00edsticos\",\"publisher\":{\"@id\":\"https:\/\/nubialabs.com\/ca\/#organization\"},\"potentialAction\":[{\"@type\":\"SearchAction\",\"target\":{\"@type\":\"EntryPoint\",\"urlTemplate\":\"https:\/\/nubialabs.com\/ca\/?s={search_term_string}\"},\"query-input\":{\"@type\":\"PropertyValueSpecification\",\"valueRequired\":true,\"valueName\":\"search_term_string\"}}],\"inLanguage\":\"ca\"},{\"@type\":\"Organization\",\"@id\":\"https:\/\/nubialabs.com\/ca\/#organization\",\"name\":\"NubiaLabs\",\"url\":\"https:\/\/nubialabs.com\/ca\/\",\"logo\":{\"@type\":\"ImageObject\",\"inLanguage\":\"ca\",\"@id\":\"https:\/\/nubialabs.com\/ca\/#\/schema\/logo\/image\/\",\"url\":\"https:\/\/nubialabs.com\/wp-content\/uploads\/2023\/10\/Nubialabs_color.webp\",\"contentUrl\":\"https:\/\/nubialabs.com\/wp-content\/uploads\/2023\/10\/Nubialabs_color.webp\",\"width\":2000,\"height\":2000,\"caption\":\"NubiaLabs\"},\"image\":{\"@id\":\"https:\/\/nubialabs.com\/ca\/#\/schema\/logo\/image\/\"}}]}<\/script>\n<!-- \/ Yoast SEO plugin. -->","yoast_head_json":{"title":"TRES FREQ\u00dc\u00c8NCIES: Un mes d'art immersiu, so i visi\u00f3","description":"Tres freq\u00fc\u00e8ncies \u00e9s una constel\u00b7laci\u00f3 d'experi\u00e8ncies immersives que exploren els l\u00edmits de la percepci\u00f3, la connexi\u00f3 i la transformaci\u00f3.","robots":{"index":"index","follow":"follow","max-snippet":"max-snippet:-1","max-image-preview":"max-image-preview:large","max-video-preview":"max-video-preview:-1"},"canonical":"https:\/\/nubialabs.com\/ca\/tres-frequencies-un-mes-dart-immersiu-so-i-visio\/","og_locale":"ca_ES","og_type":"article","og_title":"TRES FREQ\u00dc\u00c8NCIES: Un mes d'art immersiu, so i visi\u00f3","og_description":"Tres freq\u00fc\u00e8ncies \u00e9s una constel\u00b7laci\u00f3 d'experi\u00e8ncies immersives que exploren els l\u00edmits de la percepci\u00f3, la connexi\u00f3 i la transformaci\u00f3.","og_url":"https:\/\/nubialabs.com\/ca\/tres-frequencies-un-mes-dart-immersiu-so-i-visio\/","og_site_name":"NubiaLabs","article_modified_time":"2026-02-09T12:21:34+00:00","og_image":[{"url":"https:\/\/nubialabs.com\/wp-content\/uploads\/2023\/05\/ai2-sep1.svg","type":"","width":"","height":""}],"twitter_card":"summary_large_image","twitter_misc":{"Temps estimat de lectura":"2 minuts"},"schema":{"@context":"https:\/\/schema.org","@graph":[{"@type":"WebPage","@id":"https:\/\/nubialabs.com\/ca\/tres-frequencies-un-mes-dart-immersiu-so-i-visio\/","url":"https:\/\/nubialabs.com\/ca\/tres-frequencies-un-mes-dart-immersiu-so-i-visio\/","name":"TRES FREQ\u00dc\u00c8NCIES: Un mes d'art immersiu, so i visi\u00f3","isPartOf":{"@id":"https:\/\/nubialabs.com\/ca\/#website"},"primaryImageOfPage":{"@id":"https:\/\/nubialabs.com\/ca\/tres-frequencies-un-mes-dart-immersiu-so-i-visio\/#primaryimage"},"image":{"@id":"https:\/\/nubialabs.com\/ca\/tres-frequencies-un-mes-dart-immersiu-so-i-visio\/#primaryimage"},"thumbnailUrl":"https:\/\/nubialabs.com\/wp-content\/uploads\/2023\/05\/ai2-sep1.svg","datePublished":"2026-01-28T11:26:25+00:00","dateModified":"2026-02-09T12:21:34+00:00","description":"Tres freq\u00fc\u00e8ncies \u00e9s una constel\u00b7laci\u00f3 d'experi\u00e8ncies immersives que exploren els l\u00edmits de la percepci\u00f3, la connexi\u00f3 i la transformaci\u00f3.","breadcrumb":{"@id":"https:\/\/nubialabs.com\/ca\/tres-frequencies-un-mes-dart-immersiu-so-i-visio\/#breadcrumb"},"inLanguage":"ca","potentialAction":[{"@type":"ReadAction","target":["https:\/\/nubialabs.com\/ca\/tres-frequencies-un-mes-dart-immersiu-so-i-visio\/"]}]},{"@type":"ImageObject","inLanguage":"ca","@id":"https:\/\/nubialabs.com\/ca\/tres-frequencies-un-mes-dart-immersiu-so-i-visio\/#primaryimage","url":"https:\/\/nubialabs.com\/wp-content\/uploads\/2023\/05\/ai2-sep1.svg","contentUrl":"https:\/\/nubialabs.com\/wp-content\/uploads\/2023\/05\/ai2-sep1.svg"},{"@type":"BreadcrumbList","@id":"https:\/\/nubialabs.com\/ca\/tres-frequencies-un-mes-dart-immersiu-so-i-visio\/#breadcrumb","itemListElement":[{"@type":"ListItem","position":1,"name":"Portada","item":"https:\/\/nubialabs.com\/ca\/"},{"@type":"ListItem","position":2,"name":"TRES\u00a0FREQ\u00dc\u00c8NCIES: Un mes d&#8217;art immersiu, so i visi\u00f3"}]},{"@type":"WebSite","@id":"https:\/\/nubialabs.com\/ca\/#website","url":"https:\/\/nubialabs.com\/ca\/","name":"NubiaLabs","description":"Incubadora de proyectos art\u00edsticos","publisher":{"@id":"https:\/\/nubialabs.com\/ca\/#organization"},"potentialAction":[{"@type":"SearchAction","target":{"@type":"EntryPoint","urlTemplate":"https:\/\/nubialabs.com\/ca\/?s={search_term_string}"},"query-input":{"@type":"PropertyValueSpecification","valueRequired":true,"valueName":"search_term_string"}}],"inLanguage":"ca"},{"@type":"Organization","@id":"https:\/\/nubialabs.com\/ca\/#organization","name":"NubiaLabs","url":"https:\/\/nubialabs.com\/ca\/","logo":{"@type":"ImageObject","inLanguage":"ca","@id":"https:\/\/nubialabs.com\/ca\/#\/schema\/logo\/image\/","url":"https:\/\/nubialabs.com\/wp-content\/uploads\/2023\/10\/Nubialabs_color.webp","contentUrl":"https:\/\/nubialabs.com\/wp-content\/uploads\/2023\/10\/Nubialabs_color.webp","width":2000,"height":2000,"caption":"NubiaLabs"},"image":{"@id":"https:\/\/nubialabs.com\/ca\/#\/schema\/logo\/image\/"}}]}},"_links":{"self":[{"href":"https:\/\/nubialabs.com\/ca\/wp-json\/wp\/v2\/pages\/4647","targetHints":{"allow":["GET"]}}],"collection":[{"href":"https:\/\/nubialabs.com\/ca\/wp-json\/wp\/v2\/pages"}],"about":[{"href":"https:\/\/nubialabs.com\/ca\/wp-json\/wp\/v2\/types\/page"}],"author":[{"embeddable":true,"href":"https:\/\/nubialabs.com\/ca\/wp-json\/wp\/v2\/users\/7"}],"replies":[{"embeddable":true,"href":"https:\/\/nubialabs.com\/ca\/wp-json\/wp\/v2\/comments?post=4647"}],"version-history":[{"count":33,"href":"https:\/\/nubialabs.com\/ca\/wp-json\/wp\/v2\/pages\/4647\/revisions"}],"predecessor-version":[{"id":5165,"href":"https:\/\/nubialabs.com\/ca\/wp-json\/wp\/v2\/pages\/4647\/revisions\/5165"}],"wp:attachment":[{"href":"https:\/\/nubialabs.com\/ca\/wp-json\/wp\/v2\/media?parent=4647"}],"curies":[{"name":"wp","href":"https:\/\/api.w.org\/{rel}","templated":true}]}}