{"id":4684,"date":"2026-01-28T13:39:19","date_gmt":"2026-01-28T12:39:19","guid":{"rendered":"https:\/\/nubialabs.com\/?page_id=4684"},"modified":"2026-02-02T10:57:49","modified_gmt":"2026-02-02T09:57:49","slug":"nubia-lab-incubacio-ia-mons-2025-3","status":"publish","type":"page","link":"https:\/\/nubialabs.com\/ca\/nubia-lab-incubacio-ia-mons-2025-3\/","title":{"rendered":"Sonic\u00b3 \u2014 Resson\u00e0ncia en Tres Dimensions"},"content":{"rendered":"\t\t<div data-elementor-type=\"wp-page\" data-elementor-id=\"4684\" class=\"elementor elementor-4684 elementor-4682\">\n\t\t\t\t<div class=\"elementor-element elementor-element-f3a62cd e-flex e-con-boxed e-con e-parent\" data-id=\"f3a62cd\" data-element_type=\"container\">\n\t\t\t\t\t<div class=\"e-con-inner\">\n\t\t\t\t<div class=\"elementor-element elementor-element-025634e elementor-widget elementor-widget-heading\" data-id=\"025634e\" data-element_type=\"widget\" data-widget_type=\"heading.default\">\n\t\t\t\t<div class=\"elementor-widget-container\">\n\t\t\t\t\t<h1 class=\"elementor-heading-title elementor-size-default\">Sonic\u00b3 \u2014 Resson\u00e0ncia en Tres Dimensions<\/h1>\t\t\t\t<\/div>\n\t\t\t\t<\/div>\n\t\t\t\t\t<\/div>\n\t\t\t\t<\/div>\n\t\t<div class=\"elementor-element elementor-element-0e89c7f e-flex e-con-boxed e-con e-parent\" data-id=\"0e89c7f\" data-element_type=\"container\">\n\t\t\t\t\t<div class=\"e-con-inner\">\n\t\t\t\t<div class=\"elementor-element elementor-element-7162d66 elementor-widget elementor-widget-image\" data-id=\"7162d66\" data-element_type=\"widget\" data-widget_type=\"image.default\">\n\t\t\t\t<div class=\"elementor-widget-container\">\n\t\t\t\t\t\t\t\t\t\t\t\t\t\t\t<img decoding=\"async\" src=\"https:\/\/nubialabs.com\/wp-content\/uploads\/2023\/05\/ai2-sep1.svg\" title=\"\" alt=\"\" loading=\"lazy\" \/>\t\t\t\t\t\t\t\t\t\t\t\t\t\t\t<\/div>\n\t\t\t\t<\/div>\n\t\t\t\t\t<\/div>\n\t\t\t\t<\/div>\n\t\t<div class=\"elementor-element elementor-element-8062903 e-flex e-con-boxed e-con e-parent\" data-id=\"8062903\" data-element_type=\"container\">\n\t\t\t\t\t<div class=\"e-con-inner\">\n\t\t\t\t<div class=\"elementor-element elementor-element-79f62ca elementor-widget elementor-widget-image\" data-id=\"79f62ca\" data-element_type=\"widget\" data-widget_type=\"image.default\">\n\t\t\t\t<div class=\"elementor-widget-container\">\n\t\t\t\t\t\t\t\t\t\t\t\t\t\t\t<img fetchpriority=\"high\" decoding=\"async\" width=\"768\" height=\"960\" src=\"https:\/\/nubialabs.com\/wp-content\/uploads\/2026\/01\/Final-6.11_ENG-2-2-768x960.png\" class=\"attachment-medium_large size-medium_large wp-image-4689\" alt=\"flyer sonic\" srcset=\"https:\/\/nubialabs.com\/wp-content\/uploads\/2026\/01\/Final-6.11_ENG-2-2-768x960.png 768w, https:\/\/nubialabs.com\/wp-content\/uploads\/2026\/01\/Final-6.11_ENG-2-2-400x500.png 400w, https:\/\/nubialabs.com\/wp-content\/uploads\/2026\/01\/Final-6.11_ENG-2-2-240x300.png 240w, https:\/\/nubialabs.com\/wp-content\/uploads\/2026\/01\/Final-6.11_ENG-2-2-60x75.png 60w, https:\/\/nubialabs.com\/wp-content\/uploads\/2026\/01\/Final-6.11_ENG-2-2-480x600.png 480w\" sizes=\"(max-width:767px) 480px, (max-width:768px) 100vw, 768px\" \/>\t\t\t\t\t\t\t\t\t\t\t\t\t\t\t<\/div>\n\t\t\t\t<\/div>\n\t\t\t\t<div class=\"elementor-element elementor-element-37e2362 elementor-widget elementor-widget-text-editor\" data-id=\"37e2362\" data-element_type=\"widget\" data-widget_type=\"text-editor.default\">\n\t\t\t\t<div class=\"elementor-widget-container\">\n\t\t\t\t\t\t\t\t\t<p><em><strong>Sonic\u00b3 \u2014 Resson\u00e0ncia en Tres Dimensions<\/strong><\/em> va ser una nit de performances audiovisuals immersives que exploraven les interseccions del so, la tecnologia i la percepci\u00f3. Tindr\u00e0 lloc el dijous, <strong>6 de novembre de 2025<\/strong>, a les 19:00 h a <strong>ESPRONCEDA<\/strong> (Barcelona), l&#8217;esdeveniment forma el segon cap\u00edtol de <strong><em>Tres freq\u00fc\u00e8ncies \u2014 Un mes d&#8217;art immersiu, so i visi\u00f3<\/em><\/strong>, dins del marc de <strong>NUBIA LAB INCUBACI\u00d3N IA M\u00d3NS 2025.<\/strong> <\/p><p><strong>Resson\u00e0ncia com a connexi\u00f3 entre cos, m\u00e0quina i espai.<\/strong><\/p><p>Mitjan\u00e7ant sistemes generatius, so codificat en directe i instruments rob\u00f2tics, <em>Sonic\u00b3 \u2014 Resson\u00e0ncia en Tres Dimensions<\/em> explora com la tecnologia esdev\u00e9 un mitj\u00e0 emocional i f\u00edsic de resson\u00e0ncia. El programa presenta noves obres de <strong>Daniel Sabio<\/strong> <em>(The Glad Scientist)<\/em> i <strong>Jessie Yu<\/strong> <em>(Depth Buffer).<\/em> <\/p><ul><li><strong>Daniel Sabio (The Glad Scientist)<\/strong> presenta Music for Idle Culture, una performance audiovisual immersiva que transforma el codi en un llenguatge po\u00e8tic de so i llum, reflexionant sobre la mem\u00f2ria cultural, la IA i la relaci\u00f3 hum\u00e0-tecnologia.<\/li><li><strong>Jessie Yu (Depth Buffer)<\/strong> presenta Axis, un viatge audiovisual generatiu a trav\u00e9s de l&#8217;ordre i el caos, on les visuals abstractes evolucionen en temps real per evocar transformaci\u00f3 i renovaci\u00f3.<\/li><\/ul><p>Juntes, aquestes obres creen un espai on el so esdev\u00e9 escultura, la llum esdev\u00e9 gest i la tecnologia esdev\u00e9 una experi\u00e8ncia humana compartida.<\/p><p><strong>Sobre els artistes<\/strong><\/p><p><strong>Daniel Sabio (The Glad Scientist)<\/strong><br>Artista conceptual de mitjans portoriqueny resident a Barcelona. Barrejant poesia, m\u00fasica i tecnologia, les obres immersives de Sabio exploren la cognici\u00f3 i la relaci\u00f3 hum\u00e0-m\u00e0quina en evoluci\u00f3. Les seves performances s&#8217;han mostrat a Ars Electronica, Sonar+D i la Biennal de Cinema de Ven\u00e8cia.  <\/p><p><strong>Jessie Yu<\/strong><br>Artista digital i dissenyadora d&#8217;interacci\u00f3 la pr\u00e0ctica de la qual combina codificaci\u00f3 creativa, sistemes generatius i interacci\u00f3 espacial. Les seves obres audiovisuals evoquen transformaci\u00f3 emocional i s&#8217;han presentat internacionalment a Pequ\u00edn, Mil\u00e0, Londres i Berl\u00edn. <\/p>\t\t\t\t\t\t\t\t<\/div>\n\t\t\t\t<\/div>\n\t\t\t\t<div class=\"elementor-element elementor-element-00d8461 elementor-arrows-position-inside elementor-pagination-position-outside elementor-widget elementor-widget-image-carousel\" data-id=\"00d8461\" data-element_type=\"widget\" data-settings=\"{&quot;navigation&quot;:&quot;both&quot;,&quot;autoplay&quot;:&quot;yes&quot;,&quot;pause_on_hover&quot;:&quot;yes&quot;,&quot;pause_on_interaction&quot;:&quot;yes&quot;,&quot;autoplay_speed&quot;:5000,&quot;infinite&quot;:&quot;yes&quot;,&quot;speed&quot;:500}\" data-widget_type=\"image-carousel.default\">\n\t\t\t\t<div class=\"elementor-widget-container\">\n\t\t\t\t\t\t\t<div class=\"elementor-image-carousel-wrapper swiper\" role=\"region\" aria-roledescription=\"carousel\" aria-label=\"Image Carousel\" dir=\"ltr\">\n\t\t\t<div class=\"elementor-image-carousel swiper-wrapper\" aria-live=\"off\">\n\t\t\t\t\t\t\t\t<div class=\"swiper-slide\" role=\"group\" aria-roledescription=\"slide\" aria-label=\"1 de 3\"><figure class=\"swiper-slide-inner\"><img decoding=\"async\" class=\"swiper-slide-image\" src=\"https:\/\/nubialabs.com\/wp-content\/uploads\/2026\/01\/WhatsApp-Image-2025-11-07-at-13.06.59-1-1-500x375.jpeg\" alt=\"sonic photo\" \/><\/figure><\/div><div class=\"swiper-slide\" role=\"group\" aria-roledescription=\"slide\" aria-label=\"2 de 3\"><figure class=\"swiper-slide-inner\"><img decoding=\"async\" class=\"swiper-slide-image\" src=\"https:\/\/nubialabs.com\/wp-content\/uploads\/2026\/01\/WhatsApp-Image-2025-11-07-at-13.07.12-1-1-500x375.jpeg\" alt=\"sonic photo\" \/><\/figure><\/div><div class=\"swiper-slide\" role=\"group\" aria-roledescription=\"slide\" aria-label=\"3 de 3\"><figure class=\"swiper-slide-inner\"><img decoding=\"async\" class=\"swiper-slide-image\" src=\"https:\/\/nubialabs.com\/wp-content\/uploads\/2026\/01\/7c4b78da-81ee-4d8c-accd-f552c0041635-1-500x375.jpg\" alt=\"dream photo\" \/><\/figure><\/div>\t\t\t<\/div>\n\t\t\t\t\t\t\t\t\t\t\t\t<div class=\"elementor-swiper-button elementor-swiper-button-prev\" role=\"button\" tabindex=\"0\">\n\t\t\t\t\t\t<i aria-hidden=\"true\" class=\"eicon-chevron-left\"><\/i>\t\t\t\t\t<\/div>\n\t\t\t\t\t<div class=\"elementor-swiper-button elementor-swiper-button-next\" role=\"button\" tabindex=\"0\">\n\t\t\t\t\t\t<i aria-hidden=\"true\" class=\"eicon-chevron-right\"><\/i>\t\t\t\t\t<\/div>\n\t\t\t\t\n\t\t\t\t\t\t\t\t\t<div class=\"swiper-pagination\"><\/div>\n\t\t\t\t\t\t\t\t\t<\/div>\n\t\t\t\t\t\t<\/div>\n\t\t\t\t<\/div>\n\t\t\t\t\t<\/div>\n\t\t\t\t<\/div>\n\t\t\t\t<\/div>\n\t\t","protected":false},"excerpt":{"rendered":"<p>Sonic\u00b3 \u2014 Resson\u00e0ncia en Tres Dimensions Sonic\u00b3 \u2014 Resson\u00e0ncia en Tres Dimensions va ser una nit de performances audiovisuals immersives que exploraven les interseccions del so,<span class=\"excerpt-hellip\"> [\u2026]<\/span><\/p>\n","protected":false},"author":7,"featured_media":0,"parent":0,"menu_order":0,"comment_status":"closed","ping_status":"closed","template":"","meta":{"footnotes":""},"class_list":["post-4684","page","type-page","status-publish","hentry"],"yoast_head":"<!-- This site is optimized with the Yoast SEO plugin v25.5 - https:\/\/yoast.com\/wordpress\/plugins\/seo\/ -->\n<title>Sonic\u00b3 \u2014 Resson\u00e0ncia en Tres Dimensions<\/title>\n<meta name=\"description\" content=\"Sonic\u00b3 \u00e9s una nit de performances audiovisuals immersives que exploren les interseccions del so, la tecnologia i la percepci\u00f3.\" \/>\n<meta name=\"robots\" content=\"index, follow, max-snippet:-1, max-image-preview:large, max-video-preview:-1\" \/>\n<link rel=\"canonical\" href=\"https:\/\/nubialabs.com\/ca\/nubia-lab-incubacio-ia-mons-2025-3\/\" \/>\n<meta property=\"og:locale\" content=\"ca_ES\" \/>\n<meta property=\"og:type\" content=\"article\" \/>\n<meta property=\"og:title\" content=\"Sonic\u00b3 \u2014 Resson\u00e0ncia en Tres Dimensions\" \/>\n<meta property=\"og:description\" content=\"Sonic\u00b3 \u00e9s una nit de performances audiovisuals immersives que exploren les interseccions del so, la tecnologia i la percepci\u00f3.\" \/>\n<meta property=\"og:url\" content=\"https:\/\/nubialabs.com\/ca\/nubia-lab-incubacio-ia-mons-2025-3\/\" \/>\n<meta property=\"og:site_name\" content=\"NubiaLabs\" \/>\n<meta property=\"article:modified_time\" content=\"2026-02-02T09:57:49+00:00\" \/>\n<meta property=\"og:image\" content=\"https:\/\/nubialabs.com\/wp-content\/uploads\/2023\/05\/ai2-sep1.svg\" \/>\n<meta name=\"twitter:card\" content=\"summary_large_image\" \/>\n<meta name=\"twitter:label1\" content=\"Temps estimat de lectura\" \/>\n\t<meta name=\"twitter:data1\" content=\"2 minuts\" \/>\n<script type=\"application\/ld+json\" class=\"yoast-schema-graph\">{\"@context\":\"https:\/\/schema.org\",\"@graph\":[{\"@type\":\"WebPage\",\"@id\":\"https:\/\/nubialabs.com\/ca\/nubia-lab-incubacio-ia-mons-2025-3\/\",\"url\":\"https:\/\/nubialabs.com\/ca\/nubia-lab-incubacio-ia-mons-2025-3\/\",\"name\":\"Sonic\u00b3 \u2014 Resson\u00e0ncia en Tres Dimensions\",\"isPartOf\":{\"@id\":\"https:\/\/nubialabs.com\/ca\/#website\"},\"primaryImageOfPage\":{\"@id\":\"https:\/\/nubialabs.com\/ca\/nubia-lab-incubacio-ia-mons-2025-3\/#primaryimage\"},\"image\":{\"@id\":\"https:\/\/nubialabs.com\/ca\/nubia-lab-incubacio-ia-mons-2025-3\/#primaryimage\"},\"thumbnailUrl\":\"https:\/\/nubialabs.com\/wp-content\/uploads\/2023\/05\/ai2-sep1.svg\",\"datePublished\":\"2026-01-28T12:39:19+00:00\",\"dateModified\":\"2026-02-02T09:57:49+00:00\",\"description\":\"Sonic\u00b3 \u00e9s una nit de performances audiovisuals immersives que exploren les interseccions del so, la tecnologia i la percepci\u00f3.\",\"breadcrumb\":{\"@id\":\"https:\/\/nubialabs.com\/ca\/nubia-lab-incubacio-ia-mons-2025-3\/#breadcrumb\"},\"inLanguage\":\"ca\",\"potentialAction\":[{\"@type\":\"ReadAction\",\"target\":[\"https:\/\/nubialabs.com\/ca\/nubia-lab-incubacio-ia-mons-2025-3\/\"]}]},{\"@type\":\"ImageObject\",\"inLanguage\":\"ca\",\"@id\":\"https:\/\/nubialabs.com\/ca\/nubia-lab-incubacio-ia-mons-2025-3\/#primaryimage\",\"url\":\"https:\/\/nubialabs.com\/wp-content\/uploads\/2023\/05\/ai2-sep1.svg\",\"contentUrl\":\"https:\/\/nubialabs.com\/wp-content\/uploads\/2023\/05\/ai2-sep1.svg\"},{\"@type\":\"BreadcrumbList\",\"@id\":\"https:\/\/nubialabs.com\/ca\/nubia-lab-incubacio-ia-mons-2025-3\/#breadcrumb\",\"itemListElement\":[{\"@type\":\"ListItem\",\"position\":1,\"name\":\"Portada\",\"item\":\"https:\/\/nubialabs.com\/ca\/\"},{\"@type\":\"ListItem\",\"position\":2,\"name\":\"Sonic\u00b3 \u2014 Resson\u00e0ncia en Tres Dimensions\"}]},{\"@type\":\"WebSite\",\"@id\":\"https:\/\/nubialabs.com\/ca\/#website\",\"url\":\"https:\/\/nubialabs.com\/ca\/\",\"name\":\"NubiaLabs\",\"description\":\"Incubadora de proyectos art\u00edsticos\",\"publisher\":{\"@id\":\"https:\/\/nubialabs.com\/ca\/#organization\"},\"potentialAction\":[{\"@type\":\"SearchAction\",\"target\":{\"@type\":\"EntryPoint\",\"urlTemplate\":\"https:\/\/nubialabs.com\/ca\/?s={search_term_string}\"},\"query-input\":{\"@type\":\"PropertyValueSpecification\",\"valueRequired\":true,\"valueName\":\"search_term_string\"}}],\"inLanguage\":\"ca\"},{\"@type\":\"Organization\",\"@id\":\"https:\/\/nubialabs.com\/ca\/#organization\",\"name\":\"NubiaLabs\",\"url\":\"https:\/\/nubialabs.com\/ca\/\",\"logo\":{\"@type\":\"ImageObject\",\"inLanguage\":\"ca\",\"@id\":\"https:\/\/nubialabs.com\/ca\/#\/schema\/logo\/image\/\",\"url\":\"https:\/\/nubialabs.com\/wp-content\/uploads\/2023\/10\/Nubialabs_color.webp\",\"contentUrl\":\"https:\/\/nubialabs.com\/wp-content\/uploads\/2023\/10\/Nubialabs_color.webp\",\"width\":2000,\"height\":2000,\"caption\":\"NubiaLabs\"},\"image\":{\"@id\":\"https:\/\/nubialabs.com\/ca\/#\/schema\/logo\/image\/\"}}]}<\/script>\n<!-- \/ Yoast SEO plugin. -->","yoast_head_json":{"title":"Sonic\u00b3 \u2014 Resson\u00e0ncia en Tres Dimensions","description":"Sonic\u00b3 \u00e9s una nit de performances audiovisuals immersives que exploren les interseccions del so, la tecnologia i la percepci\u00f3.","robots":{"index":"index","follow":"follow","max-snippet":"max-snippet:-1","max-image-preview":"max-image-preview:large","max-video-preview":"max-video-preview:-1"},"canonical":"https:\/\/nubialabs.com\/ca\/nubia-lab-incubacio-ia-mons-2025-3\/","og_locale":"ca_ES","og_type":"article","og_title":"Sonic\u00b3 \u2014 Resson\u00e0ncia en Tres Dimensions","og_description":"Sonic\u00b3 \u00e9s una nit de performances audiovisuals immersives que exploren les interseccions del so, la tecnologia i la percepci\u00f3.","og_url":"https:\/\/nubialabs.com\/ca\/nubia-lab-incubacio-ia-mons-2025-3\/","og_site_name":"NubiaLabs","article_modified_time":"2026-02-02T09:57:49+00:00","og_image":[{"url":"https:\/\/nubialabs.com\/wp-content\/uploads\/2023\/05\/ai2-sep1.svg","type":"","width":"","height":""}],"twitter_card":"summary_large_image","twitter_misc":{"Temps estimat de lectura":"2 minuts"},"schema":{"@context":"https:\/\/schema.org","@graph":[{"@type":"WebPage","@id":"https:\/\/nubialabs.com\/ca\/nubia-lab-incubacio-ia-mons-2025-3\/","url":"https:\/\/nubialabs.com\/ca\/nubia-lab-incubacio-ia-mons-2025-3\/","name":"Sonic\u00b3 \u2014 Resson\u00e0ncia en Tres Dimensions","isPartOf":{"@id":"https:\/\/nubialabs.com\/ca\/#website"},"primaryImageOfPage":{"@id":"https:\/\/nubialabs.com\/ca\/nubia-lab-incubacio-ia-mons-2025-3\/#primaryimage"},"image":{"@id":"https:\/\/nubialabs.com\/ca\/nubia-lab-incubacio-ia-mons-2025-3\/#primaryimage"},"thumbnailUrl":"https:\/\/nubialabs.com\/wp-content\/uploads\/2023\/05\/ai2-sep1.svg","datePublished":"2026-01-28T12:39:19+00:00","dateModified":"2026-02-02T09:57:49+00:00","description":"Sonic\u00b3 \u00e9s una nit de performances audiovisuals immersives que exploren les interseccions del so, la tecnologia i la percepci\u00f3.","breadcrumb":{"@id":"https:\/\/nubialabs.com\/ca\/nubia-lab-incubacio-ia-mons-2025-3\/#breadcrumb"},"inLanguage":"ca","potentialAction":[{"@type":"ReadAction","target":["https:\/\/nubialabs.com\/ca\/nubia-lab-incubacio-ia-mons-2025-3\/"]}]},{"@type":"ImageObject","inLanguage":"ca","@id":"https:\/\/nubialabs.com\/ca\/nubia-lab-incubacio-ia-mons-2025-3\/#primaryimage","url":"https:\/\/nubialabs.com\/wp-content\/uploads\/2023\/05\/ai2-sep1.svg","contentUrl":"https:\/\/nubialabs.com\/wp-content\/uploads\/2023\/05\/ai2-sep1.svg"},{"@type":"BreadcrumbList","@id":"https:\/\/nubialabs.com\/ca\/nubia-lab-incubacio-ia-mons-2025-3\/#breadcrumb","itemListElement":[{"@type":"ListItem","position":1,"name":"Portada","item":"https:\/\/nubialabs.com\/ca\/"},{"@type":"ListItem","position":2,"name":"Sonic\u00b3 \u2014 Resson\u00e0ncia en Tres Dimensions"}]},{"@type":"WebSite","@id":"https:\/\/nubialabs.com\/ca\/#website","url":"https:\/\/nubialabs.com\/ca\/","name":"NubiaLabs","description":"Incubadora de proyectos art\u00edsticos","publisher":{"@id":"https:\/\/nubialabs.com\/ca\/#organization"},"potentialAction":[{"@type":"SearchAction","target":{"@type":"EntryPoint","urlTemplate":"https:\/\/nubialabs.com\/ca\/?s={search_term_string}"},"query-input":{"@type":"PropertyValueSpecification","valueRequired":true,"valueName":"search_term_string"}}],"inLanguage":"ca"},{"@type":"Organization","@id":"https:\/\/nubialabs.com\/ca\/#organization","name":"NubiaLabs","url":"https:\/\/nubialabs.com\/ca\/","logo":{"@type":"ImageObject","inLanguage":"ca","@id":"https:\/\/nubialabs.com\/ca\/#\/schema\/logo\/image\/","url":"https:\/\/nubialabs.com\/wp-content\/uploads\/2023\/10\/Nubialabs_color.webp","contentUrl":"https:\/\/nubialabs.com\/wp-content\/uploads\/2023\/10\/Nubialabs_color.webp","width":2000,"height":2000,"caption":"NubiaLabs"},"image":{"@id":"https:\/\/nubialabs.com\/ca\/#\/schema\/logo\/image\/"}}]}},"_links":{"self":[{"href":"https:\/\/nubialabs.com\/ca\/wp-json\/wp\/v2\/pages\/4684","targetHints":{"allow":["GET"]}}],"collection":[{"href":"https:\/\/nubialabs.com\/ca\/wp-json\/wp\/v2\/pages"}],"about":[{"href":"https:\/\/nubialabs.com\/ca\/wp-json\/wp\/v2\/types\/page"}],"author":[{"embeddable":true,"href":"https:\/\/nubialabs.com\/ca\/wp-json\/wp\/v2\/users\/7"}],"replies":[{"embeddable":true,"href":"https:\/\/nubialabs.com\/ca\/wp-json\/wp\/v2\/comments?post=4684"}],"version-history":[{"count":5,"href":"https:\/\/nubialabs.com\/ca\/wp-json\/wp\/v2\/pages\/4684\/revisions"}],"predecessor-version":[{"id":5039,"href":"https:\/\/nubialabs.com\/ca\/wp-json\/wp\/v2\/pages\/4684\/revisions\/5039"}],"wp:attachment":[{"href":"https:\/\/nubialabs.com\/ca\/wp-json\/wp\/v2\/media?parent=4684"}],"curies":[{"name":"wp","href":"https:\/\/api.w.org\/{rel}","templated":true}]}}