{"id":4721,"date":"2026-01-28T15:01:51","date_gmt":"2026-01-28T14:01:51","guid":{"rendered":"https:\/\/nubialabs.com\/?page_id=4721"},"modified":"2026-02-02T11:54:40","modified_gmt":"2026-02-02T10:54:40","slug":"nubia-lab-incubacio-ia-mons-2025-4","status":"publish","type":"page","link":"https:\/\/nubialabs.com\/ca\/nubia-lab-incubacio-ia-mons-2025-4\/","title":{"rendered":"Dream\u00b3: La Tercera Realitat"},"content":{"rendered":"\t\t<div data-elementor-type=\"wp-page\" data-elementor-id=\"4721\" class=\"elementor elementor-4721 elementor-4719\">\n\t\t\t\t<div class=\"elementor-element elementor-element-f3a62cd e-flex e-con-boxed e-con e-parent\" data-id=\"f3a62cd\" data-element_type=\"container\">\n\t\t\t\t\t<div class=\"e-con-inner\">\n\t\t\t\t<div class=\"elementor-element elementor-element-025634e elementor-widget elementor-widget-heading\" data-id=\"025634e\" data-element_type=\"widget\" data-widget_type=\"heading.default\">\n\t\t\t\t<div class=\"elementor-widget-container\">\n\t\t\t\t\t<h1 class=\"elementor-heading-title elementor-size-default\">Dream\u00b3 \u2014 La Tercera Realitat<\/h1>\t\t\t\t<\/div>\n\t\t\t\t<\/div>\n\t\t\t\t\t<\/div>\n\t\t\t\t<\/div>\n\t\t<div class=\"elementor-element elementor-element-0e89c7f e-flex e-con-boxed e-con e-parent\" data-id=\"0e89c7f\" data-element_type=\"container\">\n\t\t\t\t\t<div class=\"e-con-inner\">\n\t\t\t\t<div class=\"elementor-element elementor-element-7162d66 elementor-widget elementor-widget-image\" data-id=\"7162d66\" data-element_type=\"widget\" data-widget_type=\"image.default\">\n\t\t\t\t<div class=\"elementor-widget-container\">\n\t\t\t\t\t\t\t\t\t\t\t\t\t\t\t<img decoding=\"async\" src=\"https:\/\/nubialabs.com\/wp-content\/uploads\/2023\/05\/ai2-sep1.svg\" title=\"\" alt=\"\" loading=\"lazy\" \/>\t\t\t\t\t\t\t\t\t\t\t\t\t\t\t<\/div>\n\t\t\t\t<\/div>\n\t\t\t\t\t<\/div>\n\t\t\t\t<\/div>\n\t\t<div class=\"elementor-element elementor-element-8062903 e-flex e-con-boxed e-con e-parent\" data-id=\"8062903\" data-element_type=\"container\">\n\t\t\t\t\t<div class=\"e-con-inner\">\n\t\t\t\t<div class=\"elementor-element elementor-element-79f62ca elementor-widget elementor-widget-image\" data-id=\"79f62ca\" data-element_type=\"widget\" data-widget_type=\"image.default\">\n\t\t\t\t<div class=\"elementor-widget-container\">\n\t\t\t\t\t\t\t\t\t\t\t\t\t\t\t<img fetchpriority=\"high\" decoding=\"async\" width=\"768\" height=\"960\" src=\"https:\/\/nubialabs.com\/wp-content\/uploads\/2026\/01\/Final-26.11_ENG-1-1-768x960.png\" class=\"attachment-medium_large size-medium_large wp-image-4723\" alt=\"dream flyer\" srcset=\"https:\/\/nubialabs.com\/wp-content\/uploads\/2026\/01\/Final-26.11_ENG-1-1-768x960.png 768w, https:\/\/nubialabs.com\/wp-content\/uploads\/2026\/01\/Final-26.11_ENG-1-1-400x500.png 400w, https:\/\/nubialabs.com\/wp-content\/uploads\/2026\/01\/Final-26.11_ENG-1-1-240x300.png 240w, https:\/\/nubialabs.com\/wp-content\/uploads\/2026\/01\/Final-26.11_ENG-1-1-60x75.png 60w, https:\/\/nubialabs.com\/wp-content\/uploads\/2026\/01\/Final-26.11_ENG-1-1-480x600.png 480w\" sizes=\"(max-width:767px) 480px, (max-width:768px) 100vw, 768px\" \/>\t\t\t\t\t\t\t\t\t\t\t\t\t\t\t<\/div>\n\t\t\t\t<\/div>\n\t\t\t\t<div class=\"elementor-element elementor-element-37e2362 elementor-widget elementor-widget-text-editor\" data-id=\"37e2362\" data-element_type=\"widget\" data-widget_type=\"text-editor.default\">\n\t\t\t\t<div class=\"elementor-widget-container\">\n\t\t\t\t\t\t\t\t\t<p><em><strong>Dream\u00b3 \u2014 La Tercera Realitat<\/strong><\/em> va ser l&#8217;exposici\u00f3 de cloenda de <em><strong>Tres freq\u00fc\u00e8ncies: Un mes d&#8217;art immersiu, aix\u00ed i visi\u00f3<\/strong><\/em>, en el marc de NUBIA LAB INCUBACI\u00d3N IA M\u00d3NS 2025.<\/p><p>Inauguraci\u00f3 el <strong>dimecres 26 de novembre a les 19:00 h<\/strong>, amb horari p\u00fablic els dies 27 i 28 de novembre <strong>de 18:00 a 20:00 h, <em>Dream3 \u2014 La Tercera Realitat<\/em> <\/strong>convida el p\u00fablic a travessar els l\u00edmits entre el m\u00f3n f\u00edsic, digital i imaginari a trav\u00e9s d&#8217;instal\u00b7lacions immersives, narratives audiovisuals i entorns XR.<\/p><p><strong>El somni com a portal de percepci\u00f3 i transformaci\u00f3<\/strong><\/p><p><em><strong>Dream\u00b3 \u2014 The Third Reality<\/strong><\/em> uneix artistes de la comunitat <strong>NUBIA LAB 2025:<\/strong> creadors emergents i establerts que exploren la intersecci\u00f3 de VR, AI, so i narraci\u00f3 digital.<br>A trav\u00e9s del codi po\u00e8tic, el disseny especulatiu i els mitjans interactius, cada artista reimagina la realitat com un acte compartit de somni, on la tecnologia es converteix en un mirall de consci\u00e8ncia i connexi\u00f3.<\/p><p><strong>Projectes destacats i artistes<\/strong><\/p><p><strong>Xavi Bov\u00e9 \u2014 Posid\u00f2nia<\/strong><br>Posid\u00f2nia \u00e9s un projecte multidisciplinari d&#8217;art ambiental que celebra i protegeix les praderies de posid\u00f2nia, \u201cboscos blaus\u201d vitals que emmagatzemen carboni i sostenen la vida marina. Presentada com una instal\u00b7laci\u00f3 de llum submarina, un entorn immersiu multisensorial i un viatge VR, l&#8217;obra combina llum coreografiada, so espacialitzat i imatges cinematogr\u00e0fiques per revelar el bosc invisible sota les ones.  Els visitants es mouen a trav\u00e9s de corrents canviants de llum i \u00e0udio, trobant patrons informats de dades que es fan ress\u00f2 del creixement de la planta i els ritmes estacionals. A trav\u00e9s de la participaci\u00f3 del p\u00fablic en la bellesa i la fragilitat dels ecosistemes marins, el projecte consciencia sobre la biodiversitat i el canvi clim\u00e0tic i dona el 10% dels beneficis a la protecci\u00f3 de les posid\u00f2nies. Exhibida internacionalment (incloent-hi l&#8217;ISE Barcelona 2025), Posid\u00f2nia transforma l&#8217;art en una crida a la reflexi\u00f3 i acci\u00f3 ecol\u00f2gica, i una contribuci\u00f3 tangible a la cust\u00f2dia oce\u00e0nica.  <\/p><p><strong>Sam Potter &amp; Matt Grimble \u2014 The Dream Archive<\/strong><br>The Dream Archive \u00e9s una iniciativa art\u00edstica i de recerca que explora els paisatges compartits de somiar a tot el m\u00f3n. Recollint milers de somnis personals, el projecte estudia com la imaginaci\u00f3 col\u00b7lectiva revela patrons d&#8217;emoci\u00f3, mite i mem\u00f2ria que transcendeixen la geografia mentre romanen arrelats en la cultura local. A l&#8217;exposici\u00f3, els somnis es tradueixen en composicions en capes de veu, m\u00fasica, imatge i dades: \u201cconstel\u00b7lacions en directe\u201d que fusionen centenars de narratives nocturnes en obres audiovisuals immersives. La instal\u00b7laci\u00f3 funciona com a arxiu i experiment: un mapa viu del nostre inconscient i les formes en qu\u00e8 es forma en diferents llocs, convidant el p\u00fablic a aportar somnis i testimoniar-los a transformar-se en una obra d&#8217;art comunal i en evoluci\u00f3.   <\/p><p><strong>Kat Pegler \u2014 Circle of Sound<\/strong><br>Circle of Sound \u00e9s un projecte immersiu d&#8217;instal\u00b7laci\u00f3 audiovisual i investigaci\u00f3 performativa que reuneix humans i el m\u00f3n natural a trav\u00e9s de l&#8217;escolta. Combinant m\u00fasica composta en estat de flux, enregistraments de camp espacial i projeccions de llum i aigua responsives, l&#8217;obra crea un entorn inclusiu i multisensorial on el p\u00fablic pot sentir-se en lloc de merament observar. Desenvolupat amb Arts Council England i VOICE EU, el projecte explora el disseny neuroinclusiu i ecoac\u00fastic, oferint m\u00faltiples punts d&#8217;entrada sensorial (so, vibraci\u00f3, moviment visual) per ampliar l&#8217;accessibilitat i aprofundir en l&#8217;empatia ecol\u00f2gica. Traduint els senyals ambientals i l&#8217;emoci\u00f3 humana en so i imatge, Circle of Sound proposa una cerim\u00f2nia d&#8217;atenci\u00f3 compartida, preguntant com l&#8217;escolta comunal ens pot ajudar a imaginar i construir futurs m\u00e9s inclusius i sostenibles.   <\/p><p><strong>Niall Hill \u2014 Eight Million Gods<\/strong><br>Al Jap\u00f3 es diu que hi ha vuit milions de d\u00e9us, el Kami Sama que habita arbres, muntanyes, rius i fins i tot la nostra roba. Eight Million Gods \u00e9s un documental de 360 VR VR que viatja al Shinto, la religi\u00f3 ind\u00edgena popular del Jap\u00f3, oferint trobades de primera m\u00e0 amb llocs sagrats, santuaris i les persones que cuiden aquests esperits vius a mesura que s&#8217;adapten al m\u00f3n modern.  Aquesta vista pr\u00e8via combina AR basada en auriculars amb un conjunt f\u00edsic m\u00ednim, obrint portals interactius en escenes i hist\u00f2ries de 360VR. Els visitants poden inclinar-se, desencadenar i fluir entre capes situades de la realitat, i experimentar com s&#8217;entrellacen el ritual, la natura i la vida quotidiana.<br>La pe\u00e7a convida al p\u00fablic a considerar la pres\u00e8ncia, la rever\u00e8ncia i la conviv\u00e8ncia, i a sentir viva la dimensi\u00f3 espiritual dins del dia a dia. <\/p><p><strong>Nereides Ef\u00edmeres \u2014 Immersive Identities<\/strong><br>Immersive Identities \u00e9s un joc interactiu inspirat en l&#8217;univers art\u00edstic de Sofia Crespo, on natura i tecnologia es reuneixen per produir noves formes de vida h\u00edbrides. Ambientat en un m\u00f3n on\u00edric submar\u00ed que evoca les nereides de la mitologia grega, els jugadors exploren els h\u00e0bitats i fotografien criatures bio-digitals que m\u00e9s tard es fusionen en una obra d&#8217;art generativa. L&#8217;experi\u00e8ncia funciona com una exploraci\u00f3 pr\u00e0ctica de la metamorfosi, preguntant com la visi\u00f3 de la m\u00e0quina, la simulaci\u00f3 i la codificaci\u00f3 creativa alteren el nostre sentit de la vida, l&#8217;autoria i la identitat. A parts iguals jugar, investigar i retratar un proc\u00e9s creatiu, Immersive Identities replanteja l&#8217;espai expositiu com un estudi on els visitants coautors de l&#8217;ecosistema en evoluci\u00f3 que troben.   <\/p><p><strong>Olya Melnykova \u2014 The Average of AI<\/strong><br>The Average of AI \u00e9s una instal\u00b7laci\u00f3 interactiva pensada per generar reflexi\u00f3 sobre la nostra relaci\u00f3 amb la intel\u00b7lig\u00e8ncia artificial. Les interf\u00edcies subtils conviden els visitants a prendre decisions, preguntar respostes i observar com els sistemes d&#8217;IA agreguen, normalitzen i reflecteixen les seves entrades. A mesura que es desenvolupa l&#8217;experi\u00e8ncia, els participants veuen com els algoritmes poden emp\u00e8nyer la percepci\u00f3, la difer\u00e8ncia suau i donar forma a les decisions creatives, sovint de manera invisible. En lloc d&#8217;oferir un veredicte binari sobre la IA, el treball deixa a cada persona amb una pregunta personal: qu\u00e8 significa \u201cmitjana\u201d quan les nostres identitats es filtren a trav\u00e9s de les m\u00e0quines? La instal\u00b7laci\u00f3 combina visuals responsius, so i text per revelar la pol\u00edtica tranquil\u00b7la d&#8217;optimitzaci\u00f3, i per reclamar espai per al mat\u00eds, els valors at\u00edpics i la variabilitat humana.<br>    <\/p>\t\t\t\t\t\t\t\t<\/div>\n\t\t\t\t<\/div>\n\t\t\t\t<div class=\"elementor-element elementor-element-00d8461 elementor-arrows-position-inside elementor-pagination-position-outside elementor-widget elementor-widget-image-carousel\" data-id=\"00d8461\" data-element_type=\"widget\" data-settings=\"{&quot;navigation&quot;:&quot;both&quot;,&quot;autoplay&quot;:&quot;yes&quot;,&quot;pause_on_hover&quot;:&quot;yes&quot;,&quot;pause_on_interaction&quot;:&quot;yes&quot;,&quot;autoplay_speed&quot;:5000,&quot;infinite&quot;:&quot;yes&quot;,&quot;speed&quot;:500}\" data-widget_type=\"image-carousel.default\">\n\t\t\t\t<div class=\"elementor-widget-container\">\n\t\t\t\t\t\t\t<div class=\"elementor-image-carousel-wrapper swiper\" role=\"region\" aria-roledescription=\"carousel\" aria-label=\"Image Carousel\" dir=\"ltr\">\n\t\t\t<div class=\"elementor-image-carousel swiper-wrapper\" aria-live=\"off\">\n\t\t\t\t\t\t\t\t<div class=\"swiper-slide\" role=\"group\" aria-roledescription=\"slide\" aria-label=\"1 de 5\"><figure class=\"swiper-slide-inner\"><img decoding=\"async\" class=\"swiper-slide-image\" src=\"https:\/\/nubialabs.com\/wp-content\/uploads\/2026\/01\/IMG_2528-1-768x512.jpg\" alt=\"dream photo\" \/><\/figure><\/div><div class=\"swiper-slide\" role=\"group\" aria-roledescription=\"slide\" aria-label=\"2 de 5\"><figure class=\"swiper-slide-inner\"><img decoding=\"async\" class=\"swiper-slide-image\" src=\"https:\/\/nubialabs.com\/wp-content\/uploads\/2026\/01\/IMG_2570-768x512.jpg\" alt=\"dream photo\" \/><\/figure><\/div><div class=\"swiper-slide\" role=\"group\" aria-roledescription=\"slide\" aria-label=\"3 de 5\"><figure class=\"swiper-slide-inner\"><img decoding=\"async\" class=\"swiper-slide-image\" src=\"https:\/\/nubialabs.com\/wp-content\/uploads\/2026\/01\/IMG_2574-768x512.jpg\" alt=\"dream photo\" \/><\/figure><\/div><div class=\"swiper-slide\" role=\"group\" aria-roledescription=\"slide\" aria-label=\"4 de 5\"><figure class=\"swiper-slide-inner\"><img decoding=\"async\" class=\"swiper-slide-image\" src=\"https:\/\/nubialabs.com\/wp-content\/uploads\/2026\/01\/IMG_2551-768x512.jpg\" alt=\"dream photo\" \/><\/figure><\/div><div class=\"swiper-slide\" role=\"group\" aria-roledescription=\"slide\" aria-label=\"5 de 5\"><figure class=\"swiper-slide-inner\"><img decoding=\"async\" class=\"swiper-slide-image\" src=\"https:\/\/nubialabs.com\/wp-content\/uploads\/2026\/01\/IMG_2644-768x512.jpg\" alt=\"dream photo\" \/><\/figure><\/div>\t\t\t<\/div>\n\t\t\t\t\t\t\t\t\t\t\t\t<div class=\"elementor-swiper-button elementor-swiper-button-prev\" role=\"button\" tabindex=\"0\">\n\t\t\t\t\t\t<i aria-hidden=\"true\" class=\"eicon-chevron-left\"><\/i>\t\t\t\t\t<\/div>\n\t\t\t\t\t<div class=\"elementor-swiper-button elementor-swiper-button-next\" role=\"button\" tabindex=\"0\">\n\t\t\t\t\t\t<i aria-hidden=\"true\" class=\"eicon-chevron-right\"><\/i>\t\t\t\t\t<\/div>\n\t\t\t\t\n\t\t\t\t\t\t\t\t\t<div class=\"swiper-pagination\"><\/div>\n\t\t\t\t\t\t\t\t\t<\/div>\n\t\t\t\t\t\t<\/div>\n\t\t\t\t<\/div>\n\t\t\t\t\t<\/div>\n\t\t\t\t<\/div>\n\t\t\t\t<\/div>\n\t\t","protected":false},"excerpt":{"rendered":"<p>Dream\u00b3 \u2014 La Tercera Realitat Dream\u00b3 \u2014 La Tercera Realitat va ser l&#8217;exposici\u00f3 de cloenda de Tres freq\u00fc\u00e8ncies: Un mes d&#8217;art immersiu, aix\u00ed i visi\u00f3, en<span class=\"excerpt-hellip\"> [\u2026]<\/span><\/p>\n","protected":false},"author":7,"featured_media":0,"parent":0,"menu_order":0,"comment_status":"closed","ping_status":"closed","template":"","meta":{"footnotes":""},"class_list":["post-4721","page","type-page","status-publish","hentry"],"yoast_head":"<!-- This site is optimized with the Yoast SEO plugin v25.5 - https:\/\/yoast.com\/wordpress\/plugins\/seo\/ -->\n<title>Dream\u00b3 \u2014 La Tercera Realitat<\/title>\n<meta name=\"description\" content=\"Dream\u00b3 \u2014 La Tercera Realitat, l&#039;exposici\u00f3 de cloenda de Tres freq\u00fc\u00e8ncies: un mes d&#039;art immersiu, so i visi\u00f3.\" \/>\n<meta name=\"robots\" content=\"index, follow, max-snippet:-1, max-image-preview:large, max-video-preview:-1\" \/>\n<link rel=\"canonical\" href=\"https:\/\/nubialabs.com\/ca\/nubia-lab-incubacio-ia-mons-2025-4\/\" \/>\n<meta property=\"og:locale\" content=\"ca_ES\" \/>\n<meta property=\"og:type\" content=\"article\" \/>\n<meta property=\"og:title\" content=\"Dream\u00b3 \u2014 La Tercera Realitat\" \/>\n<meta property=\"og:description\" content=\"Dream\u00b3 \u2014 La Tercera Realitat, l&#039;exposici\u00f3 de cloenda de Tres freq\u00fc\u00e8ncies: un mes d&#039;art immersiu, so i visi\u00f3.\" \/>\n<meta property=\"og:url\" content=\"https:\/\/nubialabs.com\/ca\/nubia-lab-incubacio-ia-mons-2025-4\/\" \/>\n<meta property=\"og:site_name\" content=\"NubiaLabs\" \/>\n<meta property=\"article:modified_time\" content=\"2026-02-02T10:54:40+00:00\" \/>\n<meta property=\"og:image\" content=\"https:\/\/nubialabs.com\/wp-content\/uploads\/2023\/05\/ai2-sep1.svg\" \/>\n<meta name=\"twitter:card\" content=\"summary_large_image\" \/>\n<meta name=\"twitter:label1\" content=\"Temps estimat de lectura\" \/>\n\t<meta name=\"twitter:data1\" content=\"2 minuts\" \/>\n<script type=\"application\/ld+json\" class=\"yoast-schema-graph\">{\"@context\":\"https:\/\/schema.org\",\"@graph\":[{\"@type\":\"WebPage\",\"@id\":\"https:\/\/nubialabs.com\/ca\/nubia-lab-incubacio-ia-mons-2025-4\/\",\"url\":\"https:\/\/nubialabs.com\/ca\/nubia-lab-incubacio-ia-mons-2025-4\/\",\"name\":\"Dream\u00b3 \u2014 La Tercera Realitat\",\"isPartOf\":{\"@id\":\"https:\/\/nubialabs.com\/ca\/#website\"},\"primaryImageOfPage\":{\"@id\":\"https:\/\/nubialabs.com\/ca\/nubia-lab-incubacio-ia-mons-2025-4\/#primaryimage\"},\"image\":{\"@id\":\"https:\/\/nubialabs.com\/ca\/nubia-lab-incubacio-ia-mons-2025-4\/#primaryimage\"},\"thumbnailUrl\":\"https:\/\/nubialabs.com\/wp-content\/uploads\/2023\/05\/ai2-sep1.svg\",\"datePublished\":\"2026-01-28T14:01:51+00:00\",\"dateModified\":\"2026-02-02T10:54:40+00:00\",\"description\":\"Dream\u00b3 \u2014 La Tercera Realitat, l'exposici\u00f3 de cloenda de Tres freq\u00fc\u00e8ncies: un mes d'art immersiu, so i visi\u00f3.\",\"breadcrumb\":{\"@id\":\"https:\/\/nubialabs.com\/ca\/nubia-lab-incubacio-ia-mons-2025-4\/#breadcrumb\"},\"inLanguage\":\"ca\",\"potentialAction\":[{\"@type\":\"ReadAction\",\"target\":[\"https:\/\/nubialabs.com\/ca\/nubia-lab-incubacio-ia-mons-2025-4\/\"]}]},{\"@type\":\"ImageObject\",\"inLanguage\":\"ca\",\"@id\":\"https:\/\/nubialabs.com\/ca\/nubia-lab-incubacio-ia-mons-2025-4\/#primaryimage\",\"url\":\"https:\/\/nubialabs.com\/wp-content\/uploads\/2023\/05\/ai2-sep1.svg\",\"contentUrl\":\"https:\/\/nubialabs.com\/wp-content\/uploads\/2023\/05\/ai2-sep1.svg\"},{\"@type\":\"BreadcrumbList\",\"@id\":\"https:\/\/nubialabs.com\/ca\/nubia-lab-incubacio-ia-mons-2025-4\/#breadcrumb\",\"itemListElement\":[{\"@type\":\"ListItem\",\"position\":1,\"name\":\"Portada\",\"item\":\"https:\/\/nubialabs.com\/ca\/\"},{\"@type\":\"ListItem\",\"position\":2,\"name\":\"Dream\u00b3: La Tercera Realitat\"}]},{\"@type\":\"WebSite\",\"@id\":\"https:\/\/nubialabs.com\/ca\/#website\",\"url\":\"https:\/\/nubialabs.com\/ca\/\",\"name\":\"NubiaLabs\",\"description\":\"Incubadora de proyectos art\u00edsticos\",\"publisher\":{\"@id\":\"https:\/\/nubialabs.com\/ca\/#organization\"},\"potentialAction\":[{\"@type\":\"SearchAction\",\"target\":{\"@type\":\"EntryPoint\",\"urlTemplate\":\"https:\/\/nubialabs.com\/ca\/?s={search_term_string}\"},\"query-input\":{\"@type\":\"PropertyValueSpecification\",\"valueRequired\":true,\"valueName\":\"search_term_string\"}}],\"inLanguage\":\"ca\"},{\"@type\":\"Organization\",\"@id\":\"https:\/\/nubialabs.com\/ca\/#organization\",\"name\":\"NubiaLabs\",\"url\":\"https:\/\/nubialabs.com\/ca\/\",\"logo\":{\"@type\":\"ImageObject\",\"inLanguage\":\"ca\",\"@id\":\"https:\/\/nubialabs.com\/ca\/#\/schema\/logo\/image\/\",\"url\":\"https:\/\/nubialabs.com\/wp-content\/uploads\/2023\/10\/Nubialabs_color.webp\",\"contentUrl\":\"https:\/\/nubialabs.com\/wp-content\/uploads\/2023\/10\/Nubialabs_color.webp\",\"width\":2000,\"height\":2000,\"caption\":\"NubiaLabs\"},\"image\":{\"@id\":\"https:\/\/nubialabs.com\/ca\/#\/schema\/logo\/image\/\"}}]}<\/script>\n<!-- \/ Yoast SEO plugin. -->","yoast_head_json":{"title":"Dream\u00b3 \u2014 La Tercera Realitat","description":"Dream\u00b3 \u2014 La Tercera Realitat, l'exposici\u00f3 de cloenda de Tres freq\u00fc\u00e8ncies: un mes d'art immersiu, so i visi\u00f3.","robots":{"index":"index","follow":"follow","max-snippet":"max-snippet:-1","max-image-preview":"max-image-preview:large","max-video-preview":"max-video-preview:-1"},"canonical":"https:\/\/nubialabs.com\/ca\/nubia-lab-incubacio-ia-mons-2025-4\/","og_locale":"ca_ES","og_type":"article","og_title":"Dream\u00b3 \u2014 La Tercera Realitat","og_description":"Dream\u00b3 \u2014 La Tercera Realitat, l'exposici\u00f3 de cloenda de Tres freq\u00fc\u00e8ncies: un mes d'art immersiu, so i visi\u00f3.","og_url":"https:\/\/nubialabs.com\/ca\/nubia-lab-incubacio-ia-mons-2025-4\/","og_site_name":"NubiaLabs","article_modified_time":"2026-02-02T10:54:40+00:00","og_image":[{"url":"https:\/\/nubialabs.com\/wp-content\/uploads\/2023\/05\/ai2-sep1.svg","type":"","width":"","height":""}],"twitter_card":"summary_large_image","twitter_misc":{"Temps estimat de lectura":"2 minuts"},"schema":{"@context":"https:\/\/schema.org","@graph":[{"@type":"WebPage","@id":"https:\/\/nubialabs.com\/ca\/nubia-lab-incubacio-ia-mons-2025-4\/","url":"https:\/\/nubialabs.com\/ca\/nubia-lab-incubacio-ia-mons-2025-4\/","name":"Dream\u00b3 \u2014 La Tercera Realitat","isPartOf":{"@id":"https:\/\/nubialabs.com\/ca\/#website"},"primaryImageOfPage":{"@id":"https:\/\/nubialabs.com\/ca\/nubia-lab-incubacio-ia-mons-2025-4\/#primaryimage"},"image":{"@id":"https:\/\/nubialabs.com\/ca\/nubia-lab-incubacio-ia-mons-2025-4\/#primaryimage"},"thumbnailUrl":"https:\/\/nubialabs.com\/wp-content\/uploads\/2023\/05\/ai2-sep1.svg","datePublished":"2026-01-28T14:01:51+00:00","dateModified":"2026-02-02T10:54:40+00:00","description":"Dream\u00b3 \u2014 La Tercera Realitat, l'exposici\u00f3 de cloenda de Tres freq\u00fc\u00e8ncies: un mes d'art immersiu, so i visi\u00f3.","breadcrumb":{"@id":"https:\/\/nubialabs.com\/ca\/nubia-lab-incubacio-ia-mons-2025-4\/#breadcrumb"},"inLanguage":"ca","potentialAction":[{"@type":"ReadAction","target":["https:\/\/nubialabs.com\/ca\/nubia-lab-incubacio-ia-mons-2025-4\/"]}]},{"@type":"ImageObject","inLanguage":"ca","@id":"https:\/\/nubialabs.com\/ca\/nubia-lab-incubacio-ia-mons-2025-4\/#primaryimage","url":"https:\/\/nubialabs.com\/wp-content\/uploads\/2023\/05\/ai2-sep1.svg","contentUrl":"https:\/\/nubialabs.com\/wp-content\/uploads\/2023\/05\/ai2-sep1.svg"},{"@type":"BreadcrumbList","@id":"https:\/\/nubialabs.com\/ca\/nubia-lab-incubacio-ia-mons-2025-4\/#breadcrumb","itemListElement":[{"@type":"ListItem","position":1,"name":"Portada","item":"https:\/\/nubialabs.com\/ca\/"},{"@type":"ListItem","position":2,"name":"Dream\u00b3: La Tercera Realitat"}]},{"@type":"WebSite","@id":"https:\/\/nubialabs.com\/ca\/#website","url":"https:\/\/nubialabs.com\/ca\/","name":"NubiaLabs","description":"Incubadora de proyectos art\u00edsticos","publisher":{"@id":"https:\/\/nubialabs.com\/ca\/#organization"},"potentialAction":[{"@type":"SearchAction","target":{"@type":"EntryPoint","urlTemplate":"https:\/\/nubialabs.com\/ca\/?s={search_term_string}"},"query-input":{"@type":"PropertyValueSpecification","valueRequired":true,"valueName":"search_term_string"}}],"inLanguage":"ca"},{"@type":"Organization","@id":"https:\/\/nubialabs.com\/ca\/#organization","name":"NubiaLabs","url":"https:\/\/nubialabs.com\/ca\/","logo":{"@type":"ImageObject","inLanguage":"ca","@id":"https:\/\/nubialabs.com\/ca\/#\/schema\/logo\/image\/","url":"https:\/\/nubialabs.com\/wp-content\/uploads\/2023\/10\/Nubialabs_color.webp","contentUrl":"https:\/\/nubialabs.com\/wp-content\/uploads\/2023\/10\/Nubialabs_color.webp","width":2000,"height":2000,"caption":"NubiaLabs"},"image":{"@id":"https:\/\/nubialabs.com\/ca\/#\/schema\/logo\/image\/"}}]}},"_links":{"self":[{"href":"https:\/\/nubialabs.com\/ca\/wp-json\/wp\/v2\/pages\/4721","targetHints":{"allow":["GET"]}}],"collection":[{"href":"https:\/\/nubialabs.com\/ca\/wp-json\/wp\/v2\/pages"}],"about":[{"href":"https:\/\/nubialabs.com\/ca\/wp-json\/wp\/v2\/types\/page"}],"author":[{"embeddable":true,"href":"https:\/\/nubialabs.com\/ca\/wp-json\/wp\/v2\/users\/7"}],"replies":[{"embeddable":true,"href":"https:\/\/nubialabs.com\/ca\/wp-json\/wp\/v2\/comments?post=4721"}],"version-history":[{"count":6,"href":"https:\/\/nubialabs.com\/ca\/wp-json\/wp\/v2\/pages\/4721\/revisions"}],"predecessor-version":[{"id":5080,"href":"https:\/\/nubialabs.com\/ca\/wp-json\/wp\/v2\/pages\/4721\/revisions\/5080"}],"wp:attachment":[{"href":"https:\/\/nubialabs.com\/ca\/wp-json\/wp\/v2\/media?parent=4721"}],"curies":[{"name":"wp","href":"https:\/\/api.w.org\/{rel}","templated":true}]}}