{"id":4773,"date":"2026-01-28T15:30:29","date_gmt":"2026-01-28T14:30:29","guid":{"rendered":"https:\/\/nubialabs.com\/?page_id=4773"},"modified":"2026-02-02T10:44:44","modified_gmt":"2026-02-02T09:44:44","slug":"nubia-lab-incubacio-ia-mons-2025-5","status":"publish","type":"page","link":"https:\/\/nubialabs.com\/ca\/nubia-lab-incubacio-ia-mons-2025-5\/","title":{"rendered":"Mist\u00b3 \u2014 Traversing Dimensions"},"content":{"rendered":"\t\t<div data-elementor-type=\"wp-page\" data-elementor-id=\"4773\" class=\"elementor elementor-4773 elementor-4771\">\n\t\t\t\t<div class=\"elementor-element elementor-element-f3a62cd e-flex e-con-boxed e-con e-parent\" data-id=\"f3a62cd\" data-element_type=\"container\">\n\t\t\t\t\t<div class=\"e-con-inner\">\n\t\t\t\t<div class=\"elementor-element elementor-element-025634e elementor-widget elementor-widget-heading\" data-id=\"025634e\" data-element_type=\"widget\" data-widget_type=\"heading.default\">\n\t\t\t\t<div class=\"elementor-widget-container\">\n\t\t\t\t\t<h1 class=\"elementor-heading-title elementor-size-default\">Traversing the Mist - Chou Tung-Yen<\/h1>\t\t\t\t<\/div>\n\t\t\t\t<\/div>\n\t\t\t\t\t<\/div>\n\t\t\t\t<\/div>\n\t\t<div class=\"elementor-element elementor-element-0e89c7f e-flex e-con-boxed e-con e-parent\" data-id=\"0e89c7f\" data-element_type=\"container\">\n\t\t\t\t\t<div class=\"e-con-inner\">\n\t\t\t\t<div class=\"elementor-element elementor-element-7162d66 elementor-widget elementor-widget-image\" data-id=\"7162d66\" data-element_type=\"widget\" data-widget_type=\"image.default\">\n\t\t\t\t<div class=\"elementor-widget-container\">\n\t\t\t\t\t\t\t\t\t\t\t\t\t\t\t<img decoding=\"async\" src=\"https:\/\/nubialabs.com\/wp-content\/uploads\/2023\/05\/ai2-sep1.svg\" title=\"\" alt=\"\" loading=\"lazy\" \/>\t\t\t\t\t\t\t\t\t\t\t\t\t\t\t<\/div>\n\t\t\t\t<\/div>\n\t\t\t\t\t<\/div>\n\t\t\t\t<\/div>\n\t\t<div class=\"elementor-element elementor-element-8062903 e-flex e-con-boxed e-con e-parent\" data-id=\"8062903\" data-element_type=\"container\">\n\t\t\t\t\t<div class=\"e-con-inner\">\n\t\t\t\t<div class=\"elementor-element elementor-element-79f62ca elementor-widget elementor-widget-image\" data-id=\"79f62ca\" data-element_type=\"widget\" data-widget_type=\"image.default\">\n\t\t\t\t<div class=\"elementor-widget-container\">\n\t\t\t\t\t\t\t\t\t\t\t\t\t\t\t<img fetchpriority=\"high\" decoding=\"async\" width=\"768\" height=\"960\" src=\"https:\/\/nubialabs.com\/wp-content\/uploads\/2026\/01\/FINAL-ENG-Traversing-the-mist-1-768x960.png\" class=\"attachment-medium_large size-medium_large wp-image-4775\" alt=\"mist flyer\" srcset=\"https:\/\/nubialabs.com\/wp-content\/uploads\/2026\/01\/FINAL-ENG-Traversing-the-mist-1-768x960.png 768w, https:\/\/nubialabs.com\/wp-content\/uploads\/2026\/01\/FINAL-ENG-Traversing-the-mist-1-400x500.png 400w, https:\/\/nubialabs.com\/wp-content\/uploads\/2026\/01\/FINAL-ENG-Traversing-the-mist-1-240x300.png 240w, https:\/\/nubialabs.com\/wp-content\/uploads\/2026\/01\/FINAL-ENG-Traversing-the-mist-1-60x75.png 60w, https:\/\/nubialabs.com\/wp-content\/uploads\/2026\/01\/FINAL-ENG-Traversing-the-mist-1-480x600.png 480w\" sizes=\"(max-width:767px) 480px, (max-width:768px) 100vw, 768px\" \/>\t\t\t\t\t\t\t\t\t\t\t\t\t\t\t<\/div>\n\t\t\t\t<\/div>\n\t\t\t\t<div class=\"elementor-element elementor-element-37e2362 elementor-widget elementor-widget-text-editor\" data-id=\"37e2362\" data-element_type=\"widget\" data-widget_type=\"text-editor.default\">\n\t\t\t\t<div class=\"elementor-widget-container\">\n\t\t\t\t\t\t\t\t\t<p><strong>ESPRONCEDA Institute of Art &amp; Culture<\/strong> presenta amb orgull l&#8217;estrena espanyola de <em><strong>Traversing the Mist, <\/strong><\/em>l&#8217;aclamada experi\u00e8ncia immersiva XR de l&#8217;artista i director taiwan\u00e8s <strong>Chou Tung-Yen,<\/strong> produ\u00efda per <strong>Very Theatre i Very Mainstream Studio<\/strong> (Taiwan).<\/p><p>L&#8217;exposici\u00f3 s&#8217;inaugura el <strong>30 d&#8217;octubre de 2025,<\/strong> a les 19:00 h a ESPRONCEDA (Barcelona), inaugurant el programa internacional <em><strong>Tres freq\u00fc\u00e8ncies \u2014 A Month of Immersive Art, Sound &amp; Vision<\/strong><\/em>, presentat en el marc de<strong> NUBIA LAB INCUBACI\u00d3N IA M\u00d3NS 2025<\/strong>.<\/p><p>A m\u00e9s, el <strong>29 d&#8217;octubre<\/strong>, hi va haver una <strong>sessi\u00f3 de Meet the Artist<\/strong> amb Chou Tung-Yen. L&#8217;obra de Chou, que barreja teatre, cinema i tecnologies immersives, ha estat presentada internacionalment i reconeguda amb honors com el <strong>Gran Premi al NewImages Festival <\/strong>(Par\u00eds) i el <strong>Premi Mundial de Disseny esc\u00e8nic per a mitjans interactius i nous.<\/strong> <\/p><p>Durant aquesta sessi\u00f3 especial, Chou va compartir idees del seu viatge creatiu a trav\u00e9s de la performance, el cinema i la realitat estesa, explorant les delicades interseccions on convergeixen la <strong>tecnologia, la mem\u00f2ria i l&#8217;emoci\u00f3 humana.<\/strong><\/p><p><br><strong>Una odissea po\u00e8tica a trav\u00e9s de la percepci\u00f3, la identitat i la transformaci\u00f3<\/strong><\/p><p><em>Traversing the Mist <\/em>\u00e9s una instal\u00b7laci\u00f3 de<strong> 6DoF multiusuari XR<\/strong> que convida els participants a explorar una sauna gai surrealista, un laberint on\u00edric de vapor, mem\u00f2ria i emoci\u00f3.<br>Els p\u00fablics encarnen la mateixa figura: un jove taiwan\u00e8s navegant per passadissos que es dissolen en boira, confrontant reflexos de desig i por en un entorn en constant canvi.<br>Blending live performance, animaci\u00f3 3D i interacci\u00f3 immersiva, la pe\u00e7a expandeix <em>Trilogy of Mist (In the Mist, Gazing, in the Mist, and Traversing the Mist)<\/em> de Chou, transformant l&#8217;experi\u00e8ncia \u00edntima en un espai virtual compartit.<\/p><p>Descrita per <em>Variety <\/em>com \u201cuna odissea on\u00edrica en la por i la carn\u201d, i aplaudida al<strong> NewImages Festival <\/strong>per la seva \u201cexploraci\u00f3 visceral i encarnada de la connexi\u00f3 i la identitat\u201d,<em> Traversing the Mist <\/em>s&#8217;ha presentat a <strong>Venice Immersive, Kaohsiung Film Festival i IDFA DocLab<\/strong> \u2014 i ara s&#8217;estrena a Espanya per primera vegada a ESPRONCEDA.<\/p><p><br><strong>Sobre l&#8217;artista \u2014 Chou Tung-Yen<\/strong><\/p><p><strong>Chou Tung-Yen <\/strong>(Taiwan) \u00e9s un guardonat director de teatre, cineasta i escen\u00f2graf el treball del qual fusiona la<strong> performance en directe, la tecnologia digital i la narrativa po\u00e8tica.<\/strong><br>Fundador de <strong>Very Theatre <\/strong>i <strong>Very Mainstream Studio<\/strong>, Chou explora la intersecci\u00f3 de<strong> l&#8217;emoci\u00f3 humana, la tecnologia i la identitat queer<\/strong> a trav\u00e9s de la narraci\u00f3 immersiva i les noves formes de mitjans.<\/p><p>La <em>Trilogy of Mist <\/em>(2021\u20132023) \u2014 que compr\u00e8n <em>In the Mist <\/em>(Venice Film Festival 2021), <em>Gazing, in the Mist<\/em> (2022) i <em>Traversing the Mist<\/em> (2023) \u2014 reimagina la intimitat en l&#8217;espai virtual, difuminant els l\u00edmits entre el teatre i l&#8217;art digital.<br>Les obres de Chou s&#8217;han mostrat a tot el m\u00f3n, incloent-hi <strong>Venice Immersive, Kaohsiung Film Festival, NewImages Festival i IDFA DocLab.<\/strong><br><a href=\"https:\/\/www.vmstudio.tw\/\">www.vmstudio.tw<\/a> | Instagram: <a href=\"https:\/\/www.instagram.com\/vmstudiotw\/\">@vmstudiotw<\/a><\/p>\t\t\t\t\t\t\t\t<\/div>\n\t\t\t\t<\/div>\n\t\t\t\t<div class=\"elementor-element elementor-element-00d8461 elementor-arrows-position-inside elementor-pagination-position-outside elementor-widget elementor-widget-image-carousel\" data-id=\"00d8461\" data-element_type=\"widget\" data-settings=\"{&quot;navigation&quot;:&quot;both&quot;,&quot;autoplay&quot;:&quot;yes&quot;,&quot;pause_on_hover&quot;:&quot;yes&quot;,&quot;pause_on_interaction&quot;:&quot;yes&quot;,&quot;autoplay_speed&quot;:5000,&quot;infinite&quot;:&quot;yes&quot;,&quot;speed&quot;:500}\" data-widget_type=\"image-carousel.default\">\n\t\t\t\t<div class=\"elementor-widget-container\">\n\t\t\t\t\t\t\t<div class=\"elementor-image-carousel-wrapper swiper\" role=\"region\" aria-roledescription=\"carousel\" aria-label=\"Image Carousel\" dir=\"ltr\">\n\t\t\t<div class=\"elementor-image-carousel swiper-wrapper\" aria-live=\"off\">\n\t\t\t\t\t\t\t\t<div class=\"swiper-slide\" role=\"group\" aria-roledescription=\"slide\" aria-label=\"1 de 5\"><figure class=\"swiper-slide-inner\"><img decoding=\"async\" class=\"swiper-slide-image\" src=\"https:\/\/nubialabs.com\/wp-content\/uploads\/2026\/01\/1-500x333.jpg\" alt=\"mist photo\" \/><\/figure><\/div><div class=\"swiper-slide\" role=\"group\" aria-roledescription=\"slide\" aria-label=\"2 de 5\"><figure class=\"swiper-slide-inner\"><img decoding=\"async\" class=\"swiper-slide-image\" src=\"https:\/\/nubialabs.com\/wp-content\/uploads\/2026\/01\/46176b23-f280-4fef-9e30-61138fe050e8-500x334.jpg\" alt=\"46176b23-f280-4fef-9e30-61138fe050e8\" \/><\/figure><\/div><div class=\"swiper-slide\" role=\"group\" aria-roledescription=\"slide\" aria-label=\"3 de 5\"><figure class=\"swiper-slide-inner\"><img decoding=\"async\" class=\"swiper-slide-image\" src=\"https:\/\/nubialabs.com\/wp-content\/uploads\/2026\/01\/5-500x333.jpg\" alt=\"mist photo\" \/><\/figure><\/div><div class=\"swiper-slide\" role=\"group\" aria-roledescription=\"slide\" aria-label=\"4 de 5\"><figure class=\"swiper-slide-inner\"><img decoding=\"async\" class=\"swiper-slide-image\" src=\"https:\/\/nubialabs.com\/wp-content\/uploads\/2026\/01\/a39bb460-0128-44d3-9319-f542d2775bca-500x334.png\" alt=\"a39bb460-0128-44d3-9319-f542d2775bca\" \/><\/figure><\/div><div class=\"swiper-slide\" role=\"group\" aria-roledescription=\"slide\" aria-label=\"5 de 5\"><figure class=\"swiper-slide-inner\"><img decoding=\"async\" class=\"swiper-slide-image\" src=\"https:\/\/nubialabs.com\/wp-content\/uploads\/2026\/01\/3-500x333.jpg\" alt=\"mist photo\" \/><\/figure><\/div>\t\t\t<\/div>\n\t\t\t\t\t\t\t\t\t\t\t\t<div class=\"elementor-swiper-button elementor-swiper-button-prev\" role=\"button\" tabindex=\"0\">\n\t\t\t\t\t\t<i aria-hidden=\"true\" class=\"eicon-chevron-left\"><\/i>\t\t\t\t\t<\/div>\n\t\t\t\t\t<div class=\"elementor-swiper-button elementor-swiper-button-next\" role=\"button\" tabindex=\"0\">\n\t\t\t\t\t\t<i aria-hidden=\"true\" class=\"eicon-chevron-right\"><\/i>\t\t\t\t\t<\/div>\n\t\t\t\t\n\t\t\t\t\t\t\t\t\t<div class=\"swiper-pagination\"><\/div>\n\t\t\t\t\t\t\t\t\t<\/div>\n\t\t\t\t\t\t<\/div>\n\t\t\t\t<\/div>\n\t\t\t\t\t<\/div>\n\t\t\t\t<\/div>\n\t\t\t\t<\/div>\n\t\t","protected":false},"excerpt":{"rendered":"<p>Traversing the Mist &#8211; Chou Tung-Yen ESPRONCEDA Institute of Art &amp; Culture presenta amb orgull l&#8217;estrena espanyola de Traversing the Mist, l&#8217;aclamada experi\u00e8ncia immersiva XR de<span class=\"excerpt-hellip\"> [\u2026]<\/span><\/p>\n","protected":false},"author":7,"featured_media":0,"parent":0,"menu_order":0,"comment_status":"closed","ping_status":"closed","template":"","meta":{"footnotes":""},"class_list":["post-4773","page","type-page","status-publish","hentry"],"yoast_head":"<!-- This site is optimized with the Yoast SEO plugin v25.5 - https:\/\/yoast.com\/wordpress\/plugins\/seo\/ -->\n<title>Mist\u00b3 \u2014 Traversing Dimensions<\/title>\n<meta name=\"description\" content=\"ESPRONCEDA present Traversing the Mist, l&#039;aclamat experi\u00e8ncia immersiva XR de l&#039;artista i director taiwan\u00e8s Chou Tung-Yen.\" \/>\n<meta name=\"robots\" content=\"index, follow, max-snippet:-1, max-image-preview:large, max-video-preview:-1\" \/>\n<link rel=\"canonical\" href=\"https:\/\/nubialabs.com\/ca\/nubia-lab-incubacio-ia-mons-2025-5\/\" \/>\n<meta property=\"og:locale\" content=\"ca_ES\" \/>\n<meta property=\"og:type\" content=\"article\" \/>\n<meta property=\"og:title\" content=\"Mist\u00b3 \u2014 Traversing Dimensions\" \/>\n<meta property=\"og:description\" content=\"ESPRONCEDA present Traversing the Mist, l&#039;aclamat experi\u00e8ncia immersiva XR de l&#039;artista i director taiwan\u00e8s Chou Tung-Yen.\" \/>\n<meta property=\"og:url\" content=\"https:\/\/nubialabs.com\/ca\/nubia-lab-incubacio-ia-mons-2025-5\/\" \/>\n<meta property=\"og:site_name\" content=\"NubiaLabs\" \/>\n<meta property=\"article:modified_time\" content=\"2026-02-02T09:44:44+00:00\" \/>\n<meta property=\"og:image\" content=\"https:\/\/nubialabs.com\/wp-content\/uploads\/2023\/05\/ai2-sep1.svg\" \/>\n<meta name=\"twitter:card\" content=\"summary_large_image\" \/>\n<meta name=\"twitter:label1\" content=\"Temps estimat de lectura\" \/>\n\t<meta name=\"twitter:data1\" content=\"2 minuts\" \/>\n<script type=\"application\/ld+json\" class=\"yoast-schema-graph\">{\"@context\":\"https:\/\/schema.org\",\"@graph\":[{\"@type\":\"WebPage\",\"@id\":\"https:\/\/nubialabs.com\/ca\/nubia-lab-incubacio-ia-mons-2025-5\/\",\"url\":\"https:\/\/nubialabs.com\/ca\/nubia-lab-incubacio-ia-mons-2025-5\/\",\"name\":\"Mist\u00b3 \u2014 Traversing Dimensions\",\"isPartOf\":{\"@id\":\"https:\/\/nubialabs.com\/ca\/#website\"},\"primaryImageOfPage\":{\"@id\":\"https:\/\/nubialabs.com\/ca\/nubia-lab-incubacio-ia-mons-2025-5\/#primaryimage\"},\"image\":{\"@id\":\"https:\/\/nubialabs.com\/ca\/nubia-lab-incubacio-ia-mons-2025-5\/#primaryimage\"},\"thumbnailUrl\":\"https:\/\/nubialabs.com\/wp-content\/uploads\/2023\/05\/ai2-sep1.svg\",\"datePublished\":\"2026-01-28T14:30:29+00:00\",\"dateModified\":\"2026-02-02T09:44:44+00:00\",\"description\":\"ESPRONCEDA present Traversing the Mist, l'aclamat experi\u00e8ncia immersiva XR de l'artista i director taiwan\u00e8s Chou Tung-Yen.\",\"breadcrumb\":{\"@id\":\"https:\/\/nubialabs.com\/ca\/nubia-lab-incubacio-ia-mons-2025-5\/#breadcrumb\"},\"inLanguage\":\"ca\",\"potentialAction\":[{\"@type\":\"ReadAction\",\"target\":[\"https:\/\/nubialabs.com\/ca\/nubia-lab-incubacio-ia-mons-2025-5\/\"]}]},{\"@type\":\"ImageObject\",\"inLanguage\":\"ca\",\"@id\":\"https:\/\/nubialabs.com\/ca\/nubia-lab-incubacio-ia-mons-2025-5\/#primaryimage\",\"url\":\"https:\/\/nubialabs.com\/wp-content\/uploads\/2023\/05\/ai2-sep1.svg\",\"contentUrl\":\"https:\/\/nubialabs.com\/wp-content\/uploads\/2023\/05\/ai2-sep1.svg\"},{\"@type\":\"BreadcrumbList\",\"@id\":\"https:\/\/nubialabs.com\/ca\/nubia-lab-incubacio-ia-mons-2025-5\/#breadcrumb\",\"itemListElement\":[{\"@type\":\"ListItem\",\"position\":1,\"name\":\"Portada\",\"item\":\"https:\/\/nubialabs.com\/ca\/\"},{\"@type\":\"ListItem\",\"position\":2,\"name\":\"Mist\u00b3 \u2014 Traversing Dimensions\"}]},{\"@type\":\"WebSite\",\"@id\":\"https:\/\/nubialabs.com\/ca\/#website\",\"url\":\"https:\/\/nubialabs.com\/ca\/\",\"name\":\"NubiaLabs\",\"description\":\"Incubadora de proyectos art\u00edsticos\",\"publisher\":{\"@id\":\"https:\/\/nubialabs.com\/ca\/#organization\"},\"potentialAction\":[{\"@type\":\"SearchAction\",\"target\":{\"@type\":\"EntryPoint\",\"urlTemplate\":\"https:\/\/nubialabs.com\/ca\/?s={search_term_string}\"},\"query-input\":{\"@type\":\"PropertyValueSpecification\",\"valueRequired\":true,\"valueName\":\"search_term_string\"}}],\"inLanguage\":\"ca\"},{\"@type\":\"Organization\",\"@id\":\"https:\/\/nubialabs.com\/ca\/#organization\",\"name\":\"NubiaLabs\",\"url\":\"https:\/\/nubialabs.com\/ca\/\",\"logo\":{\"@type\":\"ImageObject\",\"inLanguage\":\"ca\",\"@id\":\"https:\/\/nubialabs.com\/ca\/#\/schema\/logo\/image\/\",\"url\":\"https:\/\/nubialabs.com\/wp-content\/uploads\/2023\/10\/Nubialabs_color.webp\",\"contentUrl\":\"https:\/\/nubialabs.com\/wp-content\/uploads\/2023\/10\/Nubialabs_color.webp\",\"width\":2000,\"height\":2000,\"caption\":\"NubiaLabs\"},\"image\":{\"@id\":\"https:\/\/nubialabs.com\/ca\/#\/schema\/logo\/image\/\"}}]}<\/script>\n<!-- \/ Yoast SEO plugin. -->","yoast_head_json":{"title":"Mist\u00b3 \u2014 Traversing Dimensions","description":"ESPRONCEDA present Traversing the Mist, l'aclamat experi\u00e8ncia immersiva XR de l'artista i director taiwan\u00e8s Chou Tung-Yen.","robots":{"index":"index","follow":"follow","max-snippet":"max-snippet:-1","max-image-preview":"max-image-preview:large","max-video-preview":"max-video-preview:-1"},"canonical":"https:\/\/nubialabs.com\/ca\/nubia-lab-incubacio-ia-mons-2025-5\/","og_locale":"ca_ES","og_type":"article","og_title":"Mist\u00b3 \u2014 Traversing Dimensions","og_description":"ESPRONCEDA present Traversing the Mist, l'aclamat experi\u00e8ncia immersiva XR de l'artista i director taiwan\u00e8s Chou Tung-Yen.","og_url":"https:\/\/nubialabs.com\/ca\/nubia-lab-incubacio-ia-mons-2025-5\/","og_site_name":"NubiaLabs","article_modified_time":"2026-02-02T09:44:44+00:00","og_image":[{"url":"https:\/\/nubialabs.com\/wp-content\/uploads\/2023\/05\/ai2-sep1.svg","type":"","width":"","height":""}],"twitter_card":"summary_large_image","twitter_misc":{"Temps estimat de lectura":"2 minuts"},"schema":{"@context":"https:\/\/schema.org","@graph":[{"@type":"WebPage","@id":"https:\/\/nubialabs.com\/ca\/nubia-lab-incubacio-ia-mons-2025-5\/","url":"https:\/\/nubialabs.com\/ca\/nubia-lab-incubacio-ia-mons-2025-5\/","name":"Mist\u00b3 \u2014 Traversing Dimensions","isPartOf":{"@id":"https:\/\/nubialabs.com\/ca\/#website"},"primaryImageOfPage":{"@id":"https:\/\/nubialabs.com\/ca\/nubia-lab-incubacio-ia-mons-2025-5\/#primaryimage"},"image":{"@id":"https:\/\/nubialabs.com\/ca\/nubia-lab-incubacio-ia-mons-2025-5\/#primaryimage"},"thumbnailUrl":"https:\/\/nubialabs.com\/wp-content\/uploads\/2023\/05\/ai2-sep1.svg","datePublished":"2026-01-28T14:30:29+00:00","dateModified":"2026-02-02T09:44:44+00:00","description":"ESPRONCEDA present Traversing the Mist, l'aclamat experi\u00e8ncia immersiva XR de l'artista i director taiwan\u00e8s Chou Tung-Yen.","breadcrumb":{"@id":"https:\/\/nubialabs.com\/ca\/nubia-lab-incubacio-ia-mons-2025-5\/#breadcrumb"},"inLanguage":"ca","potentialAction":[{"@type":"ReadAction","target":["https:\/\/nubialabs.com\/ca\/nubia-lab-incubacio-ia-mons-2025-5\/"]}]},{"@type":"ImageObject","inLanguage":"ca","@id":"https:\/\/nubialabs.com\/ca\/nubia-lab-incubacio-ia-mons-2025-5\/#primaryimage","url":"https:\/\/nubialabs.com\/wp-content\/uploads\/2023\/05\/ai2-sep1.svg","contentUrl":"https:\/\/nubialabs.com\/wp-content\/uploads\/2023\/05\/ai2-sep1.svg"},{"@type":"BreadcrumbList","@id":"https:\/\/nubialabs.com\/ca\/nubia-lab-incubacio-ia-mons-2025-5\/#breadcrumb","itemListElement":[{"@type":"ListItem","position":1,"name":"Portada","item":"https:\/\/nubialabs.com\/ca\/"},{"@type":"ListItem","position":2,"name":"Mist\u00b3 \u2014 Traversing Dimensions"}]},{"@type":"WebSite","@id":"https:\/\/nubialabs.com\/ca\/#website","url":"https:\/\/nubialabs.com\/ca\/","name":"NubiaLabs","description":"Incubadora de proyectos art\u00edsticos","publisher":{"@id":"https:\/\/nubialabs.com\/ca\/#organization"},"potentialAction":[{"@type":"SearchAction","target":{"@type":"EntryPoint","urlTemplate":"https:\/\/nubialabs.com\/ca\/?s={search_term_string}"},"query-input":{"@type":"PropertyValueSpecification","valueRequired":true,"valueName":"search_term_string"}}],"inLanguage":"ca"},{"@type":"Organization","@id":"https:\/\/nubialabs.com\/ca\/#organization","name":"NubiaLabs","url":"https:\/\/nubialabs.com\/ca\/","logo":{"@type":"ImageObject","inLanguage":"ca","@id":"https:\/\/nubialabs.com\/ca\/#\/schema\/logo\/image\/","url":"https:\/\/nubialabs.com\/wp-content\/uploads\/2023\/10\/Nubialabs_color.webp","contentUrl":"https:\/\/nubialabs.com\/wp-content\/uploads\/2023\/10\/Nubialabs_color.webp","width":2000,"height":2000,"caption":"NubiaLabs"},"image":{"@id":"https:\/\/nubialabs.com\/ca\/#\/schema\/logo\/image\/"}}]}},"_links":{"self":[{"href":"https:\/\/nubialabs.com\/ca\/wp-json\/wp\/v2\/pages\/4773","targetHints":{"allow":["GET"]}}],"collection":[{"href":"https:\/\/nubialabs.com\/ca\/wp-json\/wp\/v2\/pages"}],"about":[{"href":"https:\/\/nubialabs.com\/ca\/wp-json\/wp\/v2\/types\/page"}],"author":[{"embeddable":true,"href":"https:\/\/nubialabs.com\/ca\/wp-json\/wp\/v2\/users\/7"}],"replies":[{"embeddable":true,"href":"https:\/\/nubialabs.com\/ca\/wp-json\/wp\/v2\/comments?post=4773"}],"version-history":[{"count":7,"href":"https:\/\/nubialabs.com\/ca\/wp-json\/wp\/v2\/pages\/4773\/revisions"}],"predecessor-version":[{"id":5029,"href":"https:\/\/nubialabs.com\/ca\/wp-json\/wp\/v2\/pages\/4773\/revisions\/5029"}],"wp:attachment":[{"href":"https:\/\/nubialabs.com\/ca\/wp-json\/wp\/v2\/media?parent=4773"}],"curies":[{"name":"wp","href":"https:\/\/api.w.org\/{rel}","templated":true}]}}