{"id":4830,"date":"2026-01-29T13:43:56","date_gmt":"2026-01-29T12:43:56","guid":{"rendered":"https:\/\/nubialabs.com\/?page_id=4830"},"modified":"2026-03-19T13:59:48","modified_gmt":"2026-03-19T12:59:48","slug":"tdbcn-halloween-touchdesigner-barcelona-halloween-special","status":"publish","type":"page","link":"https:\/\/nubialabs.com\/ca\/tdbcn-halloween-touchdesigner-barcelona-halloween-special\/","title":{"rendered":"TDBCN HALLOWEEN \u2013 TouchDesigner Barcelona Halloween Special"},"content":{"rendered":"\t\t<div data-elementor-type=\"wp-page\" data-elementor-id=\"4830\" class=\"elementor elementor-4830 elementor-4828\">\n\t\t\t\t<div class=\"elementor-element elementor-element-f3a62cd e-flex e-con-boxed e-con e-parent\" data-id=\"f3a62cd\" data-element_type=\"container\">\n\t\t\t\t\t<div class=\"e-con-inner\">\n\t\t\t\t<div class=\"elementor-element elementor-element-025634e elementor-widget elementor-widget-heading\" data-id=\"025634e\" data-element_type=\"widget\" data-widget_type=\"heading.default\">\n\t\t\t\t<div class=\"elementor-widget-container\">\n\t\t\t\t\t<h1 class=\"elementor-heading-title elementor-size-default\">TDBCN HALLOWEEN<\/h1>\t\t\t\t<\/div>\n\t\t\t\t<\/div>\n\t\t\t\t\t<\/div>\n\t\t\t\t<\/div>\n\t\t<div class=\"elementor-element elementor-element-0e89c7f e-flex e-con-boxed e-con e-parent\" data-id=\"0e89c7f\" data-element_type=\"container\">\n\t\t\t\t\t<div class=\"e-con-inner\">\n\t\t\t\t<div class=\"elementor-element elementor-element-7162d66 elementor-widget elementor-widget-image\" data-id=\"7162d66\" data-element_type=\"widget\" data-widget_type=\"image.default\">\n\t\t\t\t<div class=\"elementor-widget-container\">\n\t\t\t\t\t\t\t\t\t\t\t\t\t\t\t<img decoding=\"async\" src=\"https:\/\/nubialabs.com\/wp-content\/uploads\/2023\/05\/ai2-sep1.svg\" title=\"\" alt=\"\" loading=\"lazy\" \/>\t\t\t\t\t\t\t\t\t\t\t\t\t\t\t<\/div>\n\t\t\t\t<\/div>\n\t\t\t\t\t<\/div>\n\t\t\t\t<\/div>\n\t\t<div class=\"elementor-element elementor-element-8062903 e-flex e-con-boxed e-con e-parent\" data-id=\"8062903\" data-element_type=\"container\">\n\t\t\t\t\t<div class=\"e-con-inner\">\n\t\t\t\t<div class=\"elementor-element elementor-element-79f62ca elementor-widget elementor-widget-image\" data-id=\"79f62ca\" data-element_type=\"widget\" data-widget_type=\"image.default\">\n\t\t\t\t<div class=\"elementor-widget-container\">\n\t\t\t\t\t\t\t\t\t\t\t\t\t\t\t<img fetchpriority=\"high\" decoding=\"async\" width=\"708\" height=\"1024\" src=\"https:\/\/nubialabs.com\/wp-content\/uploads\/2026\/01\/NNC-TDBCN-Halloween-Story-01-logo-708x1024-1.jpg\" class=\"attachment-medium_large size-medium_large wp-image-4834\" alt=\"TDBCN HALLOWEEN \u2013 TouchDesigner Barcelona Halloween Special\" srcset=\"https:\/\/nubialabs.com\/wp-content\/uploads\/2026\/01\/NNC-TDBCN-Halloween-Story-01-logo-708x1024-1.jpg 708w, https:\/\/nubialabs.com\/wp-content\/uploads\/2026\/01\/NNC-TDBCN-Halloween-Story-01-logo-708x1024-1-346x500.jpg 346w, https:\/\/nubialabs.com\/wp-content\/uploads\/2026\/01\/NNC-TDBCN-Halloween-Story-01-logo-708x1024-1-207x300.jpg 207w, https:\/\/nubialabs.com\/wp-content\/uploads\/2026\/01\/NNC-TDBCN-Halloween-Story-01-logo-708x1024-1-52x75.jpg 52w, https:\/\/nubialabs.com\/wp-content\/uploads\/2026\/01\/NNC-TDBCN-Halloween-Story-01-logo-708x1024-1-480x694.jpg 480w\" sizes=\"(max-width:767px) 480px, 708px\" \/>\t\t\t\t\t\t\t\t\t\t\t\t\t\t\t<\/div>\n\t\t\t\t<\/div>\n\t\t\t\t<div class=\"elementor-element elementor-element-37e2362 elementor-widget elementor-widget-text-editor\" data-id=\"37e2362\" data-element_type=\"widget\" data-widget_type=\"text-editor.default\">\n\t\t\t\t<div class=\"elementor-widget-container\">\n\t\t\t\t\t\t\t\t\t<p>En el marc de <strong>NUBIA LAB 2025<\/strong>, ESPRONCEDA \u2013 Institute of Art &amp; Culture va presentar <strong>TDBCN HALLOWEEN<\/strong>, una edici\u00f3 especial de Halloween de <strong>TouchDesigner Barcelona<\/strong>. L&#8217;acte va tenir lloc el <strong>31 d&#8217;octubre de 2025<\/strong> a ESPRONCEDA (Carrer d&#8217;Espronceda 326, Nau 5, Barcelona), amb obertura de portes a les 19:00 i actuacions a partir de les 20:00. <\/p><p><br>Concebut com una vetllada de performances audiovisuals, instal\u00b7lacions interactives i pr\u00e0ctiques digitals experimentals, TDBCN HALLOWEEN va reunir artistes i col\u00b7lectius que treballen en la intersecci\u00f3 del <strong>so, la llum, les visuals en temps real i la codificaci\u00f3 creativa<\/strong>. Durant una nit, ESPRONCEDA es va transformar en un entorn immersiu d&#8217;atmosferes angoixants, paisatges sonors inquietants i imaginaris digitals especulatius, on la performance i la instal\u00b7laci\u00f3 coexistien dins d&#8217;una experi\u00e8ncia espacial compartida. <\/p><p><br>En el marc del programa <strong>NUBIA LAB INCUBACI\u00d3N IA M\u00d3NS 2025<\/strong>, l&#8217;esdeveniment va posar de manifest les aproximacions emergents a l&#8217;art digital experimental i a la innovaci\u00f3 creativa, alhora que va fomentar l&#8217;intercanvi comunitari dins de l&#8217;escena audiovisual i immersiva de Barcelona. La vetllada tamb\u00e9 va comptar amb un <strong>concurs de disfresses amb premis<\/strong>, encoratjant la participaci\u00f3 l\u00fadica del p\u00fablic. <\/p><p><br>El programa inclo\u00efa actuacions en directe de <strong>NADA, Sara Groborz, 70% WATER i RDMT , DITHERBIT<\/strong>, juntament amb instal\u00b7lacions de <strong>DEEP BUFFER , CHICOE, YEN CHOU i TERPER<\/strong>, oferint als visitants una nit de celebraci\u00f3, experimentaci\u00f3 i transformaci\u00f3 col\u00b7lectiva.<\/p>\t\t\t\t\t\t\t\t<\/div>\n\t\t\t\t<\/div>\n\t\t\t\t<div class=\"elementor-element elementor-element-00d8461 elementor-arrows-position-inside elementor-pagination-position-outside elementor-widget elementor-widget-image-carousel\" data-id=\"00d8461\" data-element_type=\"widget\" data-settings=\"{&quot;navigation&quot;:&quot;both&quot;,&quot;autoplay&quot;:&quot;yes&quot;,&quot;pause_on_hover&quot;:&quot;yes&quot;,&quot;pause_on_interaction&quot;:&quot;yes&quot;,&quot;autoplay_speed&quot;:5000,&quot;infinite&quot;:&quot;yes&quot;,&quot;speed&quot;:500}\" data-widget_type=\"image-carousel.default\">\n\t\t\t\t<div class=\"elementor-widget-container\">\n\t\t\t\t\t\t\t<div class=\"elementor-image-carousel-wrapper swiper\" role=\"region\" aria-roledescription=\"carousel\" aria-label=\"Image Carousel\" dir=\"ltr\">\n\t\t\t<div class=\"elementor-image-carousel swiper-wrapper\" aria-live=\"off\">\n\t\t\t\t\t\t\t\t<div class=\"swiper-slide\" role=\"group\" aria-roledescription=\"slide\" aria-label=\"1 de 6\"><figure class=\"swiper-slide-inner\"><img decoding=\"async\" class=\"swiper-slide-image\" src=\"https:\/\/nubialabs.com\/wp-content\/uploads\/2026\/01\/IMG_2048-500x333.jpg\" alt=\"TDBCN HALLOWEEN\" \/><\/figure><\/div><div class=\"swiper-slide\" role=\"group\" aria-roledescription=\"slide\" aria-label=\"2 de 6\"><figure class=\"swiper-slide-inner\"><img decoding=\"async\" class=\"swiper-slide-image\" src=\"https:\/\/nubialabs.com\/wp-content\/uploads\/2026\/01\/IMG_1957-500x333.jpg\" alt=\"TDBCN HALLOWEEN\" \/><\/figure><\/div><div class=\"swiper-slide\" role=\"group\" aria-roledescription=\"slide\" aria-label=\"3 de 6\"><figure class=\"swiper-slide-inner\"><img decoding=\"async\" class=\"swiper-slide-image\" src=\"https:\/\/nubialabs.com\/wp-content\/uploads\/2026\/01\/IMG_2012-500x333.jpg\" alt=\"TDBCN HALLOWEEN\" \/><\/figure><\/div><div class=\"swiper-slide\" role=\"group\" aria-roledescription=\"slide\" aria-label=\"4 de 6\"><figure class=\"swiper-slide-inner\"><img decoding=\"async\" class=\"swiper-slide-image\" src=\"https:\/\/nubialabs.com\/wp-content\/uploads\/2026\/01\/IMG_2006-500x333.jpg\" alt=\"TDBCN HALLOWEEN\" \/><\/figure><\/div><div class=\"swiper-slide\" role=\"group\" aria-roledescription=\"slide\" aria-label=\"5 de 6\"><figure class=\"swiper-slide-inner\"><img decoding=\"async\" class=\"swiper-slide-image\" src=\"https:\/\/nubialabs.com\/wp-content\/uploads\/2026\/01\/IMG_2023-500x333.jpg\" alt=\"TDBCN HALLOWEEN\" \/><\/figure><\/div><div class=\"swiper-slide\" role=\"group\" aria-roledescription=\"slide\" aria-label=\"6 de 6\"><figure class=\"swiper-slide-inner\"><img decoding=\"async\" class=\"swiper-slide-image\" src=\"https:\/\/nubialabs.com\/wp-content\/uploads\/2026\/01\/IMG_2046-500x333.jpg\" alt=\"TDBCN HALLOWEEN\" \/><\/figure><\/div>\t\t\t<\/div>\n\t\t\t\t\t\t\t\t\t\t\t\t<div class=\"elementor-swiper-button elementor-swiper-button-prev\" role=\"button\" tabindex=\"0\">\n\t\t\t\t\t\t<i aria-hidden=\"true\" class=\"eicon-chevron-left\"><\/i>\t\t\t\t\t<\/div>\n\t\t\t\t\t<div class=\"elementor-swiper-button elementor-swiper-button-next\" role=\"button\" tabindex=\"0\">\n\t\t\t\t\t\t<i aria-hidden=\"true\" class=\"eicon-chevron-right\"><\/i>\t\t\t\t\t<\/div>\n\t\t\t\t\n\t\t\t\t\t\t\t\t\t<div class=\"swiper-pagination\"><\/div>\n\t\t\t\t\t\t\t\t\t<\/div>\n\t\t\t\t\t\t<\/div>\n\t\t\t\t<\/div>\n\t\t\t\t\t<\/div>\n\t\t\t\t<\/div>\n\t\t\t\t<\/div>\n\t\t","protected":false},"excerpt":{"rendered":"<p>TDBCN HALLOWEEN En el marc de NUBIA LAB 2025, ESPRONCEDA \u2013 Institute of Art &amp; Culture va presentar TDBCN HALLOWEEN, una edici\u00f3 especial de Halloween de<span class=\"excerpt-hellip\"> [\u2026]<\/span><\/p>\n","protected":false},"author":7,"featured_media":0,"parent":0,"menu_order":0,"comment_status":"closed","ping_status":"closed","template":"","meta":{"footnotes":""},"class_list":["post-4830","page","type-page","status-publish","hentry"],"yoast_head":"<!-- This site is optimized with the Yoast SEO plugin v25.5 - https:\/\/yoast.com\/wordpress\/plugins\/seo\/ -->\n<title>TDBCN HALLOWEEN<\/title>\n<meta name=\"description\" content=\"TDBCN HALLOWEEN, en el marc de NUBIA LAB 2025, una nit de performances audiovisuals, instal\u00b7lacions interactives i caos creatiu.\" \/>\n<meta name=\"robots\" content=\"index, follow, max-snippet:-1, max-image-preview:large, max-video-preview:-1\" \/>\n<link rel=\"canonical\" href=\"https:\/\/nubialabs.com\/ca\/tdbcn-halloween-touchdesigner-barcelona-halloween-special\/\" \/>\n<meta property=\"og:locale\" content=\"ca_ES\" \/>\n<meta property=\"og:type\" content=\"article\" \/>\n<meta property=\"og:title\" content=\"TDBCN HALLOWEEN\" \/>\n<meta property=\"og:description\" content=\"TDBCN HALLOWEEN, en el marc de NUBIA LAB 2025, una nit de performances audiovisuals, instal\u00b7lacions interactives i caos creatiu.\" \/>\n<meta property=\"og:url\" content=\"https:\/\/nubialabs.com\/ca\/tdbcn-halloween-touchdesigner-barcelona-halloween-special\/\" \/>\n<meta property=\"og:site_name\" content=\"NubiaLabs\" \/>\n<meta property=\"article:modified_time\" content=\"2026-03-19T12:59:48+00:00\" \/>\n<meta property=\"og:image\" content=\"https:\/\/nubialabs.com\/wp-content\/uploads\/2023\/05\/ai2-sep1.svg\" \/>\n<meta name=\"twitter:card\" content=\"summary_large_image\" \/>\n<meta name=\"twitter:label1\" content=\"Temps estimat de lectura\" \/>\n\t<meta name=\"twitter:data1\" content=\"3 minuts\" \/>\n<script type=\"application\/ld+json\" class=\"yoast-schema-graph\">{\"@context\":\"https:\/\/schema.org\",\"@graph\":[{\"@type\":\"WebPage\",\"@id\":\"https:\/\/nubialabs.com\/ca\/tdbcn-halloween-touchdesigner-barcelona-halloween-special\/\",\"url\":\"https:\/\/nubialabs.com\/ca\/tdbcn-halloween-touchdesigner-barcelona-halloween-special\/\",\"name\":\"TDBCN HALLOWEEN\",\"isPartOf\":{\"@id\":\"https:\/\/nubialabs.com\/ca\/#website\"},\"primaryImageOfPage\":{\"@id\":\"https:\/\/nubialabs.com\/ca\/tdbcn-halloween-touchdesigner-barcelona-halloween-special\/#primaryimage\"},\"image\":{\"@id\":\"https:\/\/nubialabs.com\/ca\/tdbcn-halloween-touchdesigner-barcelona-halloween-special\/#primaryimage\"},\"thumbnailUrl\":\"https:\/\/nubialabs.com\/wp-content\/uploads\/2023\/05\/ai2-sep1.svg\",\"datePublished\":\"2026-01-29T12:43:56+00:00\",\"dateModified\":\"2026-03-19T12:59:48+00:00\",\"description\":\"TDBCN HALLOWEEN, en el marc de NUBIA LAB 2025, una nit de performances audiovisuals, instal\u00b7lacions interactives i caos creatiu.\",\"breadcrumb\":{\"@id\":\"https:\/\/nubialabs.com\/ca\/tdbcn-halloween-touchdesigner-barcelona-halloween-special\/#breadcrumb\"},\"inLanguage\":\"ca\",\"potentialAction\":[{\"@type\":\"ReadAction\",\"target\":[\"https:\/\/nubialabs.com\/ca\/tdbcn-halloween-touchdesigner-barcelona-halloween-special\/\"]}]},{\"@type\":\"ImageObject\",\"inLanguage\":\"ca\",\"@id\":\"https:\/\/nubialabs.com\/ca\/tdbcn-halloween-touchdesigner-barcelona-halloween-special\/#primaryimage\",\"url\":\"https:\/\/nubialabs.com\/wp-content\/uploads\/2023\/05\/ai2-sep1.svg\",\"contentUrl\":\"https:\/\/nubialabs.com\/wp-content\/uploads\/2023\/05\/ai2-sep1.svg\"},{\"@type\":\"BreadcrumbList\",\"@id\":\"https:\/\/nubialabs.com\/ca\/tdbcn-halloween-touchdesigner-barcelona-halloween-special\/#breadcrumb\",\"itemListElement\":[{\"@type\":\"ListItem\",\"position\":1,\"name\":\"Portada\",\"item\":\"https:\/\/nubialabs.com\/ca\/\"},{\"@type\":\"ListItem\",\"position\":2,\"name\":\"TDBCN HALLOWEEN \u2013 TouchDesigner Barcelona Halloween Special\"}]},{\"@type\":\"WebSite\",\"@id\":\"https:\/\/nubialabs.com\/ca\/#website\",\"url\":\"https:\/\/nubialabs.com\/ca\/\",\"name\":\"NubiaLabs\",\"description\":\"Incubadora de proyectos art\u00edsticos\",\"publisher\":{\"@id\":\"https:\/\/nubialabs.com\/ca\/#organization\"},\"potentialAction\":[{\"@type\":\"SearchAction\",\"target\":{\"@type\":\"EntryPoint\",\"urlTemplate\":\"https:\/\/nubialabs.com\/ca\/?s={search_term_string}\"},\"query-input\":{\"@type\":\"PropertyValueSpecification\",\"valueRequired\":true,\"valueName\":\"search_term_string\"}}],\"inLanguage\":\"ca\"},{\"@type\":\"Organization\",\"@id\":\"https:\/\/nubialabs.com\/ca\/#organization\",\"name\":\"NubiaLabs\",\"url\":\"https:\/\/nubialabs.com\/ca\/\",\"logo\":{\"@type\":\"ImageObject\",\"inLanguage\":\"ca\",\"@id\":\"https:\/\/nubialabs.com\/ca\/#\/schema\/logo\/image\/\",\"url\":\"https:\/\/nubialabs.com\/wp-content\/uploads\/2023\/10\/Nubialabs_color.webp\",\"contentUrl\":\"https:\/\/nubialabs.com\/wp-content\/uploads\/2023\/10\/Nubialabs_color.webp\",\"width\":2000,\"height\":2000,\"caption\":\"NubiaLabs\"},\"image\":{\"@id\":\"https:\/\/nubialabs.com\/ca\/#\/schema\/logo\/image\/\"}}]}<\/script>\n<!-- \/ Yoast SEO plugin. -->","yoast_head_json":{"title":"TDBCN HALLOWEEN","description":"TDBCN HALLOWEEN, en el marc de NUBIA LAB 2025, una nit de performances audiovisuals, instal\u00b7lacions interactives i caos creatiu.","robots":{"index":"index","follow":"follow","max-snippet":"max-snippet:-1","max-image-preview":"max-image-preview:large","max-video-preview":"max-video-preview:-1"},"canonical":"https:\/\/nubialabs.com\/ca\/tdbcn-halloween-touchdesigner-barcelona-halloween-special\/","og_locale":"ca_ES","og_type":"article","og_title":"TDBCN HALLOWEEN","og_description":"TDBCN HALLOWEEN, en el marc de NUBIA LAB 2025, una nit de performances audiovisuals, instal\u00b7lacions interactives i caos creatiu.","og_url":"https:\/\/nubialabs.com\/ca\/tdbcn-halloween-touchdesigner-barcelona-halloween-special\/","og_site_name":"NubiaLabs","article_modified_time":"2026-03-19T12:59:48+00:00","og_image":[{"url":"https:\/\/nubialabs.com\/wp-content\/uploads\/2023\/05\/ai2-sep1.svg","type":"","width":"","height":""}],"twitter_card":"summary_large_image","twitter_misc":{"Temps estimat de lectura":"3 minuts"},"schema":{"@context":"https:\/\/schema.org","@graph":[{"@type":"WebPage","@id":"https:\/\/nubialabs.com\/ca\/tdbcn-halloween-touchdesigner-barcelona-halloween-special\/","url":"https:\/\/nubialabs.com\/ca\/tdbcn-halloween-touchdesigner-barcelona-halloween-special\/","name":"TDBCN HALLOWEEN","isPartOf":{"@id":"https:\/\/nubialabs.com\/ca\/#website"},"primaryImageOfPage":{"@id":"https:\/\/nubialabs.com\/ca\/tdbcn-halloween-touchdesigner-barcelona-halloween-special\/#primaryimage"},"image":{"@id":"https:\/\/nubialabs.com\/ca\/tdbcn-halloween-touchdesigner-barcelona-halloween-special\/#primaryimage"},"thumbnailUrl":"https:\/\/nubialabs.com\/wp-content\/uploads\/2023\/05\/ai2-sep1.svg","datePublished":"2026-01-29T12:43:56+00:00","dateModified":"2026-03-19T12:59:48+00:00","description":"TDBCN HALLOWEEN, en el marc de NUBIA LAB 2025, una nit de performances audiovisuals, instal\u00b7lacions interactives i caos creatiu.","breadcrumb":{"@id":"https:\/\/nubialabs.com\/ca\/tdbcn-halloween-touchdesigner-barcelona-halloween-special\/#breadcrumb"},"inLanguage":"ca","potentialAction":[{"@type":"ReadAction","target":["https:\/\/nubialabs.com\/ca\/tdbcn-halloween-touchdesigner-barcelona-halloween-special\/"]}]},{"@type":"ImageObject","inLanguage":"ca","@id":"https:\/\/nubialabs.com\/ca\/tdbcn-halloween-touchdesigner-barcelona-halloween-special\/#primaryimage","url":"https:\/\/nubialabs.com\/wp-content\/uploads\/2023\/05\/ai2-sep1.svg","contentUrl":"https:\/\/nubialabs.com\/wp-content\/uploads\/2023\/05\/ai2-sep1.svg"},{"@type":"BreadcrumbList","@id":"https:\/\/nubialabs.com\/ca\/tdbcn-halloween-touchdesigner-barcelona-halloween-special\/#breadcrumb","itemListElement":[{"@type":"ListItem","position":1,"name":"Portada","item":"https:\/\/nubialabs.com\/ca\/"},{"@type":"ListItem","position":2,"name":"TDBCN HALLOWEEN \u2013 TouchDesigner Barcelona Halloween Special"}]},{"@type":"WebSite","@id":"https:\/\/nubialabs.com\/ca\/#website","url":"https:\/\/nubialabs.com\/ca\/","name":"NubiaLabs","description":"Incubadora de proyectos art\u00edsticos","publisher":{"@id":"https:\/\/nubialabs.com\/ca\/#organization"},"potentialAction":[{"@type":"SearchAction","target":{"@type":"EntryPoint","urlTemplate":"https:\/\/nubialabs.com\/ca\/?s={search_term_string}"},"query-input":{"@type":"PropertyValueSpecification","valueRequired":true,"valueName":"search_term_string"}}],"inLanguage":"ca"},{"@type":"Organization","@id":"https:\/\/nubialabs.com\/ca\/#organization","name":"NubiaLabs","url":"https:\/\/nubialabs.com\/ca\/","logo":{"@type":"ImageObject","inLanguage":"ca","@id":"https:\/\/nubialabs.com\/ca\/#\/schema\/logo\/image\/","url":"https:\/\/nubialabs.com\/wp-content\/uploads\/2023\/10\/Nubialabs_color.webp","contentUrl":"https:\/\/nubialabs.com\/wp-content\/uploads\/2023\/10\/Nubialabs_color.webp","width":2000,"height":2000,"caption":"NubiaLabs"},"image":{"@id":"https:\/\/nubialabs.com\/ca\/#\/schema\/logo\/image\/"}}]}},"_links":{"self":[{"href":"https:\/\/nubialabs.com\/ca\/wp-json\/wp\/v2\/pages\/4830","targetHints":{"allow":["GET"]}}],"collection":[{"href":"https:\/\/nubialabs.com\/ca\/wp-json\/wp\/v2\/pages"}],"about":[{"href":"https:\/\/nubialabs.com\/ca\/wp-json\/wp\/v2\/types\/page"}],"author":[{"embeddable":true,"href":"https:\/\/nubialabs.com\/ca\/wp-json\/wp\/v2\/users\/7"}],"replies":[{"embeddable":true,"href":"https:\/\/nubialabs.com\/ca\/wp-json\/wp\/v2\/comments?post=4830"}],"version-history":[{"count":6,"href":"https:\/\/nubialabs.com\/ca\/wp-json\/wp\/v2\/pages\/4830\/revisions"}],"predecessor-version":[{"id":5044,"href":"https:\/\/nubialabs.com\/ca\/wp-json\/wp\/v2\/pages\/4830\/revisions\/5044"}],"wp:attachment":[{"href":"https:\/\/nubialabs.com\/ca\/wp-json\/wp\/v2\/media?parent=4830"}],"curies":[{"name":"wp","href":"https:\/\/api.w.org\/{rel}","templated":true}]}}