{"id":4868,"date":"2026-01-29T13:57:23","date_gmt":"2026-01-29T12:57:23","guid":{"rendered":"https:\/\/nubialabs.com\/?page_id=4868"},"modified":"2026-03-19T13:59:13","modified_gmt":"2026-03-19T12:59:13","slug":"sensai-hack-2025-xr-ai-hackathon","status":"publish","type":"page","link":"https:\/\/nubialabs.com\/ca\/sensai-hack-2025-xr-ai-hackathon\/","title":{"rendered":"SensAI Hack 2025 \u2013 XR &amp; AI Hackathon"},"content":{"rendered":"\t\t<div data-elementor-type=\"wp-page\" data-elementor-id=\"4868\" class=\"elementor elementor-4868 elementor-4866\">\n\t\t\t\t<div class=\"elementor-element elementor-element-f3a62cd e-flex e-con-boxed e-con e-parent\" data-id=\"f3a62cd\" data-element_type=\"container\">\n\t\t\t\t\t<div class=\"e-con-inner\">\n\t\t\t\t<div class=\"elementor-element elementor-element-025634e elementor-widget elementor-widget-heading\" data-id=\"025634e\" data-element_type=\"widget\" data-widget_type=\"heading.default\">\n\t\t\t\t<div class=\"elementor-widget-container\">\n\t\t\t\t\t<h1 class=\"elementor-heading-title elementor-size-default\">SensAI Hack 2025 \u2013 XR &amp; AI Hackathon<\/h1>\t\t\t\t<\/div>\n\t\t\t\t<\/div>\n\t\t\t\t\t<\/div>\n\t\t\t\t<\/div>\n\t\t<div class=\"elementor-element elementor-element-0e89c7f e-flex e-con-boxed e-con e-parent\" data-id=\"0e89c7f\" data-element_type=\"container\">\n\t\t\t\t\t<div class=\"e-con-inner\">\n\t\t\t\t<div class=\"elementor-element elementor-element-7162d66 elementor-widget elementor-widget-image\" data-id=\"7162d66\" data-element_type=\"widget\" data-widget_type=\"image.default\">\n\t\t\t\t<div class=\"elementor-widget-container\">\n\t\t\t\t\t\t\t\t\t\t\t\t\t\t\t<img decoding=\"async\" src=\"https:\/\/nubialabs.com\/wp-content\/uploads\/2023\/05\/ai2-sep1.svg\" title=\"\" alt=\"\" loading=\"lazy\" \/>\t\t\t\t\t\t\t\t\t\t\t\t\t\t\t<\/div>\n\t\t\t\t<\/div>\n\t\t\t\t\t<\/div>\n\t\t\t\t<\/div>\n\t\t<div class=\"elementor-element elementor-element-20106c5 e-grid e-con-boxed e-con e-parent\" data-id=\"20106c5\" data-element_type=\"container\">\n\t\t\t\t\t<div class=\"e-con-inner\">\n\t\t\t\t<div class=\"elementor-element elementor-element-925e954 elementor-widget elementor-widget-image\" data-id=\"925e954\" data-element_type=\"widget\" data-widget_type=\"image.default\">\n\t\t\t\t<div class=\"elementor-widget-container\">\n\t\t\t\t\t\t\t\t\t\t\t\t\t\t\t<img fetchpriority=\"high\" decoding=\"async\" width=\"800\" height=\"1000\" src=\"https:\/\/nubialabs.com\/wp-content\/uploads\/2026\/01\/FINAL_flyer-2.png\" class=\"attachment-large size-large wp-image-4877\" alt=\"SensAI Hack 2025 \u2013 XR &amp; AI Hackathon\" srcset=\"https:\/\/nubialabs.com\/wp-content\/uploads\/2026\/01\/FINAL_flyer-2.png 800w, https:\/\/nubialabs.com\/wp-content\/uploads\/2026\/01\/FINAL_flyer-2-400x500.png 400w, https:\/\/nubialabs.com\/wp-content\/uploads\/2026\/01\/FINAL_flyer-2-240x300.png 240w, https:\/\/nubialabs.com\/wp-content\/uploads\/2026\/01\/FINAL_flyer-2-768x960.png 768w, https:\/\/nubialabs.com\/wp-content\/uploads\/2026\/01\/FINAL_flyer-2-60x75.png 60w, https:\/\/nubialabs.com\/wp-content\/uploads\/2026\/01\/FINAL_flyer-2-480x600.png 480w\" sizes=\"(max-width:767px) 480px, (max-width:800px) 100vw, 800px\" \/>\t\t\t\t\t\t\t\t\t\t\t\t\t\t\t<\/div>\n\t\t\t\t<\/div>\n\t\t\t\t<div class=\"elementor-element elementor-element-240b896 elementor-widget elementor-widget-image\" data-id=\"240b896\" data-element_type=\"widget\" data-widget_type=\"image.default\">\n\t\t\t\t<div class=\"elementor-widget-container\">\n\t\t\t\t\t\t\t\t\t\t\t\t\t\t\t<img decoding=\"async\" width=\"960\" height=\"1200\" src=\"https:\/\/nubialabs.com\/wp-content\/uploads\/2026\/02\/FINAL-CAT-1-960x1200.png\" class=\"attachment-large size-large wp-image-5178\" alt=\"sensai hack cat\" srcset=\"https:\/\/nubialabs.com\/wp-content\/uploads\/2026\/02\/FINAL-CAT-1-960x1200.png 960w, https:\/\/nubialabs.com\/wp-content\/uploads\/2026\/02\/FINAL-CAT-1-400x500.png 400w, https:\/\/nubialabs.com\/wp-content\/uploads\/2026\/02\/FINAL-CAT-1-240x300.png 240w, https:\/\/nubialabs.com\/wp-content\/uploads\/2026\/02\/FINAL-CAT-1-768x960.png 768w, https:\/\/nubialabs.com\/wp-content\/uploads\/2026\/02\/FINAL-CAT-1-60x75.png 60w, https:\/\/nubialabs.com\/wp-content\/uploads\/2026\/02\/FINAL-CAT-1-480x600.png 480w\" sizes=\"(max-width:767px) 480px, (max-width:960px) 100vw, 960px\" \/>\t\t\t\t\t\t\t\t\t\t\t\t\t\t\t<\/div>\n\t\t\t\t<\/div>\n\t\t\t\t\t<\/div>\n\t\t\t\t<\/div>\n\t\t<div class=\"elementor-element elementor-element-963ef4a e-flex e-con-boxed e-con e-parent\" data-id=\"963ef4a\" data-element_type=\"container\">\n\t\t\t\t\t<div class=\"e-con-inner\">\n\t\t\t\t<div class=\"elementor-element elementor-element-5a88b27 elementor-widget-divider--view-line elementor-widget elementor-widget-divider\" data-id=\"5a88b27\" data-element_type=\"widget\" data-widget_type=\"divider.default\">\n\t\t\t\t<div class=\"elementor-widget-container\">\n\t\t\t\t\t\t\t<div class=\"elementor-divider\">\n\t\t\t<span class=\"elementor-divider-separator\">\n\t\t\t\t\t\t<\/span>\n\t\t<\/div>\n\t\t\t\t\t\t<\/div>\n\t\t\t\t<\/div>\n\t\t\t\t<div class=\"elementor-element elementor-element-163534d elementor-widget elementor-widget-text-editor\" data-id=\"163534d\" data-element_type=\"widget\" data-widget_type=\"text-editor.default\">\n\t\t\t\t<div class=\"elementor-widget-container\">\n\t\t\t\t\t\t\t\t\t<p>ESPRONCEDA Institute of Art &amp; Culture va presentar amb orgull <strong>SensAI Hack Barcelona 2025<\/strong>, la hackat\u00f3 d&#8217;IA m\u00e9s gran del m\u00f3n, que va reunir <strong>150 enginyers de XR i AI <\/strong>per desenvolupar jocs, aplicacions i prototips utilitzant tecnologies d&#8217;avantguarda en intel\u00b7lig\u00e8ncia artificial, visi\u00f3 per ordinador i realitat estesa.<\/p><p>Celebrat del <strong>16 al 18 de novembre de 2025<\/strong>, l&#8217;esdeveniment va oferir als participants una oportunitat \u00fanica per aprendre dels principals experts del sector, col\u00b7laborar en projectes innovadors i emp\u00e8nyer els l\u00edmits de XR i IA dins d&#8217;experi\u00e8ncies immersives. La hackat\u00f3 formava part del programa <strong>IMMENSIVA 2025.<\/strong> <\/p><p> <\/p><p><strong>Hackathon Highlights<\/strong><br>El programa va comptar amb un jurat d&#8217;alt perfil i mentors d&#8217;Unity, Meta i Owlchemy Labs, juntament amb tallers pr\u00e0ctics gratu\u00efts centrats en XR, IA, visi\u00f3 per ordinador i creaci\u00f3 de jocs d&#8217;Horizon Worlds. Els participants es van connectar amb una comunitat internacional de desenvolupadors i creadors i van competir per un billet de premis de 10.000 d\u00f2lars, amb oportunitats addicionals per accedir a competicions globals que superen el mili\u00f3 de d\u00f2lars.<br><br> <\/p><p> <\/p><p><strong>Per a desenvolupadors de jocs i estudis<\/strong><br>SensAI Hack va proporcionar als estudis de jocs i desenvolupadors independents l&#8217;oportunitat d&#8217;experimentar amb nova mec\u00e0nica i joc social VR, integrant la IA i la visi\u00f3 per ordinador en els seus projectes. Els participants van aprendre a dissenyar jocs socials d&#8217;Horitz\u00f3 Worlds, construir experi\u00e8ncies immersives de VR i van rebre la mentoria de professionals l\u00edders en els camps de XR i AI. <\/p><p> <\/p><p><strong>Sobre SensAI Hack<\/strong><br>SensAI Hack \u00e9s la primera XR Champions League mundial, reunint a m\u00e9s de 500 desenvolupadors XR i AI a trav\u00e9s de hackathons in situ celebrats a Londres, Col\u00f2nia (Gamescom Week at STARTPLATZ), Barcelona (abans d&#8217;Unite 2025), i San Francisco (Frontier Tower). Organitzat per XR Bootcamp en col\u00b7laboraci\u00f3 amb Meta, el programa va presentar reptes del m\u00f3n real i oportunitats de premis, fomentant la innovaci\u00f3, el creixement professional i el networking internacional. Al llarg de les hackathons, els participants van treballar amb les \u00faltimes piles de tecnologia XR i AI i van col\u00b7laborar directament amb els responsables de la presa de decisions de la ind\u00fastria.<br><br>  <\/p><p>Com a SensAI Hack Network Partner, ESPRONCEDA va donar suport a la col\u00b7laboraci\u00f3 internacional i va contribuir al desenvolupament de projectes d&#8217;art i joc digital immersius, \u00e8tics i sostenibles, refor\u00e7ant el seu comprom\u00eds amb la innovaci\u00f3 dins de l&#8217;ecosistema XR.<\/p>\t\t\t\t\t\t\t\t<\/div>\n\t\t\t\t<\/div>\n\t\t\t\t<div class=\"elementor-element elementor-element-a510855 elementor-arrows-position-inside elementor-pagination-position-outside elementor-widget elementor-widget-image-carousel\" data-id=\"a510855\" data-element_type=\"widget\" data-settings=\"{&quot;navigation&quot;:&quot;both&quot;,&quot;autoplay&quot;:&quot;yes&quot;,&quot;pause_on_hover&quot;:&quot;yes&quot;,&quot;pause_on_interaction&quot;:&quot;yes&quot;,&quot;autoplay_speed&quot;:5000,&quot;infinite&quot;:&quot;yes&quot;,&quot;speed&quot;:500}\" data-widget_type=\"image-carousel.default\">\n\t\t\t\t<div class=\"elementor-widget-container\">\n\t\t\t\t\t\t\t<div class=\"elementor-image-carousel-wrapper swiper\" role=\"region\" aria-roledescription=\"carousel\" aria-label=\"Image Carousel\" dir=\"ltr\">\n\t\t\t<div class=\"elementor-image-carousel swiper-wrapper\" aria-live=\"off\">\n\t\t\t\t\t\t\t\t<div class=\"swiper-slide\" role=\"group\" aria-roledescription=\"slide\" aria-label=\"1 de 4\"><figure class=\"swiper-slide-inner\"><img decoding=\"async\" class=\"swiper-slide-image\" src=\"https:\/\/nubialabs.com\/wp-content\/uploads\/2026\/01\/20251209_170947-rotated.jpg\" alt=\"sensai hack\" \/><\/figure><\/div><div class=\"swiper-slide\" role=\"group\" aria-roledescription=\"slide\" aria-label=\"2 de 4\"><figure class=\"swiper-slide-inner\"><img decoding=\"async\" class=\"swiper-slide-image\" src=\"https:\/\/nubialabs.com\/wp-content\/uploads\/2026\/01\/20251209_110059-rotated.jpg\" alt=\"sensai hack\" \/><\/figure><\/div><div class=\"swiper-slide\" role=\"group\" aria-roledescription=\"slide\" aria-label=\"3 de 4\"><figure class=\"swiper-slide-inner\"><img decoding=\"async\" class=\"swiper-slide-image\" src=\"https:\/\/nubialabs.com\/wp-content\/uploads\/2026\/01\/20251209_171119-rotated.jpg\" alt=\"sensai hack\" \/><\/figure><\/div><div class=\"swiper-slide\" role=\"group\" aria-roledescription=\"slide\" aria-label=\"4 de 4\"><figure class=\"swiper-slide-inner\"><img decoding=\"async\" class=\"swiper-slide-image\" src=\"https:\/\/nubialabs.com\/wp-content\/uploads\/2026\/01\/20251209_171324-rotated.jpg\" alt=\"sensai hack\" \/><\/figure><\/div>\t\t\t<\/div>\n\t\t\t\t\t\t\t\t\t\t\t\t<div class=\"elementor-swiper-button elementor-swiper-button-prev\" role=\"button\" tabindex=\"0\">\n\t\t\t\t\t\t<i aria-hidden=\"true\" class=\"eicon-chevron-left\"><\/i>\t\t\t\t\t<\/div>\n\t\t\t\t\t<div class=\"elementor-swiper-button elementor-swiper-button-next\" role=\"button\" tabindex=\"0\">\n\t\t\t\t\t\t<i aria-hidden=\"true\" class=\"eicon-chevron-right\"><\/i>\t\t\t\t\t<\/div>\n\t\t\t\t\n\t\t\t\t\t\t\t\t\t<div class=\"swiper-pagination\"><\/div>\n\t\t\t\t\t\t\t\t\t<\/div>\n\t\t\t\t\t\t<\/div>\n\t\t\t\t<\/div>\n\t\t\t\t\t<\/div>\n\t\t\t\t<\/div>\n\t\t\t\t<\/div>\n\t\t","protected":false},"excerpt":{"rendered":"<p>SensAI Hack 2025 \u2013 XR &amp; AI Hackathon ESPRONCEDA Institute of Art &amp; Culture va presentar amb orgull SensAI Hack Barcelona 2025, la hackat\u00f3 d&#8217;IA m\u00e9s<span class=\"excerpt-hellip\"> [\u2026]<\/span><\/p>\n","protected":false},"author":7,"featured_media":0,"parent":0,"menu_order":0,"comment_status":"closed","ping_status":"closed","template":"","meta":{"footnotes":""},"class_list":["post-4868","page","type-page","status-publish","hentry"],"yoast_head":"<!-- This site is optimized with the Yoast SEO plugin v25.5 - https:\/\/yoast.com\/wordpress\/plugins\/seo\/ -->\n<title>SensAI Hack 2025 \u2013 XR &amp; AI Hackathon<\/title>\n<meta name=\"description\" content=\"L&#039;acte de cloenda de SensAI Hackademy Barcelona 2025, que reuneix la comunitat global XR, AI i creativa.\" \/>\n<meta name=\"robots\" content=\"index, follow, max-snippet:-1, max-image-preview:large, max-video-preview:-1\" \/>\n<link rel=\"canonical\" href=\"https:\/\/nubialabs.com\/ca\/sensai-hack-2025-xr-ai-hackathon\/\" \/>\n<meta property=\"og:locale\" content=\"ca_ES\" \/>\n<meta property=\"og:type\" content=\"article\" \/>\n<meta property=\"og:title\" content=\"SensAI Hack 2025 \u2013 XR &amp; AI Hackathon\" \/>\n<meta property=\"og:description\" content=\"L&#039;acte de cloenda de SensAI Hackademy Barcelona 2025, que reuneix la comunitat global XR, AI i creativa.\" \/>\n<meta property=\"og:url\" content=\"https:\/\/nubialabs.com\/ca\/sensai-hack-2025-xr-ai-hackathon\/\" \/>\n<meta property=\"og:site_name\" content=\"NubiaLabs\" \/>\n<meta property=\"article:modified_time\" content=\"2026-03-19T12:59:13+00:00\" \/>\n<meta property=\"og:image\" content=\"https:\/\/nubialabs.com\/wp-content\/uploads\/2023\/05\/ai2-sep1.svg\" \/>\n<meta name=\"twitter:card\" content=\"summary_large_image\" \/>\n<meta name=\"twitter:label1\" content=\"Temps estimat de lectura\" \/>\n\t<meta name=\"twitter:data1\" content=\"4 minuts\" \/>\n<script type=\"application\/ld+json\" class=\"yoast-schema-graph\">{\"@context\":\"https:\/\/schema.org\",\"@graph\":[{\"@type\":\"WebPage\",\"@id\":\"https:\/\/nubialabs.com\/ca\/sensai-hack-2025-xr-ai-hackathon\/\",\"url\":\"https:\/\/nubialabs.com\/ca\/sensai-hack-2025-xr-ai-hackathon\/\",\"name\":\"SensAI Hack 2025 \u2013 XR & AI Hackathon\",\"isPartOf\":{\"@id\":\"https:\/\/nubialabs.com\/ca\/#website\"},\"primaryImageOfPage\":{\"@id\":\"https:\/\/nubialabs.com\/ca\/sensai-hack-2025-xr-ai-hackathon\/#primaryimage\"},\"image\":{\"@id\":\"https:\/\/nubialabs.com\/ca\/sensai-hack-2025-xr-ai-hackathon\/#primaryimage\"},\"thumbnailUrl\":\"https:\/\/nubialabs.com\/wp-content\/uploads\/2023\/05\/ai2-sep1.svg\",\"datePublished\":\"2026-01-29T12:57:23+00:00\",\"dateModified\":\"2026-03-19T12:59:13+00:00\",\"description\":\"L'acte de cloenda de SensAI Hackademy Barcelona 2025, que reuneix la comunitat global XR, AI i creativa.\",\"breadcrumb\":{\"@id\":\"https:\/\/nubialabs.com\/ca\/sensai-hack-2025-xr-ai-hackathon\/#breadcrumb\"},\"inLanguage\":\"ca\",\"potentialAction\":[{\"@type\":\"ReadAction\",\"target\":[\"https:\/\/nubialabs.com\/ca\/sensai-hack-2025-xr-ai-hackathon\/\"]}]},{\"@type\":\"ImageObject\",\"inLanguage\":\"ca\",\"@id\":\"https:\/\/nubialabs.com\/ca\/sensai-hack-2025-xr-ai-hackathon\/#primaryimage\",\"url\":\"https:\/\/nubialabs.com\/wp-content\/uploads\/2023\/05\/ai2-sep1.svg\",\"contentUrl\":\"https:\/\/nubialabs.com\/wp-content\/uploads\/2023\/05\/ai2-sep1.svg\"},{\"@type\":\"BreadcrumbList\",\"@id\":\"https:\/\/nubialabs.com\/ca\/sensai-hack-2025-xr-ai-hackathon\/#breadcrumb\",\"itemListElement\":[{\"@type\":\"ListItem\",\"position\":1,\"name\":\"Portada\",\"item\":\"https:\/\/nubialabs.com\/ca\/\"},{\"@type\":\"ListItem\",\"position\":2,\"name\":\"SensAI Hack 2025 \u2013 XR &amp; AI Hackathon\"}]},{\"@type\":\"WebSite\",\"@id\":\"https:\/\/nubialabs.com\/ca\/#website\",\"url\":\"https:\/\/nubialabs.com\/ca\/\",\"name\":\"NubiaLabs\",\"description\":\"Incubadora de proyectos art\u00edsticos\",\"publisher\":{\"@id\":\"https:\/\/nubialabs.com\/ca\/#organization\"},\"potentialAction\":[{\"@type\":\"SearchAction\",\"target\":{\"@type\":\"EntryPoint\",\"urlTemplate\":\"https:\/\/nubialabs.com\/ca\/?s={search_term_string}\"},\"query-input\":{\"@type\":\"PropertyValueSpecification\",\"valueRequired\":true,\"valueName\":\"search_term_string\"}}],\"inLanguage\":\"ca\"},{\"@type\":\"Organization\",\"@id\":\"https:\/\/nubialabs.com\/ca\/#organization\",\"name\":\"NubiaLabs\",\"url\":\"https:\/\/nubialabs.com\/ca\/\",\"logo\":{\"@type\":\"ImageObject\",\"inLanguage\":\"ca\",\"@id\":\"https:\/\/nubialabs.com\/ca\/#\/schema\/logo\/image\/\",\"url\":\"https:\/\/nubialabs.com\/wp-content\/uploads\/2023\/10\/Nubialabs_color.webp\",\"contentUrl\":\"https:\/\/nubialabs.com\/wp-content\/uploads\/2023\/10\/Nubialabs_color.webp\",\"width\":2000,\"height\":2000,\"caption\":\"NubiaLabs\"},\"image\":{\"@id\":\"https:\/\/nubialabs.com\/ca\/#\/schema\/logo\/image\/\"}}]}<\/script>\n<!-- \/ Yoast SEO plugin. -->","yoast_head_json":{"title":"SensAI Hack 2025 \u2013 XR & AI Hackathon","description":"L'acte de cloenda de SensAI Hackademy Barcelona 2025, que reuneix la comunitat global XR, AI i creativa.","robots":{"index":"index","follow":"follow","max-snippet":"max-snippet:-1","max-image-preview":"max-image-preview:large","max-video-preview":"max-video-preview:-1"},"canonical":"https:\/\/nubialabs.com\/ca\/sensai-hack-2025-xr-ai-hackathon\/","og_locale":"ca_ES","og_type":"article","og_title":"SensAI Hack 2025 \u2013 XR & AI Hackathon","og_description":"L'acte de cloenda de SensAI Hackademy Barcelona 2025, que reuneix la comunitat global XR, AI i creativa.","og_url":"https:\/\/nubialabs.com\/ca\/sensai-hack-2025-xr-ai-hackathon\/","og_site_name":"NubiaLabs","article_modified_time":"2026-03-19T12:59:13+00:00","og_image":[{"url":"https:\/\/nubialabs.com\/wp-content\/uploads\/2023\/05\/ai2-sep1.svg","type":"","width":"","height":""}],"twitter_card":"summary_large_image","twitter_misc":{"Temps estimat de lectura":"4 minuts"},"schema":{"@context":"https:\/\/schema.org","@graph":[{"@type":"WebPage","@id":"https:\/\/nubialabs.com\/ca\/sensai-hack-2025-xr-ai-hackathon\/","url":"https:\/\/nubialabs.com\/ca\/sensai-hack-2025-xr-ai-hackathon\/","name":"SensAI Hack 2025 \u2013 XR & AI Hackathon","isPartOf":{"@id":"https:\/\/nubialabs.com\/ca\/#website"},"primaryImageOfPage":{"@id":"https:\/\/nubialabs.com\/ca\/sensai-hack-2025-xr-ai-hackathon\/#primaryimage"},"image":{"@id":"https:\/\/nubialabs.com\/ca\/sensai-hack-2025-xr-ai-hackathon\/#primaryimage"},"thumbnailUrl":"https:\/\/nubialabs.com\/wp-content\/uploads\/2023\/05\/ai2-sep1.svg","datePublished":"2026-01-29T12:57:23+00:00","dateModified":"2026-03-19T12:59:13+00:00","description":"L'acte de cloenda de SensAI Hackademy Barcelona 2025, que reuneix la comunitat global XR, AI i creativa.","breadcrumb":{"@id":"https:\/\/nubialabs.com\/ca\/sensai-hack-2025-xr-ai-hackathon\/#breadcrumb"},"inLanguage":"ca","potentialAction":[{"@type":"ReadAction","target":["https:\/\/nubialabs.com\/ca\/sensai-hack-2025-xr-ai-hackathon\/"]}]},{"@type":"ImageObject","inLanguage":"ca","@id":"https:\/\/nubialabs.com\/ca\/sensai-hack-2025-xr-ai-hackathon\/#primaryimage","url":"https:\/\/nubialabs.com\/wp-content\/uploads\/2023\/05\/ai2-sep1.svg","contentUrl":"https:\/\/nubialabs.com\/wp-content\/uploads\/2023\/05\/ai2-sep1.svg"},{"@type":"BreadcrumbList","@id":"https:\/\/nubialabs.com\/ca\/sensai-hack-2025-xr-ai-hackathon\/#breadcrumb","itemListElement":[{"@type":"ListItem","position":1,"name":"Portada","item":"https:\/\/nubialabs.com\/ca\/"},{"@type":"ListItem","position":2,"name":"SensAI Hack 2025 \u2013 XR &amp; AI Hackathon"}]},{"@type":"WebSite","@id":"https:\/\/nubialabs.com\/ca\/#website","url":"https:\/\/nubialabs.com\/ca\/","name":"NubiaLabs","description":"Incubadora de proyectos art\u00edsticos","publisher":{"@id":"https:\/\/nubialabs.com\/ca\/#organization"},"potentialAction":[{"@type":"SearchAction","target":{"@type":"EntryPoint","urlTemplate":"https:\/\/nubialabs.com\/ca\/?s={search_term_string}"},"query-input":{"@type":"PropertyValueSpecification","valueRequired":true,"valueName":"search_term_string"}}],"inLanguage":"ca"},{"@type":"Organization","@id":"https:\/\/nubialabs.com\/ca\/#organization","name":"NubiaLabs","url":"https:\/\/nubialabs.com\/ca\/","logo":{"@type":"ImageObject","inLanguage":"ca","@id":"https:\/\/nubialabs.com\/ca\/#\/schema\/logo\/image\/","url":"https:\/\/nubialabs.com\/wp-content\/uploads\/2023\/10\/Nubialabs_color.webp","contentUrl":"https:\/\/nubialabs.com\/wp-content\/uploads\/2023\/10\/Nubialabs_color.webp","width":2000,"height":2000,"caption":"NubiaLabs"},"image":{"@id":"https:\/\/nubialabs.com\/ca\/#\/schema\/logo\/image\/"}}]}},"_links":{"self":[{"href":"https:\/\/nubialabs.com\/ca\/wp-json\/wp\/v2\/pages\/4868","targetHints":{"allow":["GET"]}}],"collection":[{"href":"https:\/\/nubialabs.com\/ca\/wp-json\/wp\/v2\/pages"}],"about":[{"href":"https:\/\/nubialabs.com\/ca\/wp-json\/wp\/v2\/types\/page"}],"author":[{"embeddable":true,"href":"https:\/\/nubialabs.com\/ca\/wp-json\/wp\/v2\/users\/7"}],"replies":[{"embeddable":true,"href":"https:\/\/nubialabs.com\/ca\/wp-json\/wp\/v2\/comments?post=4868"}],"version-history":[{"count":13,"href":"https:\/\/nubialabs.com\/ca\/wp-json\/wp\/v2\/pages\/4868\/revisions"}],"predecessor-version":[{"id":5183,"href":"https:\/\/nubialabs.com\/ca\/wp-json\/wp\/v2\/pages\/4868\/revisions\/5183"}],"wp:attachment":[{"href":"https:\/\/nubialabs.com\/ca\/wp-json\/wp\/v2\/media?parent=4868"}],"curies":[{"name":"wp","href":"https:\/\/api.w.org\/{rel}","templated":true}]}}