{"id":4915,"date":"2026-01-29T15:33:32","date_gmt":"2026-01-29T14:33:32","guid":{"rendered":"https:\/\/nubialabs.com\/?page_id=4915"},"modified":"2026-02-09T13:46:36","modified_gmt":"2026-02-09T12:46:36","slug":"dialegs-amb-la-ia-al-pavello-mies-van-der-rohe-amb-lobra-the-forest-circle-of-sound-de-kat-pegler","status":"publish","type":"page","link":"https:\/\/nubialabs.com\/ca\/dialegs-amb-la-ia-al-pavello-mies-van-der-rohe-amb-lobra-the-forest-circle-of-sound-de-kat-pegler\/","title":{"rendered":"\u201cDi\u00e0legs amb la IA\u201d al Pavell\u00f3 Mies van der Rohe"},"content":{"rendered":"\t\t<div data-elementor-type=\"wp-page\" data-elementor-id=\"4915\" class=\"elementor elementor-4915 elementor-4913\">\n\t\t\t\t<div class=\"elementor-element elementor-element-f3a62cd e-flex e-con-boxed e-con e-parent\" data-id=\"f3a62cd\" data-element_type=\"container\">\n\t\t\t\t\t<div class=\"e-con-inner\">\n\t\t\t\t<div class=\"elementor-element elementor-element-025634e elementor-widget elementor-widget-heading\" data-id=\"025634e\" data-element_type=\"widget\" data-widget_type=\"heading.default\">\n\t\t\t\t<div class=\"elementor-widget-container\">\n\t\t\t\t\t<h1 class=\"elementor-heading-title elementor-size-default\">\u201cDi\u00e0legs amb la IA\u201d amb l\u2019obra \u201cThe Forest Circle of Sound\u201d de Kat Pegler<\/h1>\t\t\t\t<\/div>\n\t\t\t\t<\/div>\n\t\t\t\t\t<\/div>\n\t\t\t\t<\/div>\n\t\t<div class=\"elementor-element elementor-element-0e89c7f e-flex e-con-boxed e-con e-parent\" data-id=\"0e89c7f\" data-element_type=\"container\">\n\t\t\t\t\t<div class=\"e-con-inner\">\n\t\t\t\t<div class=\"elementor-element elementor-element-7162d66 elementor-widget elementor-widget-image\" data-id=\"7162d66\" data-element_type=\"widget\" data-widget_type=\"image.default\">\n\t\t\t\t<div class=\"elementor-widget-container\">\n\t\t\t\t\t\t\t\t\t\t\t\t\t\t\t<img decoding=\"async\" src=\"https:\/\/nubialabs.com\/wp-content\/uploads\/2023\/05\/ai2-sep1.svg\" title=\"\" alt=\"\" loading=\"lazy\" \/>\t\t\t\t\t\t\t\t\t\t\t\t\t\t\t<\/div>\n\t\t\t\t<\/div>\n\t\t\t\t\t<\/div>\n\t\t\t\t<\/div>\n\t\t<div class=\"elementor-element elementor-element-8062903 e-flex e-con-boxed e-con e-parent\" data-id=\"8062903\" data-element_type=\"container\">\n\t\t\t\t\t<div class=\"e-con-inner\">\n\t\t\t\t<div class=\"elementor-element elementor-element-79f62ca elementor-widget elementor-widget-image\" data-id=\"79f62ca\" data-element_type=\"widget\" data-widget_type=\"image.default\">\n\t\t\t\t<div class=\"elementor-widget-container\">\n\t\t\t\t\t\t\t\t\t\t\t\t\t\t\t<img fetchpriority=\"high\" decoding=\"async\" width=\"768\" height=\"960\" src=\"https:\/\/nubialabs.com\/wp-content\/uploads\/2026\/01\/dialeg-amb-la-ia-FINAL-768x960.png\" class=\"attachment-medium_large size-medium_large wp-image-4919\" alt=\"Di\u00e0legs amb la IA\" srcset=\"https:\/\/nubialabs.com\/wp-content\/uploads\/2026\/01\/dialeg-amb-la-ia-FINAL-768x960.png 768w, https:\/\/nubialabs.com\/wp-content\/uploads\/2026\/01\/dialeg-amb-la-ia-FINAL-400x500.png 400w, https:\/\/nubialabs.com\/wp-content\/uploads\/2026\/01\/dialeg-amb-la-ia-FINAL-240x300.png 240w, https:\/\/nubialabs.com\/wp-content\/uploads\/2026\/01\/dialeg-amb-la-ia-FINAL-60x75.png 60w, https:\/\/nubialabs.com\/wp-content\/uploads\/2026\/01\/dialeg-amb-la-ia-FINAL-480x600.png 480w\" sizes=\"(max-width:767px) 480px, (max-width:768px) 100vw, 768px\" \/>\t\t\t\t\t\t\t\t\t\t\t\t\t\t\t<\/div>\n\t\t\t\t<\/div>\n\t\t\t\t<div class=\"elementor-element elementor-element-37e2362 elementor-widget elementor-widget-text-editor\" data-id=\"37e2362\" data-element_type=\"widget\" data-widget_type=\"text-editor.default\">\n\t\t\t\t<div class=\"elementor-widget-container\">\n\t\t\t\t\t\t\t\t\t<p>El <strong>dimarts 9 de desembre<\/strong> de 2025, a les 17:00 h, ESPRONCEDA \u2013 Institute of Art &amp; Culture va presentar <strong>The Forest Circle of Sound,<\/strong> un projecte immersiu de l&#8217;artista<strong> Kat Pegler,<\/strong> en el marc del col\u00b7loqui <em><strong>Di\u00e0leg amb la IA \u00b7 Laboratori dels Sentits<\/strong><\/em>, organitzat dins de la intervenci\u00f3 art\u00edstica en curs <strong>Di\u00e0legs amb la Natura<\/strong> al <strong>Pavell\u00f3 Mies van der Rohe.<\/strong><\/p><p>La jornada oferia un espai de trobada on l&#8217;art, l&#8217;arquitectura, la natura i la intel\u00b7lig\u00e8ncia artificial interactuaven com a territoris de creaci\u00f3, sensibilitat i transformaci\u00f3. L&#8217;obra de Pegler emmarcava aquesta reflexi\u00f3 sobre l&#8217;espai com a mat\u00e8ria viva en constant flux, recordant el concepte heraclit\u00e0 panta rhei (\u201ctot flueix\u201d), i proporcionava una meditaci\u00f3 sensorial, po\u00e8tica i cr\u00edtica sobre la nostra relaci\u00f3 amb l&#8217;entorn, la tecnologia i la creativitat.<\/p><p><strong>Sobre The Forest Circle of Sound and Kat Pegler<\/strong><br \/><em>The Forest Circle of Sound<\/em> \u00e9s una instal\u00b7laci\u00f3 audiovisual immersiva i performance creada per Kat Pegler, directora creativa, artista interdisciplin\u00e0ria i investigadora que treballa en la intersecci\u00f3 de la cultura, el clima i la tecnologia. La seva pr\u00e0ctica investiga com la imaginaci\u00f3 pot actuar com una infraestructura per al canvi, integrant el so, l&#8217;ecologia i els mitjans immersius per dissenyar futurs m\u00e9s inclusius i sostenibles.<\/p><p>L&#8217;obra combinava m\u00fasica composta en estat de flux, enregistraments de camp espacial i projeccions reactives de llum i aigua, generant un entorn sensorial on es convidava a sentir el p\u00fablic en lloc de simplement observar. Desenvolupat amb el suport d&#8217;Arts Council England i VOICE EU, el projecte va explorar enfocaments de disseny neuro-inclusiu i ecoac\u00fastic, oferint m\u00faltiples rutes d&#8217;acc\u00e9s -so, vibraci\u00f3 i moviment visual- per fomentar l&#8217;empatia ecol\u00f2gica i l&#8217;accessibilitat.<\/p><p><em>The Forest Circle of Sound<\/em> es va presentar en el marc de NUBIA LAB INCUBATION AI M\u00d3NS 2025 a ESPRONCEDA, destacant la reflexi\u00f3 de Pegler sobre la delicada interacci\u00f3 entre medi ambient, tecnologia i percepci\u00f3 humana.<\/p><p><strong>Pr\u00f2xima exposici\u00f3 &#8211; Regina Saura a ESPRONCEDA<\/strong><br \/>Seguint el di\u00e0leg entre natura, art i arquitectura, ESPRONCEDA acollir\u00e0 una exposici\u00f3 individual de Regina Saura del 12 al 19 de febrer de 2026. L&#8217;exposici\u00f3 convida el p\u00fablic a explorar el seu univers pict\u00f2ric, el llenguatge crom\u00e0tic i l&#8217;aproximaci\u00f3 emocional al paisatge, estenent la conversa iniciada al Pavell\u00f3 Mies van der Rohe en un context m\u00e9s \u00edntim i experimental. Reimagina el di\u00e0leg entre la fragilitat, la llum, la natura i la percepci\u00f3 dins de l&#8217;espai expositiu d&#8217;ESPRONCEDA.<\/p>\t\t\t\t\t\t\t\t<\/div>\n\t\t\t\t<\/div>\n\t\t\t\t<div class=\"elementor-element elementor-element-00d8461 elementor-arrows-position-inside elementor-pagination-position-outside elementor-widget elementor-widget-image-carousel\" data-id=\"00d8461\" data-element_type=\"widget\" data-settings=\"{&quot;navigation&quot;:&quot;both&quot;,&quot;autoplay&quot;:&quot;yes&quot;,&quot;pause_on_hover&quot;:&quot;yes&quot;,&quot;pause_on_interaction&quot;:&quot;yes&quot;,&quot;autoplay_speed&quot;:5000,&quot;infinite&quot;:&quot;yes&quot;,&quot;speed&quot;:500}\" data-widget_type=\"image-carousel.default\">\n\t\t\t\t<div class=\"elementor-widget-container\">\n\t\t\t\t\t\t\t<div class=\"elementor-image-carousel-wrapper swiper\" role=\"region\" aria-roledescription=\"carousel\" aria-label=\"Image Carousel\" dir=\"ltr\">\n\t\t\t<div class=\"elementor-image-carousel swiper-wrapper\" aria-live=\"off\">\n\t\t\t\t\t\t\t\t<div class=\"swiper-slide\" role=\"group\" aria-roledescription=\"slide\" aria-label=\"1 de 5\"><figure class=\"swiper-slide-inner\"><img decoding=\"async\" class=\"swiper-slide-image\" src=\"https:\/\/nubialabs.com\/wp-content\/uploads\/2026\/01\/4-500x333.jpg\" alt=\"Di\u00e0legs amb la IA\" \/><\/figure><\/div><div class=\"swiper-slide\" role=\"group\" aria-roledescription=\"slide\" aria-label=\"2 de 5\"><figure class=\"swiper-slide-inner\"><img decoding=\"async\" class=\"swiper-slide-image\" src=\"https:\/\/nubialabs.com\/wp-content\/uploads\/2026\/01\/5-1-500x333.jpg\" alt=\"Di\u00e0legs amb la IA\" \/><\/figure><\/div><div class=\"swiper-slide\" role=\"group\" aria-roledescription=\"slide\" aria-label=\"3 de 5\"><figure class=\"swiper-slide-inner\"><img decoding=\"async\" class=\"swiper-slide-image\" src=\"https:\/\/nubialabs.com\/wp-content\/uploads\/2026\/01\/IMG_3016-500x333.jpg\" alt=\"Di\u00e0legs amb la IA\" \/><\/figure><\/div><div class=\"swiper-slide\" role=\"group\" aria-roledescription=\"slide\" aria-label=\"4 de 5\"><figure class=\"swiper-slide-inner\"><img decoding=\"async\" class=\"swiper-slide-image\" src=\"https:\/\/nubialabs.com\/wp-content\/uploads\/2026\/01\/IMG_3133-500x333.jpg\" alt=\"Di\u00e0legs amb la IA\" \/><\/figure><\/div><div class=\"swiper-slide\" role=\"group\" aria-roledescription=\"slide\" aria-label=\"5 de 5\"><figure class=\"swiper-slide-inner\"><img decoding=\"async\" class=\"swiper-slide-image\" src=\"https:\/\/nubialabs.com\/wp-content\/uploads\/2026\/01\/IMG_3207-500x333.jpg\" alt=\"Di\u00e0legs amb la IA\" \/><\/figure><\/div>\t\t\t<\/div>\n\t\t\t\t\t\t\t\t\t\t\t\t<div class=\"elementor-swiper-button elementor-swiper-button-prev\" role=\"button\" tabindex=\"0\">\n\t\t\t\t\t\t<i aria-hidden=\"true\" class=\"eicon-chevron-left\"><\/i>\t\t\t\t\t<\/div>\n\t\t\t\t\t<div class=\"elementor-swiper-button elementor-swiper-button-next\" role=\"button\" tabindex=\"0\">\n\t\t\t\t\t\t<i aria-hidden=\"true\" class=\"eicon-chevron-right\"><\/i>\t\t\t\t\t<\/div>\n\t\t\t\t\n\t\t\t\t\t\t\t\t\t<div class=\"swiper-pagination\"><\/div>\n\t\t\t\t\t\t\t\t\t<\/div>\n\t\t\t\t\t\t<\/div>\n\t\t\t\t<\/div>\n\t\t\t\t\t<\/div>\n\t\t\t\t<\/div>\n\t\t\t\t<\/div>\n\t\t","protected":false},"excerpt":{"rendered":"<p>\u201cDi\u00e0legs amb la IA\u201d amb l\u2019obra \u201cThe Forest Circle of Sound\u201d de Kat Pegler El dimarts 9 de desembre de 2025, a les 17:00 h, ESPRONCEDA<span class=\"excerpt-hellip\"> [\u2026]<\/span><\/p>\n","protected":false},"author":7,"featured_media":0,"parent":0,"menu_order":0,"comment_status":"closed","ping_status":"closed","template":"","meta":{"footnotes":""},"class_list":["post-4915","page","type-page","status-publish","hentry"],"yoast_head":"<!-- This site is optimized with the Yoast SEO plugin v25.5 - https:\/\/yoast.com\/wordpress\/plugins\/seo\/ -->\n<title>&quot;Di\u00e0legs amb la IA&quot; al Pavell\u00f3 Mies van der Rohe<\/title>\n<meta name=\"description\" content=\"ESPRONCEDA presenta The Forest Circle of Sound (Kat Pegler), en el marc del col\u00b7loqui Di\u00e0leg amb la IA \u00b7 Laboratori dels Sentits.\" \/>\n<meta name=\"robots\" content=\"index, follow, max-snippet:-1, max-image-preview:large, max-video-preview:-1\" \/>\n<link rel=\"canonical\" href=\"https:\/\/nubialabs.com\/ca\/dialegs-amb-la-ia-al-pavello-mies-van-der-rohe-amb-lobra-the-forest-circle-of-sound-de-kat-pegler\/\" \/>\n<meta property=\"og:locale\" content=\"ca_ES\" \/>\n<meta property=\"og:type\" content=\"article\" \/>\n<meta property=\"og:title\" content=\"&quot;Di\u00e0legs amb la IA&quot; al Pavell\u00f3 Mies van der Rohe\" \/>\n<meta property=\"og:description\" content=\"ESPRONCEDA presenta The Forest Circle of Sound (Kat Pegler), en el marc del col\u00b7loqui Di\u00e0leg amb la IA \u00b7 Laboratori dels Sentits.\" \/>\n<meta property=\"og:url\" content=\"https:\/\/nubialabs.com\/ca\/dialegs-amb-la-ia-al-pavello-mies-van-der-rohe-amb-lobra-the-forest-circle-of-sound-de-kat-pegler\/\" \/>\n<meta property=\"og:site_name\" content=\"NubiaLabs\" \/>\n<meta property=\"article:modified_time\" content=\"2026-02-09T12:46:36+00:00\" \/>\n<meta property=\"og:image\" content=\"https:\/\/nubialabs.com\/wp-content\/uploads\/2023\/05\/ai2-sep1.svg\" \/>\n<meta name=\"twitter:card\" content=\"summary_large_image\" \/>\n<meta name=\"twitter:label1\" content=\"Temps estimat de lectura\" \/>\n\t<meta name=\"twitter:data1\" content=\"4 minuts\" \/>\n<script type=\"application\/ld+json\" class=\"yoast-schema-graph\">{\"@context\":\"https:\/\/schema.org\",\"@graph\":[{\"@type\":\"WebPage\",\"@id\":\"https:\/\/nubialabs.com\/ca\/dialegs-amb-la-ia-al-pavello-mies-van-der-rohe-amb-lobra-the-forest-circle-of-sound-de-kat-pegler\/\",\"url\":\"https:\/\/nubialabs.com\/ca\/dialegs-amb-la-ia-al-pavello-mies-van-der-rohe-amb-lobra-the-forest-circle-of-sound-de-kat-pegler\/\",\"name\":\"\\\"Di\u00e0legs amb la IA\\\" al Pavell\u00f3 Mies van der Rohe\",\"isPartOf\":{\"@id\":\"https:\/\/nubialabs.com\/ca\/#website\"},\"primaryImageOfPage\":{\"@id\":\"https:\/\/nubialabs.com\/ca\/dialegs-amb-la-ia-al-pavello-mies-van-der-rohe-amb-lobra-the-forest-circle-of-sound-de-kat-pegler\/#primaryimage\"},\"image\":{\"@id\":\"https:\/\/nubialabs.com\/ca\/dialegs-amb-la-ia-al-pavello-mies-van-der-rohe-amb-lobra-the-forest-circle-of-sound-de-kat-pegler\/#primaryimage\"},\"thumbnailUrl\":\"https:\/\/nubialabs.com\/wp-content\/uploads\/2023\/05\/ai2-sep1.svg\",\"datePublished\":\"2026-01-29T14:33:32+00:00\",\"dateModified\":\"2026-02-09T12:46:36+00:00\",\"description\":\"ESPRONCEDA presenta The Forest Circle of Sound (Kat Pegler), en el marc del col\u00b7loqui Di\u00e0leg amb la IA \u00b7 Laboratori dels Sentits.\",\"breadcrumb\":{\"@id\":\"https:\/\/nubialabs.com\/ca\/dialegs-amb-la-ia-al-pavello-mies-van-der-rohe-amb-lobra-the-forest-circle-of-sound-de-kat-pegler\/#breadcrumb\"},\"inLanguage\":\"ca\",\"potentialAction\":[{\"@type\":\"ReadAction\",\"target\":[\"https:\/\/nubialabs.com\/ca\/dialegs-amb-la-ia-al-pavello-mies-van-der-rohe-amb-lobra-the-forest-circle-of-sound-de-kat-pegler\/\"]}]},{\"@type\":\"ImageObject\",\"inLanguage\":\"ca\",\"@id\":\"https:\/\/nubialabs.com\/ca\/dialegs-amb-la-ia-al-pavello-mies-van-der-rohe-amb-lobra-the-forest-circle-of-sound-de-kat-pegler\/#primaryimage\",\"url\":\"https:\/\/nubialabs.com\/wp-content\/uploads\/2023\/05\/ai2-sep1.svg\",\"contentUrl\":\"https:\/\/nubialabs.com\/wp-content\/uploads\/2023\/05\/ai2-sep1.svg\"},{\"@type\":\"BreadcrumbList\",\"@id\":\"https:\/\/nubialabs.com\/ca\/dialegs-amb-la-ia-al-pavello-mies-van-der-rohe-amb-lobra-the-forest-circle-of-sound-de-kat-pegler\/#breadcrumb\",\"itemListElement\":[{\"@type\":\"ListItem\",\"position\":1,\"name\":\"Portada\",\"item\":\"https:\/\/nubialabs.com\/ca\/\"},{\"@type\":\"ListItem\",\"position\":2,\"name\":\"\u201cDi\u00e0legs amb la IA\u201d al Pavell\u00f3 Mies van der Rohe\"}]},{\"@type\":\"WebSite\",\"@id\":\"https:\/\/nubialabs.com\/ca\/#website\",\"url\":\"https:\/\/nubialabs.com\/ca\/\",\"name\":\"NubiaLabs\",\"description\":\"Incubadora de proyectos art\u00edsticos\",\"publisher\":{\"@id\":\"https:\/\/nubialabs.com\/ca\/#organization\"},\"potentialAction\":[{\"@type\":\"SearchAction\",\"target\":{\"@type\":\"EntryPoint\",\"urlTemplate\":\"https:\/\/nubialabs.com\/ca\/?s={search_term_string}\"},\"query-input\":{\"@type\":\"PropertyValueSpecification\",\"valueRequired\":true,\"valueName\":\"search_term_string\"}}],\"inLanguage\":\"ca\"},{\"@type\":\"Organization\",\"@id\":\"https:\/\/nubialabs.com\/ca\/#organization\",\"name\":\"NubiaLabs\",\"url\":\"https:\/\/nubialabs.com\/ca\/\",\"logo\":{\"@type\":\"ImageObject\",\"inLanguage\":\"ca\",\"@id\":\"https:\/\/nubialabs.com\/ca\/#\/schema\/logo\/image\/\",\"url\":\"https:\/\/nubialabs.com\/wp-content\/uploads\/2023\/10\/Nubialabs_color.webp\",\"contentUrl\":\"https:\/\/nubialabs.com\/wp-content\/uploads\/2023\/10\/Nubialabs_color.webp\",\"width\":2000,\"height\":2000,\"caption\":\"NubiaLabs\"},\"image\":{\"@id\":\"https:\/\/nubialabs.com\/ca\/#\/schema\/logo\/image\/\"}}]}<\/script>\n<!-- \/ Yoast SEO plugin. -->","yoast_head_json":{"title":"\"Di\u00e0legs amb la IA\" al Pavell\u00f3 Mies van der Rohe","description":"ESPRONCEDA presenta The Forest Circle of Sound (Kat Pegler), en el marc del col\u00b7loqui Di\u00e0leg amb la IA \u00b7 Laboratori dels Sentits.","robots":{"index":"index","follow":"follow","max-snippet":"max-snippet:-1","max-image-preview":"max-image-preview:large","max-video-preview":"max-video-preview:-1"},"canonical":"https:\/\/nubialabs.com\/ca\/dialegs-amb-la-ia-al-pavello-mies-van-der-rohe-amb-lobra-the-forest-circle-of-sound-de-kat-pegler\/","og_locale":"ca_ES","og_type":"article","og_title":"\"Di\u00e0legs amb la IA\" al Pavell\u00f3 Mies van der Rohe","og_description":"ESPRONCEDA presenta The Forest Circle of Sound (Kat Pegler), en el marc del col\u00b7loqui Di\u00e0leg amb la IA \u00b7 Laboratori dels Sentits.","og_url":"https:\/\/nubialabs.com\/ca\/dialegs-amb-la-ia-al-pavello-mies-van-der-rohe-amb-lobra-the-forest-circle-of-sound-de-kat-pegler\/","og_site_name":"NubiaLabs","article_modified_time":"2026-02-09T12:46:36+00:00","og_image":[{"url":"https:\/\/nubialabs.com\/wp-content\/uploads\/2023\/05\/ai2-sep1.svg","type":"","width":"","height":""}],"twitter_card":"summary_large_image","twitter_misc":{"Temps estimat de lectura":"4 minuts"},"schema":{"@context":"https:\/\/schema.org","@graph":[{"@type":"WebPage","@id":"https:\/\/nubialabs.com\/ca\/dialegs-amb-la-ia-al-pavello-mies-van-der-rohe-amb-lobra-the-forest-circle-of-sound-de-kat-pegler\/","url":"https:\/\/nubialabs.com\/ca\/dialegs-amb-la-ia-al-pavello-mies-van-der-rohe-amb-lobra-the-forest-circle-of-sound-de-kat-pegler\/","name":"\"Di\u00e0legs amb la IA\" al Pavell\u00f3 Mies van der Rohe","isPartOf":{"@id":"https:\/\/nubialabs.com\/ca\/#website"},"primaryImageOfPage":{"@id":"https:\/\/nubialabs.com\/ca\/dialegs-amb-la-ia-al-pavello-mies-van-der-rohe-amb-lobra-the-forest-circle-of-sound-de-kat-pegler\/#primaryimage"},"image":{"@id":"https:\/\/nubialabs.com\/ca\/dialegs-amb-la-ia-al-pavello-mies-van-der-rohe-amb-lobra-the-forest-circle-of-sound-de-kat-pegler\/#primaryimage"},"thumbnailUrl":"https:\/\/nubialabs.com\/wp-content\/uploads\/2023\/05\/ai2-sep1.svg","datePublished":"2026-01-29T14:33:32+00:00","dateModified":"2026-02-09T12:46:36+00:00","description":"ESPRONCEDA presenta The Forest Circle of Sound (Kat Pegler), en el marc del col\u00b7loqui Di\u00e0leg amb la IA \u00b7 Laboratori dels Sentits.","breadcrumb":{"@id":"https:\/\/nubialabs.com\/ca\/dialegs-amb-la-ia-al-pavello-mies-van-der-rohe-amb-lobra-the-forest-circle-of-sound-de-kat-pegler\/#breadcrumb"},"inLanguage":"ca","potentialAction":[{"@type":"ReadAction","target":["https:\/\/nubialabs.com\/ca\/dialegs-amb-la-ia-al-pavello-mies-van-der-rohe-amb-lobra-the-forest-circle-of-sound-de-kat-pegler\/"]}]},{"@type":"ImageObject","inLanguage":"ca","@id":"https:\/\/nubialabs.com\/ca\/dialegs-amb-la-ia-al-pavello-mies-van-der-rohe-amb-lobra-the-forest-circle-of-sound-de-kat-pegler\/#primaryimage","url":"https:\/\/nubialabs.com\/wp-content\/uploads\/2023\/05\/ai2-sep1.svg","contentUrl":"https:\/\/nubialabs.com\/wp-content\/uploads\/2023\/05\/ai2-sep1.svg"},{"@type":"BreadcrumbList","@id":"https:\/\/nubialabs.com\/ca\/dialegs-amb-la-ia-al-pavello-mies-van-der-rohe-amb-lobra-the-forest-circle-of-sound-de-kat-pegler\/#breadcrumb","itemListElement":[{"@type":"ListItem","position":1,"name":"Portada","item":"https:\/\/nubialabs.com\/ca\/"},{"@type":"ListItem","position":2,"name":"\u201cDi\u00e0legs amb la IA\u201d al Pavell\u00f3 Mies van der Rohe"}]},{"@type":"WebSite","@id":"https:\/\/nubialabs.com\/ca\/#website","url":"https:\/\/nubialabs.com\/ca\/","name":"NubiaLabs","description":"Incubadora de proyectos art\u00edsticos","publisher":{"@id":"https:\/\/nubialabs.com\/ca\/#organization"},"potentialAction":[{"@type":"SearchAction","target":{"@type":"EntryPoint","urlTemplate":"https:\/\/nubialabs.com\/ca\/?s={search_term_string}"},"query-input":{"@type":"PropertyValueSpecification","valueRequired":true,"valueName":"search_term_string"}}],"inLanguage":"ca"},{"@type":"Organization","@id":"https:\/\/nubialabs.com\/ca\/#organization","name":"NubiaLabs","url":"https:\/\/nubialabs.com\/ca\/","logo":{"@type":"ImageObject","inLanguage":"ca","@id":"https:\/\/nubialabs.com\/ca\/#\/schema\/logo\/image\/","url":"https:\/\/nubialabs.com\/wp-content\/uploads\/2023\/10\/Nubialabs_color.webp","contentUrl":"https:\/\/nubialabs.com\/wp-content\/uploads\/2023\/10\/Nubialabs_color.webp","width":2000,"height":2000,"caption":"NubiaLabs"},"image":{"@id":"https:\/\/nubialabs.com\/ca\/#\/schema\/logo\/image\/"}}]}},"_links":{"self":[{"href":"https:\/\/nubialabs.com\/ca\/wp-json\/wp\/v2\/pages\/4915","targetHints":{"allow":["GET"]}}],"collection":[{"href":"https:\/\/nubialabs.com\/ca\/wp-json\/wp\/v2\/pages"}],"about":[{"href":"https:\/\/nubialabs.com\/ca\/wp-json\/wp\/v2\/types\/page"}],"author":[{"embeddable":true,"href":"https:\/\/nubialabs.com\/ca\/wp-json\/wp\/v2\/users\/7"}],"replies":[{"embeddable":true,"href":"https:\/\/nubialabs.com\/ca\/wp-json\/wp\/v2\/comments?post=4915"}],"version-history":[{"count":13,"href":"https:\/\/nubialabs.com\/ca\/wp-json\/wp\/v2\/pages\/4915\/revisions"}],"predecessor-version":[{"id":5205,"href":"https:\/\/nubialabs.com\/ca\/wp-json\/wp\/v2\/pages\/4915\/revisions\/5205"}],"wp:attachment":[{"href":"https:\/\/nubialabs.com\/ca\/wp-json\/wp\/v2\/media?parent=4915"}],"curies":[{"name":"wp","href":"https:\/\/api.w.org\/{rel}","templated":true}]}}