{"id":5056,"date":"2026-02-02T11:15:30","date_gmt":"2026-02-02T10:15:30","guid":{"rendered":"https:\/\/nubialabs.com\/?page_id=5056"},"modified":"2026-03-04T14:09:18","modified_gmt":"2026-03-04T13:09:18","slug":"bamm-barcelona-ai-music-meetup","status":"publish","type":"page","link":"https:\/\/nubialabs.com\/ca\/bamm-barcelona-ai-music-meetup\/","title":{"rendered":"BAMM \u2013 Barcelona AI Music Meetup"},"content":{"rendered":"\t\t<div data-elementor-type=\"wp-page\" data-elementor-id=\"5056\" class=\"elementor elementor-5056 elementor-5054\">\n\t\t\t\t<div class=\"elementor-element elementor-element-f3a62cd e-flex e-con-boxed e-con e-parent\" data-id=\"f3a62cd\" data-element_type=\"container\">\n\t\t\t\t\t<div class=\"e-con-inner\">\n\t\t\t\t<div class=\"elementor-element elementor-element-025634e elementor-widget elementor-widget-heading\" data-id=\"025634e\" data-element_type=\"widget\" data-widget_type=\"heading.default\">\n\t\t\t\t<div class=\"elementor-widget-container\">\n\t\t\t\t\t<h1 class=\"elementor-heading-title elementor-size-default\">BAMM \u2013 Barcelona AI Music Meetup<\/h1>\t\t\t\t<\/div>\n\t\t\t\t<\/div>\n\t\t\t\t\t<\/div>\n\t\t\t\t<\/div>\n\t\t<div class=\"elementor-element elementor-element-0e89c7f e-flex e-con-boxed e-con e-parent\" data-id=\"0e89c7f\" data-element_type=\"container\">\n\t\t\t\t\t<div class=\"e-con-inner\">\n\t\t\t\t<div class=\"elementor-element elementor-element-7162d66 elementor-widget elementor-widget-image\" data-id=\"7162d66\" data-element_type=\"widget\" data-widget_type=\"image.default\">\n\t\t\t\t<div class=\"elementor-widget-container\">\n\t\t\t\t\t\t\t\t\t\t\t\t\t\t\t<img decoding=\"async\" src=\"https:\/\/nubialabs.com\/wp-content\/uploads\/2023\/05\/ai2-sep1.svg\" title=\"\" alt=\"\" loading=\"lazy\" \/>\t\t\t\t\t\t\t\t\t\t\t\t\t\t\t<\/div>\n\t\t\t\t<\/div>\n\t\t\t\t\t<\/div>\n\t\t\t\t<\/div>\n\t\t<div class=\"elementor-element elementor-element-8062903 e-flex e-con-boxed e-con e-parent\" data-id=\"8062903\" data-element_type=\"container\">\n\t\t\t\t\t<div class=\"e-con-inner\">\n\t\t\t\t<div class=\"elementor-element elementor-element-79f62ca elementor-widget elementor-widget-image\" data-id=\"79f62ca\" data-element_type=\"widget\" data-widget_type=\"image.default\">\n\t\t\t\t<div class=\"elementor-widget-container\">\n\t\t\t\t\t\t\t\t\t\t\t\t\t\t\t<img fetchpriority=\"high\" decoding=\"async\" width=\"768\" height=\"960\" src=\"https:\/\/nubialabs.com\/wp-content\/uploads\/2026\/01\/FINAL-ENG-19.11-768x960.png\" class=\"attachment-medium_large size-medium_large wp-image-4959\" alt=\"BAMM \u2013 Barcelona AI Music Meetup\" srcset=\"https:\/\/nubialabs.com\/wp-content\/uploads\/2026\/01\/FINAL-ENG-19.11-768x960.png 768w, https:\/\/nubialabs.com\/wp-content\/uploads\/2026\/01\/FINAL-ENG-19.11-400x500.png 400w, https:\/\/nubialabs.com\/wp-content\/uploads\/2026\/01\/FINAL-ENG-19.11-240x300.png 240w, https:\/\/nubialabs.com\/wp-content\/uploads\/2026\/01\/FINAL-ENG-19.11-60x75.png 60w, https:\/\/nubialabs.com\/wp-content\/uploads\/2026\/01\/FINAL-ENG-19.11-480x600.png 480w\" sizes=\"(max-width:767px) 480px, (max-width:768px) 100vw, 768px\" \/>\t\t\t\t\t\t\t\t\t\t\t\t\t\t\t<\/div>\n\t\t\t\t<\/div>\n\t\t\t\t<div class=\"elementor-element elementor-element-37e2362 elementor-widget elementor-widget-text-editor\" data-id=\"37e2362\" data-element_type=\"widget\" data-widget_type=\"text-editor.default\">\n\t\t\t\t<div class=\"elementor-widget-container\">\n\t\t\t\t\t\t\t\t\t<p><strong>Barcelona AI Music Meetup \u2013 \u201cU.N.C.A.N.N.Y.\u201d<\/strong><\/p><p>El dimarts <strong>19 de novembre de 2025<\/strong>, de 19:00 a 21:00, ESPRONCEDA \u2013 Institut d&#8217;Art i Cultura va presentar <strong>BAMM \u2014 Barcelona AI Music Meetup<\/strong> al Carrer d&#8217;Espronceda 326, Nau 5, 08027 (Barcelona), en el marc de <strong>NUBIA LAB INCUBACI\u00d3N IA M\u00d3NS 2025.<\/strong><br><\/p><p>La trobada es va dedicar a explorar la intersecci\u00f3 de la <strong>intel\u00b7lig\u00e8ncia artificial i la m\u00fasica<\/strong>, proporcionant un espai per a productors, artistes independents i tecn\u00f2legs creatius per connectar i intercanviar idees.<br>Aquesta edici\u00f3, titulada <strong>\u201cU.N.C.A.N.N.Y.\u201d<\/strong>, es va centrar en les estranyes i fascinants possibilitats del so generat per la IA. El convidat de la sessi\u00f3 va ser <strong>GANTASMO<\/strong>, el projecte musical d&#8217;IA liderat per <strong>Daniel Joaqu\u00edn Trujillo<\/strong> i Josh Valenzuela, i un recent finalista del <strong>AI Song Contest 2024<\/strong>. El seu treball combina la composici\u00f3 neuronal, el so ambiental i la veu humana, abra\u00e7ant la qualitat \u201cgaireb\u00e9 humana\u201d de la m\u00fasica d&#8217;IA com a eina creativa i est\u00e8tica.  <\/p><p>L&#8217;esdeveniment va incloure una<strong> xerrada centrada, una sessi\u00f3 de preguntes i respostes, i un treball en xarxa obert<\/strong>, destacant la pr\u00e0ctica distintiva de GANTASMO en la intersecci\u00f3 de la composici\u00f3 neuronal, la tecnologia immersiva i el rendiment en directe, el tipus de treball de frontera que BAMM va ser dissenyat per mostrar.<\/p>\t\t\t\t\t\t\t\t<\/div>\n\t\t\t\t<\/div>\n\t\t\t\t<div class=\"elementor-element elementor-element-00d8461 elementor-arrows-position-inside elementor-pagination-position-outside elementor-widget elementor-widget-image-carousel\" data-id=\"00d8461\" data-element_type=\"widget\" data-settings=\"{&quot;navigation&quot;:&quot;both&quot;,&quot;autoplay&quot;:&quot;yes&quot;,&quot;pause_on_hover&quot;:&quot;yes&quot;,&quot;pause_on_interaction&quot;:&quot;yes&quot;,&quot;autoplay_speed&quot;:5000,&quot;infinite&quot;:&quot;yes&quot;,&quot;speed&quot;:500}\" data-widget_type=\"image-carousel.default\">\n\t\t\t\t<div class=\"elementor-widget-container\">\n\t\t\t\t\t\t\t<div class=\"elementor-image-carousel-wrapper swiper\" role=\"region\" aria-roledescription=\"carousel\" aria-label=\"Image Carousel\" dir=\"ltr\">\n\t\t\t<div class=\"elementor-image-carousel swiper-wrapper\" aria-live=\"off\">\n\t\t\t\t\t\t\t\t<div class=\"swiper-slide\" role=\"group\" aria-roledescription=\"slide\" aria-label=\"1 de 4\"><figure class=\"swiper-slide-inner\"><img decoding=\"async\" class=\"swiper-slide-image\" src=\"https:\/\/nubialabs.com\/wp-content\/uploads\/2026\/01\/IMG_2380-768x512.jpg\" alt=\"BAMM\" \/><\/figure><\/div><div class=\"swiper-slide\" role=\"group\" aria-roledescription=\"slide\" aria-label=\"2 de 4\"><figure class=\"swiper-slide-inner\"><img decoding=\"async\" class=\"swiper-slide-image\" src=\"https:\/\/nubialabs.com\/wp-content\/uploads\/2026\/01\/IMG_2396-768x512.jpg\" alt=\"BAMM\" \/><\/figure><\/div><div class=\"swiper-slide\" role=\"group\" aria-roledescription=\"slide\" aria-label=\"3 de 4\"><figure class=\"swiper-slide-inner\"><img decoding=\"async\" class=\"swiper-slide-image\" src=\"https:\/\/nubialabs.com\/wp-content\/uploads\/2026\/01\/IMG_2407-768x512.jpg\" alt=\"BAMM\" \/><\/figure><\/div><div class=\"swiper-slide\" role=\"group\" aria-roledescription=\"slide\" aria-label=\"4 de 4\"><figure class=\"swiper-slide-inner\"><img decoding=\"async\" class=\"swiper-slide-image\" src=\"https:\/\/nubialabs.com\/wp-content\/uploads\/2026\/01\/IMG_2441-768x512.jpg\" alt=\"BAMM\" \/><\/figure><\/div>\t\t\t<\/div>\n\t\t\t\t\t\t\t\t\t\t\t\t<div class=\"elementor-swiper-button elementor-swiper-button-prev\" role=\"button\" tabindex=\"0\">\n\t\t\t\t\t\t<i aria-hidden=\"true\" class=\"eicon-chevron-left\"><\/i>\t\t\t\t\t<\/div>\n\t\t\t\t\t<div class=\"elementor-swiper-button elementor-swiper-button-next\" role=\"button\" tabindex=\"0\">\n\t\t\t\t\t\t<i aria-hidden=\"true\" class=\"eicon-chevron-right\"><\/i>\t\t\t\t\t<\/div>\n\t\t\t\t\n\t\t\t\t\t\t\t\t\t<div class=\"swiper-pagination\"><\/div>\n\t\t\t\t\t\t\t\t\t<\/div>\n\t\t\t\t\t\t<\/div>\n\t\t\t\t<\/div>\n\t\t\t\t\t<\/div>\n\t\t\t\t<\/div>\n\t\t\t\t<\/div>\n\t\t","protected":false},"excerpt":{"rendered":"<p>BAMM \u2013 Barcelona AI Music Meetup Barcelona AI Music Meetup \u2013 \u201cU.N.C.A.N.N.Y.\u201d El dimarts 19 de novembre de 2025, de 19:00 a 21:00, ESPRONCEDA \u2013 Institut<span class=\"excerpt-hellip\"> [\u2026]<\/span><\/p>\n","protected":false},"author":7,"featured_media":0,"parent":0,"menu_order":0,"comment_status":"closed","ping_status":"closed","template":"","meta":{"footnotes":""},"class_list":["post-5056","page","type-page","status-publish","hentry"],"yoast_head":"<!-- This site is optimized with the Yoast SEO plugin v25.5 - https:\/\/yoast.com\/wordpress\/plugins\/seo\/ -->\n<title>BAMM \u2013 Barcelona AI Music Meetup<\/title>\n<meta name=\"description\" content=\"BAMM \u2013 Barcelona AI Music Meetup, una trobada dedicada a explorar la intersecci\u00f3 de la intel\u00b7lig\u00e8ncia artificial i la m\u00fasica.\" \/>\n<meta name=\"robots\" content=\"index, follow, max-snippet:-1, max-image-preview:large, max-video-preview:-1\" \/>\n<link rel=\"canonical\" href=\"https:\/\/nubialabs.com\/ca\/bamm-barcelona-ai-music-meetup\/\" \/>\n<meta property=\"og:locale\" content=\"ca_ES\" \/>\n<meta property=\"og:type\" content=\"article\" \/>\n<meta property=\"og:title\" content=\"BAMM \u2013 Barcelona AI Music Meetup\" \/>\n<meta property=\"og:description\" content=\"BAMM \u2013 Barcelona AI Music Meetup, una trobada dedicada a explorar la intersecci\u00f3 de la intel\u00b7lig\u00e8ncia artificial i la m\u00fasica.\" \/>\n<meta property=\"og:url\" content=\"https:\/\/nubialabs.com\/ca\/bamm-barcelona-ai-music-meetup\/\" \/>\n<meta property=\"og:site_name\" content=\"NubiaLabs\" \/>\n<meta property=\"article:modified_time\" content=\"2026-03-04T13:09:18+00:00\" \/>\n<meta property=\"og:image\" content=\"https:\/\/nubialabs.com\/wp-content\/uploads\/2023\/05\/ai2-sep1.svg\" \/>\n<meta name=\"twitter:card\" content=\"summary_large_image\" \/>\n<meta name=\"twitter:label1\" content=\"Temps estimat de lectura\" \/>\n\t<meta name=\"twitter:data1\" content=\"4 minuts\" \/>\n<script type=\"application\/ld+json\" class=\"yoast-schema-graph\">{\"@context\":\"https:\/\/schema.org\",\"@graph\":[{\"@type\":\"WebPage\",\"@id\":\"https:\/\/nubialabs.com\/ca\/bamm-barcelona-ai-music-meetup\/\",\"url\":\"https:\/\/nubialabs.com\/ca\/bamm-barcelona-ai-music-meetup\/\",\"name\":\"BAMM \u2013 Barcelona AI Music Meetup\",\"isPartOf\":{\"@id\":\"https:\/\/nubialabs.com\/ca\/#website\"},\"primaryImageOfPage\":{\"@id\":\"https:\/\/nubialabs.com\/ca\/bamm-barcelona-ai-music-meetup\/#primaryimage\"},\"image\":{\"@id\":\"https:\/\/nubialabs.com\/ca\/bamm-barcelona-ai-music-meetup\/#primaryimage\"},\"thumbnailUrl\":\"https:\/\/nubialabs.com\/wp-content\/uploads\/2023\/05\/ai2-sep1.svg\",\"datePublished\":\"2026-02-02T10:15:30+00:00\",\"dateModified\":\"2026-03-04T13:09:18+00:00\",\"description\":\"BAMM \u2013 Barcelona AI Music Meetup, una trobada dedicada a explorar la intersecci\u00f3 de la intel\u00b7lig\u00e8ncia artificial i la m\u00fasica.\",\"breadcrumb\":{\"@id\":\"https:\/\/nubialabs.com\/ca\/bamm-barcelona-ai-music-meetup\/#breadcrumb\"},\"inLanguage\":\"ca\",\"potentialAction\":[{\"@type\":\"ReadAction\",\"target\":[\"https:\/\/nubialabs.com\/ca\/bamm-barcelona-ai-music-meetup\/\"]}]},{\"@type\":\"ImageObject\",\"inLanguage\":\"ca\",\"@id\":\"https:\/\/nubialabs.com\/ca\/bamm-barcelona-ai-music-meetup\/#primaryimage\",\"url\":\"https:\/\/nubialabs.com\/wp-content\/uploads\/2023\/05\/ai2-sep1.svg\",\"contentUrl\":\"https:\/\/nubialabs.com\/wp-content\/uploads\/2023\/05\/ai2-sep1.svg\"},{\"@type\":\"BreadcrumbList\",\"@id\":\"https:\/\/nubialabs.com\/ca\/bamm-barcelona-ai-music-meetup\/#breadcrumb\",\"itemListElement\":[{\"@type\":\"ListItem\",\"position\":1,\"name\":\"Portada\",\"item\":\"https:\/\/nubialabs.com\/ca\/\"},{\"@type\":\"ListItem\",\"position\":2,\"name\":\"BAMM \u2013 Barcelona AI Music Meetup\"}]},{\"@type\":\"WebSite\",\"@id\":\"https:\/\/nubialabs.com\/ca\/#website\",\"url\":\"https:\/\/nubialabs.com\/ca\/\",\"name\":\"NubiaLabs\",\"description\":\"Incubadora de proyectos art\u00edsticos\",\"publisher\":{\"@id\":\"https:\/\/nubialabs.com\/ca\/#organization\"},\"potentialAction\":[{\"@type\":\"SearchAction\",\"target\":{\"@type\":\"EntryPoint\",\"urlTemplate\":\"https:\/\/nubialabs.com\/ca\/?s={search_term_string}\"},\"query-input\":{\"@type\":\"PropertyValueSpecification\",\"valueRequired\":true,\"valueName\":\"search_term_string\"}}],\"inLanguage\":\"ca\"},{\"@type\":\"Organization\",\"@id\":\"https:\/\/nubialabs.com\/ca\/#organization\",\"name\":\"NubiaLabs\",\"url\":\"https:\/\/nubialabs.com\/ca\/\",\"logo\":{\"@type\":\"ImageObject\",\"inLanguage\":\"ca\",\"@id\":\"https:\/\/nubialabs.com\/ca\/#\/schema\/logo\/image\/\",\"url\":\"https:\/\/nubialabs.com\/wp-content\/uploads\/2023\/10\/Nubialabs_color.webp\",\"contentUrl\":\"https:\/\/nubialabs.com\/wp-content\/uploads\/2023\/10\/Nubialabs_color.webp\",\"width\":2000,\"height\":2000,\"caption\":\"NubiaLabs\"},\"image\":{\"@id\":\"https:\/\/nubialabs.com\/ca\/#\/schema\/logo\/image\/\"}}]}<\/script>\n<!-- \/ Yoast SEO plugin. -->","yoast_head_json":{"title":"BAMM \u2013 Barcelona AI Music Meetup","description":"BAMM \u2013 Barcelona AI Music Meetup, una trobada dedicada a explorar la intersecci\u00f3 de la intel\u00b7lig\u00e8ncia artificial i la m\u00fasica.","robots":{"index":"index","follow":"follow","max-snippet":"max-snippet:-1","max-image-preview":"max-image-preview:large","max-video-preview":"max-video-preview:-1"},"canonical":"https:\/\/nubialabs.com\/ca\/bamm-barcelona-ai-music-meetup\/","og_locale":"ca_ES","og_type":"article","og_title":"BAMM \u2013 Barcelona AI Music Meetup","og_description":"BAMM \u2013 Barcelona AI Music Meetup, una trobada dedicada a explorar la intersecci\u00f3 de la intel\u00b7lig\u00e8ncia artificial i la m\u00fasica.","og_url":"https:\/\/nubialabs.com\/ca\/bamm-barcelona-ai-music-meetup\/","og_site_name":"NubiaLabs","article_modified_time":"2026-03-04T13:09:18+00:00","og_image":[{"url":"https:\/\/nubialabs.com\/wp-content\/uploads\/2023\/05\/ai2-sep1.svg","type":"","width":"","height":""}],"twitter_card":"summary_large_image","twitter_misc":{"Temps estimat de lectura":"4 minuts"},"schema":{"@context":"https:\/\/schema.org","@graph":[{"@type":"WebPage","@id":"https:\/\/nubialabs.com\/ca\/bamm-barcelona-ai-music-meetup\/","url":"https:\/\/nubialabs.com\/ca\/bamm-barcelona-ai-music-meetup\/","name":"BAMM \u2013 Barcelona AI Music Meetup","isPartOf":{"@id":"https:\/\/nubialabs.com\/ca\/#website"},"primaryImageOfPage":{"@id":"https:\/\/nubialabs.com\/ca\/bamm-barcelona-ai-music-meetup\/#primaryimage"},"image":{"@id":"https:\/\/nubialabs.com\/ca\/bamm-barcelona-ai-music-meetup\/#primaryimage"},"thumbnailUrl":"https:\/\/nubialabs.com\/wp-content\/uploads\/2023\/05\/ai2-sep1.svg","datePublished":"2026-02-02T10:15:30+00:00","dateModified":"2026-03-04T13:09:18+00:00","description":"BAMM \u2013 Barcelona AI Music Meetup, una trobada dedicada a explorar la intersecci\u00f3 de la intel\u00b7lig\u00e8ncia artificial i la m\u00fasica.","breadcrumb":{"@id":"https:\/\/nubialabs.com\/ca\/bamm-barcelona-ai-music-meetup\/#breadcrumb"},"inLanguage":"ca","potentialAction":[{"@type":"ReadAction","target":["https:\/\/nubialabs.com\/ca\/bamm-barcelona-ai-music-meetup\/"]}]},{"@type":"ImageObject","inLanguage":"ca","@id":"https:\/\/nubialabs.com\/ca\/bamm-barcelona-ai-music-meetup\/#primaryimage","url":"https:\/\/nubialabs.com\/wp-content\/uploads\/2023\/05\/ai2-sep1.svg","contentUrl":"https:\/\/nubialabs.com\/wp-content\/uploads\/2023\/05\/ai2-sep1.svg"},{"@type":"BreadcrumbList","@id":"https:\/\/nubialabs.com\/ca\/bamm-barcelona-ai-music-meetup\/#breadcrumb","itemListElement":[{"@type":"ListItem","position":1,"name":"Portada","item":"https:\/\/nubialabs.com\/ca\/"},{"@type":"ListItem","position":2,"name":"BAMM \u2013 Barcelona AI Music Meetup"}]},{"@type":"WebSite","@id":"https:\/\/nubialabs.com\/ca\/#website","url":"https:\/\/nubialabs.com\/ca\/","name":"NubiaLabs","description":"Incubadora de proyectos art\u00edsticos","publisher":{"@id":"https:\/\/nubialabs.com\/ca\/#organization"},"potentialAction":[{"@type":"SearchAction","target":{"@type":"EntryPoint","urlTemplate":"https:\/\/nubialabs.com\/ca\/?s={search_term_string}"},"query-input":{"@type":"PropertyValueSpecification","valueRequired":true,"valueName":"search_term_string"}}],"inLanguage":"ca"},{"@type":"Organization","@id":"https:\/\/nubialabs.com\/ca\/#organization","name":"NubiaLabs","url":"https:\/\/nubialabs.com\/ca\/","logo":{"@type":"ImageObject","inLanguage":"ca","@id":"https:\/\/nubialabs.com\/ca\/#\/schema\/logo\/image\/","url":"https:\/\/nubialabs.com\/wp-content\/uploads\/2023\/10\/Nubialabs_color.webp","contentUrl":"https:\/\/nubialabs.com\/wp-content\/uploads\/2023\/10\/Nubialabs_color.webp","width":2000,"height":2000,"caption":"NubiaLabs"},"image":{"@id":"https:\/\/nubialabs.com\/ca\/#\/schema\/logo\/image\/"}}]}},"_links":{"self":[{"href":"https:\/\/nubialabs.com\/ca\/wp-json\/wp\/v2\/pages\/5056","targetHints":{"allow":["GET"]}}],"collection":[{"href":"https:\/\/nubialabs.com\/ca\/wp-json\/wp\/v2\/pages"}],"about":[{"href":"https:\/\/nubialabs.com\/ca\/wp-json\/wp\/v2\/types\/page"}],"author":[{"embeddable":true,"href":"https:\/\/nubialabs.com\/ca\/wp-json\/wp\/v2\/users\/7"}],"replies":[{"embeddable":true,"href":"https:\/\/nubialabs.com\/ca\/wp-json\/wp\/v2\/comments?post=5056"}],"version-history":[{"count":7,"href":"https:\/\/nubialabs.com\/ca\/wp-json\/wp\/v2\/pages\/5056\/revisions"}],"predecessor-version":[{"id":5490,"href":"https:\/\/nubialabs.com\/ca\/wp-json\/wp\/v2\/pages\/5056\/revisions\/5490"}],"wp:attachment":[{"href":"https:\/\/nubialabs.com\/ca\/wp-json\/wp\/v2\/media?parent=5056"}],"curies":[{"name":"wp","href":"https:\/\/api.w.org\/{rel}","templated":true}]}}