{"id":5234,"date":"2026-02-20T11:15:01","date_gmt":"2026-02-20T10:15:01","guid":{"rendered":"https:\/\/nubialabs.com\/?page_id=5234"},"modified":"2026-03-11T14:33:57","modified_gmt":"2026-03-11T13:33:57","slug":"nubia-labs-2026","status":"publish","type":"page","link":"https:\/\/nubialabs.com\/ca\/nubia-labs-2026\/","title":{"rendered":"Nubia Labs 2026"},"content":{"rendered":"\t\t<div data-elementor-type=\"wp-page\" data-elementor-id=\"5234\" class=\"elementor elementor-5234 elementor-5232\">\n\t\t\t\t<div class=\"elementor-element elementor-element-f3a62cd e-flex e-con-boxed e-con e-parent\" data-id=\"f3a62cd\" data-element_type=\"container\">\n\t\t\t\t\t<div class=\"e-con-inner\">\n\t\t\t\t<div class=\"elementor-element elementor-element-025634e elementor-widget elementor-widget-heading\" data-id=\"025634e\" data-element_type=\"widget\" data-widget_type=\"heading.default\">\n\t\t\t\t<div class=\"elementor-widget-container\">\n\t\t\t\t\t<h1 class=\"elementor-heading-title elementor-size-default\">Nubia Labs 2026<\/h1>\t\t\t\t<\/div>\n\t\t\t\t<\/div>\n\t\t\t\t\t<\/div>\n\t\t\t\t<\/div>\n\t\t<div class=\"elementor-element elementor-element-0e89c7f e-flex e-con-boxed e-con e-parent\" data-id=\"0e89c7f\" data-element_type=\"container\">\n\t\t\t\t\t<div class=\"e-con-inner\">\n\t\t\t\t<div class=\"elementor-element elementor-element-306d302 elementor-widget elementor-widget-heading\" data-id=\"306d302\" data-element_type=\"widget\" data-widget_type=\"heading.default\">\n\t\t\t\t<div class=\"elementor-widget-container\">\n\t\t\t\t\t<h2 class=\"elementor-heading-title elementor-size-default\">Computaci\u00f3 Espacial i el Poder Transversal de l'Art Digital<\/h2>\t\t\t\t<\/div>\n\t\t\t\t<\/div>\n\t\t\t\t<div class=\"elementor-element elementor-element-7162d66 elementor-widget elementor-widget-image\" data-id=\"7162d66\" data-element_type=\"widget\" data-widget_type=\"image.default\">\n\t\t\t\t<div class=\"elementor-widget-container\">\n\t\t\t\t\t\t\t\t\t\t\t\t\t\t\t<img decoding=\"async\" src=\"https:\/\/nubialabs.com\/wp-content\/uploads\/2023\/05\/ai2-sep1.svg\" title=\"\" alt=\"\" loading=\"lazy\" \/>\t\t\t\t\t\t\t\t\t\t\t\t\t\t\t<\/div>\n\t\t\t\t<\/div>\n\t\t\t\t\t<\/div>\n\t\t\t\t<\/div>\n\t\t<div class=\"elementor-element elementor-element-8062903 e-flex e-con-boxed e-con e-parent\" data-id=\"8062903\" data-element_type=\"container\">\n\t\t\t\t\t<div class=\"e-con-inner\">\n\t\t\t\t<div class=\"elementor-element elementor-element-37e2362 elementor-widget elementor-widget-text-editor\" data-id=\"37e2362\" data-element_type=\"widget\" data-widget_type=\"text-editor.default\">\n\t\t\t\t<div class=\"elementor-widget-container\">\n\t\t\t\t\t\t\t\t\t<p><strong>NUBIA Labs 2026<\/strong> \u00e9s un programa d&#8217;incubaci\u00f3 i acompanyament professional dirigit a projectes d&#8217;art digital i computaci\u00f3 espacial, incloent-hi tecnologies com XR (AR\/VR\/MR), intel\u00b7lig\u00e8ncia artificial creativa, instal\u00b7lacions interactives en temps real i entorns immersius.<\/p><p>En la seva 4a edici\u00f3, se centra en la incubaci\u00f3 de projectes d&#8217;art digital que treballen amb computaci\u00f3 espacial (XR\/AR\/MR, IA creativa, instal\u00b7lacions interactives en temps real, entorns immersius i pr\u00e0ctiques participatives), mantenint el programa deliberadament obert per a acollir una \u00e0mplia diversitat de llenguatges i formats.<\/p><p>Com a vertical creat per <strong>ESPRONCEDA \u2013 Institute of Art &amp; Culture<\/strong>, NUBIA Labs connecta creaci\u00f3 art\u00edstica, tecnologia i desenvolupament professional, facilitant que projectes emergents evolucionin des de prototips cap a propostes culturals consolidades preparades per a la seva circulaci\u00f3 en festivals, museus i altres circuits culturals.<\/p><p>\u00a0<\/p><h4>Objectius del programa<\/h4><p>El programa t\u00e9 com a objectiu donar suport al desenvolupament de projectes mitjan\u00e7ant un proc\u00e9s d&#8217;incubaci\u00f3 que combina mentoria especialitzada, formaci\u00f3 i presentaci\u00f3 p\u00fablica.<\/p><p>Els seus principals objectius s\u00f3n:<\/p><ul><li>Incubar projectes ja existents (amb prototip o MVP) per a convertir-los en propostes culturals consolidades.<\/li><li>Accelerar la seva maduresa t\u00e8cnica i art\u00edstica mitjan\u00e7ant mentoria 360\u00e8 i sprints de millora.<\/li><li>Consolidar l&#8217;ecosistema d&#8217;art digital a Catalunya amb projecci\u00f3 nacional i internacional.<\/li><li>Connectar als equips amb xarxes professionals, festivals i plataformes del sector creatiu i tecnol\u00f2gic.<\/li><\/ul><p>En 2026 el programa preveu incubar entre 10 i 15 projectes.<\/p><p>\u00a0<\/p><h4>Selecci\u00f3 de projectes<\/h4><p>La novetat de NUBIA Labs 2026 \u00e9s que la incubaci\u00f3 de projectes es realitzar\u00e0 des de gener. Per tant, es inic\u00f3 la selecci\u00f3 de projectes per l&#8217;equip curatorial ja en l&#8217;\u00faltim trimestre del 2025. Aquests projectes ja han rebut o estan rebent el suport d&#8217;incubaci\u00f3.<\/p><p>Es tracta de:<\/p><ul><li>Bosc de Missatges \u2014 Ariadna Cort\u00e9s i Luis Sentis<\/li><li>Digital Monuments\u2014 Love Antell i Lena Trapp<\/li><li>Refracciones de un gesto \u2014 Ailin Bars<\/li><li>Simbi\u00f2tica \u2014 Pol Ros<\/li><\/ul><p>\u00a0<\/p><h4>Convocat\u00f2ria oberta<\/h4><p>Al mar\u00e7 de 2026, NUBIA Labs llan\u00e7a una convocat\u00f2ria p\u00fablica internacional per a incorporar entre <strong>6 i 10 projectes addicionals al programa d&#8217;incubaci\u00f3<\/strong>. La convocat\u00f2ria es difondr\u00e0 a trav\u00e9s de plataformes culturals locals, amb especial atenci\u00f3 a projectes vinculats a l&#8217;ecosistema creatiu de Catalunya com de xarxes internacionals (com XR4Europe).Com a novetat d&#8217;aquesta edici\u00f3, el proc\u00e9s de selecci\u00f3 es planteja de manera cont\u00ednua, permetent incorporar projectes progressivament al programa entre mar\u00e7 i octubre de 2026. Els projectes seleccionats participaran en el mateix proc\u00e9s de diagn\u00f2stic inicial, sprints de millora i mentoria 360\u00e8 que la resta de propostes incubades.<\/p><p>\u00a0<\/p><h2>Calendari del programa<\/h2><p><strong>4t trimestre 2025<\/strong><\/p><p>Preselecci\u00f3 curatorial de projectes i planificaci\u00f3 del programa.<\/p><p><strong>Gener 2026<\/strong><\/p><p>Inici oficial del programa, onboarding i diagn\u00f2stic inicial dels projectes seleccionats en el 2025.<\/p><p><strong>Mar\u00e7 \u2013 Juny 2026<\/strong><\/p><p>Llan\u00e7ament de la Open Call per a nous projectes. Selecci\u00f3 cont\u00ednua de projectes de la convocat\u00f2ria oberta i definici\u00f3 dels seus plans de desenvolupament. Desenvolupament de sprints de millora i mentoria 360\u00b0.<\/p><p><strong>Durant l&#8217;any 2026<\/strong><\/p><p>Presentaci\u00f3 p\u00fablica cont\u00ednua de projectes incubats.<\/p><p><strong>Novembre 2026<\/strong><\/p><p>Celebraci\u00f3 del Demo Day.<\/p><p><strong>Novembre \u2013 desembre 2026<\/strong><\/p><p>Mentories avan\u00e7ades i proc\u00e9s de superaceleraci\u00f3n per als tres projectes seleccionats.<\/p><p>\u00a0<\/p><h5>Metodologia d&#8217;incubaci\u00f3<\/h5><p>El programa es basa en una metodologia que combina <strong>desenvolupament art\u00edstic, acompanyament t\u00e8cnic i estrat\u00e8gia professional<\/strong>, amb un enfocament <strong>personalitzat i adaptat a les necessitats espec\u00edfiques de cada projecte.<\/strong><\/p><p>\u00a0<\/p><h5>Diagn\u00f2stic inicial<\/h5><p>Avaluaci\u00f3 de l&#8217;estat del projecte, el seu grau de maduresa t\u00e8cnica i art\u00edstica, i definici\u00f3 conjunta d&#8217;objectius i full de ruta.<\/p><p>\u00a0<\/p><h5>Sprints de millora<\/h5><p>Iteracions de desenvolupament centrades en:<\/p><ul><li>experi\u00e8ncia d&#8217;usuari en entorns espacials<\/li><li>estabilitat t\u00e8cnica<\/li><li>narrativa i coher\u00e8ncia conceptual<br \/>processos de producci\u00f3 i muntatge<\/li><\/ul><p>Aquestes fases es dissenyen<strong> de manera flexible i personalitzada,<\/strong> ajustant-se a les necessitats i caracter\u00edstiques de cada proposta.<\/p><p>\u00a0<\/p><h4>Mentoria 360\u00b0<\/h4><p>Acompanyament transversal en \u00e0rees com:<\/p><ul><li>estrat\u00e8gia tecnol\u00f2gica i arquitectura del projecte<\/li><li>UX\/UI i interacci\u00f3 en entorns immersius<\/li><li>comissariat i posicionament conceptual<\/li><li>producci\u00f3 cultural<\/li><li>propietat intel\u00b7lectual i llicencies<\/li><li>comunicaci\u00f3 i difusi\u00f3<br \/>inserci\u00f3 en circuits art\u00edstics i tecnol\u00f2gics<\/li><\/ul><p><br \/>La metodologia incorpora <strong>refer\u00e8ncies i aprenentatges de programes internacionals d&#8217;innovaci\u00f3 creativa com STARTS, NESTA i MIT Mitjana Lab<\/strong>, adaptats al context local i a l&#8217;ecosistema creatiu d&#8217;ESPRONCEDA.<\/p><p>\u00a0<\/p><h4>Continguts del programa<\/h4><p>El programa combina <strong>formaci\u00f3 especialitzada i mentoria aplicada<\/strong>, orientades a la professionalitzaci\u00f3 de projectes d&#8217;art digital.<\/p><p>Els continguts i les mentories es desenvolupen de <strong>manera flexible i adaptada<\/strong> <strong>a les necessitats espec\u00edfiques de cada projecte,<\/strong> permetent acompanyar processos creatius en diferents nivells de maduresa.<\/p><p>\u00a0<\/p><h4>Principals \u00e0rees de treball<\/h4><p>Esquema de continguts del programa<\/p><ul><li>El programa inclou mentoria i formaci\u00f3 especialitzada en \u00e0rees clau de l&#8217;art digital i la computaci\u00f3 espacial, com:<br \/>Spatial Computing (XR \/ AR \/ MR) i \u00e8tica tecnol\u00f2gica<\/li><li>Narratives immersives i disseny d&#8217;interacci\u00f3 espacial<\/li><li>Prototipatge en temps real (TouchDesigner \/ Unity)<\/li><li>Intel\u00b7lig\u00e8ncia artificial creativa per a art generatiu<\/li><li>Rob\u00f2tica creativa i coreografia hum\u00e0\u2013m\u00e0quina<\/li><li>Propietat intel\u00b7lectual i llic\u00e8ncies en art digital<\/li><li>Models de negoci i sostenibilitat de projectes culturals<\/li><li>M\u00e0rqueting, pitching i visibilitat internacional<\/li><li>Distribuci\u00f3 en festivals, museus i plataformes XR<\/li><\/ul><p>\u00a0<\/p><p>En <strong>NUBIA Labs, Computaci\u00f3 espacial i poder transversal de l&#8217;art digital<\/strong>, la innovaci\u00f3 tecnol\u00f2gica s&#8217;ent\u00e9n tamb\u00e9 com a <strong>innovaci\u00f3 cultural<\/strong>, promovent nous llenguatges art\u00edstics, accessibilitat, \u00e8tica i responsabilitat en l&#8217;\u00fas de tecnologies creatives.<\/p><p>\u00a0<\/p><h4>Demo Day<\/h4><p>Al <strong>novembre de 2026<\/strong> se celebrar\u00e0 el Demo Day, on es presentaran els tres projectes finals, juntament amb un rep\u00e0s dels projectes incubats anteriorment, davant professionals del sector cultural i tecnol\u00f2gic.<\/p><p>\u00a0<\/p><h4>Jurado i selecci\u00f3 de projectes destacats<\/h4><p>Un jurat integrat per experts del sector selecciona els <strong>3 projectes amb major potencial.<\/strong><\/p>\t\t\t\t\t\t\t\t<\/div>\n\t\t\t\t<\/div>\n\t\t\t\t\t<\/div>\n\t\t\t\t<\/div>\n\t\t\t\t<\/div>\n\t\t","protected":false},"excerpt":{"rendered":"<p>Nubia Labs 2026 Computaci\u00f3 Espacial i el Poder Transversal de l&#8217;Art Digital NUBIA Labs 2026 \u00e9s un programa d&#8217;incubaci\u00f3 i acompanyament professional dirigit a projectes d&#8217;art<span class=\"excerpt-hellip\"> [\u2026]<\/span><\/p>\n","protected":false},"author":7,"featured_media":0,"parent":0,"menu_order":0,"comment_status":"closed","ping_status":"closed","template":"","meta":{"footnotes":""},"class_list":["post-5234","page","type-page","status-publish","hentry"],"yoast_head":"<!-- This site is optimized with the Yoast SEO plugin v25.5 - https:\/\/yoast.com\/wordpress\/plugins\/seo\/ -->\n<title>Nubia Labs 2026<\/title>\n<meta name=\"description\" content=\"Nubia Labs 2026 se centra en la incubaci\u00f3 de projectes d&#039;art digital que utilitzen la computaci\u00f3 espacial.\" \/>\n<meta name=\"robots\" content=\"index, follow, max-snippet:-1, max-image-preview:large, max-video-preview:-1\" \/>\n<link rel=\"canonical\" href=\"https:\/\/nubialabs.com\/ca\/nubia-labs-2026\/\" \/>\n<meta property=\"og:locale\" content=\"ca_ES\" \/>\n<meta property=\"og:type\" content=\"article\" \/>\n<meta property=\"og:title\" content=\"Nubia Labs 2026\" \/>\n<meta property=\"og:description\" content=\"Nubia Labs 2026 se centra en la incubaci\u00f3 de projectes d&#039;art digital que utilitzen la computaci\u00f3 espacial.\" \/>\n<meta property=\"og:url\" content=\"https:\/\/nubialabs.com\/ca\/nubia-labs-2026\/\" \/>\n<meta property=\"og:site_name\" content=\"NubiaLabs\" \/>\n<meta property=\"article:modified_time\" content=\"2026-03-11T13:33:57+00:00\" \/>\n<meta property=\"og:image\" content=\"https:\/\/nubialabs.com\/wp-content\/uploads\/2023\/05\/ai2-sep1.svg\" \/>\n<meta name=\"twitter:card\" content=\"summary_large_image\" \/>\n<script type=\"application\/ld+json\" class=\"yoast-schema-graph\">{\"@context\":\"https:\/\/schema.org\",\"@graph\":[{\"@type\":\"WebPage\",\"@id\":\"https:\/\/nubialabs.com\/ca\/nubia-labs-2026\/\",\"url\":\"https:\/\/nubialabs.com\/ca\/nubia-labs-2026\/\",\"name\":\"Nubia Labs 2026\",\"isPartOf\":{\"@id\":\"https:\/\/nubialabs.com\/ca\/#website\"},\"primaryImageOfPage\":{\"@id\":\"https:\/\/nubialabs.com\/ca\/nubia-labs-2026\/#primaryimage\"},\"image\":{\"@id\":\"https:\/\/nubialabs.com\/ca\/nubia-labs-2026\/#primaryimage\"},\"thumbnailUrl\":\"https:\/\/nubialabs.com\/wp-content\/uploads\/2023\/05\/ai2-sep1.svg\",\"datePublished\":\"2026-02-20T10:15:01+00:00\",\"dateModified\":\"2026-03-11T13:33:57+00:00\",\"description\":\"Nubia Labs 2026 se centra en la incubaci\u00f3 de projectes d'art digital que utilitzen la computaci\u00f3 espacial.\",\"breadcrumb\":{\"@id\":\"https:\/\/nubialabs.com\/ca\/nubia-labs-2026\/#breadcrumb\"},\"inLanguage\":\"ca\",\"potentialAction\":[{\"@type\":\"ReadAction\",\"target\":[\"https:\/\/nubialabs.com\/ca\/nubia-labs-2026\/\"]}]},{\"@type\":\"ImageObject\",\"inLanguage\":\"ca\",\"@id\":\"https:\/\/nubialabs.com\/ca\/nubia-labs-2026\/#primaryimage\",\"url\":\"https:\/\/nubialabs.com\/wp-content\/uploads\/2023\/05\/ai2-sep1.svg\",\"contentUrl\":\"https:\/\/nubialabs.com\/wp-content\/uploads\/2023\/05\/ai2-sep1.svg\"},{\"@type\":\"BreadcrumbList\",\"@id\":\"https:\/\/nubialabs.com\/ca\/nubia-labs-2026\/#breadcrumb\",\"itemListElement\":[{\"@type\":\"ListItem\",\"position\":1,\"name\":\"Portada\",\"item\":\"https:\/\/nubialabs.com\/ca\/\"},{\"@type\":\"ListItem\",\"position\":2,\"name\":\"Nubia Labs 2026\"}]},{\"@type\":\"WebSite\",\"@id\":\"https:\/\/nubialabs.com\/ca\/#website\",\"url\":\"https:\/\/nubialabs.com\/ca\/\",\"name\":\"NubiaLabs\",\"description\":\"Incubadora de proyectos art\u00edsticos\",\"publisher\":{\"@id\":\"https:\/\/nubialabs.com\/ca\/#organization\"},\"potentialAction\":[{\"@type\":\"SearchAction\",\"target\":{\"@type\":\"EntryPoint\",\"urlTemplate\":\"https:\/\/nubialabs.com\/ca\/?s={search_term_string}\"},\"query-input\":{\"@type\":\"PropertyValueSpecification\",\"valueRequired\":true,\"valueName\":\"search_term_string\"}}],\"inLanguage\":\"ca\"},{\"@type\":\"Organization\",\"@id\":\"https:\/\/nubialabs.com\/ca\/#organization\",\"name\":\"NubiaLabs\",\"url\":\"https:\/\/nubialabs.com\/ca\/\",\"logo\":{\"@type\":\"ImageObject\",\"inLanguage\":\"ca\",\"@id\":\"https:\/\/nubialabs.com\/ca\/#\/schema\/logo\/image\/\",\"url\":\"https:\/\/nubialabs.com\/wp-content\/uploads\/2023\/10\/Nubialabs_color.webp\",\"contentUrl\":\"https:\/\/nubialabs.com\/wp-content\/uploads\/2023\/10\/Nubialabs_color.webp\",\"width\":2000,\"height\":2000,\"caption\":\"NubiaLabs\"},\"image\":{\"@id\":\"https:\/\/nubialabs.com\/ca\/#\/schema\/logo\/image\/\"}}]}<\/script>\n<!-- \/ Yoast SEO plugin. -->","yoast_head_json":{"title":"Nubia Labs 2026","description":"Nubia Labs 2026 se centra en la incubaci\u00f3 de projectes d'art digital que utilitzen la computaci\u00f3 espacial.","robots":{"index":"index","follow":"follow","max-snippet":"max-snippet:-1","max-image-preview":"max-image-preview:large","max-video-preview":"max-video-preview:-1"},"canonical":"https:\/\/nubialabs.com\/ca\/nubia-labs-2026\/","og_locale":"ca_ES","og_type":"article","og_title":"Nubia Labs 2026","og_description":"Nubia Labs 2026 se centra en la incubaci\u00f3 de projectes d'art digital que utilitzen la computaci\u00f3 espacial.","og_url":"https:\/\/nubialabs.com\/ca\/nubia-labs-2026\/","og_site_name":"NubiaLabs","article_modified_time":"2026-03-11T13:33:57+00:00","og_image":[{"url":"https:\/\/nubialabs.com\/wp-content\/uploads\/2023\/05\/ai2-sep1.svg","type":"","width":"","height":""}],"twitter_card":"summary_large_image","schema":{"@context":"https:\/\/schema.org","@graph":[{"@type":"WebPage","@id":"https:\/\/nubialabs.com\/ca\/nubia-labs-2026\/","url":"https:\/\/nubialabs.com\/ca\/nubia-labs-2026\/","name":"Nubia Labs 2026","isPartOf":{"@id":"https:\/\/nubialabs.com\/ca\/#website"},"primaryImageOfPage":{"@id":"https:\/\/nubialabs.com\/ca\/nubia-labs-2026\/#primaryimage"},"image":{"@id":"https:\/\/nubialabs.com\/ca\/nubia-labs-2026\/#primaryimage"},"thumbnailUrl":"https:\/\/nubialabs.com\/wp-content\/uploads\/2023\/05\/ai2-sep1.svg","datePublished":"2026-02-20T10:15:01+00:00","dateModified":"2026-03-11T13:33:57+00:00","description":"Nubia Labs 2026 se centra en la incubaci\u00f3 de projectes d'art digital que utilitzen la computaci\u00f3 espacial.","breadcrumb":{"@id":"https:\/\/nubialabs.com\/ca\/nubia-labs-2026\/#breadcrumb"},"inLanguage":"ca","potentialAction":[{"@type":"ReadAction","target":["https:\/\/nubialabs.com\/ca\/nubia-labs-2026\/"]}]},{"@type":"ImageObject","inLanguage":"ca","@id":"https:\/\/nubialabs.com\/ca\/nubia-labs-2026\/#primaryimage","url":"https:\/\/nubialabs.com\/wp-content\/uploads\/2023\/05\/ai2-sep1.svg","contentUrl":"https:\/\/nubialabs.com\/wp-content\/uploads\/2023\/05\/ai2-sep1.svg"},{"@type":"BreadcrumbList","@id":"https:\/\/nubialabs.com\/ca\/nubia-labs-2026\/#breadcrumb","itemListElement":[{"@type":"ListItem","position":1,"name":"Portada","item":"https:\/\/nubialabs.com\/ca\/"},{"@type":"ListItem","position":2,"name":"Nubia Labs 2026"}]},{"@type":"WebSite","@id":"https:\/\/nubialabs.com\/ca\/#website","url":"https:\/\/nubialabs.com\/ca\/","name":"NubiaLabs","description":"Incubadora de proyectos art\u00edsticos","publisher":{"@id":"https:\/\/nubialabs.com\/ca\/#organization"},"potentialAction":[{"@type":"SearchAction","target":{"@type":"EntryPoint","urlTemplate":"https:\/\/nubialabs.com\/ca\/?s={search_term_string}"},"query-input":{"@type":"PropertyValueSpecification","valueRequired":true,"valueName":"search_term_string"}}],"inLanguage":"ca"},{"@type":"Organization","@id":"https:\/\/nubialabs.com\/ca\/#organization","name":"NubiaLabs","url":"https:\/\/nubialabs.com\/ca\/","logo":{"@type":"ImageObject","inLanguage":"ca","@id":"https:\/\/nubialabs.com\/ca\/#\/schema\/logo\/image\/","url":"https:\/\/nubialabs.com\/wp-content\/uploads\/2023\/10\/Nubialabs_color.webp","contentUrl":"https:\/\/nubialabs.com\/wp-content\/uploads\/2023\/10\/Nubialabs_color.webp","width":2000,"height":2000,"caption":"NubiaLabs"},"image":{"@id":"https:\/\/nubialabs.com\/ca\/#\/schema\/logo\/image\/"}}]}},"_links":{"self":[{"href":"https:\/\/nubialabs.com\/ca\/wp-json\/wp\/v2\/pages\/5234","targetHints":{"allow":["GET"]}}],"collection":[{"href":"https:\/\/nubialabs.com\/ca\/wp-json\/wp\/v2\/pages"}],"about":[{"href":"https:\/\/nubialabs.com\/ca\/wp-json\/wp\/v2\/types\/page"}],"author":[{"embeddable":true,"href":"https:\/\/nubialabs.com\/ca\/wp-json\/wp\/v2\/users\/7"}],"replies":[{"embeddable":true,"href":"https:\/\/nubialabs.com\/ca\/wp-json\/wp\/v2\/comments?post=5234"}],"version-history":[{"count":18,"href":"https:\/\/nubialabs.com\/ca\/wp-json\/wp\/v2\/pages\/5234\/revisions"}],"predecessor-version":[{"id":5665,"href":"https:\/\/nubialabs.com\/ca\/wp-json\/wp\/v2\/pages\/5234\/revisions\/5665"}],"wp:attachment":[{"href":"https:\/\/nubialabs.com\/ca\/wp-json\/wp\/v2\/media?parent=5234"}],"curies":[{"name":"wp","href":"https:\/\/api.w.org\/{rel}","templated":true}]}}