{"id":5456,"date":"2026-03-04T13:45:13","date_gmt":"2026-03-04T12:45:13","guid":{"rendered":"https:\/\/nubialabs.com\/?page_id=5456"},"modified":"2026-04-21T13:50:51","modified_gmt":"2026-04-21T11:50:51","slug":"digital-monuments-lena-trapp-love-antell","status":"publish","type":"page","link":"https:\/\/nubialabs.com\/ca\/digital-monuments-lena-trapp-love-antell\/","title":{"rendered":"Digital Monuments \u2013 Lena Trapp | Love Antell"},"content":{"rendered":"\t\t<div data-elementor-type=\"wp-page\" data-elementor-id=\"5456\" class=\"elementor elementor-5456 elementor-5454\">\n\t\t\t\t<div class=\"elementor-element elementor-element-f3a62cd e-flex e-con-boxed e-con e-parent\" data-id=\"f3a62cd\" data-element_type=\"container\">\n\t\t\t\t\t<div class=\"e-con-inner\">\n\t\t\t\t<div class=\"elementor-element elementor-element-025634e elementor-widget elementor-widget-heading\" data-id=\"025634e\" data-element_type=\"widget\" data-widget_type=\"heading.default\">\n\t\t\t\t<div class=\"elementor-widget-container\">\n\t\t\t\t\t<h1 class=\"elementor-heading-title elementor-size-default\">Digital Monuments \u2013 Lena Trapp | Love Antell<\/h1>\t\t\t\t<\/div>\n\t\t\t\t<\/div>\n\t\t\t\t\t<\/div>\n\t\t\t\t<\/div>\n\t\t<div class=\"elementor-element elementor-element-0e89c7f e-flex e-con-boxed e-con e-parent\" data-id=\"0e89c7f\" data-element_type=\"container\">\n\t\t\t\t\t<div class=\"e-con-inner\">\n\t\t\t\t<div class=\"elementor-element elementor-element-7162d66 elementor-widget elementor-widget-image\" data-id=\"7162d66\" data-element_type=\"widget\" data-widget_type=\"image.default\">\n\t\t\t\t<div class=\"elementor-widget-container\">\n\t\t\t\t\t\t\t\t\t\t\t\t\t\t\t<img decoding=\"async\" src=\"https:\/\/nubialabs.com\/wp-content\/uploads\/2023\/05\/ai2-sep1.svg\" title=\"\" alt=\"\" loading=\"lazy\" \/>\t\t\t\t\t\t\t\t\t\t\t\t\t\t\t<\/div>\n\t\t\t\t<\/div>\n\t\t\t\t\t<\/div>\n\t\t\t\t<\/div>\n\t\t<div class=\"elementor-element elementor-element-8062903 e-flex e-con-boxed e-con e-parent\" data-id=\"8062903\" data-element_type=\"container\">\n\t\t\t\t\t<div class=\"e-con-inner\">\n\t\t\t\t<div class=\"elementor-element elementor-element-79f62ca elementor-widget elementor-widget-image\" data-id=\"79f62ca\" data-element_type=\"widget\" data-widget_type=\"image.default\">\n\t\t\t\t<div class=\"elementor-widget-container\">\n\t\t\t\t\t\t\t\t\t\t\t\t\t\t\t<img fetchpriority=\"high\" decoding=\"async\" width=\"768\" height=\"960\" src=\"https:\/\/nubialabs.com\/wp-content\/uploads\/2026\/04\/DIGITAL-MONUMENTS-CAT-1-768x960.webp\" class=\"attachment-medium_large size-medium_large wp-image-5922\" alt=\"digital monuments cat\" srcset=\"https:\/\/nubialabs.com\/wp-content\/uploads\/2026\/04\/DIGITAL-MONUMENTS-CAT-1-768x960.webp 768w, https:\/\/nubialabs.com\/wp-content\/uploads\/2026\/04\/DIGITAL-MONUMENTS-CAT-1-400x500.webp 400w, https:\/\/nubialabs.com\/wp-content\/uploads\/2026\/04\/DIGITAL-MONUMENTS-CAT-1-240x300.webp 240w, https:\/\/nubialabs.com\/wp-content\/uploads\/2026\/04\/DIGITAL-MONUMENTS-CAT-1-60x75.webp 60w, https:\/\/nubialabs.com\/wp-content\/uploads\/2026\/04\/DIGITAL-MONUMENTS-CAT-1-480x600.webp 480w\" sizes=\"(max-width:767px) 480px, (max-width:768px) 100vw, 768px\" \/>\t\t\t\t\t\t\t\t\t\t\t\t\t\t\t<\/div>\n\t\t\t\t<\/div>\n\t\t\t\t<div class=\"elementor-element elementor-element-37e2362 elementor-widget elementor-widget-text-editor\" data-id=\"37e2362\" data-element_type=\"widget\" data-widget_type=\"text-editor.default\">\n\t\t\t\t<div class=\"elementor-widget-container\">\n\t\t\t\t\t\t\t\t\t<p>Digital Monuments \u00e9s un di\u00e0leg entre les artistes <strong>Lena Trapp<\/strong> i Love Antell (SE). Els seus respectius universos visuals convergeixen en projeccions de v\u00eddeo que proposen en qu\u00e8 es podrien convertir els monuments digitals. <\/p><p>Aquest camp no nom\u00e9s es refereix als monuments que ja hem heretat, sin\u00f3 tamb\u00e9 al <strong>proc\u00e9s de construcci\u00f3 de la propera generaci\u00f3 de monuments digitals<\/strong>. La mem\u00f2ria cultural a trav\u00e9s dels monuments digitals implica un canvi profund: des de la idea de perman\u00e8ncia i una obra tangible que s&#8217;eleva sobre nosaltres, cap a la concepci\u00f3 de monuments no est\u00e0tics, en constant transformaci\u00f3 i flux.<\/p><p>Digital Monuments respon tant a l&#8217;oficial com a l&#8217;ofici\u00f3s, als relats marcats i inexplicables que constitueixen les idees d&#8217;un lloc. En aquesta intersecci\u00f3 de la <strong>mem\u00f2ria, la tecnologia i la representaci\u00f3<\/strong>, l&#8217;exposici\u00f3 planteja una reflexi\u00f3 sobre <strong>com es configuren les narratives col\u00b7lectives en l&#8217;era digital.<\/strong> <\/p><h4>Sobre los artistas:<\/h4><p><strong>Lena Trapp<\/strong> (1974) \u00e9s una artista visual amb seu a G Goteborg, Su\u00e8cia. Treballa principalment amb escultures, instal\u00b7lacions i imatges en moviment, creant entorns immersius on es creuen elements f\u00edsics i digitals. A trav\u00e9s de temes com la identitat, l&#8217;encarnaci\u00f3 i les relacions, Trapp es mou entre l&#8217;hum\u00e0 i l&#8217;artificial, el material i el virtual. Les seves obres es caracteritzen per una forta pres\u00e8ncia f\u00edsica en la qual les formes org\u00e0niques es fusionen amb els materials industrials. La seva pr\u00e0ctica explora espais interiors i exteriors on es creuen capes de temps, mem\u00f2ria i percepci\u00f3, plantejant preguntes sobre com, en temps de tecnologitzaci\u00f3 creixent, ens percebem a nosaltres mateixos i el nostre lloc en el m\u00f3n.    <\/p><p><strong>Love Antell<\/strong> (1980) is a multimedia artist, illustrator, and musician based in Stockholm, Sweden. She creates digital experiences as public art for urban development projects and museums, exploring the relationship between digital media and cultural memory. She leads an art research project affiliated with the Institute for Future Studies that addresses the digitization of existing monuments with a dissonant cultural heritage, questioning how historical narratives are reinterpreted and reshaped in contemporary digital contexts.  <\/p>\t\t\t\t\t\t\t\t<\/div>\n\t\t\t\t<\/div>\n\t\t\t\t\t<\/div>\n\t\t\t\t<\/div>\n\t\t<div class=\"elementor-element elementor-element-5393c8e e-flex e-con-boxed e-con e-parent\" data-id=\"5393c8e\" data-element_type=\"container\">\n\t\t\t\t\t<div class=\"e-con-inner\">\n\t\t\t\t<div class=\"elementor-element elementor-element-da3231d elementor-arrows-position-inside elementor-pagination-position-outside elementor-widget elementor-widget-image-carousel\" data-id=\"da3231d\" data-element_type=\"widget\" data-settings=\"{&quot;navigation&quot;:&quot;both&quot;,&quot;autoplay&quot;:&quot;yes&quot;,&quot;pause_on_hover&quot;:&quot;yes&quot;,&quot;pause_on_interaction&quot;:&quot;yes&quot;,&quot;autoplay_speed&quot;:5000,&quot;infinite&quot;:&quot;yes&quot;,&quot;speed&quot;:500}\" data-widget_type=\"image-carousel.default\">\n\t\t\t\t<div class=\"elementor-widget-container\">\n\t\t\t\t\t\t\t<div class=\"elementor-image-carousel-wrapper swiper\" role=\"region\" aria-roledescription=\"carousel\" aria-label=\"Carrusel de im\u00e1genes\" dir=\"ltr\">\n\t\t\t<div class=\"elementor-image-carousel swiper-wrapper\" aria-live=\"off\">\n\t\t\t\t\t\t\t\t<div class=\"swiper-slide\" role=\"group\" aria-roledescription=\"slide\" aria-label=\"1 de 6\"><figure class=\"swiper-slide-inner\"><img decoding=\"async\" class=\"swiper-slide-image\" src=\"https:\/\/nubialabs.com\/wp-content\/uploads\/2026\/04\/Untitled-design-3-768x432.webp\" alt=\"digital monuments\" \/><\/figure><\/div><div class=\"swiper-slide\" role=\"group\" aria-roledescription=\"slide\" aria-label=\"2 de 6\"><figure class=\"swiper-slide-inner\"><img decoding=\"async\" class=\"swiper-slide-image\" src=\"https:\/\/nubialabs.com\/wp-content\/uploads\/2026\/04\/Untitled-design-1-768x432.webp\" alt=\"digital monuments\" \/><\/figure><\/div><div class=\"swiper-slide\" role=\"group\" aria-roledescription=\"slide\" aria-label=\"3 de 6\"><figure class=\"swiper-slide-inner\"><img decoding=\"async\" class=\"swiper-slide-image\" src=\"https:\/\/nubialabs.com\/wp-content\/uploads\/2026\/04\/Untitled-design-6-768x432.webp\" alt=\"digital monuments\" \/><\/figure><\/div><div class=\"swiper-slide\" role=\"group\" aria-roledescription=\"slide\" aria-label=\"4 de 6\"><figure class=\"swiper-slide-inner\"><img decoding=\"async\" class=\"swiper-slide-image\" src=\"https:\/\/nubialabs.com\/wp-content\/uploads\/2026\/04\/Untitled-design-4-768x432.webp\" alt=\"digital monuments\" \/><\/figure><\/div><div class=\"swiper-slide\" role=\"group\" aria-roledescription=\"slide\" aria-label=\"5 de 6\"><figure class=\"swiper-slide-inner\"><img decoding=\"async\" class=\"swiper-slide-image\" src=\"https:\/\/nubialabs.com\/wp-content\/uploads\/2026\/04\/Untitled-design-2-768x432.webp\" alt=\"digital monuments\" \/><\/figure><\/div><div class=\"swiper-slide\" role=\"group\" aria-roledescription=\"slide\" aria-label=\"6 de 6\"><figure class=\"swiper-slide-inner\"><img decoding=\"async\" class=\"swiper-slide-image\" src=\"https:\/\/nubialabs.com\/wp-content\/uploads\/2026\/04\/Untitled-design-5-768x432.webp\" alt=\"digital monuments\" \/><\/figure><\/div>\t\t\t<\/div>\n\t\t\t\t\t\t\t\t\t\t\t\t<div class=\"elementor-swiper-button elementor-swiper-button-prev\" role=\"button\" tabindex=\"0\">\n\t\t\t\t\t\t<i aria-hidden=\"true\" class=\"eicon-chevron-left\"><\/i>\t\t\t\t\t<\/div>\n\t\t\t\t\t<div class=\"elementor-swiper-button elementor-swiper-button-next\" role=\"button\" tabindex=\"0\">\n\t\t\t\t\t\t<i aria-hidden=\"true\" class=\"eicon-chevron-right\"><\/i>\t\t\t\t\t<\/div>\n\t\t\t\t\n\t\t\t\t\t\t\t\t\t<div class=\"swiper-pagination\"><\/div>\n\t\t\t\t\t\t\t\t\t<\/div>\n\t\t\t\t\t\t<\/div>\n\t\t\t\t<\/div>\n\t\t\t\t\t<\/div>\n\t\t\t\t<\/div>\n\t\t\t\t<\/div>\n\t\t","protected":false},"excerpt":{"rendered":"<p>Digital Monuments \u2013 Lena Trapp | Love Antell Digital Monuments \u00e9s un di\u00e0leg entre les artistes Lena Trapp i Love Antell (SE). Els seus respectius universos<span class=\"excerpt-hellip\"> [\u2026]<\/span><\/p>\n","protected":false},"author":7,"featured_media":0,"parent":0,"menu_order":0,"comment_status":"closed","ping_status":"closed","template":"","meta":{"footnotes":""},"class_list":["post-5456","page","type-page","status-publish","hentry"],"yoast_head":"<!-- This site is optimized with the Yoast SEO plugin v25.5 - https:\/\/yoast.com\/wordpress\/plugins\/seo\/ -->\n<title>Digital Monuments \u2013 Lena Trapp | Love Antell<\/title>\n<meta name=\"description\" content=\"Un di\u00e0leg entre les artistes Lena Trapp i Love Antell, que convergeixen en projeccions de v\u00eddeo que proposen en qu\u00e8 podrien convertir-se els monuments digitals.\" \/>\n<meta name=\"robots\" content=\"index, follow, max-snippet:-1, max-image-preview:large, max-video-preview:-1\" \/>\n<link rel=\"canonical\" href=\"https:\/\/nubialabs.com\/ca\/digital-monuments-lena-trapp-love-antell\/\" \/>\n<meta property=\"og:locale\" content=\"ca_ES\" \/>\n<meta property=\"og:type\" content=\"article\" \/>\n<meta property=\"og:title\" content=\"Digital Monuments \u2013 Lena Trapp | Love Antell\" \/>\n<meta property=\"og:description\" content=\"Un di\u00e0leg entre les artistes Lena Trapp i Love Antell, que convergeixen en projeccions de v\u00eddeo que proposen en qu\u00e8 podrien convertir-se els monuments digitals.\" \/>\n<meta property=\"og:url\" content=\"https:\/\/nubialabs.com\/ca\/digital-monuments-lena-trapp-love-antell\/\" \/>\n<meta property=\"og:site_name\" content=\"NubiaLabs\" \/>\n<meta property=\"article:modified_time\" content=\"2026-04-21T11:50:51+00:00\" \/>\n<meta property=\"og:image\" content=\"https:\/\/nubialabs.com\/wp-content\/uploads\/2023\/05\/ai2-sep1.svg\" \/>\n<meta name=\"twitter:card\" content=\"summary_large_image\" \/>\n<meta name=\"twitter:label1\" content=\"Temps estimat de lectura\" \/>\n\t<meta name=\"twitter:data1\" content=\"4 minuts\" \/>\n<script type=\"application\/ld+json\" class=\"yoast-schema-graph\">{\"@context\":\"https:\/\/schema.org\",\"@graph\":[{\"@type\":\"WebPage\",\"@id\":\"https:\/\/nubialabs.com\/ca\/digital-monuments-lena-trapp-love-antell\/\",\"url\":\"https:\/\/nubialabs.com\/ca\/digital-monuments-lena-trapp-love-antell\/\",\"name\":\"Digital Monuments \u2013 Lena Trapp | Love Antell\",\"isPartOf\":{\"@id\":\"https:\/\/nubialabs.com\/ca\/#website\"},\"primaryImageOfPage\":{\"@id\":\"https:\/\/nubialabs.com\/ca\/digital-monuments-lena-trapp-love-antell\/#primaryimage\"},\"image\":{\"@id\":\"https:\/\/nubialabs.com\/ca\/digital-monuments-lena-trapp-love-antell\/#primaryimage\"},\"thumbnailUrl\":\"https:\/\/nubialabs.com\/wp-content\/uploads\/2023\/05\/ai2-sep1.svg\",\"datePublished\":\"2026-03-04T12:45:13+00:00\",\"dateModified\":\"2026-04-21T11:50:51+00:00\",\"description\":\"Un di\u00e0leg entre les artistes Lena Trapp i Love Antell, que convergeixen en projeccions de v\u00eddeo que proposen en qu\u00e8 podrien convertir-se els monuments digitals.\",\"breadcrumb\":{\"@id\":\"https:\/\/nubialabs.com\/ca\/digital-monuments-lena-trapp-love-antell\/#breadcrumb\"},\"inLanguage\":\"ca\",\"potentialAction\":[{\"@type\":\"ReadAction\",\"target\":[\"https:\/\/nubialabs.com\/ca\/digital-monuments-lena-trapp-love-antell\/\"]}]},{\"@type\":\"ImageObject\",\"inLanguage\":\"ca\",\"@id\":\"https:\/\/nubialabs.com\/ca\/digital-monuments-lena-trapp-love-antell\/#primaryimage\",\"url\":\"https:\/\/nubialabs.com\/wp-content\/uploads\/2023\/05\/ai2-sep1.svg\",\"contentUrl\":\"https:\/\/nubialabs.com\/wp-content\/uploads\/2023\/05\/ai2-sep1.svg\"},{\"@type\":\"BreadcrumbList\",\"@id\":\"https:\/\/nubialabs.com\/ca\/digital-monuments-lena-trapp-love-antell\/#breadcrumb\",\"itemListElement\":[{\"@type\":\"ListItem\",\"position\":1,\"name\":\"Portada\",\"item\":\"https:\/\/nubialabs.com\/ca\/\"},{\"@type\":\"ListItem\",\"position\":2,\"name\":\"Digital Monuments \u2013 Lena Trapp | Love Antell\"}]},{\"@type\":\"WebSite\",\"@id\":\"https:\/\/nubialabs.com\/ca\/#website\",\"url\":\"https:\/\/nubialabs.com\/ca\/\",\"name\":\"NubiaLabs\",\"description\":\"Incubadora de proyectos art\u00edsticos\",\"publisher\":{\"@id\":\"https:\/\/nubialabs.com\/ca\/#organization\"},\"potentialAction\":[{\"@type\":\"SearchAction\",\"target\":{\"@type\":\"EntryPoint\",\"urlTemplate\":\"https:\/\/nubialabs.com\/ca\/?s={search_term_string}\"},\"query-input\":{\"@type\":\"PropertyValueSpecification\",\"valueRequired\":true,\"valueName\":\"search_term_string\"}}],\"inLanguage\":\"ca\"},{\"@type\":\"Organization\",\"@id\":\"https:\/\/nubialabs.com\/ca\/#organization\",\"name\":\"NubiaLabs\",\"url\":\"https:\/\/nubialabs.com\/ca\/\",\"logo\":{\"@type\":\"ImageObject\",\"inLanguage\":\"ca\",\"@id\":\"https:\/\/nubialabs.com\/ca\/#\/schema\/logo\/image\/\",\"url\":\"https:\/\/nubialabs.com\/wp-content\/uploads\/2023\/10\/Nubialabs_color.webp\",\"contentUrl\":\"https:\/\/nubialabs.com\/wp-content\/uploads\/2023\/10\/Nubialabs_color.webp\",\"width\":2000,\"height\":2000,\"caption\":\"NubiaLabs\"},\"image\":{\"@id\":\"https:\/\/nubialabs.com\/ca\/#\/schema\/logo\/image\/\"}}]}<\/script>\n<!-- \/ Yoast SEO plugin. -->","yoast_head_json":{"title":"Digital Monuments \u2013 Lena Trapp | Love Antell","description":"Un di\u00e0leg entre les artistes Lena Trapp i Love Antell, que convergeixen en projeccions de v\u00eddeo que proposen en qu\u00e8 podrien convertir-se els monuments digitals.","robots":{"index":"index","follow":"follow","max-snippet":"max-snippet:-1","max-image-preview":"max-image-preview:large","max-video-preview":"max-video-preview:-1"},"canonical":"https:\/\/nubialabs.com\/ca\/digital-monuments-lena-trapp-love-antell\/","og_locale":"ca_ES","og_type":"article","og_title":"Digital Monuments \u2013 Lena Trapp | Love Antell","og_description":"Un di\u00e0leg entre les artistes Lena Trapp i Love Antell, que convergeixen en projeccions de v\u00eddeo que proposen en qu\u00e8 podrien convertir-se els monuments digitals.","og_url":"https:\/\/nubialabs.com\/ca\/digital-monuments-lena-trapp-love-antell\/","og_site_name":"NubiaLabs","article_modified_time":"2026-04-21T11:50:51+00:00","og_image":[{"url":"https:\/\/nubialabs.com\/wp-content\/uploads\/2023\/05\/ai2-sep1.svg","type":"","width":"","height":""}],"twitter_card":"summary_large_image","twitter_misc":{"Temps estimat de lectura":"4 minuts"},"schema":{"@context":"https:\/\/schema.org","@graph":[{"@type":"WebPage","@id":"https:\/\/nubialabs.com\/ca\/digital-monuments-lena-trapp-love-antell\/","url":"https:\/\/nubialabs.com\/ca\/digital-monuments-lena-trapp-love-antell\/","name":"Digital Monuments \u2013 Lena Trapp | Love Antell","isPartOf":{"@id":"https:\/\/nubialabs.com\/ca\/#website"},"primaryImageOfPage":{"@id":"https:\/\/nubialabs.com\/ca\/digital-monuments-lena-trapp-love-antell\/#primaryimage"},"image":{"@id":"https:\/\/nubialabs.com\/ca\/digital-monuments-lena-trapp-love-antell\/#primaryimage"},"thumbnailUrl":"https:\/\/nubialabs.com\/wp-content\/uploads\/2023\/05\/ai2-sep1.svg","datePublished":"2026-03-04T12:45:13+00:00","dateModified":"2026-04-21T11:50:51+00:00","description":"Un di\u00e0leg entre les artistes Lena Trapp i Love Antell, que convergeixen en projeccions de v\u00eddeo que proposen en qu\u00e8 podrien convertir-se els monuments digitals.","breadcrumb":{"@id":"https:\/\/nubialabs.com\/ca\/digital-monuments-lena-trapp-love-antell\/#breadcrumb"},"inLanguage":"ca","potentialAction":[{"@type":"ReadAction","target":["https:\/\/nubialabs.com\/ca\/digital-monuments-lena-trapp-love-antell\/"]}]},{"@type":"ImageObject","inLanguage":"ca","@id":"https:\/\/nubialabs.com\/ca\/digital-monuments-lena-trapp-love-antell\/#primaryimage","url":"https:\/\/nubialabs.com\/wp-content\/uploads\/2023\/05\/ai2-sep1.svg","contentUrl":"https:\/\/nubialabs.com\/wp-content\/uploads\/2023\/05\/ai2-sep1.svg"},{"@type":"BreadcrumbList","@id":"https:\/\/nubialabs.com\/ca\/digital-monuments-lena-trapp-love-antell\/#breadcrumb","itemListElement":[{"@type":"ListItem","position":1,"name":"Portada","item":"https:\/\/nubialabs.com\/ca\/"},{"@type":"ListItem","position":2,"name":"Digital Monuments \u2013 Lena Trapp | Love Antell"}]},{"@type":"WebSite","@id":"https:\/\/nubialabs.com\/ca\/#website","url":"https:\/\/nubialabs.com\/ca\/","name":"NubiaLabs","description":"Incubadora de proyectos art\u00edsticos","publisher":{"@id":"https:\/\/nubialabs.com\/ca\/#organization"},"potentialAction":[{"@type":"SearchAction","target":{"@type":"EntryPoint","urlTemplate":"https:\/\/nubialabs.com\/ca\/?s={search_term_string}"},"query-input":{"@type":"PropertyValueSpecification","valueRequired":true,"valueName":"search_term_string"}}],"inLanguage":"ca"},{"@type":"Organization","@id":"https:\/\/nubialabs.com\/ca\/#organization","name":"NubiaLabs","url":"https:\/\/nubialabs.com\/ca\/","logo":{"@type":"ImageObject","inLanguage":"ca","@id":"https:\/\/nubialabs.com\/ca\/#\/schema\/logo\/image\/","url":"https:\/\/nubialabs.com\/wp-content\/uploads\/2023\/10\/Nubialabs_color.webp","contentUrl":"https:\/\/nubialabs.com\/wp-content\/uploads\/2023\/10\/Nubialabs_color.webp","width":2000,"height":2000,"caption":"NubiaLabs"},"image":{"@id":"https:\/\/nubialabs.com\/ca\/#\/schema\/logo\/image\/"}}]}},"_links":{"self":[{"href":"https:\/\/nubialabs.com\/ca\/wp-json\/wp\/v2\/pages\/5456","targetHints":{"allow":["GET"]}}],"collection":[{"href":"https:\/\/nubialabs.com\/ca\/wp-json\/wp\/v2\/pages"}],"about":[{"href":"https:\/\/nubialabs.com\/ca\/wp-json\/wp\/v2\/types\/page"}],"author":[{"embeddable":true,"href":"https:\/\/nubialabs.com\/ca\/wp-json\/wp\/v2\/users\/7"}],"replies":[{"embeddable":true,"href":"https:\/\/nubialabs.com\/ca\/wp-json\/wp\/v2\/comments?post=5456"}],"version-history":[{"count":9,"href":"https:\/\/nubialabs.com\/ca\/wp-json\/wp\/v2\/pages\/5456\/revisions"}],"predecessor-version":[{"id":5927,"href":"https:\/\/nubialabs.com\/ca\/wp-json\/wp\/v2\/pages\/5456\/revisions\/5927"}],"wp:attachment":[{"href":"https:\/\/nubialabs.com\/ca\/wp-json\/wp\/v2\/media?parent=5456"}],"curies":[{"name":"wp","href":"https:\/\/api.w.org\/{rel}","templated":true}]}}