{"id":5707,"date":"2026-03-19T12:16:55","date_gmt":"2026-03-19T11:16:55","guid":{"rendered":"https:\/\/nubialabs.com\/?page_id=5707"},"modified":"2026-03-19T13:55:23","modified_gmt":"2026-03-19T12:55:23","slug":"digital-monuments-an-additional-layer","status":"publish","type":"page","link":"https:\/\/nubialabs.com\/ca\/digital-monuments-an-additional-layer\/","title":{"rendered":"Digital monuments &#8211; An Additional Layer"},"content":{"rendered":"\t\t<div data-elementor-type=\"wp-page\" data-elementor-id=\"5707\" class=\"elementor elementor-5707 elementor-5705\">\n\t\t\t\t<div class=\"elementor-element elementor-element-f3a62cd e-flex e-con-boxed e-con e-parent\" data-id=\"f3a62cd\" data-element_type=\"container\">\n\t\t\t\t\t<div class=\"e-con-inner\">\n\t\t\t\t<div class=\"elementor-element elementor-element-025634e elementor-widget elementor-widget-heading\" data-id=\"025634e\" data-element_type=\"widget\" data-widget_type=\"heading.default\">\n\t\t\t\t<div class=\"elementor-widget-container\">\n\t\t\t\t\t<h1 class=\"elementor-heading-title elementor-size-default\">Digital monuments - An Additional Layer<\/h1>\t\t\t\t<\/div>\n\t\t\t\t<\/div>\n\t\t\t\t\t<\/div>\n\t\t\t\t<\/div>\n\t\t<div class=\"elementor-element elementor-element-0e89c7f e-flex e-con-boxed e-con e-parent\" data-id=\"0e89c7f\" data-element_type=\"container\">\n\t\t\t\t\t<div class=\"e-con-inner\">\n\t\t\t\t<div class=\"elementor-element elementor-element-7162d66 elementor-widget elementor-widget-image\" data-id=\"7162d66\" data-element_type=\"widget\" data-widget_type=\"image.default\">\n\t\t\t\t<div class=\"elementor-widget-container\">\n\t\t\t\t\t\t\t\t\t\t\t\t\t\t\t<img decoding=\"async\" src=\"https:\/\/nubialabs.com\/wp-content\/uploads\/2023\/05\/ai2-sep1.svg\" title=\"\" alt=\"\" loading=\"lazy\" \/>\t\t\t\t\t\t\t\t\t\t\t\t\t\t\t<\/div>\n\t\t\t\t<\/div>\n\t\t\t\t\t<\/div>\n\t\t\t\t<\/div>\n\t\t<div class=\"elementor-element elementor-element-8062903 e-flex e-con-boxed e-con e-parent\" data-id=\"8062903\" data-element_type=\"container\">\n\t\t\t\t\t<div class=\"e-con-inner\">\n\t\t\t\t<div class=\"elementor-element elementor-element-79f62ca elementor-widget elementor-widget-image\" data-id=\"79f62ca\" data-element_type=\"widget\" data-widget_type=\"image.default\">\n\t\t\t\t<div class=\"elementor-widget-container\">\n\t\t\t\t\t\t\t\t\t\t\t\t\t\t\t<img fetchpriority=\"high\" decoding=\"async\" width=\"768\" height=\"960\" src=\"https:\/\/nubialabs.com\/wp-content\/uploads\/2026\/03\/DIGITAL-MONUMENTS-CAST-768x960.webp\" class=\"attachment-medium_large size-medium_large wp-image-5734\" alt=\"digital monument\" srcset=\"https:\/\/nubialabs.com\/wp-content\/uploads\/2026\/03\/DIGITAL-MONUMENTS-CAST-768x960.webp 768w, https:\/\/nubialabs.com\/wp-content\/uploads\/2026\/03\/DIGITAL-MONUMENTS-CAST-400x500.webp 400w, https:\/\/nubialabs.com\/wp-content\/uploads\/2026\/03\/DIGITAL-MONUMENTS-CAST-240x300.webp 240w, https:\/\/nubialabs.com\/wp-content\/uploads\/2026\/03\/DIGITAL-MONUMENTS-CAST-60x75.webp 60w, https:\/\/nubialabs.com\/wp-content\/uploads\/2026\/03\/DIGITAL-MONUMENTS-CAST-480x600.webp 480w\" sizes=\"(max-width:767px) 480px, (max-width:768px) 100vw, 768px\" \/>\t\t\t\t\t\t\t\t\t\t\t\t\t\t\t<\/div>\n\t\t\t\t<\/div>\n\t\t\t\t<div class=\"elementor-element elementor-element-37e2362 elementor-widget elementor-widget-text-editor\" data-id=\"37e2362\" data-element_type=\"widget\" data-widget_type=\"text-editor.default\">\n\t\t\t\t<div class=\"elementor-widget-container\">\n\t\t\t\t\t\t\t\t\t<p>El passat <strong>5 de mar\u00e7<\/strong> de 2026, es va presentar <strong>Digital Monuments<\/strong>, un di\u00e0leg art\u00edstic entre <strong>Lena Trapp<\/strong> i <strong>Love Antell <\/strong>(ES), realitzat en col\u00b7laboraci\u00f3 amb el <strong>Swedish Arts Grants Committee<\/strong>.<\/p><p>A trav\u00e9s de projeccions de v\u00eddeo i treballs XR, l&#8217;exposici\u00f3 explora com els monuments poden evolucionar d&#8217;estructures est\u00e0tiques a formes fluides i canviants.<\/p><p>Aquest projecte va aconseguir una nova dimensi\u00f3 gr\u00e0cies a la col\u00b7laboraci\u00f3 de<strong> Masahiro Yamaguchi<\/strong>, cofundador i CEO de STYLY. M\u00e9s enll\u00e0 de facilitar l&#8217;acc\u00e9s a la seva plataforma de computaci\u00f3 espacial, Masahiro va dur a terme un proc\u00e9s de mentoria personalitzada amb tots dos artistes. Aquesta sinergia amb Masahiro Yamaguchi va permetre als artistes explorar les capacitats de la plataforma de computaci\u00f3 espacial de STYLY, culminant en la creaci\u00f3 d&#8217;una innovadora aplicaci\u00f3 de <strong>Realitat Mixta (MR) desenvolupada \u00edntegrament en tan sols dos dies.<\/strong>  <\/p><p>Durant la resid\u00e8ncia, Lena Trapp tamb\u00e9 es va convertir en la primera artista a utilitzar el nou espai de creaci\u00f3 d&#8217;ESPRONCEDA i les impressores<strong> 3D Bambu Lab<\/strong>, creant una versi\u00f3 f\u00edsica de la seva escultura digital.<\/p><p>Aquesta integraci\u00f3 tecnol\u00f2gica marca un punt d&#8217;inflexi\u00f3 en la nostra relaci\u00f3 amb el patrimoni: aquest camp no sols es relaciona amb els monuments que ja hem heretat, sin\u00f3 tamb\u00e9 amb el <strong>proc\u00e9s de construcci\u00f3 de la pr\u00f2xima generaci\u00f3 de monuments digitals.<\/strong><br>La mem\u00f2ria cultural a trav\u00e9s dels monuments digitals implica un despla\u00e7ament profund: des de la idea de perman\u00e8ncia i d&#8217;una obra tangible que s&#8217;eleva sobre nosaltres, cap a la concepci\u00f3 de monuments no est\u00e0tics, en constant transformaci\u00f3 i flux.<\/p><p>Digital Monuments respon tant a l&#8217;oficial com al no oficial, a l&#8217;assenyalat i a les hist\u00f2ries no contades que constitueixen les idees d&#8217;un lloc. En aquest encreuament entre <strong>mem\u00f2ria, tecnologia i representaci\u00f3<\/strong>, l&#8217;exposici\u00f3 planteja una reflexi\u00f3 sobre com es configuren les narratives col\u00b7lectives en l&#8217;era digital. <\/p><p> <\/p><h4>Sobre les obres<\/h4><p><strong>Deconstruction of Nothingness (2024) | Animaci\u00f3<\/strong><\/p><p>Un unicorn negre descansa imm\u00f2bil en el fons mar\u00ed, en un llindar on convergeixen el mite, la mat\u00e8ria i la quietud. L&#8217;obra explora una temporalitat oce\u00e0nica, on la dissoluci\u00f3 no es percep com un final, sin\u00f3 com un proc\u00e9s continu i pausat de transformaci\u00f3. <\/p><p><strong>Monument of the Tide (2021) | Animaci\u00f3<\/strong><br>En aquesta pe\u00e7a, un caragol de mar gira lentament en l&#8217;espai com un rellotge mec\u00e0nic, funcionant com un refugi fr\u00e0gil i ef\u00edmer. El seu moviment constant suggereix un compte enrere silenci\u00f3s, capturant la tensi\u00f3 entre la protecci\u00f3 i la vulnerabilitat intr\u00ednseques a la seva forma.<br><br> <\/p><p><strong>Frozen in motion (2026) | Escultura impresa en 3D<\/strong><br>Aquesta obra materialitza la rotaci\u00f3 digital del caragol de mar en un objecte f\u00edsic tangible. Produ\u00efda en el Maker Space d&#8217;ESPRONCEDA, l&#8217;escultura congela el moviment en un estat de quietud absoluta, aconseguint detenir el temps en un instant prec\u00eds del seu compte enrere.<br> <\/p><p><strong>Digital Monuments (2026) | Experiencia XR<\/strong><br>Un entorn immersiu on els monuments es manifesten com a formes inestables i canviants. A trav\u00e9s de portals org\u00e0nics i artefactes que semblen extrets d&#8217;una altra era, l&#8217;experi\u00e8ncia proposa una nova visi\u00f3 del monument: una entitat fluida, fragmentada i en constant metamorfosi digital.<br><br> <\/p><p> <\/p><h4>Sobre els artistes<\/h4><p>Lena Trapp (1974) \u00e9s una artista visual radicada a G\u00f6teborg, Su\u00e8cia. Treballa principalment amb escultures, instal\u00b7lacions i imatges en moviment, creant entorns immersius on s&#8217;entrecreuen elements f\u00edsics i digitals. A trav\u00e9s de temes com la identitat, la corpore\u00eftat i les relacions, Trapp es mou entre l&#8217;hum\u00e0 i l&#8217;artificial, el material i el virtual. Les seves obres es caracteritzen per una forta pres\u00e8ncia f\u00edsica en la qual les formes org\u00e0niques es fusionen amb materials industrials. La seva pr\u00e0ctica explora espais interiors i exteriors on s&#8217;entrecreuen capes de temps, mem\u00f2ria i percepci\u00f3, plantejant preguntes sobre com, en temps de creixent tecnologizaci\u00f3n, ens percebem a nosaltres mateixos i el nostre lloc en el m\u00f3n.    <\/p><p>Love Antell (1980) \u00e9s un artista multim\u00e8dia, il\u00b7lustrador i artista musical radicat a Estocolm, Su\u00e8cia. Crea experi\u00e8ncies digitals com a art p\u00fablic per a projectes de desenvolupament urb\u00e0 i museus, explorant la relaci\u00f3 entre els mitjans digitals i la mem\u00f2ria cultural. Dirigeix un projecte de recerca art\u00edstica afiliat a l&#8217;Institut d&#8217;Estudis del Futur que aborda la digitalitzaci\u00f3 de monuments existents amb un patrimoni cultural dissonant, q\u00fcestionant com les narratives hist\u00f2riques es reinterpreten i remodelen en contextos digitals contemporanis.  <\/p><p> <\/p><h4>Tech Partners<\/h4><p><strong>Masahiro Yamaguchi<\/strong> \u00e9s el cofundador i CEO de STYLY, Inc. Amb una experi\u00e8ncia que abasta la direcci\u00f3 d&#8217;empreses cotitzades en borsa, estudis d&#8217;enginyeria en el MIT i emprenedoria, est\u00e0 construint STYLY com una plataforma per a l&#8217;era de la computaci\u00f3 espacial, connectant experi\u00e8ncies digitals a l&#8217;espai del m\u00f3n real. <\/p><p><strong>STYLY <\/strong>\u00e9s una plataforma de capes espacials per a l&#8217;era de la &#8220;Computaci\u00f3 Espacial&#8221;, unint els \u00e0mbits digitals i f\u00edsics. La plataforma permet la creaci\u00f3 i distribuci\u00f3 de contingut digital dirigit tant a les capes p\u00fabliques en els espais urbans i instal\u00b7lacions com a les capes personals al voltant de l&#8217;individu. Tenen una comunitat global de m\u00e9s de 100.000 creadors, amb m\u00e9s de 200.000 continguts digitals distribu\u00efts. Ofereix una diversa gamma de contingut digital, incloent-hi art, m\u00fasica, moda i v\u00eddeos, enviats per creadors a tot el m\u00f3n. Ofereix una diversa gamma de contingut digital, incloent-hi art, m\u00fasica, moda i v\u00eddeos, enviats per creadors a tot el m\u00f3n.   <\/p>\t\t\t\t\t\t\t\t<\/div>\n\t\t\t\t<\/div>\n\t\t\t\t\t<\/div>\n\t\t\t\t<\/div>\n\t\t<div class=\"elementor-element elementor-element-5393c8e e-flex e-con-boxed e-con e-parent\" data-id=\"5393c8e\" data-element_type=\"container\">\n\t\t\t\t\t<div class=\"e-con-inner\">\n\t\t\t\t<div class=\"elementor-element elementor-element-da3231d elementor-arrows-position-inside elementor-pagination-position-outside elementor-widget elementor-widget-image-carousel\" data-id=\"da3231d\" data-element_type=\"widget\" data-settings=\"{&quot;navigation&quot;:&quot;both&quot;,&quot;autoplay&quot;:&quot;yes&quot;,&quot;pause_on_hover&quot;:&quot;yes&quot;,&quot;pause_on_interaction&quot;:&quot;yes&quot;,&quot;autoplay_speed&quot;:5000,&quot;infinite&quot;:&quot;yes&quot;,&quot;speed&quot;:500}\" data-widget_type=\"image-carousel.default\">\n\t\t\t\t<div class=\"elementor-widget-container\">\n\t\t\t\t\t\t\t<div class=\"elementor-image-carousel-wrapper swiper\" role=\"region\" aria-roledescription=\"carousel\" aria-label=\"Carrusel de im\u00e1genes\" dir=\"ltr\">\n\t\t\t<div class=\"elementor-image-carousel swiper-wrapper\" aria-live=\"off\">\n\t\t\t\t\t\t\t\t<div class=\"swiper-slide\" role=\"group\" aria-roledescription=\"slide\" aria-label=\"1 de 6\"><figure class=\"swiper-slide-inner\"><img decoding=\"async\" class=\"swiper-slide-image\" src=\"https:\/\/nubialabs.com\/wp-content\/uploads\/2026\/03\/5-768x432.webp\" alt=\"digital monuments\" \/><\/figure><\/div><div class=\"swiper-slide\" role=\"group\" aria-roledescription=\"slide\" aria-label=\"2 de 6\"><figure class=\"swiper-slide-inner\"><img decoding=\"async\" class=\"swiper-slide-image\" src=\"https:\/\/nubialabs.com\/wp-content\/uploads\/2026\/03\/4-768x432.webp\" alt=\"digital monuments\" \/><\/figure><\/div><div class=\"swiper-slide\" role=\"group\" aria-roledescription=\"slide\" aria-label=\"3 de 6\"><figure class=\"swiper-slide-inner\"><img decoding=\"async\" class=\"swiper-slide-image\" src=\"https:\/\/nubialabs.com\/wp-content\/uploads\/2026\/03\/3-768x432.webp\" alt=\"digital monuments\" \/><\/figure><\/div><div class=\"swiper-slide\" role=\"group\" aria-roledescription=\"slide\" aria-label=\"4 de 6\"><figure class=\"swiper-slide-inner\"><img decoding=\"async\" class=\"swiper-slide-image\" src=\"https:\/\/nubialabs.com\/wp-content\/uploads\/2026\/03\/1-768x432.webp\" alt=\"digital monuments\" \/><\/figure><\/div><div class=\"swiper-slide\" role=\"group\" aria-roledescription=\"slide\" aria-label=\"5 de 6\"><figure class=\"swiper-slide-inner\"><img decoding=\"async\" class=\"swiper-slide-image\" src=\"https:\/\/nubialabs.com\/wp-content\/uploads\/2026\/03\/6-768x432.webp\" alt=\"digital monuments\" \/><\/figure><\/div><div class=\"swiper-slide\" role=\"group\" aria-roledescription=\"slide\" aria-label=\"6 de 6\"><figure class=\"swiper-slide-inner\"><img decoding=\"async\" class=\"swiper-slide-image\" src=\"https:\/\/nubialabs.com\/wp-content\/uploads\/2026\/03\/2-768x432.webp\" alt=\"digital monuments\" \/><\/figure><\/div>\t\t\t<\/div>\n\t\t\t\t\t\t\t\t\t\t\t\t<div class=\"elementor-swiper-button elementor-swiper-button-prev\" role=\"button\" tabindex=\"0\">\n\t\t\t\t\t\t<i aria-hidden=\"true\" class=\"eicon-chevron-left\"><\/i>\t\t\t\t\t<\/div>\n\t\t\t\t\t<div class=\"elementor-swiper-button elementor-swiper-button-next\" role=\"button\" tabindex=\"0\">\n\t\t\t\t\t\t<i aria-hidden=\"true\" class=\"eicon-chevron-right\"><\/i>\t\t\t\t\t<\/div>\n\t\t\t\t\n\t\t\t\t\t\t\t\t\t<div class=\"swiper-pagination\"><\/div>\n\t\t\t\t\t\t\t\t\t<\/div>\n\t\t\t\t\t\t<\/div>\n\t\t\t\t<\/div>\n\t\t\t\t\t<\/div>\n\t\t\t\t<\/div>\n\t\t\t\t<\/div>\n\t\t","protected":false},"excerpt":{"rendered":"<p>Digital monuments &#8211; An Additional Layer El passat 5 de mar\u00e7 de 2026, es va presentar Digital Monuments, un di\u00e0leg art\u00edstic entre Lena Trapp i Love<span class=\"excerpt-hellip\"> [\u2026]<\/span><\/p>\n","protected":false},"author":7,"featured_media":0,"parent":0,"menu_order":0,"comment_status":"closed","ping_status":"closed","template":"","meta":{"footnotes":""},"class_list":["post-5707","page","type-page","status-publish","hentry"],"yoast_head":"<!-- This site is optimized with the Yoast SEO plugin v25.5 - https:\/\/yoast.com\/wordpress\/plugins\/seo\/ -->\n<title>Digital monuments - An Additional Layer<\/title>\n<meta name=\"description\" content=\"Digital Monuments, un di\u00e0leg entre els artistes Lena Trapp, Love Antell i la col\u00b7laboraci\u00f3 de Masahiro Yamaguchi.\" \/>\n<meta name=\"robots\" content=\"index, follow, max-snippet:-1, max-image-preview:large, max-video-preview:-1\" \/>\n<link rel=\"canonical\" href=\"https:\/\/nubialabs.com\/ca\/digital-monuments-an-additional-layer\/\" \/>\n<meta property=\"og:locale\" content=\"ca_ES\" \/>\n<meta property=\"og:type\" content=\"article\" \/>\n<meta property=\"og:title\" content=\"Digital monuments - An Additional Layer\" \/>\n<meta property=\"og:description\" content=\"Digital Monuments, un di\u00e0leg entre els artistes Lena Trapp, Love Antell i la col\u00b7laboraci\u00f3 de Masahiro Yamaguchi.\" \/>\n<meta property=\"og:url\" content=\"https:\/\/nubialabs.com\/ca\/digital-monuments-an-additional-layer\/\" \/>\n<meta property=\"og:site_name\" content=\"NubiaLabs\" \/>\n<meta property=\"article:modified_time\" content=\"2026-03-19T12:55:23+00:00\" \/>\n<meta property=\"og:image\" content=\"https:\/\/nubialabs.com\/wp-content\/uploads\/2023\/05\/ai2-sep1.svg\" \/>\n<meta name=\"twitter:card\" content=\"summary_large_image\" \/>\n<meta name=\"twitter:label1\" content=\"Temps estimat de lectura\" \/>\n\t<meta name=\"twitter:data1\" content=\"7 minuts\" \/>\n<script type=\"application\/ld+json\" class=\"yoast-schema-graph\">{\"@context\":\"https:\/\/schema.org\",\"@graph\":[{\"@type\":\"WebPage\",\"@id\":\"https:\/\/nubialabs.com\/ca\/digital-monuments-an-additional-layer\/\",\"url\":\"https:\/\/nubialabs.com\/ca\/digital-monuments-an-additional-layer\/\",\"name\":\"Digital monuments - An Additional Layer\",\"isPartOf\":{\"@id\":\"https:\/\/nubialabs.com\/ca\/#website\"},\"primaryImageOfPage\":{\"@id\":\"https:\/\/nubialabs.com\/ca\/digital-monuments-an-additional-layer\/#primaryimage\"},\"image\":{\"@id\":\"https:\/\/nubialabs.com\/ca\/digital-monuments-an-additional-layer\/#primaryimage\"},\"thumbnailUrl\":\"https:\/\/nubialabs.com\/wp-content\/uploads\/2023\/05\/ai2-sep1.svg\",\"datePublished\":\"2026-03-19T11:16:55+00:00\",\"dateModified\":\"2026-03-19T12:55:23+00:00\",\"description\":\"Digital Monuments, un di\u00e0leg entre els artistes Lena Trapp, Love Antell i la col\u00b7laboraci\u00f3 de Masahiro Yamaguchi.\",\"breadcrumb\":{\"@id\":\"https:\/\/nubialabs.com\/ca\/digital-monuments-an-additional-layer\/#breadcrumb\"},\"inLanguage\":\"ca\",\"potentialAction\":[{\"@type\":\"ReadAction\",\"target\":[\"https:\/\/nubialabs.com\/ca\/digital-monuments-an-additional-layer\/\"]}]},{\"@type\":\"ImageObject\",\"inLanguage\":\"ca\",\"@id\":\"https:\/\/nubialabs.com\/ca\/digital-monuments-an-additional-layer\/#primaryimage\",\"url\":\"https:\/\/nubialabs.com\/wp-content\/uploads\/2023\/05\/ai2-sep1.svg\",\"contentUrl\":\"https:\/\/nubialabs.com\/wp-content\/uploads\/2023\/05\/ai2-sep1.svg\"},{\"@type\":\"BreadcrumbList\",\"@id\":\"https:\/\/nubialabs.com\/ca\/digital-monuments-an-additional-layer\/#breadcrumb\",\"itemListElement\":[{\"@type\":\"ListItem\",\"position\":1,\"name\":\"Portada\",\"item\":\"https:\/\/nubialabs.com\/ca\/\"},{\"@type\":\"ListItem\",\"position\":2,\"name\":\"Digital monuments &#8211; An Additional Layer\"}]},{\"@type\":\"WebSite\",\"@id\":\"https:\/\/nubialabs.com\/ca\/#website\",\"url\":\"https:\/\/nubialabs.com\/ca\/\",\"name\":\"NubiaLabs\",\"description\":\"Incubadora de proyectos art\u00edsticos\",\"publisher\":{\"@id\":\"https:\/\/nubialabs.com\/ca\/#organization\"},\"potentialAction\":[{\"@type\":\"SearchAction\",\"target\":{\"@type\":\"EntryPoint\",\"urlTemplate\":\"https:\/\/nubialabs.com\/ca\/?s={search_term_string}\"},\"query-input\":{\"@type\":\"PropertyValueSpecification\",\"valueRequired\":true,\"valueName\":\"search_term_string\"}}],\"inLanguage\":\"ca\"},{\"@type\":\"Organization\",\"@id\":\"https:\/\/nubialabs.com\/ca\/#organization\",\"name\":\"NubiaLabs\",\"url\":\"https:\/\/nubialabs.com\/ca\/\",\"logo\":{\"@type\":\"ImageObject\",\"inLanguage\":\"ca\",\"@id\":\"https:\/\/nubialabs.com\/ca\/#\/schema\/logo\/image\/\",\"url\":\"https:\/\/nubialabs.com\/wp-content\/uploads\/2023\/10\/Nubialabs_color.webp\",\"contentUrl\":\"https:\/\/nubialabs.com\/wp-content\/uploads\/2023\/10\/Nubialabs_color.webp\",\"width\":2000,\"height\":2000,\"caption\":\"NubiaLabs\"},\"image\":{\"@id\":\"https:\/\/nubialabs.com\/ca\/#\/schema\/logo\/image\/\"}}]}<\/script>\n<!-- \/ Yoast SEO plugin. -->","yoast_head_json":{"title":"Digital monuments - An Additional Layer","description":"Digital Monuments, un di\u00e0leg entre els artistes Lena Trapp, Love Antell i la col\u00b7laboraci\u00f3 de Masahiro Yamaguchi.","robots":{"index":"index","follow":"follow","max-snippet":"max-snippet:-1","max-image-preview":"max-image-preview:large","max-video-preview":"max-video-preview:-1"},"canonical":"https:\/\/nubialabs.com\/ca\/digital-monuments-an-additional-layer\/","og_locale":"ca_ES","og_type":"article","og_title":"Digital monuments - An Additional Layer","og_description":"Digital Monuments, un di\u00e0leg entre els artistes Lena Trapp, Love Antell i la col\u00b7laboraci\u00f3 de Masahiro Yamaguchi.","og_url":"https:\/\/nubialabs.com\/ca\/digital-monuments-an-additional-layer\/","og_site_name":"NubiaLabs","article_modified_time":"2026-03-19T12:55:23+00:00","og_image":[{"url":"https:\/\/nubialabs.com\/wp-content\/uploads\/2023\/05\/ai2-sep1.svg","type":"","width":"","height":""}],"twitter_card":"summary_large_image","twitter_misc":{"Temps estimat de lectura":"7 minuts"},"schema":{"@context":"https:\/\/schema.org","@graph":[{"@type":"WebPage","@id":"https:\/\/nubialabs.com\/ca\/digital-monuments-an-additional-layer\/","url":"https:\/\/nubialabs.com\/ca\/digital-monuments-an-additional-layer\/","name":"Digital monuments - An Additional Layer","isPartOf":{"@id":"https:\/\/nubialabs.com\/ca\/#website"},"primaryImageOfPage":{"@id":"https:\/\/nubialabs.com\/ca\/digital-monuments-an-additional-layer\/#primaryimage"},"image":{"@id":"https:\/\/nubialabs.com\/ca\/digital-monuments-an-additional-layer\/#primaryimage"},"thumbnailUrl":"https:\/\/nubialabs.com\/wp-content\/uploads\/2023\/05\/ai2-sep1.svg","datePublished":"2026-03-19T11:16:55+00:00","dateModified":"2026-03-19T12:55:23+00:00","description":"Digital Monuments, un di\u00e0leg entre els artistes Lena Trapp, Love Antell i la col\u00b7laboraci\u00f3 de Masahiro Yamaguchi.","breadcrumb":{"@id":"https:\/\/nubialabs.com\/ca\/digital-monuments-an-additional-layer\/#breadcrumb"},"inLanguage":"ca","potentialAction":[{"@type":"ReadAction","target":["https:\/\/nubialabs.com\/ca\/digital-monuments-an-additional-layer\/"]}]},{"@type":"ImageObject","inLanguage":"ca","@id":"https:\/\/nubialabs.com\/ca\/digital-monuments-an-additional-layer\/#primaryimage","url":"https:\/\/nubialabs.com\/wp-content\/uploads\/2023\/05\/ai2-sep1.svg","contentUrl":"https:\/\/nubialabs.com\/wp-content\/uploads\/2023\/05\/ai2-sep1.svg"},{"@type":"BreadcrumbList","@id":"https:\/\/nubialabs.com\/ca\/digital-monuments-an-additional-layer\/#breadcrumb","itemListElement":[{"@type":"ListItem","position":1,"name":"Portada","item":"https:\/\/nubialabs.com\/ca\/"},{"@type":"ListItem","position":2,"name":"Digital monuments &#8211; An Additional Layer"}]},{"@type":"WebSite","@id":"https:\/\/nubialabs.com\/ca\/#website","url":"https:\/\/nubialabs.com\/ca\/","name":"NubiaLabs","description":"Incubadora de proyectos art\u00edsticos","publisher":{"@id":"https:\/\/nubialabs.com\/ca\/#organization"},"potentialAction":[{"@type":"SearchAction","target":{"@type":"EntryPoint","urlTemplate":"https:\/\/nubialabs.com\/ca\/?s={search_term_string}"},"query-input":{"@type":"PropertyValueSpecification","valueRequired":true,"valueName":"search_term_string"}}],"inLanguage":"ca"},{"@type":"Organization","@id":"https:\/\/nubialabs.com\/ca\/#organization","name":"NubiaLabs","url":"https:\/\/nubialabs.com\/ca\/","logo":{"@type":"ImageObject","inLanguage":"ca","@id":"https:\/\/nubialabs.com\/ca\/#\/schema\/logo\/image\/","url":"https:\/\/nubialabs.com\/wp-content\/uploads\/2023\/10\/Nubialabs_color.webp","contentUrl":"https:\/\/nubialabs.com\/wp-content\/uploads\/2023\/10\/Nubialabs_color.webp","width":2000,"height":2000,"caption":"NubiaLabs"},"image":{"@id":"https:\/\/nubialabs.com\/ca\/#\/schema\/logo\/image\/"}}]}},"_links":{"self":[{"href":"https:\/\/nubialabs.com\/ca\/wp-json\/wp\/v2\/pages\/5707","targetHints":{"allow":["GET"]}}],"collection":[{"href":"https:\/\/nubialabs.com\/ca\/wp-json\/wp\/v2\/pages"}],"about":[{"href":"https:\/\/nubialabs.com\/ca\/wp-json\/wp\/v2\/types\/page"}],"author":[{"embeddable":true,"href":"https:\/\/nubialabs.com\/ca\/wp-json\/wp\/v2\/users\/7"}],"replies":[{"embeddable":true,"href":"https:\/\/nubialabs.com\/ca\/wp-json\/wp\/v2\/comments?post=5707"}],"version-history":[{"count":9,"href":"https:\/\/nubialabs.com\/ca\/wp-json\/wp\/v2\/pages\/5707\/revisions"}],"predecessor-version":[{"id":5789,"href":"https:\/\/nubialabs.com\/ca\/wp-json\/wp\/v2\/pages\/5707\/revisions\/5789"}],"wp:attachment":[{"href":"https:\/\/nubialabs.com\/ca\/wp-json\/wp\/v2\/media?parent=5707"}],"curies":[{"name":"wp","href":"https:\/\/api.w.org\/{rel}","templated":true}]}}