{"id":5793,"date":"2026-03-19T13:06:38","date_gmt":"2026-03-19T12:06:38","guid":{"rendered":"https:\/\/nubialabs.com\/?page_id=5793"},"modified":"2026-03-24T12:15:34","modified_gmt":"2026-03-24T11:15:34","slug":"love-vibes-immersive-xr-experience-a-lise-2026","status":"publish","type":"page","link":"https:\/\/nubialabs.com\/ca\/love-vibes-immersive-xr-experience-a-lise-2026\/","title":{"rendered":"Love Vibes \u2014 Immersive XR Experience a l&#8217;ISE 2026"},"content":{"rendered":"\t\t<div data-elementor-type=\"wp-page\" data-elementor-id=\"5793\" class=\"elementor elementor-5793 elementor-5791\">\n\t\t\t\t<div class=\"elementor-element elementor-element-f3a62cd e-flex e-con-boxed e-con e-parent\" data-id=\"f3a62cd\" data-element_type=\"container\">\n\t\t\t\t\t<div class=\"e-con-inner\">\n\t\t\t\t<div class=\"elementor-element elementor-element-025634e elementor-widget elementor-widget-heading\" data-id=\"025634e\" data-element_type=\"widget\" data-widget_type=\"heading.default\">\n\t\t\t\t<div class=\"elementor-widget-container\">\n\t\t\t\t\t<h1 class=\"elementor-heading-title elementor-size-default\">Love Vibes \u2014 Immersive XR Experience a l'ISE 2026<\/h1>\t\t\t\t<\/div>\n\t\t\t\t<\/div>\n\t\t\t\t\t<\/div>\n\t\t\t\t<\/div>\n\t\t<div class=\"elementor-element elementor-element-0e89c7f e-flex e-con-boxed e-con e-parent\" data-id=\"0e89c7f\" data-element_type=\"container\">\n\t\t\t\t\t<div class=\"e-con-inner\">\n\t\t\t\t<div class=\"elementor-element elementor-element-7162d66 elementor-widget elementor-widget-image\" data-id=\"7162d66\" data-element_type=\"widget\" data-widget_type=\"image.default\">\n\t\t\t\t<div class=\"elementor-widget-container\">\n\t\t\t\t\t\t\t\t\t\t\t\t\t\t\t<img decoding=\"async\" src=\"https:\/\/nubialabs.com\/wp-content\/uploads\/2023\/05\/ai2-sep1.svg\" title=\"\" alt=\"\" loading=\"lazy\" \/>\t\t\t\t\t\t\t\t\t\t\t\t\t\t\t<\/div>\n\t\t\t\t<\/div>\n\t\t\t\t\t<\/div>\n\t\t\t\t<\/div>\n\t\t<div class=\"elementor-element elementor-element-8062903 e-flex e-con-boxed e-con e-parent\" data-id=\"8062903\" data-element_type=\"container\">\n\t\t\t\t\t<div class=\"e-con-inner\">\n\t\t\t\t<div class=\"elementor-element elementor-element-79f62ca elementor-widget elementor-widget-image\" data-id=\"79f62ca\" data-element_type=\"widget\" data-widget_type=\"image.default\">\n\t\t\t\t<div class=\"elementor-widget-container\">\n\t\t\t\t\t\t\t\t\t\t\t\t\t\t\t<img fetchpriority=\"high\" decoding=\"async\" width=\"768\" height=\"960\" src=\"https:\/\/nubialabs.com\/wp-content\/uploads\/2026\/03\/Love-Vibes-ISE-CAT-768x960.webp\" class=\"attachment-medium_large size-medium_large wp-image-5816\" alt=\"love vibes - ise 2026\" srcset=\"https:\/\/nubialabs.com\/wp-content\/uploads\/2026\/03\/Love-Vibes-ISE-CAT-768x960.webp 768w, https:\/\/nubialabs.com\/wp-content\/uploads\/2026\/03\/Love-Vibes-ISE-CAT-400x500.webp 400w, https:\/\/nubialabs.com\/wp-content\/uploads\/2026\/03\/Love-Vibes-ISE-CAT-240x300.webp 240w, https:\/\/nubialabs.com\/wp-content\/uploads\/2026\/03\/Love-Vibes-ISE-CAT-60x75.webp 60w, https:\/\/nubialabs.com\/wp-content\/uploads\/2026\/03\/Love-Vibes-ISE-CAT-480x600.webp 480w\" sizes=\"(max-width:767px) 480px, (max-width:768px) 100vw, 768px\" \/>\t\t\t\t\t\t\t\t\t\t\t\t\t\t\t<\/div>\n\t\t\t\t<\/div>\n\t\t\t\t<div class=\"elementor-element elementor-element-37e2362 elementor-widget elementor-widget-text-editor\" data-id=\"37e2362\" data-element_type=\"widget\" data-widget_type=\"text-editor.default\">\n\t\t\t\t<div class=\"elementor-widget-container\">\n\t\t\t\t\t\t\t\t\t<p>Durant la <strong>fira ISE 2026<\/strong> a Barcelona, una de les principals exposicions mundials de sistemes audiovisuals i integrats, en el marc de Nubia Labs va ser present<strong> Love Vibes<\/strong> com un dels punts culminants del <strong>Happy Hour de la confer\u00e8ncia SPARKS.<\/strong><\/p><p>Aquesta experi\u00e8ncia immersiva de XR va servir com una cru\u00eflla on la realitat virtual, la dansa contempor\u00e0nia i la intel\u00b7lig\u00e8ncia artificial van convergir per a fomentar un espai compartit d&#8217;empatia, pres\u00e8ncia i profunda connexi\u00f3 humana.<\/p><p>Love Vibes utilitza la dansa com un llenguatge universal per a explorar com ens relacionem els uns amb els altres en entorns virtuals. L&#8217;activaci\u00f3 va ser un viatge participatiu on el moviment i la tecnologia es van difuminar. Els participants, equipats amb auriculars XR proporcionats per ESPRONCEDA, van entrar en un \u00e0mbit digital din\u00e0mic que va reaccionar en temps real a la m\u00fasica en viu de @pharxohg.<\/p><p>\u00a0<\/p><h4>Sobre Love Vibes<\/h4><p>Love Vibes fusiona la realitat virtual, la dansa i la percepci\u00f3 subjectiva en una experi\u00e8ncia participativa immersiva. Reaccionant a la m\u00fasica en viu, s&#8217;adapta din\u00e0micament a trav\u00e9s d&#8217;entorns visuals sincronitzats amb el ritme, el tempo i el g\u00e8nere, oferint als participants un espai compartit d&#8217;empatia, pres\u00e8ncia i resson\u00e0ncia emocional.<\/p><p>Dissenyada per a festivals, esdeveniments culturals i reunions col\u00b7lectives, l&#8217;experi\u00e8ncia fomenta <strong>la connexi\u00f3, la inclusi\u00f3 i la llibertat d&#8217;expressi\u00f3<\/strong>. Crea un ambient psicod\u00e8lic i sensorial utilitzant filtres de color, part\u00edcules i visuals generatius, celebrant el moviment hum\u00e0 i l&#8217;expressi\u00f3 encarnada. M\u00e9s enll\u00e0 de l&#8217;espectacle, Love Vibes explora la veritat, la percepci\u00f3, la consci\u00e8ncia i l&#8217;empatia, imaginant un espai digital sense judicis que transcendeix les etiquetes i la separaci\u00f3. Convida als participants a una experi\u00e8ncia col\u00b7lectiva transformadora, basada en la pres\u00e8ncia, la connexi\u00f3 i la humanitat compartida.<\/p><p>Love Vibes imagina un futur on els espais digitals no s\u00f3n a\u00efllants, sin\u00f3 experi\u00e8ncies col\u00b7lectives transformadores basades en la humanitat i la consci\u00e8ncia compartides.<\/p>\t\t\t\t\t\t\t\t<\/div>\n\t\t\t\t<\/div>\n\t\t\t\t\t<\/div>\n\t\t\t\t<\/div>\n\t\t<div class=\"elementor-element elementor-element-5393c8e e-flex e-con-boxed e-con e-parent\" data-id=\"5393c8e\" data-element_type=\"container\">\n\t\t\t\t\t<div class=\"e-con-inner\">\n\t\t\t\t<div class=\"elementor-element elementor-element-da3231d elementor-arrows-position-inside elementor-pagination-position-outside elementor-widget elementor-widget-image-carousel\" data-id=\"da3231d\" data-element_type=\"widget\" data-settings=\"{&quot;navigation&quot;:&quot;both&quot;,&quot;autoplay&quot;:&quot;yes&quot;,&quot;pause_on_hover&quot;:&quot;yes&quot;,&quot;pause_on_interaction&quot;:&quot;yes&quot;,&quot;autoplay_speed&quot;:5000,&quot;infinite&quot;:&quot;yes&quot;,&quot;speed&quot;:500}\" data-widget_type=\"image-carousel.default\">\n\t\t\t\t<div class=\"elementor-widget-container\">\n\t\t\t\t\t\t\t<div class=\"elementor-image-carousel-wrapper swiper\" role=\"region\" aria-roledescription=\"carousel\" aria-label=\"Carrusel de im\u00e1genes\" dir=\"ltr\">\n\t\t\t<div class=\"elementor-image-carousel swiper-wrapper\" aria-live=\"off\">\n\t\t\t\t\t\t\t\t<div class=\"swiper-slide\" role=\"group\" aria-roledescription=\"slide\" aria-label=\"1 de 6\"><figure class=\"swiper-slide-inner\"><img decoding=\"async\" class=\"swiper-slide-image\" src=\"https:\/\/nubialabs.com\/wp-content\/uploads\/2026\/03\/6-768x960.png\" alt=\"love vibes\" \/><\/figure><\/div><div class=\"swiper-slide\" role=\"group\" aria-roledescription=\"slide\" aria-label=\"2 de 6\"><figure class=\"swiper-slide-inner\"><img decoding=\"async\" class=\"swiper-slide-image\" src=\"https:\/\/nubialabs.com\/wp-content\/uploads\/2026\/03\/1-768x960.png\" alt=\"love vibes\" \/><\/figure><\/div><div class=\"swiper-slide\" role=\"group\" aria-roledescription=\"slide\" aria-label=\"3 de 6\"><figure class=\"swiper-slide-inner\"><img decoding=\"async\" class=\"swiper-slide-image\" src=\"https:\/\/nubialabs.com\/wp-content\/uploads\/2026\/03\/2-768x960.png\" alt=\"love vibes\" \/><\/figure><\/div><div class=\"swiper-slide\" role=\"group\" aria-roledescription=\"slide\" aria-label=\"4 de 6\"><figure class=\"swiper-slide-inner\"><img decoding=\"async\" class=\"swiper-slide-image\" src=\"https:\/\/nubialabs.com\/wp-content\/uploads\/2026\/03\/4-768x960.png\" alt=\"love vibes\" \/><\/figure><\/div><div class=\"swiper-slide\" role=\"group\" aria-roledescription=\"slide\" aria-label=\"5 de 6\"><figure class=\"swiper-slide-inner\"><img decoding=\"async\" class=\"swiper-slide-image\" src=\"https:\/\/nubialabs.com\/wp-content\/uploads\/2026\/03\/3-768x960.png\" alt=\"love vibes\" \/><\/figure><\/div><div class=\"swiper-slide\" role=\"group\" aria-roledescription=\"slide\" aria-label=\"6 de 6\"><figure class=\"swiper-slide-inner\"><img decoding=\"async\" class=\"swiper-slide-image\" src=\"https:\/\/nubialabs.com\/wp-content\/uploads\/2026\/03\/5-768x960.png\" alt=\"love vibes\" \/><\/figure><\/div>\t\t\t<\/div>\n\t\t\t\t\t\t\t\t\t\t\t\t<div class=\"elementor-swiper-button elementor-swiper-button-prev\" role=\"button\" tabindex=\"0\">\n\t\t\t\t\t\t<i aria-hidden=\"true\" class=\"eicon-chevron-left\"><\/i>\t\t\t\t\t<\/div>\n\t\t\t\t\t<div class=\"elementor-swiper-button elementor-swiper-button-next\" role=\"button\" tabindex=\"0\">\n\t\t\t\t\t\t<i aria-hidden=\"true\" class=\"eicon-chevron-right\"><\/i>\t\t\t\t\t<\/div>\n\t\t\t\t\n\t\t\t\t\t\t\t\t\t<div class=\"swiper-pagination\"><\/div>\n\t\t\t\t\t\t\t\t\t<\/div>\n\t\t\t\t\t\t<\/div>\n\t\t\t\t<\/div>\n\t\t\t\t\t<\/div>\n\t\t\t\t<\/div>\n\t\t<div class=\"elementor-element elementor-element-95e2d79 e-flex e-con-boxed e-con e-parent\" data-id=\"95e2d79\" data-element_type=\"container\">\n\t\t\t\t\t<div class=\"e-con-inner\">\n\t\t\t\t<div class=\"elementor-element elementor-element-84402f1 elementor-widget elementor-widget-text-editor\" data-id=\"84402f1\" data-element_type=\"widget\" data-widget_type=\"text-editor.default\">\n\t\t\t\t<div class=\"elementor-widget-container\">\n\t\t\t\t\t\t\t\t\t<h4>Veure l&#8217;experi\u00e8ncia<\/h4><p>Per a complementar la teva comprensi\u00f3 de Love Vibes, et convidem a veure el v\u00eddeo oficial del projecte en YouTube.<br>Aquest v\u00eddeo ofereix una mirada immersiva sobre com la realitat virtual, el ball, la m\u00fasica en viu i els visuals generatius interactuen dins de l&#8217;entorn de Love Vibes &#8211; capturant la din\u00e0mica interacci\u00f3 de moviment, so i pres\u00e8ncia col\u00b7lectiva que defineix l&#8217;experi\u00e8ncia.<\/p>\t\t\t\t\t\t\t\t<\/div>\n\t\t\t\t<\/div>\n\t\t\t\t<div class=\"elementor-element elementor-element-0f9e468 elementor-widget elementor-widget-video\" data-id=\"0f9e468\" data-element_type=\"widget\" data-settings=\"{&quot;youtube_url&quot;:&quot;https:\\\/\\\/www.youtube.com\\\/watch?v=iQxuHk85WaY&quot;,&quot;video_type&quot;:&quot;youtube&quot;,&quot;controls&quot;:&quot;yes&quot;}\" data-widget_type=\"video.default\">\n\t\t\t\t<div class=\"elementor-widget-container\">\n\t\t\t\t\t\t\t<div class=\"elementor-wrapper elementor-open-inline\">\n\t\t\t<div class=\"elementor-video\"><\/div>\t\t<\/div>\n\t\t\t\t\t\t<\/div>\n\t\t\t\t<\/div>\n\t\t\t\t\t<\/div>\n\t\t\t\t<\/div>\n\t\t\t\t<\/div>\n\t\t","protected":false},"excerpt":{"rendered":"<p>Love Vibes \u2014 Immersive XR Experience a l&#8217;ISE 2026 Durant la fira ISE 2026 a Barcelona, una de les principals exposicions mundials de sistemes audiovisuals i<span class=\"excerpt-hellip\"> [\u2026]<\/span><\/p>\n","protected":false},"author":7,"featured_media":0,"parent":0,"menu_order":0,"comment_status":"closed","ping_status":"closed","template":"","meta":{"footnotes":""},"class_list":["post-5793","page","type-page","status-publish","hentry"],"yoast_head":"<!-- This site is optimized with the Yoast SEO plugin v25.5 - https:\/\/yoast.com\/wordpress\/plugins\/seo\/ -->\n<title>Love Vibes \u2014 Immersive XR Experience a l&#039;ISE 2026<\/title>\n<meta name=\"description\" content=\"En el marc de Nubia Labs va ser present Love Vibes com un punt culminant del Happy Hour de la Confer\u00e8ncia SPARKS.\" \/>\n<meta name=\"robots\" content=\"index, follow, max-snippet:-1, max-image-preview:large, max-video-preview:-1\" \/>\n<link rel=\"canonical\" href=\"https:\/\/nubialabs.com\/ca\/love-vibes-immersive-xr-experience-a-lise-2026\/\" \/>\n<meta property=\"og:locale\" content=\"ca_ES\" \/>\n<meta property=\"og:type\" content=\"article\" \/>\n<meta property=\"og:title\" content=\"Love Vibes \u2014 Immersive XR Experience a l&#039;ISE 2026\" \/>\n<meta property=\"og:description\" content=\"En el marc de Nubia Labs va ser present Love Vibes com un punt culminant del Happy Hour de la Confer\u00e8ncia SPARKS.\" \/>\n<meta property=\"og:url\" content=\"https:\/\/nubialabs.com\/ca\/love-vibes-immersive-xr-experience-a-lise-2026\/\" \/>\n<meta property=\"og:site_name\" content=\"NubiaLabs\" \/>\n<meta property=\"article:modified_time\" content=\"2026-03-24T11:15:34+00:00\" \/>\n<meta property=\"og:image\" content=\"https:\/\/nubialabs.com\/wp-content\/uploads\/2023\/05\/ai2-sep1.svg\" \/>\n<meta name=\"twitter:card\" content=\"summary_large_image\" \/>\n<meta name=\"twitter:label1\" content=\"Temps estimat de lectura\" \/>\n\t<meta name=\"twitter:data1\" content=\"5 minuts\" \/>\n<script type=\"application\/ld+json\" class=\"yoast-schema-graph\">{\"@context\":\"https:\/\/schema.org\",\"@graph\":[{\"@type\":\"WebPage\",\"@id\":\"https:\/\/nubialabs.com\/ca\/love-vibes-immersive-xr-experience-a-lise-2026\/\",\"url\":\"https:\/\/nubialabs.com\/ca\/love-vibes-immersive-xr-experience-a-lise-2026\/\",\"name\":\"Love Vibes \u2014 Immersive XR Experience a l'ISE 2026\",\"isPartOf\":{\"@id\":\"https:\/\/nubialabs.com\/ca\/#website\"},\"primaryImageOfPage\":{\"@id\":\"https:\/\/nubialabs.com\/ca\/love-vibes-immersive-xr-experience-a-lise-2026\/#primaryimage\"},\"image\":{\"@id\":\"https:\/\/nubialabs.com\/ca\/love-vibes-immersive-xr-experience-a-lise-2026\/#primaryimage\"},\"thumbnailUrl\":\"https:\/\/nubialabs.com\/wp-content\/uploads\/2023\/05\/ai2-sep1.svg\",\"datePublished\":\"2026-03-19T12:06:38+00:00\",\"dateModified\":\"2026-03-24T11:15:34+00:00\",\"description\":\"En el marc de Nubia Labs va ser present Love Vibes com un punt culminant del Happy Hour de la Confer\u00e8ncia SPARKS.\",\"breadcrumb\":{\"@id\":\"https:\/\/nubialabs.com\/ca\/love-vibes-immersive-xr-experience-a-lise-2026\/#breadcrumb\"},\"inLanguage\":\"ca\",\"potentialAction\":[{\"@type\":\"ReadAction\",\"target\":[\"https:\/\/nubialabs.com\/ca\/love-vibes-immersive-xr-experience-a-lise-2026\/\"]}]},{\"@type\":\"ImageObject\",\"inLanguage\":\"ca\",\"@id\":\"https:\/\/nubialabs.com\/ca\/love-vibes-immersive-xr-experience-a-lise-2026\/#primaryimage\",\"url\":\"https:\/\/nubialabs.com\/wp-content\/uploads\/2023\/05\/ai2-sep1.svg\",\"contentUrl\":\"https:\/\/nubialabs.com\/wp-content\/uploads\/2023\/05\/ai2-sep1.svg\"},{\"@type\":\"BreadcrumbList\",\"@id\":\"https:\/\/nubialabs.com\/ca\/love-vibes-immersive-xr-experience-a-lise-2026\/#breadcrumb\",\"itemListElement\":[{\"@type\":\"ListItem\",\"position\":1,\"name\":\"Portada\",\"item\":\"https:\/\/nubialabs.com\/ca\/\"},{\"@type\":\"ListItem\",\"position\":2,\"name\":\"Love Vibes \u2014 Immersive XR Experience a l&#8217;ISE 2026\"}]},{\"@type\":\"WebSite\",\"@id\":\"https:\/\/nubialabs.com\/ca\/#website\",\"url\":\"https:\/\/nubialabs.com\/ca\/\",\"name\":\"NubiaLabs\",\"description\":\"Incubadora de proyectos art\u00edsticos\",\"publisher\":{\"@id\":\"https:\/\/nubialabs.com\/ca\/#organization\"},\"potentialAction\":[{\"@type\":\"SearchAction\",\"target\":{\"@type\":\"EntryPoint\",\"urlTemplate\":\"https:\/\/nubialabs.com\/ca\/?s={search_term_string}\"},\"query-input\":{\"@type\":\"PropertyValueSpecification\",\"valueRequired\":true,\"valueName\":\"search_term_string\"}}],\"inLanguage\":\"ca\"},{\"@type\":\"Organization\",\"@id\":\"https:\/\/nubialabs.com\/ca\/#organization\",\"name\":\"NubiaLabs\",\"url\":\"https:\/\/nubialabs.com\/ca\/\",\"logo\":{\"@type\":\"ImageObject\",\"inLanguage\":\"ca\",\"@id\":\"https:\/\/nubialabs.com\/ca\/#\/schema\/logo\/image\/\",\"url\":\"https:\/\/nubialabs.com\/wp-content\/uploads\/2023\/10\/Nubialabs_color.webp\",\"contentUrl\":\"https:\/\/nubialabs.com\/wp-content\/uploads\/2023\/10\/Nubialabs_color.webp\",\"width\":2000,\"height\":2000,\"caption\":\"NubiaLabs\"},\"image\":{\"@id\":\"https:\/\/nubialabs.com\/ca\/#\/schema\/logo\/image\/\"}}]}<\/script>\n<!-- \/ Yoast SEO plugin. -->","yoast_head_json":{"title":"Love Vibes \u2014 Immersive XR Experience a l'ISE 2026","description":"En el marc de Nubia Labs va ser present Love Vibes com un punt culminant del Happy Hour de la Confer\u00e8ncia SPARKS.","robots":{"index":"index","follow":"follow","max-snippet":"max-snippet:-1","max-image-preview":"max-image-preview:large","max-video-preview":"max-video-preview:-1"},"canonical":"https:\/\/nubialabs.com\/ca\/love-vibes-immersive-xr-experience-a-lise-2026\/","og_locale":"ca_ES","og_type":"article","og_title":"Love Vibes \u2014 Immersive XR Experience a l'ISE 2026","og_description":"En el marc de Nubia Labs va ser present Love Vibes com un punt culminant del Happy Hour de la Confer\u00e8ncia SPARKS.","og_url":"https:\/\/nubialabs.com\/ca\/love-vibes-immersive-xr-experience-a-lise-2026\/","og_site_name":"NubiaLabs","article_modified_time":"2026-03-24T11:15:34+00:00","og_image":[{"url":"https:\/\/nubialabs.com\/wp-content\/uploads\/2023\/05\/ai2-sep1.svg","type":"","width":"","height":""}],"twitter_card":"summary_large_image","twitter_misc":{"Temps estimat de lectura":"5 minuts"},"schema":{"@context":"https:\/\/schema.org","@graph":[{"@type":"WebPage","@id":"https:\/\/nubialabs.com\/ca\/love-vibes-immersive-xr-experience-a-lise-2026\/","url":"https:\/\/nubialabs.com\/ca\/love-vibes-immersive-xr-experience-a-lise-2026\/","name":"Love Vibes \u2014 Immersive XR Experience a l'ISE 2026","isPartOf":{"@id":"https:\/\/nubialabs.com\/ca\/#website"},"primaryImageOfPage":{"@id":"https:\/\/nubialabs.com\/ca\/love-vibes-immersive-xr-experience-a-lise-2026\/#primaryimage"},"image":{"@id":"https:\/\/nubialabs.com\/ca\/love-vibes-immersive-xr-experience-a-lise-2026\/#primaryimage"},"thumbnailUrl":"https:\/\/nubialabs.com\/wp-content\/uploads\/2023\/05\/ai2-sep1.svg","datePublished":"2026-03-19T12:06:38+00:00","dateModified":"2026-03-24T11:15:34+00:00","description":"En el marc de Nubia Labs va ser present Love Vibes com un punt culminant del Happy Hour de la Confer\u00e8ncia SPARKS.","breadcrumb":{"@id":"https:\/\/nubialabs.com\/ca\/love-vibes-immersive-xr-experience-a-lise-2026\/#breadcrumb"},"inLanguage":"ca","potentialAction":[{"@type":"ReadAction","target":["https:\/\/nubialabs.com\/ca\/love-vibes-immersive-xr-experience-a-lise-2026\/"]}]},{"@type":"ImageObject","inLanguage":"ca","@id":"https:\/\/nubialabs.com\/ca\/love-vibes-immersive-xr-experience-a-lise-2026\/#primaryimage","url":"https:\/\/nubialabs.com\/wp-content\/uploads\/2023\/05\/ai2-sep1.svg","contentUrl":"https:\/\/nubialabs.com\/wp-content\/uploads\/2023\/05\/ai2-sep1.svg"},{"@type":"BreadcrumbList","@id":"https:\/\/nubialabs.com\/ca\/love-vibes-immersive-xr-experience-a-lise-2026\/#breadcrumb","itemListElement":[{"@type":"ListItem","position":1,"name":"Portada","item":"https:\/\/nubialabs.com\/ca\/"},{"@type":"ListItem","position":2,"name":"Love Vibes \u2014 Immersive XR Experience a l&#8217;ISE 2026"}]},{"@type":"WebSite","@id":"https:\/\/nubialabs.com\/ca\/#website","url":"https:\/\/nubialabs.com\/ca\/","name":"NubiaLabs","description":"Incubadora de proyectos art\u00edsticos","publisher":{"@id":"https:\/\/nubialabs.com\/ca\/#organization"},"potentialAction":[{"@type":"SearchAction","target":{"@type":"EntryPoint","urlTemplate":"https:\/\/nubialabs.com\/ca\/?s={search_term_string}"},"query-input":{"@type":"PropertyValueSpecification","valueRequired":true,"valueName":"search_term_string"}}],"inLanguage":"ca"},{"@type":"Organization","@id":"https:\/\/nubialabs.com\/ca\/#organization","name":"NubiaLabs","url":"https:\/\/nubialabs.com\/ca\/","logo":{"@type":"ImageObject","inLanguage":"ca","@id":"https:\/\/nubialabs.com\/ca\/#\/schema\/logo\/image\/","url":"https:\/\/nubialabs.com\/wp-content\/uploads\/2023\/10\/Nubialabs_color.webp","contentUrl":"https:\/\/nubialabs.com\/wp-content\/uploads\/2023\/10\/Nubialabs_color.webp","width":2000,"height":2000,"caption":"NubiaLabs"},"image":{"@id":"https:\/\/nubialabs.com\/ca\/#\/schema\/logo\/image\/"}}]}},"_links":{"self":[{"href":"https:\/\/nubialabs.com\/ca\/wp-json\/wp\/v2\/pages\/5793","targetHints":{"allow":["GET"]}}],"collection":[{"href":"https:\/\/nubialabs.com\/ca\/wp-json\/wp\/v2\/pages"}],"about":[{"href":"https:\/\/nubialabs.com\/ca\/wp-json\/wp\/v2\/types\/page"}],"author":[{"embeddable":true,"href":"https:\/\/nubialabs.com\/ca\/wp-json\/wp\/v2\/users\/7"}],"replies":[{"embeddable":true,"href":"https:\/\/nubialabs.com\/ca\/wp-json\/wp\/v2\/comments?post=5793"}],"version-history":[{"count":14,"href":"https:\/\/nubialabs.com\/ca\/wp-json\/wp\/v2\/pages\/5793\/revisions"}],"predecessor-version":[{"id":5858,"href":"https:\/\/nubialabs.com\/ca\/wp-json\/wp\/v2\/pages\/5793\/revisions\/5858"}],"wp:attachment":[{"href":"https:\/\/nubialabs.com\/ca\/wp-json\/wp\/v2\/media?parent=5793"}],"curies":[{"name":"wp","href":"https:\/\/api.w.org\/{rel}","templated":true}]}}