{"id":5867,"date":"2026-04-21T12:17:37","date_gmt":"2026-04-21T10:17:37","guid":{"rendered":"https:\/\/nubialabs.com\/?page_id=5867"},"modified":"2026-04-21T13:53:09","modified_gmt":"2026-04-21T11:53:09","slug":"silenci-en-temps-de-soroll-exposicion-de-regina-saura-i-rita-roqueta","status":"publish","type":"page","link":"https:\/\/nubialabs.com\/ca\/silenci-en-temps-de-soroll-exposicion-de-regina-saura-i-rita-roqueta\/","title":{"rendered":"Silenci en temps de soroll \u2013 Exposici\u00f3n de Regina Saura i Rita Roqueta"},"content":{"rendered":"\t\t<div data-elementor-type=\"wp-page\" data-elementor-id=\"5867\" class=\"elementor elementor-5867 elementor-5865\">\n\t\t\t\t<div class=\"elementor-element elementor-element-f3a62cd e-flex e-con-boxed e-con e-parent\" data-id=\"f3a62cd\" data-element_type=\"container\">\n\t\t\t\t\t<div class=\"e-con-inner\">\n\t\t\t\t<div class=\"elementor-element elementor-element-025634e elementor-widget elementor-widget-heading\" data-id=\"025634e\" data-element_type=\"widget\" data-widget_type=\"heading.default\">\n\t\t\t\t<div class=\"elementor-widget-container\">\n\t\t\t\t\t<h1 class=\"elementor-heading-title elementor-size-default\">Silenci en temps de soroll \u2013 Exposici\u00f3n de Regina Saura i Rita Roqueta\n<\/h1>\t\t\t\t<\/div>\n\t\t\t\t<\/div>\n\t\t\t\t\t<\/div>\n\t\t\t\t<\/div>\n\t\t<div class=\"elementor-element elementor-element-0e89c7f e-flex e-con-boxed e-con e-parent\" data-id=\"0e89c7f\" data-element_type=\"container\">\n\t\t\t\t\t<div class=\"e-con-inner\">\n\t\t\t\t<div class=\"elementor-element elementor-element-7162d66 elementor-widget elementor-widget-image\" data-id=\"7162d66\" data-element_type=\"widget\" data-widget_type=\"image.default\">\n\t\t\t\t<div class=\"elementor-widget-container\">\n\t\t\t\t\t\t\t\t\t\t\t\t\t\t\t<img decoding=\"async\" src=\"https:\/\/nubialabs.com\/wp-content\/uploads\/2023\/05\/ai2-sep1.svg\" title=\"\" alt=\"\" loading=\"lazy\" \/>\t\t\t\t\t\t\t\t\t\t\t\t\t\t\t<\/div>\n\t\t\t\t<\/div>\n\t\t\t\t\t<\/div>\n\t\t\t\t<\/div>\n\t\t<div class=\"elementor-element elementor-element-8062903 e-flex e-con-boxed e-con e-parent\" data-id=\"8062903\" data-element_type=\"container\">\n\t\t\t\t\t<div class=\"e-con-inner\">\n\t\t\t\t<div class=\"elementor-element elementor-element-79f62ca elementor-widget elementor-widget-image\" data-id=\"79f62ca\" data-element_type=\"widget\" data-widget_type=\"image.default\">\n\t\t\t\t<div class=\"elementor-widget-container\">\n\t\t\t\t\t\t\t\t\t\t\t\t\t\t\t<img fetchpriority=\"high\" decoding=\"async\" width=\"768\" height=\"960\" src=\"https:\/\/nubialabs.com\/wp-content\/uploads\/2026\/03\/new-date-cast-1-768x960-1.png\" class=\"attachment-medium_large size-medium_large wp-image-5459\" alt=\"Silenci en temps de soroll \u2013 Exposici\u00f3n de Regina Saura i Rita Roqueta\" srcset=\"https:\/\/nubialabs.com\/wp-content\/uploads\/2026\/03\/new-date-cast-1-768x960-1.png 768w, https:\/\/nubialabs.com\/wp-content\/uploads\/2026\/03\/new-date-cast-1-768x960-1-400x500.png 400w, https:\/\/nubialabs.com\/wp-content\/uploads\/2026\/03\/new-date-cast-1-768x960-1-240x300.png 240w, https:\/\/nubialabs.com\/wp-content\/uploads\/2026\/03\/new-date-cast-1-768x960-1-60x75.png 60w, https:\/\/nubialabs.com\/wp-content\/uploads\/2026\/03\/new-date-cast-1-768x960-1-480x600.png 480w\" sizes=\"(max-width:767px) 480px, (max-width:768px) 100vw, 768px\" \/>\t\t\t\t\t\t\t\t\t\t\t\t\t\t\t<\/div>\n\t\t\t\t<\/div>\n\t\t\t\t<div class=\"elementor-element elementor-element-37e2362 elementor-widget elementor-widget-text-editor\" data-id=\"37e2362\" data-element_type=\"widget\" data-widget_type=\"text-editor.default\">\n\t\t\t\t<div class=\"elementor-widget-container\">\n\t\t\t\t\t\t\t\t\t<p>El passat <strong>17 de febrer <\/strong>de 2026, en el marc del programa d&#8217;incubaci\u00f3 de <strong>NUBIA LABS 2026<\/strong>, es va presentar l&#8217;exposici\u00f3 immersiva <strong>Silenci en temps de soroll <\/strong>(Silenci en temps de soroll). Aquesta obra de les artistes <strong>Regina Saura<\/strong> i<strong> Rita Roqueta<\/strong> convida al p\u00fablic a experimentar la transformaci\u00f3 de l&#8217;espai urb\u00e0 cap a la naturalesa a trav\u00e9s de la percepci\u00f3, l&#8217;atenci\u00f3 i la interacci\u00f3 digital. <\/p><p>Aquesta exposici\u00f3 \u00e9s l&#8217;evoluci\u00f3 d&#8217;una profunda recerca art\u00edstica iniciada al novembre de 2025. El punt de partida va ser la intervenci\u00f3 presentada en l&#8217;ic\u00f2nic <strong>Pavell\u00f3 Mies van der Rohe <\/strong>dins del programa <strong>NUBIA LAB INCUBATION AI M\u00d3NS 2025<\/strong>. <\/p><p>El que va comen\u00e7ar com una reflexi\u00f3 sobre l&#8217;espai i la naturalesa en un entorn arquitect\u00f2nic hist\u00f2ric, es trasllada ara a un entorn expositiu on la tecnologia permet una experi\u00e8ncia molt m\u00e9s \u00edntima, sensorial i participativa.<\/p><h5><strong>Bosc de Missatges<\/strong><\/h5><p>Bosc de Missatges \u00e9s una instal\u00b7laci\u00f3 interactiva de projection mapping que transforma l&#8217;arquitectura de l&#8217;espai expositiu en un ecosistema visual sensible. Mitjan\u00e7ant l&#8217;\u00fas de sensors <strong>LiDAR <\/strong>i sistemes en temps real desenvolupats amb <strong>TouchDesigner<\/strong>, l&#8217;obra tradueix els paisatges de l&#8217;artista en un entorn viu, on formes org\u00e0niques emergeixen dins d&#8217;un marc urb\u00e0. Llum, dades i moviment convergeixen en una composici\u00f3 en constant evoluci\u00f3, modelada tant per processos algor\u00edtmics com per la pres\u00e8ncia humana.<br>El projecte va ser desenvolupat en una primera versi\u00f3 per <strong>Ariadna Cort\u00e9s<\/strong> i <strong>Llu\u00eds Sent\u00eds<\/strong> amb motiu de la intervenci\u00f3 presentada en el Pavell\u00f3 Mies van der Rohe al novembre de 2025. La col\u00b7laboraci\u00f3 amb Llu\u00eds Sent\u00eds \u2014investigador i professor especialitzat en rob\u00f2tica humanoide, intel\u00b7lig\u00e8ncia artificial i tecnologies centrades en les persones\u2014 constitueix una aportaci\u00f3 experta i singular al desenvolupament conceptual i tecnol\u00f2gic de l&#8217;obra.   <\/p><h5><strong>Cercle dels Desitjos<\/strong><\/h5><p>L&#8217;evoluci\u00f3 digital continua amb Cercle dels Desitjos. Nascut de la incubaci\u00f3 inicial de <strong>Kat Pegler<\/strong>, aquest entorn de Realitat Mixta (MR) dissol les fronteres entre el f\u00edsic i el virtual.<br>Cercle dels Desitjos presenta un entorn immersiu de realitat mixta en el qual so, espai i interacci\u00f3 s&#8217;articulen com un ecosistema especulatiu. Situada en un bosc virtual de missatges, l&#8217;obra convida als visitants a rec\u00f3rrer un paisatge sensible compost per mat\u00e8ria digital, objectes simb\u00f2lics i so especialitzat. A trav\u00e9s de la interacci\u00f3 en temps real, la pe\u00e7a dilueix els l\u00edmits entre pres\u00e8ncia f\u00edsica i narraci\u00f3 virtual, activant un di\u00e0leg multicap entre cos, tecnologia, naturalesa i urbanisme. Cercle dels Desitjos explora com la realitat estesa, els sistemes interactius i l&#8217;arquitectura sonora poden funcionar com a eines de reflexi\u00f3 col\u00b7lectiva. El bosc es converteix en una interf\u00edcie viva: un arxiu de senyals, resson\u00e0ncies i significats codificats, on el so opera tant com material com llenguatge.     <\/p><p>Tant Bosc de Missatges com Cercle dels Desitjos representin el cor de la missi\u00f3 de NUBIA Labs: explorar noves relacions entre art, tecnologia i intel\u00b7lig\u00e8ncia artificial donis d&#8217;una perspectiva cr\u00edtica.<\/p><p>Aquesta exposici\u00f3 forma part de <strong>NEB &amp; Inclusi\u00f3<\/strong>, un programa impulsat per ESPRONCEDA \u2013 Institute of Art &amp; Culture com a soci oficial de la New European Bauhaus (NEB). Aquesta iniciativa europea combina disseny, cultura i innovaci\u00f3 tecnol\u00f2gica per a repensar com vivim junts, promovent models m\u00e9s sostenibles, inclusius i sensibles per a la transformaci\u00f3 dels nostres entorn.<strong><br><\/strong><\/p>\t\t\t\t\t\t\t\t<\/div>\n\t\t\t\t<\/div>\n\t\t\t\t\t<\/div>\n\t\t\t\t<\/div>\n\t\t<div class=\"elementor-element elementor-element-5393c8e e-flex e-con-boxed e-con e-parent\" data-id=\"5393c8e\" data-element_type=\"container\">\n\t\t\t\t\t<div class=\"e-con-inner\">\n\t\t\t\t<div class=\"elementor-element elementor-element-da3231d elementor-arrows-position-inside elementor-pagination-position-outside elementor-widget elementor-widget-image-carousel\" data-id=\"da3231d\" data-element_type=\"widget\" data-settings=\"{&quot;navigation&quot;:&quot;both&quot;,&quot;autoplay&quot;:&quot;yes&quot;,&quot;pause_on_hover&quot;:&quot;yes&quot;,&quot;pause_on_interaction&quot;:&quot;yes&quot;,&quot;autoplay_speed&quot;:5000,&quot;infinite&quot;:&quot;yes&quot;,&quot;speed&quot;:500}\" data-widget_type=\"image-carousel.default\">\n\t\t\t\t<div class=\"elementor-widget-container\">\n\t\t\t\t\t\t\t<div class=\"elementor-image-carousel-wrapper swiper\" role=\"region\" aria-roledescription=\"carousel\" aria-label=\"Carrusel de im\u00e1genes\" dir=\"ltr\">\n\t\t\t<div class=\"elementor-image-carousel swiper-wrapper\" aria-live=\"off\">\n\t\t\t\t\t\t\t\t<div class=\"swiper-slide\" role=\"group\" aria-roledescription=\"slide\" aria-label=\"1 de 6\"><figure class=\"swiper-slide-inner\"><img decoding=\"async\" class=\"swiper-slide-image\" src=\"https:\/\/nubialabs.com\/wp-content\/uploads\/2026\/03\/9M6A6936-768x512.webp\" alt=\"Silenci en temps de soroll\" \/><\/figure><\/div><div class=\"swiper-slide\" role=\"group\" aria-roledescription=\"slide\" aria-label=\"2 de 6\"><figure class=\"swiper-slide-inner\"><img decoding=\"async\" class=\"swiper-slide-image\" src=\"https:\/\/nubialabs.com\/wp-content\/uploads\/2026\/03\/9M6A6707-768x512.webp\" alt=\"Silenci en temps de soroll\" \/><\/figure><\/div><div class=\"swiper-slide\" role=\"group\" aria-roledescription=\"slide\" aria-label=\"3 de 6\"><figure class=\"swiper-slide-inner\"><img decoding=\"async\" class=\"swiper-slide-image\" src=\"https:\/\/nubialabs.com\/wp-content\/uploads\/2026\/03\/9M6A6612-768x512.webp\" alt=\"Silenci en temps de soroll\" \/><\/figure><\/div><div class=\"swiper-slide\" role=\"group\" aria-roledescription=\"slide\" aria-label=\"4 de 6\"><figure class=\"swiper-slide-inner\"><img decoding=\"async\" class=\"swiper-slide-image\" src=\"https:\/\/nubialabs.com\/wp-content\/uploads\/2026\/03\/9M6A6650-768x512.webp\" alt=\"Silenci en temps de soroll\" \/><\/figure><\/div><div class=\"swiper-slide\" role=\"group\" aria-roledescription=\"slide\" aria-label=\"5 de 6\"><figure class=\"swiper-slide-inner\"><img decoding=\"async\" class=\"swiper-slide-image\" src=\"https:\/\/nubialabs.com\/wp-content\/uploads\/2026\/03\/9M6A6883-768x512.webp\" alt=\"Silenci en temps de soroll\" \/><\/figure><\/div><div class=\"swiper-slide\" role=\"group\" aria-roledescription=\"slide\" aria-label=\"6 de 6\"><figure class=\"swiper-slide-inner\"><img decoding=\"async\" class=\"swiper-slide-image\" src=\"https:\/\/nubialabs.com\/wp-content\/uploads\/2026\/03\/9M6A6826-768x512.webp\" alt=\"Silenci en temps de soroll\" \/><\/figure><\/div>\t\t\t<\/div>\n\t\t\t\t\t\t\t\t\t\t\t\t<div class=\"elementor-swiper-button elementor-swiper-button-prev\" role=\"button\" tabindex=\"0\">\n\t\t\t\t\t\t<i aria-hidden=\"true\" class=\"eicon-chevron-left\"><\/i>\t\t\t\t\t<\/div>\n\t\t\t\t\t<div class=\"elementor-swiper-button elementor-swiper-button-next\" role=\"button\" tabindex=\"0\">\n\t\t\t\t\t\t<i aria-hidden=\"true\" class=\"eicon-chevron-right\"><\/i>\t\t\t\t\t<\/div>\n\t\t\t\t\n\t\t\t\t\t\t\t\t\t<div class=\"swiper-pagination\"><\/div>\n\t\t\t\t\t\t\t\t\t<\/div>\n\t\t\t\t\t\t<\/div>\n\t\t\t\t<\/div>\n\t\t\t\t\t<\/div>\n\t\t\t\t<\/div>\n\t\t<div class=\"elementor-element elementor-element-a83ab71 e-flex e-con-boxed e-con e-parent\" data-id=\"a83ab71\" data-element_type=\"container\">\n\t\t\t\t\t<div class=\"e-con-inner\">\n\t\t\t\t<div class=\"elementor-element elementor-element-90d445f elementor-widget elementor-widget-heading\" data-id=\"90d445f\" data-element_type=\"widget\" data-widget_type=\"heading.default\">\n\t\t\t\t<div class=\"elementor-widget-container\">\n\t\t\t\t\t<h4 class=\"elementor-heading-title elementor-size-default\">V\u00eddeo resumeixen oficial<\/h4>\t\t\t\t<\/div>\n\t\t\t\t<\/div>\n\t\t\t\t\t<\/div>\n\t\t\t\t<\/div>\n\t\t<div class=\"elementor-element elementor-element-11e788d e-flex e-con-boxed e-con e-parent\" data-id=\"11e788d\" data-element_type=\"container\">\n\t\t\t\t\t<div class=\"e-con-inner\">\n\t\t\t\t<div class=\"elementor-element elementor-element-c986a8b elementor-widget elementor-widget-video\" data-id=\"c986a8b\" data-element_type=\"widget\" data-settings=\"{&quot;youtube_url&quot;:&quot;https:\\\/\\\/www.youtube.com\\\/watch?v=INmeKw0OwrI&amp;t=143s&quot;,&quot;video_type&quot;:&quot;youtube&quot;,&quot;controls&quot;:&quot;yes&quot;}\" data-widget_type=\"video.default\">\n\t\t\t\t<div class=\"elementor-widget-container\">\n\t\t\t\t\t\t\t<div class=\"elementor-wrapper elementor-open-inline\">\n\t\t\t<div class=\"elementor-video\"><\/div>\t\t<\/div>\n\t\t\t\t\t\t<\/div>\n\t\t\t\t<\/div>\n\t\t\t\t\t<\/div>\n\t\t\t\t<\/div>\n\t\t\t\t<\/div>\n\t\t","protected":false},"excerpt":{"rendered":"<p>Silenci en temps de soroll \u2013 Exposici\u00f3n de Regina Saura i Rita Roqueta El passat 17 de febrer de 2026, en el marc del programa d&#8217;incubaci\u00f3<span class=\"excerpt-hellip\"> [\u2026]<\/span><\/p>\n","protected":false},"author":7,"featured_media":0,"parent":0,"menu_order":0,"comment_status":"closed","ping_status":"closed","template":"","meta":{"footnotes":""},"class_list":["post-5867","page","type-page","status-publish","hentry"],"yoast_head":"<!-- This site is optimized with the Yoast SEO plugin v25.5 - https:\/\/yoast.com\/wordpress\/plugins\/seo\/ -->\n<title>Silenci en temps de soroll \u2013 Regina Saura i Rita Roqueta<\/title>\n<meta name=\"description\" content=\"Silencio en tiempos de ruido plantea un recorrido inmersivo en el que el espacio expositivo se transforma progresivamente de ciudad en bosque.\" \/>\n<meta name=\"robots\" content=\"index, follow, max-snippet:-1, max-image-preview:large, max-video-preview:-1\" \/>\n<link rel=\"canonical\" href=\"https:\/\/nubialabs.com\/ca\/silenci-en-temps-de-soroll-exposicion-de-regina-saura-i-rita-roqueta\/\" \/>\n<meta property=\"og:locale\" content=\"ca_ES\" \/>\n<meta property=\"og:type\" content=\"article\" \/>\n<meta property=\"og:title\" content=\"Silenci en temps de soroll \u2013 Regina Saura i Rita Roqueta\" \/>\n<meta property=\"og:description\" content=\"Silencio en tiempos de ruido plantea un recorrido inmersivo en el que el espacio expositivo se transforma progresivamente de ciudad en bosque.\" \/>\n<meta property=\"og:url\" content=\"https:\/\/nubialabs.com\/ca\/silenci-en-temps-de-soroll-exposicion-de-regina-saura-i-rita-roqueta\/\" \/>\n<meta property=\"og:site_name\" content=\"NubiaLabs\" \/>\n<meta property=\"article:modified_time\" content=\"2026-04-21T11:53:09+00:00\" \/>\n<meta property=\"og:image\" content=\"https:\/\/nubialabs.com\/wp-content\/uploads\/2023\/05\/ai2-sep1.svg\" \/>\n<meta name=\"twitter:card\" content=\"summary_large_image\" \/>\n<meta name=\"twitter:label1\" content=\"Temps estimat de lectura\" \/>\n\t<meta name=\"twitter:data1\" content=\"5 minuts\" \/>\n<script type=\"application\/ld+json\" class=\"yoast-schema-graph\">{\"@context\":\"https:\/\/schema.org\",\"@graph\":[{\"@type\":\"WebPage\",\"@id\":\"https:\/\/nubialabs.com\/ca\/silenci-en-temps-de-soroll-exposicion-de-regina-saura-i-rita-roqueta\/\",\"url\":\"https:\/\/nubialabs.com\/ca\/silenci-en-temps-de-soroll-exposicion-de-regina-saura-i-rita-roqueta\/\",\"name\":\"Silenci en temps de soroll \u2013 Regina Saura i Rita Roqueta\",\"isPartOf\":{\"@id\":\"https:\/\/nubialabs.com\/ca\/#website\"},\"primaryImageOfPage\":{\"@id\":\"https:\/\/nubialabs.com\/ca\/silenci-en-temps-de-soroll-exposicion-de-regina-saura-i-rita-roqueta\/#primaryimage\"},\"image\":{\"@id\":\"https:\/\/nubialabs.com\/ca\/silenci-en-temps-de-soroll-exposicion-de-regina-saura-i-rita-roqueta\/#primaryimage\"},\"thumbnailUrl\":\"https:\/\/nubialabs.com\/wp-content\/uploads\/2023\/05\/ai2-sep1.svg\",\"datePublished\":\"2026-04-21T10:17:37+00:00\",\"dateModified\":\"2026-04-21T11:53:09+00:00\",\"description\":\"Silencio en tiempos de ruido plantea un recorrido inmersivo en el que el espacio expositivo se transforma progresivamente de ciudad en bosque.\",\"breadcrumb\":{\"@id\":\"https:\/\/nubialabs.com\/ca\/silenci-en-temps-de-soroll-exposicion-de-regina-saura-i-rita-roqueta\/#breadcrumb\"},\"inLanguage\":\"ca\",\"potentialAction\":[{\"@type\":\"ReadAction\",\"target\":[\"https:\/\/nubialabs.com\/ca\/silenci-en-temps-de-soroll-exposicion-de-regina-saura-i-rita-roqueta\/\"]}]},{\"@type\":\"ImageObject\",\"inLanguage\":\"ca\",\"@id\":\"https:\/\/nubialabs.com\/ca\/silenci-en-temps-de-soroll-exposicion-de-regina-saura-i-rita-roqueta\/#primaryimage\",\"url\":\"https:\/\/nubialabs.com\/wp-content\/uploads\/2023\/05\/ai2-sep1.svg\",\"contentUrl\":\"https:\/\/nubialabs.com\/wp-content\/uploads\/2023\/05\/ai2-sep1.svg\"},{\"@type\":\"BreadcrumbList\",\"@id\":\"https:\/\/nubialabs.com\/ca\/silenci-en-temps-de-soroll-exposicion-de-regina-saura-i-rita-roqueta\/#breadcrumb\",\"itemListElement\":[{\"@type\":\"ListItem\",\"position\":1,\"name\":\"Portada\",\"item\":\"https:\/\/nubialabs.com\/ca\/\"},{\"@type\":\"ListItem\",\"position\":2,\"name\":\"Silenci en temps de soroll \u2013 Exposici\u00f3n de Regina Saura i Rita Roqueta\"}]},{\"@type\":\"WebSite\",\"@id\":\"https:\/\/nubialabs.com\/ca\/#website\",\"url\":\"https:\/\/nubialabs.com\/ca\/\",\"name\":\"NubiaLabs\",\"description\":\"Incubadora de proyectos art\u00edsticos\",\"publisher\":{\"@id\":\"https:\/\/nubialabs.com\/ca\/#organization\"},\"potentialAction\":[{\"@type\":\"SearchAction\",\"target\":{\"@type\":\"EntryPoint\",\"urlTemplate\":\"https:\/\/nubialabs.com\/ca\/?s={search_term_string}\"},\"query-input\":{\"@type\":\"PropertyValueSpecification\",\"valueRequired\":true,\"valueName\":\"search_term_string\"}}],\"inLanguage\":\"ca\"},{\"@type\":\"Organization\",\"@id\":\"https:\/\/nubialabs.com\/ca\/#organization\",\"name\":\"NubiaLabs\",\"url\":\"https:\/\/nubialabs.com\/ca\/\",\"logo\":{\"@type\":\"ImageObject\",\"inLanguage\":\"ca\",\"@id\":\"https:\/\/nubialabs.com\/ca\/#\/schema\/logo\/image\/\",\"url\":\"https:\/\/nubialabs.com\/wp-content\/uploads\/2023\/10\/Nubialabs_color.webp\",\"contentUrl\":\"https:\/\/nubialabs.com\/wp-content\/uploads\/2023\/10\/Nubialabs_color.webp\",\"width\":2000,\"height\":2000,\"caption\":\"NubiaLabs\"},\"image\":{\"@id\":\"https:\/\/nubialabs.com\/ca\/#\/schema\/logo\/image\/\"}}]}<\/script>\n<!-- \/ Yoast SEO plugin. -->","yoast_head_json":{"title":"Silenci en temps de soroll \u2013 Regina Saura i Rita Roqueta","description":"Silencio en tiempos de ruido plantea un recorrido inmersivo en el que el espacio expositivo se transforma progresivamente de ciudad en bosque.","robots":{"index":"index","follow":"follow","max-snippet":"max-snippet:-1","max-image-preview":"max-image-preview:large","max-video-preview":"max-video-preview:-1"},"canonical":"https:\/\/nubialabs.com\/ca\/silenci-en-temps-de-soroll-exposicion-de-regina-saura-i-rita-roqueta\/","og_locale":"ca_ES","og_type":"article","og_title":"Silenci en temps de soroll \u2013 Regina Saura i Rita Roqueta","og_description":"Silencio en tiempos de ruido plantea un recorrido inmersivo en el que el espacio expositivo se transforma progresivamente de ciudad en bosque.","og_url":"https:\/\/nubialabs.com\/ca\/silenci-en-temps-de-soroll-exposicion-de-regina-saura-i-rita-roqueta\/","og_site_name":"NubiaLabs","article_modified_time":"2026-04-21T11:53:09+00:00","og_image":[{"url":"https:\/\/nubialabs.com\/wp-content\/uploads\/2023\/05\/ai2-sep1.svg","type":"","width":"","height":""}],"twitter_card":"summary_large_image","twitter_misc":{"Temps estimat de lectura":"5 minuts"},"schema":{"@context":"https:\/\/schema.org","@graph":[{"@type":"WebPage","@id":"https:\/\/nubialabs.com\/ca\/silenci-en-temps-de-soroll-exposicion-de-regina-saura-i-rita-roqueta\/","url":"https:\/\/nubialabs.com\/ca\/silenci-en-temps-de-soroll-exposicion-de-regina-saura-i-rita-roqueta\/","name":"Silenci en temps de soroll \u2013 Regina Saura i Rita Roqueta","isPartOf":{"@id":"https:\/\/nubialabs.com\/ca\/#website"},"primaryImageOfPage":{"@id":"https:\/\/nubialabs.com\/ca\/silenci-en-temps-de-soroll-exposicion-de-regina-saura-i-rita-roqueta\/#primaryimage"},"image":{"@id":"https:\/\/nubialabs.com\/ca\/silenci-en-temps-de-soroll-exposicion-de-regina-saura-i-rita-roqueta\/#primaryimage"},"thumbnailUrl":"https:\/\/nubialabs.com\/wp-content\/uploads\/2023\/05\/ai2-sep1.svg","datePublished":"2026-04-21T10:17:37+00:00","dateModified":"2026-04-21T11:53:09+00:00","description":"Silencio en tiempos de ruido plantea un recorrido inmersivo en el que el espacio expositivo se transforma progresivamente de ciudad en bosque.","breadcrumb":{"@id":"https:\/\/nubialabs.com\/ca\/silenci-en-temps-de-soroll-exposicion-de-regina-saura-i-rita-roqueta\/#breadcrumb"},"inLanguage":"ca","potentialAction":[{"@type":"ReadAction","target":["https:\/\/nubialabs.com\/ca\/silenci-en-temps-de-soroll-exposicion-de-regina-saura-i-rita-roqueta\/"]}]},{"@type":"ImageObject","inLanguage":"ca","@id":"https:\/\/nubialabs.com\/ca\/silenci-en-temps-de-soroll-exposicion-de-regina-saura-i-rita-roqueta\/#primaryimage","url":"https:\/\/nubialabs.com\/wp-content\/uploads\/2023\/05\/ai2-sep1.svg","contentUrl":"https:\/\/nubialabs.com\/wp-content\/uploads\/2023\/05\/ai2-sep1.svg"},{"@type":"BreadcrumbList","@id":"https:\/\/nubialabs.com\/ca\/silenci-en-temps-de-soroll-exposicion-de-regina-saura-i-rita-roqueta\/#breadcrumb","itemListElement":[{"@type":"ListItem","position":1,"name":"Portada","item":"https:\/\/nubialabs.com\/ca\/"},{"@type":"ListItem","position":2,"name":"Silenci en temps de soroll \u2013 Exposici\u00f3n de Regina Saura i Rita Roqueta"}]},{"@type":"WebSite","@id":"https:\/\/nubialabs.com\/ca\/#website","url":"https:\/\/nubialabs.com\/ca\/","name":"NubiaLabs","description":"Incubadora de proyectos art\u00edsticos","publisher":{"@id":"https:\/\/nubialabs.com\/ca\/#organization"},"potentialAction":[{"@type":"SearchAction","target":{"@type":"EntryPoint","urlTemplate":"https:\/\/nubialabs.com\/ca\/?s={search_term_string}"},"query-input":{"@type":"PropertyValueSpecification","valueRequired":true,"valueName":"search_term_string"}}],"inLanguage":"ca"},{"@type":"Organization","@id":"https:\/\/nubialabs.com\/ca\/#organization","name":"NubiaLabs","url":"https:\/\/nubialabs.com\/ca\/","logo":{"@type":"ImageObject","inLanguage":"ca","@id":"https:\/\/nubialabs.com\/ca\/#\/schema\/logo\/image\/","url":"https:\/\/nubialabs.com\/wp-content\/uploads\/2023\/10\/Nubialabs_color.webp","contentUrl":"https:\/\/nubialabs.com\/wp-content\/uploads\/2023\/10\/Nubialabs_color.webp","width":2000,"height":2000,"caption":"NubiaLabs"},"image":{"@id":"https:\/\/nubialabs.com\/ca\/#\/schema\/logo\/image\/"}}]}},"_links":{"self":[{"href":"https:\/\/nubialabs.com\/ca\/wp-json\/wp\/v2\/pages\/5867","targetHints":{"allow":["GET"]}}],"collection":[{"href":"https:\/\/nubialabs.com\/ca\/wp-json\/wp\/v2\/pages"}],"about":[{"href":"https:\/\/nubialabs.com\/ca\/wp-json\/wp\/v2\/types\/page"}],"author":[{"embeddable":true,"href":"https:\/\/nubialabs.com\/ca\/wp-json\/wp\/v2\/users\/7"}],"replies":[{"embeddable":true,"href":"https:\/\/nubialabs.com\/ca\/wp-json\/wp\/v2\/comments?post=5867"}],"version-history":[{"count":3,"href":"https:\/\/nubialabs.com\/ca\/wp-json\/wp\/v2\/pages\/5867\/revisions"}],"predecessor-version":[{"id":5937,"href":"https:\/\/nubialabs.com\/ca\/wp-json\/wp\/v2\/pages\/5867\/revisions\/5937"}],"wp:attachment":[{"href":"https:\/\/nubialabs.com\/ca\/wp-json\/wp\/v2\/media?parent=5867"}],"curies":[{"name":"wp","href":"https:\/\/api.w.org\/{rel}","templated":true}]}}