{"id":5980,"date":"2026-04-21T14:15:57","date_gmt":"2026-04-21T12:15:57","guid":{"rendered":"https:\/\/nubialabs.com\/?page_id=5980"},"modified":"2026-04-21T15:23:09","modified_gmt":"2026-04-21T13:23:09","slug":"exuvia-installacio-performativa-interdisciplinaria","status":"publish","type":"page","link":"https:\/\/nubialabs.com\/ca\/exuvia-installacio-performativa-interdisciplinaria\/","title":{"rendered":"EXUVIA \u2013 instal\u00b7laci\u00f3 performativa interdisciplin\u00e0ria"},"content":{"rendered":"\t\t<div data-elementor-type=\"wp-page\" data-elementor-id=\"5980\" class=\"elementor elementor-5980 elementor-5978\">\n\t\t\t\t<div class=\"elementor-element elementor-element-f3a62cd e-flex e-con-boxed e-con e-parent\" data-id=\"f3a62cd\" data-element_type=\"container\">\n\t\t\t\t\t<div class=\"e-con-inner\">\n\t\t\t\t<div class=\"elementor-element elementor-element-025634e elementor-widget elementor-widget-heading\" data-id=\"025634e\" data-element_type=\"widget\" data-widget_type=\"heading.default\">\n\t\t\t\t<div class=\"elementor-widget-container\">\n\t\t\t\t\t<h1 class=\"elementor-heading-title elementor-size-default\">EXUVIA \u2013 instal\u00b7laci\u00f3 performativa interdisciplin\u00e0ria\n<\/h1>\t\t\t\t<\/div>\n\t\t\t\t<\/div>\n\t\t\t\t\t<\/div>\n\t\t\t\t<\/div>\n\t\t<div class=\"elementor-element elementor-element-0e89c7f e-flex e-con-boxed e-con e-parent\" data-id=\"0e89c7f\" data-element_type=\"container\">\n\t\t\t\t\t<div class=\"e-con-inner\">\n\t\t\t\t<div class=\"elementor-element elementor-element-7162d66 elementor-widget elementor-widget-image\" data-id=\"7162d66\" data-element_type=\"widget\" data-widget_type=\"image.default\">\n\t\t\t\t<div class=\"elementor-widget-container\">\n\t\t\t\t\t\t\t\t\t\t\t\t\t\t\t<img decoding=\"async\" src=\"https:\/\/nubialabs.com\/wp-content\/uploads\/2023\/05\/ai2-sep1.svg\" title=\"\" alt=\"\" loading=\"lazy\" \/>\t\t\t\t\t\t\t\t\t\t\t\t\t\t\t<\/div>\n\t\t\t\t<\/div>\n\t\t\t\t\t<\/div>\n\t\t\t\t<\/div>\n\t\t<div class=\"elementor-element elementor-element-8062903 e-flex e-con-boxed e-con e-parent\" data-id=\"8062903\" data-element_type=\"container\">\n\t\t\t\t\t<div class=\"e-con-inner\">\n\t\t\t\t<div class=\"elementor-element elementor-element-79f62ca elementor-widget elementor-widget-image\" data-id=\"79f62ca\" data-element_type=\"widget\" data-widget_type=\"image.default\">\n\t\t\t\t<div class=\"elementor-widget-container\">\n\t\t\t\t\t\t\t\t\t\t\t\t\t\t\t<img fetchpriority=\"high\" decoding=\"async\" width=\"768\" height=\"960\" src=\"https:\/\/nubialabs.com\/wp-content\/uploads\/2026\/04\/V1-FINAL-ES-768x960.webp\" class=\"attachment-medium_large size-medium_large wp-image-5983\" alt=\"exuvia\" srcset=\"https:\/\/nubialabs.com\/wp-content\/uploads\/2026\/04\/V1-FINAL-ES-768x960.webp 768w, https:\/\/nubialabs.com\/wp-content\/uploads\/2026\/04\/V1-FINAL-ES-400x500.webp 400w, https:\/\/nubialabs.com\/wp-content\/uploads\/2026\/04\/V1-FINAL-ES-240x300.webp 240w, https:\/\/nubialabs.com\/wp-content\/uploads\/2026\/04\/V1-FINAL-ES-60x75.webp 60w, https:\/\/nubialabs.com\/wp-content\/uploads\/2026\/04\/V1-FINAL-ES-480x600.webp 480w\" sizes=\"(max-width:767px) 480px, (max-width:768px) 100vw, 768px\" \/>\t\t\t\t\t\t\t\t\t\t\t\t\t\t\t<\/div>\n\t\t\t\t<\/div>\n\t\t\t\t<div class=\"elementor-element elementor-element-37e2362 elementor-widget elementor-widget-text-editor\" data-id=\"37e2362\" data-element_type=\"widget\" data-widget_type=\"text-editor.default\">\n\t\t\t\t<div class=\"elementor-widget-container\">\n\t\t\t\t\t\t\t\t\t<p><strong>EXUVIA <\/strong>\u00e9s una instal\u00b7laci\u00f3 performativa interdisciplin\u00e0ria dirigida per l&#8217;artista <strong>Ailin Bars<\/strong>, que proposa una experi\u00e8ncia immersiva on cos, tecnologia i mat\u00e8ria s&#8217;entrellacen en temps real.<\/p><p>L&#8217;obra fusiona<strong> arts visuals, art digital, dansa contempor\u00e0nia i so en viu<\/strong>, construint un ecosistema performatiu en el qual cada gest es transforma simult\u00e0niament en imatge, so i tra\u00e7. A trav\u00e9s de l&#8217;\u00fas de sensors de moviment, sistemes de captura i generaci\u00f3 digital, i la interacci\u00f3 entre performers i artistes visuals, la pe\u00e7a explora noves formes de percepci\u00f3 en l&#8217;encreuament entre el f\u00edsic i el digital. <\/p><p>EXUVIA s&#8217;articula en m\u00faltiples plans simultanis \u2014espai esc\u00e8nic, entorn visual i dimensi\u00f3 digital\u2014 on l&#8217;acci\u00f3 performativa, la intervenci\u00f3 visual i la generaci\u00f3 audiovisual en temps real dialoguen cont\u00ednuament, donant lloc a una composici\u00f3 ef\u00edmera i en constant transformaci\u00f3.<\/p><p>En l\u00ednia amb la recerca art\u00edstica de Bars, el cos s&#8217;ent\u00e9n com una interf\u00edcie sensible capa\u00e7 d&#8217;activar so, llum i imatge, revelant com el moviment pot expandir-se en m\u00faltiples capes perceptives i generar una experi\u00e8ncia compartida entre performer, tecnologia i espectador.<\/p><h4>Sobre els artistes<\/h4><p><strong>Ailin Bars <\/strong>\u00e9s una artista interdisciplin\u00e0ria la pr\u00e0ctica de la qual se situa en la intersecci\u00f3 entre cos, tecnologia i experimentaci\u00f3 performativa. El seu treball investiga la relaci\u00f3 entre moviment, percepci\u00f3 i sistemes digitals, desenvolupant entorns immersius on l&#8217;acci\u00f3 en viu es tradueix en llenguatge visual i sonor, explorant noves formes de creaci\u00f3 col\u00b7lectiva i narrativa expandida. <\/p><p><strong>Nicole Chufi<\/strong> \u00e9s artista audiovisual i dissenyadora d&#8217;experi\u00e8ncies que explora la relaci\u00f3 entre so, imatge i tecnologies immersives. La seva pr\u00e0ctica combina direcci\u00f3 creativa, mitjans interactius i intel\u00b7lig\u00e8ncia artificial, creant experi\u00e8ncies sensorials que connecten emoci\u00f3, narrativa i tecnologia en contextos esc\u00e8nics i digitals. Ha col\u00b7laborat amb institucions i festivals internacionals com S\u00f3nar Barcelona, TUMO o CYENS.  <\/p><p><strong>Mat\u00edas De la Sierra<\/strong> \u00e9s artista visual i fot\u00f2graf argent\u00ed la pr\u00e0ctica del qual es desenvolupa entre la fotografia i l&#8217;art contemporani, amb un enfocament en la construcci\u00f3 d&#8217;imatge, l&#8217;est\u00e8tica i la narrativa visual. El seu treball explora la identitat i la cultura visual contempor\u00e0nia des d&#8217;una perspectiva conceptual, combinant llenguatges de l&#8217;art i la moda. <\/p><h4>Cr\u00e9dits<\/h4><p><strong>Direcci\u00f3<\/strong>: Ailin Bars y Kris Pilcher<\/p><p>En col\u00b7laboraci\u00f3 amb:<\/p><p>Artista visual: Mat\u00edas De la Sierra<br>S\u00edntesi sonora i teclat: Nicole Chufi<\/p>\t\t\t\t\t\t\t\t<\/div>\n\t\t\t\t<\/div>\n\t\t\t\t\t<\/div>\n\t\t\t\t<\/div>\n\t\t<div class=\"elementor-element elementor-element-5d578f8 e-flex e-con-boxed e-con e-parent\" data-id=\"5d578f8\" data-element_type=\"container\">\n\t\t\t\t\t<div class=\"e-con-inner\">\n\t\t\t\t<div class=\"elementor-element elementor-element-0d9741c elementor-arrows-position-inside elementor-pagination-position-outside elementor-widget elementor-widget-image-carousel\" data-id=\"0d9741c\" data-element_type=\"widget\" data-settings=\"{&quot;navigation&quot;:&quot;both&quot;,&quot;autoplay&quot;:&quot;yes&quot;,&quot;pause_on_hover&quot;:&quot;yes&quot;,&quot;pause_on_interaction&quot;:&quot;yes&quot;,&quot;autoplay_speed&quot;:5000,&quot;infinite&quot;:&quot;yes&quot;,&quot;speed&quot;:500}\" data-widget_type=\"image-carousel.default\">\n\t\t\t\t<div class=\"elementor-widget-container\">\n\t\t\t\t\t\t\t<div class=\"elementor-image-carousel-wrapper swiper\" role=\"region\" aria-roledescription=\"carousel\" aria-label=\"Carrusel de im\u00e1genes\" dir=\"ltr\">\n\t\t\t<div class=\"elementor-image-carousel swiper-wrapper\" aria-live=\"off\">\n\t\t\t\t\t\t\t\t<div class=\"swiper-slide\" role=\"group\" aria-roledescription=\"slide\" aria-label=\"1 de 5\"><figure class=\"swiper-slide-inner\"><img decoding=\"async\" class=\"swiper-slide-image\" src=\"https:\/\/nubialabs.com\/wp-content\/uploads\/2026\/04\/1-1200x675.jpg\" alt=\"EXUVIA\" \/><\/figure><\/div><div class=\"swiper-slide\" role=\"group\" aria-roledescription=\"slide\" aria-label=\"2 de 5\"><figure class=\"swiper-slide-inner\"><img decoding=\"async\" class=\"swiper-slide-image\" src=\"https:\/\/nubialabs.com\/wp-content\/uploads\/2026\/04\/3-1200x675.jpg\" alt=\"EXUVIA\" \/><\/figure><\/div><div class=\"swiper-slide\" role=\"group\" aria-roledescription=\"slide\" aria-label=\"3 de 5\"><figure class=\"swiper-slide-inner\"><img decoding=\"async\" class=\"swiper-slide-image\" src=\"https:\/\/nubialabs.com\/wp-content\/uploads\/2026\/04\/2-1200x675.jpg\" alt=\"EXUVIA\" \/><\/figure><\/div><div class=\"swiper-slide\" role=\"group\" aria-roledescription=\"slide\" aria-label=\"4 de 5\"><figure class=\"swiper-slide-inner\"><img decoding=\"async\" class=\"swiper-slide-image\" src=\"https:\/\/nubialabs.com\/wp-content\/uploads\/2026\/04\/4-1200x675.jpg\" alt=\"EXUVIA\" \/><\/figure><\/div><div class=\"swiper-slide\" role=\"group\" aria-roledescription=\"slide\" aria-label=\"5 de 5\"><figure class=\"swiper-slide-inner\"><img decoding=\"async\" class=\"swiper-slide-image\" src=\"https:\/\/nubialabs.com\/wp-content\/uploads\/2026\/04\/5-1200x675.jpg\" alt=\"EXUVIA\" \/><\/figure><\/div>\t\t\t<\/div>\n\t\t\t\t\t\t\t\t\t\t\t\t<div class=\"elementor-swiper-button elementor-swiper-button-prev\" role=\"button\" tabindex=\"0\">\n\t\t\t\t\t\t<i aria-hidden=\"true\" class=\"eicon-chevron-left\"><\/i>\t\t\t\t\t<\/div>\n\t\t\t\t\t<div class=\"elementor-swiper-button elementor-swiper-button-next\" role=\"button\" tabindex=\"0\">\n\t\t\t\t\t\t<i aria-hidden=\"true\" class=\"eicon-chevron-right\"><\/i>\t\t\t\t\t<\/div>\n\t\t\t\t\n\t\t\t\t\t\t\t\t\t<div class=\"swiper-pagination\"><\/div>\n\t\t\t\t\t\t\t\t\t<\/div>\n\t\t\t\t\t\t<\/div>\n\t\t\t\t<\/div>\n\t\t\t\t\t<\/div>\n\t\t\t\t<\/div>\n\t\t\t\t<\/div>\n\t\t","protected":false},"excerpt":{"rendered":"<p>EXUVIA \u2013 instal\u00b7laci\u00f3 performativa interdisciplin\u00e0ria EXUVIA \u00e9s una instal\u00b7laci\u00f3 performativa interdisciplin\u00e0ria dirigida per l&#8217;artista Ailin Bars, que proposa una experi\u00e8ncia immersiva on cos, tecnologia i mat\u00e8ria<span class=\"excerpt-hellip\"> [\u2026]<\/span><\/p>\n","protected":false},"author":7,"featured_media":0,"parent":0,"menu_order":0,"comment_status":"closed","ping_status":"closed","template":"","meta":{"footnotes":""},"class_list":["post-5980","page","type-page","status-publish","hentry"],"yoast_head":"<!-- This site is optimized with the Yoast SEO plugin v25.5 - https:\/\/yoast.com\/wordpress\/plugins\/seo\/ -->\n<title>EXUVIA \u2013 instal\u00b7laci\u00f3 performativa interdisciplin\u00e0ria<\/title>\n<meta name=\"description\" content=\"EXUVIA \u00e9s una instal\u00b7laci\u00f3 performativa interdisciplin\u00e0ria dirigida per l&#039;artista Ailin Bars que proposa una experi\u00e8ncia immersiva.\" \/>\n<meta name=\"robots\" content=\"index, follow, max-snippet:-1, max-image-preview:large, max-video-preview:-1\" \/>\n<link rel=\"canonical\" href=\"https:\/\/nubialabs.com\/ca\/exuvia-installacio-performativa-interdisciplinaria\/\" \/>\n<meta property=\"og:locale\" content=\"ca_ES\" \/>\n<meta property=\"og:type\" content=\"article\" \/>\n<meta property=\"og:title\" content=\"EXUVIA \u2013 instal\u00b7laci\u00f3 performativa interdisciplin\u00e0ria\" \/>\n<meta property=\"og:description\" content=\"EXUVIA \u00e9s una instal\u00b7laci\u00f3 performativa interdisciplin\u00e0ria dirigida per l&#039;artista Ailin Bars que proposa una experi\u00e8ncia immersiva.\" \/>\n<meta property=\"og:url\" content=\"https:\/\/nubialabs.com\/ca\/exuvia-installacio-performativa-interdisciplinaria\/\" \/>\n<meta property=\"og:site_name\" content=\"NubiaLabs\" \/>\n<meta property=\"article:modified_time\" content=\"2026-04-21T13:23:09+00:00\" \/>\n<meta property=\"og:image\" content=\"https:\/\/nubialabs.com\/wp-content\/uploads\/2023\/05\/ai2-sep1.svg\" \/>\n<meta name=\"twitter:card\" content=\"summary_large_image\" \/>\n<meta name=\"twitter:label1\" content=\"Temps estimat de lectura\" \/>\n\t<meta name=\"twitter:data1\" content=\"4 minuts\" \/>\n<script type=\"application\/ld+json\" class=\"yoast-schema-graph\">{\"@context\":\"https:\/\/schema.org\",\"@graph\":[{\"@type\":\"WebPage\",\"@id\":\"https:\/\/nubialabs.com\/ca\/exuvia-installacio-performativa-interdisciplinaria\/\",\"url\":\"https:\/\/nubialabs.com\/ca\/exuvia-installacio-performativa-interdisciplinaria\/\",\"name\":\"EXUVIA \u2013 instal\u00b7laci\u00f3 performativa interdisciplin\u00e0ria\",\"isPartOf\":{\"@id\":\"https:\/\/nubialabs.com\/ca\/#website\"},\"primaryImageOfPage\":{\"@id\":\"https:\/\/nubialabs.com\/ca\/exuvia-installacio-performativa-interdisciplinaria\/#primaryimage\"},\"image\":{\"@id\":\"https:\/\/nubialabs.com\/ca\/exuvia-installacio-performativa-interdisciplinaria\/#primaryimage\"},\"thumbnailUrl\":\"https:\/\/nubialabs.com\/wp-content\/uploads\/2023\/05\/ai2-sep1.svg\",\"datePublished\":\"2026-04-21T12:15:57+00:00\",\"dateModified\":\"2026-04-21T13:23:09+00:00\",\"description\":\"EXUVIA \u00e9s una instal\u00b7laci\u00f3 performativa interdisciplin\u00e0ria dirigida per l'artista Ailin Bars que proposa una experi\u00e8ncia immersiva.\",\"breadcrumb\":{\"@id\":\"https:\/\/nubialabs.com\/ca\/exuvia-installacio-performativa-interdisciplinaria\/#breadcrumb\"},\"inLanguage\":\"ca\",\"potentialAction\":[{\"@type\":\"ReadAction\",\"target\":[\"https:\/\/nubialabs.com\/ca\/exuvia-installacio-performativa-interdisciplinaria\/\"]}]},{\"@type\":\"ImageObject\",\"inLanguage\":\"ca\",\"@id\":\"https:\/\/nubialabs.com\/ca\/exuvia-installacio-performativa-interdisciplinaria\/#primaryimage\",\"url\":\"https:\/\/nubialabs.com\/wp-content\/uploads\/2023\/05\/ai2-sep1.svg\",\"contentUrl\":\"https:\/\/nubialabs.com\/wp-content\/uploads\/2023\/05\/ai2-sep1.svg\"},{\"@type\":\"BreadcrumbList\",\"@id\":\"https:\/\/nubialabs.com\/ca\/exuvia-installacio-performativa-interdisciplinaria\/#breadcrumb\",\"itemListElement\":[{\"@type\":\"ListItem\",\"position\":1,\"name\":\"Portada\",\"item\":\"https:\/\/nubialabs.com\/ca\/\"},{\"@type\":\"ListItem\",\"position\":2,\"name\":\"EXUVIA \u2013 instal\u00b7laci\u00f3 performativa interdisciplin\u00e0ria\"}]},{\"@type\":\"WebSite\",\"@id\":\"https:\/\/nubialabs.com\/ca\/#website\",\"url\":\"https:\/\/nubialabs.com\/ca\/\",\"name\":\"NubiaLabs\",\"description\":\"Incubadora de proyectos art\u00edsticos\",\"publisher\":{\"@id\":\"https:\/\/nubialabs.com\/ca\/#organization\"},\"potentialAction\":[{\"@type\":\"SearchAction\",\"target\":{\"@type\":\"EntryPoint\",\"urlTemplate\":\"https:\/\/nubialabs.com\/ca\/?s={search_term_string}\"},\"query-input\":{\"@type\":\"PropertyValueSpecification\",\"valueRequired\":true,\"valueName\":\"search_term_string\"}}],\"inLanguage\":\"ca\"},{\"@type\":\"Organization\",\"@id\":\"https:\/\/nubialabs.com\/ca\/#organization\",\"name\":\"NubiaLabs\",\"url\":\"https:\/\/nubialabs.com\/ca\/\",\"logo\":{\"@type\":\"ImageObject\",\"inLanguage\":\"ca\",\"@id\":\"https:\/\/nubialabs.com\/ca\/#\/schema\/logo\/image\/\",\"url\":\"https:\/\/nubialabs.com\/wp-content\/uploads\/2023\/10\/Nubialabs_color.webp\",\"contentUrl\":\"https:\/\/nubialabs.com\/wp-content\/uploads\/2023\/10\/Nubialabs_color.webp\",\"width\":2000,\"height\":2000,\"caption\":\"NubiaLabs\"},\"image\":{\"@id\":\"https:\/\/nubialabs.com\/ca\/#\/schema\/logo\/image\/\"}}]}<\/script>\n<!-- \/ Yoast SEO plugin. -->","yoast_head_json":{"title":"EXUVIA \u2013 instal\u00b7laci\u00f3 performativa interdisciplin\u00e0ria","description":"EXUVIA \u00e9s una instal\u00b7laci\u00f3 performativa interdisciplin\u00e0ria dirigida per l'artista Ailin Bars que proposa una experi\u00e8ncia immersiva.","robots":{"index":"index","follow":"follow","max-snippet":"max-snippet:-1","max-image-preview":"max-image-preview:large","max-video-preview":"max-video-preview:-1"},"canonical":"https:\/\/nubialabs.com\/ca\/exuvia-installacio-performativa-interdisciplinaria\/","og_locale":"ca_ES","og_type":"article","og_title":"EXUVIA \u2013 instal\u00b7laci\u00f3 performativa interdisciplin\u00e0ria","og_description":"EXUVIA \u00e9s una instal\u00b7laci\u00f3 performativa interdisciplin\u00e0ria dirigida per l'artista Ailin Bars que proposa una experi\u00e8ncia immersiva.","og_url":"https:\/\/nubialabs.com\/ca\/exuvia-installacio-performativa-interdisciplinaria\/","og_site_name":"NubiaLabs","article_modified_time":"2026-04-21T13:23:09+00:00","og_image":[{"url":"https:\/\/nubialabs.com\/wp-content\/uploads\/2023\/05\/ai2-sep1.svg","type":"","width":"","height":""}],"twitter_card":"summary_large_image","twitter_misc":{"Temps estimat de lectura":"4 minuts"},"schema":{"@context":"https:\/\/schema.org","@graph":[{"@type":"WebPage","@id":"https:\/\/nubialabs.com\/ca\/exuvia-installacio-performativa-interdisciplinaria\/","url":"https:\/\/nubialabs.com\/ca\/exuvia-installacio-performativa-interdisciplinaria\/","name":"EXUVIA \u2013 instal\u00b7laci\u00f3 performativa interdisciplin\u00e0ria","isPartOf":{"@id":"https:\/\/nubialabs.com\/ca\/#website"},"primaryImageOfPage":{"@id":"https:\/\/nubialabs.com\/ca\/exuvia-installacio-performativa-interdisciplinaria\/#primaryimage"},"image":{"@id":"https:\/\/nubialabs.com\/ca\/exuvia-installacio-performativa-interdisciplinaria\/#primaryimage"},"thumbnailUrl":"https:\/\/nubialabs.com\/wp-content\/uploads\/2023\/05\/ai2-sep1.svg","datePublished":"2026-04-21T12:15:57+00:00","dateModified":"2026-04-21T13:23:09+00:00","description":"EXUVIA \u00e9s una instal\u00b7laci\u00f3 performativa interdisciplin\u00e0ria dirigida per l'artista Ailin Bars que proposa una experi\u00e8ncia immersiva.","breadcrumb":{"@id":"https:\/\/nubialabs.com\/ca\/exuvia-installacio-performativa-interdisciplinaria\/#breadcrumb"},"inLanguage":"ca","potentialAction":[{"@type":"ReadAction","target":["https:\/\/nubialabs.com\/ca\/exuvia-installacio-performativa-interdisciplinaria\/"]}]},{"@type":"ImageObject","inLanguage":"ca","@id":"https:\/\/nubialabs.com\/ca\/exuvia-installacio-performativa-interdisciplinaria\/#primaryimage","url":"https:\/\/nubialabs.com\/wp-content\/uploads\/2023\/05\/ai2-sep1.svg","contentUrl":"https:\/\/nubialabs.com\/wp-content\/uploads\/2023\/05\/ai2-sep1.svg"},{"@type":"BreadcrumbList","@id":"https:\/\/nubialabs.com\/ca\/exuvia-installacio-performativa-interdisciplinaria\/#breadcrumb","itemListElement":[{"@type":"ListItem","position":1,"name":"Portada","item":"https:\/\/nubialabs.com\/ca\/"},{"@type":"ListItem","position":2,"name":"EXUVIA \u2013 instal\u00b7laci\u00f3 performativa interdisciplin\u00e0ria"}]},{"@type":"WebSite","@id":"https:\/\/nubialabs.com\/ca\/#website","url":"https:\/\/nubialabs.com\/ca\/","name":"NubiaLabs","description":"Incubadora de proyectos art\u00edsticos","publisher":{"@id":"https:\/\/nubialabs.com\/ca\/#organization"},"potentialAction":[{"@type":"SearchAction","target":{"@type":"EntryPoint","urlTemplate":"https:\/\/nubialabs.com\/ca\/?s={search_term_string}"},"query-input":{"@type":"PropertyValueSpecification","valueRequired":true,"valueName":"search_term_string"}}],"inLanguage":"ca"},{"@type":"Organization","@id":"https:\/\/nubialabs.com\/ca\/#organization","name":"NubiaLabs","url":"https:\/\/nubialabs.com\/ca\/","logo":{"@type":"ImageObject","inLanguage":"ca","@id":"https:\/\/nubialabs.com\/ca\/#\/schema\/logo\/image\/","url":"https:\/\/nubialabs.com\/wp-content\/uploads\/2023\/10\/Nubialabs_color.webp","contentUrl":"https:\/\/nubialabs.com\/wp-content\/uploads\/2023\/10\/Nubialabs_color.webp","width":2000,"height":2000,"caption":"NubiaLabs"},"image":{"@id":"https:\/\/nubialabs.com\/ca\/#\/schema\/logo\/image\/"}}]}},"_links":{"self":[{"href":"https:\/\/nubialabs.com\/ca\/wp-json\/wp\/v2\/pages\/5980","targetHints":{"allow":["GET"]}}],"collection":[{"href":"https:\/\/nubialabs.com\/ca\/wp-json\/wp\/v2\/pages"}],"about":[{"href":"https:\/\/nubialabs.com\/ca\/wp-json\/wp\/v2\/types\/page"}],"author":[{"embeddable":true,"href":"https:\/\/nubialabs.com\/ca\/wp-json\/wp\/v2\/users\/7"}],"replies":[{"embeddable":true,"href":"https:\/\/nubialabs.com\/ca\/wp-json\/wp\/v2\/comments?post=5980"}],"version-history":[{"count":4,"href":"https:\/\/nubialabs.com\/ca\/wp-json\/wp\/v2\/pages\/5980\/revisions"}],"predecessor-version":[{"id":6015,"href":"https:\/\/nubialabs.com\/ca\/wp-json\/wp\/v2\/pages\/5980\/revisions\/6015"}],"wp:attachment":[{"href":"https:\/\/nubialabs.com\/ca\/wp-json\/wp\/v2\/media?parent=5980"}],"curies":[{"name":"wp","href":"https:\/\/api.w.org\/{rel}","templated":true}]}}