{"id":6026,"date":"2026-04-21T15:38:41","date_gmt":"2026-04-21T13:38:41","guid":{"rendered":"https:\/\/nubialabs.com\/?page_id=6026"},"modified":"2026-04-21T15:59:24","modified_gmt":"2026-04-21T13:59:24","slug":"simbiotica-pol-ros","status":"publish","type":"page","link":"https:\/\/nubialabs.com\/ca\/simbiotica-pol-ros\/","title":{"rendered":"Simbi\u00f2tica &#8211; Pol Ros"},"content":{"rendered":"\t\t<div data-elementor-type=\"wp-page\" data-elementor-id=\"6026\" class=\"elementor elementor-6026 elementor-6024\">\n\t\t\t\t<div class=\"elementor-element elementor-element-f3a62cd e-flex e-con-boxed e-con e-parent\" data-id=\"f3a62cd\" data-element_type=\"container\">\n\t\t\t\t\t<div class=\"e-con-inner\">\n\t\t\t\t<div class=\"elementor-element elementor-element-025634e elementor-widget elementor-widget-heading\" data-id=\"025634e\" data-element_type=\"widget\" data-widget_type=\"heading.default\">\n\t\t\t\t<div class=\"elementor-widget-container\">\n\t\t\t\t\t<h1 class=\"elementor-heading-title elementor-size-default\">Simbi\u00f2tica - Pol Ros<\/h1>\t\t\t\t<\/div>\n\t\t\t\t<\/div>\n\t\t\t\t\t<\/div>\n\t\t\t\t<\/div>\n\t\t<div class=\"elementor-element elementor-element-0e89c7f e-flex e-con-boxed e-con e-parent\" data-id=\"0e89c7f\" data-element_type=\"container\">\n\t\t\t\t\t<div class=\"e-con-inner\">\n\t\t\t\t<div class=\"elementor-element elementor-element-7162d66 elementor-widget elementor-widget-image\" data-id=\"7162d66\" data-element_type=\"widget\" data-widget_type=\"image.default\">\n\t\t\t\t<div class=\"elementor-widget-container\">\n\t\t\t\t\t\t\t\t\t\t\t\t\t\t\t<img decoding=\"async\" src=\"https:\/\/nubialabs.com\/wp-content\/uploads\/2023\/05\/ai2-sep1.svg\" title=\"\" alt=\"\" loading=\"lazy\" \/>\t\t\t\t\t\t\t\t\t\t\t\t\t\t\t<\/div>\n\t\t\t\t<\/div>\n\t\t\t\t\t<\/div>\n\t\t\t\t<\/div>\n\t\t<div class=\"elementor-element elementor-element-8062903 e-flex e-con-boxed e-con e-parent\" data-id=\"8062903\" data-element_type=\"container\">\n\t\t\t\t\t<div class=\"e-con-inner\">\n\t\t\t\t<div class=\"elementor-element elementor-element-79f62ca elementor-widget elementor-widget-image\" data-id=\"79f62ca\" data-element_type=\"widget\" data-widget_type=\"image.default\">\n\t\t\t\t<div class=\"elementor-widget-container\">\n\t\t\t\t\t\t\t\t\t\t\t\t\t\t\t<img fetchpriority=\"high\" decoding=\"async\" width=\"768\" height=\"960\" src=\"https:\/\/nubialabs.com\/wp-content\/uploads\/2026\/04\/Version-ES-768x960-1.webp\" class=\"attachment-medium_large size-medium_large wp-image-6029\" alt=\"simbiotica\" srcset=\"https:\/\/nubialabs.com\/wp-content\/uploads\/2026\/04\/Version-ES-768x960-1.webp 768w, https:\/\/nubialabs.com\/wp-content\/uploads\/2026\/04\/Version-ES-768x960-1-400x500.webp 400w, https:\/\/nubialabs.com\/wp-content\/uploads\/2026\/04\/Version-ES-768x960-1-240x300.webp 240w, https:\/\/nubialabs.com\/wp-content\/uploads\/2026\/04\/Version-ES-768x960-1-60x75.webp 60w, https:\/\/nubialabs.com\/wp-content\/uploads\/2026\/04\/Version-ES-768x960-1-480x600.webp 480w\" sizes=\"(max-width:767px) 480px, (max-width:768px) 100vw, 768px\" \/>\t\t\t\t\t\t\t\t\t\t\t\t\t\t\t<\/div>\n\t\t\t\t<\/div>\n\t\t\t\t<div class=\"elementor-element elementor-element-37e2362 elementor-widget elementor-widget-text-editor\" data-id=\"37e2362\" data-element_type=\"widget\" data-widget_type=\"text-editor.default\">\n\t\t\t\t<div class=\"elementor-widget-container\">\n\t\t\t\t\t\t\t\t\t<p><strong>Amb la participaci\u00f3 de la violoncel\u00b7lista Asia Herz <\/strong><\/p><p>Simbi\u00f2tica, un projecte de l&#8217;artista Pol Ros desenvolupat en el marc de NUBIA Labs 2026, que explora la relaci\u00f3 entre humans, tecnologia i m\u00f3n vegetal a trav\u00e9s d&#8217;una performance audiovisual i una instal\u00b7laci\u00f3 interactiva.<\/p><p>La pe\u00e7a proposa un <strong>di\u00e0leg entre esp\u00e8cies <\/strong>mitjan\u00e7ant la captaci\u00f3 de bioelectricitat de plantes, tradu\u00efda en so i visuals generatius en temps real. Acompanyat per la violoncel\u00b7lista \u00c0sia Herz, el projecte articula una experi\u00e8ncia immersiva en la qual so, imatge i mat\u00e8ria viva interactuen, generant una narrativa po\u00e8tica sobre la consci\u00e8ncia, la naturalesa i els l\u00edmits entre l&#8217;org\u00e0nic i l&#8217;artificial. <\/p><p>A trav\u00e9s d&#8217;un <strong>sistema basat en sensors, algorismes i eines<\/strong> com TouchDesigner i Ableton, Simbi\u00f2tica transforma les plantes en agents actius dins d&#8217;un ecosistema audiovisual, convidant al p\u00fablic a interactuar i formar part del proc\u00e9s. L&#8217;obra es desplega com una estructura modular que combina performance en viu i instal\u00b7laci\u00f3, explorant conceptes com a cultura, naturalesa, consci\u00e8ncia i inconscient. <\/p><p>El proyecto se inscribe en una l\u00ednea de investigaci\u00f3n que une<strong> arte, ciencia y tecnolog\u00eda<\/strong> desde una perspectiva ecol\u00f3gica y cr\u00edtica, proponiendo una reflexi\u00f3n sobre la tecnolog\u00eda no como herramienta de dominaci\u00f3n, sino como medio para reconectar con el mundo vegetal y generar nuevas formas de percepci\u00f3n y relaci\u00f3n.<\/p><h4>Sobre els artistes<\/h4><p><strong>Pol Ros <\/strong>desenvolupa una pr\u00e0ctica multidisciplin\u00e0ria que integra llenguatges audiovisuals, m\u00fasica, art pl\u00e0stic i pensament cr\u00edtic. El seu treball investiga la relaci\u00f3 entre tecnologia i naturalesa, explorant noves formes d&#8217;interacci\u00f3 entre l&#8217;hum\u00e0 i el no hum\u00e0. A trav\u00e9s de sistemes interactius i processos generatius en temps real, crea experi\u00e8ncies immersives que situen a l&#8217;espectador com a part activa de l&#8217;ecosistema art\u00edstic.  <\/p><p><strong>Asia Herz <\/strong>\u00e9s violoncel\u00b7lista formada en el Conservatori Professional de Vila-seca i en el Conservatori del Liceu de Barcelona, amb traject\u00f2ria en escenaris nacionals i internacionals. La seva pr\u00e0ctica combina interpretaci\u00f3 cl\u00e0ssica i experimentaci\u00f3 contempor\u00e0nia. En Simbi\u00f2tica, la seva intervenci\u00f3 en directe estableix un di\u00e0leg entre instrument, tecnologia i organisme viu, ampliant la dimensi\u00f3 performativa de l&#8217;obra.  <\/p>\t\t\t\t\t\t\t\t<\/div>\n\t\t\t\t<\/div>\n\t\t\t\t\t<\/div>\n\t\t\t\t<\/div>\n\t\t<div class=\"elementor-element elementor-element-8689e13 e-flex e-con-boxed e-con e-parent\" data-id=\"8689e13\" data-element_type=\"container\">\n\t\t\t\t\t<div class=\"e-con-inner\">\n\t\t\t\t<div class=\"elementor-element elementor-element-226a2c2 elementor-arrows-position-inside elementor-pagination-position-outside elementor-widget elementor-widget-image-carousel\" data-id=\"226a2c2\" data-element_type=\"widget\" data-settings=\"{&quot;navigation&quot;:&quot;both&quot;,&quot;autoplay&quot;:&quot;yes&quot;,&quot;pause_on_hover&quot;:&quot;yes&quot;,&quot;pause_on_interaction&quot;:&quot;yes&quot;,&quot;autoplay_speed&quot;:5000,&quot;infinite&quot;:&quot;yes&quot;,&quot;speed&quot;:500}\" data-widget_type=\"image-carousel.default\">\n\t\t\t\t<div class=\"elementor-widget-container\">\n\t\t\t\t\t\t\t<div class=\"elementor-image-carousel-wrapper swiper\" role=\"region\" aria-roledescription=\"carousel\" aria-label=\"Carrusel de im\u00e1genes\" dir=\"ltr\">\n\t\t\t<div class=\"elementor-image-carousel swiper-wrapper\" aria-live=\"off\">\n\t\t\t\t\t\t\t\t<div class=\"swiper-slide\" role=\"group\" aria-roledescription=\"slide\" aria-label=\"1 de 6\"><figure class=\"swiper-slide-inner\"><img decoding=\"async\" class=\"swiper-slide-image\" src=\"https:\/\/nubialabs.com\/wp-content\/uploads\/2026\/04\/6-768x432.webp\" alt=\"Simbi\u00f2tica\" \/><\/figure><\/div><div class=\"swiper-slide\" role=\"group\" aria-roledescription=\"slide\" aria-label=\"2 de 6\"><figure class=\"swiper-slide-inner\"><img decoding=\"async\" class=\"swiper-slide-image\" src=\"https:\/\/nubialabs.com\/wp-content\/uploads\/2026\/04\/4-768x432.webp\" alt=\"Simbi\u00f2tica\" \/><\/figure><\/div><div class=\"swiper-slide\" role=\"group\" aria-roledescription=\"slide\" aria-label=\"3 de 6\"><figure class=\"swiper-slide-inner\"><img decoding=\"async\" class=\"swiper-slide-image\" src=\"https:\/\/nubialabs.com\/wp-content\/uploads\/2026\/04\/5-768x432.webp\" alt=\"Simbi\u00f2tica\" \/><\/figure><\/div><div class=\"swiper-slide\" role=\"group\" aria-roledescription=\"slide\" aria-label=\"4 de 6\"><figure class=\"swiper-slide-inner\"><img decoding=\"async\" class=\"swiper-slide-image\" src=\"https:\/\/nubialabs.com\/wp-content\/uploads\/2026\/04\/3-768x432.webp\" alt=\"Simbi\u00f2tica\" \/><\/figure><\/div><div class=\"swiper-slide\" role=\"group\" aria-roledescription=\"slide\" aria-label=\"5 de 6\"><figure class=\"swiper-slide-inner\"><img decoding=\"async\" class=\"swiper-slide-image\" src=\"https:\/\/nubialabs.com\/wp-content\/uploads\/2026\/04\/2-768x432.webp\" alt=\"Simbi\u00f2tica\" \/><\/figure><\/div><div class=\"swiper-slide\" role=\"group\" aria-roledescription=\"slide\" aria-label=\"6 de 6\"><figure class=\"swiper-slide-inner\"><img decoding=\"async\" class=\"swiper-slide-image\" src=\"https:\/\/nubialabs.com\/wp-content\/uploads\/2026\/04\/1-768x432.webp\" alt=\"Simbi\u00f2tica\" \/><\/figure><\/div>\t\t\t<\/div>\n\t\t\t\t\t\t\t\t\t\t\t\t<div class=\"elementor-swiper-button elementor-swiper-button-prev\" role=\"button\" tabindex=\"0\">\n\t\t\t\t\t\t<i aria-hidden=\"true\" class=\"eicon-chevron-left\"><\/i>\t\t\t\t\t<\/div>\n\t\t\t\t\t<div class=\"elementor-swiper-button elementor-swiper-button-next\" role=\"button\" tabindex=\"0\">\n\t\t\t\t\t\t<i aria-hidden=\"true\" class=\"eicon-chevron-right\"><\/i>\t\t\t\t\t<\/div>\n\t\t\t\t\n\t\t\t\t\t\t\t\t\t<div class=\"swiper-pagination\"><\/div>\n\t\t\t\t\t\t\t\t\t<\/div>\n\t\t\t\t\t\t<\/div>\n\t\t\t\t<\/div>\n\t\t\t\t\t<\/div>\n\t\t\t\t<\/div>\n\t\t\t\t<\/div>\n\t\t","protected":false},"excerpt":{"rendered":"<p>Simbi\u00f2tica &#8211; Pol Ros Amb la participaci\u00f3 de la violoncel\u00b7lista Asia Herz Simbi\u00f2tica, un projecte de l&#8217;artista Pol Ros desenvolupat en el marc de NUBIA Labs<span class=\"excerpt-hellip\"> [\u2026]<\/span><\/p>\n","protected":false},"author":7,"featured_media":0,"parent":0,"menu_order":0,"comment_status":"closed","ping_status":"closed","template":"","meta":{"footnotes":""},"class_list":["post-6026","page","type-page","status-publish","hentry"],"yoast_head":"<!-- This site is optimized with the Yoast SEO plugin v25.5 - https:\/\/yoast.com\/wordpress\/plugins\/seo\/ -->\n<title>Simbi\u00f2tica - Pol Ros<\/title>\n<meta name=\"description\" content=\"Un projecte de l&#039;artista Pol Ros, que explora la relaci\u00f3 entre els humans, la tecnologia i el m\u00f3n vegetal.\" \/>\n<meta name=\"robots\" content=\"index, follow, max-snippet:-1, max-image-preview:large, max-video-preview:-1\" \/>\n<link rel=\"canonical\" href=\"https:\/\/nubialabs.com\/ca\/simbiotica-pol-ros\/\" \/>\n<meta property=\"og:locale\" content=\"ca_ES\" \/>\n<meta property=\"og:type\" content=\"article\" \/>\n<meta property=\"og:title\" content=\"Simbi\u00f2tica - Pol Ros\" \/>\n<meta property=\"og:description\" content=\"Un projecte de l&#039;artista Pol Ros, que explora la relaci\u00f3 entre els humans, la tecnologia i el m\u00f3n vegetal.\" \/>\n<meta property=\"og:url\" content=\"https:\/\/nubialabs.com\/ca\/simbiotica-pol-ros\/\" \/>\n<meta property=\"og:site_name\" content=\"NubiaLabs\" \/>\n<meta property=\"article:modified_time\" content=\"2026-04-21T13:59:24+00:00\" \/>\n<meta property=\"og:image\" content=\"https:\/\/nubialabs.com\/wp-content\/uploads\/2023\/05\/ai2-sep1.svg\" \/>\n<meta name=\"twitter:card\" content=\"summary_large_image\" \/>\n<meta name=\"twitter:label1\" content=\"Temps estimat de lectura\" \/>\n\t<meta name=\"twitter:data1\" content=\"4 minuts\" \/>\n<script type=\"application\/ld+json\" class=\"yoast-schema-graph\">{\"@context\":\"https:\/\/schema.org\",\"@graph\":[{\"@type\":\"WebPage\",\"@id\":\"https:\/\/nubialabs.com\/ca\/simbiotica-pol-ros\/\",\"url\":\"https:\/\/nubialabs.com\/ca\/simbiotica-pol-ros\/\",\"name\":\"Simbi\u00f2tica - Pol Ros\",\"isPartOf\":{\"@id\":\"https:\/\/nubialabs.com\/ca\/#website\"},\"primaryImageOfPage\":{\"@id\":\"https:\/\/nubialabs.com\/ca\/simbiotica-pol-ros\/#primaryimage\"},\"image\":{\"@id\":\"https:\/\/nubialabs.com\/ca\/simbiotica-pol-ros\/#primaryimage\"},\"thumbnailUrl\":\"https:\/\/nubialabs.com\/wp-content\/uploads\/2023\/05\/ai2-sep1.svg\",\"datePublished\":\"2026-04-21T13:38:41+00:00\",\"dateModified\":\"2026-04-21T13:59:24+00:00\",\"description\":\"Un projecte de l'artista Pol Ros, que explora la relaci\u00f3 entre els humans, la tecnologia i el m\u00f3n vegetal.\",\"breadcrumb\":{\"@id\":\"https:\/\/nubialabs.com\/ca\/simbiotica-pol-ros\/#breadcrumb\"},\"inLanguage\":\"ca\",\"potentialAction\":[{\"@type\":\"ReadAction\",\"target\":[\"https:\/\/nubialabs.com\/ca\/simbiotica-pol-ros\/\"]}]},{\"@type\":\"ImageObject\",\"inLanguage\":\"ca\",\"@id\":\"https:\/\/nubialabs.com\/ca\/simbiotica-pol-ros\/#primaryimage\",\"url\":\"https:\/\/nubialabs.com\/wp-content\/uploads\/2023\/05\/ai2-sep1.svg\",\"contentUrl\":\"https:\/\/nubialabs.com\/wp-content\/uploads\/2023\/05\/ai2-sep1.svg\"},{\"@type\":\"BreadcrumbList\",\"@id\":\"https:\/\/nubialabs.com\/ca\/simbiotica-pol-ros\/#breadcrumb\",\"itemListElement\":[{\"@type\":\"ListItem\",\"position\":1,\"name\":\"Portada\",\"item\":\"https:\/\/nubialabs.com\/ca\/\"},{\"@type\":\"ListItem\",\"position\":2,\"name\":\"Simbi\u00f2tica &#8211; Pol Ros\"}]},{\"@type\":\"WebSite\",\"@id\":\"https:\/\/nubialabs.com\/ca\/#website\",\"url\":\"https:\/\/nubialabs.com\/ca\/\",\"name\":\"NubiaLabs\",\"description\":\"Incubadora de proyectos art\u00edsticos\",\"publisher\":{\"@id\":\"https:\/\/nubialabs.com\/ca\/#organization\"},\"potentialAction\":[{\"@type\":\"SearchAction\",\"target\":{\"@type\":\"EntryPoint\",\"urlTemplate\":\"https:\/\/nubialabs.com\/ca\/?s={search_term_string}\"},\"query-input\":{\"@type\":\"PropertyValueSpecification\",\"valueRequired\":true,\"valueName\":\"search_term_string\"}}],\"inLanguage\":\"ca\"},{\"@type\":\"Organization\",\"@id\":\"https:\/\/nubialabs.com\/ca\/#organization\",\"name\":\"NubiaLabs\",\"url\":\"https:\/\/nubialabs.com\/ca\/\",\"logo\":{\"@type\":\"ImageObject\",\"inLanguage\":\"ca\",\"@id\":\"https:\/\/nubialabs.com\/ca\/#\/schema\/logo\/image\/\",\"url\":\"https:\/\/nubialabs.com\/wp-content\/uploads\/2023\/10\/Nubialabs_color.webp\",\"contentUrl\":\"https:\/\/nubialabs.com\/wp-content\/uploads\/2023\/10\/Nubialabs_color.webp\",\"width\":2000,\"height\":2000,\"caption\":\"NubiaLabs\"},\"image\":{\"@id\":\"https:\/\/nubialabs.com\/ca\/#\/schema\/logo\/image\/\"}}]}<\/script>\n<!-- \/ Yoast SEO plugin. -->","yoast_head_json":{"title":"Simbi\u00f2tica - Pol Ros","description":"Un projecte de l'artista Pol Ros, que explora la relaci\u00f3 entre els humans, la tecnologia i el m\u00f3n vegetal.","robots":{"index":"index","follow":"follow","max-snippet":"max-snippet:-1","max-image-preview":"max-image-preview:large","max-video-preview":"max-video-preview:-1"},"canonical":"https:\/\/nubialabs.com\/ca\/simbiotica-pol-ros\/","og_locale":"ca_ES","og_type":"article","og_title":"Simbi\u00f2tica - Pol Ros","og_description":"Un projecte de l'artista Pol Ros, que explora la relaci\u00f3 entre els humans, la tecnologia i el m\u00f3n vegetal.","og_url":"https:\/\/nubialabs.com\/ca\/simbiotica-pol-ros\/","og_site_name":"NubiaLabs","article_modified_time":"2026-04-21T13:59:24+00:00","og_image":[{"url":"https:\/\/nubialabs.com\/wp-content\/uploads\/2023\/05\/ai2-sep1.svg","type":"","width":"","height":""}],"twitter_card":"summary_large_image","twitter_misc":{"Temps estimat de lectura":"4 minuts"},"schema":{"@context":"https:\/\/schema.org","@graph":[{"@type":"WebPage","@id":"https:\/\/nubialabs.com\/ca\/simbiotica-pol-ros\/","url":"https:\/\/nubialabs.com\/ca\/simbiotica-pol-ros\/","name":"Simbi\u00f2tica - Pol Ros","isPartOf":{"@id":"https:\/\/nubialabs.com\/ca\/#website"},"primaryImageOfPage":{"@id":"https:\/\/nubialabs.com\/ca\/simbiotica-pol-ros\/#primaryimage"},"image":{"@id":"https:\/\/nubialabs.com\/ca\/simbiotica-pol-ros\/#primaryimage"},"thumbnailUrl":"https:\/\/nubialabs.com\/wp-content\/uploads\/2023\/05\/ai2-sep1.svg","datePublished":"2026-04-21T13:38:41+00:00","dateModified":"2026-04-21T13:59:24+00:00","description":"Un projecte de l'artista Pol Ros, que explora la relaci\u00f3 entre els humans, la tecnologia i el m\u00f3n vegetal.","breadcrumb":{"@id":"https:\/\/nubialabs.com\/ca\/simbiotica-pol-ros\/#breadcrumb"},"inLanguage":"ca","potentialAction":[{"@type":"ReadAction","target":["https:\/\/nubialabs.com\/ca\/simbiotica-pol-ros\/"]}]},{"@type":"ImageObject","inLanguage":"ca","@id":"https:\/\/nubialabs.com\/ca\/simbiotica-pol-ros\/#primaryimage","url":"https:\/\/nubialabs.com\/wp-content\/uploads\/2023\/05\/ai2-sep1.svg","contentUrl":"https:\/\/nubialabs.com\/wp-content\/uploads\/2023\/05\/ai2-sep1.svg"},{"@type":"BreadcrumbList","@id":"https:\/\/nubialabs.com\/ca\/simbiotica-pol-ros\/#breadcrumb","itemListElement":[{"@type":"ListItem","position":1,"name":"Portada","item":"https:\/\/nubialabs.com\/ca\/"},{"@type":"ListItem","position":2,"name":"Simbi\u00f2tica &#8211; Pol Ros"}]},{"@type":"WebSite","@id":"https:\/\/nubialabs.com\/ca\/#website","url":"https:\/\/nubialabs.com\/ca\/","name":"NubiaLabs","description":"Incubadora de proyectos art\u00edsticos","publisher":{"@id":"https:\/\/nubialabs.com\/ca\/#organization"},"potentialAction":[{"@type":"SearchAction","target":{"@type":"EntryPoint","urlTemplate":"https:\/\/nubialabs.com\/ca\/?s={search_term_string}"},"query-input":{"@type":"PropertyValueSpecification","valueRequired":true,"valueName":"search_term_string"}}],"inLanguage":"ca"},{"@type":"Organization","@id":"https:\/\/nubialabs.com\/ca\/#organization","name":"NubiaLabs","url":"https:\/\/nubialabs.com\/ca\/","logo":{"@type":"ImageObject","inLanguage":"ca","@id":"https:\/\/nubialabs.com\/ca\/#\/schema\/logo\/image\/","url":"https:\/\/nubialabs.com\/wp-content\/uploads\/2023\/10\/Nubialabs_color.webp","contentUrl":"https:\/\/nubialabs.com\/wp-content\/uploads\/2023\/10\/Nubialabs_color.webp","width":2000,"height":2000,"caption":"NubiaLabs"},"image":{"@id":"https:\/\/nubialabs.com\/ca\/#\/schema\/logo\/image\/"}}]}},"_links":{"self":[{"href":"https:\/\/nubialabs.com\/ca\/wp-json\/wp\/v2\/pages\/6026","targetHints":{"allow":["GET"]}}],"collection":[{"href":"https:\/\/nubialabs.com\/ca\/wp-json\/wp\/v2\/pages"}],"about":[{"href":"https:\/\/nubialabs.com\/ca\/wp-json\/wp\/v2\/types\/page"}],"author":[{"embeddable":true,"href":"https:\/\/nubialabs.com\/ca\/wp-json\/wp\/v2\/users\/7"}],"replies":[{"embeddable":true,"href":"https:\/\/nubialabs.com\/ca\/wp-json\/wp\/v2\/comments?post=6026"}],"version-history":[{"count":3,"href":"https:\/\/nubialabs.com\/ca\/wp-json\/wp\/v2\/pages\/6026\/revisions"}],"predecessor-version":[{"id":6040,"href":"https:\/\/nubialabs.com\/ca\/wp-json\/wp\/v2\/pages\/6026\/revisions\/6040"}],"wp:attachment":[{"href":"https:\/\/nubialabs.com\/ca\/wp-json\/wp\/v2\/media?parent=6026"}],"curies":[{"name":"wp","href":"https:\/\/api.w.org\/{rel}","templated":true}]}}