{"id":3765,"date":"2024-02-08T21:46:01","date_gmt":"2024-02-08T20:46:01","guid":{"rendered":"https:\/\/nubialabs.com\/?page_id=3765"},"modified":"2025-01-31T15:23:28","modified_gmt":"2025-01-31T14:23:28","slug":"incubation-projects-2023","status":"publish","type":"page","link":"https:\/\/nubialabs.com\/en\/incubation-projects-2023\/","title":{"rendered":"2023 Projects"},"content":{"rendered":"\t\t<div data-elementor-type=\"wp-page\" data-elementor-id=\"3765\" class=\"elementor elementor-3765 elementor-3297\">\n\t\t\t\t<div class=\"elementor-element elementor-element-fa8aa34 e-con-full e-flex e-con e-parent\" data-id=\"fa8aa34\" data-element_type=\"container\">\n\t\t\t\t<\/div>\n\t\t\t\t<section class=\"elementor-section elementor-top-section elementor-element elementor-element-a74247b elementor-section-stretched elementor-section-boxed elementor-section-height-default elementor-section-height-default\" data-id=\"a74247b\" data-element_type=\"section\" data-settings=\"{&quot;stretch_section&quot;:&quot;section-stretched&quot;,&quot;background_background&quot;:&quot;classic&quot;}\">\n\t\t\t\t\t\t<div class=\"elementor-container elementor-column-gap-wider\">\n\t\t\t\t\t<div class=\"elementor-column elementor-col-100 elementor-top-column elementor-element elementor-element-ee37b9a\" data-id=\"ee37b9a\" data-element_type=\"column\" data-settings=\"{&quot;background_background&quot;:&quot;gradient&quot;}\">\n\t\t\t<div class=\"elementor-widget-wrap elementor-element-populated\">\n\t\t\t\t\t\t<div class=\"elementor-element elementor-element-111bacb elementor-widget elementor-widget-heading\" data-id=\"111bacb\" data-element_type=\"widget\" data-widget_type=\"heading.default\">\n\t\t\t\t<div class=\"elementor-widget-container\">\n\t\t\t\t\t<h1 class=\"elementor-heading-title elementor-size-default\">2023 Edition Projects<\/h1>\t\t\t\t<\/div>\n\t\t\t\t<\/div>\n\t\t\t\t<div class=\"elementor-element elementor-element-29520da elementor-widget elementor-widget-image\" data-id=\"29520da\" data-element_type=\"widget\" data-widget_type=\"image.default\">\n\t\t\t\t<div class=\"elementor-widget-container\">\n\t\t\t\t\t\t\t\t\t\t\t\t\t\t\t<img decoding=\"async\" src=\"https:\/\/nubialabs.com\/wp-content\/uploads\/2023\/05\/ai2-sep1.svg\" title=\"\" alt=\"\" loading=\"lazy\" \/>\t\t\t\t\t\t\t\t\t\t\t\t\t\t\t<\/div>\n\t\t\t\t<\/div>\n\t\t\t\t<div class=\"elementor-element elementor-element-cc8a4ce elementor-widget elementor-widget-text-editor\" data-id=\"cc8a4ce\" data-element_type=\"widget\" data-widget_type=\"text-editor.default\">\n\t\t\t\t<div class=\"elementor-widget-container\">\n\t\t\t\t\t\t\t\t\t<p>Discover the most outstanding artistic projects promoted in our incubation program.<\/p>\t\t\t\t\t\t\t\t<\/div>\n\t\t\t\t<\/div>\n\t\t<div class=\"elementor-element elementor-element-c9f1800 e-flex e-con-boxed e-con e-parent\" data-id=\"c9f1800\" data-element_type=\"container\">\n\t\t\t\t\t<div class=\"e-con-inner\">\n\t\t<div class=\"elementor-element elementor-element-a110c15 e-con-full e-flex e-con e-child\" data-id=\"a110c15\" data-element_type=\"container\">\n\t\t\t\t<div class=\"elementor-element elementor-element-02148ed elementor-widget elementor-widget-text-editor\" data-id=\"02148ed\" data-element_type=\"widget\" data-widget_type=\"text-editor.default\">\n\t\t\t\t<div class=\"elementor-widget-container\">\n\t\t\t\t\t\t\t\t\t<h2>Bittersweet Symphony<\/h2>\nAn immersive sound experience that maps real-time climate data to sounds. By translating real-time climate data into sounds, the project aims to bridge the gap between detached awareness and a deep, personal encounter with the effects of global warming. The project will collect data from AQICN.ORG&#8217;s Air Quality Index (AQI), focusing on the 20 hottest cities in the world.\n\n<strong>Nubia Lab Residency Project 2023: Sandra Davis<\/strong>\t\t\t\t\t\t\t\t<\/div>\n\t\t\t\t<\/div>\n\t\t\t\t<\/div>\n\t\t<div class=\"elementor-element elementor-element-df82c8f e-con-full e-flex e-con e-child\" data-id=\"df82c8f\" data-element_type=\"container\">\n\t\t\t\t<div class=\"elementor-element elementor-element-c2ed30b elementor-widget elementor-widget-video\" data-id=\"c2ed30b\" data-element_type=\"widget\" data-settings=\"{&quot;youtube_url&quot;:&quot;https:\\\/\\\/youtu.be\\\/O_vk1zU0PV8&quot;,&quot;video_type&quot;:&quot;youtube&quot;,&quot;controls&quot;:&quot;yes&quot;}\" data-widget_type=\"video.default\">\n\t\t\t\t<div class=\"elementor-widget-container\">\n\t\t\t\t\t\t\t<div class=\"elementor-wrapper elementor-open-inline\">\n\t\t\t<div class=\"elementor-video\"><\/div>\t\t<\/div>\n\t\t\t\t\t\t<\/div>\n\t\t\t\t<\/div>\n\t\t\t\t<\/div>\n\t\t\t\t\t<\/div>\n\t\t\t\t<\/div>\n\t\t<div class=\"elementor-element elementor-element-92e675e e-flex e-con-boxed e-con e-parent\" data-id=\"92e675e\" data-element_type=\"container\">\n\t\t\t\t\t<div class=\"e-con-inner\">\n\t\t<div class=\"elementor-element elementor-element-a91a7ad e-con-full e-flex e-con e-child\" data-id=\"a91a7ad\" data-element_type=\"container\">\n\t\t\t\t<div class=\"elementor-element elementor-element-054cf4c elementor-widget elementor-widget-video\" data-id=\"054cf4c\" data-element_type=\"widget\" data-settings=\"{&quot;youtube_url&quot;:&quot;https:\\\/\\\/youtu.be\\\/PNN4_KDCMy0&quot;,&quot;video_type&quot;:&quot;youtube&quot;,&quot;controls&quot;:&quot;yes&quot;}\" data-widget_type=\"video.default\">\n\t\t\t\t<div class=\"elementor-widget-container\">\n\t\t\t\t\t\t\t<div class=\"elementor-wrapper elementor-open-inline\">\n\t\t\t<div class=\"elementor-video\"><\/div>\t\t<\/div>\n\t\t\t\t\t\t<\/div>\n\t\t\t\t<\/div>\n\t\t\t\t<\/div>\n\t\t<div class=\"elementor-element elementor-element-49d4337 e-con-full e-flex e-con e-child\" data-id=\"49d4337\" data-element_type=\"container\">\n\t\t\t\t<div class=\"elementor-element elementor-element-cf12adb elementor-widget elementor-widget-text-editor\" data-id=\"cf12adb\" data-element_type=\"widget\" data-widget_type=\"text-editor.default\">\n\t\t\t\t<div class=\"elementor-widget-container\">\n\t\t\t\t\t\t\t\t\t<h2>NeuraGest\u00a0<\/h2><p>An interactive exhibition in which viewers can create unique pieces of abstract art following the styles of contemporary artists such as Piet Mondrian, Jackson Pollock or Kazimir Malevich. Using Mediapipe&#8217;s artificial intelligence model, a webcam follows the user&#8217;s hand movements and gestures to create art without touching any brush or physical element.<\/p><p><strong>Nubia Lab Residency Project 2023: <\/strong><br \/><strong>Marc L\u00f3pez<\/strong><\/p>\t\t\t\t\t\t\t\t<\/div>\n\t\t\t\t<\/div>\n\t\t\t\t<\/div>\n\t\t\t\t\t<\/div>\n\t\t\t\t<\/div>\n\t\t<div class=\"elementor-element elementor-element-9c8c9a1 e-flex e-con-boxed e-con e-parent\" data-id=\"9c8c9a1\" data-element_type=\"container\">\n\t\t\t\t\t<div class=\"e-con-inner\">\n\t\t<div class=\"elementor-element elementor-element-bd0ddac e-con-full e-flex e-con e-child\" data-id=\"bd0ddac\" data-element_type=\"container\">\n\t\t\t\t<div class=\"elementor-element elementor-element-11659a8 elementor-widget elementor-widget-video\" data-id=\"11659a8\" data-element_type=\"widget\" data-settings=\"{&quot;youtube_url&quot;:&quot;https:\\\/\\\/youtu.be\\\/P2XpLqDZj2U&quot;,&quot;video_type&quot;:&quot;youtube&quot;,&quot;controls&quot;:&quot;yes&quot;}\" data-widget_type=\"video.default\">\n\t\t\t\t<div class=\"elementor-widget-container\">\n\t\t\t\t\t\t\t<div class=\"elementor-wrapper elementor-open-inline\">\n\t\t\t<div class=\"elementor-video\"><\/div>\t\t<\/div>\n\t\t\t\t\t\t<\/div>\n\t\t\t\t<\/div>\n\t\t\t\t<\/div>\n\t\t<div class=\"elementor-element elementor-element-7830135 e-con-full e-flex e-con e-child\" data-id=\"7830135\" data-element_type=\"container\">\n\t\t\t\t<div class=\"elementor-element elementor-element-b41e9d4 elementor-widget elementor-widget-text-editor\" data-id=\"b41e9d4\" data-element_type=\"widget\" data-widget_type=\"text-editor.default\">\n\t\t\t\t<div class=\"elementor-widget-container\">\n\t\t\t\t\t\t\t\t\t<h2>Radiome<\/h2>\nInteractive experiment on spatial sound and the sense of orientation, which invites attendees to align themselves with the cardinal points of the Earth &#8211; using their phones as antennas &#8211; to create collaborative soundscapes. The installation works with binaural auditory environments, audioreactive projections, and a performance that reacts to the sounds generated by the attendees. The collective installation is an immersive exploration of sound, connection, and the human landscape.\n\n<strong>Nubia Lab Residency Project 2023: Esen K\u00fc\u00e7\u00fckt\u00fct\u00fcnc\u00fc, Carlos Garc\u00eda Reche, Francisco Mac\u00eda, Niall Hill, Franco Belli, Gabriel Schubert<\/strong>\t\t\t\t\t\t\t\t<\/div>\n\t\t\t\t<\/div>\n\t\t\t\t<\/div>\n\t\t\t\t\t<\/div>\n\t\t\t\t<\/div>\n\t\t\t\t\t<\/div>\n\t\t<\/div>\n\t\t\t\t\t<\/div>\n\t\t<\/section>\n\t\t\t\t<\/div>\n\t\t","protected":false},"excerpt":{"rendered":"<p>2023 Edition Projects Discover the most outstanding artistic projects promoted in our incubation program. Bittersweet Symphony An immersive sound experience that maps real-time climate data to<span class=\"excerpt-hellip\"> [\u2026]<\/span><\/p>\n","protected":false},"author":2,"featured_media":0,"parent":0,"menu_order":0,"comment_status":"closed","ping_status":"closed","template":"","meta":{"footnotes":""},"class_list":["post-3765","page","type-page","status-publish","hentry"],"yoast_head":"<!-- This site is optimized with the Yoast SEO plugin v25.5 - https:\/\/yoast.com\/wordpress\/plugins\/seo\/ -->\n<title>2023 Incubation Projects | NubiaLabs<\/title>\n<meta name=\"description\" content=\"Discover the most outstanding artistic projects that have been promoted in our 2023 edition incubation program.\" \/>\n<meta name=\"robots\" content=\"index, follow, max-snippet:-1, max-image-preview:large, max-video-preview:-1\" \/>\n<link rel=\"canonical\" href=\"https:\/\/nubialabs.com\/en\/incubation-projects-2023\/\" \/>\n<meta property=\"og:locale\" content=\"en_US\" \/>\n<meta property=\"og:type\" content=\"article\" \/>\n<meta property=\"og:title\" content=\"2023 Incubation Projects | NubiaLabs\" \/>\n<meta property=\"og:description\" content=\"Discover the most outstanding artistic projects that have been promoted in our 2023 edition incubation program.\" \/>\n<meta property=\"og:url\" content=\"https:\/\/nubialabs.com\/en\/incubation-projects-2023\/\" \/>\n<meta property=\"og:site_name\" content=\"NubiaLabs\" \/>\n<meta property=\"article:modified_time\" content=\"2025-01-31T14:23:28+00:00\" \/>\n<meta property=\"og:image\" content=\"https:\/\/nubialabs.com\/wp-content\/uploads\/2023\/05\/ai2-sep1.svg\" \/>\n<meta name=\"twitter:card\" content=\"summary_large_image\" \/>\n<meta name=\"twitter:label1\" content=\"Est. reading time\" \/>\n\t<meta name=\"twitter:data1\" content=\"2 minutes\" \/>\n<script type=\"application\/ld+json\" class=\"yoast-schema-graph\">{\"@context\":\"https:\/\/schema.org\",\"@graph\":[{\"@type\":\"WebPage\",\"@id\":\"https:\/\/nubialabs.com\/en\/incubation-projects-2023\/\",\"url\":\"https:\/\/nubialabs.com\/en\/incubation-projects-2023\/\",\"name\":\"2023 Incubation Projects | NubiaLabs\",\"isPartOf\":{\"@id\":\"https:\/\/nubialabs.com\/en\/#website\"},\"primaryImageOfPage\":{\"@id\":\"https:\/\/nubialabs.com\/en\/incubation-projects-2023\/#primaryimage\"},\"image\":{\"@id\":\"https:\/\/nubialabs.com\/en\/incubation-projects-2023\/#primaryimage\"},\"thumbnailUrl\":\"https:\/\/nubialabs.com\/wp-content\/uploads\/2023\/05\/ai2-sep1.svg\",\"datePublished\":\"2024-02-08T20:46:01+00:00\",\"dateModified\":\"2025-01-31T14:23:28+00:00\",\"description\":\"Discover the most outstanding artistic projects that have been promoted in our 2023 edition incubation program.\",\"breadcrumb\":{\"@id\":\"https:\/\/nubialabs.com\/en\/incubation-projects-2023\/#breadcrumb\"},\"inLanguage\":\"en-US\",\"potentialAction\":[{\"@type\":\"ReadAction\",\"target\":[\"https:\/\/nubialabs.com\/en\/incubation-projects-2023\/\"]}]},{\"@type\":\"ImageObject\",\"inLanguage\":\"en-US\",\"@id\":\"https:\/\/nubialabs.com\/en\/incubation-projects-2023\/#primaryimage\",\"url\":\"https:\/\/nubialabs.com\/wp-content\/uploads\/2023\/05\/ai2-sep1.svg\",\"contentUrl\":\"https:\/\/nubialabs.com\/wp-content\/uploads\/2023\/05\/ai2-sep1.svg\"},{\"@type\":\"BreadcrumbList\",\"@id\":\"https:\/\/nubialabs.com\/en\/incubation-projects-2023\/#breadcrumb\",\"itemListElement\":[{\"@type\":\"ListItem\",\"position\":1,\"name\":\"Portada\",\"item\":\"https:\/\/nubialabs.com\/en\/\"},{\"@type\":\"ListItem\",\"position\":2,\"name\":\"2023 Projects\"}]},{\"@type\":\"WebSite\",\"@id\":\"https:\/\/nubialabs.com\/en\/#website\",\"url\":\"https:\/\/nubialabs.com\/en\/\",\"name\":\"NubiaLabs\",\"description\":\"Incubadora de proyectos art\u00edsticos\",\"publisher\":{\"@id\":\"https:\/\/nubialabs.com\/en\/#organization\"},\"potentialAction\":[{\"@type\":\"SearchAction\",\"target\":{\"@type\":\"EntryPoint\",\"urlTemplate\":\"https:\/\/nubialabs.com\/en\/?s={search_term_string}\"},\"query-input\":{\"@type\":\"PropertyValueSpecification\",\"valueRequired\":true,\"valueName\":\"search_term_string\"}}],\"inLanguage\":\"en-US\"},{\"@type\":\"Organization\",\"@id\":\"https:\/\/nubialabs.com\/en\/#organization\",\"name\":\"NubiaLabs\",\"url\":\"https:\/\/nubialabs.com\/en\/\",\"logo\":{\"@type\":\"ImageObject\",\"inLanguage\":\"en-US\",\"@id\":\"https:\/\/nubialabs.com\/en\/#\/schema\/logo\/image\/\",\"url\":\"https:\/\/nubialabs.com\/wp-content\/uploads\/2023\/10\/Nubialabs_color.webp\",\"contentUrl\":\"https:\/\/nubialabs.com\/wp-content\/uploads\/2023\/10\/Nubialabs_color.webp\",\"width\":2000,\"height\":2000,\"caption\":\"NubiaLabs\"},\"image\":{\"@id\":\"https:\/\/nubialabs.com\/en\/#\/schema\/logo\/image\/\"}}]}<\/script>\n<!-- \/ Yoast SEO plugin. -->","yoast_head_json":{"title":"2023 Incubation Projects | NubiaLabs","description":"Discover the most outstanding artistic projects that have been promoted in our 2023 edition incubation program.","robots":{"index":"index","follow":"follow","max-snippet":"max-snippet:-1","max-image-preview":"max-image-preview:large","max-video-preview":"max-video-preview:-1"},"canonical":"https:\/\/nubialabs.com\/en\/incubation-projects-2023\/","og_locale":"en_US","og_type":"article","og_title":"2023 Incubation Projects | NubiaLabs","og_description":"Discover the most outstanding artistic projects that have been promoted in our 2023 edition incubation program.","og_url":"https:\/\/nubialabs.com\/en\/incubation-projects-2023\/","og_site_name":"NubiaLabs","article_modified_time":"2025-01-31T14:23:28+00:00","og_image":[{"url":"https:\/\/nubialabs.com\/wp-content\/uploads\/2023\/05\/ai2-sep1.svg","type":"","width":"","height":""}],"twitter_card":"summary_large_image","twitter_misc":{"Est. reading time":"2 minutes"},"schema":{"@context":"https:\/\/schema.org","@graph":[{"@type":"WebPage","@id":"https:\/\/nubialabs.com\/en\/incubation-projects-2023\/","url":"https:\/\/nubialabs.com\/en\/incubation-projects-2023\/","name":"2023 Incubation Projects | NubiaLabs","isPartOf":{"@id":"https:\/\/nubialabs.com\/en\/#website"},"primaryImageOfPage":{"@id":"https:\/\/nubialabs.com\/en\/incubation-projects-2023\/#primaryimage"},"image":{"@id":"https:\/\/nubialabs.com\/en\/incubation-projects-2023\/#primaryimage"},"thumbnailUrl":"https:\/\/nubialabs.com\/wp-content\/uploads\/2023\/05\/ai2-sep1.svg","datePublished":"2024-02-08T20:46:01+00:00","dateModified":"2025-01-31T14:23:28+00:00","description":"Discover the most outstanding artistic projects that have been promoted in our 2023 edition incubation program.","breadcrumb":{"@id":"https:\/\/nubialabs.com\/en\/incubation-projects-2023\/#breadcrumb"},"inLanguage":"en-US","potentialAction":[{"@type":"ReadAction","target":["https:\/\/nubialabs.com\/en\/incubation-projects-2023\/"]}]},{"@type":"ImageObject","inLanguage":"en-US","@id":"https:\/\/nubialabs.com\/en\/incubation-projects-2023\/#primaryimage","url":"https:\/\/nubialabs.com\/wp-content\/uploads\/2023\/05\/ai2-sep1.svg","contentUrl":"https:\/\/nubialabs.com\/wp-content\/uploads\/2023\/05\/ai2-sep1.svg"},{"@type":"BreadcrumbList","@id":"https:\/\/nubialabs.com\/en\/incubation-projects-2023\/#breadcrumb","itemListElement":[{"@type":"ListItem","position":1,"name":"Portada","item":"https:\/\/nubialabs.com\/en\/"},{"@type":"ListItem","position":2,"name":"2023 Projects"}]},{"@type":"WebSite","@id":"https:\/\/nubialabs.com\/en\/#website","url":"https:\/\/nubialabs.com\/en\/","name":"NubiaLabs","description":"Incubadora de proyectos art\u00edsticos","publisher":{"@id":"https:\/\/nubialabs.com\/en\/#organization"},"potentialAction":[{"@type":"SearchAction","target":{"@type":"EntryPoint","urlTemplate":"https:\/\/nubialabs.com\/en\/?s={search_term_string}"},"query-input":{"@type":"PropertyValueSpecification","valueRequired":true,"valueName":"search_term_string"}}],"inLanguage":"en-US"},{"@type":"Organization","@id":"https:\/\/nubialabs.com\/en\/#organization","name":"NubiaLabs","url":"https:\/\/nubialabs.com\/en\/","logo":{"@type":"ImageObject","inLanguage":"en-US","@id":"https:\/\/nubialabs.com\/en\/#\/schema\/logo\/image\/","url":"https:\/\/nubialabs.com\/wp-content\/uploads\/2023\/10\/Nubialabs_color.webp","contentUrl":"https:\/\/nubialabs.com\/wp-content\/uploads\/2023\/10\/Nubialabs_color.webp","width":2000,"height":2000,"caption":"NubiaLabs"},"image":{"@id":"https:\/\/nubialabs.com\/en\/#\/schema\/logo\/image\/"}}]}},"_links":{"self":[{"href":"https:\/\/nubialabs.com\/en\/wp-json\/wp\/v2\/pages\/3765","targetHints":{"allow":["GET"]}}],"collection":[{"href":"https:\/\/nubialabs.com\/en\/wp-json\/wp\/v2\/pages"}],"about":[{"href":"https:\/\/nubialabs.com\/en\/wp-json\/wp\/v2\/types\/page"}],"author":[{"embeddable":true,"href":"https:\/\/nubialabs.com\/en\/wp-json\/wp\/v2\/users\/2"}],"replies":[{"embeddable":true,"href":"https:\/\/nubialabs.com\/en\/wp-json\/wp\/v2\/comments?post=3765"}],"version-history":[{"count":13,"href":"https:\/\/nubialabs.com\/en\/wp-json\/wp\/v2\/pages\/3765\/revisions"}],"predecessor-version":[{"id":4219,"href":"https:\/\/nubialabs.com\/en\/wp-json\/wp\/v2\/pages\/3765\/revisions\/4219"}],"wp:attachment":[{"href":"https:\/\/nubialabs.com\/en\/wp-json\/wp\/v2\/media?parent=3765"}],"curies":[{"name":"wp","href":"https:\/\/api.w.org\/{rel}","templated":true}]}}