{"id":4645,"date":"2026-01-28T12:26:25","date_gmt":"2026-01-28T11:26:25","guid":{"rendered":"https:\/\/nubialabs.com\/?page_id=4645"},"modified":"2026-03-05T12:38:55","modified_gmt":"2026-03-05T11:38:55","slug":"tres-frequencies-a-month-of-immersive-art-sound-vision-tres-frequencies","status":"publish","type":"page","link":"https:\/\/nubialabs.com\/en\/tres-frequencies-a-month-of-immersive-art-sound-vision-tres-frequencies\/","title":{"rendered":"TRES FREQ\u00dc\u00c8NCIES: A month of immersive art, sound &amp; vision\u00a0"},"content":{"rendered":"\t\t<div data-elementor-type=\"wp-page\" data-elementor-id=\"4645\" class=\"elementor elementor-4645\">\n\t\t\t\t<div class=\"elementor-element elementor-element-f3a62cd e-flex e-con-boxed e-con e-parent\" data-id=\"f3a62cd\" data-element_type=\"container\">\n\t\t\t\t\t<div class=\"e-con-inner\">\n\t\t\t\t<div class=\"elementor-element elementor-element-025634e elementor-widget elementor-widget-heading\" data-id=\"025634e\" data-element_type=\"widget\" data-widget_type=\"heading.default\">\n\t\t\t\t<div class=\"elementor-widget-container\">\n\t\t\t\t\t<h1 class=\"elementor-heading-title elementor-size-default\">Tres freq\u00fc\u00e8ncies: A month of immersive art, sound &amp; vision<\/h1>\t\t\t\t<\/div>\n\t\t\t\t<\/div>\n\t\t\t\t\t<\/div>\n\t\t\t\t<\/div>\n\t\t<div class=\"elementor-element elementor-element-0e89c7f e-flex e-con-boxed e-con e-parent\" data-id=\"0e89c7f\" data-element_type=\"container\">\n\t\t\t\t\t<div class=\"e-con-inner\">\n\t\t\t\t<div class=\"elementor-element elementor-element-7162d66 elementor-widget elementor-widget-image\" data-id=\"7162d66\" data-element_type=\"widget\" data-widget_type=\"image.default\">\n\t\t\t\t<div class=\"elementor-widget-container\">\n\t\t\t\t\t\t\t\t\t\t\t\t\t\t\t<img decoding=\"async\" src=\"https:\/\/nubialabs.com\/wp-content\/uploads\/2023\/05\/ai2-sep1.svg\" title=\"\" alt=\"\" loading=\"lazy\" \/>\t\t\t\t\t\t\t\t\t\t\t\t\t\t\t<\/div>\n\t\t\t\t<\/div>\n\t\t\t\t\t<\/div>\n\t\t\t\t<\/div>\n\t\t<div class=\"elementor-element elementor-element-8062903 e-flex e-con-boxed e-con e-parent\" data-id=\"8062903\" data-element_type=\"container\">\n\t\t\t\t\t<div class=\"e-con-inner\">\n\t\t\t\t<div class=\"elementor-element elementor-element-79f62ca elementor-widget elementor-widget-image\" data-id=\"79f62ca\" data-element_type=\"widget\" data-widget_type=\"image.default\">\n\t\t\t\t<div class=\"elementor-widget-container\">\n\t\t\t\t\t\t\t\t\t\t\t\t\t\t\t<img fetchpriority=\"high\" decoding=\"async\" width=\"540\" height=\"675\" src=\"https:\/\/nubialabs.com\/wp-content\/uploads\/2026\/01\/3-FREQ-GENERAL-ENG-FINAL-1-2.png\" class=\"attachment-medium_large size-medium_large wp-image-4676\" alt=\"flyer Tres freq\u00fc\u00e8ncies\" srcset=\"https:\/\/nubialabs.com\/wp-content\/uploads\/2026\/01\/3-FREQ-GENERAL-ENG-FINAL-1-2.png 540w, https:\/\/nubialabs.com\/wp-content\/uploads\/2026\/01\/3-FREQ-GENERAL-ENG-FINAL-1-2-400x500.png 400w, https:\/\/nubialabs.com\/wp-content\/uploads\/2026\/01\/3-FREQ-GENERAL-ENG-FINAL-1-2-240x300.png 240w, https:\/\/nubialabs.com\/wp-content\/uploads\/2026\/01\/3-FREQ-GENERAL-ENG-FINAL-1-2-60x75.png 60w, https:\/\/nubialabs.com\/wp-content\/uploads\/2026\/01\/3-FREQ-GENERAL-ENG-FINAL-1-2-480x600.png 480w\" sizes=\"(max-width:767px) 480px, 540px\" \/>\t\t\t\t\t\t\t\t\t\t\t\t\t\t\t<\/div>\n\t\t\t\t<\/div>\n\t\t\t\t<div class=\"elementor-element elementor-element-37e2362 elementor-widget elementor-widget-text-editor\" data-id=\"37e2362\" data-element_type=\"widget\" data-widget_type=\"text-editor.default\">\n\t\t\t\t<div class=\"elementor-widget-container\">\n\t\t\t\t\t\t\t\t\t<p>Curated within <strong>NUBIA LAB INCUBACI\u00d3N IA M\u00d3NS 2025<\/strong>, <em>Tres freq\u00fc\u00e8ncies<\/em> transforms ESPRONCEDA into a space for <strong>XR, sound, and collective imagination.<\/strong><br \/>The program features international and local artists such as <strong>Moritz Simon Geist, Depthbuffer Studio, Daniel Sabio, Kat Alice Pegler, Sam Potter <\/strong>&amp; <strong>Matthew Grimble, Niall Hill, <\/strong>and <strong>Xavi Bov\u00e9<\/strong> (La Salle).<\/p><p>It also includes student projects from<strong> La Salle\u2019s Master and Bachelor in Digital Arts programs<\/strong>, along with guest works by <strong>Average of IA<\/strong> and <strong>Nereides Ef\u00edmeres<\/strong>, building bridges between emerging and established voices in digital creation.<\/p><p>Structured across three interconnected chapters:<\/p><ul><li><a href=\"https:\/\/nubialabs.com\/en\/mist%c2%b3-traversing-dimensions\/\"><strong>Mist\u00b3 \u2014 Traversing Dimensions<\/strong><\/a> (Oct 29 \u2013 Meet the Artist talk ) (Oct 30 \u2013 Nov 1)<\/li><li><a href=\"https:\/\/nubialabs.com\/en\/sonic%c2%b3-resonance-in-three-dimensions\/\"><strong>Sonic\u00b3 \u2014 Resonance in Three Dimensions<\/strong><\/a> (Nov 6)<\/li><li><a href=\"https:\/\/nubialabs.com\/en\/dream%c2%b3-the-third-reality\/\"><strong>Dream\u00b3 \u2014 The Third Reality<\/strong><\/a> (Nov 26 \u2013 28)<\/li><\/ul><p>\u00a0<\/p><p><strong>The official video summary<\/strong><\/p><p>ESPRONCEDA \u2013 Institute of Art &amp; Culture presents this official video summary of NUBIA LAB INCUBACI\u00d3N IA M\u00d3NS 2025, a 12-week incubation program for digital art projects that integrate Artificial Intelligence (AI) and Extended Reality (XR).<br \/>The programme promotes artistic innovation and the international projection of creative talent from Catalonia. In this context, <em><strong>TRES FREQ\u00dc\u00c8NCIES: A month of immersive art, sound &amp; vision<\/strong> <\/em>took shape at ESPRONCEDA through public presentations, performances and exhibitions, connecting the incubation process with the public experience.<\/p><p>In this video, discover the program\u2019s methodology, the projects developed during the incubation, and exclusive interviews with the artists and curators, sharing their creative processes, reflections, and visions behind these immersive works.<\/p>\t\t\t\t\t\t\t\t<\/div>\n\t\t\t\t<\/div>\n\t\t\t\t<div class=\"elementor-element elementor-element-9e1704f elementor-widget elementor-widget-video\" data-id=\"9e1704f\" data-element_type=\"widget\" data-settings=\"{&quot;youtube_url&quot;:&quot;https:\\\/\\\/www.youtube.com\\\/watch?v=h2kP05t3IdI&amp;t=2s&quot;,&quot;show_image_overlay&quot;:&quot;yes&quot;,&quot;image_overlay&quot;:{&quot;url&quot;:&quot;https:\\\/\\\/nubialabs.com\\\/wp-content\\\/uploads\\\/2026\\\/02\\\/IMG_2528-scaled.jpg&quot;,&quot;id&quot;:5128,&quot;size&quot;:&quot;&quot;,&quot;alt&quot;:&quot;nubia youtube cover&quot;,&quot;source&quot;:&quot;library&quot;},&quot;video_type&quot;:&quot;youtube&quot;,&quot;controls&quot;:&quot;yes&quot;}\" data-widget_type=\"video.default\">\n\t\t\t\t<div class=\"elementor-widget-container\">\n\t\t\t\t\t\t\t<div class=\"elementor-wrapper elementor-open-inline\">\n\t\t\t<div class=\"elementor-video\"><\/div>\t\t\t\t<div class=\"elementor-custom-embed-image-overlay\" style=\"background-image: url(https:\/\/nubialabs.com\/wp-content\/uploads\/2026\/02\/IMG_2528-scaled.jpg);\">\n\t\t\t\t\t\t\t\t\t\t\t\t\t\t\t\t<div class=\"elementor-custom-embed-play\" role=\"button\" aria-label=\"Play Video about nubia youtube cover\" tabindex=\"0\">\n\t\t\t\t\t\t\t<i aria-hidden=\"true\" class=\"eicon-play\"><\/i>\t\t\t\t\t\t<\/div>\n\t\t\t\t\t\t\t\t\t<\/div>\n\t\t\t\t\t<\/div>\n\t\t\t\t\t\t<\/div>\n\t\t\t\t<\/div>\n\t\t\t\t\t<\/div>\n\t\t\t\t<\/div>\n\t\t\t\t<\/div>\n\t\t","protected":false},"excerpt":{"rendered":"<p>Tres freq\u00fc\u00e8ncies: A month of immersive art, sound &amp; vision Curated within NUBIA LAB INCUBACI\u00d3N IA M\u00d3NS 2025, Tres freq\u00fc\u00e8ncies transforms ESPRONCEDA into a space for<span class=\"excerpt-hellip\"> [\u2026]<\/span><\/p>\n","protected":false},"author":7,"featured_media":0,"parent":0,"menu_order":0,"comment_status":"closed","ping_status":"closed","template":"","meta":{"footnotes":""},"class_list":["post-4645","page","type-page","status-publish","hentry"],"yoast_head":"<!-- This site is optimized with the Yoast SEO plugin v25.5 - https:\/\/yoast.com\/wordpress\/plugins\/seo\/ -->\n<title>TRES FREQ\u00dc\u00c8NCIES: A month of immersive art, sound &amp; vision<\/title>\n<meta name=\"description\" content=\"Tres freq\u00fc\u00e8ncies is a constellation of immersive experiences exploring the boundaries of perception, connection, and transformation.\" \/>\n<meta name=\"robots\" content=\"index, follow, max-snippet:-1, max-image-preview:large, max-video-preview:-1\" \/>\n<link rel=\"canonical\" href=\"https:\/\/nubialabs.com\/en\/tres-frequencies-a-month-of-immersive-art-sound-vision-tres-frequencies\/\" \/>\n<meta property=\"og:locale\" content=\"en_US\" \/>\n<meta property=\"og:type\" content=\"article\" \/>\n<meta property=\"og:title\" content=\"TRES FREQ\u00dc\u00c8NCIES: A month of immersive art, sound &amp; vision\" \/>\n<meta property=\"og:description\" content=\"Tres freq\u00fc\u00e8ncies is a constellation of immersive experiences exploring the boundaries of perception, connection, and transformation.\" \/>\n<meta property=\"og:url\" content=\"https:\/\/nubialabs.com\/en\/tres-frequencies-a-month-of-immersive-art-sound-vision-tres-frequencies\/\" \/>\n<meta property=\"og:site_name\" content=\"NubiaLabs\" \/>\n<meta property=\"article:modified_time\" content=\"2026-03-05T11:38:55+00:00\" \/>\n<meta property=\"og:image\" content=\"https:\/\/nubialabs.com\/wp-content\/uploads\/2023\/05\/ai2-sep1.svg\" \/>\n<meta name=\"twitter:card\" content=\"summary_large_image\" \/>\n<meta name=\"twitter:label1\" content=\"Est. reading time\" \/>\n\t<meta name=\"twitter:data1\" content=\"2 minutes\" \/>\n<script type=\"application\/ld+json\" class=\"yoast-schema-graph\">{\"@context\":\"https:\/\/schema.org\",\"@graph\":[{\"@type\":\"WebPage\",\"@id\":\"https:\/\/nubialabs.com\/en\/tres-frequencies-a-month-of-immersive-art-sound-vision-tres-frequencies\/\",\"url\":\"https:\/\/nubialabs.com\/en\/tres-frequencies-a-month-of-immersive-art-sound-vision-tres-frequencies\/\",\"name\":\"TRES FREQ\u00dc\u00c8NCIES: A month of immersive art, sound & vision\",\"isPartOf\":{\"@id\":\"https:\/\/nubialabs.com\/en\/#website\"},\"primaryImageOfPage\":{\"@id\":\"https:\/\/nubialabs.com\/en\/tres-frequencies-a-month-of-immersive-art-sound-vision-tres-frequencies\/#primaryimage\"},\"image\":{\"@id\":\"https:\/\/nubialabs.com\/en\/tres-frequencies-a-month-of-immersive-art-sound-vision-tres-frequencies\/#primaryimage\"},\"thumbnailUrl\":\"https:\/\/nubialabs.com\/wp-content\/uploads\/2023\/05\/ai2-sep1.svg\",\"datePublished\":\"2026-01-28T11:26:25+00:00\",\"dateModified\":\"2026-03-05T11:38:55+00:00\",\"description\":\"Tres freq\u00fc\u00e8ncies is a constellation of immersive experiences exploring the boundaries of perception, connection, and transformation.\",\"breadcrumb\":{\"@id\":\"https:\/\/nubialabs.com\/en\/tres-frequencies-a-month-of-immersive-art-sound-vision-tres-frequencies\/#breadcrumb\"},\"inLanguage\":\"en-US\",\"potentialAction\":[{\"@type\":\"ReadAction\",\"target\":[\"https:\/\/nubialabs.com\/en\/tres-frequencies-a-month-of-immersive-art-sound-vision-tres-frequencies\/\"]}]},{\"@type\":\"ImageObject\",\"inLanguage\":\"en-US\",\"@id\":\"https:\/\/nubialabs.com\/en\/tres-frequencies-a-month-of-immersive-art-sound-vision-tres-frequencies\/#primaryimage\",\"url\":\"https:\/\/nubialabs.com\/wp-content\/uploads\/2023\/05\/ai2-sep1.svg\",\"contentUrl\":\"https:\/\/nubialabs.com\/wp-content\/uploads\/2023\/05\/ai2-sep1.svg\"},{\"@type\":\"BreadcrumbList\",\"@id\":\"https:\/\/nubialabs.com\/en\/tres-frequencies-a-month-of-immersive-art-sound-vision-tres-frequencies\/#breadcrumb\",\"itemListElement\":[{\"@type\":\"ListItem\",\"position\":1,\"name\":\"Portada\",\"item\":\"https:\/\/nubialabs.com\/en\/\"},{\"@type\":\"ListItem\",\"position\":2,\"name\":\"TRES FREQ\u00dc\u00c8NCIES: A month of immersive art, sound &amp; vision\u00a0\"}]},{\"@type\":\"WebSite\",\"@id\":\"https:\/\/nubialabs.com\/en\/#website\",\"url\":\"https:\/\/nubialabs.com\/en\/\",\"name\":\"NubiaLabs\",\"description\":\"Incubadora de proyectos art\u00edsticos\",\"publisher\":{\"@id\":\"https:\/\/nubialabs.com\/en\/#organization\"},\"potentialAction\":[{\"@type\":\"SearchAction\",\"target\":{\"@type\":\"EntryPoint\",\"urlTemplate\":\"https:\/\/nubialabs.com\/en\/?s={search_term_string}\"},\"query-input\":{\"@type\":\"PropertyValueSpecification\",\"valueRequired\":true,\"valueName\":\"search_term_string\"}}],\"inLanguage\":\"en-US\"},{\"@type\":\"Organization\",\"@id\":\"https:\/\/nubialabs.com\/en\/#organization\",\"name\":\"NubiaLabs\",\"url\":\"https:\/\/nubialabs.com\/en\/\",\"logo\":{\"@type\":\"ImageObject\",\"inLanguage\":\"en-US\",\"@id\":\"https:\/\/nubialabs.com\/en\/#\/schema\/logo\/image\/\",\"url\":\"https:\/\/nubialabs.com\/wp-content\/uploads\/2023\/10\/Nubialabs_color.webp\",\"contentUrl\":\"https:\/\/nubialabs.com\/wp-content\/uploads\/2023\/10\/Nubialabs_color.webp\",\"width\":2000,\"height\":2000,\"caption\":\"NubiaLabs\"},\"image\":{\"@id\":\"https:\/\/nubialabs.com\/en\/#\/schema\/logo\/image\/\"}}]}<\/script>\n<!-- \/ Yoast SEO plugin. -->","yoast_head_json":{"title":"TRES FREQ\u00dc\u00c8NCIES: A month of immersive art, sound & vision","description":"Tres freq\u00fc\u00e8ncies is a constellation of immersive experiences exploring the boundaries of perception, connection, and transformation.","robots":{"index":"index","follow":"follow","max-snippet":"max-snippet:-1","max-image-preview":"max-image-preview:large","max-video-preview":"max-video-preview:-1"},"canonical":"https:\/\/nubialabs.com\/en\/tres-frequencies-a-month-of-immersive-art-sound-vision-tres-frequencies\/","og_locale":"en_US","og_type":"article","og_title":"TRES FREQ\u00dc\u00c8NCIES: A month of immersive art, sound & vision","og_description":"Tres freq\u00fc\u00e8ncies is a constellation of immersive experiences exploring the boundaries of perception, connection, and transformation.","og_url":"https:\/\/nubialabs.com\/en\/tres-frequencies-a-month-of-immersive-art-sound-vision-tres-frequencies\/","og_site_name":"NubiaLabs","article_modified_time":"2026-03-05T11:38:55+00:00","og_image":[{"url":"https:\/\/nubialabs.com\/wp-content\/uploads\/2023\/05\/ai2-sep1.svg","type":"","width":"","height":""}],"twitter_card":"summary_large_image","twitter_misc":{"Est. reading time":"2 minutes"},"schema":{"@context":"https:\/\/schema.org","@graph":[{"@type":"WebPage","@id":"https:\/\/nubialabs.com\/en\/tres-frequencies-a-month-of-immersive-art-sound-vision-tres-frequencies\/","url":"https:\/\/nubialabs.com\/en\/tres-frequencies-a-month-of-immersive-art-sound-vision-tres-frequencies\/","name":"TRES FREQ\u00dc\u00c8NCIES: A month of immersive art, sound & vision","isPartOf":{"@id":"https:\/\/nubialabs.com\/en\/#website"},"primaryImageOfPage":{"@id":"https:\/\/nubialabs.com\/en\/tres-frequencies-a-month-of-immersive-art-sound-vision-tres-frequencies\/#primaryimage"},"image":{"@id":"https:\/\/nubialabs.com\/en\/tres-frequencies-a-month-of-immersive-art-sound-vision-tres-frequencies\/#primaryimage"},"thumbnailUrl":"https:\/\/nubialabs.com\/wp-content\/uploads\/2023\/05\/ai2-sep1.svg","datePublished":"2026-01-28T11:26:25+00:00","dateModified":"2026-03-05T11:38:55+00:00","description":"Tres freq\u00fc\u00e8ncies is a constellation of immersive experiences exploring the boundaries of perception, connection, and transformation.","breadcrumb":{"@id":"https:\/\/nubialabs.com\/en\/tres-frequencies-a-month-of-immersive-art-sound-vision-tres-frequencies\/#breadcrumb"},"inLanguage":"en-US","potentialAction":[{"@type":"ReadAction","target":["https:\/\/nubialabs.com\/en\/tres-frequencies-a-month-of-immersive-art-sound-vision-tres-frequencies\/"]}]},{"@type":"ImageObject","inLanguage":"en-US","@id":"https:\/\/nubialabs.com\/en\/tres-frequencies-a-month-of-immersive-art-sound-vision-tres-frequencies\/#primaryimage","url":"https:\/\/nubialabs.com\/wp-content\/uploads\/2023\/05\/ai2-sep1.svg","contentUrl":"https:\/\/nubialabs.com\/wp-content\/uploads\/2023\/05\/ai2-sep1.svg"},{"@type":"BreadcrumbList","@id":"https:\/\/nubialabs.com\/en\/tres-frequencies-a-month-of-immersive-art-sound-vision-tres-frequencies\/#breadcrumb","itemListElement":[{"@type":"ListItem","position":1,"name":"Portada","item":"https:\/\/nubialabs.com\/en\/"},{"@type":"ListItem","position":2,"name":"TRES FREQ\u00dc\u00c8NCIES: A month of immersive art, sound &amp; vision\u00a0"}]},{"@type":"WebSite","@id":"https:\/\/nubialabs.com\/en\/#website","url":"https:\/\/nubialabs.com\/en\/","name":"NubiaLabs","description":"Incubadora de proyectos art\u00edsticos","publisher":{"@id":"https:\/\/nubialabs.com\/en\/#organization"},"potentialAction":[{"@type":"SearchAction","target":{"@type":"EntryPoint","urlTemplate":"https:\/\/nubialabs.com\/en\/?s={search_term_string}"},"query-input":{"@type":"PropertyValueSpecification","valueRequired":true,"valueName":"search_term_string"}}],"inLanguage":"en-US"},{"@type":"Organization","@id":"https:\/\/nubialabs.com\/en\/#organization","name":"NubiaLabs","url":"https:\/\/nubialabs.com\/en\/","logo":{"@type":"ImageObject","inLanguage":"en-US","@id":"https:\/\/nubialabs.com\/en\/#\/schema\/logo\/image\/","url":"https:\/\/nubialabs.com\/wp-content\/uploads\/2023\/10\/Nubialabs_color.webp","contentUrl":"https:\/\/nubialabs.com\/wp-content\/uploads\/2023\/10\/Nubialabs_color.webp","width":2000,"height":2000,"caption":"NubiaLabs"},"image":{"@id":"https:\/\/nubialabs.com\/en\/#\/schema\/logo\/image\/"}}]}},"_links":{"self":[{"href":"https:\/\/nubialabs.com\/en\/wp-json\/wp\/v2\/pages\/4645","targetHints":{"allow":["GET"]}}],"collection":[{"href":"https:\/\/nubialabs.com\/en\/wp-json\/wp\/v2\/pages"}],"about":[{"href":"https:\/\/nubialabs.com\/en\/wp-json\/wp\/v2\/types\/page"}],"author":[{"embeddable":true,"href":"https:\/\/nubialabs.com\/en\/wp-json\/wp\/v2\/users\/7"}],"replies":[{"embeddable":true,"href":"https:\/\/nubialabs.com\/en\/wp-json\/wp\/v2\/comments?post=4645"}],"version-history":[{"count":21,"href":"https:\/\/nubialabs.com\/en\/wp-json\/wp\/v2\/pages\/4645\/revisions"}],"predecessor-version":[{"id":5515,"href":"https:\/\/nubialabs.com\/en\/wp-json\/wp\/v2\/pages\/4645\/revisions\/5515"}],"wp:attachment":[{"href":"https:\/\/nubialabs.com\/en\/wp-json\/wp\/v2\/media?parent=4645"}],"curies":[{"name":"wp","href":"https:\/\/api.w.org\/{rel}","templated":true}]}}