{"id":5792,"date":"2026-03-19T13:06:38","date_gmt":"2026-03-19T12:06:38","guid":{"rendered":"https:\/\/nubialabs.com\/?page_id=5792"},"modified":"2026-03-24T12:16:32","modified_gmt":"2026-03-24T11:16:32","slug":"love-vibes-immersive-xr-experience-at-ise-2026","status":"publish","type":"page","link":"https:\/\/nubialabs.com\/en\/love-vibes-immersive-xr-experience-at-ise-2026\/","title":{"rendered":"Love Vibes \u2014 Immersive XR Experience at ISE 2026"},"content":{"rendered":"\t\t<div data-elementor-type=\"wp-page\" data-elementor-id=\"5792\" class=\"elementor elementor-5792 elementor-5791\">\n\t\t\t\t<div class=\"elementor-element elementor-element-f3a62cd e-flex e-con-boxed e-con e-parent\" data-id=\"f3a62cd\" data-element_type=\"container\">\n\t\t\t\t\t<div class=\"e-con-inner\">\n\t\t\t\t<div class=\"elementor-element elementor-element-025634e elementor-widget elementor-widget-heading\" data-id=\"025634e\" data-element_type=\"widget\" data-widget_type=\"heading.default\">\n\t\t\t\t<div class=\"elementor-widget-container\">\n\t\t\t\t\t<h1 class=\"elementor-heading-title elementor-size-default\">Love Vibes \u2014 Immersive XR Experience at ISE 2026<\/h1>\t\t\t\t<\/div>\n\t\t\t\t<\/div>\n\t\t\t\t\t<\/div>\n\t\t\t\t<\/div>\n\t\t<div class=\"elementor-element elementor-element-0e89c7f e-flex e-con-boxed e-con e-parent\" data-id=\"0e89c7f\" data-element_type=\"container\">\n\t\t\t\t\t<div class=\"e-con-inner\">\n\t\t\t\t<div class=\"elementor-element elementor-element-7162d66 elementor-widget elementor-widget-image\" data-id=\"7162d66\" data-element_type=\"widget\" data-widget_type=\"image.default\">\n\t\t\t\t<div class=\"elementor-widget-container\">\n\t\t\t\t\t\t\t\t\t\t\t\t\t\t\t<img decoding=\"async\" src=\"https:\/\/nubialabs.com\/wp-content\/uploads\/2023\/05\/ai2-sep1.svg\" title=\"\" alt=\"\" loading=\"lazy\" \/>\t\t\t\t\t\t\t\t\t\t\t\t\t\t\t<\/div>\n\t\t\t\t<\/div>\n\t\t\t\t\t<\/div>\n\t\t\t\t<\/div>\n\t\t<div class=\"elementor-element elementor-element-8062903 e-flex e-con-boxed e-con e-parent\" data-id=\"8062903\" data-element_type=\"container\">\n\t\t\t\t\t<div class=\"e-con-inner\">\n\t\t\t\t<div class=\"elementor-element elementor-element-79f62ca elementor-widget elementor-widget-image\" data-id=\"79f62ca\" data-element_type=\"widget\" data-widget_type=\"image.default\">\n\t\t\t\t<div class=\"elementor-widget-container\">\n\t\t\t\t\t\t\t\t\t\t\t\t\t\t\t<img fetchpriority=\"high\" decoding=\"async\" width=\"768\" height=\"960\" src=\"https:\/\/nubialabs.com\/wp-content\/uploads\/2026\/03\/Love-Vibes-ISE-EN-768x960.webp\" class=\"attachment-medium_large size-medium_large wp-image-5799\" alt=\"Love Vibes \u2014 Immersive XR Experience at ISE 2026\" srcset=\"https:\/\/nubialabs.com\/wp-content\/uploads\/2026\/03\/Love-Vibes-ISE-EN-768x960.webp 768w, https:\/\/nubialabs.com\/wp-content\/uploads\/2026\/03\/Love-Vibes-ISE-EN-400x500.webp 400w, https:\/\/nubialabs.com\/wp-content\/uploads\/2026\/03\/Love-Vibes-ISE-EN-240x300.webp 240w, https:\/\/nubialabs.com\/wp-content\/uploads\/2026\/03\/Love-Vibes-ISE-EN-60x75.webp 60w, https:\/\/nubialabs.com\/wp-content\/uploads\/2026\/03\/Love-Vibes-ISE-EN-480x600.webp 480w\" sizes=\"(max-width:767px) 480px, (max-width:768px) 100vw, 768px\" \/>\t\t\t\t\t\t\t\t\t\t\t\t\t\t\t<\/div>\n\t\t\t\t<\/div>\n\t\t\t\t<div class=\"elementor-element elementor-element-37e2362 elementor-widget elementor-widget-text-editor\" data-id=\"37e2362\" data-element_type=\"widget\" data-widget_type=\"text-editor.default\">\n\t\t\t\t<div class=\"elementor-widget-container\">\n\t\t\t\t\t\t\t\t\t<p>During <strong>ISE Fair 2026 <\/strong>in Barcelona, one of the world\u2019s leading exhibitions for audiovisual and integrated systems, in the framework of Nubia Labs was present<strong> Love Vibes<\/strong> as a highlight of the <strong>SPARKS Conference Happy Hour.<\/strong><\/p><p>This immersive XR experience served as a crossroads where Virtual Reality, contemporary dance, and Artificial Intelligence converged to foster a shared space of empathy, presence, and deep human connection.<\/p><p>Love Vibes uses dance as a universal language to explore how we relate to one another in virtual environments. The activation was a participatory journey where movement and technology blurred. Participants, equipped with XR headsets provided by ESPRONCEDA, entered a dynamic digital realm that reacted in real-time to the live music of @pharxohg.<\/p><h4>About Love Vibes<\/h4><p>Love Vibes merges <strong>Virtual Reality, dance, and subjective perception<\/strong> into a participatory immersive experience. Reacting to live music, it dynamically adapts through visual environments synchronized with rhythm, tempo, and genre, offering participants a shared space of empathy, presence, and emotional resonance.<\/p><p>Designed for festivals, cultural events, and collective gatherings, the experience fosters <strong>connection, inclusion, and freedom of expression<\/strong>. It creates a psychedelic, sensorial environment using color filters, particles, and generative visuals, celebrating human movement and embodied expression. Beyond spectacle, Love Vibes explores truth, perception, consciousness, and empathy, envisioning a non-judgmental digital space that transcends labels and separation. It invites participants into a transformative collective experience, grounded in presence, connection, and shared humanity.<\/p><p>Love Vibes envisions a future where digital spaces are not isolating, but rather transformative collective experiences grounded in shared humanity and consciousness.<\/p>\t\t\t\t\t\t\t\t<\/div>\n\t\t\t\t<\/div>\n\t\t\t\t\t<\/div>\n\t\t\t\t<\/div>\n\t\t<div class=\"elementor-element elementor-element-5393c8e e-flex e-con-boxed e-con e-parent\" data-id=\"5393c8e\" data-element_type=\"container\">\n\t\t\t\t\t<div class=\"e-con-inner\">\n\t\t\t\t<div class=\"elementor-element elementor-element-da3231d elementor-arrows-position-inside elementor-pagination-position-outside elementor-widget elementor-widget-image-carousel\" data-id=\"da3231d\" data-element_type=\"widget\" data-settings=\"{&quot;navigation&quot;:&quot;both&quot;,&quot;autoplay&quot;:&quot;yes&quot;,&quot;pause_on_hover&quot;:&quot;yes&quot;,&quot;pause_on_interaction&quot;:&quot;yes&quot;,&quot;autoplay_speed&quot;:5000,&quot;infinite&quot;:&quot;yes&quot;,&quot;speed&quot;:500}\" data-widget_type=\"image-carousel.default\">\n\t\t\t\t<div class=\"elementor-widget-container\">\n\t\t\t\t\t\t\t<div class=\"elementor-image-carousel-wrapper swiper\" role=\"region\" aria-roledescription=\"carousel\" aria-label=\"Carrusel de im\u00e1genes\" dir=\"ltr\">\n\t\t\t<div class=\"elementor-image-carousel swiper-wrapper\" aria-live=\"off\">\n\t\t\t\t\t\t\t\t<div class=\"swiper-slide\" role=\"group\" aria-roledescription=\"slide\" aria-label=\"1 of 6\"><figure class=\"swiper-slide-inner\"><img decoding=\"async\" class=\"swiper-slide-image\" src=\"https:\/\/nubialabs.com\/wp-content\/uploads\/2026\/03\/6-768x960.png\" alt=\"love vibes\" \/><\/figure><\/div><div class=\"swiper-slide\" role=\"group\" aria-roledescription=\"slide\" aria-label=\"2 of 6\"><figure class=\"swiper-slide-inner\"><img decoding=\"async\" class=\"swiper-slide-image\" src=\"https:\/\/nubialabs.com\/wp-content\/uploads\/2026\/03\/1-768x960.png\" alt=\"love vibes\" \/><\/figure><\/div><div class=\"swiper-slide\" role=\"group\" aria-roledescription=\"slide\" aria-label=\"3 of 6\"><figure class=\"swiper-slide-inner\"><img decoding=\"async\" class=\"swiper-slide-image\" src=\"https:\/\/nubialabs.com\/wp-content\/uploads\/2026\/03\/2-768x960.png\" alt=\"love vibes\" \/><\/figure><\/div><div class=\"swiper-slide\" role=\"group\" aria-roledescription=\"slide\" aria-label=\"4 of 6\"><figure class=\"swiper-slide-inner\"><img decoding=\"async\" class=\"swiper-slide-image\" src=\"https:\/\/nubialabs.com\/wp-content\/uploads\/2026\/03\/4-768x960.png\" alt=\"love vibes\" \/><\/figure><\/div><div class=\"swiper-slide\" role=\"group\" aria-roledescription=\"slide\" aria-label=\"5 of 6\"><figure class=\"swiper-slide-inner\"><img decoding=\"async\" class=\"swiper-slide-image\" src=\"https:\/\/nubialabs.com\/wp-content\/uploads\/2026\/03\/3-768x960.png\" alt=\"love vibes\" \/><\/figure><\/div><div class=\"swiper-slide\" role=\"group\" aria-roledescription=\"slide\" aria-label=\"6 of 6\"><figure class=\"swiper-slide-inner\"><img decoding=\"async\" class=\"swiper-slide-image\" src=\"https:\/\/nubialabs.com\/wp-content\/uploads\/2026\/03\/5-768x960.png\" alt=\"love vibes\" \/><\/figure><\/div>\t\t\t<\/div>\n\t\t\t\t\t\t\t\t\t\t\t\t<div class=\"elementor-swiper-button elementor-swiper-button-prev\" role=\"button\" tabindex=\"0\">\n\t\t\t\t\t\t<i aria-hidden=\"true\" class=\"eicon-chevron-left\"><\/i>\t\t\t\t\t<\/div>\n\t\t\t\t\t<div class=\"elementor-swiper-button elementor-swiper-button-next\" role=\"button\" tabindex=\"0\">\n\t\t\t\t\t\t<i aria-hidden=\"true\" class=\"eicon-chevron-right\"><\/i>\t\t\t\t\t<\/div>\n\t\t\t\t\n\t\t\t\t\t\t\t\t\t<div class=\"swiper-pagination\"><\/div>\n\t\t\t\t\t\t\t\t\t<\/div>\n\t\t\t\t\t\t<\/div>\n\t\t\t\t<\/div>\n\t\t\t\t\t<\/div>\n\t\t\t\t<\/div>\n\t\t<div class=\"elementor-element elementor-element-95e2d79 e-flex e-con-boxed e-con e-parent\" data-id=\"95e2d79\" data-element_type=\"container\">\n\t\t\t\t\t<div class=\"e-con-inner\">\n\t\t\t\t<div class=\"elementor-element elementor-element-84402f1 elementor-widget elementor-widget-text-editor\" data-id=\"84402f1\" data-element_type=\"widget\" data-widget_type=\"text-editor.default\">\n\t\t\t\t<div class=\"elementor-widget-container\">\n\t\t\t\t\t\t\t\t\t<h4>Watch the experience<\/h4><p>Para complementar tu comprensi\u00f3n de Love Vibes, te invitamos a ver el video oficial del proyecto en YouTube.<br>Este video ofrece una mirada inmersiva sobre c\u00f3mo la realidad virtual, el baile, la m\u00fasica en vivo y los visuales generativos interact\u00faan dentro del entorno de Love Vibes &#8211; capturando la din\u00e1mica interacci\u00f3n de movimiento, sonido y presencia colectiva que define la experiencia.<\/p>\t\t\t\t\t\t\t\t<\/div>\n\t\t\t\t<\/div>\n\t\t\t\t<div class=\"elementor-element elementor-element-0f9e468 elementor-widget elementor-widget-video\" data-id=\"0f9e468\" data-element_type=\"widget\" data-settings=\"{&quot;youtube_url&quot;:&quot;https:\\\/\\\/www.youtube.com\\\/watch?v=iQxuHk85WaY&quot;,&quot;video_type&quot;:&quot;youtube&quot;,&quot;controls&quot;:&quot;yes&quot;}\" data-widget_type=\"video.default\">\n\t\t\t\t<div class=\"elementor-widget-container\">\n\t\t\t\t\t\t\t<div class=\"elementor-wrapper elementor-open-inline\">\n\t\t\t<div class=\"elementor-video\"><\/div>\t\t<\/div>\n\t\t\t\t\t\t<\/div>\n\t\t\t\t<\/div>\n\t\t\t\t\t<\/div>\n\t\t\t\t<\/div>\n\t\t\t\t<\/div>\n\t\t","protected":false},"excerpt":{"rendered":"<p>Love Vibes \u2014 Immersive XR Experience at ISE 2026 During ISE Fair 2026 in Barcelona, one of the world\u2019s leading exhibitions for audiovisual and integrated systems,<span class=\"excerpt-hellip\"> [\u2026]<\/span><\/p>\n","protected":false},"author":7,"featured_media":0,"parent":0,"menu_order":0,"comment_status":"closed","ping_status":"closed","template":"","meta":{"footnotes":""},"class_list":["post-5792","page","type-page","status-publish","hentry"],"yoast_head":"<!-- This site is optimized with the Yoast SEO plugin v25.5 - https:\/\/yoast.com\/wordpress\/plugins\/seo\/ -->\n<title>Love Vibes \u2014 Immersive XR Experience at ISE 2026<\/title>\n<meta name=\"description\" content=\"Love Vibes was present at Nubia Labs as a highlight of the Happy Hour at the SPARKS Conference.\" \/>\n<meta name=\"robots\" content=\"index, follow, max-snippet:-1, max-image-preview:large, max-video-preview:-1\" \/>\n<link rel=\"canonical\" href=\"https:\/\/nubialabs.com\/en\/love-vibes-immersive-xr-experience-at-ise-2026\/\" \/>\n<meta property=\"og:locale\" content=\"en_US\" \/>\n<meta property=\"og:type\" content=\"article\" \/>\n<meta property=\"og:title\" content=\"Love Vibes \u2014 Immersive XR Experience at ISE 2026\" \/>\n<meta property=\"og:description\" content=\"Love Vibes was present at Nubia Labs as a highlight of the Happy Hour at the SPARKS Conference.\" \/>\n<meta property=\"og:url\" content=\"https:\/\/nubialabs.com\/en\/love-vibes-immersive-xr-experience-at-ise-2026\/\" \/>\n<meta property=\"og:site_name\" content=\"NubiaLabs\" \/>\n<meta property=\"article:modified_time\" content=\"2026-03-24T11:16:32+00:00\" \/>\n<meta property=\"og:image\" content=\"https:\/\/nubialabs.com\/wp-content\/uploads\/2023\/05\/ai2-sep1.svg\" \/>\n<meta name=\"twitter:card\" content=\"summary_large_image\" \/>\n<meta name=\"twitter:label1\" content=\"Est. reading time\" \/>\n\t<meta name=\"twitter:data1\" content=\"5 minutes\" \/>\n<script type=\"application\/ld+json\" class=\"yoast-schema-graph\">{\"@context\":\"https:\/\/schema.org\",\"@graph\":[{\"@type\":\"WebPage\",\"@id\":\"https:\/\/nubialabs.com\/en\/love-vibes-immersive-xr-experience-at-ise-2026\/\",\"url\":\"https:\/\/nubialabs.com\/en\/love-vibes-immersive-xr-experience-at-ise-2026\/\",\"name\":\"Love Vibes \u2014 Immersive XR Experience at ISE 2026\",\"isPartOf\":{\"@id\":\"https:\/\/nubialabs.com\/en\/#website\"},\"primaryImageOfPage\":{\"@id\":\"https:\/\/nubialabs.com\/en\/love-vibes-immersive-xr-experience-at-ise-2026\/#primaryimage\"},\"image\":{\"@id\":\"https:\/\/nubialabs.com\/en\/love-vibes-immersive-xr-experience-at-ise-2026\/#primaryimage\"},\"thumbnailUrl\":\"https:\/\/nubialabs.com\/wp-content\/uploads\/2023\/05\/ai2-sep1.svg\",\"datePublished\":\"2026-03-19T12:06:38+00:00\",\"dateModified\":\"2026-03-24T11:16:32+00:00\",\"description\":\"Love Vibes was present at Nubia Labs as a highlight of the Happy Hour at the SPARKS Conference.\",\"breadcrumb\":{\"@id\":\"https:\/\/nubialabs.com\/en\/love-vibes-immersive-xr-experience-at-ise-2026\/#breadcrumb\"},\"inLanguage\":\"en-US\",\"potentialAction\":[{\"@type\":\"ReadAction\",\"target\":[\"https:\/\/nubialabs.com\/en\/love-vibes-immersive-xr-experience-at-ise-2026\/\"]}]},{\"@type\":\"ImageObject\",\"inLanguage\":\"en-US\",\"@id\":\"https:\/\/nubialabs.com\/en\/love-vibes-immersive-xr-experience-at-ise-2026\/#primaryimage\",\"url\":\"https:\/\/nubialabs.com\/wp-content\/uploads\/2023\/05\/ai2-sep1.svg\",\"contentUrl\":\"https:\/\/nubialabs.com\/wp-content\/uploads\/2023\/05\/ai2-sep1.svg\"},{\"@type\":\"BreadcrumbList\",\"@id\":\"https:\/\/nubialabs.com\/en\/love-vibes-immersive-xr-experience-at-ise-2026\/#breadcrumb\",\"itemListElement\":[{\"@type\":\"ListItem\",\"position\":1,\"name\":\"Portada\",\"item\":\"https:\/\/nubialabs.com\/en\/\"},{\"@type\":\"ListItem\",\"position\":2,\"name\":\"Love Vibes \u2014 Immersive XR Experience at ISE 2026\"}]},{\"@type\":\"WebSite\",\"@id\":\"https:\/\/nubialabs.com\/en\/#website\",\"url\":\"https:\/\/nubialabs.com\/en\/\",\"name\":\"NubiaLabs\",\"description\":\"Incubadora de proyectos art\u00edsticos\",\"publisher\":{\"@id\":\"https:\/\/nubialabs.com\/en\/#organization\"},\"potentialAction\":[{\"@type\":\"SearchAction\",\"target\":{\"@type\":\"EntryPoint\",\"urlTemplate\":\"https:\/\/nubialabs.com\/en\/?s={search_term_string}\"},\"query-input\":{\"@type\":\"PropertyValueSpecification\",\"valueRequired\":true,\"valueName\":\"search_term_string\"}}],\"inLanguage\":\"en-US\"},{\"@type\":\"Organization\",\"@id\":\"https:\/\/nubialabs.com\/en\/#organization\",\"name\":\"NubiaLabs\",\"url\":\"https:\/\/nubialabs.com\/en\/\",\"logo\":{\"@type\":\"ImageObject\",\"inLanguage\":\"en-US\",\"@id\":\"https:\/\/nubialabs.com\/en\/#\/schema\/logo\/image\/\",\"url\":\"https:\/\/nubialabs.com\/wp-content\/uploads\/2023\/10\/Nubialabs_color.webp\",\"contentUrl\":\"https:\/\/nubialabs.com\/wp-content\/uploads\/2023\/10\/Nubialabs_color.webp\",\"width\":2000,\"height\":2000,\"caption\":\"NubiaLabs\"},\"image\":{\"@id\":\"https:\/\/nubialabs.com\/en\/#\/schema\/logo\/image\/\"}}]}<\/script>\n<!-- \/ Yoast SEO plugin. -->","yoast_head_json":{"title":"Love Vibes \u2014 Immersive XR Experience at ISE 2026","description":"Love Vibes was present at Nubia Labs as a highlight of the Happy Hour at the SPARKS Conference.","robots":{"index":"index","follow":"follow","max-snippet":"max-snippet:-1","max-image-preview":"max-image-preview:large","max-video-preview":"max-video-preview:-1"},"canonical":"https:\/\/nubialabs.com\/en\/love-vibes-immersive-xr-experience-at-ise-2026\/","og_locale":"en_US","og_type":"article","og_title":"Love Vibes \u2014 Immersive XR Experience at ISE 2026","og_description":"Love Vibes was present at Nubia Labs as a highlight of the Happy Hour at the SPARKS Conference.","og_url":"https:\/\/nubialabs.com\/en\/love-vibes-immersive-xr-experience-at-ise-2026\/","og_site_name":"NubiaLabs","article_modified_time":"2026-03-24T11:16:32+00:00","og_image":[{"url":"https:\/\/nubialabs.com\/wp-content\/uploads\/2023\/05\/ai2-sep1.svg","type":"","width":"","height":""}],"twitter_card":"summary_large_image","twitter_misc":{"Est. reading time":"5 minutes"},"schema":{"@context":"https:\/\/schema.org","@graph":[{"@type":"WebPage","@id":"https:\/\/nubialabs.com\/en\/love-vibes-immersive-xr-experience-at-ise-2026\/","url":"https:\/\/nubialabs.com\/en\/love-vibes-immersive-xr-experience-at-ise-2026\/","name":"Love Vibes \u2014 Immersive XR Experience at ISE 2026","isPartOf":{"@id":"https:\/\/nubialabs.com\/en\/#website"},"primaryImageOfPage":{"@id":"https:\/\/nubialabs.com\/en\/love-vibes-immersive-xr-experience-at-ise-2026\/#primaryimage"},"image":{"@id":"https:\/\/nubialabs.com\/en\/love-vibes-immersive-xr-experience-at-ise-2026\/#primaryimage"},"thumbnailUrl":"https:\/\/nubialabs.com\/wp-content\/uploads\/2023\/05\/ai2-sep1.svg","datePublished":"2026-03-19T12:06:38+00:00","dateModified":"2026-03-24T11:16:32+00:00","description":"Love Vibes was present at Nubia Labs as a highlight of the Happy Hour at the SPARKS Conference.","breadcrumb":{"@id":"https:\/\/nubialabs.com\/en\/love-vibes-immersive-xr-experience-at-ise-2026\/#breadcrumb"},"inLanguage":"en-US","potentialAction":[{"@type":"ReadAction","target":["https:\/\/nubialabs.com\/en\/love-vibes-immersive-xr-experience-at-ise-2026\/"]}]},{"@type":"ImageObject","inLanguage":"en-US","@id":"https:\/\/nubialabs.com\/en\/love-vibes-immersive-xr-experience-at-ise-2026\/#primaryimage","url":"https:\/\/nubialabs.com\/wp-content\/uploads\/2023\/05\/ai2-sep1.svg","contentUrl":"https:\/\/nubialabs.com\/wp-content\/uploads\/2023\/05\/ai2-sep1.svg"},{"@type":"BreadcrumbList","@id":"https:\/\/nubialabs.com\/en\/love-vibes-immersive-xr-experience-at-ise-2026\/#breadcrumb","itemListElement":[{"@type":"ListItem","position":1,"name":"Portada","item":"https:\/\/nubialabs.com\/en\/"},{"@type":"ListItem","position":2,"name":"Love Vibes \u2014 Immersive XR Experience at ISE 2026"}]},{"@type":"WebSite","@id":"https:\/\/nubialabs.com\/en\/#website","url":"https:\/\/nubialabs.com\/en\/","name":"NubiaLabs","description":"Incubadora de proyectos art\u00edsticos","publisher":{"@id":"https:\/\/nubialabs.com\/en\/#organization"},"potentialAction":[{"@type":"SearchAction","target":{"@type":"EntryPoint","urlTemplate":"https:\/\/nubialabs.com\/en\/?s={search_term_string}"},"query-input":{"@type":"PropertyValueSpecification","valueRequired":true,"valueName":"search_term_string"}}],"inLanguage":"en-US"},{"@type":"Organization","@id":"https:\/\/nubialabs.com\/en\/#organization","name":"NubiaLabs","url":"https:\/\/nubialabs.com\/en\/","logo":{"@type":"ImageObject","inLanguage":"en-US","@id":"https:\/\/nubialabs.com\/en\/#\/schema\/logo\/image\/","url":"https:\/\/nubialabs.com\/wp-content\/uploads\/2023\/10\/Nubialabs_color.webp","contentUrl":"https:\/\/nubialabs.com\/wp-content\/uploads\/2023\/10\/Nubialabs_color.webp","width":2000,"height":2000,"caption":"NubiaLabs"},"image":{"@id":"https:\/\/nubialabs.com\/en\/#\/schema\/logo\/image\/"}}]}},"_links":{"self":[{"href":"https:\/\/nubialabs.com\/en\/wp-json\/wp\/v2\/pages\/5792","targetHints":{"allow":["GET"]}}],"collection":[{"href":"https:\/\/nubialabs.com\/en\/wp-json\/wp\/v2\/pages"}],"about":[{"href":"https:\/\/nubialabs.com\/en\/wp-json\/wp\/v2\/types\/page"}],"author":[{"embeddable":true,"href":"https:\/\/nubialabs.com\/en\/wp-json\/wp\/v2\/users\/7"}],"replies":[{"embeddable":true,"href":"https:\/\/nubialabs.com\/en\/wp-json\/wp\/v2\/comments?post=5792"}],"version-history":[{"count":8,"href":"https:\/\/nubialabs.com\/en\/wp-json\/wp\/v2\/pages\/5792\/revisions"}],"predecessor-version":[{"id":5861,"href":"https:\/\/nubialabs.com\/en\/wp-json\/wp\/v2\/pages\/5792\/revisions\/5861"}],"wp:attachment":[{"href":"https:\/\/nubialabs.com\/en\/wp-json\/wp\/v2\/media?parent=5792"}],"curies":[{"name":"wp","href":"https:\/\/api.w.org\/{rel}","templated":true}]}}