{"id":5866,"date":"2026-04-21T12:17:37","date_gmt":"2026-04-21T10:17:37","guid":{"rendered":"https:\/\/nubialabs.com\/?page_id=5866"},"modified":"2026-04-21T15:31:23","modified_gmt":"2026-04-21T13:31:23","slug":"silenci-en-temps-de-soroll-exposicion-de-regina-saura-and-rita-roqueta","status":"publish","type":"page","link":"https:\/\/nubialabs.com\/en\/silenci-en-temps-de-soroll-exposicion-de-regina-saura-and-rita-roqueta\/","title":{"rendered":"Silenci en temps de soroll \u2013 Exposici\u00f3n de Regina Saura and Rita Roqueta"},"content":{"rendered":"\t\t<div data-elementor-type=\"wp-page\" data-elementor-id=\"5866\" class=\"elementor elementor-5866 elementor-5865\">\n\t\t\t\t<div class=\"elementor-element elementor-element-f3a62cd e-flex e-con-boxed e-con e-parent\" data-id=\"f3a62cd\" data-element_type=\"container\">\n\t\t\t\t\t<div class=\"e-con-inner\">\n\t\t\t\t<div class=\"elementor-element elementor-element-025634e elementor-widget elementor-widget-heading\" data-id=\"025634e\" data-element_type=\"widget\" data-widget_type=\"heading.default\">\n\t\t\t\t<div class=\"elementor-widget-container\">\n\t\t\t\t\t<h1 class=\"elementor-heading-title elementor-size-default\">Silenci en temps de soroll \u2013 Exposition of Regina Saura and Rita Roqueta\n<\/h1>\t\t\t\t<\/div>\n\t\t\t\t<\/div>\n\t\t\t\t\t<\/div>\n\t\t\t\t<\/div>\n\t\t<div class=\"elementor-element elementor-element-0e89c7f e-flex e-con-boxed e-con e-parent\" data-id=\"0e89c7f\" data-element_type=\"container\">\n\t\t\t\t\t<div class=\"e-con-inner\">\n\t\t\t\t<div class=\"elementor-element elementor-element-7162d66 elementor-widget elementor-widget-image\" data-id=\"7162d66\" data-element_type=\"widget\" data-widget_type=\"image.default\">\n\t\t\t\t<div class=\"elementor-widget-container\">\n\t\t\t\t\t\t\t\t\t\t\t\t\t\t\t<img decoding=\"async\" src=\"https:\/\/nubialabs.com\/wp-content\/uploads\/2023\/05\/ai2-sep1.svg\" title=\"\" alt=\"\" loading=\"lazy\" \/>\t\t\t\t\t\t\t\t\t\t\t\t\t\t\t<\/div>\n\t\t\t\t<\/div>\n\t\t\t\t\t<\/div>\n\t\t\t\t<\/div>\n\t\t<div class=\"elementor-element elementor-element-8062903 e-flex e-con-boxed e-con e-parent\" data-id=\"8062903\" data-element_type=\"container\">\n\t\t\t\t\t<div class=\"e-con-inner\">\n\t\t\t\t<div class=\"elementor-element elementor-element-79f62ca elementor-widget elementor-widget-image\" data-id=\"79f62ca\" data-element_type=\"widget\" data-widget_type=\"image.default\">\n\t\t\t\t<div class=\"elementor-widget-container\">\n\t\t\t\t\t\t\t\t\t\t\t\t\t\t\t<img fetchpriority=\"high\" decoding=\"async\" width=\"768\" height=\"960\" src=\"https:\/\/nubialabs.com\/wp-content\/uploads\/2026\/03\/new-date-cast-1-768x960-1.png\" class=\"attachment-medium_large size-medium_large wp-image-5460\" alt=\"Silenci en temps de soroll \u2013 Exposici\u00f3n de Regina Saura i Rita Roqueta\" srcset=\"https:\/\/nubialabs.com\/wp-content\/uploads\/2026\/03\/new-date-cast-1-768x960-1.png 768w, https:\/\/nubialabs.com\/wp-content\/uploads\/2026\/03\/new-date-cast-1-768x960-1-400x500.png 400w, https:\/\/nubialabs.com\/wp-content\/uploads\/2026\/03\/new-date-cast-1-768x960-1-240x300.png 240w, https:\/\/nubialabs.com\/wp-content\/uploads\/2026\/03\/new-date-cast-1-768x960-1-60x75.png 60w, https:\/\/nubialabs.com\/wp-content\/uploads\/2026\/03\/new-date-cast-1-768x960-1-480x600.png 480w\" sizes=\"(max-width:767px) 480px, (max-width:768px) 100vw, 768px\" \/>\t\t\t\t\t\t\t\t\t\t\t\t\t\t\t<\/div>\n\t\t\t\t<\/div>\n\t\t\t\t<div class=\"elementor-element elementor-element-37e2362 elementor-widget elementor-widget-text-editor\" data-id=\"37e2362\" data-element_type=\"widget\" data-widget_type=\"text-editor.default\">\n\t\t\t\t<div class=\"elementor-widget-container\">\n\t\t\t\t\t\t\t\t\t<p>On<strong> February 17<\/strong>, 2026, as part of the <strong>NUBIA LABS 2026<\/strong> incubation program, the immersive exhibition <strong>Silenci en temps de soroll <\/strong>(Silence in times of noise) was presented. This work by artists <strong>Regina Saura<\/strong> and <strong>Rita Roqueta<\/strong> invites the public to experience the transformation of urban space towards nature through perception, attention and digital interaction. <\/p><p>This exhibition is the evolution of a deep artistic research started in November 2025. The starting point was the intervention presented in the iconic <strong>Mies van der Rohe Pavilion<\/strong> within the NUBIA <strong>LAB INCUBATION AI MONTES 2025 <\/strong>program. <\/p><p>What began as a reflection on space and nature in a historical architectural setting, is now moved to an exhibition environment where technology allows for a much more intimate, sensory and participatory experience.<\/p><h5><strong>Bosc de Missatges<\/strong><\/h5><p>Bosc de Missatges (Forest of Messages) is an interactive projection mapping installation that transforms the architecture of the exhibition space into a sensitive visual ecosystem. Using <strong>LiDAR <\/strong>sensors and real-time systems developed with <strong>TouchDesigner<\/strong>, the work translates the artist\u2019s landscapes into a living environment, where organic forms emerge within an urban framework. Light, data and motion converge in a constantly evolving composition, modeled by both algorithmic processes and human presence.<br>The project was developed in a first version by <strong>Ariadna Cort\u00e9s<\/strong> and <strong>Llu\u00eds Sent\u00eds<\/strong> on the occasion of the intervention presented at the Mies van der Rohe Pavilion in November 2025. The collaboration with Llu\u00eds Sent\u00eds &#8211; researcher and professor specialized in humanoid robotics, artificial intelligence and people-centered technologies &#8211; constitutes an expert and unique contribution to the conceptual and technological development of the work.   <\/p><h5><strong>Cercle dels Desitjos<\/strong><\/h5><p>Digital evolution continues with Cercle dels Desitjos (Circle of Desires). Born from the initial incubation of <strong>Kat Pegler,<\/strong> this Mixed Reality (MR) environment dissolves the boundaries between physical and virtual.<br>Cercle dels Desitjos presents an immersive environment of mixed reality in which sound, space and interaction are articulated as a speculative ecosystem. Set in a virtual forest of messages, the work invites visitors to explore a sensitive landscape composed of digital matter, symbolic objects and specialized sound. Through real-time interaction, the piece blurs the boundaries between physical presence and virtual storytelling, activating a multicap dialogue between body, technology, nature and urbanism. Cercle dels Desitjos explores how extended reality, interactive systems and sound architecture can function as tools for collective reflection. The forest becomes a living interface: an archive of encoded signals, resonances and meanings, where sound operates as much as material as language.     <\/p><p>Tanto Bosc de Missatges como Cercle dels Desitjos representan el coraz\u00f3n de la misi\u00f3n de NUBIA Labs: explorar nuevas relaciones entre arte, tecnolog\u00eda e inteligencia artificial desde una perspectiva cr\u00edtica.<\/p><p>This exhibition is part of <strong>NEB &amp; Inclusi\u00f3<\/strong>, a program promoted by ESPRONCEDA &#8211; Institute of Art &amp; Culture as an official partner of the <strong>New European Bauhaus (NEB)<\/strong>. This European initiative combines design, culture and technological innovation to rethink how we live together, promoting more sustainable, inclusive and responsive models for the transformation of our environment.<strong><br><\/strong><\/p>\t\t\t\t\t\t\t\t<\/div>\n\t\t\t\t<\/div>\n\t\t\t\t\t<\/div>\n\t\t\t\t<\/div>\n\t\t<div class=\"elementor-element elementor-element-5393c8e e-flex e-con-boxed e-con e-parent\" data-id=\"5393c8e\" data-element_type=\"container\">\n\t\t\t\t\t<div class=\"e-con-inner\">\n\t\t\t\t<div class=\"elementor-element elementor-element-da3231d elementor-arrows-position-inside elementor-pagination-position-outside elementor-widget elementor-widget-image-carousel\" data-id=\"da3231d\" data-element_type=\"widget\" data-settings=\"{&quot;navigation&quot;:&quot;both&quot;,&quot;autoplay&quot;:&quot;yes&quot;,&quot;pause_on_hover&quot;:&quot;yes&quot;,&quot;pause_on_interaction&quot;:&quot;yes&quot;,&quot;autoplay_speed&quot;:5000,&quot;infinite&quot;:&quot;yes&quot;,&quot;speed&quot;:500}\" data-widget_type=\"image-carousel.default\">\n\t\t\t\t<div class=\"elementor-widget-container\">\n\t\t\t\t\t\t\t<div class=\"elementor-image-carousel-wrapper swiper\" role=\"region\" aria-roledescription=\"carousel\" aria-label=\"Carrusel de im\u00e1genes\" dir=\"ltr\">\n\t\t\t<div class=\"elementor-image-carousel swiper-wrapper\" aria-live=\"off\">\n\t\t\t\t\t\t\t\t<div class=\"swiper-slide\" role=\"group\" aria-roledescription=\"slide\" aria-label=\"1 of 6\"><figure class=\"swiper-slide-inner\"><img decoding=\"async\" class=\"swiper-slide-image\" src=\"https:\/\/nubialabs.com\/wp-content\/uploads\/2026\/03\/9M6A6936-768x512.webp\" alt=\"Silenci en temps de soroll\" \/><\/figure><\/div><div class=\"swiper-slide\" role=\"group\" aria-roledescription=\"slide\" aria-label=\"2 of 6\"><figure class=\"swiper-slide-inner\"><img decoding=\"async\" class=\"swiper-slide-image\" src=\"https:\/\/nubialabs.com\/wp-content\/uploads\/2026\/03\/9M6A6707-768x512.webp\" alt=\"Silenci en temps de soroll\" \/><\/figure><\/div><div class=\"swiper-slide\" role=\"group\" aria-roledescription=\"slide\" aria-label=\"3 of 6\"><figure class=\"swiper-slide-inner\"><img decoding=\"async\" class=\"swiper-slide-image\" src=\"https:\/\/nubialabs.com\/wp-content\/uploads\/2026\/03\/9M6A6612-768x512.webp\" alt=\"Silenci en temps de soroll\" \/><\/figure><\/div><div class=\"swiper-slide\" role=\"group\" aria-roledescription=\"slide\" aria-label=\"4 of 6\"><figure class=\"swiper-slide-inner\"><img decoding=\"async\" class=\"swiper-slide-image\" src=\"https:\/\/nubialabs.com\/wp-content\/uploads\/2026\/03\/9M6A6650-768x512.webp\" alt=\"Silenci en temps de soroll\" \/><\/figure><\/div><div class=\"swiper-slide\" role=\"group\" aria-roledescription=\"slide\" aria-label=\"5 of 6\"><figure class=\"swiper-slide-inner\"><img decoding=\"async\" class=\"swiper-slide-image\" src=\"https:\/\/nubialabs.com\/wp-content\/uploads\/2026\/03\/9M6A6883-768x512.webp\" alt=\"Silenci en temps de soroll\" \/><\/figure><\/div><div class=\"swiper-slide\" role=\"group\" aria-roledescription=\"slide\" aria-label=\"6 of 6\"><figure class=\"swiper-slide-inner\"><img decoding=\"async\" class=\"swiper-slide-image\" src=\"https:\/\/nubialabs.com\/wp-content\/uploads\/2026\/03\/9M6A6826-768x512.webp\" alt=\"Silenci en temps de soroll\" \/><\/figure><\/div>\t\t\t<\/div>\n\t\t\t\t\t\t\t\t\t\t\t\t<div class=\"elementor-swiper-button elementor-swiper-button-prev\" role=\"button\" tabindex=\"0\">\n\t\t\t\t\t\t<i aria-hidden=\"true\" class=\"eicon-chevron-left\"><\/i>\t\t\t\t\t<\/div>\n\t\t\t\t\t<div class=\"elementor-swiper-button elementor-swiper-button-next\" role=\"button\" tabindex=\"0\">\n\t\t\t\t\t\t<i aria-hidden=\"true\" class=\"eicon-chevron-right\"><\/i>\t\t\t\t\t<\/div>\n\t\t\t\t\n\t\t\t\t\t\t\t\t\t<div class=\"swiper-pagination\"><\/div>\n\t\t\t\t\t\t\t\t\t<\/div>\n\t\t\t\t\t\t<\/div>\n\t\t\t\t<\/div>\n\t\t\t\t\t<\/div>\n\t\t\t\t<\/div>\n\t\t<div class=\"elementor-element elementor-element-a83ab71 e-flex e-con-boxed e-con e-parent\" data-id=\"a83ab71\" data-element_type=\"container\">\n\t\t\t\t\t<div class=\"e-con-inner\">\n\t\t\t\t<div class=\"elementor-element elementor-element-90d445f elementor-widget elementor-widget-heading\" data-id=\"90d445f\" data-element_type=\"widget\" data-widget_type=\"heading.default\">\n\t\t\t\t<div class=\"elementor-widget-container\">\n\t\t\t\t\t<h4 class=\"elementor-heading-title elementor-size-default\">Video official summary<\/h4>\t\t\t\t<\/div>\n\t\t\t\t<\/div>\n\t\t\t\t\t<\/div>\n\t\t\t\t<\/div>\n\t\t<div class=\"elementor-element elementor-element-11e788d e-flex e-con-boxed e-con e-parent\" data-id=\"11e788d\" data-element_type=\"container\">\n\t\t\t\t\t<div class=\"e-con-inner\">\n\t\t\t\t<div class=\"elementor-element elementor-element-c986a8b elementor-widget elementor-widget-video\" data-id=\"c986a8b\" data-element_type=\"widget\" data-settings=\"{&quot;youtube_url&quot;:&quot;https:\\\/\\\/www.youtube.com\\\/watch?v=INmeKw0OwrI&amp;t=143s&quot;,&quot;video_type&quot;:&quot;youtube&quot;,&quot;controls&quot;:&quot;yes&quot;}\" data-widget_type=\"video.default\">\n\t\t\t\t<div class=\"elementor-widget-container\">\n\t\t\t\t\t\t\t<div class=\"elementor-wrapper elementor-open-inline\">\n\t\t\t<div class=\"elementor-video\"><\/div>\t\t<\/div>\n\t\t\t\t\t\t<\/div>\n\t\t\t\t<\/div>\n\t\t\t\t\t<\/div>\n\t\t\t\t<\/div>\n\t\t\t\t<\/div>\n\t\t","protected":false},"excerpt":{"rendered":"<p>Silenci en temps de soroll \u2013 Exposition of Regina Saura and Rita Roqueta On February 17, 2026, as part of the NUBIA LABS 2026 incubation program,<span class=\"excerpt-hellip\"> [\u2026]<\/span><\/p>\n","protected":false},"author":7,"featured_media":0,"parent":0,"menu_order":0,"comment_status":"closed","ping_status":"closed","template":"","meta":{"footnotes":""},"class_list":["post-5866","page","type-page","status-publish","hentry"],"yoast_head":"<!-- This site is optimized with the Yoast SEO plugin v25.5 - https:\/\/yoast.com\/wordpress\/plugins\/seo\/ -->\n<title>Silenci en temps de soroll \u2013 Regina Saura and Rita Roqueta<\/title>\n<meta name=\"description\" content=\"Silence in times of noise presents an immersive journey in which the exhibition space is progressively transformed from city to forest.\" \/>\n<meta name=\"robots\" content=\"index, follow, max-snippet:-1, max-image-preview:large, max-video-preview:-1\" \/>\n<link rel=\"canonical\" href=\"https:\/\/nubialabs.com\/en\/silenci-en-temps-de-soroll-exposicion-de-regina-saura-and-rita-roqueta\/\" \/>\n<meta property=\"og:locale\" content=\"en_US\" \/>\n<meta property=\"og:type\" content=\"article\" \/>\n<meta property=\"og:title\" content=\"Silenci en temps de soroll \u2013 Regina Saura and Rita Roqueta\" \/>\n<meta property=\"og:description\" content=\"Silence in times of noise presents an immersive journey in which the exhibition space is progressively transformed from city to forest.\" \/>\n<meta property=\"og:url\" content=\"https:\/\/nubialabs.com\/en\/silenci-en-temps-de-soroll-exposicion-de-regina-saura-and-rita-roqueta\/\" \/>\n<meta property=\"og:site_name\" content=\"NubiaLabs\" \/>\n<meta property=\"article:modified_time\" content=\"2026-04-21T13:31:23+00:00\" \/>\n<meta property=\"og:image\" content=\"https:\/\/nubialabs.com\/wp-content\/uploads\/2023\/05\/ai2-sep1.svg\" \/>\n<meta name=\"twitter:card\" content=\"summary_large_image\" \/>\n<meta name=\"twitter:label1\" content=\"Est. reading time\" \/>\n\t<meta name=\"twitter:data1\" content=\"4 minutes\" \/>\n<script type=\"application\/ld+json\" class=\"yoast-schema-graph\">{\"@context\":\"https:\/\/schema.org\",\"@graph\":[{\"@type\":\"WebPage\",\"@id\":\"https:\/\/nubialabs.com\/en\/silenci-en-temps-de-soroll-exposicion-de-regina-saura-and-rita-roqueta\/\",\"url\":\"https:\/\/nubialabs.com\/en\/silenci-en-temps-de-soroll-exposicion-de-regina-saura-and-rita-roqueta\/\",\"name\":\"Silenci en temps de soroll \u2013 Regina Saura and Rita Roqueta\",\"isPartOf\":{\"@id\":\"https:\/\/nubialabs.com\/en\/#website\"},\"primaryImageOfPage\":{\"@id\":\"https:\/\/nubialabs.com\/en\/silenci-en-temps-de-soroll-exposicion-de-regina-saura-and-rita-roqueta\/#primaryimage\"},\"image\":{\"@id\":\"https:\/\/nubialabs.com\/en\/silenci-en-temps-de-soroll-exposicion-de-regina-saura-and-rita-roqueta\/#primaryimage\"},\"thumbnailUrl\":\"https:\/\/nubialabs.com\/wp-content\/uploads\/2023\/05\/ai2-sep1.svg\",\"datePublished\":\"2026-04-21T10:17:37+00:00\",\"dateModified\":\"2026-04-21T13:31:23+00:00\",\"description\":\"Silence in times of noise presents an immersive journey in which the exhibition space is progressively transformed from city to forest.\",\"breadcrumb\":{\"@id\":\"https:\/\/nubialabs.com\/en\/silenci-en-temps-de-soroll-exposicion-de-regina-saura-and-rita-roqueta\/#breadcrumb\"},\"inLanguage\":\"en-US\",\"potentialAction\":[{\"@type\":\"ReadAction\",\"target\":[\"https:\/\/nubialabs.com\/en\/silenci-en-temps-de-soroll-exposicion-de-regina-saura-and-rita-roqueta\/\"]}]},{\"@type\":\"ImageObject\",\"inLanguage\":\"en-US\",\"@id\":\"https:\/\/nubialabs.com\/en\/silenci-en-temps-de-soroll-exposicion-de-regina-saura-and-rita-roqueta\/#primaryimage\",\"url\":\"https:\/\/nubialabs.com\/wp-content\/uploads\/2023\/05\/ai2-sep1.svg\",\"contentUrl\":\"https:\/\/nubialabs.com\/wp-content\/uploads\/2023\/05\/ai2-sep1.svg\"},{\"@type\":\"BreadcrumbList\",\"@id\":\"https:\/\/nubialabs.com\/en\/silenci-en-temps-de-soroll-exposicion-de-regina-saura-and-rita-roqueta\/#breadcrumb\",\"itemListElement\":[{\"@type\":\"ListItem\",\"position\":1,\"name\":\"Portada\",\"item\":\"https:\/\/nubialabs.com\/en\/\"},{\"@type\":\"ListItem\",\"position\":2,\"name\":\"Silenci en temps de soroll \u2013 Exposici\u00f3n de Regina Saura and Rita Roqueta\"}]},{\"@type\":\"WebSite\",\"@id\":\"https:\/\/nubialabs.com\/en\/#website\",\"url\":\"https:\/\/nubialabs.com\/en\/\",\"name\":\"NubiaLabs\",\"description\":\"Incubadora de proyectos art\u00edsticos\",\"publisher\":{\"@id\":\"https:\/\/nubialabs.com\/en\/#organization\"},\"potentialAction\":[{\"@type\":\"SearchAction\",\"target\":{\"@type\":\"EntryPoint\",\"urlTemplate\":\"https:\/\/nubialabs.com\/en\/?s={search_term_string}\"},\"query-input\":{\"@type\":\"PropertyValueSpecification\",\"valueRequired\":true,\"valueName\":\"search_term_string\"}}],\"inLanguage\":\"en-US\"},{\"@type\":\"Organization\",\"@id\":\"https:\/\/nubialabs.com\/en\/#organization\",\"name\":\"NubiaLabs\",\"url\":\"https:\/\/nubialabs.com\/en\/\",\"logo\":{\"@type\":\"ImageObject\",\"inLanguage\":\"en-US\",\"@id\":\"https:\/\/nubialabs.com\/en\/#\/schema\/logo\/image\/\",\"url\":\"https:\/\/nubialabs.com\/wp-content\/uploads\/2023\/10\/Nubialabs_color.webp\",\"contentUrl\":\"https:\/\/nubialabs.com\/wp-content\/uploads\/2023\/10\/Nubialabs_color.webp\",\"width\":2000,\"height\":2000,\"caption\":\"NubiaLabs\"},\"image\":{\"@id\":\"https:\/\/nubialabs.com\/en\/#\/schema\/logo\/image\/\"}}]}<\/script>\n<!-- \/ Yoast SEO plugin. -->","yoast_head_json":{"title":"Silenci en temps de soroll \u2013 Regina Saura and Rita Roqueta","description":"Silence in times of noise presents an immersive journey in which the exhibition space is progressively transformed from city to forest.","robots":{"index":"index","follow":"follow","max-snippet":"max-snippet:-1","max-image-preview":"max-image-preview:large","max-video-preview":"max-video-preview:-1"},"canonical":"https:\/\/nubialabs.com\/en\/silenci-en-temps-de-soroll-exposicion-de-regina-saura-and-rita-roqueta\/","og_locale":"en_US","og_type":"article","og_title":"Silenci en temps de soroll \u2013 Regina Saura and Rita Roqueta","og_description":"Silence in times of noise presents an immersive journey in which the exhibition space is progressively transformed from city to forest.","og_url":"https:\/\/nubialabs.com\/en\/silenci-en-temps-de-soroll-exposicion-de-regina-saura-and-rita-roqueta\/","og_site_name":"NubiaLabs","article_modified_time":"2026-04-21T13:31:23+00:00","og_image":[{"url":"https:\/\/nubialabs.com\/wp-content\/uploads\/2023\/05\/ai2-sep1.svg","type":"","width":"","height":""}],"twitter_card":"summary_large_image","twitter_misc":{"Est. reading time":"4 minutes"},"schema":{"@context":"https:\/\/schema.org","@graph":[{"@type":"WebPage","@id":"https:\/\/nubialabs.com\/en\/silenci-en-temps-de-soroll-exposicion-de-regina-saura-and-rita-roqueta\/","url":"https:\/\/nubialabs.com\/en\/silenci-en-temps-de-soroll-exposicion-de-regina-saura-and-rita-roqueta\/","name":"Silenci en temps de soroll \u2013 Regina Saura and Rita Roqueta","isPartOf":{"@id":"https:\/\/nubialabs.com\/en\/#website"},"primaryImageOfPage":{"@id":"https:\/\/nubialabs.com\/en\/silenci-en-temps-de-soroll-exposicion-de-regina-saura-and-rita-roqueta\/#primaryimage"},"image":{"@id":"https:\/\/nubialabs.com\/en\/silenci-en-temps-de-soroll-exposicion-de-regina-saura-and-rita-roqueta\/#primaryimage"},"thumbnailUrl":"https:\/\/nubialabs.com\/wp-content\/uploads\/2023\/05\/ai2-sep1.svg","datePublished":"2026-04-21T10:17:37+00:00","dateModified":"2026-04-21T13:31:23+00:00","description":"Silence in times of noise presents an immersive journey in which the exhibition space is progressively transformed from city to forest.","breadcrumb":{"@id":"https:\/\/nubialabs.com\/en\/silenci-en-temps-de-soroll-exposicion-de-regina-saura-and-rita-roqueta\/#breadcrumb"},"inLanguage":"en-US","potentialAction":[{"@type":"ReadAction","target":["https:\/\/nubialabs.com\/en\/silenci-en-temps-de-soroll-exposicion-de-regina-saura-and-rita-roqueta\/"]}]},{"@type":"ImageObject","inLanguage":"en-US","@id":"https:\/\/nubialabs.com\/en\/silenci-en-temps-de-soroll-exposicion-de-regina-saura-and-rita-roqueta\/#primaryimage","url":"https:\/\/nubialabs.com\/wp-content\/uploads\/2023\/05\/ai2-sep1.svg","contentUrl":"https:\/\/nubialabs.com\/wp-content\/uploads\/2023\/05\/ai2-sep1.svg"},{"@type":"BreadcrumbList","@id":"https:\/\/nubialabs.com\/en\/silenci-en-temps-de-soroll-exposicion-de-regina-saura-and-rita-roqueta\/#breadcrumb","itemListElement":[{"@type":"ListItem","position":1,"name":"Portada","item":"https:\/\/nubialabs.com\/en\/"},{"@type":"ListItem","position":2,"name":"Silenci en temps de soroll \u2013 Exposici\u00f3n de Regina Saura and Rita Roqueta"}]},{"@type":"WebSite","@id":"https:\/\/nubialabs.com\/en\/#website","url":"https:\/\/nubialabs.com\/en\/","name":"NubiaLabs","description":"Incubadora de proyectos art\u00edsticos","publisher":{"@id":"https:\/\/nubialabs.com\/en\/#organization"},"potentialAction":[{"@type":"SearchAction","target":{"@type":"EntryPoint","urlTemplate":"https:\/\/nubialabs.com\/en\/?s={search_term_string}"},"query-input":{"@type":"PropertyValueSpecification","valueRequired":true,"valueName":"search_term_string"}}],"inLanguage":"en-US"},{"@type":"Organization","@id":"https:\/\/nubialabs.com\/en\/#organization","name":"NubiaLabs","url":"https:\/\/nubialabs.com\/en\/","logo":{"@type":"ImageObject","inLanguage":"en-US","@id":"https:\/\/nubialabs.com\/en\/#\/schema\/logo\/image\/","url":"https:\/\/nubialabs.com\/wp-content\/uploads\/2023\/10\/Nubialabs_color.webp","contentUrl":"https:\/\/nubialabs.com\/wp-content\/uploads\/2023\/10\/Nubialabs_color.webp","width":2000,"height":2000,"caption":"NubiaLabs"},"image":{"@id":"https:\/\/nubialabs.com\/en\/#\/schema\/logo\/image\/"}}]}},"_links":{"self":[{"href":"https:\/\/nubialabs.com\/en\/wp-json\/wp\/v2\/pages\/5866","targetHints":{"allow":["GET"]}}],"collection":[{"href":"https:\/\/nubialabs.com\/en\/wp-json\/wp\/v2\/pages"}],"about":[{"href":"https:\/\/nubialabs.com\/en\/wp-json\/wp\/v2\/types\/page"}],"author":[{"embeddable":true,"href":"https:\/\/nubialabs.com\/en\/wp-json\/wp\/v2\/users\/7"}],"replies":[{"embeddable":true,"href":"https:\/\/nubialabs.com\/en\/wp-json\/wp\/v2\/comments?post=5866"}],"version-history":[{"count":6,"href":"https:\/\/nubialabs.com\/en\/wp-json\/wp\/v2\/pages\/5866\/revisions"}],"predecessor-version":[{"id":6023,"href":"https:\/\/nubialabs.com\/en\/wp-json\/wp\/v2\/pages\/5866\/revisions\/6023"}],"wp:attachment":[{"href":"https:\/\/nubialabs.com\/en\/wp-json\/wp\/v2\/media?parent=5866"}],"curies":[{"name":"wp","href":"https:\/\/api.w.org\/{rel}","templated":true}]}}