{"id":6025,"date":"2026-04-21T15:38:41","date_gmt":"2026-04-21T13:38:41","guid":{"rendered":"https:\/\/nubialabs.com\/?page_id=6025"},"modified":"2026-04-21T15:58:30","modified_gmt":"2026-04-21T13:58:30","slug":"simbiotica-pol-ros","status":"publish","type":"page","link":"https:\/\/nubialabs.com\/en\/simbiotica-pol-ros\/","title":{"rendered":"Simbi\u00f2tica &#8211; Pol Ros"},"content":{"rendered":"\t\t<div data-elementor-type=\"wp-page\" data-elementor-id=\"6025\" class=\"elementor elementor-6025 elementor-6024\">\n\t\t\t\t<div class=\"elementor-element elementor-element-f3a62cd e-flex e-con-boxed e-con e-parent\" data-id=\"f3a62cd\" data-element_type=\"container\">\n\t\t\t\t\t<div class=\"e-con-inner\">\n\t\t\t\t<div class=\"elementor-element elementor-element-025634e elementor-widget elementor-widget-heading\" data-id=\"025634e\" data-element_type=\"widget\" data-widget_type=\"heading.default\">\n\t\t\t\t<div class=\"elementor-widget-container\">\n\t\t\t\t\t<h1 class=\"elementor-heading-title elementor-size-default\">Simbi\u00f2tica - Pol Ros<\/h1>\t\t\t\t<\/div>\n\t\t\t\t<\/div>\n\t\t\t\t\t<\/div>\n\t\t\t\t<\/div>\n\t\t<div class=\"elementor-element elementor-element-0e89c7f e-flex e-con-boxed e-con e-parent\" data-id=\"0e89c7f\" data-element_type=\"container\">\n\t\t\t\t\t<div class=\"e-con-inner\">\n\t\t\t\t<div class=\"elementor-element elementor-element-7162d66 elementor-widget elementor-widget-image\" data-id=\"7162d66\" data-element_type=\"widget\" data-widget_type=\"image.default\">\n\t\t\t\t<div class=\"elementor-widget-container\">\n\t\t\t\t\t\t\t\t\t\t\t\t\t\t\t<img decoding=\"async\" src=\"https:\/\/nubialabs.com\/wp-content\/uploads\/2023\/05\/ai2-sep1.svg\" title=\"\" alt=\"\" loading=\"lazy\" \/>\t\t\t\t\t\t\t\t\t\t\t\t\t\t\t<\/div>\n\t\t\t\t<\/div>\n\t\t\t\t\t<\/div>\n\t\t\t\t<\/div>\n\t\t<div class=\"elementor-element elementor-element-8062903 e-flex e-con-boxed e-con e-parent\" data-id=\"8062903\" data-element_type=\"container\">\n\t\t\t\t\t<div class=\"e-con-inner\">\n\t\t\t\t<div class=\"elementor-element elementor-element-79f62ca elementor-widget elementor-widget-image\" data-id=\"79f62ca\" data-element_type=\"widget\" data-widget_type=\"image.default\">\n\t\t\t\t<div class=\"elementor-widget-container\">\n\t\t\t\t\t\t\t\t\t\t\t\t\t\t\t<img fetchpriority=\"high\" decoding=\"async\" width=\"768\" height=\"960\" src=\"https:\/\/nubialabs.com\/wp-content\/uploads\/2026\/04\/Version-ES-768x960-1.webp\" class=\"attachment-medium_large size-medium_large wp-image-6030\" alt=\"simbiotica\" srcset=\"https:\/\/nubialabs.com\/wp-content\/uploads\/2026\/04\/Version-ES-768x960-1.webp 768w, https:\/\/nubialabs.com\/wp-content\/uploads\/2026\/04\/Version-ES-768x960-1-400x500.webp 400w, https:\/\/nubialabs.com\/wp-content\/uploads\/2026\/04\/Version-ES-768x960-1-240x300.webp 240w, https:\/\/nubialabs.com\/wp-content\/uploads\/2026\/04\/Version-ES-768x960-1-60x75.webp 60w, https:\/\/nubialabs.com\/wp-content\/uploads\/2026\/04\/Version-ES-768x960-1-480x600.webp 480w\" sizes=\"(max-width:767px) 480px, (max-width:768px) 100vw, 768px\" \/>\t\t\t\t\t\t\t\t\t\t\t\t\t\t\t<\/div>\n\t\t\t\t<\/div>\n\t\t\t\t<div class=\"elementor-element elementor-element-37e2362 elementor-widget elementor-widget-text-editor\" data-id=\"37e2362\" data-element_type=\"widget\" data-widget_type=\"text-editor.default\">\n\t\t\t\t<div class=\"elementor-widget-container\">\n\t\t\t\t\t\t\t\t\t<p><strong>With the participation of cello player Asia Herz <\/strong><\/p><p>Simbi\u00f2tica, a project by artist Pol Ros developed in the framework of NUBIA Labs 2026, which explores the relationship between humans, technology and plant life through an audiovisual performance and an interactive installation.<\/p><p>The piece proposes a <strong>dialogue between species <\/strong>by capturing bioelectricity from plants, translated into real-time sound and visuals. Accompanied by the cellist Asia Herz, the project articulates an immersive experience in which sound, image and living matter interact, generating a poetic narrative about consciousness, nature and the boundaries between organic and artificial. <\/p><p>Through a system based on<strong> sensors, algorithms and tools <\/strong>such as TouchDesigner and Ableton, Simbiotica transforms plants into active agents within an audiovisual ecosystem, inviting the public to interact and be part of the process. The work unfolds as a modular structure that combines live performance and installation, exploring concepts such as culture, nature, consciousness and unconscious. <\/p><p>The project is part of a line of research that unites <strong>art, science and technology<\/strong> from an ecological and critical perspective, proposing a reflection on technology not as a tool of domination, rather as a means to reconnect with the plant world and generate new forms of perception and relationship.<\/p><h4>About the artists<\/h4><p><strong>Pol Ros<\/strong> desarrolla una pr\u00e1ctica multidisciplinar que integra lenguajes audiovisuales, m\u00fasica, arte pl\u00e1stico y pensamiento cr\u00edtico. Su trabajo investiga la relaci\u00f3n entre tecnolog\u00eda y naturaleza, explorando nuevas formas de interacci\u00f3n entre lo humano y lo no humano. A trav\u00e9s de sistemas interactivos y procesos generativos en tiempo real, crea experiencias inmersivas que sit\u00faan al espectador como parte activa del ecosistema art\u00edstico.  <\/p><p><strong>Asia Herz<\/strong> is a cello player trained at the Professional Conservatory of Vila-seca and at the Conservatory of the Liceu de Barcelona, with a career on national and international stages. His practice combines classical interpretation and contemporary experimentation. In Simbi\u00f2tica, his live intervention establishes a dialogue between instrument, technology and living organism, expanding the performative dimension of the work.  <\/p>\t\t\t\t\t\t\t\t<\/div>\n\t\t\t\t<\/div>\n\t\t\t\t\t<\/div>\n\t\t\t\t<\/div>\n\t\t<div class=\"elementor-element elementor-element-8689e13 e-flex e-con-boxed e-con e-parent\" data-id=\"8689e13\" data-element_type=\"container\">\n\t\t\t\t\t<div class=\"e-con-inner\">\n\t\t\t\t<div class=\"elementor-element elementor-element-226a2c2 elementor-arrows-position-inside elementor-pagination-position-outside elementor-widget elementor-widget-image-carousel\" data-id=\"226a2c2\" data-element_type=\"widget\" data-settings=\"{&quot;navigation&quot;:&quot;both&quot;,&quot;autoplay&quot;:&quot;yes&quot;,&quot;pause_on_hover&quot;:&quot;yes&quot;,&quot;pause_on_interaction&quot;:&quot;yes&quot;,&quot;autoplay_speed&quot;:5000,&quot;infinite&quot;:&quot;yes&quot;,&quot;speed&quot;:500}\" data-widget_type=\"image-carousel.default\">\n\t\t\t\t<div class=\"elementor-widget-container\">\n\t\t\t\t\t\t\t<div class=\"elementor-image-carousel-wrapper swiper\" role=\"region\" aria-roledescription=\"carousel\" aria-label=\"Carrusel de im\u00e1genes\" dir=\"ltr\">\n\t\t\t<div class=\"elementor-image-carousel swiper-wrapper\" aria-live=\"off\">\n\t\t\t\t\t\t\t\t<div class=\"swiper-slide\" role=\"group\" aria-roledescription=\"slide\" aria-label=\"1 of 6\"><figure class=\"swiper-slide-inner\"><img decoding=\"async\" class=\"swiper-slide-image\" src=\"https:\/\/nubialabs.com\/wp-content\/uploads\/2026\/04\/6-768x432.webp\" alt=\"Simbi\u00f2tica\" \/><\/figure><\/div><div class=\"swiper-slide\" role=\"group\" aria-roledescription=\"slide\" aria-label=\"2 of 6\"><figure class=\"swiper-slide-inner\"><img decoding=\"async\" class=\"swiper-slide-image\" src=\"https:\/\/nubialabs.com\/wp-content\/uploads\/2026\/04\/4-768x432.webp\" alt=\"Simbi\u00f2tica\" \/><\/figure><\/div><div class=\"swiper-slide\" role=\"group\" aria-roledescription=\"slide\" aria-label=\"3 of 6\"><figure class=\"swiper-slide-inner\"><img decoding=\"async\" class=\"swiper-slide-image\" src=\"https:\/\/nubialabs.com\/wp-content\/uploads\/2026\/04\/5-768x432.webp\" alt=\"Simbi\u00f2tica\" \/><\/figure><\/div><div class=\"swiper-slide\" role=\"group\" aria-roledescription=\"slide\" aria-label=\"4 of 6\"><figure class=\"swiper-slide-inner\"><img decoding=\"async\" class=\"swiper-slide-image\" src=\"https:\/\/nubialabs.com\/wp-content\/uploads\/2026\/04\/3-768x432.webp\" alt=\"Simbi\u00f2tica\" \/><\/figure><\/div><div class=\"swiper-slide\" role=\"group\" aria-roledescription=\"slide\" aria-label=\"5 of 6\"><figure class=\"swiper-slide-inner\"><img decoding=\"async\" class=\"swiper-slide-image\" src=\"https:\/\/nubialabs.com\/wp-content\/uploads\/2026\/04\/2-768x432.webp\" alt=\"Simbi\u00f2tica\" \/><\/figure><\/div><div class=\"swiper-slide\" role=\"group\" aria-roledescription=\"slide\" aria-label=\"6 of 6\"><figure class=\"swiper-slide-inner\"><img decoding=\"async\" class=\"swiper-slide-image\" src=\"https:\/\/nubialabs.com\/wp-content\/uploads\/2026\/04\/1-768x432.webp\" alt=\"Simbi\u00f2tica\" \/><\/figure><\/div>\t\t\t<\/div>\n\t\t\t\t\t\t\t\t\t\t\t\t<div class=\"elementor-swiper-button elementor-swiper-button-prev\" role=\"button\" tabindex=\"0\">\n\t\t\t\t\t\t<i aria-hidden=\"true\" class=\"eicon-chevron-left\"><\/i>\t\t\t\t\t<\/div>\n\t\t\t\t\t<div class=\"elementor-swiper-button elementor-swiper-button-next\" role=\"button\" tabindex=\"0\">\n\t\t\t\t\t\t<i aria-hidden=\"true\" class=\"eicon-chevron-right\"><\/i>\t\t\t\t\t<\/div>\n\t\t\t\t\n\t\t\t\t\t\t\t\t\t<div class=\"swiper-pagination\"><\/div>\n\t\t\t\t\t\t\t\t\t<\/div>\n\t\t\t\t\t\t<\/div>\n\t\t\t\t<\/div>\n\t\t\t\t\t<\/div>\n\t\t\t\t<\/div>\n\t\t\t\t<\/div>\n\t\t","protected":false},"excerpt":{"rendered":"<p>Simbi\u00f2tica &#8211; Pol Ros With the participation of cello player Asia Herz Simbi\u00f2tica, a project by artist Pol Ros developed in the framework of NUBIA Labs<span class=\"excerpt-hellip\"> [\u2026]<\/span><\/p>\n","protected":false},"author":7,"featured_media":0,"parent":0,"menu_order":0,"comment_status":"closed","ping_status":"closed","template":"","meta":{"footnotes":""},"class_list":["post-6025","page","type-page","status-publish","hentry"],"yoast_head":"<!-- This site is optimized with the Yoast SEO plugin v25.5 - https:\/\/yoast.com\/wordpress\/plugins\/seo\/ -->\n<title>Simbi\u00f2tica - Pol Ros<\/title>\n<meta name=\"description\" content=\"A project by artist Pol Ros, which explores the relationship between humans, technology and the plant world.\" \/>\n<meta name=\"robots\" content=\"index, follow, max-snippet:-1, max-image-preview:large, max-video-preview:-1\" \/>\n<link rel=\"canonical\" href=\"https:\/\/nubialabs.com\/en\/simbiotica-pol-ros\/\" \/>\n<meta property=\"og:locale\" content=\"en_US\" \/>\n<meta property=\"og:type\" content=\"article\" \/>\n<meta property=\"og:title\" content=\"Simbi\u00f2tica - Pol Ros\" \/>\n<meta property=\"og:description\" content=\"A project by artist Pol Ros, which explores the relationship between humans, technology and the plant world.\" \/>\n<meta property=\"og:url\" content=\"https:\/\/nubialabs.com\/en\/simbiotica-pol-ros\/\" \/>\n<meta property=\"og:site_name\" content=\"NubiaLabs\" \/>\n<meta property=\"article:modified_time\" content=\"2026-04-21T13:58:30+00:00\" \/>\n<meta property=\"og:image\" content=\"https:\/\/nubialabs.com\/wp-content\/uploads\/2023\/05\/ai2-sep1.svg\" \/>\n<meta name=\"twitter:card\" content=\"summary_large_image\" \/>\n<meta name=\"twitter:label1\" content=\"Est. reading time\" \/>\n\t<meta name=\"twitter:data1\" content=\"4 minutes\" \/>\n<script type=\"application\/ld+json\" class=\"yoast-schema-graph\">{\"@context\":\"https:\/\/schema.org\",\"@graph\":[{\"@type\":\"WebPage\",\"@id\":\"https:\/\/nubialabs.com\/en\/simbiotica-pol-ros\/\",\"url\":\"https:\/\/nubialabs.com\/en\/simbiotica-pol-ros\/\",\"name\":\"Simbi\u00f2tica - Pol Ros\",\"isPartOf\":{\"@id\":\"https:\/\/nubialabs.com\/en\/#website\"},\"primaryImageOfPage\":{\"@id\":\"https:\/\/nubialabs.com\/en\/simbiotica-pol-ros\/#primaryimage\"},\"image\":{\"@id\":\"https:\/\/nubialabs.com\/en\/simbiotica-pol-ros\/#primaryimage\"},\"thumbnailUrl\":\"https:\/\/nubialabs.com\/wp-content\/uploads\/2023\/05\/ai2-sep1.svg\",\"datePublished\":\"2026-04-21T13:38:41+00:00\",\"dateModified\":\"2026-04-21T13:58:30+00:00\",\"description\":\"A project by artist Pol Ros, which explores the relationship between humans, technology and the plant world.\",\"breadcrumb\":{\"@id\":\"https:\/\/nubialabs.com\/en\/simbiotica-pol-ros\/#breadcrumb\"},\"inLanguage\":\"en-US\",\"potentialAction\":[{\"@type\":\"ReadAction\",\"target\":[\"https:\/\/nubialabs.com\/en\/simbiotica-pol-ros\/\"]}]},{\"@type\":\"ImageObject\",\"inLanguage\":\"en-US\",\"@id\":\"https:\/\/nubialabs.com\/en\/simbiotica-pol-ros\/#primaryimage\",\"url\":\"https:\/\/nubialabs.com\/wp-content\/uploads\/2023\/05\/ai2-sep1.svg\",\"contentUrl\":\"https:\/\/nubialabs.com\/wp-content\/uploads\/2023\/05\/ai2-sep1.svg\"},{\"@type\":\"BreadcrumbList\",\"@id\":\"https:\/\/nubialabs.com\/en\/simbiotica-pol-ros\/#breadcrumb\",\"itemListElement\":[{\"@type\":\"ListItem\",\"position\":1,\"name\":\"Portada\",\"item\":\"https:\/\/nubialabs.com\/en\/\"},{\"@type\":\"ListItem\",\"position\":2,\"name\":\"Simbi\u00f2tica &#8211; Pol Ros\"}]},{\"@type\":\"WebSite\",\"@id\":\"https:\/\/nubialabs.com\/en\/#website\",\"url\":\"https:\/\/nubialabs.com\/en\/\",\"name\":\"NubiaLabs\",\"description\":\"Incubadora de proyectos art\u00edsticos\",\"publisher\":{\"@id\":\"https:\/\/nubialabs.com\/en\/#organization\"},\"potentialAction\":[{\"@type\":\"SearchAction\",\"target\":{\"@type\":\"EntryPoint\",\"urlTemplate\":\"https:\/\/nubialabs.com\/en\/?s={search_term_string}\"},\"query-input\":{\"@type\":\"PropertyValueSpecification\",\"valueRequired\":true,\"valueName\":\"search_term_string\"}}],\"inLanguage\":\"en-US\"},{\"@type\":\"Organization\",\"@id\":\"https:\/\/nubialabs.com\/en\/#organization\",\"name\":\"NubiaLabs\",\"url\":\"https:\/\/nubialabs.com\/en\/\",\"logo\":{\"@type\":\"ImageObject\",\"inLanguage\":\"en-US\",\"@id\":\"https:\/\/nubialabs.com\/en\/#\/schema\/logo\/image\/\",\"url\":\"https:\/\/nubialabs.com\/wp-content\/uploads\/2023\/10\/Nubialabs_color.webp\",\"contentUrl\":\"https:\/\/nubialabs.com\/wp-content\/uploads\/2023\/10\/Nubialabs_color.webp\",\"width\":2000,\"height\":2000,\"caption\":\"NubiaLabs\"},\"image\":{\"@id\":\"https:\/\/nubialabs.com\/en\/#\/schema\/logo\/image\/\"}}]}<\/script>\n<!-- \/ Yoast SEO plugin. -->","yoast_head_json":{"title":"Simbi\u00f2tica - Pol Ros","description":"A project by artist Pol Ros, which explores the relationship between humans, technology and the plant world.","robots":{"index":"index","follow":"follow","max-snippet":"max-snippet:-1","max-image-preview":"max-image-preview:large","max-video-preview":"max-video-preview:-1"},"canonical":"https:\/\/nubialabs.com\/en\/simbiotica-pol-ros\/","og_locale":"en_US","og_type":"article","og_title":"Simbi\u00f2tica - Pol Ros","og_description":"A project by artist Pol Ros, which explores the relationship between humans, technology and the plant world.","og_url":"https:\/\/nubialabs.com\/en\/simbiotica-pol-ros\/","og_site_name":"NubiaLabs","article_modified_time":"2026-04-21T13:58:30+00:00","og_image":[{"url":"https:\/\/nubialabs.com\/wp-content\/uploads\/2023\/05\/ai2-sep1.svg","type":"","width":"","height":""}],"twitter_card":"summary_large_image","twitter_misc":{"Est. reading time":"4 minutes"},"schema":{"@context":"https:\/\/schema.org","@graph":[{"@type":"WebPage","@id":"https:\/\/nubialabs.com\/en\/simbiotica-pol-ros\/","url":"https:\/\/nubialabs.com\/en\/simbiotica-pol-ros\/","name":"Simbi\u00f2tica - Pol Ros","isPartOf":{"@id":"https:\/\/nubialabs.com\/en\/#website"},"primaryImageOfPage":{"@id":"https:\/\/nubialabs.com\/en\/simbiotica-pol-ros\/#primaryimage"},"image":{"@id":"https:\/\/nubialabs.com\/en\/simbiotica-pol-ros\/#primaryimage"},"thumbnailUrl":"https:\/\/nubialabs.com\/wp-content\/uploads\/2023\/05\/ai2-sep1.svg","datePublished":"2026-04-21T13:38:41+00:00","dateModified":"2026-04-21T13:58:30+00:00","description":"A project by artist Pol Ros, which explores the relationship between humans, technology and the plant world.","breadcrumb":{"@id":"https:\/\/nubialabs.com\/en\/simbiotica-pol-ros\/#breadcrumb"},"inLanguage":"en-US","potentialAction":[{"@type":"ReadAction","target":["https:\/\/nubialabs.com\/en\/simbiotica-pol-ros\/"]}]},{"@type":"ImageObject","inLanguage":"en-US","@id":"https:\/\/nubialabs.com\/en\/simbiotica-pol-ros\/#primaryimage","url":"https:\/\/nubialabs.com\/wp-content\/uploads\/2023\/05\/ai2-sep1.svg","contentUrl":"https:\/\/nubialabs.com\/wp-content\/uploads\/2023\/05\/ai2-sep1.svg"},{"@type":"BreadcrumbList","@id":"https:\/\/nubialabs.com\/en\/simbiotica-pol-ros\/#breadcrumb","itemListElement":[{"@type":"ListItem","position":1,"name":"Portada","item":"https:\/\/nubialabs.com\/en\/"},{"@type":"ListItem","position":2,"name":"Simbi\u00f2tica &#8211; Pol Ros"}]},{"@type":"WebSite","@id":"https:\/\/nubialabs.com\/en\/#website","url":"https:\/\/nubialabs.com\/en\/","name":"NubiaLabs","description":"Incubadora de proyectos art\u00edsticos","publisher":{"@id":"https:\/\/nubialabs.com\/en\/#organization"},"potentialAction":[{"@type":"SearchAction","target":{"@type":"EntryPoint","urlTemplate":"https:\/\/nubialabs.com\/en\/?s={search_term_string}"},"query-input":{"@type":"PropertyValueSpecification","valueRequired":true,"valueName":"search_term_string"}}],"inLanguage":"en-US"},{"@type":"Organization","@id":"https:\/\/nubialabs.com\/en\/#organization","name":"NubiaLabs","url":"https:\/\/nubialabs.com\/en\/","logo":{"@type":"ImageObject","inLanguage":"en-US","@id":"https:\/\/nubialabs.com\/en\/#\/schema\/logo\/image\/","url":"https:\/\/nubialabs.com\/wp-content\/uploads\/2023\/10\/Nubialabs_color.webp","contentUrl":"https:\/\/nubialabs.com\/wp-content\/uploads\/2023\/10\/Nubialabs_color.webp","width":2000,"height":2000,"caption":"NubiaLabs"},"image":{"@id":"https:\/\/nubialabs.com\/en\/#\/schema\/logo\/image\/"}}]}},"_links":{"self":[{"href":"https:\/\/nubialabs.com\/en\/wp-json\/wp\/v2\/pages\/6025","targetHints":{"allow":["GET"]}}],"collection":[{"href":"https:\/\/nubialabs.com\/en\/wp-json\/wp\/v2\/pages"}],"about":[{"href":"https:\/\/nubialabs.com\/en\/wp-json\/wp\/v2\/types\/page"}],"author":[{"embeddable":true,"href":"https:\/\/nubialabs.com\/en\/wp-json\/wp\/v2\/users\/7"}],"replies":[{"embeddable":true,"href":"https:\/\/nubialabs.com\/en\/wp-json\/wp\/v2\/comments?post=6025"}],"version-history":[{"count":3,"href":"https:\/\/nubialabs.com\/en\/wp-json\/wp\/v2\/pages\/6025\/revisions"}],"predecessor-version":[{"id":6042,"href":"https:\/\/nubialabs.com\/en\/wp-json\/wp\/v2\/pages\/6025\/revisions\/6042"}],"wp:attachment":[{"href":"https:\/\/nubialabs.com\/en\/wp-json\/wp\/v2\/media?parent=6025"}],"curies":[{"name":"wp","href":"https:\/\/api.w.org\/{rel}","templated":true}]}}